{"id":1340,"date":"2026-01-27T16:22:29","date_gmt":"2026-01-27T08:22:29","guid":{"rendered":"https:\/\/taizynut.com\/?post_type=product&#038;p=1340"},"modified":"2026-01-27T17:04:37","modified_gmt":"2026-01-27T09:04:37","slug":"walnut-shell-and-kernel-separator","status":"publish","type":"product","link":"https:\/\/taizynut.com\/fr\/product\/walnut-shell-and-kernel-separator\/","title":{"rendered":"S\u00e9parateur de coquilles et de noyaux de noix"},"content":{"rendered":"<p class=\"translation-block\">Le<strong>s\u00e9parateur de coquilles et de noyaux de noix<\/strong>est utilis\u00e9 pour s\u00e9parer rapidement les noix cass\u00e9es en noyaux propres et coquilles. Cette machine de s\u00e9paration des coquilles et noyaux convient non seulement aux noix, mais est \u00e9galement largement utilis\u00e9e pour s\u00e9parer les coquilles et noyaux d'autres noix telles que les amandes, les noisettes et les noix de p\u00e9can.<\/p>    <p>Notre machine de s\u00e9paration des coquilles et des noyaux de noix est fabriqu\u00e9e en acier au carbone de haute qualit\u00e9, la rendant robuste, r\u00e9sistante \u00e0 l'usure et durable avec une longue dur\u00e9e de vie. De plus, elle offre une haute efficacit\u00e9 de traitement, avec une capacit\u00e9 de 400 kg\/h. C'est une machine cl\u00e9 dans les lignes de traitement primaires et avanc\u00e9es pour les noix.<\/p>    <figure class=\"wp-block-embed is-type-video is-provider-youtube wp-block-embed-youtube wp-embed-aspect-16-9 wp-has-aspect-ratio\"><div class=\"wp-block-embed__wrapper\"> <iframe loading=\"lazy\" title=\"Automatic walnut shell kernel separating machine | How does walnut shell &amp; kernel separator work?\" width=\"500\" height=\"281\" src=\"https:\/\/www.youtube.com\/embed\/zU41kX0cjK8?feature=oembed\" frameborder=\"0\" allow=\"accelerometer; autoplay; clipboard-write; encrypted-media; gyroscope; picture-in-picture; web-share\" referrerpolicy=\"strict-origin-when-cross-origin\" allowfullscreen><\/iframe> <\/div><figcaption class=\"wp-element-caption\">Vid\u00e9o de fonctionnement du s\u00e9parateur de coquilles et de noyaux de noix<\/figcaption><\/figure>    <h2 class=\"wp-block-heading\"><strong>Principaux avantages du s\u00e9parateur de coquilles et de noyaux de noix<\/strong><\/h2>    <ul class=\"wp-block-list\"> <li>L'\u00e9quipement <strong>Utilise la diff\u00e9rence de poids<\/strong> entre les coquilles et les noyaux de noix pour la s\u00e9paration. Le processus de s\u00e9paration est continu, ce qui entra\u00eene un faible pourcentage de coquilles r\u00e9siduelles dans le produit fini.<\/li>    <li>Tout le processus de s\u00e9paration ne repose pas sur des impacts forts, ce qui est efficace <strong>prot\u00e9geant l'int\u00e9grit\u00e9 des noyaux de noix<\/strong> et les rend adapt\u00e9es au tri et \u00e0 l'emballage ult\u00e9rieurs.<\/li>    <li>Notre machine de s\u00e9paration des coquilles et des noyaux de noix a une disposition raisonnable, <strong>occupe une petite empreinte, et fonctionne de mani\u00e8re stable<\/strong>, r\u00e9pondant aux besoins du traitement \u00e0 long terme.<\/li>    <li>Notre machine de s\u00e9paration des coquilles et des noyaux de noix a une <strong>Large gamme d'applications<\/strong>Il convient \u00e0 divers noix telles que les noix, les amandes, les noisettes et les noix de p\u00e9can.<\/li>    <li>Il peut \u00eatre combin\u00e9 avec une machine de d\u00e9corticage de noix, une machine de tamisage et une machine de tri des noyaux pour former une ligne de production, r\u00e9alisant <strong>Production continue de d\u00e9corticage, s\u00e9paration et tri des noix<\/strong>.<\/li> <\/ul>    <figure class=\"wp-block-gallery has-nested-images columns-default is-cropped wp-block-gallery-2 is-layout-flex wp-block-gallery-is-layout-flex\"> <figure class=\"wp-block-image size-large\"><img loading=\"lazy\" decoding=\"async\" width=\"720\" height=\"540\" data-id=\"1303\" src=\"https:\/\/taizynut.com\/wp-content\/uploads\/2026\/01\/almond-shell-and-kernel-separator-machine.webp\" alt=\"S\u00e9parateur de coque et de noyau de noix\" class=\"wp-image-1303\" title=\"\" srcset=\"https:\/\/taizynut.com\/wp-content\/uploads\/2026\/01\/almond-shell-and-kernel-separator-machine.webp 720w, https:\/\/taizynut.com\/wp-content\/uploads\/2026\/01\/almond-shell-and-kernel-separator-machine-300x225.webp 300w, https:\/\/taizynut.com\/wp-content\/uploads\/2026\/01\/almond-shell-and-kernel-separator-machine-16x12.webp 16w\" sizes=\"auto, (max-width: 720px) 100vw, 720px\" \/><figcaption class=\"wp-element-caption\">S\u00e9parateur de coquilles et de noyaux de noix<\/figcaption><\/figure>    <figure class=\"wp-block-image size-large\"><img loading=\"lazy\" decoding=\"async\" width=\"1024\" height=\"683\" data-id=\"1305\" src=\"https:\/\/taizynut.com\/wp-content\/uploads\/2026\/01\/almond-shell-and-kernel-separator-1024x683.webp\" alt=\"Machine de s\u00e9paration de la coque et du noyau de noix\" class=\"wp-image-1305\" title=\"\" srcset=\"https:\/\/taizynut.com\/wp-content\/uploads\/2026\/01\/almond-shell-and-kernel-separator-1024x683.webp 1024w, https:\/\/taizynut.com\/wp-content\/uploads\/2026\/01\/almond-shell-and-kernel-separator-300x200.webp 300w, https:\/\/taizynut.com\/wp-content\/uploads\/2026\/01\/almond-shell-and-kernel-separator-768x513.webp 768w, https:\/\/taizynut.com\/wp-content\/uploads\/2026\/01\/almond-shell-and-kernel-separator-18x12.webp 18w, https:\/\/taizynut.com\/wp-content\/uploads\/2026\/01\/almond-shell-and-kernel-separator-1536x1025.webp 1536w, https:\/\/taizynut.com\/wp-content\/uploads\/2026\/01\/almond-shell-and-kernel-separator-2048x1367.webp 2048w\" sizes=\"auto, (max-width: 1024px) 100vw, 1024px\" \/><figcaption class=\"wp-element-caption\">Machine de s\u00e9paration des coquilles et des noyaux de noix<\/figcaption><\/figure> <\/figure>    <h2 class=\"wp-block-heading\"><strong>Application de la machine de s\u00e9paration des coquilles et des noyaux de noix<\/strong><\/h2>    <p>Notre s\u00e9parateur de coquilles et de noyaux de noix n'est pas limit\u00e9 au traitement des noix ; il peut \u00e9galement \u00eatre utilis\u00e9 pour diverses mati\u00e8res premi\u00e8res de noix, y compris mais sans s'y limiter : noix, amandes, noisettes, noix de p\u00e9can, et autres noix d\u00e9cortiqu\u00e9es. Avec des ajustements simples en fonction des caract\u00e9ristiques du mat\u00e9riau, d'excellents r\u00e9sultats de s\u00e9paration peuvent \u00eatre obtenus.<\/p>   <div class=\"wp-block-image\"> <figure class=\"aligncenter size-full\"><img loading=\"lazy\" decoding=\"async\" width=\"720\" height=\"540\" src=\"https:\/\/taizynut.com\/wp-content\/uploads\/2026\/01\/aapplication-of-nut-shell-and-kernel-separator.webp\" alt=\"Application du s\u00e9parateur de coquilles et de noyaux de noix\" class=\"wp-image-1362\" title=\"\" srcset=\"https:\/\/taizynut.com\/wp-content\/uploads\/2026\/01\/aapplication-of-nut-shell-and-kernel-separator.webp 720w, https:\/\/taizynut.com\/wp-content\/uploads\/2026\/01\/aapplication-of-nut-shell-and-kernel-separator-300x225.webp 300w, https:\/\/taizynut.com\/wp-content\/uploads\/2026\/01\/aapplication-of-nut-shell-and-kernel-separator-16x12.webp 16w\" sizes=\"auto, (max-width: 720px) 100vw, 720px\" \/><figcaption class=\"wp-element-caption\">Application du s\u00e9parateur de coquilles et de noyaux de noix<\/figcaption><\/figure> <\/div>   <h2 class=\"wp-block-heading\"><strong>Param\u00e8tres du s\u00e9parateur de coquilles et de noyaux de noix<\/strong><\/h2>    <p>Pour aider les clients \u00e0 mieux comprendre les performances du s\u00e9parateur de coquilles et de noyaux de noix, les principaux param\u00e8tres techniques de l'\u00e9quipement sont list\u00e9s ci-dessous :<\/p>    <figure class=\"wp-block-table\"><table class=\"has-fixed-layout\"><tbody><tr><td>Capacit\u00e9<\/td><td>400kg\/h<\/td><\/tr><tr><td>Pouvoir<\/td><td>3 kW<\/td><\/tr><tr><td>Tension<\/td><td>380v\/50hz<\/td><\/tr><tr><td>Mat\u00e9riau de la machine<\/td><td>Acier au carbone<\/td><\/tr><tr><td>Taille de la machine<\/td><td>2,2*0,8*1,6m<\/td><\/tr><\/tbody><\/table><figcaption class=\"wp-element-caption\">Param\u00e8tres de la machine de s\u00e9paration des coquilles et des noyaux de noix<\/figcaption><\/figure>    <h2 class=\"wp-block-heading\"><strong>Comment fonctionne le s\u00e9parateur de coquilles et de noyaux de noix ?<\/strong><\/h2>    <p>Le s\u00e9parateur de coquilles et de noyaux de noix utilise le principe de s\u00e9paration par poids pour s\u00e9parer les coquilles des noyaux. Pendant le fonctionnement, le m\u00e9lange coquilles et noyaux entre dans un \u00e9cran vibrant. Sous l'effet de la vibration, le m\u00e9lange se stratifie, les noyaux de noix plus lourds montent vers le haut et sont \u00e9vacu\u00e9s, tandis que les coquilles plus l\u00e9g\u00e8res descendent et sont s\u00e9par\u00e9es et \u00e9vacu\u00e9es.<\/p>    <figure class=\"wp-block-gallery has-nested-images columns-default is-cropped wp-block-gallery-3 is-layout-flex wp-block-gallery-is-layout-flex\"> <figure class=\"wp-block-image size-large\"><img loading=\"lazy\" decoding=\"async\" width=\"720\" height=\"540\" data-id=\"1341\" src=\"https:\/\/taizynut.com\/wp-content\/uploads\/2026\/01\/before-separation.webp\" alt=\"Le s\u00e9parateur de coquilles et de noyaux de noix Taizy peut s\u00e9parer la coquille de noix \u00e9cras\u00e9e du noyau. Sa capacit\u00e9 est de 400 kg\/h et il convient aux noix, amandes et noisettes.\" class=\"wp-image-1341\" title=\"\" srcset=\"https:\/\/taizynut.com\/wp-content\/uploads\/2026\/01\/before-separation.webp 720w, https:\/\/taizynut.com\/wp-content\/uploads\/2026\/01\/before-separation-300x225.webp 300w, https:\/\/taizynut.com\/wp-content\/uploads\/2026\/01\/before-separation-16x12.webp 16w\" sizes=\"auto, (max-width: 720px) 100vw, 720px\" \/><figcaption class=\"wp-element-caption\">Avant la s\u00e9paration<\/figcaption><\/figure>    <figure class=\"wp-block-image size-large\"><img loading=\"lazy\" decoding=\"async\" width=\"1024\" height=\"683\" data-id=\"1300\" src=\"https:\/\/taizynut.com\/wp-content\/uploads\/2026\/01\/almond-shell-kernel-separating-equipment-1024x683.webp\" alt=\"Machine de s\u00e9paration de la coque et du noyau de noix\" class=\"wp-image-1300\" title=\"\" srcset=\"https:\/\/taizynut.com\/wp-content\/uploads\/2026\/01\/almond-shell-kernel-separating-equipment-1024x683.webp 1024w, https:\/\/taizynut.com\/wp-content\/uploads\/2026\/01\/almond-shell-kernel-separating-equipment-300x200.webp 300w, https:\/\/taizynut.com\/wp-content\/uploads\/2026\/01\/almond-shell-kernel-separating-equipment-768x513.webp 768w, https:\/\/taizynut.com\/wp-content\/uploads\/2026\/01\/almond-shell-kernel-separating-equipment-18x12.webp 18w, https:\/\/taizynut.com\/wp-content\/uploads\/2026\/01\/almond-shell-kernel-separating-equipment-1536x1025.webp 1536w, https:\/\/taizynut.com\/wp-content\/uploads\/2026\/01\/almond-shell-kernel-separating-equipment-2048x1367.webp 2048w\" sizes=\"auto, (max-width: 1024px) 100vw, 1024px\" \/><figcaption class=\"wp-element-caption\">Walnut Shell &Amp; Kernel Separating Machine<\/figcaption><\/figure>    <figure class=\"wp-block-image size-large\"><img loading=\"lazy\" decoding=\"async\" width=\"720\" height=\"540\" data-id=\"1342\" src=\"https:\/\/taizynut.com\/wp-content\/uploads\/2026\/01\/after-separation.webp\" alt=\"Le s\u00e9parateur de coquilles et de noyaux de noix Taizy peut s\u00e9parer la coquille de noix \u00e9cras\u00e9e du noyau. Sa capacit\u00e9 est de 400 kg\/h et il convient pour les noix, amandes, noisettes.\" class=\"wp-image-1342\" title=\"\" srcset=\"https:\/\/taizynut.com\/wp-content\/uploads\/2026\/01\/after-separation.webp 720w, https:\/\/taizynut.com\/wp-content\/uploads\/2026\/01\/after-separation-300x225.webp 300w, https:\/\/taizynut.com\/wp-content\/uploads\/2026\/01\/after-separation-16x12.webp 16w\" sizes=\"auto, (max-width: 720px) 100vw, 720px\" \/><figcaption class=\"wp-element-caption\">Apr\u00e8s s\u00e9paration<\/figcaption><\/figure> <\/figure>    <h2 class=\"wp-block-heading\"><strong>Ligne de production associ\u00e9e au s\u00e9parateur de coquilles et de noyaux de noix<\/strong><\/h2>    <p>En plus d'\u00eatre utilis\u00e9 de mani\u00e8re ind\u00e9pendante, le s\u00e9parateur de coquilles et de noyaux de noix est souvent int\u00e9gr\u00e9 avec l'\u00e9quipement suivant pour former une ligne de production compl\u00e8te de d\u00e9corticage de noix :<\/p>    <ul class=\"wp-block-list\"> <li>Machine de tri des noix<\/li>    <li><a href=\"https:\/\/taizynut.com\/fr\/product\/walnut-shelling-machine\/\">Machine de d\u00e9corticage de noix<\/a><\/li>    <li>S\u00e9parateur de coquilles et de noyaux de noix<\/li>    <li>Machine de tri des noyaux de noix<\/li> <\/ul>    <p>L'ensemble de la ligne de production peut fonctionner en continu du tri et d\u00e9corticage \u00e0 la s\u00e9paration et tri des noyaux, am\u00e9liorant consid\u00e9rablement l'efficacit\u00e9 globale du traitement.<\/p>    <h2 class=\"wp-block-heading\"><strong>FAQ du s\u00e9parateur de coquilles et de noyaux de noix<\/strong><\/h2>   <div id=\"rank-math-faq\" class=\"rank-math-block\"> <div class=\"rank-math-list\"> <div id=\"faq-question-1769136321058\" class=\"rank-math-list-item\"> <h3 class=\"rank-math-question\">Quels mat\u00e9riaux peuvent \u00eatre trait\u00e9s ?<\/h3> <div class=\"rank-math-answer\">  <p>Convient \u00e0 diverses noix d\u00e9cortiqu\u00e9es telles que noix, amandes, noisettes et noix de p\u00e9can.<\/p>  <\/div> <\/div> <div id=\"faq-question-1769136394177\" class=\"rank-math-list-item\"> <h3 class=\"rank-math-question\">Le taux de casse des noyaux de noix est-il \u00e9lev\u00e9 ?<\/h3> <div class=\"rank-math-answer\">  <p>La m\u00e9thode de s\u00e9paration douce entra\u00eene un faible taux de dommages aux noyaux de noix.<\/p>  <\/div> <\/div> <div id=\"faq-question-1769136470144\" class=\"rank-math-list-item\"> <h3 class=\"rank-math-question\">La tension peut-elle \u00eatre personnalis\u00e9e ?<\/h3> <div class=\"rank-math-answer\">  <p>Une tension personnalis\u00e9e est disponible.<\/p>  <\/div> <\/div> <div id=\"faq-question-1769136507280\" class=\"rank-math-list-item\"> <h3 class=\"rank-math-question\">Une ligne compl\u00e8te de d\u00e9corticage de noix est-elle fournie ?<\/h3> <div class=\"rank-math-answer\">  <p>Nous proposons des lignes de production compl\u00e8tes et des options personnalisables.<\/p>  <\/div> <\/div> <\/div> <\/div>   <h2 class=\"wp-block-heading\"><strong>Contactez-nous d\u00e8s maintenant pour commencer !<\/strong><\/h2>    <p>Si vous recherchez un s\u00e9parateur de coquilles et de noyaux de noix efficace ou souhaitez mettre en place une ligne de traitement compl\u00e8te, contactez-nous. Nous pouvons vous fournir des solutions adapt\u00e9es et un support technique en fonction de vos mati\u00e8res premi\u00e8res, de vos besoins en capacit\u00e9 de production et de vos sc\u00e9narios d'application.<\/p>","protected":false},"excerpt":{"rendered":"<p>This article mainly introduces the walnut shell and kernel separator. Taizy walnut shell and kernel separation machine can separate broken walnut shells from the kernels. This machine has a capacity of 400 kg\/hour and is suitable for nuts such as walnuts, almonds, and hazelnuts.<\/p>","protected":false},"author":1,"featured_media":1361,"parent":0,"template":"","tags":[61,76],"product-type":[77],"class_list":["post-1340","product","type-product","status-publish","has-post-thumbnail","hentry","tag-nut","tag-walnut","product-type-walnut-processing"],"_links":{"self":[{"href":"https:\/\/taizynut.com\/fr\/wp-json\/wp\/v2\/product\/1340","targetHints":{"allow":["GET"]}}],"collection":[{"href":"https:\/\/taizynut.com\/fr\/wp-json\/wp\/v2\/product"}],"about":[{"href":"https:\/\/taizynut.com\/fr\/wp-json\/wp\/v2\/types\/product"}],"author":[{"embeddable":true,"href":"https:\/\/taizynut.com\/fr\/wp-json\/wp\/v2\/users\/1"}],"wp:featuredmedia":[{"embeddable":true,"href":"https:\/\/taizynut.com\/fr\/wp-json\/wp\/v2\/media\/1361"}],"wp:attachment":[{"href":"https:\/\/taizynut.com\/fr\/wp-json\/wp\/v2\/media?parent=1340"}],"wp:term":[{"taxonomy":"post_tag","embeddable":true,"href":"https:\/\/taizynut.com\/fr\/wp-json\/wp\/v2\/tags?post=1340"},{"taxonomy":"product-type","embeddable":true,"href":"https:\/\/taizynut.com\/fr\/wp-json\/wp\/v2\/product-type?post=1340"}],"curies":[{"name":"wp","href":"https:\/\/api.w.org\/{rel}","templated":true}]}}