{"id":1343,"date":"2026-01-27T16:19:23","date_gmt":"2026-01-27T08:19:23","guid":{"rendered":"https:\/\/taizynut.com\/?post_type=product&#038;p=1343"},"modified":"2026-01-29T14:42:49","modified_gmt":"2026-01-29T06:42:49","slug":"1000kg-walnut-shelling-line","status":"publish","type":"product","link":"https:\/\/taizynut.com\/fr\/product\/1000kg-walnut-shelling-line\/","title":{"rendered":"Ligne de d\u00e9corticage de noix de 1000 kg\/h"},"content":{"rendered":"<p class=\"translation-block\">Taizy <strong>ligne de d\u00e9corticage de noix<\/strong> est une ligne de production automatis\u00e9e qui int\u00e8gre le tri, le d\u00e9corticage, la s\u00e9paration coquille-noyau, et le tri des noyaux. Toute la ligne de production a une capacit\u00e9 stable allant jusqu'\u00e0 1000 kg\/h. En plus des noix, cette ligne convient \u00e9galement au traitement des noix de macadamia.<\/p>    <figure class=\"wp-block-embed is-type-video is-provider-youtube wp-block-embed-youtube wp-embed-aspect-16-9 wp-has-aspect-ratio\"><div class=\"wp-block-embed__wrapper\"> <iframe loading=\"lazy\" title=\"D\u00e9monstration de la ligne de d\u00e9corticage automatique de noix de 1000 kg\/h | \u00c9quipement efficace de traitement des noix#noix\" width=\"500\" height=\"281\" src=\"https:\/\/www.youtube.com\/embed\/eRGeQ0J158M?feature=oembed\" frameborder=\"0\" allow=\"accelerometer; autoplay; clipboard-write; encrypted-media; gyroscope; picture-in-picture; web-share\" referrerpolicy=\"strict-origin-when-cross-origin\" allowfullscreen><\/iframe> <\/div><figcaption class=\"wp-element-caption\">Vid\u00e9o de travail de la ligne de d\u00e9corticage de noix<\/figcaption><\/figure>    <h2 class=\"wp-block-heading\"><strong>Avantages de la ligne de traitement des noix<\/strong><\/h2>    <ul class=\"wp-block-list\"> <li><strong>Haut degr\u00e9 d'automatisation<\/strong>: La ligne de d\u00e9corticage compl\u00e8te peut r\u00e9aliser tout, de l'alimentation au tri des noyaux de noix, r\u00e9duisant la main-d'\u0153uvre et am\u00e9liorant l'efficacit\u00e9 du traitement.<\/li>    <li><strong>Production stable<\/strong>: Notre ligne de traitement des noix a une productivit\u00e9 stable, avec une capacit\u00e9 de traitement allant jusqu'\u00e0 1 tonne\/heure.<\/li>    <li><strong>Faible taux de casse des noyaux<\/strong>: La structure de s\u00e9paration de coquilles et de noyaux de cette ligne est bien con\u00e7ue, r\u00e9duisant efficacement le taux de casse des noyaux.<\/li>    <li><strong>Large gamme d'applications<\/strong>: Notre ligne de retrait de coquilles de noix n'est pas seulement adapt\u00e9e aux noix, mais aussi au traitement des noix de macadamia.<\/li>    <li><strong>Personnalisation disponible<\/strong>: Nous pouvons fournir des conceptions personnalis\u00e9es en fonction de la taille de la mati\u00e8re premi\u00e8re, de la tension, et de la disposition du site.<\/li> <\/ul>   <div class=\"wp-block-image\"> <figure class=\"aligncenter size-full\"><img loading=\"lazy\" decoding=\"async\" width=\"720\" height=\"540\" src=\"https:\/\/taizynut.com\/wp-content\/uploads\/2026\/01\/walnut-shelling-line.webp\" alt=\"Ligne de d\u00e9corticage de noix\" class=\"wp-image-1344\" title=\"\" srcset=\"https:\/\/taizynut.com\/wp-content\/uploads\/2026\/01\/walnut-shelling-line.webp 720w, https:\/\/taizynut.com\/wp-content\/uploads\/2026\/01\/walnut-shelling-line-300x225.webp 300w, https:\/\/taizynut.com\/wp-content\/uploads\/2026\/01\/walnut-shelling-line-16x12.webp 16w\" sizes=\"auto, (max-width: 720px) 100vw, 720px\" \/><figcaption class=\"wp-element-caption\">Ligne de d\u00e9corticage de noix<\/figcaption><\/figure> <\/div>   <h2 class=\"wp-block-heading\"><strong>\u00c9quipement principal pour la ligne de traitement des noix<\/strong><\/h2>    <p>Notre \u00e9quipement de ligne de d\u00e9corticage de noix peut \u00eatre configur\u00e9 selon les besoins du client. La configuration standard est la suivante :<\/p>    <ul class=\"wp-block-list\"> <li>Machine de tri des noix<\/li>    <li>Machine de d\u00e9corticage de noix<\/li>    <li>S\u00e9parateur de coquilles et de noyaux de noix<\/li>    <li>Machine de tri des noyaux de noix<\/li> <\/ul>    <h2 class=\"wp-block-heading\"><strong>Principal<\/strong> <strong>\u00c9tapes pour d\u00e9cortiquer les noix<\/strong><\/h2>    <p>Dans le processus de traitement des noix, un flux de processus raisonnable est crucial pour assurer l'efficacit\u00e9 du d\u00e9corticage et la qualit\u00e9 du produit. La ligne de d\u00e9corticage de noix Taizy adopte une conception continue et automatis\u00e9e, avec un fonctionnement stable \u00e0 chaque \u00e9tape, de l'entr\u00e9e de la mati\u00e8re premi\u00e8re \u00e0 la sortie du produit fini. Les \u00e9tapes de la ligne de production de d\u00e9corticage de noix sont les suivantes :<\/p>    <p class=\"translation-block\"><strong>Tri des noix \u2192 d\u00e9corticage \u2192 s\u00e9paration coquille et noyau \u2192 tri des noyaux de noix.<\/strong><\/p>   <div class=\"wp-block-image\"> <figure class=\"aligncenter size-full\"><img loading=\"lazy\" decoding=\"async\" width=\"720\" height=\"540\" src=\"https:\/\/taizynut.com\/wp-content\/uploads\/2026\/01\/walnut-processing-line.webp\" alt=\"ligne de traitement des noix\" class=\"wp-image-1345\" title=\"\" srcset=\"https:\/\/taizynut.com\/wp-content\/uploads\/2026\/01\/walnut-processing-line.webp 720w, https:\/\/taizynut.com\/wp-content\/uploads\/2026\/01\/walnut-processing-line-300x225.webp 300w, https:\/\/taizynut.com\/wp-content\/uploads\/2026\/01\/walnut-processing-line-16x12.webp 16w\" sizes=\"auto, (max-width: 720px) 100vw, 720px\" \/><figcaption class=\"wp-element-caption\">ligne de traitement des noix<\/figcaption><\/figure> <\/div>   <h3 class=\"wp-block-heading\"><strong>\u00c9tape 1 : Tri des noix<\/strong><\/h3>    <p>Les noix brutes sont d'abord introduites dans la machine de tri via un \u00e9l\u00e9vateur d'alimentation, o\u00f9 elles sont tri\u00e9es par diam\u00e8tre. Ce processus de tri assure une r\u00e9partition uniforme de la force lors du d\u00e9corticage ult\u00e9rieur, r\u00e9duisant efficacement le taux de casse des noyaux.<\/p>    <p>L'\u00e9quipement utilis\u00e9 \u00e0 cette \u00e9tape est la machine de tri des noix. Ses param\u00e8tres sont les suivants :<\/p>    <div class=\"wp-block-media-text is-stacked-on-mobile\"><figure class=\"wp-block-media-text__media\"><img loading=\"lazy\" decoding=\"async\" width=\"720\" height=\"540\" src=\"https:\/\/taizynut.com\/wp-content\/uploads\/2025\/12\/alomond-grading-machine.webp\" alt=\"walnut grading machine\" class=\"wp-image-1151 size-full\" title=\"\" srcset=\"https:\/\/taizynut.com\/wp-content\/uploads\/2025\/12\/alomond-grading-machine.webp 720w, https:\/\/taizynut.com\/wp-content\/uploads\/2025\/12\/alomond-grading-machine-300x225.webp 300w, https:\/\/taizynut.com\/wp-content\/uploads\/2025\/12\/alomond-grading-machine-16x12.webp 16w\" sizes=\"auto, (max-width: 720px) 100vw, 720px\" \/><\/figure><div class=\"wp-block-media-text__content\"> <p class=\"translation-block\"><strong>Machine de tri des noix<\/strong><\/p>    <p>Capacit\u00e9 de production : 1000 kg\/h<br>Dimensions : 5,5*1,1*2,5 m<br>Poids : 2300kg<br>Mat\u00e9riau : Acier au carbone<br>Puissance du moteur : 2,2 kW<br>Tension : 380V\/50Hz<br>Mat\u00e9riau : Acier au carbone<br>Ps : Divis\u00e9 en quatre niveaux<\/p> <\/div><\/div>    <h3 class=\"wp-block-heading\"><strong>\u00c9tape 2 : D\u00e9corticage de noix<\/strong><\/h3>    <p class=\"translation-block\">Les noix tri\u00e9es sont introduites dans les <a href=\"https:\/\/taizynut.com\/fr\/product\/walnut-shelling-machine\/\">machines de d\u00e9corticage de noix<\/a>. Diff\u00e9rentes machines de d\u00e9corticage sont con\u00e7ues pour traiter des noix de diff\u00e9rentes tailles, atteignant un \u00e9quilibre entre un taux de d\u00e9corticage \u00e9lev\u00e9 et un faible taux de casse des noyaux.<\/p>    <p>Notre machine de retrait de coquilles de noix se caract\u00e9rise par sa rapidit\u00e9 et son efficacit\u00e9. En plus du traitement des noix, elle peut \u00e9galement \u00eatre utilis\u00e9e pour traiter des noix de macadamia. Ses sp\u00e9cifications sont les suivantes :<\/p>    <div class=\"wp-block-media-text is-stacked-on-mobile\"><figure class=\"wp-block-media-text__media\"><img loading=\"lazy\" decoding=\"async\" width=\"720\" height=\"540\" src=\"https:\/\/taizynut.com\/wp-content\/uploads\/2026\/01\/walnut-shelling-machine.webp\" alt=\"Machine \u00e0 d\u00e9pel\u00e9 de noix\" class=\"wp-image-1330 size-full\" title=\"\" srcset=\"https:\/\/taizynut.com\/wp-content\/uploads\/2026\/01\/walnut-shelling-machine.webp 720w, https:\/\/taizynut.com\/wp-content\/uploads\/2026\/01\/walnut-shelling-machine-300x225.webp 300w, https:\/\/taizynut.com\/wp-content\/uploads\/2026\/01\/walnut-shelling-machine-16x12.webp 16w\" sizes=\"auto, (max-width: 720px) 100vw, 720px\" \/><\/figure><div class=\"wp-block-media-text__content\"> <p class=\"translation-block\"><strong>D\u00e9cortiqueuse de noix<\/strong><\/p>    <p>Capacit\u00e9 de production : 400 kg\/h<br>Dimensions : 2,2*0,8*1,6 m<br>Puissance : 3kw<br>Tension : 380V\/50Hz<br>Mat\u00e9riau : Acier au carbone<br>: PS : La quantit\u00e9 peut \u00eatre s\u00e9lectionn\u00e9e selon les besoins.<\/p> <\/div><\/div>    <h3 class=\"wp-block-heading\"><strong>\u00c9tape 3 : S\u00e9paration de la coquille et du noyau de noix<\/strong><\/h3>    <p>Le m\u00e9lange de coquilles et de noyaux, apr\u00e8s d\u00e9corticage, entre dans la machine de s\u00e9paration coquille-noyau. Cette machine utilise les diff\u00e9rences de poids et de surface entre les coquilles et les noyaux de noix pour les s\u00e9parer efficacement, ce qui donne des noyaux de noix relativement propres.<\/p>    <p>Ce s\u00e9parateur de coquilles et de noyaux a une large gamme d'applications et convient aux noix, amandes, noix de p\u00e9can, noix de macadamia, etc. Les informations d\u00e9taill\u00e9es sont les suivantes :<\/p>    <div class=\"wp-block-media-text is-stacked-on-mobile\"><figure class=\"wp-block-media-text__media\"><img loading=\"lazy\" decoding=\"async\" width=\"720\" height=\"540\" src=\"https:\/\/taizynut.com\/wp-content\/uploads\/2026\/01\/almond-shell-and-kernel-separator-machine.webp\" alt=\"S\u00e9parateur de coque et de noyau de noix\" class=\"wp-image-1303 size-full\" title=\"\" srcset=\"https:\/\/taizynut.com\/wp-content\/uploads\/2026\/01\/almond-shell-and-kernel-separator-machine.webp 720w, https:\/\/taizynut.com\/wp-content\/uploads\/2026\/01\/almond-shell-and-kernel-separator-machine-300x225.webp 300w, https:\/\/taizynut.com\/wp-content\/uploads\/2026\/01\/almond-shell-and-kernel-separator-machine-16x12.webp 16w\" sizes=\"auto, (max-width: 720px) 100vw, 720px\" \/><\/figure><div class=\"wp-block-media-text__content\"> <p class=\"translation-block\"><strong>S\u00e9parateur de coquilles et de noyaux de noix<\/strong><\/p>    <p>Dimensions : 2,6*1,1*1,6 m<br>Puissance : 1,5 kw<br>Tension : 380V\/50Hz<br>Mat\u00e9riau : Acier au carbone<\/p> <\/div><\/div>    <h3 class=\"wp-block-heading\"><strong>\u00c9tape 4 : Tri des noyaux de noix<\/strong><\/h3>    <p>Les noyaux de noix s\u00e9par\u00e9s sont envoy\u00e9s \u00e0 la machine de tri des noyaux. La machine peut trier les noyaux selon leur taille. Les noyaux tri\u00e9s r\u00e9pondent mieux aux besoins de diff\u00e9rents march\u00e9s et exigences de traitement.<\/p>    <div class=\"wp-block-media-text is-stacked-on-mobile\"><figure class=\"wp-block-media-text__media\"><img loading=\"lazy\" decoding=\"async\" width=\"720\" height=\"540\" src=\"https:\/\/taizynut.com\/wp-content\/uploads\/2025\/12\/kernel-grading-machine.webp\" alt=\"Machine de tri des noyaux\" class=\"wp-image-1155 size-full\" title=\"\" srcset=\"https:\/\/taizynut.com\/wp-content\/uploads\/2025\/12\/kernel-grading-machine.webp 720w, https:\/\/taizynut.com\/wp-content\/uploads\/2025\/12\/kernel-grading-machine-300x225.webp 300w, https:\/\/taizynut.com\/wp-content\/uploads\/2025\/12\/kernel-grading-machine-16x12.webp 16w\" sizes=\"auto, (max-width: 720px) 100vw, 720px\" \/><\/figure><div class=\"wp-block-media-text__content\"> <p class=\"translation-block\"><strong>Machine de tri des noyaux de noix<\/strong><\/p>    <p>Dimensions : 1500*800*1250 mm<br>Puissance : 0,75 kw<br>Niveaux de tri : 5<\/p> <\/div><\/div>    <h2 class=\"wp-block-heading\"><strong>Application de la ligne de d\u00e9corticage de noix<\/strong><\/h2>    <p>La ligne de d\u00e9corticage de noix peut \u00eatre utilis\u00e9e pour traiter des noix et des noix de macadamia. Elle est largement utilis\u00e9e dans diverses industries de traitement des noix, adapt\u00e9e \u00e0 la fois au traitement primaire et \u00e0 la satisfaction des besoins de fourniture stable des entreprises de traitement en profondeur. Les industries applicables incluent :<\/p>    <ul class=\"wp-block-list\"> <li>Industrie de la boulangerie<\/li>    <li>Industrie de la transformation des noix<\/li>    <li>Transformation alimentaire<\/li> <\/ul>    <figure class=\"wp-block-gallery has-nested-images columns-default is-cropped wp-block-gallery-2 is-layout-flex wp-block-gallery-is-layout-flex\"> <figure class=\"wp-block-image size-large\"><img loading=\"lazy\" decoding=\"async\" width=\"720\" height=\"540\" data-id=\"1346\" src=\"https:\/\/taizynut.com\/wp-content\/uploads\/2026\/01\/application-of-walnut-pocessing-line.webp\" alt=\"application de la ligne de traitement des noix\" class=\"wp-image-1346\" title=\"\" srcset=\"https:\/\/taizynut.com\/wp-content\/uploads\/2026\/01\/application-of-walnut-pocessing-line.webp 720w, https:\/\/taizynut.com\/wp-content\/uploads\/2026\/01\/application-of-walnut-pocessing-line-300x225.webp 300w, https:\/\/taizynut.com\/wp-content\/uploads\/2026\/01\/application-of-walnut-pocessing-line-16x12.webp 16w\" sizes=\"auto, (max-width: 720px) 100vw, 720px\" \/><figcaption class=\"wp-element-caption\">Application de la ligne de traitement des noix<\/figcaption><\/figure>    <figure class=\"wp-block-image size-large\"><img loading=\"lazy\" decoding=\"async\" width=\"720\" height=\"540\" data-id=\"1347\" src=\"https:\/\/taizynut.com\/wp-content\/uploads\/2026\/01\/application-of-walnut-shelling-line.webp\" alt=\"application de la ligne de d\u00e9corticage de noix\" class=\"wp-image-1347\" title=\"\" srcset=\"https:\/\/taizynut.com\/wp-content\/uploads\/2026\/01\/application-of-walnut-shelling-line.webp 720w, https:\/\/taizynut.com\/wp-content\/uploads\/2026\/01\/application-of-walnut-shelling-line-300x225.webp 300w, https:\/\/taizynut.com\/wp-content\/uploads\/2026\/01\/application-of-walnut-shelling-line-16x12.webp 16w\" sizes=\"auto, (max-width: 720px) 100vw, 720px\" \/><figcaption class=\"wp-element-caption\">Application de la ligne de d\u00e9corticage de noix<\/figcaption><\/figure> <\/figure>    <h2 class=\"wp-block-heading\"><strong>Prix de la ligne de traitement des noix<\/strong><\/h2>    <p>Le prix de la ligne de d\u00e9corticage de noix n'est pas fixe mais est d\u00e9termin\u00e9 par une combinaison de facteurs, principalement les aspects suivants :<\/p>    <ul class=\"wp-block-list\"> <li><strong>Capacit\u00e9 de production et capacit\u00e9 de traitement<\/strong>: Diff\u00e9rents clients ont des exigences de production diff\u00e9rentes, et la configuration de l'\u00e9quipement ainsi que la charge de travail seront ajust\u00e9es en cons\u00e9quence. Une capacit\u00e9 de production plus \u00e9lev\u00e9e entra\u00eene une configuration de ligne globale plus \u00e9lev\u00e9e et un prix plus \u00e9lev\u00e9.<\/li>    <li><strong>Combinaison de configuration de la machine<\/strong>: La configuration de l'\u00e9quipement de la ligne de traitement des noix varie selon les besoins du client, ce qui influence \u00e9galement le prix.<\/li>    <li><strong>Exigences de personnalisation<\/strong>: Cela inclut la tension et la fr\u00e9quence personnalis\u00e9es, les mat\u00e9riaux de l'\u00e9quipement, et l'adaptabilit\u00e9 aux noix et aux noix de macadamia. Plus la personnalisation est \u00e9lev\u00e9e, plus le co\u00fbt est \u00e9lev\u00e9.<\/li>    <li><strong>Politiques de transport et de destination<\/strong>: Diff\u00e9rents pays et r\u00e9gions ont des m\u00e9thodes de transport, des exigences d'emballage, des droits de douane et des politiques de d\u00e9douanement diff\u00e9rentes, ce qui entra\u00eene des co\u00fbts de livraison finaux variables.<\/li> <\/ul>    <h2 class=\"wp-block-heading\"><strong>FAQ de la ligne de production de d\u00e9corticage de noix<\/strong><\/h2>   <div id=\"rank-math-faq\" class=\"rank-math-block\"> <div class=\"rank-math-list\"> <div id=\"faq-question-1769397818050\" class=\"rank-math-list-item\"> <h3 class=\"rank-math-question\">Quels mat\u00e9riaux peuvent \u00eatre trait\u00e9s ?<\/h3> <div class=\"rank-math-answer\">  <p>Noix et noix de macadamia.<\/p>  <\/div> <\/div> <div id=\"faq-question-1769397913797\" class=\"rank-math-list-item\"> <h3 class=\"rank-math-question\">Quelle est la capacit\u00e9 de production ?<\/h3> <div class=\"rank-math-answer\">  <p>1000 kg\/h (personnalisable selon les besoins).<\/p>  <\/div> <\/div> <div id=\"faq-question-1769397972384\" class=\"rank-math-list-item\"> <h3 class=\"rank-math-question\">Des services de personnalisation de la tension sont-ils fournis ?<\/h3> <div class=\"rank-math-answer\">  <p>La tension peut \u00eatre personnalis\u00e9e selon la r\u00e9gion.<\/p>  <\/div> <\/div> <div id=\"faq-question-1769398125998\" class=\"rank-math-list-item\"> <h3 class=\"rank-math-question\">Est-il possible d'ajuster la disposition de la ligne de production ?<\/h3> <div class=\"rank-math-answer\">  <p>Toute la ligne de d\u00e9corticage de noix adopte une conception modulaire, permettant une disposition flexible en fonction de l'espace disponible.<\/p>  <\/div> <\/div> <\/div> <\/div>   <h2 class=\"wp-block-heading\"><strong>Pourquoi choisir Taizy comme fournisseur ?<\/strong><\/h2>    <ul class=\"wp-block-list\"> <li>Nous fabriquons et vendons nos produits directement, ce qui permet des prix plus comp\u00e9titifs.<\/li>    <li>Nous proposons une gamme compl\u00e8te d'\u00e9quipements de traitement des noix et avons une vaste exp\u00e9rience.<\/li>    <li>Nos op\u00e9rations d'exportation sont bien \u00e9tablies, supportant diverses tensions et normes nationales.<\/li>    <li>Nous fournissons une conception compl\u00e8te de la ligne de production et un support apr\u00e8s-vente.<\/li> <\/ul>    <h2 class=\"wp-block-heading\"><strong>Contactez-nous imm\u00e9diatement !<\/strong><\/h2>    <p>Si vous recherchez une ligne de d\u00e9corticage de noix efficace ou d'autres lignes de traitement des noix, n'h\u00e9sitez pas \u00e0 nous contacter. Nous pouvons personnaliser une solution de traitement adapt\u00e9e \u00e0 vos caract\u00e9ristiques de mati\u00e8re premi\u00e8re, besoins de production, et budget.<\/p>","protected":false},"excerpt":{"rendered":"<p>This article describes a 1000 kg\/h walnut shelling line, mainly composed of walnut grading machine, walnut shelling machine, shell-kernel separation machine, and walnut kernel grading machine. This production line is suitable for processing walnuts and macadamia nuts.<\/p>","protected":false},"author":1,"featured_media":1359,"parent":0,"template":"","tags":[61,76],"product-type":[29,77],"class_list":["post-1343","product","type-product","status-publish","has-post-thumbnail","hentry","tag-nut","tag-walnut","product-type-product-line","product-type-walnut-processing"],"_links":{"self":[{"href":"https:\/\/taizynut.com\/fr\/wp-json\/wp\/v2\/product\/1343","targetHints":{"allow":["GET"]}}],"collection":[{"href":"https:\/\/taizynut.com\/fr\/wp-json\/wp\/v2\/product"}],"about":[{"href":"https:\/\/taizynut.com\/fr\/wp-json\/wp\/v2\/types\/product"}],"author":[{"embeddable":true,"href":"https:\/\/taizynut.com\/fr\/wp-json\/wp\/v2\/users\/1"}],"wp:featuredmedia":[{"embeddable":true,"href":"https:\/\/taizynut.com\/fr\/wp-json\/wp\/v2\/media\/1359"}],"wp:attachment":[{"href":"https:\/\/taizynut.com\/fr\/wp-json\/wp\/v2\/media?parent=1343"}],"wp:term":[{"taxonomy":"post_tag","embeddable":true,"href":"https:\/\/taizynut.com\/fr\/wp-json\/wp\/v2\/tags?post=1343"},{"taxonomy":"product-type","embeddable":true,"href":"https:\/\/taizynut.com\/fr\/wp-json\/wp\/v2\/product-type?post=1343"}],"curies":[{"name":"wp","href":"https:\/\/api.w.org\/{rel}","templated":true}]}}