{"id":1349,"date":"2026-01-27T16:24:04","date_gmt":"2026-01-27T08:24:04","guid":{"rendered":"https:\/\/taizynut.com\/?post_type=product&#038;p=1349"},"modified":"2026-01-27T17:26:00","modified_gmt":"2026-01-27T09:26:00","slug":"hazelnut-opening-machine","status":"publish","type":"product","link":"https:\/\/taizynut.com\/fr\/product\/hazelnut-opening-machine\/","title":{"rendered":"Machine d'ouverture de noisettes"},"content":{"rendered":"<p class=\"translation-block\">La fonction principale de <strong>machine d'ouverture de noisettes<\/strong> est de cr\u00e9er des ouvertures r\u00e9guli\u00e8res dans les coquilles de noisettes par une combinaison de vapeur et de pression m\u00e9canique. Cet \u00e9quipement peut \u00eatre utilis\u00e9 conjointement avec d'autres \u00e9quipements tels que la machine de trempage de noisettes, les \u00e9l\u00e9vateurs, les s\u00e9choirs et les machines d'emballage.<\/p>    <p>Nos \u00e9quipements d'ouverture de noisettes existent en trois tailles : configurations \u00e0 deux, trois et quatre groupes, chaque groupe ayant cinq canaux. Il a une capacit\u00e9 de production de 250-600kg\/h et convient aux boulangeries, usines de traitement des noix et installations similaires.<\/p>    <figure class=\"wp-block-embed is-type-video is-provider-youtube wp-block-embed-youtube wp-embed-aspect-16-9 wp-has-aspect-ratio\"><div class=\"wp-block-embed__wrapper\"> <iframe loading=\"lazy\" title=\"D\u00e9monstration de la machine d&#039;ouverture de noisettes \u00e0 vente chaude | Traitement efficace des noisettes #noisettes\" width=\"500\" height=\"281\" src=\"https:\/\/www.youtube.com\/embed\/vSmSfCEkXTU?feature=oembed\" frameborder=\"0\" allow=\"accelerometer; autoplay; clipboard-write; encrypted-media; gyroscope; picture-in-picture; web-share\" referrerpolicy=\"strict-origin-when-cross-origin\" allowfullscreen><\/iframe> <\/div><figcaption class=\"wp-element-caption\">Processus de travail de la machine de traitement des noisettes<\/figcaption><\/figure>    <h2 class=\"wp-block-heading\"><strong>Point fort de la machine d'ouverture de noisettes<\/strong><\/h2>    <ul class=\"wp-block-list\"> <li>Le g\u00e9n\u00e9rateur de vapeur, combin\u00e9 \u00e0 la structure d'extrusion, assure une ouverture uniforme et stable.<\/li>    <li>La conception \u00e0 plusieurs canaux permet une capacit\u00e9 de traitement et une efficacit\u00e9 \u00e9lev\u00e9es.<\/li>    <li>L'automatisation r\u00e9duit les co\u00fbts de main-d'\u0153uvre.<\/li>    <li>La structure compacte assure un fonctionnement fluide et une maintenance facile.<\/li>    <li>Diff\u00e9rentes sp\u00e9cifications disponibles pour r\u00e9pondre \u00e0 divers besoins de production.<\/li> <\/ul>   <div class=\"wp-block-image\"> <figure class=\"aligncenter size-full\"><img loading=\"lazy\" decoding=\"async\" width=\"720\" height=\"540\" src=\"https:\/\/taizynut.com\/wp-content\/uploads\/2026\/01\/hazelnut-opening-machine.webp\" alt=\"Machine d&#039;ouverture de noisettes\" class=\"wp-image-1350\" title=\"\" srcset=\"https:\/\/taizynut.com\/wp-content\/uploads\/2026\/01\/hazelnut-opening-machine.webp 720w, https:\/\/taizynut.com\/wp-content\/uploads\/2026\/01\/hazelnut-opening-machine-300x225.webp 300w, https:\/\/taizynut.com\/wp-content\/uploads\/2026\/01\/hazelnut-opening-machine-16x12.webp 16w\" sizes=\"auto, (max-width: 720px) 100vw, 720px\" \/><figcaption class=\"wp-element-caption\">Machine d'ouverture de noisettes<\/figcaption><\/figure> <\/div>   <h2 class=\"wp-block-heading\"><strong>Comment fonctionne la machine d'ouverture de noisettes ?<\/strong><\/h2>    <p>Cette machine d'ouverture de noisettes est \u00e9quip\u00e9e d'un g\u00e9n\u00e9rateur de vapeur qui produit en continu de la vapeur dans le canal pour ramollir les coquilles de noisettes. Les noisettes sont ensuite press\u00e9es entre deux disques de pression dans le canal, ce qui leur permet de s'ouvrir naturellement sans endommager les noyaux.<\/p>    <figure class=\"wp-block-gallery has-nested-images columns-default is-cropped wp-block-gallery-2 is-layout-flex wp-block-gallery-is-layout-flex\"> <figure class=\"wp-block-image size-large\"><img loading=\"lazy\" decoding=\"async\" width=\"720\" height=\"540\" data-id=\"1351\" src=\"https:\/\/taizynut.com\/wp-content\/uploads\/2026\/01\/hazelnut-opener-machine.webp\" alt=\"Machine de trempage de noisettes et \u00e9l\u00e9vateur\" class=\"wp-image-1351\" title=\"\" srcset=\"https:\/\/taizynut.com\/wp-content\/uploads\/2026\/01\/hazelnut-opener-machine.webp 720w, https:\/\/taizynut.com\/wp-content\/uploads\/2026\/01\/hazelnut-opener-machine-300x225.webp 300w, https:\/\/taizynut.com\/wp-content\/uploads\/2026\/01\/hazelnut-opener-machine-16x12.webp 16w\" sizes=\"auto, (max-width: 720px) 100vw, 720px\" \/><figcaption class=\"wp-element-caption\">Machine d'ouverture de noisettes<\/figcaption><\/figure>    <figure class=\"wp-block-image size-large\"><img loading=\"lazy\" decoding=\"async\" width=\"720\" height=\"540\" data-id=\"1352\" src=\"https:\/\/taizynut.com\/wp-content\/uploads\/2026\/01\/hazelnut-opener.webp\" alt=\"Machine industrielle d&#039;ouverture de noisettes\" class=\"wp-image-1352\" title=\"\" srcset=\"https:\/\/taizynut.com\/wp-content\/uploads\/2026\/01\/hazelnut-opener.webp 720w, https:\/\/taizynut.com\/wp-content\/uploads\/2026\/01\/hazelnut-opener-300x225.webp 300w, https:\/\/taizynut.com\/wp-content\/uploads\/2026\/01\/hazelnut-opener-16x12.webp 16w\" sizes=\"auto, (max-width: 720px) 100vw, 720px\" \/><figcaption class=\"wp-element-caption\">Ouvre-noisettes<\/figcaption><\/figure> <\/figure>    <h2 class=\"wp-block-heading\"><strong>Caract\u00e9ristiques techniques de la machine d'ouverture de coquilles de noisettes<\/strong><\/h2>    <p>Notre machine d'ouverture de noisettes la plus vendue existe en trois tailles : deux, trois et quatre groupes. Chaque groupe poss\u00e8de cinq canaux. Les sp\u00e9cifications sont les suivantes :<\/p>    <figure class=\"wp-block-table\"><table><tbody><tr><td>Mod\u00e8le<\/td><td>Deux groupes<\/td><td>Trois groupes<\/td><td>Quatre groupes<\/td><\/tr><tr><td>Puissance totale<\/td><td>13,1kw<\/td><td>16kw<\/td><td>18kw<\/td><\/tr><tr><td>Capacit\u00e9<\/td><td>250-300kg\/h<\/td><td>350-450kg\/h<\/td><td>500-600kg\/h<\/td><\/tr><tr><td>\u00c9vaporation<\/td><td>70-90kg\/h<\/td><td>80-110kg\/h<\/td><td>80-110kg\/h<\/td><\/tr><tr><td>Consommation de gaz naturel<\/td><td>5m\u00b3\/h<\/td><td>7m\u00b3\/h<\/td><td>7m\u00b3\/h<\/td><\/tr><tr><td>Consommation de gaz de p\u00e9trole liqu\u00e9fi\u00e9<\/td><td>3,5kg\/h<\/td><td>5kg\/h<\/td><td>5kg\/h<\/td><\/tr><\/tbody><\/table><figcaption class=\"wp-element-caption\">Param\u00e8tres de la machine d'ouverture de coquilles de noisettes<\/figcaption><\/figure>    <h2 class=\"wp-block-heading\"><strong>Applicable<\/strong> <strong>sc\u00e9narios d'\u00e9quipement d'ouverture de noisettes<\/strong><\/h2>    <p>L'\u00e9quipement d'ouverture de noisettes est principalement utilis\u00e9 dans les sc\u00e9narios suivants :<\/p>    <ul class=\"wp-block-list\"> <li>Usines de torr\u00e9faction et de traitement des noisettes<\/li>    <li>Entreprises de traitement des noix<\/li>    <li>Ateliers de traitement primaire de noisettes \u00e0 grande \u00e9chelle<\/li>    <li>Entreprises d'exportation et de branding de noisettes<\/li> <\/ul>    <figure class=\"wp-block-gallery has-nested-images columns-default is-cropped wp-block-gallery-3 is-layout-flex wp-block-gallery-is-layout-flex\"> <figure class=\"wp-block-image size-large\"><img loading=\"lazy\" decoding=\"async\" width=\"720\" height=\"540\" data-id=\"1353\" src=\"https:\/\/taizynut.com\/wp-content\/uploads\/2026\/01\/hazelnuts-before-processing.webp\" alt=\"Capacit\u00e9 de la machine d&#039;ouverture de noisettes jusqu&#039;\u00e0 600 kg par heure\" class=\"wp-image-1353\" title=\"\" srcset=\"https:\/\/taizynut.com\/wp-content\/uploads\/2026\/01\/hazelnuts-before-processing.webp 720w, https:\/\/taizynut.com\/wp-content\/uploads\/2026\/01\/hazelnuts-before-processing-300x225.webp 300w, https:\/\/taizynut.com\/wp-content\/uploads\/2026\/01\/hazelnuts-before-processing-16x12.webp 16w\" sizes=\"auto, (max-width: 720px) 100vw, 720px\" \/><figcaption class=\"wp-element-caption\">Noisettes avant traitement<\/figcaption><\/figure>    <figure class=\"wp-block-image size-large\"><img loading=\"lazy\" decoding=\"async\" width=\"720\" height=\"540\" data-id=\"1354\" src=\"https:\/\/taizynut.com\/wp-content\/uploads\/2026\/01\/hazelnut-opening-equipment.webp\" alt=\"La machine d&#039;ouverture de noisettes Taizy peut ouvrir rapidement et automatiquement les noisettes de mani\u00e8re uniforme et coh\u00e9rente. Elle fonctionne de mani\u00e8re stable, avec une capacit\u00e9 de 250-600kg\/h.\" class=\"wp-image-1354\" title=\"\" srcset=\"https:\/\/taizynut.com\/wp-content\/uploads\/2026\/01\/hazelnut-opening-equipment.webp 720w, https:\/\/taizynut.com\/wp-content\/uploads\/2026\/01\/hazelnut-opening-equipment-300x225.webp 300w, https:\/\/taizynut.com\/wp-content\/uploads\/2026\/01\/hazelnut-opening-equipment-16x12.webp 16w\" sizes=\"auto, (max-width: 720px) 100vw, 720px\" \/><figcaption class=\"wp-element-caption\">\u00c9quipement d'ouverture de noisettes<\/figcaption><\/figure>    <figure class=\"wp-block-image size-large\"><img loading=\"lazy\" decoding=\"async\" width=\"720\" height=\"540\" data-id=\"1355\" src=\"https:\/\/taizynut.com\/wp-content\/uploads\/2026\/01\/processed-hazelnuts.webp\" alt=\"Noisette\" class=\"wp-image-1355\" title=\"\" srcset=\"https:\/\/taizynut.com\/wp-content\/uploads\/2026\/01\/processed-hazelnuts.webp 720w, https:\/\/taizynut.com\/wp-content\/uploads\/2026\/01\/processed-hazelnuts-300x225.webp 300w, https:\/\/taizynut.com\/wp-content\/uploads\/2026\/01\/processed-hazelnuts-16x12.webp 16w\" sizes=\"auto, (max-width: 720px) 100vw, 720px\" \/><figcaption class=\"wp-element-caption\">Noisettes trait\u00e9es<\/figcaption><\/figure> <\/figure>    <p>L'utilisation de la machine d'ouverture de noisettes peut consid\u00e9rablement am\u00e9liorer la coh\u00e9rence du traitement et r\u00e9duire l'inefficacit\u00e9 et les pertes li\u00e9es \u00e0 l'\u00e9pluchage manuel.<\/p>    <h2 class=\"wp-block-heading\"><strong>Ligne de production associ\u00e9e<\/strong><\/h2>    <p>En production r\u00e9elle, la machine d'ouverture de noisettes est souvent utilis\u00e9e en association avec l'\u00e9quipement suivant pour former une ligne de traitement compl\u00e8te de noisettes :<\/p>    <ul class=\"wp-block-list\"> <li>Machine de trempage de noisettes<\/li>    <li>Ascenseur<\/li>    <li>\u00c9quipement d'ouverture de noisettes<\/li>    <li>S\u00e8che-noix<\/li>    <li>Machine d'emballage automatique<\/li> <\/ul>    <p>L'ensemble de la ligne r\u00e9alise une production int\u00e9gr\u00e9e depuis l'alimentation, l'ouverture de coquilles, le s\u00e9chage et l'emballage, ce qui permet d'\u00e9conomiser consid\u00e9rablement du temps et des co\u00fbts de main-d'\u0153uvre.<\/p>    <figure class=\"wp-block-gallery has-nested-images columns-default is-cropped wp-block-gallery-4 is-layout-flex wp-block-gallery-is-layout-flex\"> <figure class=\"wp-block-image size-large\"><img loading=\"lazy\" decoding=\"async\" width=\"720\" height=\"540\" data-id=\"1356\" src=\"https:\/\/taizynut.com\/wp-content\/uploads\/2026\/01\/hazelnut-soaking-machine-and-elevator.webp\" alt=\"hazelnut soaking machine and elevator\" class=\"wp-image-1356\" title=\"\" srcset=\"https:\/\/taizynut.com\/wp-content\/uploads\/2026\/01\/hazelnut-soaking-machine-and-elevator.webp 720w, https:\/\/taizynut.com\/wp-content\/uploads\/2026\/01\/hazelnut-soaking-machine-and-elevator-300x225.webp 300w, https:\/\/taizynut.com\/wp-content\/uploads\/2026\/01\/hazelnut-soaking-machine-and-elevator-16x12.webp 16w\" sizes=\"auto, (max-width: 720px) 100vw, 720px\" \/><figcaption class=\"wp-element-caption\">Machine de trempage de noisettes et \u00e9l\u00e9vateur<\/figcaption><\/figure>    <figure class=\"wp-block-image size-large\"><img loading=\"lazy\" decoding=\"async\" width=\"720\" height=\"540\" data-id=\"1357\" src=\"https:\/\/taizynut.com\/wp-content\/uploads\/2026\/01\/c6b73cf079140b0a1b9a56933610f86-tuya_\u7ed3\u679c.webp\" alt=\"Machine d&#039;ouverture de noisettes\" class=\"wp-image-1357\" title=\"\" srcset=\"https:\/\/taizynut.com\/wp-content\/uploads\/2026\/01\/c6b73cf079140b0a1b9a56933610f86-tuya_\u7ed3\u679c.webp 720w, https:\/\/taizynut.com\/wp-content\/uploads\/2026\/01\/c6b73cf079140b0a1b9a56933610f86-tuya_\u7ed3\u679c-300x225.webp 300w, https:\/\/taizynut.com\/wp-content\/uploads\/2026\/01\/c6b73cf079140b0a1b9a56933610f86-tuya_\u7ed3\u679c-16x12.webp 16w\" sizes=\"auto, (max-width: 720px) 100vw, 720px\" \/><figcaption class=\"wp-element-caption\">Machine d'ouverture de noisettes<\/figcaption><\/figure> <\/figure>    <h2 class=\"wp-block-heading\"><strong>Prix de la machine d'ouverture de noisettes<\/strong><\/h2>    <p>Le prix de la machine \u00e0 d\u00e9cortiquer les noisettes varie en fonction de la configuration et des exigences, principalement influenc\u00e9 par les facteurs suivants :<\/p>    <ul class=\"wp-block-list\"> <li>Nombre de canaux et exigences de capacit\u00e9 de production (dix canaux, quinze canaux, vingt canaux).<\/li>    <li>Besoin de tensions \u00e9lectriques et de configurations \u00e9lectriques personnalis\u00e9es.<\/li>    <li>S'il doit \u00eatre utilis\u00e9 en conjonction avec d'autres \u00e9quipements.<\/li>    <li>Politiques de transport r\u00e9gionales et diff\u00e9rences de co\u00fbts.<\/li> <\/ul>    <p>Diff\u00e9rentes \u00e9chelles de traitement et besoins d'application n\u00e9cessitent des configurations d'\u00e9quipement diff\u00e9rentes, et le prix sera ajust\u00e9 en cons\u00e9quence.<\/p>   <div class=\"wp-block-image\"> <figure class=\"aligncenter size-full\"><img loading=\"lazy\" decoding=\"async\" width=\"720\" height=\"540\" src=\"https:\/\/taizynut.com\/wp-content\/uploads\/2026\/01\/industrial-hazelenut-opening-machine.webp\" alt=\"Machine d&#039;ouverture de noisettes industrielles\" class=\"wp-image-1358\" title=\"\" srcset=\"https:\/\/taizynut.com\/wp-content\/uploads\/2026\/01\/industrial-hazelenut-opening-machine.webp 720w, https:\/\/taizynut.com\/wp-content\/uploads\/2026\/01\/industrial-hazelenut-opening-machine-300x225.webp 300w, https:\/\/taizynut.com\/wp-content\/uploads\/2026\/01\/industrial-hazelenut-opening-machine-16x12.webp 16w\" sizes=\"auto, (max-width: 720px) 100vw, 720px\" \/><figcaption class=\"wp-element-caption\">Machine d'ouverture de noisettes industrielles<\/figcaption><\/figure> <\/div>   <h2 class=\"wp-block-heading\"><strong>Pourquoi choisir Taizy comme premier choix ?<\/strong><\/h2>    <p>Lors de l'achat de la machine d'ouverture de noisettes, choisir le bon fabricant est crucial. Taizy est un excellent choix. Choisir Taizy, c'est non seulement choisir un \u00e9quipement, mais aussi un partenaire fiable \u00e0 long terme.<\/p>    <ul class=\"wp-block-list\"> <li>Notre machine est fabriqu\u00e9e et vendue directement par nous, ce qui permet des prix plus comp\u00e9titifs.<\/li>    <li>De nombreuses ann\u00e9es d'exp\u00e9rience dans l'exportation d'\u00e9quipements de traitement des noix, avec des solutions m\u00fbres.<\/li>    <li>Customizable to different countries&#8217; voltage.<\/li>    <li>Nous proposons une gamme compl\u00e8te d'\u00e9quipements de traitement des noix, tels que le <a href=\"https:\/\/taizynut.com\/fr\/product\/walnut-shelling-machine\/\">Machine \u00e0 d\u00e9pel\u00e9 de noix<\/a> et le <a href=\"https:\/\/taizynut.com\/fr\/product\/peanut-butter-grinder-machine\/\">machine \u00e0 beurre de cacahu\u00e8te<\/a>.<\/li> <\/ul>    <h2 class=\"wp-block-heading\"><strong>Contactez-nous pour une solution de traitement des noix<\/strong><\/h2>    <p>En tant que fournisseur professionnel d'\u00e9quipements de traitement des noix, Taizy peut vous fournir un support d'\u00e9quipement professionnel et fiable, que vous construisiez un projet de traitement de noisettes pour la premi\u00e8re fois ou que vous planifiiez une mise \u00e0 niveau de votre \u00e9quipement existant.<\/p>    <p>\ud83d\udce9 Contactez-nous d\u00e8s maintenant pour obtenir plus d'informations techniques et de solutions de coop\u00e9ration pour les machines d'ouverture de noisettes !<\/p>","protected":false},"excerpt":{"rendered":"<p>This article mainly introduces the hazelnut opening machine. This equipment is used to make a slit in the outer shell of hazelnuts. The machine is highly automated and has a production capacity of 500\u20131200 catties\/hour.<\/p>","protected":false},"author":1,"featured_media":1363,"parent":0,"template":"","tags":[80,61],"product-type":[79],"class_list":["post-1349","product","type-product","status-publish","has-post-thumbnail","hentry","tag-hazelnut","tag-nut","product-type-hazelnut-processing-machine"],"_links":{"self":[{"href":"https:\/\/taizynut.com\/fr\/wp-json\/wp\/v2\/product\/1349","targetHints":{"allow":["GET"]}}],"collection":[{"href":"https:\/\/taizynut.com\/fr\/wp-json\/wp\/v2\/product"}],"about":[{"href":"https:\/\/taizynut.com\/fr\/wp-json\/wp\/v2\/types\/product"}],"author":[{"embeddable":true,"href":"https:\/\/taizynut.com\/fr\/wp-json\/wp\/v2\/users\/1"}],"wp:featuredmedia":[{"embeddable":true,"href":"https:\/\/taizynut.com\/fr\/wp-json\/wp\/v2\/media\/1363"}],"wp:attachment":[{"href":"https:\/\/taizynut.com\/fr\/wp-json\/wp\/v2\/media?parent=1349"}],"wp:term":[{"taxonomy":"post_tag","embeddable":true,"href":"https:\/\/taizynut.com\/fr\/wp-json\/wp\/v2\/tags?post=1349"},{"taxonomy":"product-type","embeddable":true,"href":"https:\/\/taizynut.com\/fr\/wp-json\/wp\/v2\/product-type?post=1349"}],"curies":[{"name":"wp","href":"https:\/\/api.w.org\/{rel}","templated":true}]}}