{"id":1374,"date":"2026-01-30T15:20:14","date_gmt":"2026-01-30T07:20:14","guid":{"rendered":"https:\/\/taizynut.com\/?post_type=product&#038;p=1374"},"modified":"2026-01-30T15:30:12","modified_gmt":"2026-01-30T07:30:12","slug":"hazelnut-opening-line","status":"publish","type":"product","link":"https:\/\/taizynut.com\/fr\/product\/hazelnut-opening-line\/","title":{"rendered":"Ligne d'ouverture de noisette"},"content":{"rendered":"<p class=\"translation-block\">La <strong>ligne d'ouverture de noisettes<\/strong> est une solution de traitement automatis\u00e9e qui int\u00e8gre trempage, ouverture, s\u00e9chage et emballage. Elle est principalement utilis\u00e9e pour cr\u00e9er pr\u00e9cis\u00e9ment une fente dans la coque ext\u00e9rieure des noisettes enti\u00e8res et r\u00e9aliser les processus de s\u00e9chage et d'emballage suivants.<\/p>    <p>Gr\u00e2ce \u00e0 une conception de fonctionnement continu \u00e0 plusieurs canaux, cette ligne de production peut atteindre une production stable de 250 \u00e0 600 kg\/h, adapt\u00e9e \u00e0 des projets de traitement de noisettes de diff\u00e9rentes \u00e9chelles. Elle am\u00e9liore efficacement l'efficacit\u00e9 globale du traitement et la qualit\u00e9 du produit tout en assurant des r\u00e9sultats d'ouverture coh\u00e9rents.<\/p>    <figure class=\"wp-block-embed is-type-video is-provider-youtube wp-block-embed-youtube wp-embed-aspect-16-9 wp-has-aspect-ratio\"><div class=\"wp-block-embed__wrapper\"> <iframe loading=\"lazy\" title=\"Hazelnut Opening Line | Automatic Hazelnut Shell Opening &amp; Slitting Line for Nut processing plant\" width=\"500\" height=\"281\" src=\"https:\/\/www.youtube.com\/embed\/J6P-0Gi8-So?feature=oembed\" frameborder=\"0\" allow=\"accelerometer; autoplay; clipboard-write; encrypted-media; gyroscope; picture-in-picture; web-share\" referrerpolicy=\"strict-origin-when-cross-origin\" allowfullscreen><\/iframe> <\/div><figcaption class=\"wp-element-caption\">Vid\u00e9o de travail de la ligne de traitement des noisettes<\/figcaption><\/figure>    <h2 class=\"wp-block-heading\"><strong>Avantages de la ligne de traitement des noisettes<\/strong><\/h2>    <ul class=\"wp-block-list\"> <li>De l'absorption et de l'ouverture au s\u00e9chage et \u00e0 l'emballage, toute la ligne de production est int\u00e9gr\u00e9e de mani\u00e8re transparente, am\u00e9liorant l'efficacit\u00e9 op\u00e9rationnelle globale.<\/li>    <li>Notre ligne d'ouverture de noisettes est disponible en plusieurs configurations. Les clients peuvent choisir librement entre 10, 15 ou 20 canaux en fonction de leur volume de production cible.<\/li>    <li>La combinaison de la technologie assist\u00e9e par vapeur et d'une structure de disque d'extrusion sp\u00e9cialis\u00e9e garantit une ouverture coh\u00e9rente des noisettes. Cela facilite les processus de s\u00e9chage et d'emballage ult\u00e9rieurs.<\/li>    <li>Les processus de levage, de tri, d'ouverture et de d\u00e9charge fonctionnent en continu, r\u00e9duisant la main-d'\u0153uvre et rendant la processus adapt\u00e9 \u00e0 une production stable \u00e0 long terme.<\/li> <\/ul>   <div class=\"wp-block-image\"> <figure class=\"aligncenter size-full\"><img loading=\"lazy\" decoding=\"async\" width=\"720\" height=\"540\" src=\"https:\/\/taizynut.com\/wp-content\/uploads\/2026\/01\/hazelnut-opening-line.webp\" alt=\"Ligne d&#039;ouverture de noisettes\" class=\"wp-image-1375\" title=\"\" srcset=\"https:\/\/taizynut.com\/wp-content\/uploads\/2026\/01\/hazelnut-opening-line.webp 720w, https:\/\/taizynut.com\/wp-content\/uploads\/2026\/01\/hazelnut-opening-line-300x225.webp 300w, https:\/\/taizynut.com\/wp-content\/uploads\/2026\/01\/hazelnut-opening-line-16x12.webp 16w\" sizes=\"auto, (max-width: 720px) 100vw, 720px\" \/><figcaption class=\"wp-element-caption\">Ligne d'ouverture de noisettes<\/figcaption><\/figure> <\/div>   <h2 class=\"wp-block-heading\"><strong>Quel \u00e9quipement est utilis\u00e9 pour la ligne d'ouverture de noisettes ?<\/strong><\/h2>    <p>Notre \u00e9quipement de ligne de traitement et de cassage des noisettes comprend principalement :<\/p>    <ol class=\"wp-block-list\"> <li>\u00c9quipement de trempage des noisettes<\/li>    <li>Machine d'ouverture de noisettes<\/li>    <li>Machine de s\u00e9chage de noisettes<\/li>    <li>Machine d'emballage de noisettes<\/li> <\/ol>    <p>L'\u00e9quipement de cette ligne d'ouverture de noisettes peut \u00eatre personnalis\u00e9 et s\u00e9lectionn\u00e9 selon des besoins sp\u00e9cifiques.<\/p>    <h3 class=\"wp-block-heading\"><strong>Machine de trempage de noisettes<\/strong><\/h3>    <p>Le r\u00e9servoir de trempage est utilis\u00e9 pour tremper les noisettes dans de l'eau chaude \u00e0 environ 50\u00b0C pendant environ 30 minutes. Cela ramollit la coque de la noisette, am\u00e9liorant le taux de r\u00e9ussite de l'ouverture suivante et r\u00e9duisant la casse.<\/p>    <figure class=\"wp-block-gallery has-nested-images columns-default is-cropped wp-block-gallery-2 is-layout-flex wp-block-gallery-is-layout-flex\"> <figure class=\"wp-block-image size-large\"><img loading=\"lazy\" decoding=\"async\" width=\"720\" height=\"540\" data-id=\"1376\" src=\"https:\/\/taizynut.com\/wp-content\/uploads\/2026\/01\/hazelnut-soaking-equipment.webp\" alt=\"\u00c9quipement d&#039;ouverture de noisettes\" class=\"wp-image-1376\" title=\"\" srcset=\"https:\/\/taizynut.com\/wp-content\/uploads\/2026\/01\/hazelnut-soaking-equipment.webp 720w, https:\/\/taizynut.com\/wp-content\/uploads\/2026\/01\/hazelnut-soaking-equipment-300x225.webp 300w, https:\/\/taizynut.com\/wp-content\/uploads\/2026\/01\/hazelnut-soaking-equipment-16x12.webp 16w\" sizes=\"auto, (max-width: 720px) 100vw, 720px\" \/><figcaption class=\"wp-element-caption\">Machine de trempage des noisettes<\/figcaption><\/figure>    <figure class=\"wp-block-image size-large\"><img loading=\"lazy\" decoding=\"async\" width=\"720\" height=\"540\" data-id=\"1377\" src=\"https:\/\/taizynut.com\/wp-content\/uploads\/2026\/01\/IMG_20230720_112257-tuya_\u7ed3\u679c.webp\" alt=\"hazelnut soaking equipment\" class=\"wp-image-1377\" title=\"\" srcset=\"https:\/\/taizynut.com\/wp-content\/uploads\/2026\/01\/IMG_20230720_112257-tuya_\u7ed3\u679c.webp 720w, https:\/\/taizynut.com\/wp-content\/uploads\/2026\/01\/IMG_20230720_112257-tuya_\u7ed3\u679c-300x225.webp 300w, https:\/\/taizynut.com\/wp-content\/uploads\/2026\/01\/IMG_20230720_112257-tuya_\u7ed3\u679c-16x12.webp 16w\" sizes=\"auto, (max-width: 720px) 100vw, 720px\" \/><figcaption class=\"wp-element-caption\">\u00c9quipement de trempage des noisettes<\/figcaption><\/figure> <\/figure>    <h3 class=\"wp-block-heading\"><strong>Machine d'ouverture de noisettes<\/strong><\/h3>    <p class=\"translation-block\">La fonction principale de la <a href=\"https:\/\/taizynut.com\/fr\/product\/hazelnut-opening-machine\/\">machine d'ouverture de noisettes<\/a> est de cr\u00e9er une fente uniforme \u00e0 la surface des noisettes enti\u00e8res. Cet \u00e9quipement est \u00e9quip\u00e9 d'un g\u00e9n\u00e9rateur de vapeur, ce qui r\u00e9duit le taux de casse des noisettes.<\/p>    <p>Notre \u00e9quipement d'ouverture de noisettes est disponible avec 10, 15 et 20 canaux, permettant aux clients de choisir celui qui r\u00e9pond le mieux \u00e0 leurs besoins.<\/p>    <figure class=\"wp-block-gallery has-nested-images columns-default is-cropped wp-block-gallery-3 is-layout-flex wp-block-gallery-is-layout-flex\"> <figure class=\"wp-block-image size-large\"><img loading=\"lazy\" decoding=\"async\" width=\"720\" height=\"540\" data-id=\"1378\" src=\"https:\/\/taizynut.com\/wp-content\/uploads\/2026\/01\/hazelnut-opening-equipment-1.webp\" alt=\"La machine d&#039;ouverture de noisettes Taizy peut ouvrir rapidement et automatiquement les noisettes de mani\u00e8re uniforme et coh\u00e9rente. Elle fonctionne de mani\u00e8re stable, avec une capacit\u00e9 de 250-600kg\/h.\" class=\"wp-image-1378\" title=\"\" srcset=\"https:\/\/taizynut.com\/wp-content\/uploads\/2026\/01\/hazelnut-opening-equipment-1.webp 720w, https:\/\/taizynut.com\/wp-content\/uploads\/2026\/01\/hazelnut-opening-equipment-1-300x225.webp 300w, https:\/\/taizynut.com\/wp-content\/uploads\/2026\/01\/hazelnut-opening-equipment-1-16x12.webp 16w\" sizes=\"auto, (max-width: 720px) 100vw, 720px\" \/><figcaption class=\"wp-element-caption\">\u00c9quipement d'ouverture de noisettes<\/figcaption><\/figure>    <figure class=\"wp-block-image size-large\"><img loading=\"lazy\" decoding=\"async\" width=\"720\" height=\"540\" data-id=\"1379\" src=\"https:\/\/taizynut.com\/wp-content\/uploads\/2026\/01\/hazelnut-opening-machine-2.webp\" alt=\"Machine d&#039;ouverture de noisettes\" class=\"wp-image-1379\" title=\"\" srcset=\"https:\/\/taizynut.com\/wp-content\/uploads\/2026\/01\/hazelnut-opening-machine-2.webp 720w, https:\/\/taizynut.com\/wp-content\/uploads\/2026\/01\/hazelnut-opening-machine-2-300x225.webp 300w, https:\/\/taizynut.com\/wp-content\/uploads\/2026\/01\/hazelnut-opening-machine-2-16x12.webp 16w\" sizes=\"auto, (max-width: 720px) 100vw, 720px\" \/><figcaption class=\"wp-element-caption\">Machine d'ouverture de noisettes<\/figcaption><\/figure> <\/figure>    <h3 class=\"wp-block-heading\"><strong>Machine de s\u00e9chage de noisettes<\/strong><\/h3>    <p>Apr\u00e8s avoir cass\u00e9 les noisettes, elles doivent \u00eatre s\u00e9ch\u00e9es dans une chambre de s\u00e9chage. Le processus de s\u00e9chage r\u00e9duit efficacement la teneur en humidit\u00e9 des noisettes, am\u00e9liorant leur go\u00fbt et prolongeant leur dur\u00e9e de conservation.<\/p>    <figure class=\"wp-block-gallery has-nested-images columns-default is-cropped wp-block-gallery-4 is-layout-flex wp-block-gallery-is-layout-flex\"> <figure class=\"wp-block-image size-large\"><img loading=\"lazy\" decoding=\"async\" width=\"540\" height=\"720\" data-id=\"1380\" src=\"https:\/\/taizynut.com\/wp-content\/uploads\/2026\/01\/hazelnut-dryer-machine.webp\" alt=\"Machine d&#039;emballage de noisettes\" class=\"wp-image-1380\" title=\"\" srcset=\"https:\/\/taizynut.com\/wp-content\/uploads\/2026\/01\/hazelnut-dryer-machine.webp 540w, https:\/\/taizynut.com\/wp-content\/uploads\/2026\/01\/hazelnut-dryer-machine-225x300.webp 225w, https:\/\/taizynut.com\/wp-content\/uploads\/2026\/01\/hazelnut-dryer-machine-9x12.webp 9w\" sizes=\"auto, (max-width: 540px) 100vw, 540px\" \/><figcaption class=\"wp-element-caption\">Machine de s\u00e9chage de noisettes<\/figcaption><\/figure>    <figure class=\"wp-block-image size-large\"><img loading=\"lazy\" decoding=\"async\" width=\"540\" height=\"720\" data-id=\"1381\" src=\"https:\/\/taizynut.com\/wp-content\/uploads\/2026\/01\/hazelnut-drying-equipment.webp\" alt=\"hazelnut drying equipment\" class=\"wp-image-1381\" title=\"\" srcset=\"https:\/\/taizynut.com\/wp-content\/uploads\/2026\/01\/hazelnut-drying-equipment.webp 540w, https:\/\/taizynut.com\/wp-content\/uploads\/2026\/01\/hazelnut-drying-equipment-225x300.webp 225w, https:\/\/taizynut.com\/wp-content\/uploads\/2026\/01\/hazelnut-drying-equipment-9x12.webp 9w\" sizes=\"auto, (max-width: 540px) 100vw, 540px\" \/><figcaption class=\"wp-element-caption\">\u00c9quipement de s\u00e9chage des noisettes<\/figcaption><\/figure>    <figure class=\"wp-block-image size-large\"><img loading=\"lazy\" decoding=\"async\" width=\"540\" height=\"720\" data-id=\"1382\" src=\"https:\/\/taizynut.com\/wp-content\/uploads\/2026\/01\/hazelnut-drying-machine.webp\" alt=\"hazelnut drying equipment\" class=\"wp-image-1382\" title=\"\" srcset=\"https:\/\/taizynut.com\/wp-content\/uploads\/2026\/01\/hazelnut-drying-machine.webp 540w, https:\/\/taizynut.com\/wp-content\/uploads\/2026\/01\/hazelnut-drying-machine-225x300.webp 225w, https:\/\/taizynut.com\/wp-content\/uploads\/2026\/01\/hazelnut-drying-machine-9x12.webp 9w\" sizes=\"auto, (max-width: 540px) 100vw, 540px\" \/><figcaption class=\"wp-element-caption\">\u00c9quipement de s\u00e9chage des noisettes<\/figcaption><\/figure> <\/figure>    <h3 class=\"wp-block-heading\"><strong>Machine d'emballage de noisettes<\/strong><\/h3>    <p>Apr\u00e8s le s\u00e9chage, les noisettes peuvent \u00eatre emball\u00e9es \u00e0 l'aide d'une machine d'emballage sous vide. Cette m\u00e9thode d'emballage emp\u00eache efficacement l'absorption d'humidit\u00e9 et l'oxydation, prolongeant la dur\u00e9e de vie et am\u00e9liorant la qualit\u00e9 du produit, ce qui les rend adapt\u00e9s au march\u00e9 de d\u00e9tail et \u00e0 l'exportation.<\/p>    <figure class=\"wp-block-gallery has-nested-images columns-default is-cropped wp-block-gallery-5 is-layout-flex wp-block-gallery-is-layout-flex\"> <figure class=\"wp-block-image size-large\"><img loading=\"lazy\" decoding=\"async\" width=\"720\" height=\"540\" data-id=\"1383\" src=\"https:\/\/taizynut.com\/wp-content\/uploads\/2026\/01\/hazelnut-packing-machine.webp\" alt=\"\u00c9quipement d&#039;ouverture de noisettes\" class=\"wp-image-1383\" title=\"\" srcset=\"https:\/\/taizynut.com\/wp-content\/uploads\/2026\/01\/hazelnut-packing-machine.webp 720w, https:\/\/taizynut.com\/wp-content\/uploads\/2026\/01\/hazelnut-packing-machine-300x225.webp 300w, https:\/\/taizynut.com\/wp-content\/uploads\/2026\/01\/hazelnut-packing-machine-16x12.webp 16w\" sizes=\"auto, (max-width: 720px) 100vw, 720px\" \/><figcaption class=\"wp-element-caption\">Machine d'emballage de noisettes<\/figcaption><\/figure>    <figure class=\"wp-block-image size-large\"><img loading=\"lazy\" decoding=\"async\" width=\"720\" height=\"540\" data-id=\"1384\" src=\"https:\/\/taizynut.com\/wp-content\/uploads\/2026\/01\/hazelnut-packaging-machine.webp\" alt=\"hazelnut packaging machine\" class=\"wp-image-1384\" title=\"\" srcset=\"https:\/\/taizynut.com\/wp-content\/uploads\/2026\/01\/hazelnut-packaging-machine.webp 720w, https:\/\/taizynut.com\/wp-content\/uploads\/2026\/01\/hazelnut-packaging-machine-300x225.webp 300w, https:\/\/taizynut.com\/wp-content\/uploads\/2026\/01\/hazelnut-packaging-machine-16x12.webp 16w\" sizes=\"auto, (max-width: 720px) 100vw, 720px\" \/><figcaption class=\"wp-element-caption\">Machine d'emballage de noisettes<\/figcaption><\/figure> <\/figure>    <p>En plus des machines d'emballage sous vide, nous proposons \u00e9galement d'autres types de machines d'emballage de noisettes, telles que la machine d'emballage en sachets granul\u00e9s.<\/p>    <h2 class=\"wp-block-heading\"><strong>Principe de fonctionnement de la ligne de traitement des noisettes<\/strong><\/h2>    <ol class=\"wp-block-list\"> <li><strong>Trempage<\/strong>: Trempez les noisettes dans de l'eau chaude \u00e0 environ 50\u00b0C pendant environ 30 minutes.<\/li>    <li><strong>Alimentation<\/strong>: Les noisettes tremp\u00e9es sont vers\u00e9es dans un convoyeur, qui les transporte vers une tr\u00e9mie. La tr\u00e9mie poss\u00e8de une structure d'alimentation en spirale qui r\u00e9partit uniform\u00e9ment les noisettes dans diff\u00e9rents canaux.<\/li>    <li><strong>Ouverture<\/strong>: Les noisettes entrent dans l'ouvre-noisettes et sont press\u00e9es par deux disques de pression, r\u00e9alisant une ouverture pr\u00e9cise.<\/li>    <li><strong>D\u00e9charge<\/strong>: Les noisettes ouvertes tombent automatiquement sur une bande transporteuse en dessous, entrant dans le processus de s\u00e9chage ou d'emballage suivant.<\/li> <\/ol>    <h2 class=\"wp-block-heading\"><strong>Param\u00e8tres de la ligne de production de noisettes<\/strong><\/h2>    <p>Notre ligne d'ouverture de noisettes est disponible avec 2, 3 ou 4 groupes, chacun avec cinq canaux. Les sp\u00e9cifications sont les suivantes :<\/p>    <figure class=\"wp-block-table\"><table><tbody><tr><td>Mod\u00e8le<\/td><td>Deux groupes<\/td><td>Trois groupes<\/td><td>Quatre groupes<\/td><\/tr><tr><td>Puissance totale<\/td><td>13,1kw<\/td><td>16kw<\/td><td>18kw<\/td><\/tr><tr><td>Capacit\u00e9<\/td><td>250-300kg\/h<\/td><td>350-450kg\/h<\/td><td>500-600kg\/h<\/td><\/tr><tr><td>\u00c9vaporation<\/td><td>70-90kg\/h<\/td><td>80-110kg\/h<\/td><td>80-110kg\/h<\/td><\/tr><tr><td>Consommation de gaz naturel<\/td><td>5m\u00b3\/h<\/td><td>7m\u00b3\/h<\/td><td>7m\u00b3\/h<\/td><\/tr><tr><td>Consommation de gaz de p\u00e9trole liqu\u00e9fi\u00e9<\/td><td>3,5kg\/h<\/td><td>5kg\/h<\/td><td>5kg\/h<\/td><\/tr><\/tbody><\/table><figcaption class=\"wp-element-caption\">param\u00e8tres de la ligne d'ouverture de noisettes<\/figcaption><\/figure>    <h2 class=\"wp-block-heading\"><strong>Combien co\u00fbte une ligne de traitement de noisettes ?<\/strong><\/h2>    <p>Le prix de la ligne d'ouverture de noisettes n'est pas fixe et est g\u00e9n\u00e9ralement influenc\u00e9 par les facteurs suivants :<\/p>    <ul class=\"wp-block-list\"> <li><strong>Configuration de la capacit\u00e9 de production :<\/strong> Le nombre de s\u00e9ries et de canaux (10\/15\/20 canaux) influence consid\u00e9rablement le co\u00fbt de l'\u00e9quipement.<\/li>    <li><strong>Choix de l'\u00e9quipement de support<\/strong>: Que l'inclusion ou non de tanks de trempage, de chambres de s\u00e9chage et de machines d'emballage sous vide influence directement le devis global.<\/li>    <li><strong>Exigences de personnalisation<\/strong>: Tels que les normes de tension, le degr\u00e9 d'automatisation ou les exigences structurelles particuli\u00e8res.<\/li>    <li><strong>\u00c9chelle de la ligne de production<\/strong>: La diff\u00e9rence de prix est importante entre une seule pi\u00e8ce d'\u00e9quipement et une ligne de production compl\u00e8te.<\/li> <\/ul>   <div class=\"wp-block-image\"> <figure class=\"aligncenter size-full\"><img loading=\"lazy\" decoding=\"async\" width=\"720\" height=\"540\" src=\"https:\/\/taizynut.com\/wp-content\/uploads\/2026\/01\/hazelnut-processing-line.webp\" alt=\"ligne de traitement des noisettes\" class=\"wp-image-1385\" title=\"\" srcset=\"https:\/\/taizynut.com\/wp-content\/uploads\/2026\/01\/hazelnut-processing-line.webp 720w, https:\/\/taizynut.com\/wp-content\/uploads\/2026\/01\/hazelnut-processing-line-300x225.webp 300w, https:\/\/taizynut.com\/wp-content\/uploads\/2026\/01\/hazelnut-processing-line-16x12.webp 16w\" sizes=\"auto, (max-width: 720px) 100vw, 720px\" \/><figcaption class=\"wp-element-caption\">ligne de traitement des noisettes<\/figcaption><\/figure> <\/div>   <h2 class=\"wp-block-heading\"><strong>FAQ de la ligne d'ouverture de noisettes<\/strong><\/h2>   <div id=\"rank-math-faq\" class=\"rank-math-block\"> <div class=\"rank-math-list\"> <div id=\"faq-question-1769652802491\" class=\"rank-math-list-item\"> <h3 class=\"rank-math-question\">Quelle est la capacit\u00e9 de la ligne d'ouverture de noisettes ?<\/h3> <div class=\"rank-math-answer\">  <p>250-600kg\/h.<\/p>  <\/div> <\/div> <div id=\"faq-question-1769652853696\" class=\"rank-math-list-item\"> <h3 class=\"rank-math-question\">Pourquoi les noisettes doivent-elles \u00eatre tremp\u00e9es avant d'\u00eatre d\u00e9cortiqu\u00e9es ?<\/h3> <div class=\"rank-math-answer\">  <p>Le trempage des noisettes ramollit leur coque, ce qui aide \u00e0 augmenter le taux d'ouverture et r\u00e9duit le taux de casse.<\/p>  <\/div> <\/div> <div id=\"faq-question-1769652907122\" class=\"rank-math-list-item\"> <h3 class=\"rank-math-question\">Les temp\u00e9ratures et dur\u00e9es de trempage sont-elles fixes ?<\/h3> <div class=\"rank-math-answer\">  <p>La recommandation g\u00e9n\u00e9rale est de les tremper dans de l'eau chaude \u00e0 environ 50\u00b0C pendant environ 30 minutes. Cela peut \u00eatre ajust\u00e9 en fonction du type de noisettes.<\/p>  <\/div> <\/div> <div id=\"faq-question-1769652954008\" class=\"rank-math-list-item\"> <h3 class=\"rank-math-question\">Est-il possible de configurer la ligne de production avec seulement une partie de l'\u00e9quipement ?<\/h3> <div class=\"rank-math-answer\">  <p>Oui. La ligne de production supporte une configuration modulaire, permettant aux clients de s\u00e9lectionner l'\u00e9quipement en fonction de leurs besoins sp\u00e9cifiques.<\/p>  <\/div> <\/div> <div id=\"faq-question-1769653004448\" class=\"rank-math-list-item\"> <h3 class=\"rank-math-question\">Est-il possible de personnaliser le produit selon les exigences du client ?<\/h3> <div class=\"rank-math-answer\">  <p>Oui. La capacit\u00e9 de production, les normes de tension et la disposition de l'\u00e9quipement peuvent tous \u00eatre ajust\u00e9s selon les exigences du projet.<\/p>  <\/div> <\/div> <\/div> <\/div>   <h2 class=\"wp-block-heading\"><strong>Contactez-nous pour en savoir plus !<\/strong><\/h2>    <p>Si vous envisagez de construire ou de mettre \u00e0 niveau une ligne d'ouverture de noisettes, notre \u00e9quipe peut vous proposer une configuration d'\u00e9quipement appropri\u00e9e et des solutions de processus bas\u00e9es sur votre production cible, la vari\u00e9t\u00e9 de noisettes et les exigences du produit fini.<\/p>    <p>Nous pouvons vous fournir :<\/p>    <ul class=\"wp-block-list\"> <li>Solutions compl\u00e8tes pour la ligne de production de cassage de noisettes<\/li>    <li>Support pour la s\u00e9lection d'\u00e9quipement et la technologie de processus<\/li>    <li>Guide d'am\u00e9nagement et d'installation d'usine<\/li> <\/ul>    <p>Veuillez nous contacter pour recevoir des suggestions de configuration professionnelles et des solutions techniques d\u00e9taill\u00e9es adapt\u00e9es \u00e0 votre projet.<\/p>","protected":false},"excerpt":{"rendered":"<p>This article introduces the hazelnut opening line. The hazelnut production line is a complete hazelnut pre-processing solution, covering processes such as soaking, opening, drying, and vacuum packaging. The production capacity is 250\u2013600 kg\/h.<\/p>","protected":false},"author":1,"featured_media":1386,"parent":0,"template":"","tags":[80,61],"product-type":[79,29],"class_list":["post-1374","product","type-product","status-publish","has-post-thumbnail","hentry","tag-hazelnut","tag-nut","product-type-hazelnut-processing-machine","product-type-product-line"],"_links":{"self":[{"href":"https:\/\/taizynut.com\/fr\/wp-json\/wp\/v2\/product\/1374","targetHints":{"allow":["GET"]}}],"collection":[{"href":"https:\/\/taizynut.com\/fr\/wp-json\/wp\/v2\/product"}],"about":[{"href":"https:\/\/taizynut.com\/fr\/wp-json\/wp\/v2\/types\/product"}],"author":[{"embeddable":true,"href":"https:\/\/taizynut.com\/fr\/wp-json\/wp\/v2\/users\/1"}],"wp:featuredmedia":[{"embeddable":true,"href":"https:\/\/taizynut.com\/fr\/wp-json\/wp\/v2\/media\/1386"}],"wp:attachment":[{"href":"https:\/\/taizynut.com\/fr\/wp-json\/wp\/v2\/media?parent=1374"}],"wp:term":[{"taxonomy":"post_tag","embeddable":true,"href":"https:\/\/taizynut.com\/fr\/wp-json\/wp\/v2\/tags?post=1374"},{"taxonomy":"product-type","embeddable":true,"href":"https:\/\/taizynut.com\/fr\/wp-json\/wp\/v2\/product-type?post=1374"}],"curies":[{"name":"wp","href":"https:\/\/api.w.org\/{rel}","templated":true}]}}