{"id":1390,"date":"2026-02-02T17:36:51","date_gmt":"2026-02-02T09:36:51","guid":{"rendered":"https:\/\/taizynut.com\/?post_type=product&#038;p=1390"},"modified":"2026-02-04T10:36:13","modified_gmt":"2026-02-04T02:36:13","slug":"cocoa-pod-splitting-machine","status":"publish","type":"product","link":"https:\/\/taizynut.com\/fr\/product\/cocoa-pod-splitting-machine\/","title":{"rendered":"Machine de s\u00e9paration des cabosses de cacao"},"content":{"rendered":"<p class=\"translation-block\">La <strong>machine de s\u00e9paration des cabosses de cacao<\/strong> se compose d'une machine de coupe de cabosse de cacao et d'une machine de s\u00e9paration des f\u00e8ves et des cabosses. Elle peut ouvrir compl\u00e8tement les cabosses de cacao et s\u00e9parer automatiquement les f\u00e8ves des cabosses.<\/p>    <p>Notre machine de s\u00e9paration des cabosses de cacao a une capacit\u00e9 de production de 300-800 kg\/h, adapt\u00e9e aux usines de traitement du cacao de diff\u00e9rentes tailles. L'\u00e9quipement fonctionne de mani\u00e8re stable, offre une s\u00e9paration pr\u00e9cise des cabosses, et a un faible taux de perte de f\u00e8ves, am\u00e9liorant consid\u00e9rablement l'efficacit\u00e9 du traitement des f\u00e8ves de cacao.<\/p>    <figure class=\"wp-block-embed is-type-video is-provider-youtube wp-block-embed-youtube wp-embed-aspect-16-9 wp-has-aspect-ratio\"><div class=\"wp-block-embed__wrapper\"> <iframe loading=\"lazy\" title=\"Machine de fente de cabosse de cacao de 300-800kg\/h | Comment fonctionne la machine d&#039;ouverture de cabosse de cacao ?#traitementducacao\" width=\"500\" height=\"281\" src=\"https:\/\/www.youtube.com\/embed\/BawmISNdcFo?feature=oembed\" frameborder=\"0\" allow=\"accelerometer; autoplay; clipboard-write; encrypted-media; gyroscope; picture-in-picture; web-share\" referrerpolicy=\"strict-origin-when-cross-origin\" allowfullscreen><\/iframe> <\/div><figcaption class=\"wp-element-caption\">Vid\u00e9o de fonctionnement de la machine de s\u00e9paration des cabosses de cacao<\/figcaption><\/figure>    <h2 class=\"wp-block-heading\"><strong>Avantages de la machine d'ouverture de cabosse de cacao<\/strong><\/h2>    <ul class=\"wp-block-list\"> <li>Ouverture pr\u00e9cise des cabosses, entra\u00eenant un faible taux de dommages aux f\u00e8ves de cacao.<\/li>    <li>Double fonction de coupe et de s\u00e9paration, minimisant l'intervention manuelle.<\/li>    <li>Haute efficacit\u00e9 de traitement et sortie stable (300-800 kg\/h).<\/li>    <li>Structure de criblage \u00e0 rouleaux pour d'excellents r\u00e9sultats de s\u00e9paration.<\/li>    <li>Les pi\u00e8ces en contact avec les f\u00e8ves de cacao sont en acier inoxydable, garantissant s\u00e9curit\u00e9 et hygi\u00e8ne.<\/li>    <li>La machine de s\u00e9paration des cabosses de cacao a une structure mature et fonctionne de mani\u00e8re stable.<\/li>    <li>Op\u00e9ration simple, n\u00e9cessitant seulement un op\u00e9rateur.<\/li>    <li>Forte adaptabilit\u00e9, capable de traiter des cabosses de cacao de diff\u00e9rentes tailles.<\/li> <\/ul>   <div class=\"wp-block-image\"> <figure class=\"aligncenter size-full\"><img loading=\"lazy\" decoding=\"async\" width=\"720\" height=\"540\" src=\"https:\/\/taizynut.com\/wp-content\/uploads\/2026\/02\/cocoa-pod-slitting-machine.webp\" alt=\"Machine de fente de cabosse\" class=\"wp-image-1392\" title=\"\" srcset=\"https:\/\/taizynut.com\/wp-content\/uploads\/2026\/02\/cocoa-pod-slitting-machine.webp 720w, https:\/\/taizynut.com\/wp-content\/uploads\/2026\/02\/cocoa-pod-slitting-machine-300x225.webp 300w, https:\/\/taizynut.com\/wp-content\/uploads\/2026\/02\/cocoa-pod-slitting-machine-16x12.webp 16w\" sizes=\"auto, (max-width: 720px) 100vw, 720px\" \/><figcaption class=\"wp-element-caption\">Machine de fente de cabosse<\/figcaption><\/figure> <\/div>   <h2 class=\"wp-block-heading\"><strong>\u00c0 quoi sert la machine de s\u00e9paration des cabosses de cacao ?<\/strong><\/h2>    <ul class=\"wp-block-list\"> <li>Usine de traitement primaire des f\u00e8ves de cacao<\/li>    <li>Traitement sur site dans les plantations de cacao<\/li>    <li>Traitement pr\u00e9-exportation des f\u00e8ves de cacao<\/li>    <li>Processus de pr\u00e9-fermentation et de s\u00e9chage pour le cacao<\/li> <\/ul>    <p class=\"translation-block\">Les f\u00e8ves de cacao trait\u00e9es peuvent \u00e9galement \u00eatre directement utilis\u00e9es dans le traitement ult\u00e9rieur, comme dans la <a href=\"https:\/\/taizynut.com\/fr\/product\/cocoa-butter-production-line\/\">ligne de production de beurre de cacao<\/a>, fournissant des mati\u00e8res premi\u00e8res de haute qualit\u00e9 pour toute la ligne de production.<\/p>    <figure class=\"wp-block-gallery has-nested-images columns-default is-cropped wp-block-gallery-2 is-layout-flex wp-block-gallery-is-layout-flex\"> <figure class=\"wp-block-image size-large\"><img loading=\"lazy\" decoding=\"async\" width=\"720\" height=\"540\" data-id=\"1393\" src=\"https:\/\/taizynut.com\/wp-content\/uploads\/2026\/02\/fresh-cocoa-pods-before-processing.webp\" alt=\"fresh cocoa pods before processing\" class=\"wp-image-1393\" title=\"\" srcset=\"https:\/\/taizynut.com\/wp-content\/uploads\/2026\/02\/fresh-cocoa-pods-before-processing.webp 720w, https:\/\/taizynut.com\/wp-content\/uploads\/2026\/02\/fresh-cocoa-pods-before-processing-300x225.webp 300w, https:\/\/taizynut.com\/wp-content\/uploads\/2026\/02\/fresh-cocoa-pods-before-processing-16x12.webp 16w\" sizes=\"auto, (max-width: 720px) 100vw, 720px\" \/><figcaption class=\"wp-element-caption\">Cabosses de cacao fra\u00eeches avant traitement<\/figcaption><\/figure>    <figure class=\"wp-block-image size-large\"><img loading=\"lazy\" decoding=\"async\" width=\"720\" height=\"540\" data-id=\"1394\" src=\"https:\/\/taizynut.com\/wp-content\/uploads\/2026\/02\/cocoa-pod-slitter.webp\" alt=\"Fendeur de cabosses de cacao\" class=\"wp-image-1394\" title=\"\" srcset=\"https:\/\/taizynut.com\/wp-content\/uploads\/2026\/02\/cocoa-pod-slitter.webp 720w, https:\/\/taizynut.com\/wp-content\/uploads\/2026\/02\/cocoa-pod-slitter-300x225.webp 300w, https:\/\/taizynut.com\/wp-content\/uploads\/2026\/02\/cocoa-pod-slitter-16x12.webp 16w\" sizes=\"auto, (max-width: 720px) 100vw, 720px\" \/><figcaption class=\"wp-element-caption\">Fendeur de cabosses de cacao<\/figcaption><\/figure>    <figure class=\"wp-block-image size-large\"><img loading=\"lazy\" decoding=\"async\" width=\"720\" height=\"540\" data-id=\"1395\" src=\"https:\/\/taizynut.com\/wp-content\/uploads\/2026\/02\/cocoa-beans.webp\" alt=\"F\u00e8ves de cacao\" class=\"wp-image-1395\" title=\"\" srcset=\"https:\/\/taizynut.com\/wp-content\/uploads\/2026\/02\/cocoa-beans.webp 720w, https:\/\/taizynut.com\/wp-content\/uploads\/2026\/02\/cocoa-beans-300x225.webp 300w, https:\/\/taizynut.com\/wp-content\/uploads\/2026\/02\/cocoa-beans-16x12.webp 16w\" sizes=\"auto, (max-width: 720px) 100vw, 720px\" \/><figcaption class=\"wp-element-caption\">F\u00e8ves de cacao<\/figcaption><\/figure> <\/figure>    <h2 class=\"wp-block-heading\"><strong>Structure et principe de fonctionnement<\/strong><\/h2>    <p class=\"translation-block\"><strong>Structure :<\/strong><\/p>    <p>Notre machine de s\u00e9paration des cabosses de cacao se compose principalement de deux parties : <\/p>    <ul class=\"wp-block-list\"> <li>Machine de coupe de cabosse de cacao <\/li>    <li>Machine de s\u00e9paration des f\u00e8ves et des cabosses de cacao<\/li> <\/ul>    <figure class=\"wp-block-gallery has-nested-images columns-default is-cropped wp-block-gallery-3 is-layout-flex wp-block-gallery-is-layout-flex\"> <figure class=\"wp-block-image size-large\"><img loading=\"lazy\" decoding=\"async\" width=\"720\" height=\"540\" data-id=\"1396\" src=\"https:\/\/taizynut.com\/wp-content\/uploads\/2026\/02\/cocoa-pod-cutting-machine.webp\" alt=\"Machine de coupe de cabosse de cacao\" class=\"wp-image-1396\" title=\"\" srcset=\"https:\/\/taizynut.com\/wp-content\/uploads\/2026\/02\/cocoa-pod-cutting-machine.webp 720w, https:\/\/taizynut.com\/wp-content\/uploads\/2026\/02\/cocoa-pod-cutting-machine-300x225.webp 300w, https:\/\/taizynut.com\/wp-content\/uploads\/2026\/02\/cocoa-pod-cutting-machine-16x12.webp 16w\" sizes=\"auto, (max-width: 720px) 100vw, 720px\" \/><figcaption class=\"wp-element-caption\">Machine de coupe de cabosse de cacao<\/figcaption><\/figure>    <figure class=\"wp-block-image size-large\"><img loading=\"lazy\" decoding=\"async\" width=\"720\" height=\"540\" data-id=\"1397\" src=\"https:\/\/taizynut.com\/wp-content\/uploads\/2026\/02\/cocoa-bean-pod-separator.webp\" alt=\"S\u00e9parateur de f\u00e8ves et de cabosses de cacao\" class=\"wp-image-1397\" title=\"\" srcset=\"https:\/\/taizynut.com\/wp-content\/uploads\/2026\/02\/cocoa-bean-pod-separator.webp 720w, https:\/\/taizynut.com\/wp-content\/uploads\/2026\/02\/cocoa-bean-pod-separator-300x225.webp 300w, https:\/\/taizynut.com\/wp-content\/uploads\/2026\/02\/cocoa-bean-pod-separator-16x12.webp 16w\" sizes=\"auto, (max-width: 720px) 100vw, 720px\" \/><figcaption class=\"wp-element-caption\">S\u00e9parateur de f\u00e8ves et de cabosses de cacao<\/figcaption><\/figure> <\/figure>    <p class=\"translation-block\"><strong>Principe de fonctionnement :<\/strong><\/p>    <ol class=\"wp-block-list\"> <li><strong>Alimentation<\/strong> <ul class=\"wp-block-list\"> <li>Les cabosses de cacao sont dispos\u00e9es manuellement de mani\u00e8re uniforme et positionn\u00e9es, puis introduites dans la zone de coupe \u00e0 l'aide de pinces \u00e0 fruits.<\/li> <\/ul> <\/li>    <li><strong>Coupe de cabosse de cacao<\/strong> <ul class=\"wp-block-list\"> <li>La machine de coupe de cabosses de cacao coupe les cabosses, n'agissant que sur la coque ext\u00e9rieure sans endommager les f\u00e8ves.<\/li> <\/ul> <\/li>    <li><strong>S\u00e9paration des cabosses et des f\u00e8ves<\/strong> <ul class=\"wp-block-list\"> <li>Le m\u00e9lange entre dans une machine de s\u00e9paration des f\u00e8ves et des cabosses. La s\u00e9paration automatique est r\u00e9alis\u00e9e \u00e0 l'aide d'une structure de criblage \u00e0 tambour rotatif.<\/li> <\/ul> <\/li>    <li><strong>D\u00e9charge<\/strong> <ul class=\"wp-block-list\"> <li>Les f\u00e8ves et cabosses s\u00e9par\u00e9es sont \u00e9vacu\u00e9es par des sorties diff\u00e9rentes.<\/li> <\/ul> <\/li> <\/ol>   <div class=\"wp-block-image\"> <figure class=\"aligncenter size-full\"><img loading=\"lazy\" decoding=\"async\" width=\"720\" height=\"540\" src=\"https:\/\/taizynut.com\/wp-content\/uploads\/2026\/02\/cocoa-pod-splitter-machine-1.webp\" alt=\"Machine de s\u00e9paration des cabosses de cacao\" class=\"wp-image-1399\" title=\"\" srcset=\"https:\/\/taizynut.com\/wp-content\/uploads\/2026\/02\/cocoa-pod-splitter-machine-1.webp 720w, https:\/\/taizynut.com\/wp-content\/uploads\/2026\/02\/cocoa-pod-splitter-machine-1-300x225.webp 300w, https:\/\/taizynut.com\/wp-content\/uploads\/2026\/02\/cocoa-pod-splitter-machine-1-16x12.webp 16w\" sizes=\"auto, (max-width: 720px) 100vw, 720px\" \/><figcaption class=\"wp-element-caption\">Machine de s\u00e9paration des cabosses de cacao<\/figcaption><\/figure> <\/div>   <h2 class=\"wp-block-heading\"><strong>Mod\u00e8les et param\u00e8tres disponibles<\/strong><\/h2>    <p>La machine de s\u00e9paration des cabosses de cacao est disponible en deux configurations, petite et grande, selon la capacit\u00e9 de production et les exigences de traitement. Les sp\u00e9cifications d\u00e9taill\u00e9es sont les suivantes :<\/p>    <p class=\"translation-block\"><strong>Petite :<\/strong><\/p>    <figure class=\"wp-block-table\"><table><tbody><tr><td>Nom de l'appareil<\/td><td>Caract\u00e9ristiques<\/td><\/tr><tr><td>Machine de coupe de cacao<\/td><td>Capacit\u00e9 de production : environ 300-400kg\/h<br>Puissance : 0,75kw<br>Tension : 380V\/50Hz<br>Dimensions : 1,6*0,6*1,6 m<br>Mat\u00e9riau : Acier inoxydable 201 (courroie en acier), acier au carbone (cadre et pi\u00e8ces de transmission)<br>Poids : 150kg<\/td><\/tr><tr><td>S\u00e9parateur de f\u00e8ves et de cabosses de cacao<\/td><td>Capacit\u00e9 de production : environ 300-400kg\/h<br>Puissance : 1,1kw<br>Tension : 380V\/50Hz<br>Dimensions : 2*1.3*1.7 m<br>Mat\u00e9riaux : La chambre de tambour et la tr\u00e9mie en contact avec la nourriture sont en acier inoxydable 201, les pi\u00e8ces de transmission et le cadre sont en acier au carbone<br>Poids : 180kg<\/td><\/tr><\/tbody><\/table><figcaption class=\"wp-element-caption\">Param\u00e8tres de la petite machine de s\u00e9paration des cabosses de cacao<\/figcaption><\/figure>    <p class=\"translation-block\"><strong>Grand :<\/strong><\/p>    <figure class=\"wp-block-table\"><table class=\"has-fixed-layout\"><tbody><tr><td>Nom de l'appareil<\/td><td>Caract\u00e9ristiques<\/td><\/tr><tr><td>Machine de coupe de cacao<\/td><td>Capacit\u00e9 de production : environ 800kg\/h<br>Puissance : 0,75kw<br>Tension : 380V\/50Hz<br>Dimensions : 1,6*0,6*2 m<br>Mat\u00e9riau : Acier au carbone<br>Poids : 160kg<\/td><\/tr><tr><td>S\u00e9parateur de f\u00e8ves et de cabosses de cacao<\/td><td>Capacit\u00e9 de production : environ 1000kg\/h<br>Puissance : 1,1kw<br>Tension : 380V\/50Hz<br>Dimensions : 2,8 * 1,1 * 2,2 m<br>Mat\u00e9riaux : Les pi\u00e8ces en contact avec la nourriture sont en acier inoxydable, le cadre et les pi\u00e8ces de transmission sont en acier au carbone<br>Poids : 380kg<\/td><\/tr><\/tbody><\/table><figcaption class=\"wp-element-caption\">Param\u00e8tres de la grande machine de cassage de cabosses de cacao<\/figcaption><\/figure>    <h2 class=\"wp-block-heading\"><strong>Comment choisir la capacit\u00e9 appropri\u00e9e de la machine de s\u00e9paration des cabosses de cacao ?<\/strong><\/h2>    <p class=\"translation-block\"><strong>300\u2013400 kg\/h<\/strong> : Convient aux petites usines de traitement, traitement sur site dans les plantations ou projets initiaux.<\/p>    <p class=\"translation-block\"><strong>800\u20131000 kg\/h<\/strong> : Convient aux usines de traitement du cacao de taille moyenne \u00e0 grande.<\/p>    <figure class=\"wp-block-gallery has-nested-images columns-default is-cropped wp-block-gallery-4 is-layout-flex wp-block-gallery-is-layout-flex\"> <figure class=\"wp-block-image size-large\"><img loading=\"lazy\" decoding=\"async\" width=\"720\" height=\"540\" data-id=\"1400\" src=\"https:\/\/taizynut.com\/wp-content\/uploads\/2026\/02\/cocoa-pod-slitting-equipment.webp\" alt=\"cocoa pod splitting equipment\" class=\"wp-image-1400\" title=\"\" srcset=\"https:\/\/taizynut.com\/wp-content\/uploads\/2026\/02\/cocoa-pod-slitting-equipment.webp 720w, https:\/\/taizynut.com\/wp-content\/uploads\/2026\/02\/cocoa-pod-slitting-equipment-300x225.webp 300w, https:\/\/taizynut.com\/wp-content\/uploads\/2026\/02\/cocoa-pod-slitting-equipment-16x12.webp 16w\" sizes=\"auto, (max-width: 720px) 100vw, 720px\" \/><figcaption class=\"wp-element-caption\">\u00c9quipement de s\u00e9paration des cabosses de cacao<\/figcaption><\/figure>    <figure class=\"wp-block-image size-large\"><img loading=\"lazy\" decoding=\"async\" width=\"720\" height=\"540\" data-id=\"1401\" src=\"https:\/\/taizynut.com\/wp-content\/uploads\/2026\/02\/cocoa-pod-opening-machine.webp\" alt=\"Machine d&#039;ouverture de cabosse de cacao\" class=\"wp-image-1401\" title=\"\" srcset=\"https:\/\/taizynut.com\/wp-content\/uploads\/2026\/02\/cocoa-pod-opening-machine.webp 720w, https:\/\/taizynut.com\/wp-content\/uploads\/2026\/02\/cocoa-pod-opening-machine-300x225.webp 300w, https:\/\/taizynut.com\/wp-content\/uploads\/2026\/02\/cocoa-pod-opening-machine-16x12.webp 16w\" sizes=\"auto, (max-width: 720px) 100vw, 720px\" \/><figcaption class=\"wp-element-caption\">Machine d'ouverture de cabosse de cacao<\/figcaption><\/figure> <\/figure>    <h2 class=\"wp-block-heading\"><strong>FAQ de la machine de cassage de cabosses de cacao<\/strong><\/h2>   <div id=\"rank-math-faq\" class=\"rank-math-block\"> <div class=\"rank-math-list\"> <div id=\"faq-question-1770001708390\" class=\"rank-math-list-item\"> <h3 class=\"rank-math-question\">Les f\u00e8ves de cacao peuvent-elles \u00eatre endommag\u00e9es lors du processus de coupe de la cabosse ?<\/h3> <div class=\"rank-math-answer\">  <p>Non. Le processus de coupe affecte principalement la coque ext\u00e9rieure de la cabosse, avec un impact minimal sur les f\u00e8ves de cacao et un faible taux de dommages.<\/p>  <\/div> <\/div> <div id=\"faq-question-1770001783732\" class=\"rank-math-list-item\"> <h3 class=\"rank-math-question\">La machine de s\u00e9paration des cabosses de cacao peut-elle traiter des cabosses de tailles diff\u00e9rentes ?<\/h3> <div class=\"rank-math-answer\">  <p>Oui. L'\u00e9quipement convient aux cabosses de cacao m\u00fbres et courantes, avec une bonne adaptabilit\u00e9.<\/p>  <\/div> <\/div> <div id=\"faq-question-1770001829475\" class=\"rank-math-list-item\"> <h3 class=\"rank-math-question\">Quelle est la capacit\u00e9 de production de la machine d'ouverture de cabosse de cacao ?<\/h3> <div class=\"rank-math-answer\">  <p>Environ 300-800kg\/h.<\/p>  <\/div> <\/div> <div id=\"faq-question-1770001889891\" class=\"rank-math-list-item\"> <h3 class=\"rank-math-question\">Combien de personnes sont n\u00e9cessaires pour faire fonctionner la machine ?<\/h3> <div class=\"rank-math-answer\">  <p>1-2 personnes.<\/p>  <\/div> <\/div> <div id=\"faq-question-1770001971509\" class=\"rank-math-list-item\"> <h3 class=\"rank-math-question\">L'\u00e9quipement peut-il \u00eatre personnalis\u00e9 ?<\/h3> <div class=\"rank-math-answer\">  <p>Il peut \u00eatre personnalis\u00e9, comme la tension, le mat\u00e9riau, etc.<\/p>  <\/div> <\/div> <\/div> <\/div>   <h2 class=\"wp-block-heading\">Contactez-nous d\u00e8s maintenant !<\/h2>    <p>Si vous recherchez la machine de s\u00e9paration des cabosses de cacao ou d'autres \u00e9quipements de traitement, n'h\u00e9sitez pas \u00e0 nous contacter. Nous vous fournirons :<\/p>    <ul class=\"wp-block-list\"> <li>\u2713 Devis d\u00e9taill\u00e9s<\/li>    <li>\u2713 Vid\u00e9os, documents techniques et manuels d'utilisation<\/li>    <li>\u2713 Soutien aux partenariats de vente en gros et de distribution<\/li>    <li>\u2713 Services de personnalisation de l'\u00e9quipement<\/li>    <li>\u2713 Service apr\u00e8s-vente \u00e9tendu<\/li> <\/ul>    <p>Contactez-nous d\u00e8s maintenant pour commencer votre parcours de traitement du cacao !<\/p>","protected":false},"excerpt":{"rendered":"<p>This article mainly introduces the cocoa pod splitting machine. It consists of the cocoa pod cutter and a cocoa bean\/husk separation machine. The equipment has a capacity of 300-800 kg\/h. It can efficiently cut open cocoa pods and separate cocoa beans from the pods, reducing manual labor and improving processing efficiency.<\/p>","protected":false},"author":1,"featured_media":1407,"parent":0,"template":"","tags":[82,81,61],"product-type":[83],"class_list":["post-1390","product","type-product","status-publish","has-post-thumbnail","hentry","tag-cocoa","tag-cocoa-bean","tag-nut","product-type-cocoa-bean-processing-machine"],"_links":{"self":[{"href":"https:\/\/taizynut.com\/fr\/wp-json\/wp\/v2\/product\/1390","targetHints":{"allow":["GET"]}}],"collection":[{"href":"https:\/\/taizynut.com\/fr\/wp-json\/wp\/v2\/product"}],"about":[{"href":"https:\/\/taizynut.com\/fr\/wp-json\/wp\/v2\/types\/product"}],"author":[{"embeddable":true,"href":"https:\/\/taizynut.com\/fr\/wp-json\/wp\/v2\/users\/1"}],"wp:featuredmedia":[{"embeddable":true,"href":"https:\/\/taizynut.com\/fr\/wp-json\/wp\/v2\/media\/1407"}],"wp:attachment":[{"href":"https:\/\/taizynut.com\/fr\/wp-json\/wp\/v2\/media?parent=1390"}],"wp:term":[{"taxonomy":"post_tag","embeddable":true,"href":"https:\/\/taizynut.com\/fr\/wp-json\/wp\/v2\/tags?post=1390"},{"taxonomy":"product-type","embeddable":true,"href":"https:\/\/taizynut.com\/fr\/wp-json\/wp\/v2\/product-type?post=1390"}],"curies":[{"name":"wp","href":"https:\/\/api.w.org\/{rel}","templated":true}]}}