{"id":1419,"date":"2026-02-04T14:16:50","date_gmt":"2026-02-04T06:16:50","guid":{"rendered":"https:\/\/taizynut.com\/?post_type=product&#038;p=1419"},"modified":"2026-02-04T17:12:31","modified_gmt":"2026-02-04T09:12:31","slug":"peanut-coating-machine","status":"publish","type":"product","link":"https:\/\/taizynut.com\/fr\/product\/peanut-coating-machine\/","title":{"rendered":"Machine d'enrobage de cacahu\u00e8tes"},"content":{"rendered":"<p class=\"translation-block\">Taizy <strong>machine de rev\u00eatement de cacahu\u00e8tes<\/strong> est un appareil professionnel utilis\u00e9 pour enrober la surface des cacahu\u00e8tes, noix, haricots et autres mat\u00e9riaux granulaires. La machine de rev\u00eatement de noix est enti\u00e8rement en acier inoxydable, r\u00e9pondant aux normes de s\u00e9curit\u00e9 alimentaire.<\/p>    <p>Nous proposons divers mod\u00e8les de machines \u00e0 faire des cacahu\u00e8tes enrob\u00e9es avec des capacit\u00e9s allant de 2 \u00e0 50 kg\/lot, adapt\u00e9s \u00e0 diff\u00e9rentes \u00e9chelles de production. Si vous recherchez une machine \u00e0 enrober de burger de cacahu\u00e8tes, n'h\u00e9sitez pas \u00e0 nous contacter !<\/p>    <figure class=\"wp-block-embed is-type-video is-provider-youtube wp-block-embed-youtube wp-embed-aspect-16-9 wp-has-aspect-ratio\"><div class=\"wp-block-embed__wrapper\"> <iframe loading=\"lazy\" title=\"Machine commerciale d&#039;enrobage de cacahu\u00e8tes | Processus stable de machine enrobant les cacahu\u00e8tes pour les usines de snacks\" width=\"500\" height=\"281\" src=\"https:\/\/www.youtube.com\/embed\/gETruos1Q8A?feature=oembed\" frameborder=\"0\" allow=\"accelerometer; autoplay; clipboard-write; encrypted-media; gyroscope; picture-in-picture; web-share\" referrerpolicy=\"strict-origin-when-cross-origin\" allowfullscreen><\/iframe> <\/div><figcaption class=\"wp-element-caption\">Vid\u00e9o de travail de la machine de enrobage de cacahu\u00e8tes<\/figcaption><\/figure>    <h2 class=\"wp-block-heading\"><strong>Avantages de la machine \u00e0 faire des cacahu\u00e8tes enrob\u00e9es<\/strong><\/h2>    <ul class=\"wp-block-list\"> <li>Capacit\u00e9 de production flexible, adaptable \u00e0 divers besoins de production (2-50kg\/lot).<\/li>    <li>La structure \u00e0 rotation continue garantit une \u00e9paisseur d'enrobage uniforme et une grande coh\u00e9rence des produits finis.<\/li>    <li>Tr\u00e8s polyvalent, adapt\u00e9 \u00e0 des mat\u00e9riaux tels que cacahu\u00e8tes, noix et comprim\u00e9s.<\/li>    <li>Contr\u00f4le centralis\u00e9 PLC, op\u00e9ration intuitive, fonctionnement stable de l'\u00e9quipement et faible bruit.<\/li>    <li>R\u00e9glages de pulv\u00e9risation personnalisables, forme du plateau et structure.<\/li> <\/ul>   <div class=\"wp-block-image\"> <figure class=\"aligncenter size-full\"><img loading=\"lazy\" decoding=\"async\" width=\"720\" height=\"540\" src=\"https:\/\/taizynut.com\/wp-content\/uploads\/2026\/02\/flour-peanut-coated-machine.webp\" alt=\"Machine \u00e0 enrober de farine de cacahu\u00e8tes\" class=\"wp-image-1427\" title=\"\" srcset=\"https:\/\/taizynut.com\/wp-content\/uploads\/2026\/02\/flour-peanut-coated-machine.webp 720w, https:\/\/taizynut.com\/wp-content\/uploads\/2026\/02\/flour-peanut-coated-machine-300x225.webp 300w, https:\/\/taizynut.com\/wp-content\/uploads\/2026\/02\/flour-peanut-coated-machine-16x12.webp 16w\" sizes=\"auto, (max-width: 720px) 100vw, 720px\" \/><figcaption class=\"wp-element-caption\">Machine \u00e0 enrober de farine de cacahu\u00e8tes<\/figcaption><\/figure> <\/div>   <h2 class=\"wp-block-heading\"><strong>Quels mat\u00e9riaux conviennent pour la machine \u00e0 enrober de cacahu\u00e8tes ?<\/strong><\/h2>    <p>Notre machine \u00e0 enrober de cacahu\u00e8tes n'est pas seulement adapt\u00e9e pour enrober des cacahu\u00e8tes, mais aussi pour le traitement de surface de divers mat\u00e9riaux granulaires, notamment :<\/p>    <ul class=\"wp-block-list\"> <li>Cacahu\u00e8tes, noix de cajou, haricots japonais<\/li>    <li>Cynorrhodons, f\u00e8ves, produits \u00e0 base de haricots<\/li>    <li>Noix \u00e9pic\u00e9es, noix au chocolat, noix de cacao<\/li>    <li>Comprim\u00e9s, granules chimiques, etc.<\/li> <\/ul>    <p>La machine \u00e0 faire des cacahu\u00e8tes enrob\u00e9es convient aux processus d'assaisonnement, enrobage de sucre, enrobage au chocolat et enrobage fonctionnel.<\/p>   <div class=\"wp-block-image\"> <figure class=\"aligncenter size-full\"><img loading=\"lazy\" decoding=\"async\" width=\"720\" height=\"540\" src=\"https:\/\/taizynut.com\/wp-content\/uploads\/2026\/02\/application-of-peanut-burger-coating-machine.webp\" alt=\"Application de la machine \u00e0 enrober de burger de cacahu\u00e8tes\" class=\"wp-image-1429\" title=\"\" srcset=\"https:\/\/taizynut.com\/wp-content\/uploads\/2026\/02\/application-of-peanut-burger-coating-machine.webp 720w, https:\/\/taizynut.com\/wp-content\/uploads\/2026\/02\/application-of-peanut-burger-coating-machine-300x225.webp 300w, https:\/\/taizynut.com\/wp-content\/uploads\/2026\/02\/application-of-peanut-burger-coating-machine-16x12.webp 16w\" sizes=\"auto, (max-width: 720px) 100vw, 720px\" \/><figcaption class=\"wp-element-caption\">Application de la machine \u00e0 enrober de burger de cacahu\u00e8tes<\/figcaption><\/figure> <\/div>   <h2 class=\"wp-block-heading\"><strong>Mod\u00e8les disponibles de machine \u00e0 enrober de cacahu\u00e8tes<\/strong><\/h2>    <figure class=\"wp-block-table\"><table><tbody><tr><td>Mod\u00e8le<\/td><td>Vitesse de rotation<\/td><td>Puissance de transmission<\/td><td>Puissance du ventilateur<\/td><td>Puissance de chauffage inf\u00e9rieure<\/td><td>Puissance d'air chaud<\/td><td>Capacit\u00e9<\/td><td>Taille de la machine<\/td><\/tr><tr><td>TZ-400<\/td><td>28r\/min<\/td><td>0,37 kW<\/td><td>180w<\/td><td>1kw<\/td><td>1kw<\/td><td>2-5kg\/lot<\/td><td>900*500*1450mm<\/td><\/tr><tr><td>TZ-600<\/td><td>28r\/min<\/td><td>0.75kw<\/td><td>180w<\/td><td>1kw<\/td><td>1kw<\/td><td>5-10kg\/lot<\/td><td>900*600*1450mm<\/td><\/tr><tr><td>TZ-800<\/td><td>28r\/min<\/td><td>1075kw<\/td><td>250w<\/td><td>2kw<\/td><td>2kw<\/td><td>10-20kg\/lot<\/td><td>1000*800*1500mm<\/td><\/tr><tr><td>TZ-1000<\/td><td>28r\/min<\/td><td>0.75kw<\/td><td>250w<\/td><td>2kw<\/td><td>2kw<\/td><td>20-30kg\/lot<\/td><td>1200*1000*1700mm<\/td><\/tr><tr><td>TZ-1200<\/td><td>22r\/min<\/td><td>1.1kw<\/td><td>250w<\/td><td>2kw<\/td><td>2kw<\/td><td>30-40kg\/lot<\/td><td>1300*1200*1800mm<\/td><\/tr><tr><td>TZ-1400<\/td><td>22r\/min<\/td><td>1.5kw<\/td><td>250w<\/td><td>3 kW<\/td><td>3 kW<\/td><td>40-50kg\/lot<\/td><td>1550*1400*1850mm<\/td><\/tr><\/tbody><\/table><figcaption class=\"wp-element-caption\">param\u00e8tres de la machine \u00e0 faire des cacahu\u00e8tes enrob\u00e9es<\/figcaption><\/figure>    <h2 class=\"wp-block-heading\"><strong>Structure de la machine \u00e0 enrober de cacahu\u00e8tes<\/strong><\/h2>    <p>La machine \u00e0 faire des burgers de cacahu\u00e8tes se compose de plusieurs composants : cadre, bo\u00eete de vitesses, dispositif de chauffage, plateau de rev\u00eatement, pistolet de pulv\u00e9risation et panneau de contr\u00f4le PLC.<\/p>    <ul class=\"wp-block-list\"> <li>Le plateau de rev\u00eatement est inclin\u00e9 \u00e0 un angle de 30 degr\u00e9s.<\/li>    <li>Les chauffages \u00e9lectriques, br\u00fbleurs \u00e0 gaz ou autres dispositifs de chauffage direct peuvent \u00eatre plac\u00e9s sous le plateau.<\/li>    <li>Notre machine \u00e0 enrober de cacahu\u00e8tes peut \u00eatre \u00e9quip\u00e9e en option du dispositif de pulv\u00e9risation.<\/li> <\/ul>    <figure class=\"wp-block-gallery has-nested-images columns-default is-cropped wp-block-gallery-2 is-layout-flex wp-block-gallery-is-layout-flex\"> <figure class=\"wp-block-image size-large\"><img loading=\"lazy\" decoding=\"async\" width=\"540\" height=\"720\" data-id=\"1431\" src=\"https:\/\/taizynut.com\/wp-content\/uploads\/2026\/02\/coated-peanut-macine.webp\" alt=\"coated peanut machine\" class=\"wp-image-1431\" title=\"\" srcset=\"https:\/\/taizynut.com\/wp-content\/uploads\/2026\/02\/coated-peanut-macine.webp 540w, https:\/\/taizynut.com\/wp-content\/uploads\/2026\/02\/coated-peanut-macine-225x300.webp 225w, https:\/\/taizynut.com\/wp-content\/uploads\/2026\/02\/coated-peanut-macine-9x12.webp 9w\" sizes=\"auto, (max-width: 540px) 100vw, 540px\" \/><figcaption class=\"wp-element-caption\">Machine \u00e0 enrober de cacahu\u00e8tes<\/figcaption><\/figure>    <figure class=\"wp-block-image size-large\"><img loading=\"lazy\" decoding=\"async\" width=\"540\" height=\"720\" data-id=\"1430\" src=\"https:\/\/taizynut.com\/wp-content\/uploads\/2026\/02\/automatic-peanut-coating-machine.webp\" alt=\"automatic peanut coating machine\" class=\"wp-image-1430\" title=\"\" srcset=\"https:\/\/taizynut.com\/wp-content\/uploads\/2026\/02\/automatic-peanut-coating-machine.webp 540w, https:\/\/taizynut.com\/wp-content\/uploads\/2026\/02\/automatic-peanut-coating-machine-225x300.webp 225w, https:\/\/taizynut.com\/wp-content\/uploads\/2026\/02\/automatic-peanut-coating-machine-9x12.webp 9w\" sizes=\"auto, (max-width: 540px) 100vw, 540px\" \/><figcaption class=\"wp-element-caption\">Machine automatique \u00e0 enrober de cacahu\u00e8tes<\/figcaption><\/figure>    <figure class=\"wp-block-image size-large\"><img loading=\"lazy\" decoding=\"async\" width=\"540\" height=\"720\" data-id=\"1432\" src=\"https:\/\/taizynut.com\/wp-content\/uploads\/2026\/02\/coated-peanut-making-equipment.webp\" alt=\"coated peanut making equipment\" class=\"wp-image-1432\" title=\"\" srcset=\"https:\/\/taizynut.com\/wp-content\/uploads\/2026\/02\/coated-peanut-making-equipment.webp 540w, https:\/\/taizynut.com\/wp-content\/uploads\/2026\/02\/coated-peanut-making-equipment-225x300.webp 225w, https:\/\/taizynut.com\/wp-content\/uploads\/2026\/02\/coated-peanut-making-equipment-9x12.webp 9w\" sizes=\"auto, (max-width: 540px) 100vw, 540px\" \/><figcaption class=\"wp-element-caption\">\u00c9quipement de fabrication de cacahu\u00e8tes enrob\u00e9es<\/figcaption><\/figure> <\/figure>    <h2 class=\"wp-block-heading\"><strong>Comment fonctionne la machine \u00e0 enrober de cacahu\u00e8tes ?<\/strong><\/h2>    <p>La machine \u00e0 enrober de cacahu\u00e8tes utilise une combinaison de rotation continue dans un tambour rotatif et de s\u00e9chage \u00e0 l'air chaud pour garantir un chauffage uniforme des cacahu\u00e8tes pendant le processus d'enrobage, produisant un produit avec un enrobage uniforme.<\/p>    <ul class=\"wp-block-list\"> <li>\u00c9tape 1 : Pr\u00e9paration des mati\u00e8res premi\u00e8res  <ul class=\"wp-block-list\"> <li>Lavez soigneusement les cacahu\u00e8tes et s\u00e9chez-les compl\u00e8tement, en \u00e9liminant toute impuret\u00e9 ou d\u00e9bris.<\/li> <\/ul> <\/li>    <li>\u00c9tape 2 : R\u00e9glages des param\u00e8tres de l'\u00e9quipement <ul class=\"wp-block-list\"> <li>Ajustez la temp\u00e9rature, la vitesse de rotation du tambour et le volume de pulv\u00e9risation en fonction de l'\u00e9paisseur et de la texture de rev\u00eatement souhait\u00e9es.<\/li> <\/ul> <\/li>    <li>\u00c9tape 3 : Alimentation et op\u00e9ration <ul class=\"wp-block-list\"> <li>Ajoutez une quantit\u00e9 appropri\u00e9e de cacahu\u00e8tes uniform\u00e9ment dans le port d'alimentation de la machine \u00e0 enrober de cacahu\u00e8tes.<\/li> <\/ul> <\/li>    <li>\u00c9tape 4 : Formation de l'enrobage <ul class=\"wp-block-list\"> <li>Apr\u00e8s le d\u00e9marrage de la machine \u00e0 enrober de cacahu\u00e8tes, le syst\u00e8me de pulv\u00e9risation recouvre uniform\u00e9ment les cacahu\u00e8tes. Cela donne des cacahu\u00e8tes enrob\u00e9es avec une apparence uniforme et une bonne texture.<\/li> <\/ul> <\/li> <\/ul>   <div class=\"wp-block-image\"> <figure class=\"aligncenter size-full\"><img loading=\"lazy\" decoding=\"async\" width=\"720\" height=\"540\" src=\"https:\/\/taizynut.com\/wp-content\/uploads\/2026\/02\/peanut-burger-coating-machine.webp\" alt=\"machine \u00e0 enrober de burger de cacahu\u00e8tes\" class=\"wp-image-1433\" title=\"\" srcset=\"https:\/\/taizynut.com\/wp-content\/uploads\/2026\/02\/peanut-burger-coating-machine.webp 720w, https:\/\/taizynut.com\/wp-content\/uploads\/2026\/02\/peanut-burger-coating-machine-300x225.webp 300w, https:\/\/taizynut.com\/wp-content\/uploads\/2026\/02\/peanut-burger-coating-machine-16x12.webp 16w\" sizes=\"auto, (max-width: 720px) 100vw, 720px\" \/><figcaption class=\"wp-element-caption\">machine \u00e0 enrober de burger de cacahu\u00e8tes<\/figcaption><\/figure> <\/div>   <h2 class=\"wp-block-heading\"><strong>Prix de l'\u00e9quipement de fabrication de cacahu\u00e8tes enrob\u00e9es<\/strong><\/h2>    <p>Le prix d'une machine \u00e0 enrober de cacahu\u00e8tes est g\u00e9n\u00e9ralement influenc\u00e9 par sa configuration, sa capacit\u00e9 de production et ses exigences de personnalisation. La machine \u00e0 enrober de burger de cacahu\u00e8tes est souvent tarif\u00e9e en fonction des configurations personnalis\u00e9es. Voici les principaux facteurs influen\u00e7ant le prix d'une machine \u00e0 enrober de cacahu\u00e8tes :<\/p>    <ol class=\"wp-block-list\"> <li>Capacit\u00e9 de production et sp\u00e9cifications de l'\u00e9quipement<\/li>    <li>Exigences en mati\u00e8re de mat\u00e9riaux et de processus<\/li>    <li>Configuration fonctionnelle et degr\u00e9 d'automatisation<\/li>    <li>Exigences de personnalisation<\/li> <\/ol>    <p>Lors du choix d'une machine \u00e0 faire des cacahu\u00e8tes enrob\u00e9es, vous devez d\u00e9terminer les sp\u00e9cifications en fonction des mati\u00e8res premi\u00e8res et du volume de production. Ce n'est qu'en d\u00e9finissant clairement vos besoins sp\u00e9cifiques que vous pouvez obtenir un prix plus pr\u00e9cis et raisonnable.<\/p>    <figure class=\"wp-block-gallery has-nested-images columns-default is-cropped wp-block-gallery-3 is-layout-flex wp-block-gallery-is-layout-flex\"> <figure class=\"wp-block-image size-large\"><img loading=\"lazy\" decoding=\"async\" width=\"540\" height=\"720\" data-id=\"1435\" src=\"https:\/\/taizynut.com\/wp-content\/uploads\/2026\/02\/peanut-coating-equipment.webp\" alt=\"peanut coating equipment\" class=\"wp-image-1435\" title=\"\" srcset=\"https:\/\/taizynut.com\/wp-content\/uploads\/2026\/02\/peanut-coating-equipment.webp 540w, https:\/\/taizynut.com\/wp-content\/uploads\/2026\/02\/peanut-coating-equipment-225x300.webp 225w, https:\/\/taizynut.com\/wp-content\/uploads\/2026\/02\/peanut-coating-equipment-9x12.webp 9w\" sizes=\"auto, (max-width: 540px) 100vw, 540px\" \/><figcaption class=\"wp-element-caption\">\u00c9quipement de rev\u00eatement de cacahu\u00e8tes<\/figcaption><\/figure>    <figure class=\"wp-block-image size-large\"><img loading=\"lazy\" decoding=\"async\" width=\"540\" height=\"720\" data-id=\"1434\" src=\"https:\/\/taizynut.com\/wp-content\/uploads\/2026\/02\/peanut-burger-coating-equipment.webp\" alt=\"peanut burger coating equipment\" class=\"wp-image-1434\" title=\"\" srcset=\"https:\/\/taizynut.com\/wp-content\/uploads\/2026\/02\/peanut-burger-coating-equipment.webp 540w, https:\/\/taizynut.com\/wp-content\/uploads\/2026\/02\/peanut-burger-coating-equipment-225x300.webp 225w, https:\/\/taizynut.com\/wp-content\/uploads\/2026\/02\/peanut-burger-coating-equipment-9x12.webp 9w\" sizes=\"auto, (max-width: 540px) 100vw, 540px\" \/><figcaption class=\"wp-element-caption\">\u00c9quipement de rev\u00eatement de burger de cacahu\u00e8tes<\/figcaption><\/figure>    <figure class=\"wp-block-image size-large\"><img loading=\"lazy\" decoding=\"async\" width=\"540\" height=\"720\" data-id=\"1436\" src=\"https:\/\/taizynut.com\/wp-content\/uploads\/2026\/02\/peanut-coating-machine.webp\" alt=\"peanut coating machine\" class=\"wp-image-1436\" title=\"\" srcset=\"https:\/\/taizynut.com\/wp-content\/uploads\/2026\/02\/peanut-coating-machine.webp 540w, https:\/\/taizynut.com\/wp-content\/uploads\/2026\/02\/peanut-coating-machine-225x300.webp 225w, https:\/\/taizynut.com\/wp-content\/uploads\/2026\/02\/peanut-coating-machine-9x12.webp 9w\" sizes=\"auto, (max-width: 540px) 100vw, 540px\" \/><figcaption class=\"wp-element-caption\">Machine \u00e0 enrober de cacahu\u00e8tes<\/figcaption><\/figure> <\/figure>    <h2 class=\"wp-block-heading\"><strong>FAQ de la machine automatique \u00e0 enrober de cacahu\u00e8tes<\/strong><\/h2>   <div id=\"rank-math-faq\" class=\"rank-math-block\"> <div class=\"rank-math-list\"> <div id=\"faq-question-1770171301882\" class=\"rank-math-list-item\"> <h3 class=\"rank-math-question\">Quelle est la capacit\u00e9 de production de cette machine \u00e0 enrober de burger de cacahu\u00e8tes ?<\/h3> <div class=\"rank-math-answer\">  <p>2\u201350 kg\/lot.<\/p>  <\/div> <\/div> <div id=\"faq-question-1770171339226\" class=\"rank-math-list-item\"> <h3 class=\"rank-math-question\">Une machine de rev\u00eatement de cacahu\u00e8tes est-elle uniquement utilis\u00e9e pour les cacahu\u00e8tes ?<\/h3> <div class=\"rank-math-answer\">  <p>Elle convient \u00e9galement aux noix de cajou, haricots japonais, cynorrhodons, comprim\u00e9s, etc.<\/p>  <\/div> <\/div> <div id=\"faq-question-1770171404801\" class=\"rank-math-list-item\"> <h3 class=\"rank-math-question\">L'appareil supporte-t-il la personnalisation ?<\/h3> <div class=\"rank-math-answer\">  <p>Le dispositif de pulv\u00e9risation et la forme et la structure du plateau de rev\u00eatement peuvent \u00eatre s\u00e9lectionn\u00e9s en fonction des exigences de production.<\/p>  <\/div> <\/div> <div id=\"faq-question-1770171481298\" class=\"rank-math-list-item\"> <h3 class=\"rank-math-question\">Les proc\u00e9dures d'exploitation et de maintenance sont-elles compliqu\u00e9es ?<\/h3> <div class=\"rank-math-answer\">  <p>L'\u00e9quipement utilise un syst\u00e8me de contr\u00f4le PLC, dispose d'une interface claire et est facile \u00e0 entretenir.<\/p>  <\/div> <\/div> <div id=\"faq-question-1770171508900\" class=\"rank-math-list-item\"> <h3 class=\"rank-math-question\">Proposez-vous d'autres \u00e9quipements li\u00e9s au traitement des cacahu\u00e8tes ?<\/h3> <div class=\"rank-math-answer\">  <p class=\"translation-block\">Nous proposons des \u00e9quipements tels que le <a href=\"https:\/\/taizynut.com\/fr\/product\/small-peanut-roasting-machine-groundnut-roaster-machine\/\">machine de torr\u00e9faction de cacahu\u00e8tes<\/a> et le <a href=\"https:\/\/taizynut.com\/fr\/product\/dry-peanut-peeling-machine\/\">machine de pelage de cacahu\u00e8tes<\/a>.<\/p>  <\/div> <\/div> <\/div> <\/div>   <h2 class=\"wp-block-heading\"><strong>Contactez-nous pour obtenir un devis !<\/strong><\/h2>    <p>Whether you&#8217;re planning to upgrade your existing peanut processing equipment or build a complete coated peanut production line, we can provide you with the right equipment and solutions. Contact us today for a free consultation!<\/p>","protected":false},"excerpt":{"rendered":"<p>This article introduces an automatic peanut coating machine with a single-batch capacity of 2\u201350 kg, suitable for coating nuts and legumes such as peanuts, cashews, Japanese beans, and broad beans. The equipment provides uniform coating, stable operation, and supports various flavors and processing requirements.<\/p>","protected":false},"author":1,"featured_media":1437,"parent":0,"template":"","tags":[61,45],"product-type":[27],"class_list":["post-1419","product","type-product","status-publish","has-post-thumbnail","hentry","tag-nut","tag-peanut","product-type-peanut-kernel-processing"],"_links":{"self":[{"href":"https:\/\/taizynut.com\/fr\/wp-json\/wp\/v2\/product\/1419","targetHints":{"allow":["GET"]}}],"collection":[{"href":"https:\/\/taizynut.com\/fr\/wp-json\/wp\/v2\/product"}],"about":[{"href":"https:\/\/taizynut.com\/fr\/wp-json\/wp\/v2\/types\/product"}],"author":[{"embeddable":true,"href":"https:\/\/taizynut.com\/fr\/wp-json\/wp\/v2\/users\/1"}],"wp:featuredmedia":[{"embeddable":true,"href":"https:\/\/taizynut.com\/fr\/wp-json\/wp\/v2\/media\/1437"}],"wp:attachment":[{"href":"https:\/\/taizynut.com\/fr\/wp-json\/wp\/v2\/media?parent=1419"}],"wp:term":[{"taxonomy":"post_tag","embeddable":true,"href":"https:\/\/taizynut.com\/fr\/wp-json\/wp\/v2\/tags?post=1419"},{"taxonomy":"product-type","embeddable":true,"href":"https:\/\/taizynut.com\/fr\/wp-json\/wp\/v2\/product-type?post=1419"}],"curies":[{"name":"wp","href":"https:\/\/api.w.org\/{rel}","templated":true}]}}