{"id":1468,"date":"2026-02-09T11:16:46","date_gmt":"2026-02-09T03:16:46","guid":{"rendered":"https:\/\/taizynut.com\/?post_type=product&#038;p=1468"},"modified":"2026-02-09T11:49:27","modified_gmt":"2026-02-09T03:49:27","slug":"peanut-kernel-washing-machine","status":"publish","type":"product","link":"https:\/\/taizynut.com\/fr\/product\/peanut-kernel-washing-machine\/","title":{"rendered":"Machine \u00e0 laver les noyaux de cacahu\u00e8te"},"content":{"rendered":"<p class=\"translation-block\">La <strong>machine \u00e0 laver les noyaux d'arachide<\/strong> est un \u00e9quipement \u00e0 flux continu sp\u00e9cialement con\u00e7u pour le nettoyage par pulv\u00e9risation de mat\u00e9riaux granulaires. Elle est principalement utilis\u00e9e pour \u00e9liminer la salet\u00e9, la poussi\u00e8re et les coquilles cass\u00e9es \u00e0 la surface des arachides. Ce nettoyage de noix est adapt\u00e9 pour nettoyer les arachides, les haricots, le ma\u00efs et d'autres mat\u00e9riaux granulaires.<\/p>    <p>Notre machine \u00e0 laver les arachides a une capacit\u00e9 de production de 1 \u00e0 1,5 t\/h, ce qui peut r\u00e9pondre aux besoins de nettoyage des petites et grandes entreprises de transformation alimentaire. Si vous recherchez une machine de nettoyage des noyaux d'arachide, veuillez nous contacter pour plus d'informations !<\/p>    <figure class=\"wp-block-embed is-type-video is-provider-youtube wp-block-embed-youtube wp-embed-aspect-16-9 wp-has-aspect-ratio\"><div class=\"wp-block-embed__wrapper\"> <iframe loading=\"lazy\" title=\"Machine automatique de lavage des noyaux d&#039;arachide pour le nettoyage des arachides|Machine de traitement des arachides en action\" width=\"500\" height=\"281\" src=\"https:\/\/www.youtube.com\/embed\/Hm4avJcp5kU?feature=oembed\" frameborder=\"0\" allow=\"accelerometer; autoplay; clipboard-write; encrypted-media; gyroscope; picture-in-picture; web-share\" referrerpolicy=\"strict-origin-when-cross-origin\" allowfullscreen><\/iframe> <\/div><figcaption class=\"wp-element-caption\">Vid\u00e9o de travail de l'\u00e9quipement de lavage d'arachide<\/figcaption><\/figure>    <h2 class=\"wp-block-heading\"><strong>Caract\u00e9ristiques de la machine \u00e0 laver les arachides<\/strong><\/h2>    <ul class=\"wp-block-list\"> <li><strong>Production continue<\/strong>: Supporte un fonctionnement ininterrompu avec une capacit\u00e9 de 1 \u00e0 1,5 tonnes\/heure.<\/li>    <li><strong>Structure enti\u00e8rement en acier inoxydable<\/strong>: Respecte les normes alimentaires, est r\u00e9sistant \u00e0 la corrosion et a une longue dur\u00e9e de vie.<\/li>    <li><strong>Conception de recyclage de l'eau<\/strong>: \u00c9conomise de l'eau et r\u00e9duit les co\u00fbts d'exploitation.<\/li>    <li>G<strong>Nettoyage doux sans dommage<\/strong>: Le nettoyage par roulement du tambour \u00e9vite d'endommager les arachides.<\/li>    <li><strong>Op\u00e9ration et maintenance simples<\/strong>: Fonctionnement stable, facile \u00e0 utiliser, et peut \u00eatre op\u00e9r\u00e9 par une seule personne.<\/li> <\/ul>   <div class=\"wp-block-image\"> <figure class=\"aligncenter size-full\"><img loading=\"lazy\" decoding=\"async\" width=\"720\" height=\"540\" src=\"https:\/\/taizynut.com\/wp-content\/uploads\/2026\/02\/nut-washing-machine.webp\" alt=\"Machine \u00e0 laver les noix\" class=\"wp-image-1469\" title=\"\" srcset=\"https:\/\/taizynut.com\/wp-content\/uploads\/2026\/02\/nut-washing-machine.webp 720w, https:\/\/taizynut.com\/wp-content\/uploads\/2026\/02\/nut-washing-machine-300x225.webp 300w, https:\/\/taizynut.com\/wp-content\/uploads\/2026\/02\/nut-washing-machine-16x12.webp 16w\" sizes=\"auto, (max-width: 720px) 100vw, 720px\" \/><figcaption class=\"wp-element-caption\">Machine \u00e0 laver les noix<\/figcaption><\/figure> <\/div>   <h2 class=\"wp-block-heading\"><strong>Mat\u00e9riaux et sc\u00e9narios applicables<\/strong><\/h2>    <p>Cette machine \u00e0 laver les noyaux d'arachide convient non seulement pour les arachides, mais aussi pour le nettoyage de divers mat\u00e9riaux granulaires : arachides, haricots, grains, noix, graines, et autres types de mat\u00e9riaux granulaires.<\/p>   <div class=\"wp-block-image\"> <figure class=\"aligncenter size-full\"><img loading=\"lazy\" decoding=\"async\" width=\"720\" height=\"540\" src=\"https:\/\/taizynut.com\/wp-content\/uploads\/2026\/02\/application-of-peanut-washing-equipment.webp\" alt=\"Application de l&#039;\u00e9quipement de lavage d&#039;arachide\" class=\"wp-image-1470\" title=\"\" srcset=\"https:\/\/taizynut.com\/wp-content\/uploads\/2026\/02\/application-of-peanut-washing-equipment.webp 720w, https:\/\/taizynut.com\/wp-content\/uploads\/2026\/02\/application-of-peanut-washing-equipment-300x225.webp 300w, https:\/\/taizynut.com\/wp-content\/uploads\/2026\/02\/application-of-peanut-washing-equipment-16x12.webp 16w\" sizes=\"auto, (max-width: 720px) 100vw, 720px\" \/><figcaption class=\"wp-element-caption\">Application de l'\u00e9quipement de lavage d'arachide<\/figcaption><\/figure> <\/div>   <p class=\"translation-block\">Ce nettoyeur de noyaux de cacahu\u00e8te peut servir de dispositif pr\u00e9liminaire important pour les lignes de traitement des arachides et des noix. Cette machine de nettoyage est couramment utilis\u00e9e dans la <a href=\"https:\/\/taizynut.com\/fr\/product\/automatic-peanut-oil-production-line\/\">ligne de production de beurre d'arachide<\/a>, la <a href=\"https:\/\/taizynut.com\/fr\/product\/coated-peanut-production-line\/\">ligne de production d'arachides enrob\u00e9es<\/a>, et d'autres applications de traitement des noix.<\/p>    <h2 class=\"wp-block-heading\"><strong>Caract\u00e9ristiques techniques de la machine \u00e0 laver les noyaux d'arachide<\/strong><\/h2>    <figure class=\"wp-block-table\"><table class=\"has-fixed-layout\"><tbody><tr><td>Mod\u00e8le<\/td><td>TZ-1500<\/td><\/tr><tr><td>Capacit\u00e9<\/td><td>1-1,5 t\/h<\/td><\/tr><tr><td>Pouvoir<\/td><td>1.1kw<\/td><\/tr><tr><td>Puissance de la pompe \u00e0 eau<\/td><td>0.75kw<\/td><\/tr><tr><td>Mat\u00e9riel de machine<\/td><td>Acier inoxydable 201 <\/td><\/tr><\/tbody><\/table><figcaption class=\"wp-element-caption\">Param\u00e8tres techniques de la machine \u00e0 nettoyer les noyaux d'arachide<\/figcaption><\/figure>    <h2 class=\"wp-block-heading\"><strong>Comment fonctionne la machine \u00e0 nettoyer les noyaux d'arachide ?<\/strong><\/h2>    <p>Cette machine \u00e0 laver les noyaux d'arachide utilise une structure de nettoyage par pulv\u00e9risation en tambour, garantissant un nettoyage uniforme sans endommager les arachides. Le processus de fonctionnement est le suivant :<\/p>    <ul class=\"wp-block-list\"> <li>Les arachides d\u00e9cortiqu\u00e9es entrent dans le tambour perfor\u00e9 en acier inoxydable depuis l'extr\u00e9mit\u00e9 d'alimentation.<\/li>    <li>Le moteur entra\u00eene le tambour \u00e0 tourner lentement, provoquant le roulement continu des arachides.<\/li>    <li>Une pompe \u00e0 eau pulv\u00e9rise de l'eau propre dans le tambour, et le d\u00e9bit d'eau ainsi que la friction avec le mat\u00e9riau \u00e9liminent les impuret\u00e9s.<\/li>    <li>Les eaux us\u00e9es et les impuret\u00e9s fines sont \u00e9vacu\u00e9es par les trous du tambour.<\/li>    <li>Le tambour inclin\u00e9, combin\u00e9 au mouvement de rotation, \u00e9vacue les arachides nettoy\u00e9es.<\/li> <\/ul>   <div class=\"wp-block-image\"> <figure class=\"aligncenter size-full\"><img loading=\"lazy\" decoding=\"async\" width=\"720\" height=\"540\" src=\"https:\/\/taizynut.com\/wp-content\/uploads\/2026\/02\/peanut-cleaning-machine.webp\" alt=\"Machine de nettoyage d&#039;arachides\" class=\"wp-image-1471\" title=\"\" srcset=\"https:\/\/taizynut.com\/wp-content\/uploads\/2026\/02\/peanut-cleaning-machine.webp 720w, https:\/\/taizynut.com\/wp-content\/uploads\/2026\/02\/peanut-cleaning-machine-300x225.webp 300w, https:\/\/taizynut.com\/wp-content\/uploads\/2026\/02\/peanut-cleaning-machine-16x12.webp 16w\" sizes=\"auto, (max-width: 720px) 100vw, 720px\" \/><figcaption class=\"wp-element-caption\">Machine de nettoyage d'arachides<\/figcaption><\/figure> <\/div>   <h2 class=\"wp-block-heading\"><strong>Combien co\u00fbte une machine \u00e0 laver les arachides ?<\/strong><\/h2>    <p>Le prix sp\u00e9cifique de cette machine \u00e0 laver les noyaux d'arachide variera en fonction de la configuration et des exigences. Les principaux facteurs d'influence incluent :<\/p>    <ul class=\"wp-block-list\"> <li><strong>Exigences de capacit\u00e9 de production<\/strong>: Diff\u00e9rents clients ont des exigences de production diff\u00e9rentes ; des demandes de capacit\u00e9 plus \u00e9lev\u00e9e entra\u00eenent des co\u00fbts de configuration et de fabrication plus \u00e9lev\u00e9s.<\/li>    <li><strong>Mat\u00e9riaux et configuration<\/strong>: The machine&#8217;s materials, water tank capacity, and spraying system will all affect the final price.<\/li>    <li><strong>Exigences de personnalisation<\/strong>: Les diff\u00e9rentes tensions, fr\u00e9quences et personnalisations sp\u00e9cifiques (taille, structure) selon le pays influenceront les co\u00fbts de production.<\/li>    <li><strong>M\u00e9thodes de transport et d'emballage<\/strong>: Le fret maritime, l'emballage en caisse en bois, et diff\u00e9rents ports de destination entra\u00eeneront tous des co\u00fbts totaux finaux diff\u00e9rents.<\/li> <\/ul>   <div class=\"wp-block-image\"> <figure class=\"aligncenter size-full\"><img loading=\"lazy\" decoding=\"async\" width=\"720\" height=\"540\" src=\"https:\/\/taizynut.com\/wp-content\/uploads\/2026\/02\/peanut-kernel-washing-machine.webp\" alt=\"Machine \u00e0 laver les noyaux d&#039;arachide\" class=\"wp-image-1472\" title=\"\" srcset=\"https:\/\/taizynut.com\/wp-content\/uploads\/2026\/02\/peanut-kernel-washing-machine.webp 720w, https:\/\/taizynut.com\/wp-content\/uploads\/2026\/02\/peanut-kernel-washing-machine-300x225.webp 300w, https:\/\/taizynut.com\/wp-content\/uploads\/2026\/02\/peanut-kernel-washing-machine-16x12.webp 16w\" sizes=\"auto, (max-width: 720px) 100vw, 720px\" \/><figcaption class=\"wp-element-caption\">Machine \u00e0 laver les noyaux d'arachide<\/figcaption><\/figure> <\/div>   <h2 class=\"wp-block-heading\"><strong>Pourquoi choisir Taizy comme fournisseur ?<\/strong><\/h2>    <p>Taizy est un fabricant professionnel d'\u00e9quipements agricoles et de transformation alimentaire, exportant ses produits dans de nombreux pays \u00e0 travers le monde. Nous poss\u00e9dons une vaste exp\u00e9rience de projets et offrons des \u00e9quipements de haute qualit\u00e9 de mani\u00e8re constante. Choisir Taizy, c'est recevoir :<\/p>    <ul class=\"wp-block-list\"> <li>Une solution de traitement des arachides mature et compl\u00e8te. Nous fournissons tout, du nettoyage \u00e0 la torr\u00e9faction, jusqu'aux \u00e9quipements de traitement en profondeur.<\/li>    <li>Qualit\u00e9 d'\u00e9quipement stable et fiable ; notre machine \u00e0 laver les noyaux d'arachide est durable et fonctionne de mani\u00e8re fiable.<\/li>    <li>Support technique professionnel et service apr\u00e8s-vente, y compris l'installation, la formation \u00e0 l'utilisation et le support technique \u00e0 long terme.<\/li>    <li>Options de production personnalis\u00e9es ; nous proposons des solutions adapt\u00e9es en fonction de la disposition de votre usine, de la capacit\u00e9 de production et du budget.<\/li>    <li>Prix comp\u00e9titifs. Nous fabriquons et vendons nos \u00e9quipements directement.<\/li> <\/ul>    <p>Si vous recherchez un fournisseur fiable d'\u00e9quipements de traitement des arachides, Taizy est un partenaire de confiance. N'h\u00e9sitez pas \u00e0 nous contacter pour des solutions d\u00e9taill\u00e9es et des devis !<\/p>","protected":false},"excerpt":{"rendered":"<p>The peanut kernel washing machine efficiently removes soil, broken shells, and impurities from the surface of peanut kernels. Suitable for continuous cleaning of various granular materials, it has a capacity of 1\u20131.5 tons per hour and is an important pre-processing equipment in peanut processing production lines.<\/p>","protected":false},"author":1,"featured_media":1473,"parent":0,"template":"","tags":[61,45],"product-type":[27],"class_list":["post-1468","product","type-product","status-publish","has-post-thumbnail","hentry","tag-nut","tag-peanut","product-type-peanut-kernel-processing"],"_links":{"self":[{"href":"https:\/\/taizynut.com\/fr\/wp-json\/wp\/v2\/product\/1468","targetHints":{"allow":["GET"]}}],"collection":[{"href":"https:\/\/taizynut.com\/fr\/wp-json\/wp\/v2\/product"}],"about":[{"href":"https:\/\/taizynut.com\/fr\/wp-json\/wp\/v2\/types\/product"}],"author":[{"embeddable":true,"href":"https:\/\/taizynut.com\/fr\/wp-json\/wp\/v2\/users\/1"}],"wp:featuredmedia":[{"embeddable":true,"href":"https:\/\/taizynut.com\/fr\/wp-json\/wp\/v2\/media\/1473"}],"wp:attachment":[{"href":"https:\/\/taizynut.com\/fr\/wp-json\/wp\/v2\/media?parent=1468"}],"wp:term":[{"taxonomy":"post_tag","embeddable":true,"href":"https:\/\/taizynut.com\/fr\/wp-json\/wp\/v2\/tags?post=1468"},{"taxonomy":"product-type","embeddable":true,"href":"https:\/\/taizynut.com\/fr\/wp-json\/wp\/v2\/product-type?post=1468"}],"curies":[{"name":"wp","href":"https:\/\/api.w.org\/{rel}","templated":true}]}}