{"id":1483,"date":"2026-02-13T13:50:34","date_gmt":"2026-02-13T05:50:34","guid":{"rendered":"https:\/\/taizynut.com\/?post_type=product&#038;p=1483"},"modified":"2026-02-13T16:19:18","modified_gmt":"2026-02-13T08:19:18","slug":"peanut-cutter-with-peeling-function","status":"publish","type":"product","link":"https:\/\/taizynut.com\/fr\/product\/peanut-cutter-with-peeling-function\/","title":{"rendered":"Coupe-cacahu\u00e8tes avec fonction d\u2019\u00e9pluchage"},"content":{"rendered":"<p class=\"translation-block\">La <strong>machine \u00e0 couper les cacahu\u00e8tes<\/strong> est un dispositif int\u00e9gr\u00e9 qui divise en deux et \u00e9pluche les noyaux de cacahu\u00e8tes grill\u00e9s. Cette machine r\u00e9alise automatiquement l'\u00e9pluchage, la coupe en deux et le tamisage. Elle est largement utilis\u00e9e dans la production de bonbons aux cacahu\u00e8tes, de beurre de cacahu\u00e8te et de produits de boulangerie.<\/p>    <p>Taizy propose deux tailles de machines de coupe et d'\u00e9pluchage \u00e0 mi-peau de cacahu\u00e8tes avec une capacit\u00e9 de 400 \u00e0 1000 kg\/h. Cette machine d'\u00e9pluchage et de coupe de cacahu\u00e8tes est tr\u00e8s automatis\u00e9e, fonctionne de mani\u00e8re stable et produit peu de bruit. Contactez-nous pour plus d'informations si vous \u00eates int\u00e9ress\u00e9 !<\/p>    <figure class=\"wp-block-embed is-type-video is-provider-youtube wp-block-embed-youtube wp-embed-aspect-16-9 wp-has-aspect-ratio\"><div class=\"wp-block-embed__wrapper\"> <iframe loading=\"lazy\" title=\"Machine \u00e0 couper et \u00e9plucher la moiti\u00e9 de la cacahu\u00e8te| Processus de travail de la machine \u00e0 diviser et \u00e9plucher la cacahu\u00e8te\" width=\"500\" height=\"281\" src=\"https:\/\/www.youtube.com\/embed\/VqsTnMyf-VQ?feature=oembed\" frameborder=\"0\" allow=\"accelerometer; autoplay; clipboard-write; encrypted-media; gyroscope; picture-in-picture; web-share\" referrerpolicy=\"strict-origin-when-cross-origin\" allowfullscreen><\/iframe> <\/div><figcaption class=\"wp-element-caption\">vid\u00e9o de travail de la machine \u00e0 diviser et \u00e9plucher la cacahu\u00e8te<\/figcaption><\/figure>    <h2 class=\"wp-block-heading\"><strong>Principaux avantages de la machine de coupe \u00e0 mi-peau de cacahu\u00e8tes<\/strong><\/h2>    <ol class=\"wp-block-list\"> <li><strong>Coupe et \u00e9pluchage int\u00e9gr\u00e9s<\/strong>: Une seule machine d'\u00e9pluchage et de coupe de cacahu\u00e8tes r\u00e9alise deux processus, r\u00e9duisant ainsi l'investissement en \u00e9quipement et les co\u00fbts de main-d'\u0153uvre.<\/li>    <li><strong>Taux de perte faible<\/strong>: Les moiti\u00e9s de cacahu\u00e8tes trait\u00e9es conservent une haute int\u00e9grit\u00e9 avec un minimum de d\u00e9chets de mati\u00e8re premi\u00e8re, am\u00e9liorant ainsi l'efficacit\u00e9 \u00e9conomique.<\/li>    <li><strong>Suppression automatique de la poussi\u00e8re<\/strong>: Notre machine \u00e0 couper les cacahu\u00e8tes dispose d'un syst\u00e8me int\u00e9gr\u00e9 d'extraction de poussi\u00e8re. Elle peut automatiquement \u00e9liminer les peaux rouges, respectant ainsi les normes d'hygi\u00e8ne de l'industrie alimentaire.<\/li>    <li><strong>Production continue et stable<\/strong>: Con\u00e7ue pour un fonctionnement prolong\u00e9 et fiable, cette machine convient aux usines de transformation alimentaire de taille moyenne \u00e0 grande.<\/li>    <li><strong>Apparence uniforme du produit<\/strong>: Les moiti\u00e9s de cacahu\u00e8tes ont une taille uniforme et une apparence attrayante, ce qui augmente la valeur du produit.<\/li> <\/ol>    <figure class=\"wp-block-gallery has-nested-images columns-default is-cropped wp-block-gallery-2 is-layout-flex wp-block-gallery-is-layout-flex\"> <figure class=\"wp-block-image size-large\"><img loading=\"lazy\" decoding=\"async\" width=\"720\" height=\"540\" data-id=\"1486\" src=\"https:\/\/taizynut.com\/wp-content\/uploads\/2026\/02\/peanut-cutter-machine.webp\" alt=\"mati\u00e8res premi\u00e8res de la machine \u00e0 couper les noyaux d&#039;arachide\" class=\"wp-image-1486\" title=\"\" srcset=\"https:\/\/taizynut.com\/wp-content\/uploads\/2026\/02\/peanut-cutter-machine.webp 720w, https:\/\/taizynut.com\/wp-content\/uploads\/2026\/02\/peanut-cutter-machine-300x225.webp 300w, https:\/\/taizynut.com\/wp-content\/uploads\/2026\/02\/peanut-cutter-machine-16x12.webp 16w\" sizes=\"auto, (max-width: 720px) 100vw, 720px\" \/><figcaption class=\"wp-element-caption\">Machine \u00e0 couper les cacahu\u00e8tes<\/figcaption><\/figure>    <figure class=\"wp-block-image size-large\"><img loading=\"lazy\" decoding=\"async\" width=\"720\" height=\"540\" data-id=\"1487\" src=\"https:\/\/taizynut.com\/wp-content\/uploads\/2026\/02\/peanut-half-cutting-machine.webp\" alt=\"Machine de coupe \u00e0 mi-peau de cacahu\u00e8tes\" class=\"wp-image-1487\" title=\"\" srcset=\"https:\/\/taizynut.com\/wp-content\/uploads\/2026\/02\/peanut-half-cutting-machine.webp 720w, https:\/\/taizynut.com\/wp-content\/uploads\/2026\/02\/peanut-half-cutting-machine-300x225.webp 300w, https:\/\/taizynut.com\/wp-content\/uploads\/2026\/02\/peanut-half-cutting-machine-16x12.webp 16w\" sizes=\"auto, (max-width: 720px) 100vw, 720px\" \/><figcaption class=\"wp-element-caption\">Machine de coupe \u00e0 mi-peau de cacahu\u00e8tes<\/figcaption><\/figure> <\/figure>    <h2 class=\"wp-block-heading\"><strong>Application de la machine \u00e0 couper les cacahu\u00e8tes<\/strong><\/h2>    <p>La machine de coupe et d'\u00e9pluchage \u00e0 mi-peau de cacahu\u00e8tes produit des moiti\u00e9s de cacahu\u00e8tes propres, uniformes et esth\u00e9tiques. Elle fournit des mati\u00e8res premi\u00e8res de haute qualit\u00e9 pour divers produits alimentaires. La machine de s\u00e9paration et d'\u00e9pluchage de cacahu\u00e8tes est couramment utilis\u00e9e dans les industries suivantes :<\/p>    <ol class=\"wp-block-list\"> <li>Industrie des bonbons aux cacahu\u00e8tes et des snacks<\/li>    <li>Industrie du traitement du beurre de cacahu\u00e8te<\/li>    <li>Industrie de la boulangerie et de la p\u00e2tisserie<\/li>    <li>Industrie du traitement des noix assaisonn\u00e9es<\/li>    <li>Usines de transformation de noix profondes<\/li> <\/ol>    <h2 class=\"wp-block-heading\"><strong>Mod\u00e8les et sp\u00e9cifications de la machine de s\u00e9paration de cacahu\u00e8tes<\/strong><\/h2>    <p>Taizy propose deux mod\u00e8les de coupeuses de cacahu\u00e8tes. Ces deux mod\u00e8les ont des capacit\u00e9s diff\u00e9rentes, allant de 400 \u00e0 1000 kg\/h. Les sp\u00e9cifications d\u00e9taill\u00e9es sont les suivantes :<\/p>    <figure class=\"wp-block-table\"><table class=\"has-fixed-layout\"><tbody><tr><td>Mod\u00e8le<\/td><td>TZ-500<\/td><td>TZ-1000<\/td><\/tr><tr><td>Capacit\u00e9<\/td><td>400-500 kg\/heure<\/td><td>1000kg\/heure<\/td><\/tr><tr><td>Pouvoir<\/td><td>1.5kw<\/td><td>2,2 kW<\/td><\/tr><tr><td>Puissance du ventilateur<\/td><td>0.75kw<\/td><td>2,2 kW<\/td><\/tr><tr><td>Tension<\/td><td>380V\/50HZ<\/td><td>380V\/50HZ<\/td><\/tr><tr><td>Taille<\/td><td>1900*850*1350mm<\/td><td>1900*1150*1350mm<\/td><\/tr><\/tbody><\/table><figcaption class=\"wp-element-caption\">Param\u00e8tres de la machine de s\u00e9paration et d'\u00e9pluchage de cacahu\u00e8tes<\/figcaption><\/figure>    <h2 class=\"wp-block-heading\"><strong>Comment fonctionne la machine de coupe \u00e0 mi-peau et d'\u00e9pluchage de cacahu\u00e8tes ?<\/strong><\/h2>    <p>La machine \u00e0 couper les cacahu\u00e8tes peut \u00e9plucher et couper en deux les cacahu\u00e8tes simultan\u00e9ment. Son flux de travail est le suivant :<\/p>    <ul class=\"wp-block-list\"> <li>Les cacahu\u00e8tes grill\u00e9es et refroidies entrent dans un tambour d'\u00e9pluchage \u00e0 grande vitesse en rotation.<\/li>    <li>La friction dans le tambour \u00e9limine les peaux rouges, divisant automatiquement les cacahu\u00e8tes en deux.<\/li>    <li>Les cacahu\u00e8tes s\u00e9par\u00e9es sont ensuite transport\u00e9es par un convoyeur \u00e0 vis vers un tamis vibrant.<\/li>    <li>Le tamis vibrant s\u00e9pare efficacement la peau de la cacahu\u00e8te du germe.<\/li>    <li>Un ventilateur d'\u00e9limination de poussi\u00e8re retire au centre les peaux rouges des cacahu\u00e8tes, assurant une production propre et sans pollution.<\/li> <\/ul>    <p>L'ensemble du flux de traitement fonctionne en continu, garantissant que les moiti\u00e9s de cacahu\u00e8tes sont pr\u00e9sent\u00e9es de mani\u00e8re ordonn\u00e9e et que le rendement est \u00e9lev\u00e9.<\/p>   <div class=\"wp-block-image\"> <figure class=\"aligncenter size-full\"><img loading=\"lazy\" decoding=\"async\" width=\"720\" height=\"540\" src=\"https:\/\/taizynut.com\/wp-content\/uploads\/2026\/02\/peanut-cutter.webp\" alt=\"Coupeuse de cacahu\u00e8tes\" class=\"wp-image-1489\" title=\"\" srcset=\"https:\/\/taizynut.com\/wp-content\/uploads\/2026\/02\/peanut-cutter.webp 720w, https:\/\/taizynut.com\/wp-content\/uploads\/2026\/02\/peanut-cutter-300x225.webp 300w, https:\/\/taizynut.com\/wp-content\/uploads\/2026\/02\/peanut-cutter-16x12.webp 16w\" sizes=\"auto, (max-width: 720px) 100vw, 720px\" \/><figcaption class=\"wp-element-caption\">Coupeuse de cacahu\u00e8tes<\/figcaption><\/figure> <\/div>   <h2 class=\"wp-block-heading\"><strong>Prix de la machine \u00e0 couper les cacahu\u00e8tes<\/strong><\/h2>    <p>The specific price of a peanut half cutting machine will depend on the customer&#8217;s needs. Common factors affecting the price are as follows:<\/p>    <ul class=\"wp-block-list\"> <li><strong>Mod\u00e8le d'\u00e9quipement et production<\/strong>: Une production plus \u00e9lev\u00e9e et une configuration sup\u00e9rieure entra\u00eeneront un prix plus \u00e9lev\u00e9.<\/li>    <li><strong>Besoins de personnalisation<\/strong>: Des exigences sp\u00e9cifiques telles que la tension, les mat\u00e9riaux sp\u00e9ciaux et la couleur de la machine influenceront le prix total.<\/li>    <li><strong>Mat\u00e9riaux et normes alimentaires<\/strong>: La conformit\u00e9 des mat\u00e9riaux et le respect des normes alimentaires pour la machine \u00e0 couper les cacahu\u00e8tes influenceront le prix.<\/li>    <li><strong>Configuration de l'\u00e9quipement<\/strong>: Le prix diff\u00e8re entre l'achat d'une seule machine et l'achat d'une ligne de production compl\u00e8te ; g\u00e9n\u00e9ralement, l'achat d'une ligne de production compl\u00e8te offre un meilleur rapport qualit\u00e9-prix.<\/li> <\/ul>    <figure class=\"wp-block-gallery has-nested-images columns-default is-cropped wp-block-gallery-3 is-layout-flex wp-block-gallery-is-layout-flex\"> <figure class=\"wp-block-image size-large\"><img loading=\"lazy\" decoding=\"async\" width=\"720\" height=\"540\" data-id=\"1490\" src=\"https:\/\/taizynut.com\/wp-content\/uploads\/2026\/02\/peanut-cutting-machine.webp\" alt=\"machine de d\u00e9coupe d&#039;arachide\" class=\"wp-image-1490\" title=\"\" srcset=\"https:\/\/taizynut.com\/wp-content\/uploads\/2026\/02\/peanut-cutting-machine.webp 720w, https:\/\/taizynut.com\/wp-content\/uploads\/2026\/02\/peanut-cutting-machine-300x225.webp 300w, https:\/\/taizynut.com\/wp-content\/uploads\/2026\/02\/peanut-cutting-machine-16x12.webp 16w\" sizes=\"auto, (max-width: 720px) 100vw, 720px\" \/><figcaption class=\"wp-element-caption\">Machine \u00e0 couper les arachides<\/figcaption><\/figure>    <figure class=\"wp-block-image size-large\"><img loading=\"lazy\" decoding=\"async\" width=\"720\" height=\"540\" data-id=\"1491\" src=\"https:\/\/taizynut.com\/wp-content\/uploads\/2026\/02\/peanut-half-cutting-peeling-machine.webp\" alt=\"Machine de coupe \u00e0 mi-peau et d&#039;\u00e9pluchage de cacahu\u00e8tes\" class=\"wp-image-1491\" title=\"\" srcset=\"https:\/\/taizynut.com\/wp-content\/uploads\/2026\/02\/peanut-half-cutting-peeling-machine.webp 720w, https:\/\/taizynut.com\/wp-content\/uploads\/2026\/02\/peanut-half-cutting-peeling-machine-300x225.webp 300w, https:\/\/taizynut.com\/wp-content\/uploads\/2026\/02\/peanut-half-cutting-peeling-machine-16x12.webp 16w\" sizes=\"auto, (max-width: 720px) 100vw, 720px\" \/><figcaption class=\"wp-element-caption\">Machine de coupe et d'\u00e9pluchage \u00e0 mi-peau de cacahu\u00e8tes<\/figcaption><\/figure> <\/figure>    <h2 class=\"wp-block-heading\"><strong>Comment choisir la bonne machine d'\u00e9pluchage et de coupe de cacahu\u00e8tes ?<\/strong><\/h2>    <p>Choisir la bonne machine \u00e0 couper les cacahu\u00e8tes en fonction des besoins de production peut non seulement augmenter la production mais aussi \u00e9viter le gaspillage de capacit\u00e9 de production.<\/p>    <ul class=\"wp-block-list\"> <li>400-500kg\/h : Convient pour les petites usines et start-ups.<\/li>    <li>1000kg\/h : Convient pour les usines de taille moyenne \u00e0 grande.<\/li> <\/ul>    <h2 class=\"wp-block-heading\"><strong>Ligne de production associ\u00e9e<\/strong><\/h2>    <p class=\"translation-block\">La machine de s\u00e9paration et d'\u00e9pluchage de cacahu\u00e8tes est g\u00e9n\u00e9ralement utilis\u00e9e comme \u00e9quipement de pr\u00e9-traitement pour la transformation approfondie des cacahu\u00e8tes. Elle peut \u00eatre int\u00e9gr\u00e9e \u00e0 la <a href=\"https:\/\/taizynut.com\/fr\/product\/semi-automatic-peanut-butter-processing-line\/\">ligne de production de beurre de cacahu\u00e8te<\/a> pour r\u00e9aliser un flux de traitement complet. Le processus de coupe \u00e0 mi-peau de cacahu\u00e8tes joue un r\u00f4le crucial dans l'ensemble du processus de production :<\/p>    <ul class=\"wp-block-list\"> <li>Enlever la peau rouge r\u00e9duit l'amertume et am\u00e9liore la saveur du beurre de cacahu\u00e8te.<\/li>    <li>La d\u00e9coupe \u00e0 mi-peau de la cacahu\u00e8te enti\u00e8re augmente l'efficacit\u00e9 du broyage et r\u00e9duit la consommation d'\u00e9nergie.<\/li>    <li>R\u00e9duire les impuret\u00e9s entrant dans l'\u00e9tape de broyage am\u00e9liore la qualit\u00e9 et la stabilit\u00e9 du produit.<\/li> <\/ul>   <div class=\"wp-block-image\"> <figure class=\"aligncenter size-full\"><img loading=\"lazy\" decoding=\"async\" width=\"720\" height=\"540\" src=\"https:\/\/taizynut.com\/wp-content\/uploads\/2026\/02\/peanut-butter-production-line.webp\" alt=\"ligne de production de beurre de cacahu\u00e8te\" class=\"wp-image-1493\" title=\"\" srcset=\"https:\/\/taizynut.com\/wp-content\/uploads\/2026\/02\/peanut-butter-production-line.webp 720w, https:\/\/taizynut.com\/wp-content\/uploads\/2026\/02\/peanut-butter-production-line-300x225.webp 300w, https:\/\/taizynut.com\/wp-content\/uploads\/2026\/02\/peanut-butter-production-line-16x12.webp 16w\" sizes=\"auto, (max-width: 720px) 100vw, 720px\" \/><figcaption class=\"wp-element-caption\">ligne de production de beurre de cacahu\u00e8te<\/figcaption><\/figure> <\/div>   <h2 class=\"wp-block-heading\"><strong>Commencez votre projet avec nous d\u00e8s aujourd'hui !<\/strong><\/h2>    <p>Notre machine \u00e0 couper les cacahu\u00e8tes coupe et \u00e9pluche efficacement les cacahu\u00e8tes. C'est un dispositif automatis\u00e9 id\u00e9al pour l'industrie de la transformation alimentaire. Si vous recherchez une solution de traitement des cacahu\u00e8tes efficace et fiable, contactez-nous pour obtenir les param\u00e8tres d\u00e9taill\u00e9s et un devis pour d\u00e9marrer votre projet de transformation approfondie des cacahu\u00e8tes.<\/p>","protected":false},"excerpt":{"rendered":"<p>This article mainly introduces the peanut half cutting machine. This peanut cutter machine is designed for splitting and peeling roasted peanut kernels, with a capacity of 400-1000 kg\/hour.<\/p>","protected":false},"author":1,"featured_media":1494,"parent":0,"template":"","tags":[61,45],"product-type":[27],"class_list":["post-1483","product","type-product","status-publish","has-post-thumbnail","hentry","tag-nut","tag-peanut","product-type-peanut-kernel-processing"],"_links":{"self":[{"href":"https:\/\/taizynut.com\/fr\/wp-json\/wp\/v2\/product\/1483","targetHints":{"allow":["GET"]}}],"collection":[{"href":"https:\/\/taizynut.com\/fr\/wp-json\/wp\/v2\/product"}],"about":[{"href":"https:\/\/taizynut.com\/fr\/wp-json\/wp\/v2\/types\/product"}],"author":[{"embeddable":true,"href":"https:\/\/taizynut.com\/fr\/wp-json\/wp\/v2\/users\/1"}],"wp:featuredmedia":[{"embeddable":true,"href":"https:\/\/taizynut.com\/fr\/wp-json\/wp\/v2\/media\/1494"}],"wp:attachment":[{"href":"https:\/\/taizynut.com\/fr\/wp-json\/wp\/v2\/media?parent=1483"}],"wp:term":[{"taxonomy":"post_tag","embeddable":true,"href":"https:\/\/taizynut.com\/fr\/wp-json\/wp\/v2\/tags?post=1483"},{"taxonomy":"product-type","embeddable":true,"href":"https:\/\/taizynut.com\/fr\/wp-json\/wp\/v2\/product-type?post=1483"}],"curies":[{"name":"wp","href":"https:\/\/api.w.org\/{rel}","templated":true}]}}