{"id":1505,"date":"2026-02-14T13:47:05","date_gmt":"2026-02-14T05:47:05","guid":{"rendered":"https:\/\/taizynut.com\/?post_type=product&#038;p=1505"},"modified":"2026-02-14T15:29:18","modified_gmt":"2026-02-14T07:29:18","slug":"macadamia-nut-opening-machine","status":"publish","type":"product","link":"https:\/\/taizynut.com\/fr\/product\/macadamia-nut-opening-machine\/","title":{"rendered":"Machine d'ouverture de noix de macadamia"},"content":{"rendered":"<p class=\"translation-block\">La <strong>machine d'ouverture de noix de macadamia<\/strong> est un dispositif automatis\u00e9 sp\u00e9cialement con\u00e7u pour ouvrir et traiter les noix de macadamia. Cette machine coupe des fentes uniformes dans la coque dure, facilitant le traitement ult\u00e9rieur.<\/p>    <p>Taizy propose deux mod\u00e8les de machines de d\u00e9coupe de noix de macadamia avec une capacit\u00e9 de 100-180 kg\/h. L'angle d'ouverture maximum est de 330 degr\u00e9s. Notre machine d'ouverture de noix de macadamia offre des avantages tels qu'une haute efficacit\u00e9, une profondeur contr\u00f4lable et peu de d\u00e9chets.<\/p>    <h2 class=\"wp-block-heading\"><strong>Caract\u00e9ristiques de la machine d'ouverture de noix de macadamia<\/strong><\/h2>    <ol class=\"wp-block-list\"> <li>Con\u00e7ue sp\u00e9cifiquement pour la duret\u00e9 des coques de noix de macadamia, permettant une production stable et continue.<\/li>    <li>L'\u00e9quipement a une structure simple, un faible taux de d\u00e9faillance et est facile \u00e0 entretenir.<\/li>    <li>La profondeur de coupe peut \u00eatre ajust\u00e9e en fonction de l'\u00e9paisseur diff\u00e9rente de la coque pour garantir des r\u00e9sultats d'ouverture coh\u00e9rents.<\/li>    <li>Technologie mature, haute rentabilit\u00e9.<\/li>    <li>Op\u00e9ration simple ; un seul op\u00e9rateur peut faire fonctionner l'\u00e9quipement.<\/li> <\/ol>    <figure class=\"wp-block-gallery has-nested-images columns-default is-cropped wp-block-gallery-2 is-layout-flex wp-block-gallery-is-layout-flex\"> <figure class=\"wp-block-image size-large\"><img loading=\"lazy\" decoding=\"async\" width=\"540\" height=\"720\" data-id=\"1506\" src=\"https:\/\/taizynut.com\/wp-content\/uploads\/2026\/02\/TZ-180-macadamia-nut-opener-machine.webp\" alt=\"\u00c9quipement de s\u00e9paration de noix de macadamia TZ-320\" class=\"wp-image-1506\" title=\"\" srcset=\"https:\/\/taizynut.com\/wp-content\/uploads\/2026\/02\/TZ-180-macadamia-nut-opener-machine.webp 540w, https:\/\/taizynut.com\/wp-content\/uploads\/2026\/02\/TZ-180-macadamia-nut-opener-machine-225x300.webp 225w, https:\/\/taizynut.com\/wp-content\/uploads\/2026\/02\/TZ-180-macadamia-nut-opener-machine-9x12.webp 9w\" sizes=\"auto, (max-width: 540px) 100vw, 540px\" \/><figcaption class=\"wp-element-caption\">Machine d'ouverture de noix de macadamia Tz-180<\/figcaption><\/figure>    <figure class=\"wp-block-image size-large\"><img loading=\"lazy\" decoding=\"async\" width=\"540\" height=\"720\" data-id=\"1507\" src=\"https:\/\/taizynut.com\/wp-content\/uploads\/2026\/02\/TZ-320-macadamia-nut-splitting-equipment.webp\" alt=\"\u00c9quipement de fendage de noix de macadamia TZ-320\" class=\"wp-image-1507\" title=\"\" srcset=\"https:\/\/taizynut.com\/wp-content\/uploads\/2026\/02\/TZ-320-macadamia-nut-splitting-equipment.webp 540w, https:\/\/taizynut.com\/wp-content\/uploads\/2026\/02\/TZ-320-macadamia-nut-splitting-equipment-225x300.webp 225w, https:\/\/taizynut.com\/wp-content\/uploads\/2026\/02\/TZ-320-macadamia-nut-splitting-equipment-9x12.webp 9w\" sizes=\"auto, (max-width: 540px) 100vw, 540px\" \/><figcaption class=\"wp-element-caption\">\u00c9quipement de fendage de noix de macadamia Tz-320<\/figcaption><\/figure> <\/figure>    <h2 class=\"wp-block-heading\"><strong>Sc\u00e9narios d'application de la machine de traitement de noix de macadamia<\/strong><\/h2>    <p>La machine d'ouverture de noix de macadamia est largement utilis\u00e9e dans les usines de torr\u00e9faction et de traitement de noix, les usines de marques de snacks \u00e0 base de noix, les entreprises d'exportation de noix de macadamia, et dans les \u00e9tapes initiales de traitement des plantations.<\/p>    <p>Cet \u00e9quipement est principalement utilis\u00e9 pour ouvrir les noix de macadamia dans leur coque avant la torr\u00e9faction, l'assaisonnement et l'emballage. Il peut \u00e9galement \u00eatre int\u00e9gr\u00e9 avec des \u00e9quipements de torr\u00e9faction, de tri et d'emballage pour former une ligne de traitement compl\u00e8te de noix de macadamia.<\/p>   <div class=\"wp-block-image\"> <figure class=\"aligncenter size-full\"><img loading=\"lazy\" decoding=\"async\" width=\"720\" height=\"540\" src=\"https:\/\/taizynut.com\/wp-content\/uploads\/2026\/02\/macadamia.webp\" alt=\"macadamia\" class=\"wp-image-1514\" title=\"\" srcset=\"https:\/\/taizynut.com\/wp-content\/uploads\/2026\/02\/macadamia.webp 720w, https:\/\/taizynut.com\/wp-content\/uploads\/2026\/02\/macadamia-300x225.webp 300w, https:\/\/taizynut.com\/wp-content\/uploads\/2026\/02\/macadamia-16x12.webp 16w\" sizes=\"auto, (max-width: 720px) 100vw, 720px\" \/><figcaption class=\"wp-element-caption\">macadamia<\/figcaption><\/figure> <\/div>   <h2 class=\"wp-block-heading\"><strong>Machine d'ouverture de noix de macadamia \u00e0 vendre<\/strong><\/h2>    <p>Nous proposons deux mod\u00e8les de machines \u00e0 fendre les noix de macadamia : TZ-180 et TZ-320.<\/p>    <p class=\"translation-block\"><strong>Machine \u00e0 fendre les noix de macadamia TZ-180<\/strong><\/p>    <p>La machine d'ouverture de noix de macadamia 180 est un dispositif pneumatique m\u00e9canique qui r\u00e9alise la coupe par commande de liaison du circuit d'air et du syst\u00e8me m\u00e9canique. L'\u00e9quipement est mature, stable et adapt\u00e9 aux petites et moyennes entreprises de traitement de noix.<\/p>    <figure class=\"wp-block-gallery has-nested-images columns-default is-cropped wp-block-gallery-3 is-layout-flex wp-block-gallery-is-layout-flex\"> <figure class=\"wp-block-image size-large\"><img loading=\"lazy\" decoding=\"async\" width=\"540\" height=\"720\" data-id=\"1509\" src=\"https:\/\/taizynut.com\/wp-content\/uploads\/2026\/02\/TZ-180-macadamia-nut-opening-equipment.webp\" alt=\"Machine de s\u00e9paration de noix de macadamia Tz-180\" class=\"wp-image-1509\" title=\"\" srcset=\"https:\/\/taizynut.com\/wp-content\/uploads\/2026\/02\/TZ-180-macadamia-nut-opening-equipment.webp 540w, https:\/\/taizynut.com\/wp-content\/uploads\/2026\/02\/TZ-180-macadamia-nut-opening-equipment-225x300.webp 225w, https:\/\/taizynut.com\/wp-content\/uploads\/2026\/02\/TZ-180-macadamia-nut-opening-equipment-9x12.webp 9w\" sizes=\"auto, (max-width: 540px) 100vw, 540px\" \/><figcaption class=\"wp-element-caption\">\u00c9quipement d'ouverture de noix de macadamia Tz-180<\/figcaption><\/figure>    <figure class=\"wp-block-image size-large\"><img loading=\"lazy\" decoding=\"async\" width=\"540\" height=\"720\" data-id=\"1510\" src=\"https:\/\/taizynut.com\/wp-content\/uploads\/2026\/02\/TZ-180-macadamia-nut-splitting-machine.webp\" alt=\"Machine \u00e0 fendre les noix de macadamia TZ-180\" class=\"wp-image-1510\" title=\"\" srcset=\"https:\/\/taizynut.com\/wp-content\/uploads\/2026\/02\/TZ-180-macadamia-nut-splitting-machine.webp 540w, https:\/\/taizynut.com\/wp-content\/uploads\/2026\/02\/TZ-180-macadamia-nut-splitting-machine-225x300.webp 225w, https:\/\/taizynut.com\/wp-content\/uploads\/2026\/02\/TZ-180-macadamia-nut-splitting-machine-9x12.webp 9w\" sizes=\"auto, (max-width: 540px) 100vw, 540px\" \/><figcaption class=\"wp-element-caption\">Machine \u00e0 fendre les noix de macadamia Tz-180<\/figcaption><\/figure> <\/figure>    <p class=\"translation-block\"><strong>Machine d'ouverture de noix de macadamia TZ-320<\/strong><\/p>    <p>Le mod\u00e8le TZ-320 est une machine automatis\u00e9e de d\u00e9coupe en anneaux qui peut couper des anneaux dans les noix de macadamia, ce qui donne une ouverture plus esth\u00e9tique et facilite l'ouverture de la coque. Il convient \u00e0 la production \u00e0 grande \u00e9chelle et aux produits de qualit\u00e9 export.<\/p>   <div class=\"wp-block-image\"> <figure class=\"aligncenter size-full\"><img loading=\"lazy\" decoding=\"async\" width=\"720\" height=\"540\" src=\"https:\/\/taizynut.com\/wp-content\/uploads\/2026\/02\/TZ-320-macadamia-nut-opener.webp\" alt=\"Machine d&#039;ouverture de noix de macadamia TZ-320\" class=\"wp-image-1508\" title=\"\" srcset=\"https:\/\/taizynut.com\/wp-content\/uploads\/2026\/02\/TZ-320-macadamia-nut-opener.webp 720w, https:\/\/taizynut.com\/wp-content\/uploads\/2026\/02\/TZ-320-macadamia-nut-opener-300x225.webp 300w, https:\/\/taizynut.com\/wp-content\/uploads\/2026\/02\/TZ-320-macadamia-nut-opener-16x12.webp 16w\" sizes=\"auto, (max-width: 720px) 100vw, 720px\" \/><figcaption class=\"wp-element-caption\">Machine d'ouverture de noix de macadamia TZ-320<\/figcaption><\/figure> <\/div>   <h2 class=\"wp-block-heading\"><strong>Param\u00e8tres de la machine d'ouverture de noix de macadamia<\/strong><\/h2>    <figure class=\"wp-block-table\"><table class=\"has-fixed-layout\"><tbody><tr><td>Mod\u00e8le<\/td><td>TZ-180<\/td><td>TZ-320<\/td><\/tr><tr><td>Pouvoir<\/td><td>220V\/50Hz, monophas\u00e9, 2,2 kW<\/td><td>308V\/50Hz, triphas\u00e9, 3,3 kW<\/td><\/tr><tr><td>Capacit\u00e9<\/td><td>100kg\/h<\/td><td>180kg\/h<\/td><\/tr><tr><td>Angle d'ouverture<\/td><td>200 degr\u00e9s<\/td><td>330 degr\u00e9s<\/td><\/tr><tr><td>Poids de la machine<\/td><td>200 kg<\/td><td>450 kg<\/td><\/tr><tr><td>Taille de la machine<\/td><td>1200*700*1100mm<\/td><td>1500*950*1150mm<\/td><\/tr><\/tbody><\/table><figcaption class=\"wp-element-caption\">sp\u00e9cifications de l'\u00e9quipement d'ouverture de noix de macadamia<\/figcaption><\/figure>    <h2 class=\"wp-block-heading\"><strong>Comment choisir une machine d'ouverture de noix de macadamia ?<\/strong><\/h2>    <ul class=\"wp-block-list\"> <li><strong>Type 180<\/strong>: Convient aux entreprises avec de faibles volumes de production.<\/li>    <li><strong>: Convient aux entreprises de taille moyenne \u00e0 grande et \u00e0 celles n\u00e9cessitant une ouverture plus importante.<\/strong>Le prix d'une machine d'ouverture de noix de macadamia d\u00e9pend principalement de :<\/li> <\/ul>    <h2 class=\"wp-block-heading\"><strong>Combien co\u00fbte une machine de d\u00e9coupe de noix de macadamia ?<\/strong><\/h2>    <p>Mod\u00e8le d'\u00e9quipement<\/p>    <ul class=\"wp-block-list\"> <li>Mat\u00e9riaux et composants \u00e9lectriques<\/li>    <li>Si une solution de ligne de production compl\u00e8te est requise<\/li>    <li>Personnalisation du transport et de la tension<\/li>    <li> En g\u00e9n\u00e9ral, des niveaux plus \u00e9lev\u00e9s d'automatisation et une capacit\u00e9 plus grande entra\u00eenent des prix plus \u00e9lev\u00e9s. Si une ligne de production compl\u00e8te, comprenant un alimentation automatique, un convoyage et une torr\u00e9faction, l'investissement total augmentera encore. Les devis sp\u00e9cifiques sont g\u00e9n\u00e9ralement personnalis\u00e9s en fonction des besoins de production et des exigences de configuration du client.<\/li> <\/ul>    <p>Generally, higher levels of automation and larger output result in higher prices. If a complete production line, including automatic feeding, conveying, and baking the total investment will increase further. Specific quotes are usually customized based on the customer&#8217;s production needs and configuration requirements.<\/p>    <figure class=\"wp-block-gallery has-nested-images columns-default is-cropped wp-block-gallery-4 is-layout-flex wp-block-gallery-is-layout-flex\"> <figure class=\"wp-block-image size-large\"><img loading=\"lazy\" decoding=\"async\" width=\"540\" height=\"720\" data-id=\"1511\" src=\"https:\/\/taizynut.com\/wp-content\/uploads\/2026\/02\/TZ-320-macadamia-opening-equipment.webp\" alt=\"TZ-320 macadamia opening equipment\" class=\"wp-image-1511\" title=\"\" srcset=\"https:\/\/taizynut.com\/wp-content\/uploads\/2026\/02\/TZ-320-macadamia-opening-equipment.webp 540w, https:\/\/taizynut.com\/wp-content\/uploads\/2026\/02\/TZ-320-macadamia-opening-equipment-225x300.webp 225w, https:\/\/taizynut.com\/wp-content\/uploads\/2026\/02\/TZ-320-macadamia-opening-equipment-9x12.webp 9w\" sizes=\"auto, (max-width: 540px) 100vw, 540px\" \/><figcaption class=\"wp-element-caption\">Machine d'ouverture de macadamia Tz-180<\/figcaption><\/figure>    <figure class=\"wp-block-image size-large\"><img loading=\"lazy\" decoding=\"async\" width=\"540\" height=\"720\" data-id=\"1512\" src=\"https:\/\/taizynut.com\/wp-content\/uploads\/2026\/02\/TZ-180-macadamia-opening-machine.webp\" alt=\"TZ-180 macadamia opening machine\" class=\"wp-image-1512\" title=\"\" srcset=\"https:\/\/taizynut.com\/wp-content\/uploads\/2026\/02\/TZ-180-macadamia-opening-machine.webp 540w, https:\/\/taizynut.com\/wp-content\/uploads\/2026\/02\/TZ-180-macadamia-opening-machine-225x300.webp 225w, https:\/\/taizynut.com\/wp-content\/uploads\/2026\/02\/TZ-180-macadamia-opening-machine-9x12.webp 9w\" sizes=\"auto, (max-width: 540px) 100vw, 540px\" \/><figcaption class=\"wp-element-caption\">Technologie de production stable<\/figcaption><\/figure> <\/figure>    <h2 class=\"wp-block-heading\"><strong>Pourquoi choisir Taizy comme fournisseur ?<\/strong><\/h2>    <ul class=\"wp-block-list\"> <li><strong>Nous avons de nombreuses ann\u00e9es d'exp\u00e9rience dans la fabrication d'\u00e9quipements de traitement de noix.<\/strong> <ul class=\"wp-block-list\"> <li>Support pour la personnalisation et les solutions de ligne de production<\/li> <\/ul> <\/li>    <li><strong>Taizy peut concevoir des solutions de ligne de production compl\u00e8tes en fonction de la production du client et de la disposition de l'usine.<\/strong> <ul class=\"wp-block-list\"> <li>\u00c9tudes de cas clients mondiaux approfondis<\/li> <\/ul> <\/li>    <li><strong>Nos \u00e9quipements ont \u00e9t\u00e9 export\u00e9s dans de nombreux pays et fonctionnent de mani\u00e8re stable.<\/strong> <ul class=\"wp-block-list\"> <li>Gamme compl\u00e8te d'\u00e9quipements<\/li> <\/ul> <\/li>    <li>Taizy propose une vari\u00e9t\u00e9 d'\u00e9quipements de traitement de noix, tels que <ul class=\"wp-block-list\"> <li>et<a href=\"https:\/\/taizynut.com\/fr\/product\/almond-shelling-production-line\/\"> ligne d\u2019\u00e9pluchage d\u2019amandes<\/a> Ligne de production de noix <a href=\"https:\/\/taizynut.com\/fr\/product\/1000kg-walnut-shelling-line\/\">Nous fournissons des conseils d'installation et un support technique.<\/a>.<\/li> <\/ul> <\/li>    <li><strong>Service apr\u00e8s-vente complet<\/strong> <ul class=\"wp-block-list\"> <li>Si vous recherchez une machine d'ouverture de noix de macadamia ou d'autres \u00e9quipements de traitement de noix, nous pouvons recommander le mod\u00e8le le plus adapt\u00e9 et fournir des solutions de ligne de production compl\u00e8tes. N'h\u00e9sitez pas \u00e0 nous contacter \u00e0 tout moment pour des sp\u00e9cifications d\u00e9taill\u00e9es, des vid\u00e9os et des devis !<br><\/li> <\/ul> <\/li> <\/ul>    <h2 class=\"wp-block-heading\"><strong>Contactez-nous d\u00e8s aujourd'hui !<\/strong><\/h2>    <p>Machine d'ouverture de noix de macadamia 2<br><\/p>    <p><br><\/p>","protected":false},"excerpt":{"rendered":"<p>This article mainly introduces the macadamia nut openingmachine, including models, specifications, and prices. It provides a reference for customers in need.<\/p>","protected":false},"author":1,"featured_media":1513,"parent":0,"template":"","tags":[85,61],"product-type":[86],"class_list":["post-1505","product","type-product","status-publish","has-post-thumbnail","hentry","tag-macadamia-nut","tag-nut","product-type-macadamia-nut-processing-machine"],"_links":{"self":[{"href":"https:\/\/taizynut.com\/fr\/wp-json\/wp\/v2\/product\/1505","targetHints":{"allow":["GET"]}}],"collection":[{"href":"https:\/\/taizynut.com\/fr\/wp-json\/wp\/v2\/product"}],"about":[{"href":"https:\/\/taizynut.com\/fr\/wp-json\/wp\/v2\/types\/product"}],"author":[{"embeddable":true,"href":"https:\/\/taizynut.com\/fr\/wp-json\/wp\/v2\/users\/1"}],"wp:featuredmedia":[{"embeddable":true,"href":"https:\/\/taizynut.com\/fr\/wp-json\/wp\/v2\/media\/1513"}],"wp:attachment":[{"href":"https:\/\/taizynut.com\/fr\/wp-json\/wp\/v2\/media?parent=1505"}],"wp:term":[{"taxonomy":"post_tag","embeddable":true,"href":"https:\/\/taizynut.com\/fr\/wp-json\/wp\/v2\/tags?post=1505"},{"taxonomy":"product-type","embeddable":true,"href":"https:\/\/taizynut.com\/fr\/wp-json\/wp\/v2\/product-type?post=1505"}],"curies":[{"name":"wp","href":"https:\/\/api.w.org\/{rel}","templated":true}]}}