{"id":1525,"date":"2026-02-25T13:40:32","date_gmt":"2026-02-25T05:40:32","guid":{"rendered":"https:\/\/taizynut.com\/?post_type=product&#038;p=1525"},"modified":"2026-02-28T11:14:27","modified_gmt":"2026-02-28T03:14:27","slug":"wet-almond-peeling-machine","status":"publish","type":"product","link":"https:\/\/taizynut.com\/fr\/product\/wet-almond-peeling-machine\/","title":{"rendered":"Machine \u00e0 \u00e9plucher les amandes humides"},"content":{"rendered":"<p class=\"translation-block\">Notre <strong>machine \u00e0 \u00e9plucher les amandes humides<\/strong> est sp\u00e9cialement con\u00e7ue pour \u00e9plucher les amandes, cacahu\u00e8tes, soja, f\u00e8ves, et autres mat\u00e9riaux. Cette enleve-peau d'amande utilise un principe de pelage humide apr\u00e8s trempage, avec un faible taux de casse (2%-3%) et un taux \u00e9lev\u00e9 de noyaux entiers (90%-95%).<\/p>    <p>Notre machine \u00e0 \u00e9plucher les amandes a une capacit\u00e9 de 120-250kg\/h, adapt\u00e9e \u00e0 la production \u00e0 diff\u00e9rentes \u00e9chelles. Elle est largement utilis\u00e9e dans l'industrie de traitement des noix et de production alimentaire. N'h\u00e9sitez pas \u00e0 nous contacter pour plus d'informations !<\/p>    <h2 class=\"wp-block-heading\"><strong>Principaux avantages de la machine \u00e0 \u00e9plucher la peau d'amande humide<\/strong><\/h2>    <ol class=\"wp-block-list\"> <li><strong>Taux d'\u00e9pluchage \u00e9lev\u00e9, qualit\u00e9 stable<\/strong> <ul class=\"wp-block-list\"> <li>Le taux d'\u00e9pluchage atteint 94%-98%, garantissant un \u00e9pluchage complet et propre qui r\u00e9pond aux exigences de transformation alimentaire.<\/li> <\/ul> <\/li>    <li><strong>Taux \u00e9lev\u00e9 de noyaux entiers, faible casse<\/strong> <ul class=\"wp-block-list\"> <li>Le taux de noyaux entiers est de 90%-95%, avec un taux de casse de seulement 2%-3%, am\u00e9liorant efficacement le rendement et r\u00e9duisant la perte de mati\u00e8res premi\u00e8res.<\/li> <\/ul> <\/li>    <li><strong>S\u00e9paration automatique de la peau et du noyau<\/strong> <ul class=\"wp-block-list\"> <li>La machine \u00e0 \u00e9plucher l'amande s\u00e9pare automatiquement la peau du noyau, r\u00e9duisant ainsi les co\u00fbts de tri manuel.<\/li> <\/ul> <\/li>    <li><strong>Structure compacte, op\u00e9ration simple<\/strong> <ul class=\"wp-block-list\"> <li>Notre machine \u00e0 \u00e9plucher les amandes est compacte, occupe peu d'espace, consomme peu d'\u00e9nergie, est facile \u00e0 entretenir, et convient \u00e0 une production continue.<\/li> <\/ul> <\/li> <\/ol>    <figure class=\"wp-block-gallery has-nested-images columns-default is-cropped wp-block-gallery-2 is-layout-flex wp-block-gallery-is-layout-flex\"> <figure class=\"wp-block-image size-large\"><img loading=\"lazy\" decoding=\"async\" width=\"540\" height=\"720\" data-id=\"1526\" src=\"https:\/\/taizynut.com\/wp-content\/uploads\/2026\/02\/almond-peeler.webp\" alt=\"almond peeler\" class=\"wp-image-1526\" title=\"\" srcset=\"https:\/\/taizynut.com\/wp-content\/uploads\/2026\/02\/almond-peeler.webp 540w, https:\/\/taizynut.com\/wp-content\/uploads\/2026\/02\/almond-peeler-225x300.webp 225w, https:\/\/taizynut.com\/wp-content\/uploads\/2026\/02\/almond-peeler-9x12.webp 9w\" sizes=\"auto, (max-width: 540px) 100vw, 540px\" \/><figcaption class=\"wp-element-caption\">\u00c9plucheur d'amandes<\/figcaption><\/figure>    <figure class=\"wp-block-image size-large\"><img loading=\"lazy\" decoding=\"async\" width=\"540\" height=\"720\" data-id=\"1527\" src=\"https:\/\/taizynut.com\/wp-content\/uploads\/2026\/02\/almond-skin-peeling-machine.webp\" alt=\"almond skin peeling machine\" class=\"wp-image-1527\" title=\"\" srcset=\"https:\/\/taizynut.com\/wp-content\/uploads\/2026\/02\/almond-skin-peeling-machine.webp 540w, https:\/\/taizynut.com\/wp-content\/uploads\/2026\/02\/almond-skin-peeling-machine-225x300.webp 225w, https:\/\/taizynut.com\/wp-content\/uploads\/2026\/02\/almond-skin-peeling-machine-9x12.webp 9w\" sizes=\"auto, (max-width: 540px) 100vw, 540px\" \/><figcaption class=\"wp-element-caption\">Machine \u00e0 \u00e9plucher la peau d'amande<\/figcaption><\/figure> <\/figure>    <h2 class=\"wp-block-heading\"><strong>Quelles sont les applications de la machine \u00e0 \u00e9plucher les amandes ?<\/strong><\/h2>    <p>Notre machine \u00e0 \u00e9plucher les amandes humides est non seulement adapt\u00e9e pour \u00e9plucher les amandes, mais aussi pour le pr\u00e9-traitement d'autres noix comme les cacahu\u00e8tes, les soja, et les f\u00e8ves. Cette machine \u00e0 \u00e9plucher les amandes est largement utilis\u00e9e dans :<\/p>    <ul class=\"wp-block-list\"> <li>Lignes de production de lait d'amande<\/li>    <li>Transformation de boissons au lait de cacahu\u00e8te<\/li>    <li>Transformation de bonbons et p\u00e2tisseries au cacahu\u00e8te<\/li>    <li>Usines de transformation de conserves alimentaires<\/li>    <li>Production de porridge aux huit tr\u00e9sors et de noix aromatis\u00e9es<\/li> <\/ul>   <div class=\"wp-block-image\"> <figure class=\"aligncenter size-full\"><img loading=\"lazy\" decoding=\"async\" width=\"720\" height=\"540\" src=\"https:\/\/taizynut.com\/wp-content\/uploads\/2026\/02\/application-of-almond-skin-remover.webp\" alt=\"application de l&#039;enl\u00e8ve-peau d&#039;amande\" class=\"wp-image-1528\" title=\"\" srcset=\"https:\/\/taizynut.com\/wp-content\/uploads\/2026\/02\/application-of-almond-skin-remover.webp 720w, https:\/\/taizynut.com\/wp-content\/uploads\/2026\/02\/application-of-almond-skin-remover-300x225.webp 300w, https:\/\/taizynut.com\/wp-content\/uploads\/2026\/02\/application-of-almond-skin-remover-16x12.webp 16w\" sizes=\"auto, (max-width: 720px) 100vw, 720px\" \/><figcaption class=\"wp-element-caption\">application de l'enl\u00e8ve-peau d'amande<\/figcaption><\/figure> <\/div>   <h2 class=\"wp-block-heading\"><strong>Param\u00e8tres de la machine \u00e0 \u00e9plucher l'amande humide<\/strong><\/h2>    <figure class=\"wp-block-table\"><table class=\"has-fixed-layout\"><thead><tr><th>Mod\u00e8le<\/th><th>TZ-100<\/th><th>TZ-180<\/th><\/tr><\/thead><tbody><tr><td>Pouvoir<\/td><td>0,75kw,380v; 1,1kw, 220v<\/td><td>0,75kw,380v; 1,1kw, 220v<\/td><\/tr><tr><td>Taux de pelage<\/td><td>94%\u201398%<\/td><td>94%\u201398%<\/td><\/tr><tr><td>Capacit\u00e9<\/td><td>120\u2013150kg\/h<\/td><td>200\u2013250kg\/h<\/td><\/tr><tr><td>Taux de noyaux entiers<\/td><td>90%\u201395%<\/td><td>90%\u201395%<\/td><\/tr><tr><td>Taux de casse<\/td><td>2%\u20133%<\/td><td>2%\u20133%<\/td><\/tr><tr><td>Taille de la machine<\/td><td>1180*720*1100mm<\/td><td>1180*850*1100mm<\/td><\/tr><\/tbody><\/table><figcaption class=\"wp-element-caption\">sp\u00e9cifications de la machine \u00e0 \u00e9plucher l'amande humide<\/figcaption><\/figure>    <ol class=\"wp-block-list\"> <li>Le taux d'\u00e9pluchage et le taux de noyaux entiers varieront en fonction de la qualit\u00e9 des mati\u00e8res premi\u00e8res et du temps de trempage.<\/li>    <li>Pour obtenir des r\u00e9sultats d'\u00e9pluchage id\u00e9aux, le mat\u00e9riau doit \u00eatre tremp\u00e9 soigneusement \u00e0 l'avance.<\/li>    <li>La tension peut \u00eatre personnalis\u00e9e selon les exigences des diff\u00e9rents pays.<\/li> <\/ol>    <h2 class=\"wp-block-heading\"><strong>Comment fonctionne l'enl\u00e8ve-peau d'amande humide ?<\/strong><\/h2>    <p>Le processus de fonctionnement de la machine \u00e0 \u00e9plucher les amandes humides est le suivant :<\/p>    <ol class=\"wp-block-list\"> <li>Les amandes ou cacahu\u00e8tes tremp\u00e9es sont ajout\u00e9es \u00e0 la tr\u00e9mie.<\/li>    <li>Le mat\u00e9riau entre dans la zone de rouleaux d'\u00e9pluchage via l'\u00e9cran d'alimentation.<\/li>    <li>La peau est enlev\u00e9e par la friction des rouleaux en rotation.<\/li>    <li>La peau et le noyau sont s\u00e9par\u00e9s automatiquement.<\/li>    <li>Le produit fini est automatiquement \u00e9vacu\u00e9.<\/li> <\/ol>    <p>Le processus entier est continu, avec un \u00e9pluchage uniforme et une haute efficacit\u00e9, adapt\u00e9 \u00e0 la production en s\u00e9rie dans les petites et moyennes usines de transformation alimentaire.<\/p>    <figure class=\"wp-block-gallery has-nested-images columns-default is-cropped wp-block-gallery-3 is-layout-flex wp-block-gallery-is-layout-flex\"> <figure class=\"wp-block-image size-large\"><img loading=\"lazy\" decoding=\"async\" width=\"540\" height=\"720\" data-id=\"1529\" src=\"https:\/\/taizynut.com\/wp-content\/uploads\/2026\/02\/almond-skin-removing-machine.webp\" alt=\"almond skin removing machine\" class=\"wp-image-1529\" title=\"\" srcset=\"https:\/\/taizynut.com\/wp-content\/uploads\/2026\/02\/almond-skin-removing-machine.webp 540w, https:\/\/taizynut.com\/wp-content\/uploads\/2026\/02\/almond-skin-removing-machine-225x300.webp 225w, https:\/\/taizynut.com\/wp-content\/uploads\/2026\/02\/almond-skin-removing-machine-9x12.webp 9w\" sizes=\"auto, (max-width: 540px) 100vw, 540px\" \/><figcaption class=\"wp-element-caption\">Machine \u00e0 enlever la peau d'amande<\/figcaption><\/figure>    <figure class=\"wp-block-image size-large\"><img loading=\"lazy\" decoding=\"async\" width=\"540\" height=\"720\" data-id=\"1530\" src=\"https:\/\/taizynut.com\/wp-content\/uploads\/2026\/02\/wet-almond-skin-peeler-machine.webp\" alt=\"La machine \u00e0 \u00e9plucher l&#039;amande humide peut \u00e9plucher l&#039;amande, la f\u00e8ve, et la cacahu\u00e8te \u00e0 une vitesse de 120-250kg\/h. Le taux d&#039;\u00e9pluchage est de 94, et le taux de noyaux entiers est de 90.\" class=\"wp-image-1530\" title=\"\" srcset=\"https:\/\/taizynut.com\/wp-content\/uploads\/2026\/02\/wet-almond-skin-peeler-machine.webp 540w, https:\/\/taizynut.com\/wp-content\/uploads\/2026\/02\/wet-almond-skin-peeler-machine-225x300.webp 225w, https:\/\/taizynut.com\/wp-content\/uploads\/2026\/02\/wet-almond-skin-peeler-machine-9x12.webp 9w\" sizes=\"auto, (max-width: 540px) 100vw, 540px\" \/><figcaption class=\"wp-element-caption\">Machine \u00e0 \u00e9plucher la peau d'amande humide<\/figcaption><\/figure>    <figure class=\"wp-block-image size-large\"><img loading=\"lazy\" decoding=\"async\" width=\"540\" height=\"720\" data-id=\"1531\" src=\"https:\/\/taizynut.com\/wp-content\/uploads\/2026\/02\/wet-almond-skin-peeler.webp\" alt=\"Machine \u00e0 \u00e9plucher les amandes\" class=\"wp-image-1531\" title=\"\" srcset=\"https:\/\/taizynut.com\/wp-content\/uploads\/2026\/02\/wet-almond-skin-peeler.webp 540w, https:\/\/taizynut.com\/wp-content\/uploads\/2026\/02\/wet-almond-skin-peeler-225x300.webp 225w, https:\/\/taizynut.com\/wp-content\/uploads\/2026\/02\/wet-almond-skin-peeler-9x12.webp 9w\" sizes=\"auto, (max-width: 540px) 100vw, 540px\" \/><figcaption class=\"wp-element-caption\">\u00c9plucheur de peau d'amande humide<\/figcaption><\/figure> <\/figure>    <h2 class=\"wp-block-heading\"><strong>Comment choisir une machine \u00e0 \u00e9plucher les amandes ?<\/strong><\/h2>    <ul class=\"wp-block-list\"> <li>Pour des besoins de production de 120\u2013150kg\/h, il est recommand\u00e9 d'utiliser le TZ-100.<\/li>    <li>Pour des besoins de production de 200\u2013250kg\/h, il est recommand\u00e9 d'utiliser le TZ-180.<\/li> <\/ul>    <p class=\"translation-block\">Si vous envisagez de construire une ligne de traitement des amandes, nous pouvons \u00e9galement vous fournir une solution compl\u00e8te de configuration d'\u00e9quipement (tel que <a href=\"https:\/\/taizynut.com\/fr\/product\/almond-shelling-machine\/\">machine \u00e0 \u00e9caler les amandes<\/a>, <a href=\"https:\/\/taizynut.com\/fr\/product\/almond-shell-and-kernel-separator\/\">s\u00e9parateur de coque et de noyau<\/a>, etc.).<\/p>    <h2 class=\"wp-block-heading\"><strong>Prix de la machine \u00e0 \u00e9plucher l'amande humide<\/strong><\/h2>    <p>Le prix de la machine \u00e0 \u00e9plucher l'amande humide d\u00e9pend principalement de la configuration de l'\u00e9quipement et des besoins de production. Diff\u00e9rents mod\u00e8les et exigences de personnalisation influenceront le devis final. Les principaux facteurs sont :<\/p>    <ol class=\"wp-block-list\"> <li><strong>Exigences de production<\/strong>: Diff\u00e9rents mod\u00e8les ont diff\u00e9rentes capacit\u00e9s.<\/li>    <li><strong>Norme de tension<\/strong>: La personnalisation de la tension influencera le prix.<\/li>    <li><strong>Mat\u00e9riau de l'\u00e9quipement<\/strong>: La n\u00e9cessit\u00e9 de mat\u00e9riaux sp\u00e9ciaux influencera le devis.<\/li>    <li><strong>Frais d'exp\u00e9dition<\/strong>: Diff\u00e9rents pays et m\u00e9thodes d'exp\u00e9dition influenceront le co\u00fbt total.<\/li> <\/ol>    <figure class=\"wp-block-gallery has-nested-images columns-default is-cropped wp-block-gallery-4 is-layout-flex wp-block-gallery-is-layout-flex\"> <figure class=\"wp-block-image size-large\"><img loading=\"lazy\" decoding=\"async\" width=\"720\" height=\"540\" data-id=\"1532\" src=\"https:\/\/taizynut.com\/wp-content\/uploads\/2026\/02\/almond-peeler-machine.webp\" alt=\"\u00c9plucheur d&#039;amandes humide\" class=\"wp-image-1532\" title=\"\" srcset=\"https:\/\/taizynut.com\/wp-content\/uploads\/2026\/02\/almond-peeler-machine.webp 720w, https:\/\/taizynut.com\/wp-content\/uploads\/2026\/02\/almond-peeler-machine-300x225.webp 300w, https:\/\/taizynut.com\/wp-content\/uploads\/2026\/02\/almond-peeler-machine-16x12.webp 16w\" sizes=\"auto, (max-width: 720px) 100vw, 720px\" \/><figcaption class=\"wp-element-caption\">Machine \u00e0 \u00e9plucher les amandes<\/figcaption><\/figure>    <figure class=\"wp-block-image size-large\"><img loading=\"lazy\" decoding=\"async\" width=\"720\" height=\"540\" data-id=\"1533\" src=\"https:\/\/taizynut.com\/wp-content\/uploads\/2026\/02\/wet-almond-peeling-machine.webp\" alt=\"Machine \u00e0 \u00e9plucher la peau d&#039;amande humide\" class=\"wp-image-1533\" title=\"\" srcset=\"https:\/\/taizynut.com\/wp-content\/uploads\/2026\/02\/wet-almond-peeling-machine.webp 720w, https:\/\/taizynut.com\/wp-content\/uploads\/2026\/02\/wet-almond-peeling-machine-300x225.webp 300w, https:\/\/taizynut.com\/wp-content\/uploads\/2026\/02\/wet-almond-peeling-machine-16x12.webp 16w\" sizes=\"auto, (max-width: 720px) 100vw, 720px\" \/><figcaption class=\"wp-element-caption\">Machine \u00e0 \u00e9plucher les amandes humides<\/figcaption><\/figure> <\/figure>    <h2 class=\"wp-block-heading\"><strong>FAQ de la machine \u00e0 \u00e9plucher la peau d'amande<\/strong><\/h2>   <div id=\"rank-math-faq\" class=\"rank-math-block\"> <div class=\"rank-math-list\"> <div id=\"faq-question-1771989038259\" class=\"rank-math-list-item\"> <h3 class=\"rank-math-question\">Quels mat\u00e9riaux la machine \u00e0 pelage humide peut-elle traiter ?<\/h3> <div class=\"rank-math-answer\">  <p>La machine convient pour les amandes, cacahu\u00e8tes, soja, et f\u00e8ves apr\u00e8s trempage.<\/p>  <\/div> <\/div> <div id=\"faq-question-1771989058026\" class=\"rank-math-list-item\"> <h3 class=\"rank-math-question\">Le trempage est-il n\u00e9cessaire avant l'\u00e9pluchage ?<\/h3> <div class=\"rank-math-answer\">  <p>Oui. Le processus de pelage humide n\u00e9cessite que les mati\u00e8res premi\u00e8res soient tremp\u00e9es dans l'eau avant d'entrer dans la machine.<\/p>  <\/div> <\/div> <div id=\"faq-question-1771989071489\" class=\"rank-math-list-item\"> <h3 class=\"rank-math-question\">Quel est le taux d'\u00e9pluchage ?<\/h3> <div class=\"rank-math-answer\">  <p>Le taux d'\u00e9pluchage est de 94%\u201398%, selon la qualit\u00e9 des mati\u00e8res premi\u00e8res et le temps de trempage.<\/p>  <\/div> <\/div> <div id=\"faq-question-1771989097986\" class=\"rank-math-list-item\"> <h3 class=\"rank-math-question\">Quel est le taux de casse ?<\/h3> <div class=\"rank-math-answer\">  <p>Le taux de casse est de 2%\u20133%, avec un taux de noyaux entiers de 90%\u201395%.<\/p>  <\/div> <\/div> <div id=\"faq-question-1771989137058\" class=\"rank-math-list-item\"> <h3 class=\"rank-math-question\">La machine peut-elle s\u00e9parer automatiquement la peau et les noyaux ?<\/h3> <div class=\"rank-math-answer\">  <p>Oui. Pendant le fonctionnement, la peau et les noyaux sont s\u00e9par\u00e9s automatiquement.<\/p>  <\/div> <\/div> <\/div> <\/div>   <h2 class=\"wp-block-heading\"><strong>Contactez-nous d\u00e8s aujourd'hui !<\/strong><\/h2>    <p>La machine \u00e0 \u00e9plucher l'amande humide est devenue un \u00e9quipement essentiel dans l'industrie de traitement des noix en raison de son taux d'\u00e9pluchage \u00e9lev\u00e9 et de son faible taux de casse. Si vous recherchez une machine \u00e0 \u00e9plucher les amandes ou d'autres \u00e9quipements de traitement des noix, contactez-nous imm\u00e9diatement pour un devis d\u00e9taill\u00e9, des vid\u00e9os, et des solutions personnalis\u00e9es.<\/p>","protected":false},"excerpt":{"rendered":"<p>This article mainly introduces the wet almond peeling machine. This almond skin remover machine can peel almonds, broad beans, and peanuts. Its processing speed is 120-250 kg\/hour. The peeling rate is 94-98%, and the whole kernel rate is 90-95%.<\/p>","protected":false},"author":1,"featured_media":1534,"parent":0,"template":"","tags":[68,61],"product-type":[74],"class_list":["post-1525","product","type-product","status-publish","has-post-thumbnail","hentry","tag-almond","tag-nut","product-type-almond-processing"],"_links":{"self":[{"href":"https:\/\/taizynut.com\/fr\/wp-json\/wp\/v2\/product\/1525","targetHints":{"allow":["GET"]}}],"collection":[{"href":"https:\/\/taizynut.com\/fr\/wp-json\/wp\/v2\/product"}],"about":[{"href":"https:\/\/taizynut.com\/fr\/wp-json\/wp\/v2\/types\/product"}],"author":[{"embeddable":true,"href":"https:\/\/taizynut.com\/fr\/wp-json\/wp\/v2\/users\/1"}],"wp:featuredmedia":[{"embeddable":true,"href":"https:\/\/taizynut.com\/fr\/wp-json\/wp\/v2\/media\/1534"}],"wp:attachment":[{"href":"https:\/\/taizynut.com\/fr\/wp-json\/wp\/v2\/media?parent=1525"}],"wp:term":[{"taxonomy":"post_tag","embeddable":true,"href":"https:\/\/taizynut.com\/fr\/wp-json\/wp\/v2\/tags?post=1525"},{"taxonomy":"product-type","embeddable":true,"href":"https:\/\/taizynut.com\/fr\/wp-json\/wp\/v2\/product-type?post=1525"}],"curies":[{"name":"wp","href":"https:\/\/api.w.org\/{rel}","templated":true}]}}