{"id":1542,"date":"2026-02-27T14:19:54","date_gmt":"2026-02-27T06:19:54","guid":{"rendered":"https:\/\/taizynut.com\/?post_type=product&#038;p=1542"},"modified":"2026-02-27T14:19:55","modified_gmt":"2026-02-27T06:19:55","slug":"almond-slicing-machine","status":"publish","type":"product","link":"https:\/\/taizynut.com\/fr\/product\/almond-slicing-machine\/","title":{"rendered":"Machine \u00e0 trancher les amandes"},"content":{"rendered":"<p class=\"translation-block\">La <strong>machine \u00e0 trancher les amandes<\/strong> est une machine de traitement alimentaire sp\u00e9cialement con\u00e7ue pour trancher finement les noix. Elle r\u00e9alise une coupe uniforme et continue. Notre trancheuse d'amandes fonctionne de mani\u00e8re stable, avec une \u00e9paisseur de coupe r\u00e9glable (0,05-1,2 mm). Elle offre \u00e9galement une haute efficacit\u00e9 (200-300 kg\/h).<\/p>    <p>La machine \u00e0 trancher les noix Taizy est adapt\u00e9e \u00e0 diverses mati\u00e8res premi\u00e8res de noix telles que les amandes, les arachides et les noix de cajou. Elle est largement utilis\u00e9e dans les usines de transformation alimentaire, l'industrie de la boulangerie et les entreprises de traitement en profondeur des noix. Si vous avez des besoins, veuillez nous contacter pour plus d'informations !<\/p>    <h2 class=\"wp-block-heading\"><strong>Avantages de la machine \u00e0 trancher les amandes<\/strong><\/h2>    <ul class=\"wp-block-list\"> <li>\u00c9paisseur de coupe r\u00e9glable <ul class=\"wp-block-list\"> <li>La plage de coupe est de 0,05 \u00e0 1,2 mm, ajustable de mani\u00e8re flexible selon les exigences du produit.<\/li> <\/ul> <\/li>    <li>Tranchage uniforme <ul class=\"wp-block-list\"> <li>L'ensemble de lames con\u00e7u de mani\u00e8re rationnelle garantit une \u00e9paisseur de tranche coh\u00e9rente, un faible taux de casse et une meilleure qualit\u00e9 d'apparence du produit.<\/li> <\/ul> <\/li>    <li>Production stable <ul class=\"wp-block-list\"> <li>Notre machine \u00e0 trancher les amandes peut traiter 200 \u00e0 300 kg de mati\u00e8res premi\u00e8res par heure, r\u00e9pondant aux exigences de la production \u00e0 grande \u00e9chelle.<\/li> <\/ul> <\/li>    <li>Op\u00e9ration facile <ul class=\"wp-block-list\"> <li>La conception structurelle rationnelle assure un fonctionnement stable et une maintenance pratique, r\u00e9duisant la difficult\u00e9 de l'op\u00e9ration manuelle.<\/li> <\/ul> <\/li>    <li>Convient \u00e0 diverses noix <ul class=\"wp-block-list\"> <li>En plus des amandes, la machine \u00e0 couper les amandes peut \u00e9galement \u00eatre utilis\u00e9e pour trancher des arachides, des noix de cajou et d'autres noix, ce qui en fait une machine polyvalente.<\/li> <\/ul> <\/li> <\/ul>    <figure class=\"wp-block-gallery has-nested-images columns-default is-cropped wp-block-gallery-2 is-layout-flex wp-block-gallery-is-layout-flex\"> <figure class=\"wp-block-image size-large\"><img loading=\"lazy\" decoding=\"async\" width=\"540\" height=\"720\" data-id=\"1545\" src=\"https:\/\/taizynut.com\/wp-content\/uploads\/2026\/02\/almond-slice-cutting-machine.webp\" alt=\"almond slice cutting machine\" class=\"wp-image-1545\" title=\"\" srcset=\"https:\/\/taizynut.com\/wp-content\/uploads\/2026\/02\/almond-slice-cutting-machine.webp 540w, https:\/\/taizynut.com\/wp-content\/uploads\/2026\/02\/almond-slice-cutting-machine-225x300.webp 225w, https:\/\/taizynut.com\/wp-content\/uploads\/2026\/02\/almond-slice-cutting-machine-9x12.webp 9w\" sizes=\"auto, (max-width: 540px) 100vw, 540px\" \/><figcaption class=\"wp-element-caption\">Machine de d\u00e9coupe de tranches d'amandes<\/figcaption><\/figure>    <figure class=\"wp-block-image size-large\"><img loading=\"lazy\" decoding=\"async\" width=\"540\" height=\"720\" data-id=\"1546\" src=\"https:\/\/taizynut.com\/wp-content\/uploads\/2026\/02\/almond-slicing-equipment.webp\" alt=\"almond slicing equipment\" class=\"wp-image-1546\" title=\"\" srcset=\"https:\/\/taizynut.com\/wp-content\/uploads\/2026\/02\/almond-slicing-equipment.webp 540w, https:\/\/taizynut.com\/wp-content\/uploads\/2026\/02\/almond-slicing-equipment-225x300.webp 225w, https:\/\/taizynut.com\/wp-content\/uploads\/2026\/02\/almond-slicing-equipment-9x12.webp 9w\" sizes=\"auto, (max-width: 540px) 100vw, 540px\" \/><figcaption class=\"wp-element-caption\">\u00c9quipement de tranchage d'amandes<\/figcaption><\/figure> <\/figure>    <h2 class=\"wp-block-heading\"><strong>Application de la machine \u00e0 trancher les amandes<\/strong><\/h2>    <p>La machine \u00e0 trancher les amandes Taizy peut traiter non seulement des amandes, mais aussi des arachides, des noix de cajou et d'autres noix. Cette trancheuse d'amandes est g\u00e9n\u00e9ralement utilis\u00e9e dans les sc\u00e9narios suivants :<\/p>    <ul class=\"wp-block-list\"> <li>Usines de traitement des noix<\/li>    <li>Fournisseurs d'ingr\u00e9dients pour la torr\u00e9faction<\/li>    <li>Entreprises de transformation alimentaire<\/li>    <li>Lignes de production de traitement en profondeur des noix<\/li> <\/ul>    <p class=\"translation-block\">Ce coupe-amandes peut \u00e9galement \u00eatre utilis\u00e9 conjointement avec <a href=\"https:\/\/taizynut.com\/fr\/product\/almond-shelling-machine\/\">l'\u00e9plucheur d'amandes<\/a> et <a href=\"https:\/\/taizynut.com\/fr\/product\/wet-almond-peeling-machine\/\">la machine \u00e0 d\u00e9cortiquer les amandes<\/a> pour former un flux complet de traitement des noix.<\/p>   <div class=\"wp-block-image\"> <figure class=\"aligncenter size-full\"><img loading=\"lazy\" decoding=\"async\" width=\"720\" height=\"540\" src=\"https:\/\/taizynut.com\/wp-content\/uploads\/2026\/02\/application-of-almond-nut-slicing-machine.webp\" alt=\"Application de la machine \u00e0 trancher les noix d&#039;amande\" class=\"wp-image-1547\" title=\"\" srcset=\"https:\/\/taizynut.com\/wp-content\/uploads\/2026\/02\/application-of-almond-nut-slicing-machine.webp 720w, https:\/\/taizynut.com\/wp-content\/uploads\/2026\/02\/application-of-almond-nut-slicing-machine-300x225.webp 300w, https:\/\/taizynut.com\/wp-content\/uploads\/2026\/02\/application-of-almond-nut-slicing-machine-16x12.webp 16w\" sizes=\"auto, (max-width: 720px) 100vw, 720px\" \/><figcaption class=\"wp-element-caption\">Application de la machine \u00e0 trancher les noix d'amande<\/figcaption><\/figure> <\/div>   <h2 class=\"wp-block-heading\"><strong>Param\u00e8tres de la machine \u00e0 d\u00e9couper les tranches d'amandes<\/strong><\/h2>    <figure class=\"wp-block-table\"><table class=\"has-fixed-layout\"><tbody><tr><td>Taille de la machine<\/td><td>650*600*1100mm<\/td><\/tr><tr><td>Tension<\/td><td>220v\/380v<\/td><\/tr><tr><td>Pouvoir<\/td><td>2,2 kW<\/td><\/tr><tr><td>\u00c9paisseur de coupe<\/td><td>0,05-1,2mm<\/td><\/tr><tr><td>Capacit\u00e9<\/td><td>200-300kg\/heure<\/td><\/tr><tr><td>Poids<\/td><td>170kg<\/td><\/tr><\/tbody><\/table><figcaption class=\"wp-element-caption\">Sp\u00e9cifications de la machine \u00e0 trancher les amandes<\/figcaption><\/figure>    <ul class=\"wp-block-list\"> <li>Notre trancheuse d'amandes est en acier inoxydable.<\/li>    <li>The machine&#8217;s voltage can be customized according to customer requirements.<\/li>    <li>Le rendement r\u00e9el variera en fonction de la taille de la mati\u00e8re premi\u00e8re, de l'humidit\u00e9 et de l'\u00e9paisseur de la tranche.<\/li> <\/ul>    <h2 class=\"wp-block-heading\"><strong>Quels facteurs doivent \u00eatre pris en compte lors du choix de la trancheuse d'amandes ?<\/strong><\/h2>    <p>Lors du choix de la machine \u00e0 trancher les amandes, il est recommand\u00e9 de se concentrer sur les points suivants :<\/p>    <ul class=\"wp-block-list\"> <li>Plage de r\u00e9glage de l'\u00e9paisseur de coupe<\/li>    <li>Exigences de production r\u00e9elles<\/li>    <li>Correspondance de tension<\/li>    <li>Stabilit\u00e9 et durabilit\u00e9 de l'\u00e9quipement<\/li>    <li>Facilit\u00e9 de nettoyage et d'entretien<\/li> <\/ul>    <p>Choisir une machine \u00e0 couper les amandes adapt\u00e9e peut aider \u00e0 am\u00e9liorer l'efficacit\u00e9 de la production et \u00e0 r\u00e9duire les co\u00fbts globaux.<\/p>   <div class=\"wp-block-image\"> <figure class=\"aligncenter size-full\"><img loading=\"lazy\" decoding=\"async\" width=\"720\" height=\"540\" src=\"https:\/\/taizynut.com\/wp-content\/uploads\/2026\/02\/almond-cutting-machine.webp\" alt=\"Machine \u00e0 couper les amandes\" class=\"wp-image-1551\" title=\"\" srcset=\"https:\/\/taizynut.com\/wp-content\/uploads\/2026\/02\/almond-cutting-machine.webp 720w, https:\/\/taizynut.com\/wp-content\/uploads\/2026\/02\/almond-cutting-machine-300x225.webp 300w, https:\/\/taizynut.com\/wp-content\/uploads\/2026\/02\/almond-cutting-machine-16x12.webp 16w\" sizes=\"auto, (max-width: 720px) 100vw, 720px\" \/><figcaption class=\"wp-element-caption\">Machine \u00e0 couper les amandes<\/figcaption><\/figure> <\/div>   <h2 class=\"wp-block-heading\"><strong>Facteurs de prix de la machine \u00e0 trancher les noix d'amande<\/strong><\/h2>    <p>Le prix du trancheur d'amandes est g\u00e9n\u00e9ralement influenc\u00e9 par divers facteurs, avec des configurations et des exigences diff\u00e9rentes impactant directement le co\u00fbt total de l'investissement. Ceux-ci incluent principalement :<\/p>    <ol class=\"wp-block-list\"> <li>Configuration de l'\u00e9quipement et mat\u00e9riaux <ul class=\"wp-block-list\"> <li>Les exigences en mati\u00e8re de mat\u00e9riaux de qualit\u00e9 alimentaire, la qualit\u00e9 des lames et la marque du moteur influencent tous le co\u00fbt de l'\u00e9quipement.<\/li> <\/ul> <\/li>    <li>Sortie et conception structurelle <ul class=\"wp-block-list\"> <li>Diff\u00e9rents besoins en sortie n\u00e9cessitent diff\u00e9rentes r\u00e9sistances structurelles et configurations de moteurs.<\/li> <\/ul> <\/li>    <li>Besoins en tension et personnalisation <ul class=\"wp-block-list\"> <li>Les exigences pour des tensions sp\u00e9ciales ou des fonctions personnalis\u00e9es affecteront \u00e9galement le prix final.<\/li> <\/ul> <\/li>    <li>Transport et service apr\u00e8s-vente <ul class=\"wp-block-list\"> <li>Les m\u00e9thodes d'exp\u00e9dition, les exigences d'emballage et la port\u00e9e du support apr\u00e8s-vente influenceront \u00e9galement le co\u00fbt global.<\/li> <\/ul> <\/li> <\/ol>    <p>Par cons\u00e9quent, lors du choix de la machine \u00e0 trancher les amandes, le prix, la qualit\u00e9 et l'efficacit\u00e9 de production doivent \u00eatre pris en compte de mani\u00e8re globale.<\/p>    <figure class=\"wp-block-gallery has-nested-images columns-default is-cropped wp-block-gallery-3 is-layout-flex wp-block-gallery-is-layout-flex\"> <figure class=\"wp-block-image size-large\"><img loading=\"lazy\" decoding=\"async\" width=\"540\" height=\"720\" data-id=\"1552\" src=\"https:\/\/taizynut.com\/wp-content\/uploads\/2026\/02\/almond-slicing-machine.webp\" alt=\"Machine \u00e0 trancher les amandes\" class=\"wp-image-1552\" title=\"\" srcset=\"https:\/\/taizynut.com\/wp-content\/uploads\/2026\/02\/almond-slicing-machine.webp 540w, https:\/\/taizynut.com\/wp-content\/uploads\/2026\/02\/almond-slicing-machine-225x300.webp 225w, https:\/\/taizynut.com\/wp-content\/uploads\/2026\/02\/almond-slicing-machine-9x12.webp 9w\" sizes=\"auto, (max-width: 540px) 100vw, 540px\" \/><figcaption class=\"wp-element-caption\">Machine \u00e0 trancher les amandes<\/figcaption><\/figure>    <figure class=\"wp-block-image size-large\"><img loading=\"lazy\" decoding=\"async\" width=\"540\" height=\"720\" data-id=\"1553\" src=\"https:\/\/taizynut.com\/wp-content\/uploads\/2026\/02\/almond-slicer.webp\" alt=\"almond slicer\" class=\"wp-image-1553\" title=\"\" srcset=\"https:\/\/taizynut.com\/wp-content\/uploads\/2026\/02\/almond-slicer.webp 540w, https:\/\/taizynut.com\/wp-content\/uploads\/2026\/02\/almond-slicer-225x300.webp 225w, https:\/\/taizynut.com\/wp-content\/uploads\/2026\/02\/almond-slicer-9x12.webp 9w\" sizes=\"auto, (max-width: 540px) 100vw, 540px\" \/><figcaption class=\"wp-element-caption\">Trancheuse d'amandes<\/figcaption><\/figure> <\/figure>    <h2 class=\"wp-block-heading\"><strong>Pourquoi choisir Taizy comme fournisseur ?<\/strong><\/h2>    <p>Choisir un fournisseur professionnel de machines \u00e0 trancher les amandes est essentiel pour garantir la performance de l'\u00e9quipement et un fonctionnement stable \u00e0 long terme. En choisissant Taizy, vous b\u00e9n\u00e9ficierez de :<\/p>    <ol class=\"wp-block-list\"> <li>Qualit\u00e9 de l'\u00e9quipement stable et fiable<\/li>    <li>Exp\u00e9rience d\u2019exportation \u00e9tendue<\/li>    <li>Support technique professionnel<\/li>    <li>Solutions personnalis\u00e9es<\/li> <\/ol>   <div class=\"wp-block-image\"> <figure class=\"aligncenter size-full\"><img loading=\"lazy\" decoding=\"async\" width=\"720\" height=\"540\" src=\"https:\/\/taizynut.com\/wp-content\/uploads\/2026\/02\/almond-nut-slicing-machine.webp\" alt=\"Machine \u00e0 trancher les noix d&#039;amande\" class=\"wp-image-1548\" title=\"\" srcset=\"https:\/\/taizynut.com\/wp-content\/uploads\/2026\/02\/almond-nut-slicing-machine.webp 720w, https:\/\/taizynut.com\/wp-content\/uploads\/2026\/02\/almond-nut-slicing-machine-300x225.webp 300w, https:\/\/taizynut.com\/wp-content\/uploads\/2026\/02\/almond-nut-slicing-machine-16x12.webp 16w\" sizes=\"auto, (max-width: 720px) 100vw, 720px\" \/><figcaption class=\"wp-element-caption\">Machine \u00e0 trancher les noix d'amande<\/figcaption><\/figure> <\/div>   <h2 class=\"wp-block-heading\"><strong>Cas d'exportation de la machine \u00e0 trancher les noix d'amande Taizy<\/strong><\/h2>    <p>Nous avons r\u00e9cemment export\u00e9 avec succ\u00e8s notre machine \u00e0 trancher les amandes en Autriche. Cette machine est utilis\u00e9e dans un projet d'approvisionnement en ingr\u00e9dients de torr\u00e9faction pour une entreprise locale de traitement des noix.<\/p>    <p>After the equipment was put into operation, the client&#8217;s feedback was as follows:<\/p>    <ul class=\"wp-block-list\"> <li>\u00c9paisseur de tranche uniforme.<\/li>    <li>Production horaire stable d'environ 250 kg.<\/li>    <li>R\u00e9duction significative du taux de casse des mati\u00e8res premi\u00e8res.<\/li>    <li>R\u00e9duction des co\u00fbts de main-d'\u0153uvre d'environ 35 %.<\/li> <\/ul>    <figure class=\"wp-block-gallery has-nested-images columns-default is-cropped wp-block-gallery-4 is-layout-flex wp-block-gallery-is-layout-flex\"> <figure class=\"wp-block-image size-large\"><img loading=\"lazy\" decoding=\"async\" width=\"540\" height=\"720\" data-id=\"1549\" src=\"https:\/\/taizynut.com\/wp-content\/uploads\/2026\/02\/almond-nut-slicer.webp\" alt=\"almond nut slicer\" class=\"wp-image-1549\" title=\"\" srcset=\"https:\/\/taizynut.com\/wp-content\/uploads\/2026\/02\/almond-nut-slicer.webp 540w, https:\/\/taizynut.com\/wp-content\/uploads\/2026\/02\/almond-nut-slicer-225x300.webp 225w, https:\/\/taizynut.com\/wp-content\/uploads\/2026\/02\/almond-nut-slicer-9x12.webp 9w\" sizes=\"auto, (max-width: 540px) 100vw, 540px\" \/><figcaption class=\"wp-element-caption\">Trancheuse d'amandes<\/figcaption><\/figure>    <figure class=\"wp-block-image size-large\"><img loading=\"lazy\" decoding=\"async\" width=\"540\" height=\"720\" data-id=\"1550\" src=\"https:\/\/taizynut.com\/wp-content\/uploads\/2026\/02\/almond-slicing-machine-package.webp\" alt=\"almond slicing machine package\" class=\"wp-image-1550\" title=\"\" srcset=\"https:\/\/taizynut.com\/wp-content\/uploads\/2026\/02\/almond-slicing-machine-package.webp 540w, https:\/\/taizynut.com\/wp-content\/uploads\/2026\/02\/almond-slicing-machine-package-225x300.webp 225w, https:\/\/taizynut.com\/wp-content\/uploads\/2026\/02\/almond-slicing-machine-package-9x12.webp 9w\" sizes=\"auto, (max-width: 540px) 100vw, 540px\" \/><figcaption class=\"wp-element-caption\">Emballage de la machine \u00e0 trancher les amandes<\/figcaption><\/figure> <\/figure>    <h2 class=\"wp-block-heading\"><strong>Contactez-nous pour plus d'informations !<\/strong><\/h2>    <p>La machine \u00e0 trancher les amandes est un \u00e9quipement essentiel dans le traitement en profondeur des noix. Cet \u00e9quipement offre une coupe uniforme, une production stable et une \u00e9paisseur r\u00e9glable, am\u00e9liorant ainsi la qualit\u00e9 du produit et l'efficacit\u00e9 de la production.<\/p>    <p>Si vous recherchez une solution de tranchage de noix efficace et stable, veuillez nous contacter pour plus d'informations !<\/p>","protected":false},"excerpt":{"rendered":"<p>This article mainly introduces the Taizy almond slicing machine. This equipment can slice peanuts, almonds, and cashews into thin slices of 0.05-1.2 mm, with a processing speed of 200-300 kg\/hour.<\/p>","protected":false},"author":1,"featured_media":1544,"parent":0,"template":"","tags":[68],"product-type":[74],"class_list":["post-1542","product","type-product","status-publish","has-post-thumbnail","hentry","tag-almond","product-type-almond-processing"],"_links":{"self":[{"href":"https:\/\/taizynut.com\/fr\/wp-json\/wp\/v2\/product\/1542","targetHints":{"allow":["GET"]}}],"collection":[{"href":"https:\/\/taizynut.com\/fr\/wp-json\/wp\/v2\/product"}],"about":[{"href":"https:\/\/taizynut.com\/fr\/wp-json\/wp\/v2\/types\/product"}],"author":[{"embeddable":true,"href":"https:\/\/taizynut.com\/fr\/wp-json\/wp\/v2\/users\/1"}],"wp:featuredmedia":[{"embeddable":true,"href":"https:\/\/taizynut.com\/fr\/wp-json\/wp\/v2\/media\/1544"}],"wp:attachment":[{"href":"https:\/\/taizynut.com\/fr\/wp-json\/wp\/v2\/media?parent=1542"}],"wp:term":[{"taxonomy":"post_tag","embeddable":true,"href":"https:\/\/taizynut.com\/fr\/wp-json\/wp\/v2\/tags?post=1542"},{"taxonomy":"product-type","embeddable":true,"href":"https:\/\/taizynut.com\/fr\/wp-json\/wp\/v2\/product-type?post=1542"}],"curies":[{"name":"wp","href":"https:\/\/api.w.org\/{rel}","templated":true}]}}