{"id":1601,"date":"2026-03-27T14:31:12","date_gmt":"2026-03-27T06:31:12","guid":{"rendered":"https:\/\/taizynut.com\/?post_type=product&#038;p=1601"},"modified":"2026-03-27T14:31:13","modified_gmt":"2026-03-27T06:31:13","slug":"cashew-shelling-machine","status":"publish","type":"product","link":"https:\/\/taizynut.com\/fr\/product\/cashew-shelling-machine\/","title":{"rendered":"Machine de d\u00e9corticage de cajou"},"content":{"rendered":"<p class=\"translation-block\">Taizy <strong>machine de d\u00e9pelliculage de cajou<\/strong> est sp\u00e9cialement con\u00e7ue pour am\u00e9liorer l'efficacit\u00e9 du d\u00e9pelliculage et minimiser les taux de casse. La machine enti\u00e8re dispose d'une structure d'alimentation horizontale et d'un syst\u00e8me de coupe synchrone multi-stations, permettant une op\u00e9ration continue.<\/p>    <p>Nous proposons une vari\u00e9t\u00e9 de mod\u00e8les de machines de d\u00e9pelliculage de cajou capables de traiter simultan\u00e9ment de 2 \u00e0 12 noix, avec des capacit\u00e9s de sortie allant de 50 \u00e0 400 kg\/h. La machine fonctionne avec une stabilit\u00e9 exceptionnelle, atteignant un taux de d\u00e9pelliculage de 90 %\u201395 % tout en maintenant le taux de casse contr\u00f4l\u00e9 entre 5 %\u201310 %. Elle constitue un excellent choix pour l'industrie du traitement de cajou.<\/p>    <h2 class=\"wp-block-heading\"><strong>Analyse des avantages principaux<\/strong><\/h2>    <ol class=\"wp-block-list\"> <li><strong>Multi-station synchronisation, capacit\u00e9 accrue<\/strong>: Notre machine de d\u00e9pelliculage de cajou traite 2 \u00e0 12 noix simultan\u00e9ment, augmentant consid\u00e9rablement la production par unit\u00e9 de temps.<\/li>    <li><strong>R\u00e9duction des casse, rentabilit\u00e9 accrue<\/strong>: Gr\u00e2ce \u00e0 un positionnement et une coupe pr\u00e9cis, cet \u00e9quipement de traitement de cajou r\u00e9duit les dommages au noyau et am\u00e9liore le rendement des noyaux intacts.<\/li>    <li><strong>Fonctionnement automatis\u00e9, r\u00e9duction des co\u00fbts de main-d'\u0153uvre<\/strong>: The cashew sheller requires no complex procedures; a single operator can easily manage the machine&#8217;s operation.<\/li>    <li><strong>Structure compacte, empreinte minimale<\/strong>: Son design compact le rend id\u00e9al pour un d\u00e9ploiement rapide dans des usines de petite \u00e0 moyenne taille ou des entreprises de traitement en d\u00e9marrage.<\/li>    <li><strong>Conception de qualit\u00e9 alimentaire<\/strong>: Les pi\u00e8ces en contact en acier inoxydable garantissent la conformit\u00e9 aux normes d'hygi\u00e8ne tout en ma\u00eetrisant les co\u00fbts de l'\u00e9quipement.<\/li> <\/ol>    <figure class=\"wp-block-gallery has-nested-images columns-default is-cropped wp-block-gallery-2 is-layout-flex wp-block-gallery-is-layout-flex\"> <figure class=\"wp-block-image size-large\"><img loading=\"lazy\" decoding=\"async\" width=\"540\" height=\"720\" data-id=\"1603\" src=\"https:\/\/taizynut.com\/wp-content\/uploads\/2026\/03\/cashew-nut-shelling-equipment.webp\" alt=\"cashew nut shelling equipment\" class=\"wp-image-1603\" title=\"\" srcset=\"https:\/\/taizynut.com\/wp-content\/uploads\/2026\/03\/cashew-nut-shelling-equipment.webp 540w, https:\/\/taizynut.com\/wp-content\/uploads\/2026\/03\/cashew-nut-shelling-equipment-225x300.webp 225w, https:\/\/taizynut.com\/wp-content\/uploads\/2026\/03\/cashew-nut-shelling-equipment-9x12.webp 9w\" sizes=\"auto, (max-width: 540px) 100vw, 540px\" \/><figcaption class=\"wp-element-caption\">\u00c9quipement de d\u00e9pelliculage de cajou<\/figcaption><\/figure>    <figure class=\"wp-block-image size-large\"><img loading=\"lazy\" decoding=\"async\" width=\"540\" height=\"720\" data-id=\"1602\" src=\"https:\/\/taizynut.com\/wp-content\/uploads\/2026\/03\/cashew-nut-shell-breaking-machine.webp\" alt=\"cashew nut shell breaking machine\" class=\"wp-image-1602\" title=\"\" srcset=\"https:\/\/taizynut.com\/wp-content\/uploads\/2026\/03\/cashew-nut-shell-breaking-machine.webp 540w, https:\/\/taizynut.com\/wp-content\/uploads\/2026\/03\/cashew-nut-shell-breaking-machine-225x300.webp 225w, https:\/\/taizynut.com\/wp-content\/uploads\/2026\/03\/cashew-nut-shell-breaking-machine-9x12.webp 9w\" sizes=\"auto, (max-width: 540px) 100vw, 540px\" \/><figcaption class=\"wp-element-caption\">Machine de casse de la coque de cajou<\/figcaption><\/figure>    <figure class=\"wp-block-image size-large\"><img loading=\"lazy\" decoding=\"async\" width=\"540\" height=\"720\" data-id=\"1604\" src=\"https:\/\/taizynut.com\/wp-content\/uploads\/2026\/03\/cashew-nut-shelling-machine.webp\" alt=\"Machine de d\u00e9pelliculage de cajou\" class=\"wp-image-1604\" title=\"\" srcset=\"https:\/\/taizynut.com\/wp-content\/uploads\/2026\/03\/cashew-nut-shelling-machine.webp 540w, https:\/\/taizynut.com\/wp-content\/uploads\/2026\/03\/cashew-nut-shelling-machine-225x300.webp 225w, https:\/\/taizynut.com\/wp-content\/uploads\/2026\/03\/cashew-nut-shelling-machine-9x12.webp 9w\" sizes=\"auto, (max-width: 540px) 100vw, 540px\" \/><figcaption class=\"wp-element-caption\">Machine de d\u00e9pelliculage de cajou<\/figcaption><\/figure> <\/figure>    <h2 class=\"wp-block-heading\"><strong>Comment fonctionne la machine de d\u00e9pelliculage de cajou ?<\/strong><\/h2>    <p>Le principe de fonctionnement de cette machine de d\u00e9pelliculage de cajou est un positionnement pr\u00e9cis combin\u00e9 \u00e0 une coupe stable. Son flux de travail est clair et tr\u00e8s efficace :<\/p>    <ol class=\"wp-block-list\"> <li>Les noix de cajou entrent dans la machine via la tr\u00e9mie d'alimentation.<\/li>    <li>M\u00e9canisme entra\u00een\u00e9 par une cha\u00eene, ils sont automatiquement distribu\u00e9s dans des emplacements de positionnement sp\u00e9cialis\u00e9s.<\/li>    <li>Une fois positionn\u00e9es, les noix sont transport\u00e9es vers la zone de la lame.<\/li>    <li>Une coupe pr\u00e9cise est ensuite effectu\u00e9e pour ouvrir les coquilles.<\/li> <\/ol>   <div class=\"wp-block-image\"> <figure class=\"aligncenter size-full\"><img loading=\"lazy\" decoding=\"async\" width=\"720\" height=\"540\" src=\"https:\/\/taizynut.com\/wp-content\/uploads\/2026\/03\/cashew-sheller.webp\" alt=\"\u00c9plucheur de cajou\" class=\"wp-image-1605\" title=\"\" srcset=\"https:\/\/taizynut.com\/wp-content\/uploads\/2026\/03\/cashew-sheller.webp 720w, https:\/\/taizynut.com\/wp-content\/uploads\/2026\/03\/cashew-sheller-300x225.webp 300w, https:\/\/taizynut.com\/wp-content\/uploads\/2026\/03\/cashew-sheller-16x12.webp 16w\" sizes=\"auto, (max-width: 720px) 100vw, 720px\" \/><figcaption class=\"wp-element-caption\">\u00c9plucheur de cajou<\/figcaption><\/figure> <\/div>   <h2 class=\"wp-block-heading\"><strong>Options de mod\u00e8les de machine de d\u00e9pelliculage de cajou et d\u00e9tails techniques<\/strong><\/h2>    <figure class=\"wp-block-table\"><table><thead><tr><th>Mod\u00e8le<\/th><th>Capacit\u00e9 (kg\/h)<\/th><th>Quantit\u00e9 de d\u00e9pelliculage (pcs\/temps)<\/th><th>Dimensions (m)<\/th><th>poids (kg)<\/th><th>Puissance (kW)<\/th><th>Taux de d\u00e9pelliculage<\/th><th>Taux de casse<\/th><\/tr><\/thead><tbody><tr><td>YK-2<\/td><td>35\u201345<\/td><td>2<\/td><td>1.45\u00d70.5\u00d71.2<\/td><td>200<\/td><td>0.75<\/td><td>90\u201395%<\/td><td>\u22645\u201310%<\/td><\/tr><tr><td>YK-4<\/td><td>60\u201390<\/td><td>4<\/td><td>1.45\u00d70.5\u00d71.2<\/td><td>200<\/td><td>0.75<\/td><td>90\u201395%<\/td><td>\u22645\u201310%<\/td><\/tr><tr><td>YK-6<\/td><td>150<\/td><td>6<\/td><td>1.45\u00d71\u00d71.55<\/td><td>420<\/td><td>1.1<\/td><td>90\u201395%<\/td><td>\u22645\u201310%<\/td><\/tr><tr><td>YK-8<\/td><td>200\u2013260<\/td><td>8<\/td><td>1.45\u00d71.33\u00d71.55<\/td><td>480<\/td><td>1.5<\/td><td>90\u201395%<\/td><td>\u22645\u201310%<\/td><\/tr><tr><td>YK-10<\/td><td>260\u2013340<\/td><td>10<\/td><td>1.45\u00d71.7\u00d71.55<\/td><td>560<\/td><td>1.5<\/td><td>90\u201395%<\/td><td>\u22645\u201310%<\/td><\/tr><tr><td>YK-12<\/td><td>300\u2013380<\/td><td>12<\/td><td>1.45\u00d71.9\u00d71.55<\/td><td>620<\/td><td>2.2<\/td><td>90\u201395%<\/td><td>\u22645\u201310%<\/td><\/tr><\/tbody><\/table><figcaption class=\"wp-element-caption\">Param\u00e8tres de la machine de d\u00e9pelliculage de cajou<\/figcaption><\/figure>    <p class=\"translation-block\"><strong>Notes<\/strong>\uff1a<\/p>    <ul class=\"wp-block-list\"> <li>Production : La production r\u00e9elle est influenc\u00e9e par des facteurs tels que la taille de la noix, le contenu en humidit\u00e9 et les m\u00e9thodes de pr\u00e9-traitement (par exemple, la cuisson \u00e0 la vapeur).<\/li>    <li>Puissance : La configuration standard utilise une tension industrielle de 380V ; cependant, des options de tension personnalis\u00e9es sont disponibles pour s'adapter \u00e0 l'utilisation dans diff\u00e9rents pays et r\u00e9gions.<\/li> <\/ul>    <p class=\"translation-block\"><strong>Recommandations d'utilisation<\/strong>:<\/p>    <ul class=\"wp-block-list\"> <li><strong>Pr\u00e9-traitement recommand\u00e9<\/strong> <ul class=\"wp-block-list\"> <li> La cuisson \u00e0 la vapeur des cajous avant le d\u00e9pelliculage adoucit la coque ext\u00e9rieure et r\u00e9duit les taux de casse.<\/li> <\/ul> <\/li>    <li><strong>Tri des mati\u00e8res premi\u00e8res recommand\u00e9<\/strong> <ul class=\"wp-block-list\"> <li>Le traitement de cajous de tailles vari\u00e9es en lots s\u00e9par\u00e9s optimise la compatibilit\u00e9 de l'\u00e9quipement et am\u00e9liore l'efficacit\u00e9 globale du d\u00e9pelliculage.<\/li> <\/ul> <\/li>    <li><strong>\u00c9chelles de production adapt\u00e9es<\/strong> <ul class=\"wp-block-list\"> <li>Traitement \u00e0 petite \u00e9chelle : YK-2 \/ YK-4<\/li>    <li>Traitement \u00e0 moyenne \u00e9chelle : YK-6 \/ YK-8<\/li>    <li>Traitement \u00e0 grande \u00e9chelle : YK-10 \/ YK-12<\/li> <\/ul> <\/li> <\/ul>    <figure class=\"wp-block-gallery has-nested-images columns-default is-cropped wp-block-gallery-3 is-layout-flex wp-block-gallery-is-layout-flex\"> <figure class=\"wp-block-image size-large\"><img loading=\"lazy\" decoding=\"async\" width=\"540\" height=\"720\" data-id=\"1606\" src=\"https:\/\/taizynut.com\/wp-content\/uploads\/2026\/03\/cashew-nut-shell-removing-machine.webp\" alt=\"cashew nut shell removing machine\" class=\"wp-image-1606\" title=\"\" srcset=\"https:\/\/taizynut.com\/wp-content\/uploads\/2026\/03\/cashew-nut-shell-removing-machine.webp 540w, https:\/\/taizynut.com\/wp-content\/uploads\/2026\/03\/cashew-nut-shell-removing-machine-225x300.webp 225w, https:\/\/taizynut.com\/wp-content\/uploads\/2026\/03\/cashew-nut-shell-removing-machine-9x12.webp 9w\" sizes=\"auto, (max-width: 540px) 100vw, 540px\" \/><figcaption class=\"wp-element-caption\">Machine de d\u00e9pelliculage de cajou<\/figcaption><\/figure>    <figure class=\"wp-block-image size-large\"><img loading=\"lazy\" decoding=\"async\" width=\"540\" height=\"720\" data-id=\"1607\" src=\"https:\/\/taizynut.com\/wp-content\/uploads\/2026\/03\/cashew-shell-remover.webp\" alt=\"D\u00e9pelliculeur de cajou\" class=\"wp-image-1607\" title=\"\" srcset=\"https:\/\/taizynut.com\/wp-content\/uploads\/2026\/03\/cashew-shell-remover.webp 540w, https:\/\/taizynut.com\/wp-content\/uploads\/2026\/03\/cashew-shell-remover-225x300.webp 225w, https:\/\/taizynut.com\/wp-content\/uploads\/2026\/03\/cashew-shell-remover-9x12.webp 9w\" sizes=\"auto, (max-width: 540px) 100vw, 540px\" \/><figcaption class=\"wp-element-caption\">D\u00e9pelliculeur de cajou<\/figcaption><\/figure>    <figure class=\"wp-block-image size-large\"><img loading=\"lazy\" decoding=\"async\" width=\"540\" height=\"720\" data-id=\"1608\" src=\"https:\/\/taizynut.com\/wp-content\/uploads\/2026\/03\/cashew-shell-removing-machine.webp\" alt=\"cashew shell removing machine\" class=\"wp-image-1608\" title=\"\" srcset=\"https:\/\/taizynut.com\/wp-content\/uploads\/2026\/03\/cashew-shell-removing-machine.webp 540w, https:\/\/taizynut.com\/wp-content\/uploads\/2026\/03\/cashew-shell-removing-machine-225x300.webp 225w, https:\/\/taizynut.com\/wp-content\/uploads\/2026\/03\/cashew-shell-removing-machine-9x12.webp 9w\" sizes=\"auto, (max-width: 540px) 100vw, 540px\" \/><figcaption class=\"wp-element-caption\">Machine de d\u00e9pelliculage de cajou<\/figcaption><\/figure> <\/figure>    <h2 class=\"wp-block-heading\"><strong>Sc\u00e9narios applicables pour la machine de d\u00e9pelliculage de noix de cajou<\/strong><\/h2>    <p>Cette machine de d\u00e9pelliculage de cajou est particuli\u00e8rement adapt\u00e9e aux secteurs suivants :<\/p>    <ul class=\"wp-block-list\"> <li>Usines de traitement primaire de cajou<\/li>    <li>Coop\u00e9ratives de traitement des produits agricoles<\/li>    <li>Entreprises de transformation alimentaire<\/li>    <li>Entreprises d'exportation et de manutention des noix<\/li> <\/ul>    <h2 class=\"wp-block-heading\"><strong>Combien co\u00fbte une machine de d\u00e9pelliculage de cajou ?<\/strong><\/h2>    <p>Selon le mod\u00e8le et la configuration sp\u00e9cifiques, le prix indiqu\u00e9 pour une machine de d\u00e9pelliculage de cajou sur le march\u00e9 international varie g\u00e9n\u00e9ralement entre environ 2 000 et 7 000 dollars par unit\u00e9.<\/p>    <p class=\"translation-block\"><strong>Note<\/strong>:<\/p>    <ul class=\"wp-block-list\"> <li>Cette gamme de prix repr\u00e9sente la fourchette de transaction typique pour les ventes \u00e0 l'exportation.<\/li>    <li>Les co\u00fbts d'exp\u00e9dition, les droits de douane et les sp\u00e9cifications du moteur (normes de tension)\u2014qui varient selon le pays\u2014 influenceront le prix final.<\/li>    <li>Achats en gros ou traitement complet<\/li> <\/ul>    <p>Pour une offre d\u00e9taill\u00e9e, n'h\u00e9sitez pas \u00e0 nous contacter.<\/p>   <div class=\"wp-block-image\"> <figure class=\"aligncenter size-full\"><img loading=\"lazy\" decoding=\"async\" width=\"720\" height=\"540\" src=\"https:\/\/taizynut.com\/wp-content\/uploads\/2026\/03\/automatic-cashew-shelling-machine.webp\" alt=\"Machine automatique de d\u00e9pelliculage de cajou\" class=\"wp-image-1609\" title=\"\" srcset=\"https:\/\/taizynut.com\/wp-content\/uploads\/2026\/03\/automatic-cashew-shelling-machine.webp 720w, https:\/\/taizynut.com\/wp-content\/uploads\/2026\/03\/automatic-cashew-shelling-machine-300x225.webp 300w, https:\/\/taizynut.com\/wp-content\/uploads\/2026\/03\/automatic-cashew-shelling-machine-16x12.webp 16w\" sizes=\"auto, (max-width: 720px) 100vw, 720px\" \/><figcaption class=\"wp-element-caption\">Machine automatique de d\u00e9pelliculage de cajou<\/figcaption><\/figure> <\/div>   <h2 class=\"wp-block-heading\"><strong>Pourquoi nous choisir comme fournisseur ?<\/strong><\/h2>    <ul class=\"wp-block-list\"> <li>Nous proposons une gamme compl\u00e8te d'\u00e9quipements ; en plus des machines de d\u00e9pelliculage de cajou, nous fournissons une vari\u00e9t\u00e9 d'autres machines de traitement des noix\u2014tel que <a href=\"https:\/\/taizynut.com\/fr\/product\/almond-shelling-machine\/\">\u00c9plucheur d'amandes<\/a>, <a href=\"https:\/\/taizynut.com\/fr\/product\/walnut-shelling-machine\/\">Machine \u00e0 d\u00e9pel\u00e9 de noix<\/a>, et <a href=\"https:\/\/taizynut.com\/fr\/product\/macadamia-nut-opening-machine\/\">Machine d'ouverture de noix de macadamia<\/a>.<\/li>    <li>Nos \u00e9quipements ont \u00e9t\u00e9 export\u00e9s dans de nombreuses r\u00e9gions, notamment en Afrique, en Asie du Sud-Est et en Am\u00e9rique du Sud. Nous poss\u00e9dons une vaste expertise en proc\u00e9dures d'exportation, adaptation de tension et exigences d'exp\u00e9dition, minimisant ainsi les risques d'approvisionnement pour nos clients.<\/li>    <li>L'engagement de Taizy va au-del\u00e0 de la simple livraison d'\u00e9quipements ; nous mettons \u00e9galement l'accent sur un service client exceptionnel, qui inclut : <ul class=\"wp-block-list\"> <li>Guidance op\u00e9rationnelle et support technique<\/li>    <li>Recommandations pour l'entretien de l'\u00e9quipement<\/li>    <li>Solutions pour l'expansion future de la capacit\u00e9<\/li> <\/ul> <\/li> <\/ul>   <div class=\"wp-block-image\"> <figure class=\"aligncenter size-full\"><img loading=\"lazy\" decoding=\"async\" width=\"720\" height=\"540\" src=\"https:\/\/taizynut.com\/wp-content\/uploads\/2026\/03\/cashew-shelling-machine.webp\" alt=\"Machine de d\u00e9pelliculage de cajou\" class=\"wp-image-1612\" title=\"\" srcset=\"https:\/\/taizynut.com\/wp-content\/uploads\/2026\/03\/cashew-shelling-machine.webp 720w, https:\/\/taizynut.com\/wp-content\/uploads\/2026\/03\/cashew-shelling-machine-300x225.webp 300w, https:\/\/taizynut.com\/wp-content\/uploads\/2026\/03\/cashew-shelling-machine-16x12.webp 16w\" sizes=\"auto, (max-width: 720px) 100vw, 720px\" \/><figcaption class=\"wp-element-caption\">Machine de d\u00e9pelliculage de cajou<\/figcaption><\/figure> <\/div>   <h2 class=\"wp-block-heading\"><strong>Cas d'exportation de machine de d\u00e9pelliculage de cajou Taizy<\/strong><\/h2>    <p class=\"translation-block\"><strong>Client africain de traitement de cajou<\/strong><\/p>    <ul class=\"wp-block-list\"> <li>Mod\u00e8le achet\u00e9 : YK-8<\/li>    <li>Capacit\u00e9 quotidienne de traitement : 1,5\u20132 tonnes<\/li> <\/ul>    <p class=\"translation-block\"><strong>R\u00e9sultats de performance:<\/strong><\/p>    <ul class=\"wp-block-list\"> <li>Efficacit\u00e9 de d\u00e9pelliculage augment\u00e9e d'environ 3 fois<\/li>    <li>R\u00e9duction des besoins en main-d'\u0153uvre de plus de 60 %<\/li>    <li>Fonctionnement stable, maintenance simple<\/li> <\/ul>    <figure class=\"wp-block-gallery has-nested-images columns-default is-cropped wp-block-gallery-4 is-layout-flex wp-block-gallery-is-layout-flex\"> <figure class=\"wp-block-image size-large\"><img loading=\"lazy\" decoding=\"async\" width=\"540\" height=\"720\" data-id=\"1611\" src=\"https:\/\/taizynut.com\/wp-content\/uploads\/2026\/03\/cashew-sheller-machine.webp\" alt=\"Machine \u00e0 \u00e9cailler les noix de cajou\" class=\"wp-image-1611\" title=\"\" srcset=\"https:\/\/taizynut.com\/wp-content\/uploads\/2026\/03\/cashew-sheller-machine.webp 540w, https:\/\/taizynut.com\/wp-content\/uploads\/2026\/03\/cashew-sheller-machine-225x300.webp 225w, https:\/\/taizynut.com\/wp-content\/uploads\/2026\/03\/cashew-sheller-machine-9x12.webp 9w\" sizes=\"auto, (max-width: 540px) 100vw, 540px\" \/><figcaption class=\"wp-element-caption\">Machine de d\u00e9pelliculage de cajou<\/figcaption><\/figure>    <figure class=\"wp-block-image size-large\"><img loading=\"lazy\" decoding=\"async\" width=\"540\" height=\"720\" data-id=\"1610\" src=\"https:\/\/taizynut.com\/wp-content\/uploads\/2026\/03\/cashew-shelling-machine-package.webp\" alt=\"cashew shelling machine package\" class=\"wp-image-1610\" title=\"\" srcset=\"https:\/\/taizynut.com\/wp-content\/uploads\/2026\/03\/cashew-shelling-machine-package.webp 540w, https:\/\/taizynut.com\/wp-content\/uploads\/2026\/03\/cashew-shelling-machine-package-225x300.webp 225w, https:\/\/taizynut.com\/wp-content\/uploads\/2026\/03\/cashew-shelling-machine-package-9x12.webp 9w\" sizes=\"auto, (max-width: 540px) 100vw, 540px\" \/><figcaption class=\"wp-element-caption\">Forfait Machine de d\u00e9pelliculage de cajou<\/figcaption><\/figure> <\/figure>    <h2 class=\"wp-block-heading\"><strong>Contactez-nous d\u00e8s aujourd\u2019hui !<\/strong><\/h2>    <p>Vous recherchez une machine de d\u00e9pelliculage de cajou ou une ligne de traitement compl\u00e8te ? Contactez-nous d\u00e8s aujourd'hui, et nous vous fournirons notre meilleure offre. <\/p>","protected":false},"excerpt":{"rendered":"<p>Taizy cashew shelling machine is specifically designed to enhance shelling efficiency and minimize breakage rates. The entire machine features a horizontal feeding structure and a multi-station synchronous cutting system, enabling continuous operation. We offer a variety of cashew nut shelling machine models capable of simultaneously processing 2 to 12 cashews at a time, with output [&hellip;]<\/p>\n","protected":false},"author":1,"featured_media":1613,"parent":0,"template":"","tags":[89,61],"product-type":[90],"class_list":["post-1601","product","type-product","status-publish","has-post-thumbnail","hentry","tag-cashew","tag-nut","product-type-cashew-processing-machine"],"_links":{"self":[{"href":"https:\/\/taizynut.com\/fr\/wp-json\/wp\/v2\/product\/1601","targetHints":{"allow":["GET"]}}],"collection":[{"href":"https:\/\/taizynut.com\/fr\/wp-json\/wp\/v2\/product"}],"about":[{"href":"https:\/\/taizynut.com\/fr\/wp-json\/wp\/v2\/types\/product"}],"author":[{"embeddable":true,"href":"https:\/\/taizynut.com\/fr\/wp-json\/wp\/v2\/users\/1"}],"wp:featuredmedia":[{"embeddable":true,"href":"https:\/\/taizynut.com\/fr\/wp-json\/wp\/v2\/media\/1613"}],"wp:attachment":[{"href":"https:\/\/taizynut.com\/fr\/wp-json\/wp\/v2\/media?parent=1601"}],"wp:term":[{"taxonomy":"post_tag","embeddable":true,"href":"https:\/\/taizynut.com\/fr\/wp-json\/wp\/v2\/tags?post=1601"},{"taxonomy":"product-type","embeddable":true,"href":"https:\/\/taizynut.com\/fr\/wp-json\/wp\/v2\/product-type?post=1601"}],"curies":[{"name":"wp","href":"https:\/\/api.w.org\/{rel}","templated":true}]}}