{"id":1618,"date":"2026-03-30T13:53:59","date_gmt":"2026-03-30T05:53:59","guid":{"rendered":"https:\/\/taizynut.com\/?post_type=product&#038;p=1618"},"modified":"2026-03-30T13:53:59","modified_gmt":"2026-03-30T05:53:59","slug":"cashew-peeling-machine","status":"publish","type":"product","link":"https:\/\/taizynut.com\/fr\/product\/cashew-peeling-machine\/","title":{"rendered":"Machine \u00e0 d\u00e9cortiquer les noix de cajou"},"content":{"rendered":"<p class=\"translation-block\">La <strong>machine de pelage de cajou<\/strong> est un dispositif de pelage tr\u00e8s efficace con\u00e7u sp\u00e9cifiquement pour le traitement en profondeur des cajous. Elle est principalement utilis\u00e9e pour retirer rapidement la fine peau ext\u00e9rieure des noix de cajou. La machine utilise une technologie de pelage par flux d\u2019air \u00e0 haute vitesse, garantissant la pr\u00e9servation de l\u2019int\u00e9grit\u00e9 des noix.<\/p>    <p>La machine de pelage de cajou Taizy poss\u00e8de des avantages cl\u00e9s tels qu\u2019une haute production, une faible consommation d\u2019\u00e9nergie, peu de cassures, et une facilit\u00e9 d\u2019utilisation. Sa capacit\u00e9 de production varie de 150 \u00e0 600 kg\/h, avec un taux de pelage atteignant 98 %. Elle constitue un excellent choix pour l\u2019industrie du traitement des cajous.<\/p>    <h2 class=\"wp-block-heading\"><strong>Principaux avantages de la machine de pelage de noix de cajou<\/strong><\/h2>    <ol class=\"wp-block-list\"> <li><strong>Performance de pelage sup\u00e9rieure<\/strong>: Notre machine de pelage de cajou utilise une combinaison de rouleaux flexibles et de technologie d\u2019air pour r\u00e9aliser un pelage tr\u00e8s efficace. Elle affiche un taux de pelage sup\u00e9rieur \u00e0 98 %, tout en pr\u00e9servant l\u2019int\u00e9grit\u00e9 des noix.<\/li>    <li><strong>Processus simplifi\u00e9<\/strong>: Les mati\u00e8res premi\u00e8res ne n\u00e9cessitent pas de pr\u00e9-trempage et peuvent \u00eatre directement introduites dans la machine. Cela simplifie consid\u00e9rablement le flux de traitement des cajous, r\u00e9duisant ainsi les co\u00fbts de main-d'\u0153uvre et de temps.<\/li>    <li><strong>Adaptable \u00e0 diverses tailles de cajou<\/strong>: En ajustant l\u2019\u00e9cart entre les rouleaux, la machine peut accueillir des noix de cajou de diff\u00e9rentes dimensions, d\u00e9montrant une flexibilit\u00e9 et une adaptabilit\u00e9 exceptionnelles.<\/li>    <li><strong>Large gamme d'applications<\/strong>: En plus des cajous, notre machine de pelage de cajou convient \u00e9galement pour pelucher d\u2019autres mat\u00e9riaux, tels que les arachides, l\u2019ail, et les noisettes.<\/li>    <li><strong>Construction en acier inoxydable durable<\/strong>: La machine de pelage de noix de cajou enti\u00e8rement fabriqu\u00e9e en acier inoxydable de haute qualit\u00e9. Elle est r\u00e9sistante \u00e0 la corrosion, facile \u00e0 nettoyer, et con\u00e7ue pour assurer une longue dur\u00e9e de vie.<\/li> <\/ol>    <figure class=\"wp-block-gallery has-nested-images columns-default is-cropped wp-block-gallery-2 is-layout-flex wp-block-gallery-is-layout-flex\"> <figure class=\"wp-block-image size-large\"><img loading=\"lazy\" decoding=\"async\" width=\"540\" height=\"720\" data-id=\"1621\" src=\"https:\/\/taizynut.com\/wp-content\/uploads\/2026\/03\/cashew-nut-peeler-machine.webp\" alt=\"cashew nut peeler machine\" class=\"wp-image-1621\" title=\"\" srcset=\"https:\/\/taizynut.com\/wp-content\/uploads\/2026\/03\/cashew-nut-peeler-machine.webp 540w, https:\/\/taizynut.com\/wp-content\/uploads\/2026\/03\/cashew-nut-peeler-machine-225x300.webp 225w, https:\/\/taizynut.com\/wp-content\/uploads\/2026\/03\/cashew-nut-peeler-machine-9x12.webp 9w\" sizes=\"auto, (max-width: 540px) 100vw, 540px\" \/><figcaption class=\"wp-element-caption\">Machine \u00e0 d\u00e9cortiquer les noix de cajou<\/figcaption><\/figure>    <figure class=\"wp-block-image size-large\"><img loading=\"lazy\" decoding=\"async\" width=\"540\" height=\"720\" data-id=\"1622\" src=\"https:\/\/taizynut.com\/wp-content\/uploads\/2026\/03\/cashew-kernel-peeling-mahcine.webp\" alt=\"cashew kernel peeling mahcine\" class=\"wp-image-1622\" title=\"\" srcset=\"https:\/\/taizynut.com\/wp-content\/uploads\/2026\/03\/cashew-kernel-peeling-mahcine.webp 540w, https:\/\/taizynut.com\/wp-content\/uploads\/2026\/03\/cashew-kernel-peeling-mahcine-225x300.webp 225w, https:\/\/taizynut.com\/wp-content\/uploads\/2026\/03\/cashew-kernel-peeling-mahcine-9x12.webp 9w\" sizes=\"auto, (max-width: 540px) 100vw, 540px\" \/><figcaption class=\"wp-element-caption\">Machine de pelage de noix de cajou<\/figcaption><\/figure>    <figure class=\"wp-block-image size-large\"><img loading=\"lazy\" decoding=\"async\" width=\"540\" height=\"720\" data-id=\"1623\" src=\"https:\/\/taizynut.com\/wp-content\/uploads\/2026\/03\/cashew-kernel-peeler.webp\" alt=\"Machine \u00e0 \u00e9plucher les noyaux de cajou\" class=\"wp-image-1623\" title=\"\" srcset=\"https:\/\/taizynut.com\/wp-content\/uploads\/2026\/03\/cashew-kernel-peeler.webp 540w, https:\/\/taizynut.com\/wp-content\/uploads\/2026\/03\/cashew-kernel-peeler-225x300.webp 225w, https:\/\/taizynut.com\/wp-content\/uploads\/2026\/03\/cashew-kernel-peeler-9x12.webp 9w\" sizes=\"auto, (max-width: 540px) 100vw, 540px\" \/><figcaption class=\"wp-element-caption\">D\u00e9cortiqueur de noix de cajou<\/figcaption><\/figure> <\/figure>    <h2 class=\"wp-block-heading\"><strong>Principe de fonctionnement de la machine de pelage de noix de cajou<\/strong><\/h2>    <p>En entrant dans la machine de pelage de cajou, les cajous subissent un processus de pelage rapide, entra\u00een\u00e9 par la friction des rouleaux flexibles et l\u2019impact de flux d\u2019air \u00e0 haute vitesse. La machine est \u00e9quip\u00e9e d\u2019un m\u00e9canisme automatique de s\u00e9paration interne qui effectue simultan\u00e9ment les fonctions suivantes :<\/p>    <ul class=\"wp-block-list\"> <li>Pelage automatique des noix de cajou<\/li>    <li>S\u00e9paration automatique des noix des pelures rejet\u00e9es<\/li> <\/ul>    <p>En ajustant l\u2019\u00e9cart entre les rouleaux en caoutchouc, les utilisateurs peuvent contr\u00f4ler de mani\u00e8re flexible la gamme de tailles de cajou applicables ; par cons\u00e9quent.<\/p>    <figure class=\"wp-block-gallery has-nested-images columns-default is-cropped wp-block-gallery-3 is-layout-flex wp-block-gallery-is-layout-flex\"> <figure class=\"wp-block-image size-large\"><img loading=\"lazy\" decoding=\"async\" width=\"720\" height=\"540\" data-id=\"1627\" src=\"https:\/\/taizynut.com\/wp-content\/uploads\/2026\/03\/cashew-kernels.webp\" alt=\"Machine de pelage de cajou 150-600kg\/h pour traitement des noix\" class=\"wp-image-1627\" title=\"\" srcset=\"https:\/\/taizynut.com\/wp-content\/uploads\/2026\/03\/cashew-kernels.webp 720w, https:\/\/taizynut.com\/wp-content\/uploads\/2026\/03\/cashew-kernels-300x225.webp 300w, https:\/\/taizynut.com\/wp-content\/uploads\/2026\/03\/cashew-kernels-16x12.webp 16w\" sizes=\"auto, (max-width: 720px) 100vw, 720px\" \/><figcaption class=\"wp-element-caption\">Noix de cajou<\/figcaption><\/figure>    <figure class=\"wp-block-image size-large\"><img loading=\"lazy\" decoding=\"async\" width=\"720\" height=\"540\" data-id=\"1629\" src=\"https:\/\/taizynut.com\/wp-content\/uploads\/2026\/03\/cashew-peeling-machine.webp\" alt=\"machine \u00e0 d\u00e9cortiquer les noix de cajou\" class=\"wp-image-1629\" title=\"\" srcset=\"https:\/\/taizynut.com\/wp-content\/uploads\/2026\/03\/cashew-peeling-machine.webp 720w, https:\/\/taizynut.com\/wp-content\/uploads\/2026\/03\/cashew-peeling-machine-300x225.webp 300w, https:\/\/taizynut.com\/wp-content\/uploads\/2026\/03\/cashew-peeling-machine-16x12.webp 16w\" sizes=\"auto, (max-width: 720px) 100vw, 720px\" \/><figcaption class=\"wp-element-caption\">Machine de pelage de cajou<\/figcaption><\/figure>    <figure class=\"wp-block-image size-large\"><img loading=\"lazy\" decoding=\"async\" width=\"720\" height=\"540\" data-id=\"1628\" src=\"https:\/\/taizynut.com\/wp-content\/uploads\/2026\/03\/peeled-cashew-kernels.webp\" alt=\"noix de cajou pel\u00e9es\" class=\"wp-image-1628\" title=\"\" srcset=\"https:\/\/taizynut.com\/wp-content\/uploads\/2026\/03\/peeled-cashew-kernels.webp 720w, https:\/\/taizynut.com\/wp-content\/uploads\/2026\/03\/peeled-cashew-kernels-300x225.webp 300w, https:\/\/taizynut.com\/wp-content\/uploads\/2026\/03\/peeled-cashew-kernels-16x12.webp 16w\" sizes=\"auto, (max-width: 720px) 100vw, 720px\" \/><figcaption class=\"wp-element-caption\">Noix de cajou d\u00e9cortiqu\u00e9es<\/figcaption><\/figure> <\/figure>    <h2 class=\"wp-block-heading\"><strong>Mod\u00e8les et sp\u00e9cifications de machines de pelage de cajou<\/strong><\/h2>    <p>Notre machine de pelage de cajou est disponible en trois mod\u00e8les, avec une capacit\u00e9 allant de 150 \u00e0 600 kg\/h. Les d\u00e9tails sont fournis ci-dessous :<\/p>    <figure class=\"wp-block-table\"><table class=\"has-fixed-layout\"><thead><tr><th>Mod\u00e8le<\/th><th>Poids<\/th><th>Pouvoir<\/th><th>Taille<\/th><th>Capacit\u00e9<\/th><\/tr><\/thead><tbody><tr><td>GHT150<\/td><td>70 kg<\/td><td>0,2kw<\/td><td>640\u00d7660\u00d71370mm<\/td><td>150kg\/h<\/td><\/tr><tr><td>GHT300<\/td><td>110 kg<\/td><td>0,2kw<\/td><td>740\u00d7740\u00d71685mm<\/td><td>300kg\/h<\/td><\/tr><tr><td>GHT600<\/td><td>160 kg<\/td><td>0,2kw<\/td><td>1140\u00d7910\u00d71750mm<\/td><td>600kg\/heure<\/td><\/tr><\/tbody><\/table><figcaption class=\"wp-element-caption\">param\u00e8tres de la machine de pelage de noix de cajou<\/figcaption><\/figure>    <h2 class=\"wp-block-heading\"><strong>Structure de la machine de pelage de noix de cajou<\/strong><\/h2>    <p>La machine de pelage de cajou Taizy pr\u00e9sente une structure compacte et une disposition rationnelle, facilitant \u00e0 la fois l\u2019utilisation et la maintenance. La machine se compose principalement de plusieurs composants cl\u00e9s : l\u2019entr\u00e9e, le panneau de contr\u00f4le, la sortie des noix, et la sortie de la peau. Son sch\u00e9ma structurel est illustr\u00e9 ci-dessous.<\/p>   <div class=\"wp-block-image\"> <figure class=\"aligncenter size-full\"><img loading=\"lazy\" decoding=\"async\" width=\"720\" height=\"540\" src=\"https:\/\/taizynut.com\/wp-content\/uploads\/2026\/03\/structure-of-cashew-nut-peeling-machine.webp\" alt=\"structure de la machine de pelage de noix de cajou\" class=\"wp-image-1625\" title=\"\" srcset=\"https:\/\/taizynut.com\/wp-content\/uploads\/2026\/03\/structure-of-cashew-nut-peeling-machine.webp 720w, https:\/\/taizynut.com\/wp-content\/uploads\/2026\/03\/structure-of-cashew-nut-peeling-machine-300x225.webp 300w, https:\/\/taizynut.com\/wp-content\/uploads\/2026\/03\/structure-of-cashew-nut-peeling-machine-16x12.webp 16w\" sizes=\"auto, (max-width: 720px) 100vw, 720px\" \/><figcaption class=\"wp-element-caption\">structure de la machine de pelage de noix de cajou<\/figcaption><\/figure> <\/div>   <h2 class=\"wp-block-heading\"><strong>Recommandations pour l\u2019entretien de la machine de pelage de cajou<\/strong><\/h2>    <p>Un entretien r\u00e9gulier est essentiel pour assurer le fonctionnement efficace \u00e0 long terme de l\u2019\u00e9quipement. Nous recommandons ce qui suit :<\/p>    <ul class=\"wp-block-list\"> <li>Nettoyez r\u00e9guli\u00e8rement la tr\u00e9mie, les rouleaux, et les composants de s\u00e9paration.<\/li>    <li>Inspectez p\u00e9riodiquement les pi\u00e8ces d\u2019usure pour d\u00e9tecter tout signe d\u2019usure et remplacez-les rapidement.<\/li>    <li>Les composants cl\u00e9s doivent \u00eatre remplac\u00e9s selon le calendrier d\u2019entretien recommand\u00e9.<\/li>    <li>En cas de dysfonctionnement, veuillez contacter un technicien professionnel pour les r\u00e9parations.<\/li> <\/ul>    <p>Un entretien appropri\u00e9 am\u00e9liore non seulement l\u2019efficacit\u00e9 du pelage, mais prolonge \u00e9galement efficacement la dur\u00e9e de vie de l\u2019\u00e9quipement.<\/p>   <div class=\"wp-block-image\"> <figure class=\"aligncenter size-full\"><img loading=\"lazy\" decoding=\"async\" width=\"720\" height=\"540\" src=\"https:\/\/taizynut.com\/wp-content\/uploads\/2026\/03\/cashew-peeling-euqipment.webp\" alt=\"\u00e9quipement de pelage de cajou\" class=\"wp-image-1626\" title=\"\" srcset=\"https:\/\/taizynut.com\/wp-content\/uploads\/2026\/03\/cashew-peeling-euqipment.webp 720w, https:\/\/taizynut.com\/wp-content\/uploads\/2026\/03\/cashew-peeling-euqipment-300x225.webp 300w, https:\/\/taizynut.com\/wp-content\/uploads\/2026\/03\/cashew-peeling-euqipment-16x12.webp 16w\" sizes=\"auto, (max-width: 720px) 100vw, 720px\" \/><figcaption class=\"wp-element-caption\">\u00e9quipement de pelage de cajou<\/figcaption><\/figure> <\/div>   <h2 class=\"wp-block-heading\"><strong>Pourquoi choisir Taizy comme votre premier choix ?<\/strong><\/h2>    <p>Choisir Taizy, c\u2019est opter non seulement pour une machine de pelage de noix de cajou de haute qualit\u00e9, mais aussi pour un fournisseur d\u2019\u00e9quipements professionnel, fort d\u2019une vaste exp\u00e9rience \u00e0 l\u2019exportation et d\u2019un syst\u00e8me de service complet. Nous nous engageons \u00e0 fournir aux clients du monde entier des solutions de traitement des noix \u00e9conomiques et durables.<\/p>    <ul class=\"wp-block-list\"> <li><strong>Exp\u00e9rience industrielle approfondie<\/strong> <ul class=\"wp-block-list\"> <li>Depuis de nombreuses ann\u00e9es, Taizy est sp\u00e9cialis\u00e9 dans la fabrication et la vente d\u2019\u00e9quipements de traitement des noix, accumulant une vaste exp\u00e9rience dans le traitement de noix telles que les cajous, les arachides, les amandes et les noix.<\/li> <\/ul> <\/li>    <li><strong>Services complets<\/strong> <ul class=\"wp-block-list\"> <li>Depuis la premi\u00e8re demande du client, nous fournissons des services complets, de A \u00e0 Z \u2014 y compris la s\u00e9lection de l\u2019\u00e9quipement et la conception de solutions. Apr\u00e8s la livraison, nous continuons \u00e0 offrir : <ul class=\"wp-block-list\"> <li> Guide d\u2019installation<\/li>    <li>Formation des op\u00e9rateurs<\/li>    <li>Vid\u00e9os d\u2019instructions<\/li>    <li>Support pour pi\u00e8ces consommables<\/li>    <li>Support apr\u00e8s-vente technique \u00e0 long terme<\/li> <\/ul> <\/li> <\/ul> <\/li>    <li><strong>Solutions personnalis\u00e9es<\/strong> <ul class=\"wp-block-list\"> <li>Taizy offre un support adapt\u00e9 aux besoins du client, comprenant des recommandations de mod\u00e8les, l\u2019optimisation des tailles, la personnalisation de la tension, la configuration de la ligne compl\u00e8te, et la planification de la capacit\u00e9.<\/li> <\/ul> <\/li>    <li><strong>Prix \u200b\u200braisonnable<\/strong> <ul class=\"wp-block-list\"> <li>En tant que fabricant direct, Taizy propose des prix directs d\u2019usine, \u00e9liminant les interm\u00e9diaires et aidant les clients \u00e0 ma\u00eetriser efficacement leurs co\u00fbts d\u2019approvisionnement.<\/li> <\/ul> <\/li>    <li><strong>Large gamme de machines<\/strong> <ul class=\"wp-block-list\"> <li>En plus des machines de pelage de noix de cajou, nous proposons \u00e9galement une large gamme d\u2019\u00e9quipements de traitement des noix, tels que <a href=\"https:\/\/taizynut.com\/fr\/product\/cashew-shelling-machine\/\">Machine de d\u00e9pelliculage de cajou<\/a>s, <a href=\"https:\/\/taizynut.com\/fr\/product\/wet-almond-peeling-machine\/\">Machine \u00e0 enlever la peau d'amande<\/a>s, et plus encore.<\/li> <\/ul> <\/li> <\/ul>   <div class=\"wp-block-image\"> <figure class=\"aligncenter size-full\"><img loading=\"lazy\" decoding=\"async\" width=\"720\" height=\"540\" src=\"https:\/\/taizynut.com\/wp-content\/uploads\/2026\/03\/cashew-peeler-machine.webp\" alt=\"Machine \u00e0 d\u00e9cortiquer les noix de cajou\" class=\"wp-image-1624\" title=\"\" srcset=\"https:\/\/taizynut.com\/wp-content\/uploads\/2026\/03\/cashew-peeler-machine.webp 720w, https:\/\/taizynut.com\/wp-content\/uploads\/2026\/03\/cashew-peeler-machine-300x225.webp 300w, https:\/\/taizynut.com\/wp-content\/uploads\/2026\/03\/cashew-peeler-machine-16x12.webp 16w\" sizes=\"auto, (max-width: 720px) 100vw, 720px\" \/><figcaption class=\"wp-element-caption\">Machine \u00e0 d\u00e9cortiquer les noix de cajou<\/figcaption><\/figure> <\/div>   <h2 class=\"wp-block-heading\"><strong>Contactez-nous imm\u00e9diatement !<\/strong><\/h2>    <p>Si vous recherchez une machine de pelage de cajou offrant un taux de pelage \u00e9lev\u00e9, peu de cassures, et un degr\u00e9 \u00e9lev\u00e9 d\u2019automatisation, Taizy est un choix fiable. Contactez-nous pour obtenir un devis d\u00e9taill\u00e9, des vid\u00e9os, et une solution compl\u00e8te de traitement des noix.<\/p>","protected":false},"excerpt":{"rendered":"<p>This article primarily introduces the cashew peeling machine. This equipment utilizes a pneumatic peeling mechanism, achieving a peeling rate of over 98% and a production capacity of 150\u2013600 kg\/h. It is a smart choice for the cashew processing industry.<\/p>","protected":false},"author":1,"featured_media":1620,"parent":0,"template":"","tags":[89],"product-type":[90],"class_list":["post-1618","product","type-product","status-publish","has-post-thumbnail","hentry","tag-cashew","product-type-cashew-processing-machine"],"_links":{"self":[{"href":"https:\/\/taizynut.com\/fr\/wp-json\/wp\/v2\/product\/1618","targetHints":{"allow":["GET"]}}],"collection":[{"href":"https:\/\/taizynut.com\/fr\/wp-json\/wp\/v2\/product"}],"about":[{"href":"https:\/\/taizynut.com\/fr\/wp-json\/wp\/v2\/types\/product"}],"author":[{"embeddable":true,"href":"https:\/\/taizynut.com\/fr\/wp-json\/wp\/v2\/users\/1"}],"wp:featuredmedia":[{"embeddable":true,"href":"https:\/\/taizynut.com\/fr\/wp-json\/wp\/v2\/media\/1620"}],"wp:attachment":[{"href":"https:\/\/taizynut.com\/fr\/wp-json\/wp\/v2\/media?parent=1618"}],"wp:term":[{"taxonomy":"post_tag","embeddable":true,"href":"https:\/\/taizynut.com\/fr\/wp-json\/wp\/v2\/tags?post=1618"},{"taxonomy":"product-type","embeddable":true,"href":"https:\/\/taizynut.com\/fr\/wp-json\/wp\/v2\/product-type?post=1618"}],"curies":[{"name":"wp","href":"https:\/\/api.w.org\/{rel}","templated":true}]}}