{"id":1660,"date":"2026-04-03T13:32:16","date_gmt":"2026-04-03T05:32:16","guid":{"rendered":"https:\/\/taizynut.com\/?post_type=product&#038;p=1660"},"modified":"2026-04-03T13:32:17","modified_gmt":"2026-04-03T05:32:17","slug":"macadamia-nut-shelling-machine","status":"publish","type":"product","link":"https:\/\/taizynut.com\/fr\/product\/macadamia-nut-shelling-machine\/","title":{"rendered":"Machine \u00e0 \u00e9caler les noix de macadamia"},"content":{"rendered":"<p class=\"translation-block\">Cette <strong>machine \u00e0 \u00e9caler les noix de macadamia<\/strong> est con\u00e7ue pour \u00e9caler diff\u00e9rents types de noix. Elle convient aux noix de macadamia, noisettes, pecans, amandes, et autres. Sa capacit\u00e9 de production varie de 300 \u00e0 400 kg\/h.<\/p>    <p>La machine \u00e0 \u00e9caler les noix de macadamia Taizy utilise un m\u00e9canisme d'extrusion \u00e0 double rouleau pour fissurer les coques, atteignant un taux d'\u00e9caillement \u00e9lev\u00e9 avec un minimum de dommages au noyau. Cette machine \u00e0 casser les noix de macadamia est g\u00e9n\u00e9ralement utilis\u00e9e avec un s\u00e9parateur coque-noyau. Pour plus d'informations, n'h\u00e9sitez pas \u00e0 nous contacter !<\/p>    <h2 class=\"wp-block-heading\"><strong>Points forts de la machine \u00e0 casser les noix de macadamia<\/strong><\/h2>    <p>Notre machine \u00e0 \u00e9caler les noix de macadamia a \u00e9t\u00e9 export\u00e9e dans de nombreux pays, notamment au Kenya, en Australie et en Afrique du Sud. Sa popularit\u00e9 est attribu\u00e9e aux caract\u00e9ristiques cl\u00e9s suivantes :<\/p>    <ol class=\"wp-block-list\"> <li><strong>Performance d'\u00e9caillement sup\u00e9rieure<\/strong>: Notre machine \u00e0 \u00e9caler les noix de macadamia est \u00e9quip\u00e9e de deux rouleaux d'\u00e9caillement \u00e0 haute r\u00e9sistance, qui appliquent en continu et de mani\u00e8re uniforme une pression pour \u00e9craser et retirer les coques, assurant un \u00e9caillement tr\u00e8s efficace.<\/li>    <li><strong>Large gamme d'applications<\/strong>: Pour les clients qui traitent plusieurs types de noix simultan\u00e9ment, cette machine peut g\u00e9rer l'\u00e9caillement de diverses mati\u00e8res premi\u00e8res sans n\u00e9cessiter de changements fr\u00e9quents de mod\u00e8le.<\/li>    <li><strong>Dur\u00e9e de vie prolong\u00e9e<\/strong>: Dot\u00e9e de pi\u00e8ces de contact en acier inoxydable 304, la machine est enti\u00e8rement conforme aux normes de s\u00e9curit\u00e9 alimentaire. De plus, elle est robuste et durable, garantissant une longue dur\u00e9e de vie op\u00e9rationnelle.<\/li>    <li>R<strong>tarification raisonnable<\/strong>: Nous fabriquons et vendons nos \u00e9caileuses de noix de macadamia nous-m\u00eames, ce qui rend nos prix tr\u00e8s comp\u00e9titifs.<\/li> <\/ol>    <figure class=\"wp-block-gallery has-nested-images columns-default is-cropped wp-block-gallery-2 is-layout-flex wp-block-gallery-is-layout-flex\"> <figure class=\"wp-block-image size-large\"><img loading=\"lazy\" decoding=\"async\" width=\"720\" height=\"540\" data-id=\"1661\" src=\"https:\/\/taizynut.com\/wp-content\/uploads\/2026\/04\/macadamia-nut-cracker-machine.webp\" alt=\"Casse-noix de macadamia\" class=\"wp-image-1661\" title=\"\" srcset=\"https:\/\/taizynut.com\/wp-content\/uploads\/2026\/04\/macadamia-nut-cracker-machine.webp 720w, https:\/\/taizynut.com\/wp-content\/uploads\/2026\/04\/macadamia-nut-cracker-machine-300x225.webp 300w, https:\/\/taizynut.com\/wp-content\/uploads\/2026\/04\/macadamia-nut-cracker-machine-16x12.webp 16w\" sizes=\"auto, (max-width: 720px) 100vw, 720px\" \/><figcaption class=\"wp-element-caption\">Machine \u00e0 casser les noix de macadamia<\/figcaption><\/figure>    <figure class=\"wp-block-image size-large\"><img loading=\"lazy\" decoding=\"async\" width=\"720\" height=\"540\" data-id=\"1662\" src=\"https:\/\/taizynut.com\/wp-content\/uploads\/2026\/04\/macadamia-nut-sheller-machine.webp\" alt=\"\u00c9caler les noix de macadamia\" class=\"wp-image-1662\" title=\"\" srcset=\"https:\/\/taizynut.com\/wp-content\/uploads\/2026\/04\/macadamia-nut-sheller-machine.webp 720w, https:\/\/taizynut.com\/wp-content\/uploads\/2026\/04\/macadamia-nut-sheller-machine-300x225.webp 300w, https:\/\/taizynut.com\/wp-content\/uploads\/2026\/04\/macadamia-nut-sheller-machine-16x12.webp 16w\" sizes=\"auto, (max-width: 720px) 100vw, 720px\" \/><figcaption class=\"wp-element-caption\">Machine \u00e0 \u00e9caler les noix de macadamia<\/figcaption><\/figure> <\/figure>    <h2 class=\"wp-block-heading\"><strong>Dans quels sc\u00e9narios cela est-il adapt\u00e9 ?<\/strong><\/h2>    <p>Notre machine \u00e0 \u00e9caler les noix de macadamia n'est pas limit\u00e9e aux noix de macadamia ; elle convient au traitement d'une grande vari\u00e9t\u00e9 de mati\u00e8res premi\u00e8res, y compris :<\/p>    <ul class=\"wp-block-list\"> <li>Amandes<\/li>    <li>Noisettes<\/li>    <li>Pecans<\/li> <\/ul>   <div class=\"wp-block-image\"> <figure class=\"aligncenter size-full\"><img loading=\"lazy\" decoding=\"async\" width=\"720\" height=\"540\" src=\"https:\/\/taizynut.com\/wp-content\/uploads\/2026\/04\/application-of-macadamia-shelling-machine.webp\" alt=\"application de la machine \u00e0 \u00e9caler les noix de macadamia\" class=\"wp-image-1663\" title=\"\" srcset=\"https:\/\/taizynut.com\/wp-content\/uploads\/2026\/04\/application-of-macadamia-shelling-machine.webp 720w, https:\/\/taizynut.com\/wp-content\/uploads\/2026\/04\/application-of-macadamia-shelling-machine-300x225.webp 300w, https:\/\/taizynut.com\/wp-content\/uploads\/2026\/04\/application-of-macadamia-shelling-machine-16x12.webp 16w\" sizes=\"auto, (max-width: 720px) 100vw, 720px\" \/><figcaption class=\"wp-element-caption\">application de la machine \u00e0 \u00e9caler les noix de macadamia<\/figcaption><\/figure> <\/div>   <p class=\"translation-block\">Sc\u00e9narios applicables :<\/p>    <ul class=\"wp-block-list\"> <li>Usines de traitement primaire des noix<\/li>    <li>Entreprises d'exportation alimentaire<\/li>    <li>Fournisseurs d'ingr\u00e9dients de cuisson<\/li> <\/ul>    <h2 class=\"wp-block-heading\"><strong>Param\u00e8tres techniques de la machine \u00e0 \u00e9caler les noix de macadamia<\/strong><\/h2>    <figure class=\"wp-block-table\"><table><thead><tr><th>Article<\/th><th>Param\u00e8tre<\/th><\/tr><\/thead><tbody><tr><td>Pouvoir<\/td><td>2,45kw<\/td><\/tr><tr><td>Tension<\/td><td>380V\/50Hz, trois phases<\/td><\/tr><tr><td>Capacit\u00e9<\/td><td>300-400kg\/h<\/td><\/tr><tr><td>Taille de la machine<\/td><td>1650\u00d7800\u00d71200mm<\/td><\/tr><tr><td>Poids<\/td><td>280 kg<\/td><\/tr><tr><td>Mat\u00e9riaux appropri\u00e9s<\/td><td>Noix de macadamia, amandes, noisettes, pecans<\/td><\/tr><\/tbody><\/table><figcaption class=\"wp-element-caption\">sp\u00e9cifications de la machine \u00e0 casser les noix de macadamia<\/figcaption><\/figure>    <p class=\"translation-block\"><strong>Sp\u00e9cifications techniques :<\/strong><\/p>    <ul class=\"wp-block-list\"> <li>Note 1 : La tension peut \u00eatre personnalis\u00e9e pour respecter les normes \u00e9lectriques locales.<\/li>    <li>Note 2: The machine&#8217;s construction materials can be customized according to specific requirements.<\/li>    <li>Note 3 : L'\u00e9cart entre les rouleaux est ajustable pour s'adapter \u00e0 diff\u00e9rentes tailles de noix, am\u00e9liorant ainsi l'efficacit\u00e9 de l'\u00e9caillement et assurant l'int\u00e9grit\u00e9 des noyaux.<\/li>    <li>Note 4 : La production r\u00e9elle peut varier en fonction de facteurs tels que la taille des noix, la duret\u00e9 de la coque, et autres variables.<\/li>    <li>Note 5 : Cet \u00e9quipement peut fonctionner en unit\u00e9 autonome ou \u00eatre int\u00e9gr\u00e9 avec des s\u00e9parateurs de noyau-coque, des \u00e9l\u00e9vateurs, des machines de tri et des syst\u00e8mes de convoyage pour former une ligne de production compl\u00e8te de traitement des noix.<\/li> <\/ul>    <figure class=\"wp-block-gallery has-nested-images columns-default is-cropped wp-block-gallery-3 is-layout-flex wp-block-gallery-is-layout-flex\"> <figure class=\"wp-block-image size-large\"><img loading=\"lazy\" decoding=\"async\" width=\"720\" height=\"540\" data-id=\"1664\" src=\"https:\/\/taizynut.com\/wp-content\/uploads\/2026\/04\/macadamia-nut-cracker.webp\" alt=\"macadamia nut cracker\" class=\"wp-image-1664\" title=\"\" srcset=\"https:\/\/taizynut.com\/wp-content\/uploads\/2026\/04\/macadamia-nut-cracker.webp 720w, https:\/\/taizynut.com\/wp-content\/uploads\/2026\/04\/macadamia-nut-cracker-300x225.webp 300w, https:\/\/taizynut.com\/wp-content\/uploads\/2026\/04\/macadamia-nut-cracker-16x12.webp 16w\" sizes=\"auto, (max-width: 720px) 100vw, 720px\" \/><figcaption class=\"wp-element-caption\">\u00c9cailleur de noix de macadamia<\/figcaption><\/figure>    <figure class=\"wp-block-image size-large\"><img loading=\"lazy\" decoding=\"async\" width=\"720\" height=\"540\" data-id=\"1665\" src=\"https:\/\/taizynut.com\/wp-content\/uploads\/2026\/04\/macadamia-nut-sheller.webp\" alt=\"macadamia nut sheller\" class=\"wp-image-1665\" title=\"\" srcset=\"https:\/\/taizynut.com\/wp-content\/uploads\/2026\/04\/macadamia-nut-sheller.webp 720w, https:\/\/taizynut.com\/wp-content\/uploads\/2026\/04\/macadamia-nut-sheller-300x225.webp 300w, https:\/\/taizynut.com\/wp-content\/uploads\/2026\/04\/macadamia-nut-sheller-16x12.webp 16w\" sizes=\"auto, (max-width: 720px) 100vw, 720px\" \/><figcaption class=\"wp-element-caption\">\u00c9caler les noix de macadamia<\/figcaption><\/figure> <\/figure>    <h2 class=\"wp-block-heading\"><strong>Comment fonctionne la machine \u00e0 \u00e9caler les noix de macadamia ?<\/strong><\/h2>    <p>La machine \u00e0 \u00e9caler les noix de macadamia adopte principalement une structure d'extrusion \u00e0 double rouleau. \u00c0 l'int\u00e9rieur, deux rouleaux d'\u00e9caillement tournent en coordination pour appliquer une pression constante sur les noix, provoquant la fissure de la coque dure et sa s\u00e9paration du noyau.<\/p>    <p>Contrairement \u00e0 l'\u00e9quipement d'\u00e9caillement par impact, cette m\u00e9thode d'extrusion cr\u00e9e une force plus contr\u00f4l\u00e9e, ce qui aide \u00e0 r\u00e9duire la casse du noyau et \u00e0 am\u00e9liorer le taux de noyaux entiers.<\/p>    <p class=\"translation-block\"><strong>Processus de travail<\/strong><\/p>    <p>Alimentation \u2192 extrusion par rouleaux \u2192 d\u00e9charge de coque et de noyau<\/p>    <h2 class=\"wp-block-heading\"><strong>Comment choisir la bonne machine \u00e0 casser les noix de macadamia ?<\/strong><\/h2>    <p>Lors de l'achat, nous recommandons d'appliquer la logique de prise de d\u00e9cision suivante :<\/p>    <p>D\u00e9terminer la capacit\u00e9 de traitement des mati\u00e8res premi\u00e8res \u2192 \u00e9valuer le taux d'int\u00e9grit\u00e9 du noyau entier requis \u2192 d\u00e9cider d'incorporer une machine de s\u00e9paration.<\/p>    <p class=\"translation-block\"><strong>Recommandations de s\u00e9lection :<\/strong><\/p>    <ul class=\"wp-block-list\"> <li><strong>Noyaux entiers haut de gamme :<\/strong> Nous recommandons de l'associer \u00e0 une machine de s\u00e9paration coque et noyau.<\/li>    <li><strong>Lots mixtes de tailles vari\u00e9es<\/strong>: Nous recommandons de choisir un mod\u00e8le avec des r\u00e9glages de d\u00e9gagement ajustables.<\/li>    <li><strong>Plusieurs vari\u00e9t\u00e9s de noix<\/strong>: Prioriser les machines \u00e0 \u00e9caler capables de traiter une gamme diversifi\u00e9e de mati\u00e8res premi\u00e8res.<\/li> <\/ul>    <figure class=\"wp-block-gallery has-nested-images columns-default is-cropped wp-block-gallery-4 is-layout-flex wp-block-gallery-is-layout-flex\"> <figure class=\"wp-block-image size-large\"><img loading=\"lazy\" decoding=\"async\" width=\"720\" height=\"540\" data-id=\"1666\" src=\"https:\/\/taizynut.com\/wp-content\/uploads\/2026\/04\/macadamia-nut-shelling-machine.webp\" alt=\"Machine \u00e0 \u00e9caler les noix de macadamia\" class=\"wp-image-1666\" title=\"\" srcset=\"https:\/\/taizynut.com\/wp-content\/uploads\/2026\/04\/macadamia-nut-shelling-machine.webp 720w, https:\/\/taizynut.com\/wp-content\/uploads\/2026\/04\/macadamia-nut-shelling-machine-300x225.webp 300w, https:\/\/taizynut.com\/wp-content\/uploads\/2026\/04\/macadamia-nut-shelling-machine-16x12.webp 16w\" sizes=\"auto, (max-width: 720px) 100vw, 720px\" \/><figcaption class=\"wp-element-caption\">Machine \u00e0 \u00e9caler les noix de macadamia<\/figcaption><\/figure>    <figure class=\"wp-block-image size-large\"><img loading=\"lazy\" decoding=\"async\" width=\"720\" height=\"540\" data-id=\"1667\" src=\"https:\/\/taizynut.com\/wp-content\/uploads\/2026\/04\/macadamia-shelling-machine.webp\" alt=\"Notre machine \u00e0 \u00e9caler les noix de macadamia peut \u00e9caler des noix de macadamia, noisettes, et amandes \u00e0 un d\u00e9bit de 300\u2013400 kg\/h. Elle atteint un taux d&#039;\u00e9caillement de 98 %.\" class=\"wp-image-1667\" title=\"\" srcset=\"https:\/\/taizynut.com\/wp-content\/uploads\/2026\/04\/macadamia-shelling-machine.webp 720w, https:\/\/taizynut.com\/wp-content\/uploads\/2026\/04\/macadamia-shelling-machine-300x225.webp 300w, https:\/\/taizynut.com\/wp-content\/uploads\/2026\/04\/macadamia-shelling-machine-16x12.webp 16w\" sizes=\"auto, (max-width: 720px) 100vw, 720px\" \/><figcaption class=\"wp-element-caption\">Machine \u00e0 \u00e9caler les noix de macadamia<\/figcaption><\/figure> <\/figure>    <h2 class=\"wp-block-heading\"><strong>FAQ sur la machine \u00e0 \u00e9caler les noix de macadamia<\/strong><\/h2>   <div id=\"rank-math-faq\" class=\"rank-math-block\"> <div class=\"rank-math-list\"> <div id=\"faq-question-1775185250166\" class=\"rank-math-list-item\"> <h3 class=\"rank-math-question\">Quelles sont les pi\u00e8ces d'usure de cette machine ?<\/h3> <div class=\"rank-math-answer\">  <p>La pi\u00e8ce d'usure principale est g\u00e9n\u00e9ralement la grille. \u00c9tant en contact direct avec les noix brutes lors d'une utilisation prolong\u00e9e, elle n\u00e9cessite une inspection p\u00e9riodique.<\/p>  <\/div> <\/div> <div id=\"faq-question-1775185267116\" class=\"rank-math-list-item\"> <h3 class=\"rank-math-question\">Quel est le taux de casse du noyau ?<\/h3> <div class=\"rank-math-answer\">  <p>Typiquement, il est \u22643 %. Les r\u00e9sultats r\u00e9els d\u00e9pendent de facteurs sp\u00e9cifiques tels que la vari\u00e9t\u00e9 de noix, la duret\u00e9 de la coque, le contenu en humidit\u00e9, et l'uniformit\u00e9 de la taille.<\/p>  <\/div> <\/div> <div id=\"faq-question-1775185283349\" class=\"rank-math-list-item\"> <h3 class=\"rank-math-question\">Cette machine peut-elle traiter aussi les amandes et noisettes ?<\/h3> <div class=\"rank-math-answer\">  <p>Oui. Elle convient au traitement des noix de macadamia, des amandes, des noisettes et des pecans.<\/p>  <\/div> <\/div> <div id=\"faq-question-1775185310683\" class=\"rank-math-list-item\"> <h3 class=\"rank-math-question\">Peut-elle \u00eatre int\u00e9gr\u00e9e dans une ligne de traitement compl\u00e8te ?<\/h3> <div class=\"rank-math-answer\">  <p>Oui. Il peut \u00eatre connect\u00e9 \u00e0 des \u00e9quipements tels que des s\u00e9parateurs de coque et de noyau, des \u00e9l\u00e9vateurs, des machines de tri et des machines d'emballage pour former une ligne compl\u00e8te d'\u00e9caillement et de traitement des noix.<\/p>  <\/div> <\/div> <div id=\"faq-question-1775185335860\" class=\"rank-math-list-item\"> <h3 class=\"rank-math-question\">Proposez-vous d'autres \u00e9quipements de traitement ?<\/h3> <div class=\"rank-math-answer\">  <p class=\"translation-block\">Oui, nous proposons des \u00e9quipements tels que <a href=\"https:\/\/taizynut.com\/fr\/product\/macadamia-nut-opening-machine\/\">machine \u00e0 ouvrir les noix de macadamia<\/a>, s\u00e9parateurs coque-noyau, et plus.<\/p>  <\/div> <\/div> <\/div> <\/div>   <h2 class=\"wp-block-heading\"><strong>Quels facteurs influencent le prix de l'\u00e9cailleur de noix de macadamia ?<\/strong><\/h2>    <p>Lors de l'achat d'une machine \u00e0 \u00e9caler les noix de macadamia, le prix est souvent une consid\u00e9ration principale pour de nombreux clients. En g\u00e9n\u00e9ral, le co\u00fbt de cet \u00e9quipement se situe autour de 2 500 $. Cependant, le prix sp\u00e9cifique est influenc\u00e9 par divers facteurs :<\/p>    <figure class=\"wp-block-table\"><table class=\"has-fixed-layout\"><thead><tr><th>Facteur<\/th><th>Impact sur le prix<\/th><\/tr><\/thead><tbody><tr><td>Exigence de capacit\u00e9<\/td><td>Une capacit\u00e9 plus \u00e9lev\u00e9e n\u00e9cessite une configuration plus robuste <br>et capacit\u00e9 de traitement, entra\u00eenant un prix plus \u00e9lev\u00e9<\/td><\/tr><tr><td>Mat\u00e9riel de machine<\/td><td>Acier inoxydable standard 304 ; tout en acier inoxydable sera<br>influer sur le co\u00fbt<\/td><\/tr><tr><td>Mat\u00e9riaux bruts adapt\u00e9s<\/td><td>Traitement uniquement des noix de macadamia ou plusieurs types de noix <br>comme les amandes, noisettes, et pecans n\u00e9cessite un <br>diff\u00e9rents prix<\/td><\/tr><tr><td>Personnalisation de la tension<\/td><td>Traitement uniquement des noix de macadamia ou plusieurs types de noix <br>comme les amandes, noisettes, et pecans n\u00e9cessite un <br>diff\u00e9rents prix<\/td><\/tr><tr><td>si le s\u00e9parateur est inclus<\/td><td>Une seule machine \u00e0 \u00e9caler co\u00fbte moins qu'un <br>solution combin\u00e9e avec un s\u00e9parateur de coque et de noyau<\/td><\/tr><tr><td>Norme export\u00e9e<\/td><td>Emballage en bois, normes \u00e9lectriques d'exportation, et <br>des certifications sp\u00e9ciales peuvent \u00e9galement influencer le <br>Devis<\/td><\/tr><\/tbody><\/table><figcaption class=\"wp-element-caption\">Facteurs influen\u00e7ant le prix<\/figcaption><\/figure>    <h2 class=\"wp-block-heading\"><strong>Comment obtenir un devis pr\u00e9cis plus rapidement ?<\/strong><\/h2>    <p>Veuillez confirmer les d\u00e9tails suivants avant la devis :<\/p>    <ul class=\"wp-block-list\"> <li>type de noix<\/li>    <li>gamme de tailles de noix<\/li>    <li>Capacit\u00e9 cible<\/li>    <li>tension locale<\/li>    <li>si une s\u00e9paration coque-noyau est n\u00e9cessaire<\/li>    <li>si une ligne de traitement compl\u00e8te est requise<\/li> <\/ul>    <p>Cela permet de choisir la solution la plus rentable et d'\u00e9viter des investissements inutiles. Si vous souhaitez en savoir plus sur les d\u00e9tails et les prix de la machine \u00e0 \u00e9caler les noix de macadamia, n'h\u00e9sitez pas \u00e0 nous contacter \u00e0 tout moment !<\/p>","protected":false},"excerpt":{"rendered":"<p>This article primarily introduces a macadamia nut shelling machine. This nut sheller is suitable for processing macadamia nuts, almonds, hazelnuts, and pecans. It boasts a production capacity of 300\u2013400 kg\/h and a shelling rate of 98%, making it a smart choice for nut processing enterprises.<\/p>","protected":false},"author":1,"featured_media":1668,"parent":0,"template":"","tags":[88,85],"product-type":[86],"class_list":["post-1660","product","type-product","status-publish","has-post-thumbnail","hentry","tag-macadamia","tag-macadamia-nut","product-type-macadamia-nut-processing-machine"],"_links":{"self":[{"href":"https:\/\/taizynut.com\/fr\/wp-json\/wp\/v2\/product\/1660","targetHints":{"allow":["GET"]}}],"collection":[{"href":"https:\/\/taizynut.com\/fr\/wp-json\/wp\/v2\/product"}],"about":[{"href":"https:\/\/taizynut.com\/fr\/wp-json\/wp\/v2\/types\/product"}],"author":[{"embeddable":true,"href":"https:\/\/taizynut.com\/fr\/wp-json\/wp\/v2\/users\/1"}],"wp:featuredmedia":[{"embeddable":true,"href":"https:\/\/taizynut.com\/fr\/wp-json\/wp\/v2\/media\/1668"}],"wp:attachment":[{"href":"https:\/\/taizynut.com\/fr\/wp-json\/wp\/v2\/media?parent=1660"}],"wp:term":[{"taxonomy":"post_tag","embeddable":true,"href":"https:\/\/taizynut.com\/fr\/wp-json\/wp\/v2\/tags?post=1660"},{"taxonomy":"product-type","embeddable":true,"href":"https:\/\/taizynut.com\/fr\/wp-json\/wp\/v2\/product-type?post=1660"}],"curies":[{"name":"wp","href":"https:\/\/api.w.org\/{rel}","templated":true}]}}