{"id":167,"date":"2022-08-26T08:13:15","date_gmt":"2022-08-26T08:13:15","guid":{"rendered":"https:\/\/taizynut.com\/?post_type=product&#038;p=167"},"modified":"2024-12-23T11:32:14","modified_gmt":"2024-12-23T03:32:14","slug":"six-row-peanut-seeder","status":"publish","type":"product","link":"https:\/\/taizynut.com\/fr\/product\/six-row-peanut-seeder\/","title":{"rendered":"Semoir d'arachides \u00e0 six rangs | semoir \u00e0 arachides"},"content":{"rendered":"<p class=\"translation-block\">Une semeuse de cacahu\u00e8tes \u00e0 six rangs est une machine pour semer des cacahu\u00e8tes. La principale caract\u00e9ristique est qu\u2019elle peut r\u00e9aliser un semis \u00e0 six rangs en m\u00eame temps, ce qui am\u00e9liore l\u2019efficacit\u00e9 du semis des cacahu\u00e8tes. Elle convient particuli\u00e8rement \u00e0 un semis \u00e0 grande \u00e9chelle. Lors du semis dans le planteur de cacahu\u00e8tes, elle peut couvrir le sol, la couverture du film, et fertiliser. Elle convient aux sols sableux\/sols meubles (sans pierres), et elle est b\u00e9n\u00e9fique pour les r\u00e9sultats de la deuxi\u00e8me vert\u00e8bre avec des cacahu\u00e8tes, augmentant le rendement d\u2019environ 10 %. Il existe <a href=\"https:\/\/taizynut.com\/fr\/product\/peanut-planting-machine\/\" data-type=\"URL\" data-id=\"https:\/\/taizynut.com\/product\/peanut-planting-machine\/\">diff\u00e9rents mod\u00e8les de planters de cacahu\u00e8tes<\/a>, celui-ci est le mod\u00e8le le plus grand.<\/p>    <h2 class=\"wp-block-heading\" id=\"h-how-to-set-the-seeding-depth\">Comment r\u00e9gler la profondeur de semis des arachides ?<\/h2>   <div class=\"wp-block-image\"> <figure class=\"aligncenter size-full\"><img loading=\"lazy\" decoding=\"async\" width=\"720\" height=\"540\" src=\"https:\/\/taizynut.com\/wp-content\/uploads\/2022\/08\/Six-row-peanut-seeder-working.webp\" alt=\"Semoir d&#039;arachide \u00e0 six rangs en fonctionnement\" class=\"wp-image-170\" title=\"\" srcset=\"https:\/\/taizynut.com\/wp-content\/uploads\/2022\/08\/Six-row-peanut-seeder-working.webp 720w, https:\/\/taizynut.com\/wp-content\/uploads\/2022\/08\/Six-row-peanut-seeder-working-300x225.webp 300w\" sizes=\"auto, (max-width: 720px) 100vw, 720px\" \/><figcaption>Semoir d'arachide \u00e0 six rangs en fonctionnement<\/figcaption><\/figure> <\/div>   <p class=\"translation-block\">La profondeur de semis des cacahu\u00e8tes varie selon les r\u00e9gions. Apr\u00e8s l\u2019achat d\u2019un planter de cacahu\u00e8tes, la profondeur de semis peut \u00eatre ajust\u00e9e. La profondeur g\u00e9n\u00e9rale de semis est de 30 mm \u00e0 0 mm. <a href=\"https:\/\/en.wikipedia.org\/wiki\/Sowing\" data-type=\"URL\" data-id=\"https:\/\/en.wikipedia.org\/wiki\/Sowing\" target=\"_blank\" rel=\"noopener\">Le semis<\/a> trop profond n\u2019est pas favorable \u00e0 l\u2019\u00e9mergence des cacahu\u00e8tes, et un semis trop peu profond n\u2019est pas favorable au enracinement des cacahu\u00e8tes. Le semoir de cacahu\u00e8tes ajustable garantit un taux d\u2019\u00e9mergence des cacahu\u00e8tes de 95 %, ce qui le rend plus adapt\u00e9 \u00e0 divers terrains et sols complexes.<\/p>    <h2 class=\"wp-block-heading\">Structure du semoir d'arachide<\/h2>   <div class=\"wp-block-image\"> <figure class=\"aligncenter size-full\"><img loading=\"lazy\" decoding=\"async\" width=\"720\" height=\"540\" src=\"https:\/\/taizynut.com\/wp-content\/uploads\/2022\/08\/groundnut-seed-drill.webp\" alt=\"semoir \u00e0 arachides\" class=\"wp-image-171\" title=\"\" srcset=\"https:\/\/taizynut.com\/wp-content\/uploads\/2022\/08\/groundnut-seed-drill.webp 720w, https:\/\/taizynut.com\/wp-content\/uploads\/2022\/08\/groundnut-seed-drill-300x225.webp 300w\" sizes=\"auto, (max-width: 720px) 100vw, 720px\" \/><figcaption>semoir \u00e0 arachides<\/figcaption><\/figure> <\/div>   <p>Le planteur d'arachides est compos\u00e9 de roues en caoutchouc mobiles, d'ouvre-graines \u00e0 bo\u00eete de vitesses, de tr\u00e9mies d'engrais, de bras de support hydrauliques, etc. Il y a six tr\u00e9mies pour le planteur d'arachides \u00e0 six rang\u00e9es. Pour diff\u00e9rents types de planteurs d\u2019arachides, les roues en caoutchouc et les tr\u00e9mies \u00e0 graines sont toutes diff\u00e9rentes. Plus le mod\u00e8le est grand, plus la machine est large. Six rang\u00e9es peuvent \u00eatre sem\u00e9es \u00e0 la fois, et l'efficacit\u00e9 du travail du semis d'arachides sur de grandes surfaces est plus \u00e9lev\u00e9e.<\/p>    <h2 class=\"wp-block-heading\">Param\u00e8tres du semoir d'arachide <\/h2>   <div class=\"wp-block-image\"> <figure class=\"aligncenter size-full\"><img loading=\"lazy\" decoding=\"async\" width=\"720\" height=\"540\" src=\"https:\/\/taizynut.com\/wp-content\/uploads\/2022\/08\/groundnut-seed-drill-machine.webp\" alt=\"semoir \u00e0 graines d&#039;arachide\" class=\"wp-image-172\" title=\"\" srcset=\"https:\/\/taizynut.com\/wp-content\/uploads\/2022\/08\/groundnut-seed-drill-machine.webp 720w, https:\/\/taizynut.com\/wp-content\/uploads\/2022\/08\/groundnut-seed-drill-machine-300x225.webp 300w\" sizes=\"auto, (max-width: 720px) 100vw, 720px\" \/><figcaption>semoir \u00e0 graines d'arachide<\/figcaption><\/figure> <\/div>   <p>Dimensions : longueur 2010 \u00d7 largeur 1600 \u00d7 hauteur 980 mm<br>Espacement des lignes\u00a0: 30-35 (r\u00e9glable)<br>Largeur de travail : 1400 mm<br>Fonction : fertilisation, semis.<br>Puissance de support\u00a0: tracteur 33,5-45 kW<br>Application : Semis sur terrain plat<br>Caract\u00e9ristiques : semis \u00e0 six rangs<\/p>    <h2 class=\"wp-block-heading\">Avantages du semoir arachide<\/h2>   <div class=\"wp-block-image\"> <figure class=\"aligncenter size-full\"><img loading=\"lazy\" decoding=\"async\" width=\"720\" height=\"540\" src=\"https:\/\/taizynut.com\/wp-content\/uploads\/2022\/08\/groundnut-seed-drill-machine-1.webp\" alt=\"semoir \u00e0 graines d&#039;arachide\" class=\"wp-image-173\" title=\"\" srcset=\"https:\/\/taizynut.com\/wp-content\/uploads\/2022\/08\/groundnut-seed-drill-machine-1.webp 720w, https:\/\/taizynut.com\/wp-content\/uploads\/2022\/08\/groundnut-seed-drill-machine-1-300x225.webp 300w\" sizes=\"auto, (max-width: 720px) 100vw, 720px\" \/><figcaption>semoir \u00e0 graines d'arachide<\/figcaption><\/figure> <\/div>   <ul class=\"wp-block-list\"><li>Le semoir d'arachide se nourrit uniform\u00e9ment. Les plants d'arachide poussent plus uniform\u00e9ment, ce qui favorise la croissance des arachides<\/li><li>Structure simple. Le semoir d'arachide a une structure simple, des fonctions puissantes, peu de pannes et un d\u00e9bogage facile.<\/li><li>Une machine est polyvalente, peut semer des cacahu\u00e8tes et peut \u00e9galement semer d\u2019autres c\u00e9r\u00e9ales comme le ma\u00efs.<\/li><\/ul>    <h2 class=\"wp-block-heading\">Comment utiliser le semoir d'arachides\u00a0?<\/h2>    <figure class=\"wp-block-gallery has-nested-images columns-default is-cropped wp-block-gallery-2 is-layout-flex wp-block-gallery-is-layout-flex\"> <figure class=\"wp-block-image size-large\"><img loading=\"lazy\" decoding=\"async\" width=\"720\" height=\"540\" data-id=\"174\" src=\"https:\/\/taizynut.com\/wp-content\/uploads\/2022\/08\/groundnut-seed-drill-machine-2.webp\" alt=\"semoir \u00e0 graines d&#039;arachide\" class=\"wp-image-174\" title=\"\" srcset=\"https:\/\/taizynut.com\/wp-content\/uploads\/2022\/08\/groundnut-seed-drill-machine-2.webp 720w, https:\/\/taizynut.com\/wp-content\/uploads\/2022\/08\/groundnut-seed-drill-machine-2-300x225.webp 300w\" sizes=\"auto, (max-width: 720px) 100vw, 720px\" \/><figcaption>Semoir \u00e0 graines d'arachide<\/figcaption><\/figure>    <figure class=\"wp-block-image size-large\"><img loading=\"lazy\" decoding=\"async\" width=\"470\" height=\"290\" data-id=\"175\" src=\"https:\/\/taizynut.com\/wp-content\/uploads\/2022\/08\/groundnut-seed-drill-1.webp\" alt=\"semoir \u00e0 arachides\" class=\"wp-image-175\" title=\"\" srcset=\"https:\/\/taizynut.com\/wp-content\/uploads\/2022\/08\/groundnut-seed-drill-1.webp 470w, https:\/\/taizynut.com\/wp-content\/uploads\/2022\/08\/groundnut-seed-drill-1-300x185.webp 300w\" sizes=\"auto, (max-width: 470px) 100vw, 470px\" \/><figcaption>Semoir \u00e0 graines d'arachide<\/figcaption><\/figure> <\/figure>    <ol class=\"wp-block-list\"><li>Avant l'op\u00e9ration, toutes les pi\u00e8ces des semoirs d'arachide doivent \u00eatre ajust\u00e9es en fonction des exigences de l'op\u00e9ration et un essai de diffusion doit \u00eatre effectu\u00e9. Les ouvre-portes et disques gauche et droit doivent faire attention \u00e0 l'\u00e9quilibre de la r\u00e9sistance pour \u00e9viter le d\u00e9calage gauche et droit.<\/li><li>Avant de poser le film, celui-ci doit \u00eatre retir\u00e9 d'une section. Les roues de pressage du film des deux c\u00f4t\u00e9s doivent \u00eatre press\u00e9es contre les deux c\u00f4t\u00e9s du film. Le d\u00e9but du film doit \u00eatre compact\u00e9 avec de la terre. En arrivant au sol, le film doit \u00eatre coup\u00e9 manuellement et le terminal doit \u00eatre enterr\u00e9.<\/li><li>Pendant le fonctionnement, le distributeur hydraulique du tracteur doit \u00eatre d\u00e9plac\u00e9 en position flottante, pour maintenir une vitesse d'avancement stable du tracteur, et ne pas \u00eatre rapide ou lent.<\/li><li>Ajustement du versoir\u00a0: Ajustez la colonne du versoir et la hauteur du versoir est appropri\u00e9e pour gratter le sol sec en surface.<\/li><li>R\u00e9glage de la profondeur de semis : la vis m\u00e8re de l'ouvre-semoir peut \u00eatre tourn\u00e9e pour r\u00e9gler la profondeur de semis, et la profondeur de semis doit \u00eatre de 20 \u00e0 40 mm.<\/li><li>L'ajustement de l'espacement des rangs des graines : la poutre du cadre est \u00e9quip\u00e9e d'un dispositif de r\u00e9glage de l'espacement des rangs, qui peut \u00eatre d\u00e9plac\u00e9 \u00e0 gauche et \u00e0 droite, et l'espacement des rangs peut \u00eatre ajust\u00e9 \u00e0 280~1000 mm.<\/li><li>R\u00e9glage de l'espacement des graines : La roue au sol est con\u00e7ue comme six curseurs circulaires de m\u00eame taille. Les curseurs sont pourvus de trous coulissants longitudinaux. L'expansion de la circonf\u00e9rence de la roue au sol vers l'ext\u00e9rieur augmentera l'espacement des plantes, sinon elle r\u00e9tr\u00e9cira.<\/li><\/ol>","protected":false},"excerpt":{"rendered":"<p>Un semoir d'arachides \u00e0 six rangs est une machine permettant de semer des arachides. La plus grande caract\u00e9ristique est qu'il peut r\u00e9aliser un semis sur six rangs en m\u00eame temps, ce qui am\u00e9liore l'efficacit\u00e9 du semis d'arachides.<\/p>","protected":false},"author":1,"featured_media":169,"parent":0,"template":"","tags":[51,21,11],"product-type":[5],"class_list":["post-167","product","type-product","status-publish","has-post-thumbnail","hentry","tag-peanut-planting","tag-peanut-planting-mahcine","tag-peanut-seeder","product-type-peanut-planter"],"_links":{"self":[{"href":"https:\/\/taizynut.com\/fr\/wp-json\/wp\/v2\/product\/167","targetHints":{"allow":["GET"]}}],"collection":[{"href":"https:\/\/taizynut.com\/fr\/wp-json\/wp\/v2\/product"}],"about":[{"href":"https:\/\/taizynut.com\/fr\/wp-json\/wp\/v2\/types\/product"}],"author":[{"embeddable":true,"href":"https:\/\/taizynut.com\/fr\/wp-json\/wp\/v2\/users\/1"}],"wp:featuredmedia":[{"embeddable":true,"href":"https:\/\/taizynut.com\/fr\/wp-json\/wp\/v2\/media\/169"}],"wp:attachment":[{"href":"https:\/\/taizynut.com\/fr\/wp-json\/wp\/v2\/media?parent=167"}],"wp:term":[{"taxonomy":"post_tag","embeddable":true,"href":"https:\/\/taizynut.com\/fr\/wp-json\/wp\/v2\/tags?post=167"},{"taxonomy":"product-type","embeddable":true,"href":"https:\/\/taizynut.com\/fr\/wp-json\/wp\/v2\/product-type?post=167"}],"curies":[{"name":"wp","href":"https:\/\/api.w.org\/{rel}","templated":true}]}}