{"id":25,"date":"2022-08-24T10:04:55","date_gmt":"2022-08-24T10:04:55","guid":{"rendered":"https:\/\/taizynut.com\/?post_type=product&#038;p=25"},"modified":"2024-06-06T11:44:20","modified_gmt":"2024-06-06T03:44:20","slug":"peanut-planting-machine","status":"publish","type":"product","link":"https:\/\/taizynut.com\/fr\/product\/peanut-planting-machine\/","title":{"rendered":"Planteuse d'arachides entra\u00een\u00e9e par tracteur pour le semis de graines d'arachide"},"content":{"rendered":"<p class=\"translation-block\">Le <strong>semoir \u00e0 arachide<\/strong> est utilis\u00e9 pour le semis de graines d'arachide dans les champs, entra\u00een\u00e9 par un tracteur \u00e0 4 roues, avec une capacit\u00e9 de 0,5 \u00e0 3,2 acres\/h. En combinant le creusement de sillons, la fertilisation, le semis et la couverture du sol, cette machine peut effectuer la fertilisation et le semis en une seule fois.<\/p>    <p>Cette machine a un taux de semis \u00e9lev\u00e9 de &gt;98% et est disponible en plusieurs mod\u00e8les au choix, tels que 2 rangs, 4 rangs, 6 rangs, 8 rangs, voire plus, selon vos besoins.<\/p>   <div class=\"wp-block-image\"> <figure class=\"aligncenter size-full\"><img loading=\"lazy\" decoding=\"async\" width=\"720\" height=\"540\" src=\"https:\/\/taizynut.com\/wp-content\/uploads\/2022\/08\/Peanut-Planting-Machine.webp\" alt=\"Machine de plantation d&#039;arachide\" class=\"wp-image-34\" title=\"\" srcset=\"https:\/\/taizynut.com\/wp-content\/uploads\/2022\/08\/Peanut-Planting-Machine.webp 720w, https:\/\/taizynut.com\/wp-content\/uploads\/2022\/08\/Peanut-Planting-Machine-300x225.webp 300w\" sizes=\"auto, (max-width: 720px) 100vw, 720px\" \/><figcaption class=\"wp-element-caption\">Machine de plantation d'arachide<\/figcaption><\/figure> <\/div>   <p> Dot\u00e9 d'une efficacit\u00e9 \u00e9lev\u00e9e, d'une personnalisation et d'une configuration flexible, le planteur d'arachides est tr\u00e8s utile pour les fermes qui cultivent des arachides avec de gros rendements. <\/p>    <figure class=\"wp-block-embed is-type-video is-provider-youtube wp-block-embed-youtube wp-embed-aspect-16-9 wp-has-aspect-ratio\"><div class=\"wp-block-embed__wrapper\"> <iframe loading=\"lazy\" title=\"Comment fonctionne le planteur de cacahu\u00e8tes ? Planteuse d&#039;arachides avec mulching, buttage\" width=\"500\" height=\"281\" src=\"https:\/\/www.youtube.com\/embed\/UREj8R5QF4A?feature=oembed\" frameborder=\"0\" allow=\"accelerometer; autoplay; clipboard-write; encrypted-media; gyroscope; picture-in-picture; web-share\" referrerpolicy=\"strict-origin-when-cross-origin\" allowfullscreen><\/iframe> <\/div><figcaption class=\"wp-element-caption\">vid\u00e9o de travail d'un \u00e9quipement de plantation d'arachides entra\u00een\u00e9 par tracteur <\/figcaption><\/figure>    <h2 class=\"wp-block-heading\"><strong>Avantages du mat\u00e9riel de plantation d'arachides<\/strong><\/h2>    <ul class=\"wp-block-list\"> <li><strong>Capacit\u00e9 de 0,5 \u00e0 3,2 acres\/h<\/strong>: Notre semoir d'arachide peut planter plus de champs en une heure, vous aidant ainsi \u00e0 am\u00e9liorer l'efficacit\u00e9 agricole.<\/li>    <li><strong>Augmentation du taux d\u2019\u00e9mergence de 10%<\/strong>: Par rapport \u00e0 d'autres m\u00e9thodes de semis, l'utilisation de notre planteur d'arachides peut am\u00e9liorer le taux de lev\u00e9e et en vaut la peine.<\/li>    <li><strong>Fonctions diverses :<\/strong> La machine peut remplir diverses fonctions telles que la fertilisation, le paillage de film, le billonnage et le paillage du sol.<\/li>    <li><strong>Espacement des plantes r\u00e9glable<\/strong>: En ajustant la poign\u00e9e, vous pouvez ajuster l'espacement des plantes souhait\u00e9.<\/li> <\/ul>   <div class=\"wp-block-image\"> <figure class=\"aligncenter size-full\"><img loading=\"lazy\" decoding=\"async\" width=\"720\" height=\"540\" src=\"https:\/\/taizynut.com\/wp-content\/uploads\/2022\/08\/Corn-field-peanut-sowing.webp\" alt=\"Semis d&#039;arachides dans un champ de ma\u00efs\" class=\"wp-image-32\" title=\"\" srcset=\"https:\/\/taizynut.com\/wp-content\/uploads\/2022\/08\/Corn-field-peanut-sowing.webp 720w, https:\/\/taizynut.com\/wp-content\/uploads\/2022\/08\/Corn-field-peanut-sowing-300x225.webp 300w\" sizes=\"auto, (max-width: 720px) 100vw, 720px\" \/><figcaption class=\"wp-element-caption\">Semis d'arachides dans un champ de ma\u00efs<\/figcaption><\/figure> <\/div>   <h2 class=\"wp-block-heading\"><strong>Param\u00e8tres du planteur d'arachides \u00e0 vendre<\/strong><\/h2>    <figure class=\"wp-block-table\"><table><tbody><tr><td>Mod\u00e8le<\/td><td>2BHMF-2<\/td><td>2BHMF-4<\/td><td>2BHMF-6<\/td><\/tr><tr><td>Une puissance adapt\u00e9e<\/td><td>20-40 ch<\/td><td>40-70 ch<\/td><td>60-90 ch<\/td><\/tr><tr><td>Taille<\/td><td>2940\u00d71200\u00d71300mm<\/td><td>2940\u00d71600\u00d71300mm<\/td><td>2940\u00d71900\u00d71300mm<\/td><\/tr><tr><td>Poids<\/td><td>180 kg<\/td><td>350 kg<\/td><td>450 kg<\/td><\/tr><tr><td>Capacit\u00e9 de la tr\u00e9mie<\/td><td>10kg\u00a0*2<\/td><td>10kg\u00a0*4<\/td><td>10kg\u00a0*6<\/td><\/tr><tr><td>Nombre de lignes<\/td><td>2<\/td><td>4<\/td><td>6<\/td><\/tr><tr><td>Espace des lignes<\/td><td>300-350\u00a0mm<\/td><td>300-350\u00a0mm<\/td><td>300-350\u00a0mm<\/td><\/tr><tr><td>Espace de graine<\/td><td>80-300\u00a0mm<\/td><td>80-300\u00a0mm<\/td><td>80-300\u00a0mm<\/td><\/tr><tr><td>Productivit\u00e9<\/td><td>0,5-0,8 acre\/h<\/td><td>0,8 \u00e0 1,6 acres\/h<\/td><td>1,6 \u00e0 3,2 acres\/h<\/td><\/tr><tr><td>Taux de semis<\/td><td>&gt;98%<\/td><td>&gt;98%<\/td><td>&gt;98%<\/td><\/tr><\/tbody><\/table><figcaption class=\"wp-element-caption\">Param\u00e8tres du mat\u00e9riel de plantation d'arachide<\/figcaption><\/figure>    <p>En vous r\u00e9f\u00e9rant aux param\u00e8tres ci-dessus, combin\u00e9s \u00e0 vos besoins r\u00e9els, vous choisissez un planteur de cacahu\u00e8tes qui vous convient le mieux.<\/p>    <p>Par exemple, si vous avez un budget limit\u00e9 et que vous souhaitez planter des cacahu\u00e8tes par lots, alors le planteur de cacahu\u00e8tes \u00e0 4 rangs est celui qui vous convient le mieux.<\/p>   <div class=\"wp-block-image\"> <figure class=\"aligncenter size-full\"><img loading=\"lazy\" decoding=\"async\" width=\"720\" height=\"540\" src=\"https:\/\/taizynut.com\/wp-content\/uploads\/2022\/08\/groundnut-sowing-machine.webp\" alt=\"semoir d&#039;arachide\" class=\"wp-image-36\" title=\"\" srcset=\"https:\/\/taizynut.com\/wp-content\/uploads\/2022\/08\/groundnut-sowing-machine.webp 720w, https:\/\/taizynut.com\/wp-content\/uploads\/2022\/08\/groundnut-sowing-machine-300x225.webp 300w\" sizes=\"auto, (max-width: 720px) 100vw, 720px\" \/><figcaption class=\"wp-element-caption\">semoir d'arachide<\/figcaption><\/figure> <\/div>   <h2 class=\"wp-block-heading\"><strong>Types de semoirs d'arachide<\/strong><\/h2>    <h3 class=\"wp-block-heading\"><strong>Semoir d'arachide \u00e0 deux rangs<\/strong><\/h3>    <div class=\"wp-block-media-text alignwide is-stacked-on-mobile\"><figure class=\"wp-block-media-text__media\"><img loading=\"lazy\" decoding=\"async\" width=\"720\" height=\"540\" src=\"https:\/\/taizynut.com\/wp-content\/uploads\/2022\/08\/Two-row-groundnut-sowing-machine.webp\" alt=\"Semoir d&#039;arachide \u00e0 deux rangs\" class=\"wp-image-28 size-full\" title=\"\" srcset=\"https:\/\/taizynut.com\/wp-content\/uploads\/2022\/08\/Two-row-groundnut-sowing-machine.webp 720w, https:\/\/taizynut.com\/wp-content\/uploads\/2022\/08\/Two-row-groundnut-sowing-machine-300x225.webp 300w\" sizes=\"auto, (max-width: 720px) 100vw, 720px\" \/><\/figure><div class=\"wp-block-media-text__content\"> <p>Un semoir d\u2019arachides \u00e0 deux rangs est une machine capable de semer deux rang\u00e9es d\u2019arachides \u00e0 la fois. L'efficacit\u00e9 de travail de la machine est de 0,5 \u00e0 0,8 acre\/h et le taux de semis est sup\u00e9rieur \u00e0 98%.<\/p> <\/div><\/div>    <h3 class=\"wp-block-heading\"><strong>Planteuse d'arachides \u00e0 quatre rangs<\/strong><\/h3>    <div class=\"wp-block-media-text alignwide has-media-on-the-right is-stacked-on-mobile\"><div class=\"wp-block-media-text__content\"> <p>Le planteur d'arachides \u00e0 4 rangs est une machine qui peut semer quatre rangs \u00e0 la fois, et l'efficacit\u00e9 de travail du semis d'arachides \u00e0 quatre rangs est de 0,8 \u00e0 1,6 acres\/h. Le taux de semis est sup\u00e9rieur \u00e0 98%<\/p> <\/div><figure class=\"wp-block-media-text__media\"><img loading=\"lazy\" decoding=\"async\" width=\"720\" height=\"540\" src=\"https:\/\/taizynut.com\/wp-content\/uploads\/2022\/08\/Four-row-peanut-planter.webp\" alt=\"Planteuse d&#039;arachides \u00e0 quatre rangs\" class=\"wp-image-29 size-full\" title=\"\" srcset=\"https:\/\/taizynut.com\/wp-content\/uploads\/2022\/08\/Four-row-peanut-planter.webp 720w, https:\/\/taizynut.com\/wp-content\/uploads\/2022\/08\/Four-row-peanut-planter-300x225.webp 300w\" sizes=\"auto, (max-width: 720px) 100vw, 720px\" \/><\/figure><\/div>    <h3 class=\"wp-block-heading\"><strong>Planteuse d'arachides \u00e0 six rangs<\/strong><\/h3>    <div class=\"wp-block-media-text alignwide is-stacked-on-mobile\"><figure class=\"wp-block-media-text__media\"><img loading=\"lazy\" decoding=\"async\" width=\"720\" height=\"540\" src=\"https:\/\/taizynut.com\/wp-content\/uploads\/2022\/08\/Four-row-peanut-planter.webp\" alt=\"Planteuse d&#039;arachides \u00e0 quatre rangs\" class=\"wp-image-29 size-full\" title=\"\" srcset=\"https:\/\/taizynut.com\/wp-content\/uploads\/2022\/08\/Four-row-peanut-planter.webp 720w, https:\/\/taizynut.com\/wp-content\/uploads\/2022\/08\/Four-row-peanut-planter-300x225.webp 300w\" sizes=\"auto, (max-width: 720px) 100vw, 720px\" \/><\/figure><div class=\"wp-block-media-text__content\"> <p>Un planteur d'arachides \u00e0 six rangs est une machine qui peut semer six rangs \u00e0 la fois. L'efficacit\u00e9 de la machine est de 1,6 \u00e0 3,2 acres\/h. Il s\u2019agit du plus grand mod\u00e8le de planteuse d\u2019arachides de notre entreprise. Le taux de semis des arachides est sup\u00e9rieur \u00e0 98%.<\/p> <\/div><\/div>    <h2 class=\"wp-block-heading\"><strong>Pourquoi utiliser la planteuse d'arachides\u00a0?<\/strong><\/h2>    <p>\u00c0 l'heure actuelle, de nombreux pays pr\u00e9sentent les caract\u00e9ristiques de vastes superficies de plantation et sont tr\u00e8s occup\u00e9s pendant la p\u00e9riode de plantation et de r\u00e9colte. Cependant, la p\u00e9riode de semis des arachides est g\u00e9n\u00e9ralement d\u2019une dizaine de jours. Manquer le moment du semis des arachides ces jours-ci peut entra\u00eener un retard dans la croissance et les r\u00e9sultats des arachides. <\/p>    <p>Et les cacahu\u00e8tes doivent g\u00e9n\u00e9ralement \u00eatre fertilis\u00e9es avant le semis, ce qui n\u00e9cessite en m\u00eame temps des travaux vari\u00e9s. Ces travaux peuvent \u00eatre effectu\u00e9s rapidement avec un planteur d'arachides. Lors de la plantation d'arachides, la machine peut semer avec pr\u00e9cision les graines et conserver les graines d'arachide. La r\u00e9colte des arachides est \u00e9galement une partie importante. <\/p>    <p class=\"translation-block\">Notre entreprise dispose \u00e9galement de <a href=\"https:\/\/taizynut.com\/fr\/product\/peanut-harvesting-machine\/\" data-type=\"URL\" data-id=\"https:\/\/taizynut.com\/product\/peanut-harvesting-machine\/\">r\u00e9colteuses d'arachides<\/a>, qui peuvent rapidement extraire les arachides du sol lors de la r\u00e9colte.<\/p>   <div class=\"wp-block-image\"> <figure class=\"aligncenter size-full\"><img loading=\"lazy\" decoding=\"async\" width=\"720\" height=\"540\" src=\"https:\/\/taizynut.com\/wp-content\/uploads\/2022\/08\/Peanut-planter-effect-display.webp\" alt=\"Pr\u00e9sentoir effet planteur de cacahu\u00e8tes\" class=\"wp-image-31\" title=\"\" srcset=\"https:\/\/taizynut.com\/wp-content\/uploads\/2022\/08\/Peanut-planter-effect-display.webp 720w, https:\/\/taizynut.com\/wp-content\/uploads\/2022\/08\/Peanut-planter-effect-display-300x225.webp 300w\" sizes=\"auto, (max-width: 720px) 100vw, 720px\" \/><figcaption class=\"wp-element-caption\">Pr\u00e9sentoir effet planteur de cacahu\u00e8tes<\/figcaption><\/figure> <\/div>   <h2 class=\"wp-block-heading\">Le r\u00f4le du planteur d\u2019arachides<\/h2>    <p>La fonction principale de la planteuse d'arachides est de terminer efficacement le travail de semis d'arachides, mais le semoir d'arachides a \u00e9galement des fonctions telles que la fertilisation et le paillage, et l'espacement des rangs de semis d'arachides peut \u00eatre ajust\u00e9 ind\u00e9pendamment. <\/p>    <p>Le r\u00e9glage conventionnel est de 300 \u00e0 350 mm, ce qui est pleinement pris en compte. aux diff\u00e9rences dans les habitudes de plantation selon les r\u00e9gions.<\/p>   <div class=\"wp-block-image\"> <figure class=\"aligncenter size-full\"><img loading=\"lazy\" decoding=\"async\" width=\"720\" height=\"540\" src=\"https:\/\/taizynut.com\/wp-content\/uploads\/2022\/08\/Peanut-Planting-Machine-Details.webp\" alt=\"D\u00e9tails de la machine de plantation d&#039;arachides\" class=\"wp-image-35\" title=\"\" srcset=\"https:\/\/taizynut.com\/wp-content\/uploads\/2022\/08\/Peanut-Planting-Machine-Details.webp 720w, https:\/\/taizynut.com\/wp-content\/uploads\/2022\/08\/Peanut-Planting-Machine-Details-300x225.webp 300w\" sizes=\"auto, (max-width: 720px) 100vw, 720px\" \/><figcaption class=\"wp-element-caption\">D\u00e9tails de la machine de plantation d'arachides<\/figcaption><\/figure> <\/div>   <h2 class=\"wp-block-heading\" id=\"h-workflow-of-the-peanut-planting-machine\">Flux de travail de la planteuse d'arachides<\/h2>    <p>Le processus de plantation du semis d'arachides consiste \u00e0 remplir d'abord la bo\u00eete \u00e0 d\u00e9chets avec des d\u00e9chets, la pelle de la machine creusera et l'engrais sera enfoui dans le sol. <\/p>    <p>Ensuite, les graines d'arachide couleront dans le seau, tomberont dans l'espace creus\u00e9 et seront finalement enterr\u00e9es. La planteuse d'arachides doit \u00eatre \u00e9quip\u00e9e d'un tracteur de 33,5 \u00e0 45 kW. Le pot est tr\u00e8s adaptable et peut \u00eatre ajust\u00e9 de mani\u00e8re flexible. Lors du travail, la largeur du semis peut \u00eatre ajust\u00e9e, c'est-\u00e0-dire l'espacement des rangs du planteur d'arachides, et la profondeur du semoir peut \u00e9galement \u00eatre ajust\u00e9e. <\/p>    <p>La profondeur de plantation des arachides peut \u00eatre ajust\u00e9e en fonction des caract\u00e9ristiques et de l'exp\u00e9rience locales de plantation d'arachides.<\/p>   <div class=\"wp-block-image\"> <figure class=\"aligncenter size-full\"><img loading=\"lazy\" decoding=\"async\" width=\"720\" height=\"540\" src=\"https:\/\/taizynut.com\/wp-content\/uploads\/2022\/08\/Six-Row-Peanut-Planting-Machin-e-Working.webp\" alt=\"Machine de plantation d&#039;arachides \u00e0 six rang\u00e9es fonctionnant\" class=\"wp-image-33\" title=\"\" srcset=\"https:\/\/taizynut.com\/wp-content\/uploads\/2022\/08\/Six-Row-Peanut-Planting-Machin-e-Working.webp 720w, https:\/\/taizynut.com\/wp-content\/uploads\/2022\/08\/Six-Row-Peanut-Planting-Machin-e-Working-300x225.webp 300w\" sizes=\"auto, (max-width: 720px) 100vw, 720px\" \/><figcaption class=\"wp-element-caption\">semoir d'arachide \u00e0 six rangs en fonctionnement<\/figcaption><\/figure> <\/div>   <h2 class=\"wp-block-heading\"><strong>Contactez-nous pour plus de d\u00e9tails sur la machine\u00a0!<\/strong><\/h2>    <p>Si vous \u00eates int\u00e9ress\u00e9 par une machine de plantation d'arachides, n'h\u00e9sitez pas \u00e0 nous contacter pour plus d'informations sur la machine\u00a0\uff01<\/p>    <p class=\"translation-block\">Et nous vous guiderons sur la fa\u00e7on de commander un semoir d'arachides appropri\u00e9 pour r\u00e9pondre \u00e0 votre <a href=\"https:\/\/en.wikipedia.org\/wiki\/Peanut\" target=\"_blank\" rel=\"noopener\">arachide<\/a> farming.<\/p>","protected":false},"excerpt":{"rendered":"<p>La planteuse d'arachide est utilis\u00e9e pour semer des graines d'arachide dans les champs, avec une capacit\u00e9 de 0,5 \u00e0 3,2 acres\/h. 2 rang\u00e9es, 4 rang\u00e9es, 6 rang\u00e9es, etc. sont disponibles.<\/p>","protected":false},"author":1,"featured_media":27,"parent":0,"template":"","tags":[45,51],"product-type":[5],"class_list":["post-25","product","type-product","status-publish","has-post-thumbnail","hentry","tag-peanut","tag-peanut-planting","product-type-peanut-planter"],"_links":{"self":[{"href":"https:\/\/taizynut.com\/fr\/wp-json\/wp\/v2\/product\/25","targetHints":{"allow":["GET"]}}],"collection":[{"href":"https:\/\/taizynut.com\/fr\/wp-json\/wp\/v2\/product"}],"about":[{"href":"https:\/\/taizynut.com\/fr\/wp-json\/wp\/v2\/types\/product"}],"author":[{"embeddable":true,"href":"https:\/\/taizynut.com\/fr\/wp-json\/wp\/v2\/users\/1"}],"wp:featuredmedia":[{"embeddable":true,"href":"https:\/\/taizynut.com\/fr\/wp-json\/wp\/v2\/media\/27"}],"wp:attachment":[{"href":"https:\/\/taizynut.com\/fr\/wp-json\/wp\/v2\/media?parent=25"}],"wp:term":[{"taxonomy":"post_tag","embeddable":true,"href":"https:\/\/taizynut.com\/fr\/wp-json\/wp\/v2\/tags?post=25"},{"taxonomy":"product-type","embeddable":true,"href":"https:\/\/taizynut.com\/fr\/wp-json\/wp\/v2\/product-type?post=25"}],"curies":[{"name":"wp","href":"https:\/\/api.w.org\/{rel}","templated":true}]}}