{"id":299,"date":"2023-01-31T16:09:16","date_gmt":"2023-01-31T08:09:16","guid":{"rendered":"https:\/\/taizynut.com\/?post_type=product&#038;p=299"},"modified":"2026-01-14T16:20:24","modified_gmt":"2026-01-14T08:20:24","slug":"peanut-slicing-machine","status":"publish","type":"product","link":"https:\/\/taizynut.com\/fr\/product\/peanut-slicing-machine\/","title":{"rendered":"Trancheuse d'arachides et trancheuse d'amandes"},"content":{"rendered":"<p>Une machine \u00e0 trancher les cacahu\u00e8tes est une machine permettant de couper les noyaux de cacahu\u00e8tes. Les cacahu\u00e8tes trait\u00e9es par la machine \u00e0 trancher les cacahu\u00e8tes sont tr\u00e8s uniformes et n'affecteront pas le go\u00fbt des tranches de cacahu\u00e8tes une fois consomm\u00e9es. Cette machine se trouve au Nigeria, au Liban, au Mexique, en Belgique, etc.<\/p>    <h2 class=\"wp-block-heading\">Quelles autres noix la trancheuse \u00e0 cacahu\u00e8tes peut-elle traiter\u00a0?<\/h2>    <figure class=\"wp-block-image size-full\"><img loading=\"lazy\" decoding=\"async\" width=\"720\" height=\"540\" src=\"https:\/\/taizynut.com\/wp-content\/uploads\/2023\/01\/nut-slicing-machine.webp\" alt=\"machine \u00e0 trancher les noix\" class=\"wp-image-302\" title=\"\" srcset=\"https:\/\/taizynut.com\/wp-content\/uploads\/2023\/01\/nut-slicing-machine.webp 720w, https:\/\/taizynut.com\/wp-content\/uploads\/2023\/01\/nut-slicing-machine-300x225.webp 300w\" sizes=\"auto, (max-width: 720px) 100vw, 720px\" \/><figcaption class=\"wp-element-caption\">Machine \u00e0 trancher les noix<\/figcaption><\/figure>    <p class=\"translation-block\">Une <a href=\"https:\/\/nut-machine.com\/almond-peanut-slicer-machine\/\" data-type=\"URL\" data-id=\"https:\/\/nut-machine.com\/almond-peanut-slicer-machine\/\" target=\"_blank\" rel=\"noopener\">trancheuse d'arachides<\/a> est une machine multifonctionnelle, en plus de trancher les arachides, elle peut \u00e9galement couper les amandes, les noix de cajou, les noisettes et autres noix.<\/p>    <h2 class=\"wp-block-heading\">Application de la machine \u00e0 trancher les arachides<\/h2>    <p>La trancheuse \u00e0 cacahu\u00e8tes est principalement utilis\u00e9e pour couper les noix en tranches pour la transformation des g\u00e2teaux et des biscuits. Plus riche le go\u00fbt des aliments et augmente l'ar\u00f4me des aliments.<\/p>   <div class=\"wp-block-image\"> <figure class=\"aligncenter size-full\"><img loading=\"lazy\" decoding=\"async\" width=\"720\" height=\"540\" src=\"https:\/\/taizynut.com\/wp-content\/uploads\/2023\/01\/Decorate-the-cake.webp\" alt=\"D\u00e9corez le g\u00e2teau\" class=\"wp-image-303\" title=\"\" srcset=\"https:\/\/taizynut.com\/wp-content\/uploads\/2023\/01\/Decorate-the-cake.webp 720w, https:\/\/taizynut.com\/wp-content\/uploads\/2023\/01\/Decorate-the-cake-300x225.webp 300w\" sizes=\"auto, (max-width: 720px) 100vw, 720px\" \/><figcaption class=\"wp-element-caption\">d\u00e9corer le g\u00e2teau<\/figcaption><\/figure> <\/div>   <h2 class=\"wp-block-heading\">Comment utiliser une trancheuse \u00e0 cacahu\u00e8tes ?<\/h2>    <p>Mettez les cacahu\u00e8tes dans la tr\u00e9mie. Ajustez la porte quantitative de la tr\u00e9mie et contr\u00f4lez l'approvisionnement en cacahu\u00e8tes \u00e0 travers la porte, les cacahu\u00e8tes tombent \u00e0 travers la porte et la lame rotative \u00e0 grande vitesse de la trancheuse \u00e0 cacahu\u00e8tes coupe les cacahu\u00e8tes en tranches.<\/p>    <h2 class=\"wp-block-heading\">La structure de la machine \u00e0 trancher les cacahu\u00e8tes<\/h2>    <figure class=\"wp-block-gallery has-nested-images columns-default is-cropped wp-block-gallery-2 is-layout-flex wp-block-gallery-is-layout-flex\"> <figure class=\"wp-block-image size-large\"><img loading=\"lazy\" decoding=\"async\" width=\"720\" height=\"540\" data-id=\"304\" src=\"https:\/\/taizynut.com\/wp-content\/uploads\/2023\/01\/structure-of-the-peanut-slicer.webp\" alt=\"structure de la trancheuse \u00e0 cacahu\u00e8tes\" class=\"wp-image-304\" title=\"\" srcset=\"https:\/\/taizynut.com\/wp-content\/uploads\/2023\/01\/structure-of-the-peanut-slicer.webp 720w, https:\/\/taizynut.com\/wp-content\/uploads\/2023\/01\/structure-of-the-peanut-slicer-300x225.webp 300w\" sizes=\"auto, (max-width: 720px) 100vw, 720px\" \/><figcaption class=\"wp-element-caption\">Structure de la trancheuse \u00e0 cacahu\u00e8tes<\/figcaption><\/figure>    <figure class=\"wp-block-image size-large\"><img loading=\"lazy\" decoding=\"async\" width=\"720\" height=\"540\" data-id=\"305\" src=\"https:\/\/taizynut.com\/wp-content\/uploads\/2023\/01\/structure-of-the-peanut-slicer-1.webp\" alt=\"structure de la trancheuse \u00e0 cacahu\u00e8tes\" class=\"wp-image-305\" title=\"\" srcset=\"https:\/\/taizynut.com\/wp-content\/uploads\/2023\/01\/structure-of-the-peanut-slicer-1.webp 720w, https:\/\/taizynut.com\/wp-content\/uploads\/2023\/01\/structure-of-the-peanut-slicer-1-300x225.webp 300w\" sizes=\"auto, (max-width: 720px) 100vw, 720px\" \/><figcaption class=\"wp-element-caption\">Structure de la trancheuse \u00e0 cacahu\u00e8tes<\/figcaption><\/figure> <\/figure>    <p>La trancheuse \u00e0 cacahu\u00e8tes est compos\u00e9e de plusieurs pi\u00e8ces principales telles qu'un moteur, une t\u00eate de coupe rotative et une tr\u00e9mie. La trancheuse \u00e0 cacahu\u00e8tes est \u00e9quip\u00e9e d'un volant \u00e0 cacahu\u00e8tes et la machine \u00e0 cacahu\u00e8tes peut \u00eatre d\u00e9plac\u00e9e librement.<\/p>    <h2 class=\"wp-block-heading\">Param\u00e8tres du coupe-arachide<\/h2>    <ul class=\"wp-block-list\"> <li>Dimensions : 650*600*1100mm<\/li>    <li>Puissance : 2,2kw<\/li>    <li>Vitesse de la t\u00eate du couteau : 0-600rpm\/min<\/li>    <li>\u00c9paisseur de tranche : 0,05-1,2mm<\/li>    <li>Capacit\u00e9 : 200-300kg\/h<\/li>    <li>Poids : 170kg<\/li> <\/ul>    <h2 class=\"wp-block-heading\">Pr\u00e9cautions \u00e0 prendre pour trancher des cacahu\u00e8tes<\/h2>   <div class=\"wp-block-image\"> <figure class=\"aligncenter size-full\"><img loading=\"lazy\" decoding=\"async\" width=\"720\" height=\"540\" src=\"https:\/\/taizynut.com\/wp-content\/uploads\/2023\/01\/slicing-peanuts.webp\" alt=\"trancher des cacahu\u00e8tes\" class=\"wp-image-306\" title=\"\" srcset=\"https:\/\/taizynut.com\/wp-content\/uploads\/2023\/01\/slicing-peanuts.webp 720w, https:\/\/taizynut.com\/wp-content\/uploads\/2023\/01\/slicing-peanuts-300x225.webp 300w\" sizes=\"auto, (max-width: 720px) 100vw, 720px\" \/><figcaption class=\"wp-element-caption\">trancher des cacahu\u00e8tes<\/figcaption><\/figure> <\/div>   <p class=\"translation-block\">1. Les noix \u00e0 trancher peuvent \u00eatre trop s\u00e8ches. Si la mati\u00e8re est trop s\u00e8che, elle doit \u00eatre tremp\u00e9e puis s\u00e9ch\u00e9e et tranch\u00e9e. Les arachides pr\u00e9f\u00e9r\u00e9es sont les <a href=\"https:\/\/taizynut.com\/fr\/product\/wet-peanut-peeler-machine\/\" data-type=\"URL\" data-id=\"https:\/\/taizynut.com\/product\/wet-peanut-peeler-machine\/\">noyaux d'arachide sans la peau rouge<\/a>, qui seront plus propres apr\u00e8s traitement.<\/p>    <p>2. Si le mat\u00e9riau est trop sec, les tranches se cassent facilement. Si la teneur en humidit\u00e9 est trop \u00e9lev\u00e9e, des copeaux peuvent s'accumuler sur la t\u00eate de coupe et la sortie.<\/p>    <p>Les noix doivent \u00eatre s\u00e9lectionn\u00e9es et trait\u00e9es, et il ne doit y avoir aucun d\u00e9bris tels que sable et pierres ; sinon, cela provoquera la rupture du bord de la lame.<\/p>","protected":false},"excerpt":{"rendered":"<p>A peanut slicing machine is a machine for cutting peanut kernels. The peanuts processed by the peanut slicing machine are very uniform and will not affect the taste of the peanut slices when eaten. This machine is in Nigeria, Lebanon, Mexico, Belgium, etc. What other nuts can the peanut slicer process? A peanut slicer is [&hellip;]<\/p>\n","protected":false},"author":1,"featured_media":301,"parent":0,"template":"","tags":[60,26],"product-type":[27],"class_list":["post-299","product","type-product","status-publish","has-post-thumbnail","hentry","tag-peanut-slicing","tag-peanut-slicing-machine","product-type-peanut-kernel-processing"],"_links":{"self":[{"href":"https:\/\/taizynut.com\/fr\/wp-json\/wp\/v2\/product\/299","targetHints":{"allow":["GET"]}}],"collection":[{"href":"https:\/\/taizynut.com\/fr\/wp-json\/wp\/v2\/product"}],"about":[{"href":"https:\/\/taizynut.com\/fr\/wp-json\/wp\/v2\/types\/product"}],"author":[{"embeddable":true,"href":"https:\/\/taizynut.com\/fr\/wp-json\/wp\/v2\/users\/1"}],"wp:featuredmedia":[{"embeddable":true,"href":"https:\/\/taizynut.com\/fr\/wp-json\/wp\/v2\/media\/301"}],"wp:attachment":[{"href":"https:\/\/taizynut.com\/fr\/wp-json\/wp\/v2\/media?parent=299"}],"wp:term":[{"taxonomy":"post_tag","embeddable":true,"href":"https:\/\/taizynut.com\/fr\/wp-json\/wp\/v2\/tags?post=299"},{"taxonomy":"product-type","embeddable":true,"href":"https:\/\/taizynut.com\/fr\/wp-json\/wp\/v2\/product-type?post=299"}],"curies":[{"name":"wp","href":"https:\/\/api.w.org\/{rel}","templated":true}]}}