{"id":307,"date":"2023-02-07T16:47:52","date_gmt":"2023-02-07T08:47:52","guid":{"rendered":"https:\/\/taizynut.com\/?post_type=product&#038;p=307"},"modified":"2026-01-14T17:52:26","modified_gmt":"2026-01-14T09:52:26","slug":"peanut-kernel-cutting-machine","status":"publish","type":"product","link":"https:\/\/taizynut.com\/fr\/product\/peanut-kernel-cutting-machine\/","title":{"rendered":"Machine de d\u00e9coupe de noyaux d'arachide"},"content":{"rendered":"<p>La machine de coupe de noyaux de cacahu\u00e8te est utilis\u00e9e pour transformer les cacahu\u00e8tes en granul\u00e9s. Outre les cacahu\u00e8tes, elle convient \u00e9galement aux noisettes, noix, amandes et noix de cajou. Nous proposons deux types de machines \u00e0 couper les cacahu\u00e8tes : \u00e0 lame droite et \u00e0 double rouleau. Sa capacit\u00e9 de production varie de 100 \u00e0 300 kg\/h.<\/p>    <p>La machine \u00e0 couper les arachides Taizy est fabriqu\u00e9e en acier inoxydable et autres mat\u00e9riaux durables, garantissant une production stable et hygi\u00e9nique. Elle offre une haute efficacit\u00e9, une op\u00e9ration simple et une longue dur\u00e9e de vie. Si vous \u00eates int\u00e9ress\u00e9 par cette machine, n'h\u00e9sitez pas \u00e0 nous contacter !<\/p>    <figure class=\"wp-block-embed is-type-video is-provider-youtube wp-block-embed-youtube wp-embed-aspect-16-9 wp-has-aspect-ratio\"><div class=\"wp-block-embed__wrapper\"> <iframe loading=\"lazy\" title=\"Machine automatique de coupe de noyaux d&#039;arachide | Processus de travail de la machine de coupe de noyaux de cacahu\u00e8te\" width=\"500\" height=\"281\" src=\"https:\/\/www.youtube.com\/embed\/GJOx2BWHC6g?feature=oembed\" frameborder=\"0\" allow=\"accelerometer; autoplay; clipboard-write; encrypted-media; gyroscope; picture-in-picture; web-share\" referrerpolicy=\"strict-origin-when-cross-origin\" allowfullscreen><\/iframe> <\/div><figcaption class=\"wp-element-caption\">Vid\u00e9o de travail de la machine \u00e0 couper les arachides<\/figcaption><\/figure>    <h2 class=\"wp-block-heading\"><strong>Avantages de la machine \u00e0 couper les arachides<\/strong><\/h2>    <p>Notre machine de coupe de noyaux d'arachide offre les avantages suivants :<\/p>    <ul class=\"wp-block-list\"> <li><strong>Taille de particule contr\u00f4lable<\/strong>: Ecart de coupe r\u00e9glable pour r\u00e9pondre \u00e0 diff\u00e9rentes sp\u00e9cifications<\/li>    <li><strong>Coupe uniforme<\/strong>: R\u00e9duit efficacement les variations de taille des particules<\/li>    <li><strong>R\u00e9duction des fuites d'huile<\/strong>: Processus de coupe stable minimise l'extrusion d'huile<\/li>    <li><strong>Conception de qualit\u00e9 alimentaire<\/strong>: Les pi\u00e8ces de contact cl\u00e9s r\u00e9pondent aux exigences du traitement alimentaire<\/li>    <li><strong>Op\u00e9ration facile<\/strong>: Structure raisonnable, maintenance et nettoyage faciles<\/li> <\/ul>    <figure class=\"wp-block-gallery has-nested-images columns-default is-cropped wp-block-gallery-2 is-layout-flex wp-block-gallery-is-layout-flex\"> <figure class=\"wp-block-image size-large\"><img loading=\"lazy\" decoding=\"async\" width=\"720\" height=\"540\" data-id=\"1215\" src=\"https:\/\/taizynut.com\/wp-content\/uploads\/2023\/02\/peanut-kernel-1.webp\" alt=\"noyau d&#039;arachide\" class=\"wp-image-1215\" title=\"\" srcset=\"https:\/\/taizynut.com\/wp-content\/uploads\/2023\/02\/peanut-kernel-1.webp 720w, https:\/\/taizynut.com\/wp-content\/uploads\/2023\/02\/peanut-kernel-1-300x225.webp 300w, https:\/\/taizynut.com\/wp-content\/uploads\/2023\/02\/peanut-kernel-1-16x12.webp 16w\" sizes=\"auto, (max-width: 720px) 100vw, 720px\" \/><figcaption class=\"wp-element-caption\">Noyau d'arachide<\/figcaption><\/figure>    <figure class=\"wp-block-image size-large\"><img loading=\"lazy\" decoding=\"async\" width=\"720\" height=\"540\" data-id=\"1207\" src=\"https:\/\/taizynut.com\/wp-content\/uploads\/2023\/02\/peanut-kernel-cutting-machine-2.webp\" alt=\"machine de d\u00e9coupe de noyaux d&#039;arachide\" class=\"wp-image-1207\" title=\"\" srcset=\"https:\/\/taizynut.com\/wp-content\/uploads\/2023\/02\/peanut-kernel-cutting-machine-2.webp 720w, https:\/\/taizynut.com\/wp-content\/uploads\/2023\/02\/peanut-kernel-cutting-machine-2-300x225.webp 300w, https:\/\/taizynut.com\/wp-content\/uploads\/2023\/02\/peanut-kernel-cutting-machine-2-16x12.webp 16w\" sizes=\"auto, (max-width: 720px) 100vw, 720px\" \/><figcaption class=\"wp-element-caption\">Machine \u00e0 couper les noyaux d'arachide<\/figcaption><\/figure>    <figure class=\"wp-block-image size-large\"><img loading=\"lazy\" decoding=\"async\" width=\"720\" height=\"540\" data-id=\"1216\" src=\"https:\/\/taizynut.com\/wp-content\/uploads\/2023\/02\/cut-peanuts.webp\" alt=\"cut peanuts\" class=\"wp-image-1216\" title=\"\" srcset=\"https:\/\/taizynut.com\/wp-content\/uploads\/2023\/02\/cut-peanuts.webp 720w, https:\/\/taizynut.com\/wp-content\/uploads\/2023\/02\/cut-peanuts-300x225.webp 300w, https:\/\/taizynut.com\/wp-content\/uploads\/2023\/02\/cut-peanuts-16x12.webp 16w\" sizes=\"auto, (max-width: 720px) 100vw, 720px\" \/><figcaption class=\"wp-element-caption\">Arachides coup\u00e9es<\/figcaption><\/figure> <\/figure>    <h2 class=\"wp-block-heading\"><strong>Sc\u00e9narios d'application de la machine \u00e0 couper les arachides<\/strong><\/h2>    <p class=\"translation-block\"><strong>Mat\u00e9riaux bruts traitables<\/strong><\/p>    <p>La machine \u00e0 couper les arachides est principalement utilis\u00e9e pour couper des noix \u00e0 haute teneur en huile et \u00e0 texture dure. Elle a une large gamme d'applications et peut traiter des mati\u00e8res premi\u00e8res courantes, y compris les arachides, amandes, noix de cajou, noisettes, noix, et autres noix similaires.<\/p>   <div class=\"wp-block-image\"> <figure class=\"aligncenter size-full\"><img loading=\"lazy\" decoding=\"async\" width=\"720\" height=\"540\" src=\"https:\/\/taizynut.com\/wp-content\/uploads\/2023\/02\/raw-materials-of-peanut-kernel-cutting-machine.webp\" alt=\"sc\u00e9narios d&#039;application du coupeur de cacahu\u00e8tes\" class=\"wp-image-1218\" title=\"\" srcset=\"https:\/\/taizynut.com\/wp-content\/uploads\/2023\/02\/raw-materials-of-peanut-kernel-cutting-machine.webp 720w, https:\/\/taizynut.com\/wp-content\/uploads\/2023\/02\/raw-materials-of-peanut-kernel-cutting-machine-300x225.webp 300w, https:\/\/taizynut.com\/wp-content\/uploads\/2023\/02\/raw-materials-of-peanut-kernel-cutting-machine-16x12.webp 16w\" sizes=\"auto, (max-width: 720px) 100vw, 720px\" \/><figcaption class=\"wp-element-caption\">Mat\u00e9riaux bruts de la machine \u00e0 couper les arachides<\/figcaption><\/figure> <\/div>   <p class=\"translation-block\"><strong>Sc\u00e9narios d'application<\/strong><\/p>    <p>La machine \u00e0 couper les arachides convient \u00e0 diverses applications de transformation alimentaire, notamment :<\/p>    <ul class=\"wp-block-list\"> <li>Traitement des arachides hach\u00e9es et des granul\u00e9s d'arachide<\/li>    <li>Traitement des mati\u00e8res premi\u00e8res pour bonbons et chocolats<\/li>    <li>Ingr\u00e9dients pour produits de boulangerie<\/li>    <li>\u00c9tapes de pr\u00e9-traitement pour condiments et beurre d'arachide<\/li>    <li>Traitement des m\u00e9langes de noix<\/li> <\/ul>   <div class=\"wp-block-image\"> <figure class=\"aligncenter size-full\"><img loading=\"lazy\" decoding=\"async\" width=\"720\" height=\"540\" src=\"https:\/\/taizynut.com\/wp-content\/uploads\/2023\/02\/application-scenarios-of-groundnut-cutter.webp\" alt=\"Arachides coup\u00e9es\" class=\"wp-image-1219\" title=\"\" srcset=\"https:\/\/taizynut.com\/wp-content\/uploads\/2023\/02\/application-scenarios-of-groundnut-cutter.webp 720w, https:\/\/taizynut.com\/wp-content\/uploads\/2023\/02\/application-scenarios-of-groundnut-cutter-300x225.webp 300w, https:\/\/taizynut.com\/wp-content\/uploads\/2023\/02\/application-scenarios-of-groundnut-cutter-16x12.webp 16w\" sizes=\"auto, (max-width: 720px) 100vw, 720px\" \/><figcaption class=\"wp-element-caption\">sc\u00e9narios d'application du coupeur de cacahu\u00e8tes<\/figcaption><\/figure> <\/div>   <h2 class=\"wp-block-heading\"><strong>Deux types de machines \u00e0 couper les arachides<\/strong><\/h2>    <p>Taizy propose deux types de machines \u00e0 couper les noyaux d'arachide :<\/p>    <ol class=\"wp-block-list\"> <li>Machine de coupe de noyaux d'arachide \u00e0 lame droite<\/li>    <li>Machine \u00e0 couper les arachides \u00e0 double rouleau<\/li> <\/ol>    <figure class=\"wp-block-gallery has-nested-images columns-default is-cropped wp-block-gallery-3 is-layout-flex wp-block-gallery-is-layout-flex\"> <figure class=\"wp-block-image size-large\"><img loading=\"lazy\" decoding=\"async\" width=\"720\" height=\"540\" data-id=\"1204\" src=\"https:\/\/taizynut.com\/wp-content\/uploads\/2023\/02\/straight-balde-groundnut-cutter.webp\" alt=\"straight-balde groundnut cutter\" class=\"wp-image-1204\" title=\"\" srcset=\"https:\/\/taizynut.com\/wp-content\/uploads\/2023\/02\/straight-balde-groundnut-cutter.webp 720w, https:\/\/taizynut.com\/wp-content\/uploads\/2023\/02\/straight-balde-groundnut-cutter-300x225.webp 300w, https:\/\/taizynut.com\/wp-content\/uploads\/2023\/02\/straight-balde-groundnut-cutter-16x12.webp 16w\" sizes=\"auto, (max-width: 720px) 100vw, 720px\" \/><figcaption class=\"wp-element-caption\">Coupeur de cacahu\u00e8tes \u00e0 lame droite<\/figcaption><\/figure>    <figure class=\"wp-block-image size-large\"><img loading=\"lazy\" decoding=\"async\" width=\"720\" height=\"540\" data-id=\"1205\" src=\"https:\/\/taizynut.com\/wp-content\/uploads\/2023\/02\/double-roller-groundnut-kernerl-cutter.webp\" alt=\"Machine \u00e0 couper les arachides \u00e0 double rouleau\" class=\"wp-image-1205\" title=\"\" srcset=\"https:\/\/taizynut.com\/wp-content\/uploads\/2023\/02\/double-roller-groundnut-kernerl-cutter.webp 720w, https:\/\/taizynut.com\/wp-content\/uploads\/2023\/02\/double-roller-groundnut-kernerl-cutter-300x225.webp 300w, https:\/\/taizynut.com\/wp-content\/uploads\/2023\/02\/double-roller-groundnut-kernerl-cutter-16x12.webp 16w\" sizes=\"auto, (max-width: 720px) 100vw, 720px\" \/><figcaption class=\"wp-element-caption\">Coupeur \u00e0 double rouleau de cacahu\u00e8tes<\/figcaption><\/figure> <\/figure>    <h3 class=\"wp-block-heading\"><strong>Type 1 : Machine \u00e0 couper les arachides \u00e0 lame droite<\/strong><\/h3>    <p class=\"translation-block\"><strong>Principe de fonctionnement<\/strong><\/p>    <p>Apr\u00e8s \u00eatre entr\u00e9 par l'entonnoir, le mat\u00e9riau est transport\u00e9 vers la zone de coupe via une bande transporteuse en PVC de qualit\u00e9 alimentaire \u00e0 l'int\u00e9rieur de l'entonnoir. Apr\u00e8s que les arachides sont coup\u00e9es par des lames \u00e0 haute vitesse, les particules qualifi\u00e9es sont d\u00e9charg\u00e9es directement, tandis que le mat\u00e9riau non qualifi\u00e9 subit un second processus de coupe.<\/p>    <figure class=\"wp-block-gallery has-nested-images columns-default is-cropped wp-block-gallery-4 is-layout-flex wp-block-gallery-is-layout-flex\"> <figure class=\"wp-block-image size-full\"><img loading=\"lazy\" decoding=\"async\" width=\"720\" height=\"540\" data-id=\"1202\" src=\"https:\/\/taizynut.com\/wp-content\/uploads\/2023\/02\/peanut-cutting-machine-1.webp\" alt=\"machine de d\u00e9coupe d&#039;arachide\" class=\"wp-image-1202\" title=\"\" srcset=\"https:\/\/taizynut.com\/wp-content\/uploads\/2023\/02\/peanut-cutting-machine-1.webp 720w, https:\/\/taizynut.com\/wp-content\/uploads\/2023\/02\/peanut-cutting-machine-1-300x225.webp 300w, https:\/\/taizynut.com\/wp-content\/uploads\/2023\/02\/peanut-cutting-machine-1-16x12.webp 16w\" sizes=\"auto, (max-width: 720px) 100vw, 720px\" \/><figcaption class=\"wp-element-caption\">Machine \u00e0 couper les arachides<\/figcaption><\/figure>    <figure class=\"wp-block-image size-large\"><img loading=\"lazy\" decoding=\"async\" width=\"720\" height=\"540\" data-id=\"1206\" src=\"https:\/\/taizynut.com\/wp-content\/uploads\/2023\/02\/details-of-straight-blade-groundnut-cutter.webp\" alt=\"details of straight-blade groundnut cutter\" class=\"wp-image-1206\" title=\"\" srcset=\"https:\/\/taizynut.com\/wp-content\/uploads\/2023\/02\/details-of-straight-blade-groundnut-cutter.webp 720w, https:\/\/taizynut.com\/wp-content\/uploads\/2023\/02\/details-of-straight-blade-groundnut-cutter-300x225.webp 300w, https:\/\/taizynut.com\/wp-content\/uploads\/2023\/02\/details-of-straight-blade-groundnut-cutter-16x12.webp 16w\" sizes=\"auto, (max-width: 720px) 100vw, 720px\" \/><figcaption class=\"wp-element-caption\">D\u00e9tails du coupeur de cacahu\u00e8tes \u00e0 lame droite<\/figcaption><\/figure> <\/figure>    <p class=\"translation-block\"><strong>Caract\u00e9ristiques cl\u00e9s<\/strong><\/p>    <ul class=\"wp-block-list\"> <li>La structure de coupe \u00e0 lame droite assure une coupe stable.<\/li>    <li>Ecart de coupe r\u00e9glable, adapt\u00e9 \u00e0 diff\u00e9rentes tailles de pellets.<\/li>    <li>L'\u00e9cart de lame r\u00e9glable s'adapte \u00e0 diff\u00e9rentes tailles de particules.<\/li>    <li>La bande transporteuse en PVC de qualit\u00e9 alimentaire r\u00e9pond aux exigences du traitement alimentaire.<\/li> <\/ul>    <p class=\"translation-block\"><strong>Param\u00e8tres techniques<\/strong><\/p>    <figure class=\"wp-block-table\"><table class=\"has-fixed-layout\"><tbody><tr><td>Capacit\u00e9<\/td><td>Tension<\/td><td>Pouvoir<\/td><td>Taille<\/td><td>Poids<\/td><\/tr><tr><td>200-300kg\/heure<\/td><td>380V\/50HZ<\/td><td>2.25kw<\/td><td>2.25*1.05*1.4m<\/td><td>400kg<\/td><\/tr><\/tbody><\/table><figcaption class=\"wp-element-caption\">Param\u00e8tres du coupeur de cacahu\u00e8tes \u00e0 lame droite<\/figcaption><\/figure>    <h3 class=\"wp-block-heading\"><strong>Type 2 : Machine \u00e0 couper les arachides \u00e0 double rouleau<\/strong><\/h3>    <p class=\"translation-block\"><strong>Principe de fonctionnement et caract\u00e9ristiques principales<\/strong><\/p>    <p>La machine \u00e0 couper les arachides \u00e0 double rouleau se compose de deux lames rotatives avec des \u00e9carts r\u00e9glables. Elle coupe les arachides en petites particules par une combinaison de processus de compression et de coupe. Ce coupeur est \u00e9quip\u00e9 d\u2019un m\u00e9canisme de raclage, offrant les avantages suivants :<\/p>    <ul class=\"wp-block-list\"> <li>Emp\u00eacher le mat\u00e9riau de coller \u00e0 la surface de la lame<\/li>    <li>R\u00e9duire la gras lors du traitement<\/li>    <li>Am\u00e9liorer la stabilit\u00e9 de fonctionnement de l\u2019\u00e9quipement<\/li> <\/ul>    <figure class=\"wp-block-gallery has-nested-images columns-default is-cropped wp-block-gallery-5 is-layout-flex wp-block-gallery-is-layout-flex\"> <figure class=\"wp-block-image size-large\"><img loading=\"lazy\" decoding=\"async\" width=\"720\" height=\"540\" data-id=\"1208\" src=\"https:\/\/taizynut.com\/wp-content\/uploads\/2023\/02\/double-roller-grountnut-chopper.webp\" alt=\"double-roller grountnut chopper\" class=\"wp-image-1208\" title=\"\" srcset=\"https:\/\/taizynut.com\/wp-content\/uploads\/2023\/02\/double-roller-grountnut-chopper.webp 720w, https:\/\/taizynut.com\/wp-content\/uploads\/2023\/02\/double-roller-grountnut-chopper-300x225.webp 300w, https:\/\/taizynut.com\/wp-content\/uploads\/2023\/02\/double-roller-grountnut-chopper-16x12.webp 16w\" sizes=\"auto, (max-width: 720px) 100vw, 720px\" \/><figcaption class=\"wp-element-caption\">Coupeur \u00e0 double rouleau de cacahu\u00e8tes<\/figcaption><\/figure>    <figure class=\"wp-block-image size-large\"><img loading=\"lazy\" decoding=\"async\" width=\"720\" height=\"540\" data-id=\"1209\" src=\"https:\/\/taizynut.com\/wp-content\/uploads\/2023\/02\/\u5fae\u4fe1\u56fe\u7247_20210419101726-tuya_\u7ed3\u679c.webp\" alt=\"double-roller peanut chopping euqipment\" class=\"wp-image-1209\" title=\"\" srcset=\"https:\/\/taizynut.com\/wp-content\/uploads\/2023\/02\/\u5fae\u4fe1\u56fe\u7247_20210419101726-tuya_\u7ed3\u679c.webp 720w, https:\/\/taizynut.com\/wp-content\/uploads\/2023\/02\/\u5fae\u4fe1\u56fe\u7247_20210419101726-tuya_\u7ed3\u679c-300x225.webp 300w, https:\/\/taizynut.com\/wp-content\/uploads\/2023\/02\/\u5fae\u4fe1\u56fe\u7247_20210419101726-tuya_\u7ed3\u679c-16x12.webp 16w\" sizes=\"auto, (max-width: 720px) 100vw, 720px\" \/><figcaption class=\"wp-element-caption\">\u00c9quipement de coupe de cacahu\u00e8tes \u00e0 double rouleau<\/figcaption><\/figure> <\/figure>    <p class=\"translation-block\"><strong>Param\u00e8tres techniques<\/strong><\/p>    <figure class=\"wp-block-table\"><table class=\"has-fixed-layout\"><tbody><tr><td>Mod\u00e8le<\/td><td>Capacit\u00e9&nbsp;<\/td><td>Tension<\/td><td>Pouvoir<\/td><td>Dimension&nbsp;<\/td><td>Poids&nbsp;<\/td><\/tr><tr><td>TZ-1<\/td><td>100-200kg\/h<\/td><td>380V\/50HZ<\/td><td>0.93kw<\/td><td>1.6*0.8*1.5m<\/td><td>300 kg<\/td><\/tr><\/tbody><\/table><figcaption class=\"wp-element-caption\">Param\u00e8tres de la machine \u00e0 couper les arachides \u00e0 double rouleau<\/figcaption><\/figure>    <h2 class=\"wp-block-heading\"><strong>Combien co\u00fbte la machine \u00e0 couper les noyaux d'arachide ?<\/strong><\/h2>    <p>Le prix de la machine \u00e0 couper les noyaux d'arachide n'est pas fixe et est principalement influenc\u00e9 par les facteurs suivants :<\/p>    <ul class=\"wp-block-list\"> <li>Type d\u2019\u00e9quipement (type \u00e0 lame droite\/type \u00e0 double rouleau)<\/li>    <li>Capacit\u00e9 de production<\/li>    <li>Diff\u00e9rences de configuration (nombre d'\u00e9crans, mat\u00e9riau, marque du moteur)<\/li>    <li>Exigences de tension et de personnalisation<\/li> <\/ul>    <p>De mani\u00e8re g\u00e9n\u00e9rale, une machine \u00e0 couper les noyaux d'arachide avec une capacit\u00e9 de production plus \u00e9lev\u00e9e et des fonctionnalit\u00e9s plus compl\u00e8tes aura un prix plus \u00e9lev\u00e9, mais elle apportera \u00e9galement un meilleur rendement.<\/p>    <figure class=\"wp-block-gallery has-nested-images columns-default is-cropped wp-block-gallery-6 is-layout-flex wp-block-gallery-is-layout-flex\"> <figure class=\"wp-block-image size-large\"><img loading=\"lazy\" decoding=\"async\" width=\"720\" height=\"540\" data-id=\"1212\" src=\"https:\/\/taizynut.com\/wp-content\/uploads\/2023\/02\/straight-balde-peanut-kernel-cutting-equiment.webp\" alt=\"straight-balde peanut kernel cutting equiment\" class=\"wp-image-1212\" title=\"\" srcset=\"https:\/\/taizynut.com\/wp-content\/uploads\/2023\/02\/straight-balde-peanut-kernel-cutting-equiment.webp 720w, https:\/\/taizynut.com\/wp-content\/uploads\/2023\/02\/straight-balde-peanut-kernel-cutting-equiment-300x225.webp 300w, https:\/\/taizynut.com\/wp-content\/uploads\/2023\/02\/straight-balde-peanut-kernel-cutting-equiment-16x12.webp 16w\" sizes=\"auto, (max-width: 720px) 100vw, 720px\" \/><figcaption class=\"wp-element-caption\">\u00c9quipement de coupe de noyaux d'arachide \u00e0 lame droite<\/figcaption><\/figure>    <figure class=\"wp-block-image size-large\"><img loading=\"lazy\" decoding=\"async\" width=\"720\" height=\"540\" data-id=\"1210\" src=\"https:\/\/taizynut.com\/wp-content\/uploads\/2023\/02\/double-roller-peanut-cutting-machine.webp\" alt=\"Machine \u00e0 couper les arachides\" class=\"wp-image-1210\" title=\"\" srcset=\"https:\/\/taizynut.com\/wp-content\/uploads\/2023\/02\/double-roller-peanut-cutting-machine.webp 720w, https:\/\/taizynut.com\/wp-content\/uploads\/2023\/02\/double-roller-peanut-cutting-machine-300x225.webp 300w, https:\/\/taizynut.com\/wp-content\/uploads\/2023\/02\/double-roller-peanut-cutting-machine-16x12.webp 16w\" sizes=\"auto, (max-width: 720px) 100vw, 720px\" \/><figcaption class=\"wp-element-caption\">Machine \u00e0 couper les arachides \u00e0 double rouleau<\/figcaption><\/figure> <\/figure>    <h2 class=\"wp-block-heading\"><strong>Pourquoi choisir Taizy comme fournisseur ?<\/strong><\/h2>    <p>When choosing the peanut kernel cutting machine, the equipment itself is important, but the supplier&#8217;s experience and service capabilities are equally crucial. Here&#8217;s why you should choose Taizy as your supplier:<\/p>    <ul class=\"wp-block-list\"> <li>Taizy poss\u00e8de de nombreuses ann\u00e9es d'exp\u00e9rience dans l'exportation et la fabrication d'\u00e9quipements de traitement des noix, et ses produits ont servi des clients du traitement alimentaire dans de nombreux pays et r\u00e9gions.<\/li>    <li>En termes de service, nous fournissons un processus de service complet, de l'\u00e9valuation des besoins au support apr\u00e8s-vente.<\/li>    <li>Pour diff\u00e9rents besoins de traitement, Taizy propose des services personnalis\u00e9s, tels que la configuration de la tension.<\/li>    <li>Taizy peut fournir des solutions compl\u00e8tes d'\u00e9quipements de traitement des noix, y compris non seulement le coupeur d'arachides mais aussi <a href=\"https:\/\/taizynut.com\/fr\/product\/small-peanut-roasting-machine-groundnut-roaster-machine\/\">torr\u00e9facteur d'arachide<\/a>,<a href=\"https:\/\/taizynut.com\/fr\/product\/dry-peanut-peeling-machine\/\"> machine \u00e0 \u00e9plucher les cacahu\u00e8tes<\/a>, et autres \u00e9quipements connexes.<\/li> <\/ul>    <p>Choisir Taizy, c'est plus que simplement acheter une machine ; c'est obtenir une solution de traitement mieux adapt\u00e9e \u00e0 vos besoins de production.<\/p>    <h2 class=\"wp-block-heading\"><strong>Contactez-nous pour plus d'informations !<\/strong><\/h2>    <p>Si vous recherchez une machine \u00e0 couper les noyaux d'arachide ou d'autres \u00e9quipements de traitement des noix, contactez Taizy pour plus d'informations. Nous fournirons des conseils clairs et un support bas\u00e9 sur vos besoins sp\u00e9cifiques pour vous aider \u00e0 am\u00e9liorer votre efficacit\u00e9 de production.<\/p>","protected":false},"excerpt":{"rendered":"<p>Taizy peanut kernel cutting machine can process nuts such as peanuts, macadamia nuts, hazelnuts, and cashews into granular form. We offer two types: a straight-blade peanut cutting machine and a roller-type peanut cutting machine. Its production capacity is 100-300 kg\/hour.<\/p>","protected":false},"author":1,"featured_media":308,"parent":0,"template":"","tags":[72,45],"product-type":[27],"class_list":["post-307","product","type-product","status-publish","has-post-thumbnail","hentry","tag-cashews","tag-peanut","product-type-peanut-kernel-processing"],"_links":{"self":[{"href":"https:\/\/taizynut.com\/fr\/wp-json\/wp\/v2\/product\/307","targetHints":{"allow":["GET"]}}],"collection":[{"href":"https:\/\/taizynut.com\/fr\/wp-json\/wp\/v2\/product"}],"about":[{"href":"https:\/\/taizynut.com\/fr\/wp-json\/wp\/v2\/types\/product"}],"author":[{"embeddable":true,"href":"https:\/\/taizynut.com\/fr\/wp-json\/wp\/v2\/users\/1"}],"wp:featuredmedia":[{"embeddable":true,"href":"https:\/\/taizynut.com\/fr\/wp-json\/wp\/v2\/media\/308"}],"wp:attachment":[{"href":"https:\/\/taizynut.com\/fr\/wp-json\/wp\/v2\/media?parent=307"}],"wp:term":[{"taxonomy":"post_tag","embeddable":true,"href":"https:\/\/taizynut.com\/fr\/wp-json\/wp\/v2\/tags?post=307"},{"taxonomy":"product-type","embeddable":true,"href":"https:\/\/taizynut.com\/fr\/wp-json\/wp\/v2\/product-type?post=307"}],"curies":[{"name":"wp","href":"https:\/\/api.w.org\/{rel}","templated":true}]}}