{"id":317,"date":"2023-03-09T10:49:13","date_gmt":"2023-03-09T02:49:13","guid":{"rendered":"https:\/\/taizynut.com\/?post_type=product&#038;p=317"},"modified":"2026-01-12T16:54:15","modified_gmt":"2026-01-12T08:54:15","slug":"semi-automatic-peanut-butter-processing-line","status":"publish","type":"product","link":"https:\/\/taizynut.com\/fr\/product\/semi-automatic-peanut-butter-processing-line\/","title":{"rendered":"Ligne de transformation du beurre de cacahu\u00e8te"},"content":{"rendered":"<p class=\"translation-block\">La ligne de traitement de beurre d\u2019arachide semi-automatique Taizy est un ensemble d\u2019\u00e9quipements sp\u00e9cialis\u00e9s dans la fabrication de beurre d\u2019arachide comestible par torr\u00e9faction, d\u00e9corticage, broyage, etc. Elle a une capacit\u00e9 de 50 \u00e0 500 kg\/h.<\/p>    <p>La ligne de production de beurre de cacahu\u00e8te peut produire du beurre de cacahu\u00e8te grossier avec une texture granuleuse et du beurre de cacahu\u00e8te onctueux, et peut \u00e9galement produire de la p\u00e2te de s\u00e9same.<\/p>    <p>Il est con\u00e7u pour \u00eatre compact et efficace, adapt\u00e9 aux petites et moyennes entreprises ainsi qu'aux grandes usines.<\/p>    <figure class=\"wp-block-embed is-type-video is-provider-youtube wp-block-embed-youtube wp-embed-aspect-16-9 wp-has-aspect-ratio\"><div class=\"wp-block-embed__wrapper\"> <iframe loading=\"lazy\" title=\"Ligne de production automatique de beurre de cacahu\u00e8te\u00a0: depuis la torr\u00e9faction des cacahu\u00e8tes, leur pelage, leur broyage, leur m\u00e9lange jusqu&#039;au remplissage\" width=\"500\" height=\"281\" src=\"https:\/\/www.youtube.com\/embed\/K6kLN9MlY-o?feature=oembed\" frameborder=\"0\" allow=\"accelerometer; autoplay; clipboard-write; encrypted-media; gyroscope; picture-in-picture; web-share\" referrerpolicy=\"strict-origin-when-cross-origin\" allowfullscreen><\/iframe> <\/div><figcaption class=\"wp-element-caption\">vid\u00e9o de la ligne de machines de traitement du beurre de cacahu\u00e8te<\/figcaption><\/figure>    <h2 class=\"wp-block-heading\"><strong>Quel est le diagramme de flux de traitement du beurre de cacahu\u00e8te ?<\/strong><\/h2>    <p class=\"translation-block\">Notre ligne de production de beurre d\u2019arachide comprend <strong>torr\u00e9faction \u2192 refroidissement \u2192 d\u00e9corticage \u2192 broyage \u2192 refroidissement \u2192 remplissage<\/strong>. L\u2019ensemble de la ligne de machines de broyage de beurre d\u2019arachide est mature. Voici une introduction au flux de processus de la ligne de production semi-automatique de beurre d\u2019arachide et aux \u00e9quipements n\u00e9cessaires.<\/p>   <div class=\"wp-block-image\"> <figure class=\"aligncenter size-full\"><img loading=\"lazy\" decoding=\"async\" width=\"1020\" height=\"540\" src=\"https:\/\/taizynut.com\/wp-content\/uploads\/2023\/03\/industrial-peanut-butter-production-line.webp\" alt=\"ligne de production industrielle de beurre de cacahu\u00e8te\" class=\"wp-image-857\" title=\"\" srcset=\"https:\/\/taizynut.com\/wp-content\/uploads\/2023\/03\/industrial-peanut-butter-production-line.webp 1020w, https:\/\/taizynut.com\/wp-content\/uploads\/2023\/03\/industrial-peanut-butter-production-line-300x159.webp 300w, https:\/\/taizynut.com\/wp-content\/uploads\/2023\/03\/industrial-peanut-butter-production-line-768x407.webp 768w, https:\/\/taizynut.com\/wp-content\/uploads\/2023\/03\/industrial-peanut-butter-production-line-18x10.webp 18w\" sizes=\"auto, (max-width: 1020px) 100vw, 1020px\" \/><figcaption class=\"wp-element-caption\">ligne de production industrielle de beurre de cacahu\u00e8te<\/figcaption><\/figure> <\/div>   <h3 class=\"wp-block-heading\"><strong>Torr\u00e9facteur de cacahu\u00e8tes<\/strong><\/h3>    <p class=\"translation-block\">Ce type de <a href=\"https:\/\/taizynut.com\/fr\/product\/small-peanut-roasting-machine-groundnut-roaster-machine\/\">machine de torr\u00e9faction d\u2019arachides<\/a> est utilis\u00e9 dans la ligne de machines semi-automatiques de fabrication de beurre d\u2019arachide. Il est principalement utilis\u00e9 pour torr\u00e9fier des arachides, des f\u00e8ves, des grains de caf\u00e9, des graines de melon et des noix.<\/p>    <p>Un ensemble de machines \u00e0 r\u00f4tir les cacahu\u00e8tes a une capacit\u00e9 de 80 \u00e0 120 kg\/h. Si vous souhaitez r\u00e9aliser une grande capacit\u00e9 de production, vous pouvez \u00e9quiper plusieurs machines suppl\u00e9mentaires en fonction de la demande.<\/p>    <p>La temp\u00e9rature de cuisson est g\u00e9n\u00e9ralement de 180\u00b0 \u00e0 200\u00b0 et le temps de cuisson doit \u00eatre d'au moins plus de 20 minutes. L'\u00e9paisseur du mat\u00e9riau est de 5 \u00e0 6 cm et l'ensemble de la machine est trait\u00e9 par pulv\u00e9risation, r\u00e9sistant \u00e0 la corrosion.<\/p>    <figure class=\"wp-block-gallery has-nested-images columns-default is-cropped wp-block-gallery-2 is-layout-flex wp-block-gallery-is-layout-flex\"> <figure class=\"wp-block-image size-large\"><img loading=\"lazy\" decoding=\"async\" width=\"720\" height=\"540\" data-id=\"322\" src=\"https:\/\/taizynut.com\/wp-content\/uploads\/2023\/03\/peanut-roaster.webp\" alt=\"torr\u00e9facteur d&#039;arachide\" class=\"wp-image-322\" title=\"\" srcset=\"https:\/\/taizynut.com\/wp-content\/uploads\/2023\/03\/peanut-roaster.webp 720w, https:\/\/taizynut.com\/wp-content\/uploads\/2023\/03\/peanut-roaster-300x225.webp 300w\" sizes=\"auto, (max-width: 720px) 100vw, 720px\" \/><figcaption class=\"wp-element-caption\">Torr\u00e9facteur d'arachide<\/figcaption><\/figure>    <figure class=\"wp-block-image size-large\"><img loading=\"lazy\" decoding=\"async\" width=\"720\" height=\"540\" data-id=\"323\" src=\"https:\/\/taizynut.com\/wp-content\/uploads\/2023\/03\/roasted-peanuts.webp\" alt=\"cacahu\u00e8tes grill\u00e9es\" class=\"wp-image-323\" title=\"\" srcset=\"https:\/\/taizynut.com\/wp-content\/uploads\/2023\/03\/roasted-peanuts.webp 720w, https:\/\/taizynut.com\/wp-content\/uploads\/2023\/03\/roasted-peanuts-300x225.webp 300w\" sizes=\"auto, (max-width: 720px) 100vw, 720px\" \/><figcaption class=\"wp-element-caption\">Cacahu\u00e8tes grill\u00e9es<\/figcaption><\/figure> <\/figure>    <h3 class=\"wp-block-heading\"><strong>Machine \u00e0 \u00e9plucher les cacahu\u00e8tes<\/strong><\/h3>    <p class=\"translation-block\">Apr\u00e8s la torr\u00e9faction, il faut refroidir pendant un certain temps. Ensuite, une <a href=\"https:\/\/taizynut.com\/fr\/product\/dry-peanut-peeling-machine\/\">machine \u00e0 d\u00e9cortiquer les arachides<\/a> de type sec est utilis\u00e9e pour enlever la peau rouge.<\/p>    <p>Il a une capacit\u00e9 de 200 \u00e0 600 kg\/h et un taux de pelage de 98%. Il peut \u00eatre utilis\u00e9 en combinaison avec plusieurs unit\u00e9s et la qualit\u00e9 de pelage atteint la norme d'exportation.<\/p>    <figure class=\"wp-block-gallery has-nested-images columns-default is-cropped wp-block-gallery-3 is-layout-flex wp-block-gallery-is-layout-flex\"> <figure class=\"wp-block-image size-full\"><img loading=\"lazy\" decoding=\"async\" width=\"720\" height=\"540\" data-id=\"324\" src=\"https:\/\/taizynut.com\/wp-content\/uploads\/2023\/03\/peanut-peeling-machine.webp\" alt=\"machine \u00e0 \u00e9plucher les cacahu\u00e8tes\" class=\"wp-image-324\" title=\"\" srcset=\"https:\/\/taizynut.com\/wp-content\/uploads\/2023\/03\/peanut-peeling-machine.webp 720w, https:\/\/taizynut.com\/wp-content\/uploads\/2023\/03\/peanut-peeling-machine-300x225.webp 300w\" sizes=\"auto, (max-width: 720px) 100vw, 720px\" \/><figcaption class=\"wp-element-caption\">Machine \u00e0 \u00e9plucher les arachides<\/figcaption><\/figure>    <figure class=\"wp-block-image size-full\"><img loading=\"lazy\" decoding=\"async\" width=\"720\" height=\"540\" data-id=\"325\" src=\"https:\/\/taizynut.com\/wp-content\/uploads\/2023\/03\/peanut-peeling.webp\" alt=\"pelage d&#039;arachide\" class=\"wp-image-325\" title=\"\" srcset=\"https:\/\/taizynut.com\/wp-content\/uploads\/2023\/03\/peanut-peeling.webp 720w, https:\/\/taizynut.com\/wp-content\/uploads\/2023\/03\/peanut-peeling-300x225.webp 300w\" sizes=\"auto, (max-width: 720px) 100vw, 720px\" \/><figcaption class=\"wp-element-caption\">\u00c9pluchage d'arachide<\/figcaption><\/figure> <\/figure>    <h3 class=\"wp-block-heading\"><strong>Moulin \u00e0 beurre de cacahu\u00e8te<\/strong><\/h3>    <p class=\"translation-block\">Dans la ligne de production de beurre d\u2019arachide, cette <a href=\"https:\/\/taizynut.com\/fr\/product\/peanut-butter-grinder-machine\/\">machine \u00e0 beurre d\u2019arachide<\/a> est l\u2019\u00e9quipement cl\u00e9, principalement utilis\u00e9e pour broyer les noyaux d\u2019arachide d\u00e9cortiqu\u00e9s en beurre. Sa production varie de 50 \u00e0 1000 kg\/h.<\/p>    <p>Avant d\u2019\u00eatre broy\u00e9es, les cacahu\u00e8tes n\u00e9cessitent une teneur en humidit\u00e9 de 1%. La machine peut ajuster la finesse des particules de beurre de cacahu\u00e8te gr\u00e2ce \u00e0 la poign\u00e9e, allant de 120 \u00e0 150 mesh.<\/p>    <figure class=\"wp-block-gallery has-nested-images columns-default is-cropped wp-block-gallery-4 is-layout-flex wp-block-gallery-is-layout-flex\"> <figure class=\"wp-block-image size-large\"><img loading=\"lazy\" decoding=\"async\" width=\"720\" height=\"540\" data-id=\"327\" src=\"https:\/\/taizynut.com\/wp-content\/uploads\/2023\/03\/peanut-butter-grinder.webp\" alt=\"moulin \u00e0 beurre de cacahu\u00e8te\" class=\"wp-image-327\" title=\"\" srcset=\"https:\/\/taizynut.com\/wp-content\/uploads\/2023\/03\/peanut-butter-grinder.webp 720w, https:\/\/taizynut.com\/wp-content\/uploads\/2023\/03\/peanut-butter-grinder-300x225.webp 300w\" sizes=\"auto, (max-width: 720px) 100vw, 720px\" \/><figcaption class=\"wp-element-caption\">Broyeur de beurre de cacahu\u00e8te<\/figcaption><\/figure>    <figure class=\"wp-block-image size-large\"><img loading=\"lazy\" decoding=\"async\" width=\"720\" height=\"540\" data-id=\"328\" src=\"https:\/\/taizynut.com\/wp-content\/uploads\/2023\/03\/peanut-butter-grind.webp\" alt=\"Beurre de cacahu\u00e8te moulu\" class=\"wp-image-328\" title=\"\" srcset=\"https:\/\/taizynut.com\/wp-content\/uploads\/2023\/03\/peanut-butter-grind.webp 720w, https:\/\/taizynut.com\/wp-content\/uploads\/2023\/03\/peanut-butter-grind-300x225.webp 300w\" sizes=\"auto, (max-width: 720px) 100vw, 720px\" \/><figcaption class=\"wp-element-caption\">Beurre de cacahu\u00e8te moulu<\/figcaption><\/figure> <\/figure>    <h3 class=\"wp-block-heading\"><strong>Pot de cha\u00eene de transformation de beurre de cacahu\u00e8te<\/strong><\/h3>    <p>Les pots de la ligne de production de beurre de cacahu\u00e8te comprennent le r\u00e9servoir de m\u00e9lange, le r\u00e9servoir sous vide et le r\u00e9servoir de stockage. <\/p>   <div class=\"wp-block-image\"> <figure class=\"aligncenter size-large\"><img loading=\"lazy\" decoding=\"async\" width=\"720\" height=\"540\" src=\"https:\/\/taizynut.com\/wp-content\/uploads\/2023\/03\/Peanut-butter-processing-line-jar.webp\" alt=\"Pot de cha\u00eene de transformation de beurre de cacahu\u00e8te\" class=\"wp-image-326\" title=\"\" srcset=\"https:\/\/taizynut.com\/wp-content\/uploads\/2023\/03\/Peanut-butter-processing-line-jar.webp 720w, https:\/\/taizynut.com\/wp-content\/uploads\/2023\/03\/Peanut-butter-processing-line-jar-300x225.webp 300w\" sizes=\"auto, (max-width: 720px) 100vw, 720px\" \/><figcaption class=\"wp-element-caption\">Pot de cha\u00eene de transformation de beurre de cacahu\u00e8te<\/figcaption><\/figure> <\/div>   <p>Le r\u00e9servoir de m\u00e9lange sert \u00e0 assaisonner la saveur du beurre de cacahu\u00e8te pour la rendre plus uniforme. Vous pouvez ajouter du sel, du sucre et d'autres assaisonnements pour assaisonner. Le temps de brassage est g\u00e9n\u00e9ralement de 5 \u00e0 6 minutes, diff\u00e9rent selon les diff\u00e9rents assaisonnements<\/p>    <p>&nbsp;Le r\u00e9servoir sous vide sert \u00e0 \u00e9liminer les bulles de beurre de cacahu\u00e8te et prolonge la dur\u00e9e de stockage.<\/p>    <p>Le pot de conservation est utilis\u00e9 pour contenir du beurre de cacahu\u00e8te moulu.<\/p>   <div class=\"wp-block-image\"> <figure class=\"aligncenter size-full\"><img loading=\"lazy\" decoding=\"async\" width=\"1020\" height=\"540\" src=\"https:\/\/taizynut.com\/wp-content\/uploads\/2023\/03\/tanks-used-in-the-peanut-butter-processing-machine-line.webp\" alt=\"r\u00e9servoirs utilis\u00e9s dans la ligne de machines de transformation du beurre de cacahu\u00e8te\" class=\"wp-image-847\" title=\"\" srcset=\"https:\/\/taizynut.com\/wp-content\/uploads\/2023\/03\/tanks-used-in-the-peanut-butter-processing-machine-line.webp 1020w, https:\/\/taizynut.com\/wp-content\/uploads\/2023\/03\/tanks-used-in-the-peanut-butter-processing-machine-line-300x159.webp 300w, https:\/\/taizynut.com\/wp-content\/uploads\/2023\/03\/tanks-used-in-the-peanut-butter-processing-machine-line-768x407.webp 768w, https:\/\/taizynut.com\/wp-content\/uploads\/2023\/03\/tanks-used-in-the-peanut-butter-processing-machine-line-18x10.webp 18w\" sizes=\"auto, (max-width: 1020px) 100vw, 1020px\" \/><figcaption class=\"wp-element-caption\">r\u00e9servoirs utilis\u00e9s dans la ligne de machines de transformation du beurre de cacahu\u00e8te<\/figcaption><\/figure> <\/div>   <h3 class=\"wp-block-heading\"><strong>Machine de remplissage de beurre de cacahu\u00e8te<\/strong><\/h3>    <p class=\"translation-block\">Enfin, la <a href=\"https:\/\/taizynut.com\/fr\/product\/peanut-butter-filling-machine\/\">machine de remplissage de beurre d\u2019arachide<\/a> remplit et emballe le beurre d\u2019arachide dans des bouteilles ou des sachets. La machine de remplissage comprend la machine de remplissage de p\u00e2te semi-automatique et la ligne de remplissage enti\u00e8rement automatique (comprenant la machine de remplissage, la capsuleuse, l\u2019\u00e9tiqueteuse et la scelleuse).<\/p>    <p>Si vous souhaitez emballer du beurre de cacahu\u00e8te dans des sacs, la machine d'emballage de p\u00e2te est un choix id\u00e9al.<\/p>    <figure class=\"wp-block-gallery has-nested-images columns-default is-cropped wp-block-gallery-5 is-layout-flex wp-block-gallery-is-layout-flex\"> <figure class=\"wp-block-image size-large\"><img loading=\"lazy\" decoding=\"async\" width=\"720\" height=\"540\" data-id=\"329\" src=\"https:\/\/taizynut.com\/wp-content\/uploads\/2023\/03\/Peanut-butter-filling-machine.webp\" alt=\"Machine de remplissage de beurre de cacahu\u00e8te\" class=\"wp-image-329\" title=\"\" srcset=\"https:\/\/taizynut.com\/wp-content\/uploads\/2023\/03\/Peanut-butter-filling-machine.webp 720w, https:\/\/taizynut.com\/wp-content\/uploads\/2023\/03\/Peanut-butter-filling-machine-300x225.webp 300w\" sizes=\"auto, (max-width: 720px) 100vw, 720px\" \/><figcaption class=\"wp-element-caption\">Machine de remplissage de beurre de cacahu\u00e8te<\/figcaption><\/figure>    <figure class=\"wp-block-image size-large\"><img loading=\"lazy\" decoding=\"async\" width=\"720\" height=\"540\" data-id=\"330\" src=\"https:\/\/taizynut.com\/wp-content\/uploads\/2023\/03\/packaged-peanut-butter.webp\" alt=\"beurre de cacahu\u00e8te emball\u00e9\" class=\"wp-image-330\" title=\"\" srcset=\"https:\/\/taizynut.com\/wp-content\/uploads\/2023\/03\/packaged-peanut-butter.webp 720w, https:\/\/taizynut.com\/wp-content\/uploads\/2023\/03\/packaged-peanut-butter-300x225.webp 300w\" sizes=\"auto, (max-width: 720px) 100vw, 720px\" \/><figcaption class=\"wp-element-caption\">Beurre de cacahu\u00e8te emball\u00e9<\/figcaption><\/figure> <\/figure>    <h2 class=\"wp-block-heading\"><strong>Avantages de la ligne de transformation du beurre de cacahu\u00e8te Taizy<\/strong><\/h2>    <ul class=\"wp-block-list\"> <li>Cette gamme de machines \u00e0 beurre de cacahu\u00e8te adopte un contr\u00f4le d'automatisation avanc\u00e9, r\u00e9duisant ainsi les co\u00fbts de main-d'\u0153uvre.<\/li>    <li>L'\u00e9quipement a une faible consommation d'\u00e9nergie et une efficacit\u00e9 de production \u00e9lev\u00e9e (50-500 kg\/h).<\/li>    <li>Il est adapt\u00e9 pour fabriquer diff\u00e9rentes saveurs et types de beurre de cacahu\u00e8te, comme le classique, granuleux, sucr\u00e9, etc.<\/li>    <li>Les pi\u00e8ces en contact avec les mati\u00e8res premi\u00e8res sont en acier inoxydable de qualit\u00e9 alimentaire, conforme aux normes de production alimentaire.<\/li> <\/ul>   <div class=\"wp-block-image\"> <figure class=\"aligncenter size-full\"><img loading=\"lazy\" decoding=\"async\" width=\"720\" height=\"540\" src=\"https:\/\/taizynut.com\/wp-content\/uploads\/2023\/03\/1641792431561-tuya_\u7ed3\u679c.webp\" alt=\"Ligne de traitement du beurre de cacahu\u00e8te de Taizy\" class=\"wp-image-1193\" title=\"\" srcset=\"https:\/\/taizynut.com\/wp-content\/uploads\/2023\/03\/1641792431561-tuya_\u7ed3\u679c.webp 720w, https:\/\/taizynut.com\/wp-content\/uploads\/2023\/03\/1641792431561-tuya_\u7ed3\u679c-300x225.webp 300w, https:\/\/taizynut.com\/wp-content\/uploads\/2023\/03\/1641792431561-tuya_\u7ed3\u679c-16x12.webp 16w\" sizes=\"auto, (max-width: 720px) 100vw, 720px\" \/><figcaption class=\"wp-element-caption\">Ligne de traitement du beurre de cacahu\u00e8te de Taizy<\/figcaption><\/figure> <\/div>   <h2 class=\"wp-block-heading\"><strong>S\u00e9lection du rendement de production de beurre de cacahu\u00e8te<\/strong><\/h2>    <p>La ligne de transformation semi-automatique du beurre de cacahu\u00e8te peut traiter 50 \u00e0 500\u00a0kg\/h, vous pouvez choisir en fonction de vos besoins de transformation et nos techniciens professionnels concevront le plan correspondant.<\/p>    <p>Ce qui suit est la configuration d'une ligne de production commerciale de beurre de cacahu\u00e8te de 200 kg\/h pour votre r\u00e9f\u00e9rence.<\/p>    <figure class=\"wp-block-table\"><table><tbody><tr><td>Nom de l'appareil<\/td><td>Capacit\u00e9<\/td><td>Pouvoir<\/td><td>Taille<\/td><td>Poids<\/td><td>Quantit\u00e9<\/td><\/tr><tr><td>Machine \u00e0 r\u00f4tir les cacahu\u00e8tes<\/td><td>200-240 kg\/heure<\/td><td>Puissance de chauffage : 50kw<br>Puissance du moteur : 2,2 kW<\/td><td>2,8*2,2*1,7m<\/td><td>\/<\/td><td>2 ensembles<\/td><\/tr><tr><td>Machine \u00e0 \u00e9plucher les cacahu\u00e8tes<\/td><td>400kg\/h<\/td><td>Puissance du moteur : 0,55 kW<br>Puissance du ventilateur\u00a0: 0,37\u00a0kw<\/td><td>1,2*0,75*1,2m<\/td><td>230 kg<\/td><td>1 pc<\/td><\/tr><tr><td>Machine de fabrication de beurre de cacahu\u00e8te<\/td><td>200-300kg\/heure<\/td><td>18,5 kW<\/td><td>1,1*0,75*1,3m<\/td><td>360 kg<\/td><td>1 pc<\/td><\/tr><tr><td>Machine de remplissage semi-automatique<\/td><td>100-400 bouteilles\/h<\/td><td>0,2-2kw<\/td><td>0,6*0,5*1,4m<\/td><td>130 kg<\/td><td>1 pc<\/td><\/tr><\/tbody><\/table><figcaption class=\"wp-element-caption\">Donn\u00e9es techniques de la ligne de machine de fabrication de beurre de cacahu\u00e8te 200 kg\/h<\/figcaption><\/figure>    <p>Si vous souhaitez plus de d\u00e9tails, n'h\u00e9sitez pas \u00e0 nous contacter \u00e0 tout moment\u00a0!<\/p>    <figure class=\"wp-block-gallery aligncenter has-nested-images columns-default is-cropped wp-block-gallery-6 is-layout-flex wp-block-gallery-is-layout-flex\"> <figure class=\"wp-block-image size-full\"><img loading=\"lazy\" decoding=\"async\" width=\"720\" height=\"540\" data-id=\"319\" src=\"https:\/\/taizynut.com\/wp-content\/uploads\/2023\/03\/peanut-butter-processing-line-1.webp\" alt=\"ligne de transformation du beurre de cacahu\u00e8te\" class=\"wp-image-319\" title=\"\" srcset=\"https:\/\/taizynut.com\/wp-content\/uploads\/2023\/03\/peanut-butter-processing-line-1.webp 720w, https:\/\/taizynut.com\/wp-content\/uploads\/2023\/03\/peanut-butter-processing-line-1-300x225.webp 300w\" sizes=\"auto, (max-width: 720px) 100vw, 720px\" \/><figcaption class=\"wp-element-caption\">Ligne de production automatique de beurre de cacahu\u00e8te<\/figcaption><\/figure>    <figure class=\"wp-block-image size-full\"><img loading=\"lazy\" decoding=\"async\" width=\"720\" height=\"540\" data-id=\"858\" src=\"https:\/\/taizynut.com\/wp-content\/uploads\/2023\/03\/peanut-butter-processing-machine-plant.webp\" alt=\"Usine de machines de traitement du beurre d&#039;arachide\" class=\"wp-image-858\" title=\"\" srcset=\"https:\/\/taizynut.com\/wp-content\/uploads\/2023\/03\/peanut-butter-processing-machine-plant.webp 720w, https:\/\/taizynut.com\/wp-content\/uploads\/2023\/03\/peanut-butter-processing-machine-plant-300x225.webp 300w, https:\/\/taizynut.com\/wp-content\/uploads\/2023\/03\/peanut-butter-processing-machine-plant-16x12.webp 16w\" sizes=\"auto, (max-width: 720px) 100vw, 720px\" \/><figcaption class=\"wp-element-caption\">Usine de machines de traitement du beurre d'arachide<\/figcaption><\/figure> <\/figure>    <h2 class=\"wp-block-heading\"><strong><strong>Disponible<\/strong> ar\u00f4mes de beurre de cacahu\u00e8te et formes d'emballage<\/strong><\/h2>    <p>Le go\u00fbt du beurre de cacahu\u00e8te n\u2019est pas uniforme. Le beurre de cacahu\u00e8te est divis\u00e9 en sucr\u00e9 et frais. Certains fabricants ajouteront \u00e9galement des mati\u00e8res premi\u00e8res sp\u00e9cifiques dans leur propre processus de production. Cette \u00e9tape d\u2019assaisonnement a lieu apr\u00e8s que le beurre de cacahu\u00e8te soit moulu et refroidi. C'est-\u00e0-dire Assaisonner avant de remplir.<\/p>    <figure class=\"wp-block-gallery has-nested-images columns-default is-cropped wp-block-gallery-7 is-layout-flex wp-block-gallery-is-layout-flex\"> <figure class=\"wp-block-image size-large\"><img loading=\"lazy\" decoding=\"async\" width=\"720\" height=\"540\" data-id=\"320\" src=\"https:\/\/taizynut.com\/wp-content\/uploads\/2023\/03\/peanut-butter.webp\" alt=\"beurre de cacahu\u00e8te granul\u00e9\" class=\"wp-image-320\" title=\"\" srcset=\"https:\/\/taizynut.com\/wp-content\/uploads\/2023\/03\/peanut-butter.webp 720w, https:\/\/taizynut.com\/wp-content\/uploads\/2023\/03\/peanut-butter-300x225.webp 300w\" sizes=\"auto, (max-width: 720px) 100vw, 720px\" \/><figcaption class=\"wp-element-caption\">Beurre d'arachide granul\u00e9<\/figcaption><\/figure>    <figure class=\"wp-block-image size-large\"><img loading=\"lazy\" decoding=\"async\" width=\"720\" height=\"540\" data-id=\"321\" src=\"https:\/\/taizynut.com\/wp-content\/uploads\/2023\/03\/peanut-butter-1.webp\" alt=\"beurre de cacahu\u00e8te d\u00e9licat\" class=\"wp-image-321\" title=\"\" srcset=\"https:\/\/taizynut.com\/wp-content\/uploads\/2023\/03\/peanut-butter-1.webp 720w, https:\/\/taizynut.com\/wp-content\/uploads\/2023\/03\/peanut-butter-1-300x225.webp 300w\" sizes=\"auto, (max-width: 720px) 100vw, 720px\" \/><figcaption class=\"wp-element-caption\">Beurre de cacahu\u00e8te d\u00e9licat<\/figcaption><\/figure> <\/figure>    <p class=\"translation-block\">L\u2019emballage du <a href=\"https:\/\/en.wikipedia.org\/wiki\/Peanut_butter\" target=\"_blank\" rel=\"noopener\">beurre d\u2019arachide<\/a> est un point auquel les producteurs doivent pr\u00eater attention. Un emballage unique peut attirer rapidement les consommateurs. L\u2019emballage du beurre d\u2019arachide est divis\u00e9 en bouteilles et en sacs, qui peuvent \u00eatre personnalis\u00e9s.<\/p>    <figure class=\"wp-block-gallery has-nested-images columns-default is-cropped wp-block-gallery-8 is-layout-flex wp-block-gallery-is-layout-flex\"> <figure class=\"wp-block-image size-full\"><img loading=\"lazy\" decoding=\"async\" width=\"720\" height=\"540\" data-id=\"1190\" src=\"https:\/\/taizynut.com\/wp-content\/uploads\/2023\/03\/peanut-butter-2.webp\" alt=\"beurre d&#039;arachide\" class=\"wp-image-1190\" title=\"\" srcset=\"https:\/\/taizynut.com\/wp-content\/uploads\/2023\/03\/peanut-butter-2.webp 720w, https:\/\/taizynut.com\/wp-content\/uploads\/2023\/03\/peanut-butter-2-300x225.webp 300w, https:\/\/taizynut.com\/wp-content\/uploads\/2023\/03\/peanut-butter-2-16x12.webp 16w\" sizes=\"auto, (max-width: 720px) 100vw, 720px\" \/><figcaption class=\"wp-element-caption\">Beurre d'arachide<\/figcaption><\/figure>    <figure class=\"wp-block-image size-large\"><img loading=\"lazy\" decoding=\"async\" width=\"607\" height=\"405\" data-id=\"719\" src=\"https:\/\/taizynut.com\/wp-content\/uploads\/2024\/11\/bottled-peanut-butter.webp\" alt=\"beurre de cacahu\u00e8te en bouteille\" class=\"wp-image-719\" title=\"\" srcset=\"https:\/\/taizynut.com\/wp-content\/uploads\/2024\/11\/bottled-peanut-butter.webp 607w, https:\/\/taizynut.com\/wp-content\/uploads\/2024\/11\/bottled-peanut-butter-300x200.webp 300w, https:\/\/taizynut.com\/wp-content\/uploads\/2024\/11\/bottled-peanut-butter-18x12.webp 18w\" sizes=\"auto, (max-width: 607px) 100vw, 607px\" \/><figcaption class=\"wp-element-caption\">Beurre de cacahu\u00e8te en bouteille<\/figcaption><\/figure> <\/figure>    <p>Quelle que soit la saveur du beurre de cacahu\u00e8te que vous souhaitez produire et la forme d'emballage que vous souhaitez r\u00e9aliser, nous vous fournirons la ligne de production de beurre de cacahu\u00e8te la plus adapt\u00e9e.<\/p>","protected":false},"excerpt":{"rendered":"<p>La ligne de transformation semi-automatique du beurre de cacahu\u00e8te Taizy est un ensemble d'\u00e9quipements sp\u00e9cialis\u00e9s dans la fabrication de beurre de cacahu\u00e8te comestible par torr\u00e9faction, pelage, broyage, etc.<\/p>","protected":false},"author":1,"featured_media":318,"parent":0,"template":"","tags":[49,30],"product-type":[29],"class_list":["post-317","product","type-product","status-publish","has-post-thumbnail","hentry","tag-peanut-butter","tag-peanut-butter-processing-line","product-type-product-line"],"_links":{"self":[{"href":"https:\/\/taizynut.com\/fr\/wp-json\/wp\/v2\/product\/317","targetHints":{"allow":["GET"]}}],"collection":[{"href":"https:\/\/taizynut.com\/fr\/wp-json\/wp\/v2\/product"}],"about":[{"href":"https:\/\/taizynut.com\/fr\/wp-json\/wp\/v2\/types\/product"}],"author":[{"embeddable":true,"href":"https:\/\/taizynut.com\/fr\/wp-json\/wp\/v2\/users\/1"}],"wp:featuredmedia":[{"embeddable":true,"href":"https:\/\/taizynut.com\/fr\/wp-json\/wp\/v2\/media\/318"}],"wp:attachment":[{"href":"https:\/\/taizynut.com\/fr\/wp-json\/wp\/v2\/media?parent=317"}],"wp:term":[{"taxonomy":"post_tag","embeddable":true,"href":"https:\/\/taizynut.com\/fr\/wp-json\/wp\/v2\/tags?post=317"},{"taxonomy":"product-type","embeddable":true,"href":"https:\/\/taizynut.com\/fr\/wp-json\/wp\/v2\/product-type?post=317"}],"curies":[{"name":"wp","href":"https:\/\/api.w.org\/{rel}","templated":true}]}}