{"id":377,"date":"2023-04-07T16:50:41","date_gmt":"2023-04-07T08:50:41","guid":{"rendered":"https:\/\/taizynut.com\/?post_type=product&#038;p=377"},"modified":"2026-01-14T16:04:53","modified_gmt":"2026-01-14T08:04:53","slug":"small-peanut-roasting-machine-groundnut-roaster-machine","status":"publish","type":"product","link":"https:\/\/taizynut.com\/fr\/product\/small-peanut-roasting-machine-groundnut-roaster-machine\/","title":{"rendered":"Petite machine \u00e0 r\u00f4tir les arachides pour l'\u00e9limination de la peau rouge"},"content":{"rendered":"<p class=\"translation-block\">This <strong>peanut roasting machine<\/strong>, also called nut roasting machine, specializes in uniformly roasting peanuts, fava beans, coffee beans, melon seeds, nuts, etc. by heating. <\/p>    <p>Notre machine \u00e0 r\u00f4tir les noix a une capacit\u00e9 de 80 \u00e0 700 kg\/h. Le temps de torr\u00e9faction est de 30 \u00e0 45 minutes par fois. La torr\u00e9faction des cacahu\u00e8tes peut augmenter la saveur des cacahu\u00e8tes et stimuler l'ar\u00f4me des cacahu\u00e8tes.<\/p>    <p>La torr\u00e9facteur d'arachide adopte le principe du tambour rotatif, de la conduction thermique et du rayonnement thermique.  Les modes de chauffage sont le chauffage \u00e9lectrique et le chauffage au gaz. Le chauffage \u00e9lectrique est g\u00e9n\u00e9ralement de 240 \u00e0 260 \u00b0C, le chauffage au gaz est g\u00e9n\u00e9ralement de 220 \u00e0 240 \u00b0C et le maximum. la temp\u00e9rature peut atteindre 300\u00b0C. <\/p>    <p>La machine \u00e0 r\u00f4tir les arachides Taizy est \u00e9conome en \u00e9nergie, s\u00fbre, hygi\u00e9nique, pratique et facile \u00e0 utiliser, largement utilis\u00e9e dans l'industrie de transformation des aliments, en particulier dans la production d'aliments de loisirs \u00e0 base d'arachides.<\/p>    <figure class=\"wp-block-embed is-type-video is-provider-youtube wp-block-embed-youtube wp-embed-aspect-16-9 wp-has-aspect-ratio\"><div class=\"wp-block-embed__wrapper\"> <iframe loading=\"lazy\" title=\"Machine \u00e0 r\u00f4tir les cacahu\u00e8tes parfaite pour \u00e9liminer la peau rouge | Torr\u00e9facteur de noix pour la fabrication de beurre de cacahu\u00e8te et de bonbons\" width=\"500\" height=\"281\" src=\"https:\/\/www.youtube.com\/embed\/UGriKVGjTY8?feature=oembed\" frameborder=\"0\" allow=\"accelerometer; autoplay; clipboard-write; encrypted-media; gyroscope; picture-in-picture; web-share\" referrerpolicy=\"strict-origin-when-cross-origin\" allowfullscreen><\/iframe> <\/div><figcaption class=\"wp-element-caption\">vid\u00e9o de la machine \u00e0 r\u00f4tir les noix pour les cacahu\u00e8tes<\/figcaption><\/figure>    <h2 class=\"wp-block-heading\"><strong>Avantages de la petite machine \u00e0 r\u00f4tir les cacahu\u00e8tes<\/strong><\/h2>    <ul class=\"wp-block-list\"> <li>Le <strong>conception de circulation d'air chaud<\/strong> assure un chauffage uniforme de chaque cacahu\u00e8te, ce qui donne aux cacahu\u00e8tes une bonne couleur et un bon go\u00fbt.<\/li>    <li>L'armoire de commande peut <strong>contr\u00f4ler la temp\u00e9rature et le temps de cuisson du four<\/strong>, plage de temp\u00e9rature r\u00e9glable de 0 \u00e0 300 \u2103 et dur\u00e9e de 30 \u00e0 45 minutes.<\/li>    <li>Une vari\u00e9t\u00e9 de <strong>les sources de chaleur peuvent \u00eatre personnalis\u00e9es<\/strong>, chauffage au gaz ou chauffage \u00e9lectrique. Cela permet d'\u00e9conomiser de l'\u00e9nergie.<\/li>    <li>Le <strong>l'op\u00e9ration est simple et pratique<\/strong>. Vous pouvez apprendre \u00e0 le faire fonctionner en envoyant des instructions et des vid\u00e9os.<\/li>    <li>Il convient non seulement aux cacahu\u00e8tes, mais peut \u00e9galement \u00eatre utilis\u00e9 pour <strong>amandes grill\u00e9es, graines de s\u00e9same, graines de melon, noix de cajou<\/strong> et d'autres mat\u00e9riaux de noix.<\/li>    <li>Notre machine a un <strong>\u00e9paisseur de plaque en acier inoxydable de 1,5 mm<\/strong>.<\/li> <\/ul>    <figure class=\"wp-block-gallery aligncenter has-nested-images columns-default is-cropped wp-block-gallery-2 is-layout-flex wp-block-gallery-is-layout-flex\"> <figure class=\"wp-block-image size-large\"><img loading=\"lazy\" decoding=\"async\" width=\"720\" height=\"540\" data-id=\"385\" src=\"https:\/\/taizynut.com\/wp-content\/uploads\/2023\/04\/small-peanut-roasting-machine.webp\" alt=\"petite machine \u00e0 r\u00f4tir les cacahu\u00e8tes\" class=\"wp-image-385\" title=\"\" srcset=\"https:\/\/taizynut.com\/wp-content\/uploads\/2023\/04\/small-peanut-roasting-machine.webp 720w, https:\/\/taizynut.com\/wp-content\/uploads\/2023\/04\/small-peanut-roasting-machine-300x225.webp 300w\" sizes=\"auto, (max-width: 720px) 100vw, 720px\" \/><figcaption class=\"wp-element-caption\">Petite machine \u00e0 r\u00f4tir les arachides \u00e0 usage commercial<\/figcaption><\/figure>    <figure class=\"wp-block-image size-large\"><img loading=\"lazy\" decoding=\"async\" width=\"600\" height=\"600\" data-id=\"891\" src=\"https:\/\/taizynut.com\/wp-content\/uploads\/2023\/04\/roasted-peanuts.webp\" alt=\"cacahu\u00e8tes grill\u00e9es\" class=\"wp-image-891\" title=\"\" srcset=\"https:\/\/taizynut.com\/wp-content\/uploads\/2023\/04\/roasted-peanuts.webp 600w, https:\/\/taizynut.com\/wp-content\/uploads\/2023\/04\/roasted-peanuts-300x300.webp 300w, https:\/\/taizynut.com\/wp-content\/uploads\/2023\/04\/roasted-peanuts-150x150.webp 150w, https:\/\/taizynut.com\/wp-content\/uploads\/2023\/04\/roasted-peanuts-12x12.webp 12w\" sizes=\"auto, (max-width: 600px) 100vw, 600px\" \/><figcaption class=\"wp-element-caption\">Cacahu\u00e8tes grill\u00e9es<\/figcaption><\/figure> <\/figure>    <h2 class=\"wp-block-heading\"><strong>Param\u00e8tres techniques de la machine \u00e0 r\u00f4tir les arachides Taizy<\/strong><\/h2>    <figure class=\"wp-block-table\"><table><tbody><tr><td>Mod\u00e8le<\/td><td>Taille (mm)<\/td><td>Capacit\u00e9 (kg\/h)<\/td><td>Puissance du moteur (kw)<\/td><td>Chauffage \u00e9lectrique (kw)<\/td><td>Chauffage au gaz (kg)<\/td><\/tr><tr><td>TZM-1<\/td><td>3000*1200*1700<\/td><td>80-120<\/td><td>1.1<\/td><td>18<\/td><td>2-3<\/td><\/tr><tr><td>TZM-2<\/td><td>3000*2200*1700<\/td><td>180-250<\/td><td>2.2<\/td><td>35<\/td><td>4-6<\/td><\/tr><tr><td>TZM-3<\/td><td>3000*3300*1700<\/td><td>280-350<\/td><td>3.3<\/td><td>45<\/td><td>6-8<\/td><\/tr><tr><td>TZM-4<\/td><td>3000*4400*1700<\/td><td>380-450<\/td><td>4.4<\/td><td>60<\/td><td>8-10<\/td><\/tr><tr><td>TZM-5<\/td><td>3000*5500*1700<\/td><td>500-650<\/td><td>5.5<\/td><td>75<\/td><td>10-12<\/td><\/tr><\/tbody><\/table><figcaption class=\"wp-element-caption\">donn\u00e9es de la machine \u00e0 r\u00f4tir les arachides<\/figcaption><\/figure>    <h2 class=\"wp-block-heading\"><strong>Structure de la machine \u00e0 torr\u00e9fier les arachides<\/strong><\/h2>    <p>La machine a une structure simple, compos\u00e9e d'une entr\u00e9e, d'une sortie, d'une armoire de commande, d'une poign\u00e9e, d'un moteur, etc.<\/p>    <ul class=\"wp-block-list\"> <li>Entr\u00e9e\u00a0: nourrir les noix.<\/li>    <li>Sortie : \u00e9crous de d\u00e9charge.<\/li>    <li>Armoire de commande \u00e9lectrique : contr\u00f4lez la temp\u00e9rature du four.<\/li>    <li>Capteur de temp\u00e9rature : mesurez la temp\u00e9rature dans le four.<\/li>    <li>Tuyau de chauffage\u00a0: utilis\u00e9 pour le chauffage \u00e9lectrique.<\/li>    <li>Type de gaz : avec br\u00fbleur infrarouge \u00e0 l'int\u00e9rieur.<\/li>    <li>Poign\u00e9e : en cas de panne de courant, vous pouvez tourner la poign\u00e9e pour d\u00e9charger manuellement.<\/li>    <li>Moteur : contr\u00f4le le fonctionnement de la cage tournante du four.<\/li> <\/ul>    <figure class=\"wp-block-gallery has-nested-images columns-default is-cropped wp-block-gallery-3 is-layout-flex wp-block-gallery-is-layout-flex\"> <figure class=\"wp-block-image size-large\"><img loading=\"lazy\" decoding=\"async\" width=\"720\" height=\"540\" data-id=\"386\" src=\"https:\/\/taizynut.com\/wp-content\/uploads\/2023\/04\/small-peanut-roasting-machine-1.webp\" alt=\"petite machine \u00e0 r\u00f4tir les cacahu\u00e8tes\" class=\"wp-image-386\" title=\"\" srcset=\"https:\/\/taizynut.com\/wp-content\/uploads\/2023\/04\/small-peanut-roasting-machine-1.webp 720w, https:\/\/taizynut.com\/wp-content\/uploads\/2023\/04\/small-peanut-roasting-machine-1-300x225.webp 300w\" sizes=\"auto, (max-width: 720px) 100vw, 720px\" \/><figcaption class=\"wp-element-caption\">Petite machine \u00e0 r\u00f4tir les arachides<\/figcaption><\/figure>    <figure class=\"wp-block-image size-large\"><img loading=\"lazy\" decoding=\"async\" width=\"720\" height=\"540\" data-id=\"387\" src=\"https:\/\/taizynut.com\/wp-content\/uploads\/2023\/04\/small-peanut-roasting-machine-2.webp\" alt=\"petite machine \u00e0 r\u00f4tir les cacahu\u00e8tes\" class=\"wp-image-387\" title=\"\" srcset=\"https:\/\/taizynut.com\/wp-content\/uploads\/2023\/04\/small-peanut-roasting-machine-2.webp 720w, https:\/\/taizynut.com\/wp-content\/uploads\/2023\/04\/small-peanut-roasting-machine-2-300x225.webp 300w\" sizes=\"auto, (max-width: 720px) 100vw, 720px\" \/><figcaption class=\"wp-element-caption\">Machine \u00e0 r\u00f4tir les arachides<\/figcaption><\/figure> <\/figure>    <h2 class=\"wp-block-heading\"><strong>Comment fonctionne un torr\u00e9facteur de cacahu\u00e8tes ?<\/strong><\/h2>    <p>La petite machine \u00e0 r\u00f4tir les cacahu\u00e8tes adopte le chauffage \u00e9lectrique ou le chauffage au gaz. Gr\u00e2ce au syst\u00e8me de circulation d'air chaud, il garantit que la chaleur est r\u00e9partie uniform\u00e9ment dans le bac \u00e0 r\u00f4tir, de sorte que les cacahu\u00e8tes soient chauff\u00e9es uniform\u00e9ment et que l'effet de torr\u00e9faction soit meilleur.<\/p>    <p>Le temps de torr\u00e9faction moyen de la machine \u00e0 r\u00f4tir les noix est de 30 minutes et la temp\u00e9rature de torr\u00e9faction varie de 220 \u00e0 260 \u2103 (ajustez-la en fonction des m\u00e9thodes de chauffage). Il y a de petits trous dans le four \u00e0 r\u00f4tir, ce qui facilite la dissipation de la chaleur.<\/p>    <div class=\"wp-block-group\"><div class=\"wp-block-group__inner-container is-layout-constrained wp-block-group-is-layout-constrained\"><div class=\"wp-block-image\"> <figure class=\"aligncenter size-full\"><img loading=\"lazy\" decoding=\"async\" width=\"720\" height=\"540\" src=\"https:\/\/taizynut.com\/wp-content\/uploads\/2023\/04\/peanut-roaster.webp\" alt=\"torr\u00e9facteur d&#039;arachide\" class=\"wp-image-384\" title=\"\" srcset=\"https:\/\/taizynut.com\/wp-content\/uploads\/2023\/04\/peanut-roaster.webp 720w, https:\/\/taizynut.com\/wp-content\/uploads\/2023\/04\/peanut-roaster-300x225.webp 300w\" sizes=\"auto, (max-width: 720px) 100vw, 720px\" \/><figcaption class=\"wp-element-caption\">torr\u00e9facteur d'arachide<\/figcaption><\/figure> <\/div>   <h2 class=\"wp-block-heading\"><strong>Quel est le prix de la machine \u00e0 r\u00f4tir les cacahu\u00e8tes ?<\/strong><\/h2>    <p>Le prix d'un torr\u00e9facteur d'arachides d\u00e9pend de divers facteurs, notamment du mod\u00e8le de l'\u00e9quipement, de la puissance, de la m\u00e9thode de chauffage et du mat\u00e9riau. Diff\u00e9rentes \u00e9chelles de besoins de production correspondront \u00e0 diff\u00e9rentes sp\u00e9cifications de la machine \u00e0 r\u00f4tir les arachides, le prix est donc diff\u00e9rent.<\/p>    <p>Habituellement, le prix d\u2019une petite torr\u00e9faction d\u2019arachides est inf\u00e9rieur \u00e0 celui des moyennes et grandes machines. La r\u00f4tissoire \u00e0 arachides avec chauffage au gaz est plus ch\u00e8re que celle avec chauffage \u00e9lectrique.<\/p>    <p>Si vous souhaitez obtenir un devis pr\u00e9cis, n'h\u00e9sitez pas \u00e0 nous contacter et nous vous fournirons un programme d\u00e9taill\u00e9 et des suggestions raisonnables\u00a0!<\/p> <\/div><\/div>   <div class=\"wp-block-image\"> <figure class=\"aligncenter size-full\"><img loading=\"lazy\" decoding=\"async\" width=\"720\" height=\"540\" src=\"https:\/\/taizynut.com\/wp-content\/uploads\/2024\/04\/peanut-roasting-machine-for-sale.webp\" alt=\"Machine \u00e0 r\u00f4tir les cacahu\u00e8tes \u00e0 vendre\" class=\"wp-image-529\" title=\"\" srcset=\"https:\/\/taizynut.com\/wp-content\/uploads\/2024\/04\/peanut-roasting-machine-for-sale.webp 720w, https:\/\/taizynut.com\/wp-content\/uploads\/2024\/04\/peanut-roasting-machine-for-sale-300x225.webp 300w, https:\/\/taizynut.com\/wp-content\/uploads\/2024\/04\/peanut-roasting-machine-for-sale-16x12.webp 16w\" sizes=\"auto, (max-width: 720px) 100vw, 720px\" \/><figcaption class=\"wp-element-caption\">Machine \u00e0 r\u00f4tir les cacahu\u00e8tes \u00e0 vendre<\/figcaption><\/figure> <\/div>   <h2 class=\"wp-block-heading\"><strong>Quels aliments \u00e0 base d'arachide n\u00e9cessitent la machine \u00e0 r\u00f4tir les arachides\u00a0?<\/strong><\/h2>    <p class=\"translation-block\">Many peanut food processing needs to use peanut roaster machines, such as <a href=\"https:\/\/taizynut.com\/fr\/product\/semi-automatic-peanut-butter-processing-line\/\">peanut butter production line<\/a>, coated peanut production line, <a href=\"https:\/\/taizynut.com\/fr\/product\/peanut-brittle-bar-production-line\/\">peanut candy processing line<\/a>, etc.<\/p>    <p>De plus, la machine \u00e0 r\u00f4tir les noix Taizy est \u00e9galement n\u00e9cessaire dans les sc\u00e9narios suivants\u00a0:<\/p>    <ul class=\"wp-block-list\"> <li>Torr\u00e9faction par lots dans une usine de transformation de noix<\/li>    <li>Entreprises alimentaires pour la production de snacks aux arachides<\/li> <\/ul>    <figure class=\"wp-block-gallery has-nested-images columns-default is-cropped wp-block-gallery-4 is-layout-flex wp-block-gallery-is-layout-flex\"> <figure class=\"wp-block-image size-large\"><img loading=\"lazy\" decoding=\"async\" width=\"474\" height=\"474\" data-id=\"378\" src=\"https:\/\/taizynut.com\/wp-content\/uploads\/2023\/04\/peanut-butter.webp\" alt=\"beurre d&#039;arachide\" class=\"wp-image-378\" title=\"\" srcset=\"https:\/\/taizynut.com\/wp-content\/uploads\/2023\/04\/peanut-butter.webp 474w, https:\/\/taizynut.com\/wp-content\/uploads\/2023\/04\/peanut-butter-300x300.webp 300w, https:\/\/taizynut.com\/wp-content\/uploads\/2023\/04\/peanut-butter-150x150.webp 150w\" sizes=\"auto, (max-width: 474px) 100vw, 474px\" \/><figcaption class=\"wp-element-caption\">Beurre d'arachide<\/figcaption><\/figure>    <figure class=\"wp-block-image size-large\"><img loading=\"lazy\" decoding=\"async\" width=\"474\" height=\"474\" data-id=\"380\" src=\"https:\/\/taizynut.com\/wp-content\/uploads\/2023\/04\/coated-peanuts.webp\" alt=\"cacahu\u00e8tes enrob\u00e9es\" class=\"wp-image-380\" title=\"\" srcset=\"https:\/\/taizynut.com\/wp-content\/uploads\/2023\/04\/coated-peanuts.webp 474w, https:\/\/taizynut.com\/wp-content\/uploads\/2023\/04\/coated-peanuts-300x300.webp 300w, https:\/\/taizynut.com\/wp-content\/uploads\/2023\/04\/coated-peanuts-150x150.webp 150w\" sizes=\"auto, (max-width: 474px) 100vw, 474px\" \/><figcaption class=\"wp-element-caption\">Cacahu\u00e8tes enrob\u00e9es<\/figcaption><\/figure>    <figure class=\"wp-block-image size-large\"><img loading=\"lazy\" decoding=\"async\" width=\"474\" height=\"474\" data-id=\"379\" src=\"https:\/\/taizynut.com\/wp-content\/uploads\/2023\/04\/peanut-biittle.webp\" alt=\"bifteck de cacahu\u00e8te\" class=\"wp-image-379\" title=\"\" srcset=\"https:\/\/taizynut.com\/wp-content\/uploads\/2023\/04\/peanut-biittle.webp 474w, https:\/\/taizynut.com\/wp-content\/uploads\/2023\/04\/peanut-biittle-300x300.webp 300w, https:\/\/taizynut.com\/wp-content\/uploads\/2023\/04\/peanut-biittle-150x150.webp 150w\" sizes=\"auto, (max-width: 474px) 100vw, 474px\" \/><figcaption class=\"wp-element-caption\">Biittle aux cacahu\u00e8tes<\/figcaption><\/figure> <\/figure>    <h2 class=\"wp-block-heading\"><strong>Le torr\u00e9facteur de cacahu\u00e8tes peut-il traiter d\u2019autres noix ?<\/strong><\/h2>    <p class=\"translation-block\">This small peanut roasting machine has a wide range of applications. In addition to peanuts, it can also roast <strong>sunflower seeds, sesame seeds, beans, cocoa beans, <a href=\"https:\/\/en.wikipedia.org\/wiki\/Cashew\" target=\"_blank\" rel=\"noopener\">cashew nuts<\/a>, almonds, walnuts, hazelnuts, pine nuts, white nuts<\/strong>, and other nuts. <\/p>    <p>Lors de la torr\u00e9faction des graines de s\u00e9same, la machine doit \u00eatre personnalis\u00e9e s\u00e9par\u00e9ment. En raison de la petite taille du s\u00e9same, de petits trous ne peuvent pas \u00eatre perc\u00e9s dans le four. Vous devez personnaliser la sortie s\u00e9par\u00e9ment pour que les graines de s\u00e9same tombent.<\/p>    <figure class=\"wp-block-gallery has-nested-images columns-default is-cropped wp-block-gallery-5 is-layout-flex wp-block-gallery-is-layout-flex\"> <figure class=\"wp-block-image size-large\"><img loading=\"lazy\" decoding=\"async\" width=\"720\" height=\"540\" data-id=\"382\" src=\"https:\/\/taizynut.com\/wp-content\/uploads\/2023\/04\/perforated-interior.jpg\" alt=\"int\u00e9rieur perfor\u00e9\" class=\"wp-image-382\" title=\"\" srcset=\"https:\/\/taizynut.com\/wp-content\/uploads\/2023\/04\/perforated-interior.jpg 720w, https:\/\/taizynut.com\/wp-content\/uploads\/2023\/04\/perforated-interior-300x225.jpg 300w\" sizes=\"auto, (max-width: 720px) 100vw, 720px\" \/><figcaption class=\"wp-element-caption\">Int\u00e9rieur perfor\u00e9<\/figcaption><\/figure>    <figure class=\"wp-block-image size-large\"><img loading=\"lazy\" decoding=\"async\" width=\"720\" height=\"540\" data-id=\"381\" src=\"https:\/\/taizynut.com\/wp-content\/uploads\/2023\/04\/peanut-roasting-machine.jpg\" alt=\"machine \u00e0 r\u00f4tir les cacahu\u00e8tes\" class=\"wp-image-381\" title=\"\" srcset=\"https:\/\/taizynut.com\/wp-content\/uploads\/2023\/04\/peanut-roasting-machine.jpg 720w, https:\/\/taizynut.com\/wp-content\/uploads\/2023\/04\/peanut-roasting-machine-300x225.jpg 300w\" sizes=\"auto, (max-width: 720px) 100vw, 720px\" \/><figcaption class=\"wp-element-caption\">Machine \u00e0 r\u00f4tir les noix pour le s\u00e9same<\/figcaption><\/figure>    <figure class=\"wp-block-image size-large\"><img loading=\"lazy\" decoding=\"async\" width=\"720\" height=\"540\" data-id=\"383\" src=\"https:\/\/taizynut.com\/wp-content\/uploads\/2023\/04\/non-porous-interior.jpg\" alt=\"int\u00e9rieur non poreux\" class=\"wp-image-383\" title=\"\" srcset=\"https:\/\/taizynut.com\/wp-content\/uploads\/2023\/04\/non-porous-interior.jpg 720w, https:\/\/taizynut.com\/wp-content\/uploads\/2023\/04\/non-porous-interior-300x225.jpg 300w\" sizes=\"auto, (max-width: 720px) 100vw, 720px\" \/><figcaption class=\"wp-element-caption\">Int\u00e9rieur non poreux<\/figcaption><\/figure> <\/figure>    <p>Si vous avez besoin de plus de d\u00e9tails sur la machine \u00e0 r\u00f4tir les cacahu\u00e8tes, veuillez nous contacter\u00a0!<\/p>","protected":false},"excerpt":{"rendered":"<p>Cette machine \u00e0 r\u00f4tir les cacahu\u00e8tes est sp\u00e9cialis\u00e9e dans le r\u00f4tissage uniforme des cacahu\u00e8tes, des amandes, des noix de cajou, etc. Il a une capacit\u00e9 de 80 \u00e0 700 kg\/h.<\/p>","protected":false},"author":1,"featured_media":388,"parent":0,"template":"","tags":[45,33,58],"product-type":[27],"class_list":["post-377","product","type-product","status-publish","has-post-thumbnail","hentry","tag-peanut","tag-peanut-roasting-machine","tag-roasting","product-type-peanut-kernel-processing"],"_links":{"self":[{"href":"https:\/\/taizynut.com\/fr\/wp-json\/wp\/v2\/product\/377","targetHints":{"allow":["GET"]}}],"collection":[{"href":"https:\/\/taizynut.com\/fr\/wp-json\/wp\/v2\/product"}],"about":[{"href":"https:\/\/taizynut.com\/fr\/wp-json\/wp\/v2\/types\/product"}],"author":[{"embeddable":true,"href":"https:\/\/taizynut.com\/fr\/wp-json\/wp\/v2\/users\/1"}],"wp:featuredmedia":[{"embeddable":true,"href":"https:\/\/taizynut.com\/fr\/wp-json\/wp\/v2\/media\/388"}],"wp:attachment":[{"href":"https:\/\/taizynut.com\/fr\/wp-json\/wp\/v2\/media?parent=377"}],"wp:term":[{"taxonomy":"post_tag","embeddable":true,"href":"https:\/\/taizynut.com\/fr\/wp-json\/wp\/v2\/tags?post=377"},{"taxonomy":"product-type","embeddable":true,"href":"https:\/\/taizynut.com\/fr\/wp-json\/wp\/v2\/product-type?post=377"}],"curies":[{"name":"wp","href":"https:\/\/api.w.org\/{rel}","templated":true}]}}