{"id":38,"date":"2022-08-25T03:05:22","date_gmt":"2022-08-25T03:05:22","guid":{"rendered":"https:\/\/taizynut.com\/?post_type=product&#038;p=38"},"modified":"2024-05-31T18:11:33","modified_gmt":"2024-05-31T10:11:33","slug":"peanut-harvesting-machine","status":"publish","type":"product","link":"https:\/\/taizynut.com\/fr\/product\/peanut-harvesting-machine\/","title":{"rendered":"R\u00e9colteuse d'arachides pour creuser les arachides"},"content":{"rendered":"<p class=\"translation-block\">La <strong>machine de r\u00e9colte d'arachide<\/strong> sert \u00e0 s\u00e9parer les arachides qui poussent dans les champs du sol. Elle doit fonctionner avec un tracteur et avoir un taux de r\u00e9colte de \u226598%, un taux de rupture de \u22641% et un taux de nettoyage de \u226595%.<\/p>    <p>Nous avons 3 types de r\u00e9colteuses d'arachides pour votre r\u00e9f\u00e9rence\u00a0: HS-800, HS-1500 et 1650. Les deux peuvent terminer la r\u00e9colte d'arachides en passant par les \u00e9tapes de creusement, d'enl\u00e8vement de la terre et de cueillette des fruits.<\/p>    <p>Dot\u00e9e de son tamis vibrant et d'un fonctionnement simple et facile, cette pelleteuse d'arachides est tr\u00e8s populaire dans les pays du Nigeria, de l'Italie, du S\u00e9n\u00e9gal, de Saint-Kitts-et-Nevis, etc. Si vous \u00eates int\u00e9ress\u00e9, contactez-nous maintenant pour plus de d\u00e9tails sur la machine\u00a0!<\/p>    <figure class=\"wp-block-embed is-type-video is-provider-youtube wp-block-embed-youtube wp-embed-aspect-16-9 wp-has-aspect-ratio\"><div class=\"wp-block-embed__wrapper\"> <iframe loading=\"lazy\" title=\"Comment r\u00e9colter les cacahu\u00e8tes rapidement et efficacement ? Prix \u200b\u200bde la r\u00e9colteuse d&#039;arachide\" width=\"500\" height=\"281\" src=\"https:\/\/www.youtube.com\/embed\/l9x05MhLUuM?feature=oembed\" frameborder=\"0\" allow=\"accelerometer; autoplay; clipboard-write; encrypted-media; gyroscope; picture-in-picture; web-share\" referrerpolicy=\"strict-origin-when-cross-origin\" allowfullscreen><\/iframe> <\/div><figcaption class=\"wp-element-caption\">vid\u00e9o sur le fonctionnement du nouveau type de r\u00e9colteuse d'arachides<\/figcaption><\/figure>    <h2 class=\"wp-block-heading\">Avantages de la r\u00e9colteuse d'arachides<\/h2>    <ul class=\"wp-block-list\"> <li><strong>Taux de nettoyage de \u226595% et taux de r\u00e9colte de \u226598%<\/strong>: La r\u00e9colte est propre et le taux de chute des fruits est faible. Lorsque les cacahu\u00e8tes sont r\u00e9colt\u00e9es, les cacahu\u00e8tes dispers\u00e9es peuvent \u00eatre ramass\u00e9es ensemble.<\/li>    <li><strong>Cha\u00eene d'escalade<\/strong>: Cette machine adopte une cha\u00eene flexible pour transporter les cacahu\u00e8tes r\u00e9colt\u00e9es.<\/li>    <li><strong>Tamis vibrant suppl\u00e9mentaire<\/strong>: Lors de la r\u00e9colte, il peut stocker les arachides tomb\u00e9es sans cueillette manuelle, ce qui \u00e9conomise du travail. <\/li>    <li><strong>Equip\u00e9 de lames mobiles<\/strong>: Cette conception minimise la r\u00e9sistance \u00e0 la r\u00e9colte, ce qui acc\u00e9l\u00e8re la vitesse de r\u00e9colte.<\/li> <\/ul>   <div class=\"wp-block-image\"> <figure class=\"aligncenter size-full\"><img loading=\"lazy\" decoding=\"async\" width=\"720\" height=\"540\" src=\"https:\/\/taizynut.com\/wp-content\/uploads\/2022\/08\/Peanut-harvesting-machine-1.webp\" alt=\"Machine \u00e0 r\u00e9colter les cacahu\u00e8tes\" class=\"wp-image-42\" title=\"\" srcset=\"https:\/\/taizynut.com\/wp-content\/uploads\/2022\/08\/Peanut-harvesting-machine-1.webp 720w, https:\/\/taizynut.com\/wp-content\/uploads\/2022\/08\/Peanut-harvesting-machine-1-300x225.webp 300w\" sizes=\"auto, (max-width: 720px) 100vw, 720px\" \/><figcaption class=\"wp-element-caption\">Machine \u00e0 r\u00e9colter les cacahu\u00e8tes<\/figcaption><\/figure> <\/div>   <h2 class=\"wp-block-heading\">Param\u00e8tres de la r\u00e9colteuse d'arachides<\/h2>    <p>Nous avons des arracheuses d'arachides HS-800, HS-1500 et HS-1650 \u00e0 vendre, leurs param\u00e8tres sp\u00e9cifiques sont respectivement d\u00e9crits ci-dessous\u00a0:<\/p>    <figure class=\"wp-block-table\"><table><tbody><tr><td>Mod\u00e8le<\/td><td>HS-800<\/td><\/tr><tr><td>Capacit\u00e9<\/td><td>1300-2000 m\u00e8tres carr\u00e9s\/h<\/td><\/tr><tr><td>Tarif d'emballage<\/td><td>\u226598%<\/td><\/tr><tr><td>Taux de rupture<\/td><td>\u22641%<\/td><\/tr><tr><td>Tarif nettoyage<\/td><td>\u226595%<\/td><\/tr><tr><td>Poids<\/td><td>280 kg<\/td><\/tr><tr><td>Pouvoir de la maison<\/td><td>30 CV<\/td><\/tr><tr><td>Largeur de r\u00e9colte<\/td><td>deux rang\u00e9es<\/td><\/tr><tr><td>Distance entre les rang\u00e9es<\/td><td>750-850mm<\/td><\/tr><tr><td>\u00c9cartement des rangs<\/td><td>180-250mm<\/td><\/tr><tr><td>Dimension<\/td><td>2100*1050*1030mm<\/td><\/tr><\/tbody><\/table><figcaption class=\"wp-element-caption\">Param\u00e8tres de la r\u00e9colteuse d'arachides HS-800<\/figcaption><\/figure>    <figure class=\"wp-block-table\"><table><tbody><tr><td>Mod\u00e8le<\/td><td>HS-1500<\/td><td>HS-1650<\/td><\/tr><tr><td>Une puissance adapt\u00e9e<\/td><td>37-44kw<\/td><td>60-81kw<\/td><\/tr><tr><td>Largeur de travail<\/td><td>1500 mm<\/td><td>1600mm<\/td><\/tr><tr><td>Capacit\u00e9<\/td><td>0,15-0,22 h\u33a1\/h<\/td><td>0,16-0,25 h\u33a1\/h<\/td><\/tr><tr><td>Poids de la machine<\/td><td>450 kg<\/td><td>780 kg<\/td><\/tr><tr><td>Taille de la machine<\/td><td>3140*1770*1150mm<\/td><td>3830*1990*1340mm<\/td><\/tr><\/tbody><\/table><figcaption class=\"wp-element-caption\">Param\u00e8tres de l'\u00e9quipement de r\u00e9colte d'arachides HS-1500 et HS-1650<\/figcaption><\/figure>    <p>Vous pouvez d\u00e9cider quelle r\u00e9colteuse d'arachides utiliser en fonction de votre \u00e9chelle de plantation et de vos besoins en mati\u00e8re de r\u00e9colte d'arachides. <\/p>    <p>Si vous avez besoin d'aide, contactez-nous et nous vous proposerons la solution la plus adapt\u00e9e \u00e0 vos besoins.<\/p>    <figure class=\"wp-block-image size-full is-resized\"><img loading=\"lazy\" decoding=\"async\" width=\"720\" height=\"540\" src=\"https:\/\/taizynut.com\/wp-content\/uploads\/2022\/08\/peanut-harvester-factory.webp\" alt=\"usine de r\u00e9colte d&#039;arachides\" class=\"wp-image-47\" style=\"width:840px;height:auto\" title=\"\" srcset=\"https:\/\/taizynut.com\/wp-content\/uploads\/2022\/08\/peanut-harvester-factory.webp 720w, https:\/\/taizynut.com\/wp-content\/uploads\/2022\/08\/peanut-harvester-factory-300x225.webp 300w\" sizes=\"auto, (max-width: 720px) 100vw, 720px\" \/><figcaption class=\"wp-element-caption\">Usine de r\u00e9colte d'arachides<\/figcaption><\/figure>    <h2 class=\"wp-block-heading\" id=\"h-the-function-of-peanut-harvester\">La fonction de la r\u00e9colteuse d'arachides<\/h2>    <p>La machine de r\u00e9colte d'arachides remplace le creusement manuel des fruits d'arachide, retourne les arachides hors du sol et place les plants d'arachides d\u00e9terr\u00e9s sur le c\u00f4t\u00e9 de la machine, ce qui est pratique pour \u00eatre retir\u00e9 directement par une voiture. <\/p>    <figure class=\"wp-block-embed is-type-video is-provider-youtube wp-block-embed-youtube wp-embed-aspect-16-9 wp-has-aspect-ratio\"><div class=\"wp-block-embed__wrapper\"> <iframe loading=\"lazy\" title=\"Quelle machine est utilis\u00e9e pour r\u00e9colter les cacahu\u00e8tes ? | Comment fonctionne une r\u00e9colteuse de cacahu\u00e8tes ? | r\u00e9colte d&#039;arachide\" width=\"500\" height=\"281\" src=\"https:\/\/www.youtube.com\/embed\/pBuKYAphb0M?feature=oembed\" frameborder=\"0\" allow=\"accelerometer; autoplay; clipboard-write; encrypted-media; gyroscope; picture-in-picture; web-share\" referrerpolicy=\"strict-origin-when-cross-origin\" allowfullscreen><\/iframe> <\/div><figcaption class=\"wp-element-caption\">vid\u00e9o de travail de la machine \u00e0 r\u00e9colter les arachides<\/figcaption><\/figure>    <p>Le taux de r\u00e9cup\u00e9ration net est sup\u00e9rieur \u00e0 99% et le taux de pelage est inf\u00e9rieur \u00e0 1%. Apr\u00e8s avoir \u00e9t\u00e9 transform\u00e9es par la r\u00e9colteuse d'arachides, il n'y a presque plus d'arachides dans le monde.<\/p>    <figure class=\"wp-block-gallery has-nested-images columns-default is-cropped wp-block-gallery-2 is-layout-flex wp-block-gallery-is-layout-flex\"> <figure class=\"wp-block-image size-large\"><img loading=\"lazy\" decoding=\"async\" width=\"720\" height=\"540\" data-id=\"49\" src=\"https:\/\/taizynut.com\/wp-content\/uploads\/2022\/08\/groundnut-harvester-1.webp\" alt=\"r\u00e9colteuse d&#039;arachides\" class=\"wp-image-49\" title=\"\" srcset=\"https:\/\/taizynut.com\/wp-content\/uploads\/2022\/08\/groundnut-harvester-1.webp 720w, https:\/\/taizynut.com\/wp-content\/uploads\/2022\/08\/groundnut-harvester-1-300x225.webp 300w\" sizes=\"auto, (max-width: 720px) 100vw, 720px\" \/><figcaption class=\"wp-element-caption\">R\u00e9colteuse d'arachides<\/figcaption><\/figure>    <figure class=\"wp-block-image size-large\"><img loading=\"lazy\" decoding=\"async\" width=\"720\" height=\"540\" data-id=\"45\" src=\"https:\/\/taizynut.com\/wp-content\/uploads\/2022\/08\/groundnut-harvesting.webp\" alt=\"r\u00e9colte d&#039;arachide\" class=\"wp-image-45\" title=\"\" srcset=\"https:\/\/taizynut.com\/wp-content\/uploads\/2022\/08\/groundnut-harvesting.webp 720w, https:\/\/taizynut.com\/wp-content\/uploads\/2022\/08\/groundnut-harvesting-300x225.webp 300w\" sizes=\"auto, (max-width: 720px) 100vw, 720px\" \/><figcaption class=\"wp-element-caption\">R\u00e9colte des arachides<\/figcaption><\/figure> <\/figure>    <h2 class=\"wp-block-heading\">Effet de travail de la r\u00e9colteuse d'arachides<\/h2>    <p>Lorsque les cacahu\u00e8tes seront \u00e0 nouveau r\u00e9colt\u00e9es, les cacahu\u00e8tes qui ne sont pas \u00e9troitement li\u00e9es aux plants d'arachide tomberont. Les cacahu\u00e8tes doivent \u00eatre ramass\u00e9es une \u00e0 une pour une r\u00e9colte manuelle. <\/p>    <p>La r\u00e9colteuse de cacahu\u00e8tes a une structure sp\u00e9ciale pour collecter automatiquement les cacahu\u00e8tes dispers\u00e9es. Disposez tous les plants de cacahu\u00e8tes d\u2019un c\u00f4t\u00e9 pour faciliter la collecte des cacahu\u00e8tes.<\/p>    <figure class=\"wp-block-gallery has-nested-images columns-default is-cropped wp-block-gallery-3 is-layout-flex wp-block-gallery-is-layout-flex\"> <figure class=\"wp-block-image size-large\"><img loading=\"lazy\" decoding=\"async\" width=\"720\" height=\"540\" data-id=\"43\" src=\"https:\/\/taizynut.com\/wp-content\/uploads\/2022\/08\/Peanut-harvesting-machine-detail.webp\" alt=\"D\u00e9tail de la machine \u00e0 r\u00e9colter les arachides\" class=\"wp-image-43\" title=\"\" srcset=\"https:\/\/taizynut.com\/wp-content\/uploads\/2022\/08\/Peanut-harvesting-machine-detail.webp 720w, https:\/\/taizynut.com\/wp-content\/uploads\/2022\/08\/Peanut-harvesting-machine-detail-300x225.webp 300w\" sizes=\"auto, (max-width: 720px) 100vw, 720px\" \/><figcaption class=\"wp-element-caption\">D\u00e9tail de la machine de r\u00e9colte d'arachides<\/figcaption><\/figure>    <figure class=\"wp-block-image size-large\"><img loading=\"lazy\" decoding=\"async\" width=\"720\" height=\"540\" data-id=\"41\" src=\"https:\/\/taizynut.com\/wp-content\/uploads\/2022\/08\/Peanut-harvesting.webp\" alt=\"R\u00e9colte d&#039;arachides\" class=\"wp-image-41\" title=\"\" srcset=\"https:\/\/taizynut.com\/wp-content\/uploads\/2022\/08\/Peanut-harvesting.webp 720w, https:\/\/taizynut.com\/wp-content\/uploads\/2022\/08\/Peanut-harvesting-300x225.webp 300w\" sizes=\"auto, (max-width: 720px) 100vw, 720px\" \/><figcaption class=\"wp-element-caption\">R\u00e9colte des arachides<\/figcaption><\/figure> <\/figure>    <h2 class=\"wp-block-heading\">Comment utiliser la r\u00e9colteuse d'arachides ?<\/h2>    <p class=\"translation-block\">L'arracheuse d'arachide doit fonctionner avec un tracteur adapt\u00e9. Si vous poss\u00e9dez d\u00e9j\u00e0 un <a href=\"https:\/\/en.wikipedia.org\/wiki\/Tractor\" data-type=\"URL\" data-id=\"https:\/\/en.wikipedia.org\/wiki\/Tractor\" target=\"_blank\" rel=\"noopener\">tracteur<\/a>, vous pouvez utiliser votre propre tracteur. Sinon, nous avons \u00e9galement un tracteur correspondant, vous pouvez choisir de l'acheter. <\/p>    <p>L'espacement des rang\u00e9es d'arachides peut \u00eatre ajust\u00e9 entre 180 et 250 mm. La profondeur de travail de la r\u00e9colteuse d'arachides est de 3 \u00e0 5 cm. Applicable \u00e0 une ligne et deux lignes. <\/p>    <p class=\"translation-block\">Un<a href=\"https:\/\/taizynut.com\/fr\/product\/peanut-planting-machine\/\"> semoir d'arachide <\/a>peut \u00eatre utilis\u00e9 dans l'industrie de production d'arachide apr\u00e8s la r\u00e9colte des arachides si vous pouvez \u00e9galement utiliser une machine \u00e0 \u00e9plucher les arachides pour ramasser le fruit de l'arachide. Cela permet d'\u00e9conomiser plus de temps et d'efforts.<\/p>   <div class=\"wp-block-image\"> <figure class=\"aligncenter size-full\"><img loading=\"lazy\" decoding=\"async\" width=\"720\" height=\"540\" src=\"https:\/\/taizynut.com\/wp-content\/uploads\/2022\/08\/groundnut-harvester.webp\" alt=\"r\u00e9colteuse d&#039;arachides\" class=\"wp-image-46\" title=\"\" srcset=\"https:\/\/taizynut.com\/wp-content\/uploads\/2022\/08\/groundnut-harvester.webp 720w, https:\/\/taizynut.com\/wp-content\/uploads\/2022\/08\/groundnut-harvester-300x225.webp 300w\" sizes=\"auto, (max-width: 720px) 100vw, 720px\" \/><figcaption class=\"wp-element-caption\">r\u00e9colteuse d'arachides<\/figcaption><\/figure> <\/div>   <h2 class=\"wp-block-heading\">Structure de la machine de r\u00e9colte d'arachides<\/h2>    <ul class=\"wp-block-list\"> <li>Pelle pour creuser profond\u00e9ment dans le sol et ameublir le sol ;<\/li>    <li>L'arbre de transmission est le dispositif de transmission de la r\u00e9colteuse d'arachides, qui entra\u00eene d'autres structures \u00e0 se d\u00e9placer ensemble\u00a0;<\/li>    <li>Barbes pour la disposition ordonn\u00e9e des cacahu\u00e8tes\u00a0;<\/li>    <li>Le tamis vibrant r\u00e9cup\u00e8re les cacahu\u00e8tes tombant du sol et am\u00e9liore le taux de collecte de la r\u00e9colteuse d'arachides.<\/li> <\/ul>   <div class=\"wp-block-image\"> <figure class=\"aligncenter size-full\"><img loading=\"lazy\" decoding=\"async\" width=\"720\" height=\"540\" src=\"https:\/\/taizynut.com\/wp-content\/uploads\/2022\/08\/peanut-harvesting-machine-2.webp\" alt=\"machine de r\u00e9colte d&#039;arachide\" class=\"wp-image-51\" title=\"\" srcset=\"https:\/\/taizynut.com\/wp-content\/uploads\/2022\/08\/peanut-harvesting-machine-2.webp 720w, https:\/\/taizynut.com\/wp-content\/uploads\/2022\/08\/peanut-harvesting-machine-2-300x225.webp 300w\" sizes=\"auto, (max-width: 720px) 100vw, 720px\" \/><figcaption class=\"wp-element-caption\">machine de r\u00e9colte d'arachide<\/figcaption><\/figure> <\/div>   <h2 class=\"wp-block-heading\">Principe de fonctionnement de la r\u00e9colteuse d'arachides<\/h2>    <p>L'arracheuse d'arachides adopte le principe d'un tamis vibrant. Apr\u00e8s agitation, la terre des cacahu\u00e8tes est secou\u00e9e et les cacahu\u00e8tes sont \u00e9vacu\u00e9es dans une section pour un recyclage facile.<\/p>   <div class=\"wp-block-image\"> <figure class=\"aligncenter size-full\"><img loading=\"lazy\" decoding=\"async\" width=\"720\" height=\"540\" src=\"https:\/\/taizynut.com\/wp-content\/uploads\/2022\/08\/peanut-harvester.webp\" alt=\"r\u00e9colteuse d&#039;arachides\" class=\"wp-image-48\" title=\"\" srcset=\"https:\/\/taizynut.com\/wp-content\/uploads\/2022\/08\/peanut-harvester.webp 720w, https:\/\/taizynut.com\/wp-content\/uploads\/2022\/08\/peanut-harvester-300x225.webp 300w\" sizes=\"auto, (max-width: 720px) 100vw, 720px\" \/><figcaption class=\"wp-element-caption\">r\u00e9colteuse d'arachides<\/figcaption><\/figure> <\/div>   <h2 class=\"wp-block-heading\"><strong>Entretien quotidien de la machine \u00e0 r\u00e9colter les arachides<\/strong><\/h2>    <ol class=\"wp-block-list\"> <li>Apr\u00e8s chaque quart de travail, la terre de chaque partie de la machine doit \u00eatre enlev\u00e9e et les mauvaises herbes enroul\u00e9es autour de la machine doivent \u00eatre \u00e9limin\u00e9es.<\/li>    <li>V\u00e9rifiez les attaches des diff\u00e9rentes pi\u00e8ces, si elles sont desserr\u00e9es, fixez-les \u00e0 temps et v\u00e9rifiez l'usure de la ceinture.&nbsp;<\/li>    <li>V\u00e9rifiez si chaque pi\u00e8ce rotative tourne de mani\u00e8re flexible. Si ce n'est pas normal, il faut l'ajuster et l'\u00e9liminer \u00e0 temps.<\/li>    <li>Lorsqu'ils ne sont pas utilis\u00e9s pendant une longue p\u00e9riode, les outils doivent \u00eatre prot\u00e9g\u00e9s de la pluie et \u00e9viter tout contact avec des substances acides pour \u00e9viter la corrosion. Les lames doivent \u00eatre huil\u00e9es !<\/li> <\/ol>   <div class=\"wp-block-image\"> <figure class=\"aligncenter size-full\"><img loading=\"lazy\" decoding=\"async\" width=\"720\" height=\"540\" src=\"https:\/\/taizynut.com\/wp-content\/uploads\/2022\/08\/groundnut-harvester-2.webp\" alt=\"r\u00e9colteuse d&#039;arachides\" class=\"wp-image-50\" title=\"\" srcset=\"https:\/\/taizynut.com\/wp-content\/uploads\/2022\/08\/groundnut-harvester-2.webp 720w, https:\/\/taizynut.com\/wp-content\/uploads\/2022\/08\/groundnut-harvester-2-300x225.webp 300w\" sizes=\"auto, (max-width: 720px) 100vw, 720px\" \/><figcaption class=\"wp-element-caption\">r\u00e9colteuse d'arachides<\/figcaption><\/figure> <\/div>","protected":false},"excerpt":{"rendered":"<p>La machine de r\u00e9colte d'arachides sert \u00e0 s\u00e9parer les arachides qui poussent dans les champs du sol. Il a un taux de r\u00e9colte de \u226598%, un taux de rupture de \u22641% et un taux de nettoyage de \u226595%.<\/p>","protected":false},"author":1,"featured_media":40,"parent":0,"template":"","tags":[52],"product-type":[12],"class_list":["post-38","product","type-product","status-publish","has-post-thumbnail","hentry","tag-peanut-harvesting","product-type-peanut-harvester"],"_links":{"self":[{"href":"https:\/\/taizynut.com\/fr\/wp-json\/wp\/v2\/product\/38","targetHints":{"allow":["GET"]}}],"collection":[{"href":"https:\/\/taizynut.com\/fr\/wp-json\/wp\/v2\/product"}],"about":[{"href":"https:\/\/taizynut.com\/fr\/wp-json\/wp\/v2\/types\/product"}],"author":[{"embeddable":true,"href":"https:\/\/taizynut.com\/fr\/wp-json\/wp\/v2\/users\/1"}],"wp:featuredmedia":[{"embeddable":true,"href":"https:\/\/taizynut.com\/fr\/wp-json\/wp\/v2\/media\/40"}],"wp:attachment":[{"href":"https:\/\/taizynut.com\/fr\/wp-json\/wp\/v2\/media?parent=38"}],"wp:term":[{"taxonomy":"post_tag","embeddable":true,"href":"https:\/\/taizynut.com\/fr\/wp-json\/wp\/v2\/tags?post=38"},{"taxonomy":"product-type","embeddable":true,"href":"https:\/\/taizynut.com\/fr\/wp-json\/wp\/v2\/product-type?post=38"}],"curies":[{"name":"wp","href":"https:\/\/api.w.org\/{rel}","templated":true}]}}