{"id":52,"date":"2022-08-25T07:18:33","date_gmt":"2022-08-25T07:18:33","guid":{"rendered":"https:\/\/taizynut.com\/?post_type=product&#038;p=52"},"modified":"2024-05-31T09:37:26","modified_gmt":"2024-05-31T01:37:26","slug":"peanut-picking-machine","status":"publish","type":"product","link":"https:\/\/taizynut.com\/fr\/product\/peanut-picking-machine\/","title":{"rendered":"Machine de cueillette d'arachides pour la r\u00e9colte d'arachides"},"content":{"rendered":"<p class=\"translation-block\"><strong>Machine de collecte d\u2019arachides<\/strong> est une machine utilis\u00e9e pour s\u00e9parer les plantules d\u2019arachide des arachides. La machine peut automatiquement ramasser les arachides avec une capacit\u00e9 de manipulation de 800-1000kg\/h.<\/p>    <p>Cette machine est tr\u00e8s utile pour la r\u00e9colte des arachides car elle a un taux de cueillette de &gt;99%, un taux de casse de &lt;1% et un taux d&#039;impuret\u00e9s de &lt;1%.<\/p>    <figure class=\"wp-block-image size-full\"><img loading=\"lazy\" decoding=\"async\" width=\"720\" height=\"540\" src=\"https:\/\/taizynut.com\/wp-content\/uploads\/2022\/08\/Peanut-picking-machine-1.webp\" alt=\"Machine \u00e0 cueillir des cacahu\u00e8tes\" class=\"wp-image-55\" title=\"\" srcset=\"https:\/\/taizynut.com\/wp-content\/uploads\/2022\/08\/Peanut-picking-machine-1.webp 720w, https:\/\/taizynut.com\/wp-content\/uploads\/2022\/08\/Peanut-picking-machine-1-300x225.webp 300w\" sizes=\"auto, (max-width: 720px) 100vw, 720px\" \/><figcaption class=\"wp-element-caption\">Machine de cueillette d'arachides<\/figcaption><\/figure>    <p>Avec les mises \u00e0 niveau technologiques continues et la n\u00e9cessit\u00e9 de r\u00e9pondre aux besoins des clients, nous disposons d\u00e9sormais de trois types de r\u00e9colteuses d'arachides parmi lesquelles vous pouvez choisir\u00a0: petite, moyenne et grande. Si vous \u00eates int\u00e9ress\u00e9, contactez-nous !<\/p>    <figure class=\"wp-block-embed is-type-video is-provider-youtube wp-block-embed-youtube wp-embed-aspect-16-9 wp-has-aspect-ratio\"><div class=\"wp-block-embed__wrapper\"> <iframe loading=\"lazy\" title=\"Guide sur le choix des cueilleurs d&#039;arachides\u00a0: prix des machines de r\u00e9colte des cueilleurs d&#039;arachides petites, moyennes et grandes\" width=\"500\" height=\"281\" src=\"https:\/\/www.youtube.com\/embed\/AfUDyNqa8cs?feature=oembed\" frameborder=\"0\" allow=\"accelerometer; autoplay; clipboard-write; encrypted-media; gyroscope; picture-in-picture; web-share\" referrerpolicy=\"strict-origin-when-cross-origin\" allowfullscreen><\/iframe> <\/div><figcaption class=\"wp-element-caption\">vid\u00e9o d'introduction des types de cueilleurs d'arachides<\/figcaption><\/figure>    <h2 class=\"wp-block-heading\">Avantages de la machine \u00e0 cueillir des cacahu\u00e8tes<\/h2>    <ul class=\"wp-block-list\"> <li><strong>Moteur \u00e9lectrique, moteur diesel et prise de force disponibles<\/strong>: La machine de cueillette d'arachides humides et s\u00e8ches peut utiliser ces 3 syst\u00e8mes d'alimentation comme puissance entra\u00een\u00e9e lors de la r\u00e9colte des arachides.<\/li>    <li><strong>Taux d'impuret\u00e9s &lt;1%<\/strong>: Apr\u00e8s cueillette et nettoyage, les cacahu\u00e8tes sont propres et exemptes d'impuret\u00e9s, et peuvent \u00eatre directement ensach\u00e9es et stock\u00e9es apr\u00e8s s\u00e9chage.<\/li>    <li><strong>Cueilleurs d'arachides petits, moyens et grands \u00e0 vendre<\/strong>: Nous avons d\u00e9sormais 3 mod\u00e8les parmi lesquels choisir. Quelle que soit la taille de votre zone de plantation, il y en a toujours une qui vous convient.<\/li> <\/ul>   <div class=\"wp-block-image\"> <figure class=\"aligncenter size-full\"><img loading=\"lazy\" decoding=\"async\" width=\"720\" height=\"540\" src=\"https:\/\/taizynut.com\/wp-content\/uploads\/2022\/08\/groundnut-picker-for-sale.webp\" alt=\"cueilleur d&#039;arachides \u00e0 vendre\" class=\"wp-image-591\" title=\"\" srcset=\"https:\/\/taizynut.com\/wp-content\/uploads\/2022\/08\/groundnut-picker-for-sale.webp 720w, https:\/\/taizynut.com\/wp-content\/uploads\/2022\/08\/groundnut-picker-for-sale-300x225.webp 300w, https:\/\/taizynut.com\/wp-content\/uploads\/2022\/08\/groundnut-picker-for-sale-16x12.webp 16w\" sizes=\"auto, (max-width: 720px) 100vw, 720px\" \/><figcaption class=\"wp-element-caption\">cueilleur d'arachides \u00e0 vendre<\/figcaption><\/figure> <\/div>   <h2 class=\"wp-block-heading\">Param\u00e8tres du cueilleur d'arachides<\/h2>    <figure class=\"wp-block-gallery has-nested-images columns-default is-cropped wp-block-gallery-2 is-layout-flex wp-block-gallery-is-layout-flex\"> <figure class=\"wp-block-image size-large\"><img loading=\"lazy\" decoding=\"async\" width=\"720\" height=\"540\" data-id=\"59\" src=\"https:\/\/taizynut.com\/wp-content\/uploads\/2022\/08\/peanut-picking-machine.webp\" alt=\"petite machine \u00e0 cueillir des cacahu\u00e8tes\" class=\"wp-image-59\" title=\"\" srcset=\"https:\/\/taizynut.com\/wp-content\/uploads\/2022\/08\/peanut-picking-machine.webp 720w, https:\/\/taizynut.com\/wp-content\/uploads\/2022\/08\/peanut-picking-machine-300x225.webp 300w\" sizes=\"auto, (max-width: 720px) 100vw, 720px\" \/><figcaption class=\"wp-element-caption\">Petite machine de cueillette d'arachides<\/figcaption><\/figure>    <figure class=\"wp-block-image size-large\"><img loading=\"lazy\" decoding=\"async\" width=\"720\" height=\"540\" data-id=\"591\" src=\"https:\/\/taizynut.com\/wp-content\/uploads\/2022\/08\/groundnut-picker-for-sale.webp\" alt=\"cueilleur d&#039;arachides \u00e0 vendre\" class=\"wp-image-591\" title=\"\" srcset=\"https:\/\/taizynut.com\/wp-content\/uploads\/2022\/08\/groundnut-picker-for-sale.webp 720w, https:\/\/taizynut.com\/wp-content\/uploads\/2022\/08\/groundnut-picker-for-sale-300x225.webp 300w, https:\/\/taizynut.com\/wp-content\/uploads\/2022\/08\/groundnut-picker-for-sale-16x12.webp 16w\" sizes=\"auto, (max-width: 720px) 100vw, 720px\" \/><figcaption class=\"wp-element-caption\">Cueilleur d'arachide moyen \u00e0 vendre<\/figcaption><\/figure>    <figure class=\"wp-block-image size-full\"><img loading=\"lazy\" decoding=\"async\" width=\"720\" height=\"540\" data-id=\"64\" src=\"https:\/\/taizynut.com\/wp-content\/uploads\/2022\/08\/groundnut-thresher-1.webp\" alt=\"batteuse d&#039;arachides\" class=\"wp-image-64\" title=\"\" srcset=\"https:\/\/taizynut.com\/wp-content\/uploads\/2022\/08\/groundnut-thresher-1.webp 720w, https:\/\/taizynut.com\/wp-content\/uploads\/2022\/08\/groundnut-thresher-1-300x225.webp 300w\" sizes=\"auto, (max-width: 720px) 100vw, 720px\" \/><figcaption class=\"wp-element-caption\">Grand cueilleur d'arachides<\/figcaption><\/figure> <\/figure>    <p>Nous disposons de diff\u00e9rents types de machines. Cette machine est une machine de petite et moyenne taille avec un rendement de 800 \u00e0 1 100 kg\/h. Si vous avez des besoins diff\u00e9rents, vous pouvez nous contacter et nous pouvons vous envoyer d'autres types d'informations sur la machine.<\/p>    <figure class=\"wp-block-table\"><table><tbody><tr><td>Mod\u00e8le<\/td><td>&nbsp;5HZ-600 &nbsp;<\/td><td>5HZ-1000<\/td><td>5HZ-1800<\/td><\/tr><tr><td>Taille<\/td><td>1960*1500*1370mm<\/td><td>2260*1000*1450mm<\/td><td>6550*2000*1800mm<\/td><\/tr><tr><td>Poids<\/td><td>150Kg<\/td><td>200 kg<\/td><td>900 kg<\/td><\/tr><tr><td>Pouvoir<\/td><td>Moteur 7,5 kW, moteur diesel 10 CV<\/td><td>Moteur 7,5 kW, moteur diesel 12 CV ou tracteur<\/td><td>Moteur 22kw, moteur diesel 28HP ou tracteur \u226535HP<\/td><\/tr><tr><td>Capacit\u00e9<\/td><td>800-1000kg\/heure<\/td><td>1000kg\/heure<\/td><td>1100kg\/heure<\/td><\/tr><tr><td>Tarif de pr\u00e9paration<\/td><td>&gt;99%<\/td><td>&gt;99%<\/td><td>&gt;99%<\/td><\/tr><tr><td>Taux de rupture<\/td><td>\uff1c1%<\/td><td>\uff1c1%<\/td><td>\u22643%<\/td><\/tr><tr><td>Taux d'impuret\u00e9s<\/td><td>\uff1c1%<\/td><td>\uff1c1%<\/td><td>\u22642%<\/td><\/tr><\/tbody><\/table><figcaption class=\"wp-element-caption\">param\u00e8tre du creuseur d'arachides<\/figcaption><\/figure>    <h2 class=\"wp-block-heading\" id=\"h-raw-material-for-peanut-picking-machine\">Mati\u00e8re premi\u00e8re pour l'\u00e9quipement de r\u00e9colte d'arachides<\/h2>    <p>Le cueilleur d'arachides convient aux cacahu\u00e8tes fra\u00eechement r\u00e9colt\u00e9es, c'est-\u00e0-dire les cacahu\u00e8tes humides, et peut \u00e9galement \u00eatre utilis\u00e9 pour les cacahu\u00e8tes s\u00e8ches. C'est une machine humide et s\u00e8che. <\/p>    <p>Il n'y a pas trop de restrictions sur l'\u00e9tat des cacahu\u00e8tes. Il peut \u00eatre directement connect\u00e9 au tracteur, puis directement dans le champ pour traiter les cacahu\u00e8tes fra\u00eechement r\u00e9colt\u00e9es.<\/p>   <div class=\"wp-block-image\"> <figure class=\"aligncenter size-full\"><img loading=\"lazy\" decoding=\"async\" width=\"720\" height=\"540\" src=\"https:\/\/taizynut.com\/wp-content\/uploads\/2022\/08\/Raw-material-for-peanut-picking-machine.webp\" alt=\"Mati\u00e8re premi\u00e8re pour machine de cueillette d&#039;arachides\" class=\"wp-image-56\" title=\"\" srcset=\"https:\/\/taizynut.com\/wp-content\/uploads\/2022\/08\/Raw-material-for-peanut-picking-machine.webp 720w, https:\/\/taizynut.com\/wp-content\/uploads\/2022\/08\/Raw-material-for-peanut-picking-machine-300x225.webp 300w\" sizes=\"auto, (max-width: 720px) 100vw, 720px\" \/><figcaption class=\"wp-element-caption\">Mati\u00e8re premi\u00e8re pour machine de cueillette d'arachides<\/figcaption><\/figure> <\/div>   <h2 class=\"wp-block-heading\">Comment fonctionne un ramasseur de cacahu\u00e8tes ?<\/h2>   <div class=\"wp-block-image\"> <figure class=\"aligncenter size-full\"><img loading=\"lazy\" decoding=\"async\" width=\"720\" height=\"540\" src=\"https:\/\/taizynut.com\/wp-content\/uploads\/2022\/08\/peanut-picker-working.webp\" alt=\"cueilleur d&#039;arachides en activit\u00e9\" class=\"wp-image-57\" title=\"\" srcset=\"https:\/\/taizynut.com\/wp-content\/uploads\/2022\/08\/peanut-picker-working.webp 720w, https:\/\/taizynut.com\/wp-content\/uploads\/2022\/08\/peanut-picker-working-300x225.webp 300w\" sizes=\"auto, (max-width: 720px) 100vw, 720px\" \/><figcaption class=\"wp-element-caption\">cueilleur d'arachides en activit\u00e9<\/figcaption><\/figure> <\/div>   <p>Il peut \u00eatre directement utilis\u00e9 avec des moteurs, des moteurs diesel et des tracteurs monocylindres. Les plants d'arachide et les arachides r\u00e9colt\u00e9s sont directement introduits dans la machine de cueillette d'arachides pour un traitement et une s\u00e9paration uniques. Les cacahu\u00e8tes et les plants seront automatiquement s\u00e9par\u00e9s par la rotation de la machine. <\/p>    <p>Les cacahu\u00e8tes s\u00e9par\u00e9es tombent sur le tamis vibrant et sont transport\u00e9es sur le c\u00f4t\u00e9 de la machine pour entrer dans le port d'alimentation, et il y aura un ventilateur pour \u00e9liminer les feuilles et les impuret\u00e9s des cacahu\u00e8tes.<\/p>    <h2 class=\"wp-block-heading\">Structure d'un petit cueilleur d'arachides<\/h2>   <div class=\"wp-block-image\"> <figure class=\"aligncenter size-full\"><img loading=\"lazy\" decoding=\"async\" width=\"720\" height=\"540\" src=\"https:\/\/taizynut.com\/wp-content\/uploads\/2022\/08\/Structure-of-groundnut-thresher.webp\" alt=\"Structure de la batteuse d&#039;arachide\" class=\"wp-image-58\" title=\"\" srcset=\"https:\/\/taizynut.com\/wp-content\/uploads\/2022\/08\/Structure-of-groundnut-thresher.webp 720w, https:\/\/taizynut.com\/wp-content\/uploads\/2022\/08\/Structure-of-groundnut-thresher-300x225.webp 300w\" sizes=\"auto, (max-width: 720px) 100vw, 720px\" \/><figcaption class=\"wp-element-caption\">Structure de la machine \u00e0 r\u00e9colter les arachides<\/figcaption><\/figure> <\/div>   <p>En prenant comme exemple le petit cueilleur d'arachides, cette machine agricole de cueillette d'arachides est principalement compos\u00e9e d'un ch\u00e2ssis, d'un moteur (moteur diesel), d'une pi\u00e8ce de transmission, d'une pi\u00e8ce de cueillette de fruits, d'une pi\u00e8ce de s\u00e9lection de ventilateur et d'un m\u00e9canisme de vibration. <\/p>    <p>Lorsque l'\u00e9quipement de r\u00e9colte d'arachides fonctionne, le moteur ou le moteur diesel entra\u00eene la machine \u00e0 passer par l'entr\u00e9e d'alimentation et \u00e0 entrer dans le syst\u00e8me de cueillette des fruits.<\/p>    <p>La tige de cueillette \u00e0 rouleaux tourne et frappe pour que les cacahu\u00e8tes se d\u00e9tachent de la tige. Les fruits et les d\u00e9bris tombent sur le tamis vibrant \u00e0 travers le trou de gravure. <\/p>    <p>L'orifice de mat\u00e9riau est d\u00e9charg\u00e9 et les fruits divers dispers\u00e9s sur le tamis vibrant sont transf\u00e9r\u00e9s vers l'orifice d'aspiration du ventilateur pour \u00e9vacuer les impuret\u00e9s \u00e0 travers le tamis vibrant, et les fruits propres sont s\u00e9lectionn\u00e9s pour terminer l'ensemble du processus.<\/p>    <h2 class=\"wp-block-heading\">Quel \u00e9quipement est n\u00e9cessaire pour les producteurs d\u2019arachides ?<\/h2>    <figure class=\"wp-block-gallery has-nested-images columns-default is-cropped wp-block-gallery-3 is-layout-flex wp-block-gallery-is-layout-flex\"> <figure class=\"wp-block-image size-large\"><img loading=\"lazy\" decoding=\"async\" width=\"720\" height=\"540\" data-id=\"62\" src=\"https:\/\/taizynut.com\/wp-content\/uploads\/2022\/08\/peanut-harvest.webp\" alt=\"r\u00e9colte d&#039;arachide\" class=\"wp-image-62\" title=\"\" srcset=\"https:\/\/taizynut.com\/wp-content\/uploads\/2022\/08\/peanut-harvest.webp 720w, https:\/\/taizynut.com\/wp-content\/uploads\/2022\/08\/peanut-harvest-300x225.webp 300w\" sizes=\"auto, (max-width: 720px) 100vw, 720px\" \/><figcaption class=\"wp-element-caption\">R\u00e9colte d'arachide<\/figcaption><\/figure>    <figure class=\"wp-block-image size-large\"><img loading=\"lazy\" decoding=\"async\" width=\"720\" height=\"540\" data-id=\"63\" src=\"https:\/\/taizynut.com\/wp-content\/uploads\/2022\/08\/drying-peanuts.webp\" alt=\"s\u00e9chage des cacahu\u00e8tes\" class=\"wp-image-63\" title=\"\" srcset=\"https:\/\/taizynut.com\/wp-content\/uploads\/2022\/08\/drying-peanuts.webp 720w, https:\/\/taizynut.com\/wp-content\/uploads\/2022\/08\/drying-peanuts-300x225.webp 300w\" sizes=\"auto, (max-width: 720px) 100vw, 720px\" \/><figcaption class=\"wp-element-caption\">S\u00e9chage des cacahu\u00e8tes<\/figcaption><\/figure> <\/figure>    <p>Pour les agriculteurs qui cultivent l\u2019arachide \u00e0 grande \u00e9chelle, il est n\u00e9cessaire de m\u00e9caniser le travail. Quelles machines sont n\u00e9cessaires pour la plantation et la r\u00e9colte des arachides\u00a0? <\/p>    <p class=\"translation-block\">Un <a href=\"https:\/\/taizynut.com\/fr\/product\/peanut-planting-machine\/\">planter d\u2019arachides<\/a> est n\u00e9cessaire pour cultiver les arachides. Lorsque les arachides sont r\u00e9colt\u00e9es, <a href=\"https:\/\/taizynut.com\/fr\/product\/peanut-harvesting-machine\/\">les r\u00e9colteuses d\u2019arachides<\/a> peuvent \u00eatre utilis\u00e9es pour r\u00e9colter les arachides. La machine de r\u00e9colte d\u2019arachides peut ramasser le fruit. Une coque d\u2019arachide peut retirer la coque, et un <a href=\"https:\/\/taizynut.com\/fr\/product\/screw-peanut-oil-press-machine\/\" data-type=\"URL\" data-id=\"https:\/\/taizynut.com\/product\/screw-peanut-oil-press-machine\/\">extracteur d\u2019huile d\u2019arachide<\/a> peut \u00e9galement \u00eatre utilis\u00e9 pour extraire l\u2019huile. <\/p>    <p>Une telle production m\u00e9canis\u00e9e peut r\u00e9duire les co\u00fbts de main-d'\u0153uvre et am\u00e9liorer l'efficacit\u00e9 de la production.<\/p>    <h2 class=\"wp-block-heading\">Quelle charge de travail la batteuse d'arachides r\u00e9duit-elle pour les producteurs\u00a0?<\/h2>    <ol class=\"wp-block-list\"> <li><strong>Travaux de transport<\/strong>. Le cueilleur de fruits peut \u00eatre install\u00e9 sur le tracteur, la machine peut entrer directement dans le champ et les cacahu\u00e8tes peuvent \u00eatre transport\u00e9es apr\u00e8s s\u00e9paration.<\/li>    <li><strong>Temps d'\u00e9limination des impuret\u00e9s<\/strong>. La machine \u00e0 cueillir les cacahu\u00e8tes est \u00e9quip\u00e9e d'un ventilateur pour \u00e9liminer automatiquement les impuret\u00e9s des cacahu\u00e8tes.<\/li>    <li><strong>Travail \u00e0 la machine<\/strong>. Mettez la machine pr\u00e9vue directement dans la machine, la cacahu\u00e8te peut \u00eatre automatiquement s\u00e9par\u00e9e<\/li>    <li><strong>Temps de s\u00e9chage<\/strong>. Le mat\u00e9riel de r\u00e9colte des arachides doit \u00eatre s\u00e9ch\u00e9 avant le <a href=\"https:\/\/en.wikipedia.org\/wiki\/Peanut\" target=\"_blank\" rel=\"noopener\">cacahu\u00e8tes<\/a> peut \u00eatre d\u00e9coll\u00e9, mais cette machine peut \u00eatre utilis\u00e9e \u00e0 des fins humides et s\u00e8ches.<\/li> <\/ol>   <div class=\"wp-block-image\"> <figure class=\"aligncenter size-full\"><img loading=\"lazy\" decoding=\"async\" width=\"720\" height=\"540\" src=\"https:\/\/taizynut.com\/wp-content\/uploads\/2022\/08\/groundnut-thresher-2.webp\" alt=\"batteuse d&#039;arachides\" class=\"wp-image-65\" title=\"\" srcset=\"https:\/\/taizynut.com\/wp-content\/uploads\/2022\/08\/groundnut-thresher-2.webp 720w, https:\/\/taizynut.com\/wp-content\/uploads\/2022\/08\/groundnut-thresher-2-300x225.webp 300w\" sizes=\"auto, (max-width: 720px) 100vw, 720px\" \/><figcaption class=\"wp-element-caption\">gros cueilleur d'arachides \u00e0 vendre<\/figcaption><\/figure> <\/div>","protected":false},"excerpt":{"rendered":"<p>La machine de cueillette d'arachides est utilis\u00e9e pour s\u00e9parer les plants d'arachides et les arachides, avec une capacit\u00e9 de manutention de 800 \u00e0 1 100 kg\/h et un taux de cueillette de &gt; 991 TP3T.<\/p>","protected":false},"author":1,"featured_media":54,"parent":0,"template":"","tags":[52,53],"product-type":[13],"class_list":["post-52","product","type-product","status-publish","has-post-thumbnail","hentry","tag-peanut-harvesting","tag-peanut-picking","product-type-peanut-picker"],"_links":{"self":[{"href":"https:\/\/taizynut.com\/fr\/wp-json\/wp\/v2\/product\/52","targetHints":{"allow":["GET"]}}],"collection":[{"href":"https:\/\/taizynut.com\/fr\/wp-json\/wp\/v2\/product"}],"about":[{"href":"https:\/\/taizynut.com\/fr\/wp-json\/wp\/v2\/types\/product"}],"author":[{"embeddable":true,"href":"https:\/\/taizynut.com\/fr\/wp-json\/wp\/v2\/users\/1"}],"wp:featuredmedia":[{"embeddable":true,"href":"https:\/\/taizynut.com\/fr\/wp-json\/wp\/v2\/media\/54"}],"wp:attachment":[{"href":"https:\/\/taizynut.com\/fr\/wp-json\/wp\/v2\/media?parent=52"}],"wp:term":[{"taxonomy":"post_tag","embeddable":true,"href":"https:\/\/taizynut.com\/fr\/wp-json\/wp\/v2\/tags?post=52"},{"taxonomy":"product-type","embeddable":true,"href":"https:\/\/taizynut.com\/fr\/wp-json\/wp\/v2\/product-type?post=52"}],"curies":[{"name":"wp","href":"https:\/\/api.w.org\/{rel}","templated":true}]}}