{"id":66,"date":"2022-08-26T07:16:28","date_gmt":"2022-08-26T07:16:28","guid":{"rendered":"https:\/\/taizynut.com\/?post_type=product&#038;p=66"},"modified":"2024-12-23T11:31:25","modified_gmt":"2024-12-23T03:31:25","slug":"peanut-shell-removing-machine","status":"publish","type":"product","link":"https:\/\/taizynut.com\/fr\/product\/peanut-shell-removing-machine\/","title":{"rendered":"Machine \u00e0 enlever les coquilles d'arachide | machine \u00e0 casser les arachides"},"content":{"rendered":"<p class=\"translation-block\">Une machine \u00e0 enlever les coques de cacahu\u00e8tes est une machine pour d\u00e9cortiquer les cacahu\u00e8tes. Apr\u00e8s que les cacahu\u00e8tes sont r\u00e9colt\u00e9es et s\u00e9ch\u00e9es, la coque de cacahu\u00e8te doit \u00eatre enlev\u00e9e. Cette d\u00e9cortiqueuse de cacahu\u00e8tes est petite et l\u00e9g\u00e8re et peut \u00eatre d\u00e9plac\u00e9e \u00e0 tout moment. Elle est populaire pour son bon effet de d\u00e9corticage. Cette d\u00e9cortiqueuse de cacahu\u00e8tes peut \u00eatre utilis\u00e9e dans les fermes familiales, les moulins \u00e0 huile, les usines de semences de cacahu\u00e8tes et les usines alimentaires de cacahu\u00e8tes. C'est une petite machine \u00e0 d\u00e9cortiquer les cacahu\u00e8tes, notre entreprise poss\u00e8de \u00e9galement une grande <a href=\"https:\/\/taizynut.com\/fr\/product\/peanut-sheller-groundnut-shelling-and-stone-removing-machine\/\" data-type=\"URL\" data-id=\"https:\/\/taizynut.com\/product\/peanut-sheller-groundnut-shelling-and-stone-removing-machine\/\">machine \u00e0 casser les cacahu\u00e8tes<\/a> qui peut nettoyer et peler les cacahu\u00e8tes en m\u00eame temps.<\/p>    <figure class=\"wp-block-image size-full\"><img loading=\"lazy\" decoding=\"async\" width=\"720\" height=\"540\" src=\"https:\/\/taizynut.com\/wp-content\/uploads\/2022\/08\/Peanut-shell-removing-machine.jpg\" alt=\"Machine \u00e0 enlever les coquilles d&#039;arachide\" class=\"wp-image-130\" title=\"\" srcset=\"https:\/\/taizynut.com\/wp-content\/uploads\/2022\/08\/Peanut-shell-removing-machine.jpg 720w, https:\/\/taizynut.com\/wp-content\/uploads\/2022\/08\/Peanut-shell-removing-machine-300x225.jpg 300w\" sizes=\"auto, (max-width: 720px) 100vw, 720px\" \/><figcaption class=\"wp-element-caption\">Machine \u00e0 enlever les coquilles d'arachide<\/figcaption><\/figure>    <h2 class=\"wp-block-heading\">Champ d'application de la machine \u00e0 casser les arachides<\/h2>    <figure class=\"wp-block-gallery has-nested-images columns-2 is-cropped wp-block-gallery-2 is-layout-flex wp-block-gallery-is-layout-flex\"> <figure class=\"wp-block-image size-large\"><img loading=\"lazy\" decoding=\"async\" width=\"720\" height=\"540\" data-id=\"132\" src=\"https:\/\/taizynut.com\/wp-content\/uploads\/2022\/08\/Peanuts-before-shelling.jpg\" alt=\"Cacahu\u00e8tes avant de les d\u00e9cortiquer\" class=\"wp-image-132\" title=\"\" srcset=\"https:\/\/taizynut.com\/wp-content\/uploads\/2022\/08\/Peanuts-before-shelling.jpg 720w, https:\/\/taizynut.com\/wp-content\/uploads\/2022\/08\/Peanuts-before-shelling-300x225.jpg 300w\" sizes=\"auto, (max-width: 720px) 100vw, 720px\" \/><figcaption class=\"wp-element-caption\">Cacahu\u00e8tes avant de les d\u00e9cortiquer<\/figcaption><\/figure>    <figure class=\"wp-block-image size-large\"><img loading=\"lazy\" decoding=\"async\" width=\"720\" height=\"540\" data-id=\"133\" src=\"https:\/\/taizynut.com\/wp-content\/uploads\/2022\/08\/Peanuts-after-shelling.jpg\" alt=\"Cacahu\u00e8tes avant de les d\u00e9cortiquer\" class=\"wp-image-133\" title=\"\" srcset=\"https:\/\/taizynut.com\/wp-content\/uploads\/2022\/08\/Peanuts-after-shelling.jpg 720w, https:\/\/taizynut.com\/wp-content\/uploads\/2022\/08\/Peanuts-after-shelling-300x225.jpg 300w\" sizes=\"auto, (max-width: 720px) 100vw, 720px\" \/><figcaption class=\"wp-element-caption\">Cacahu\u00e8tes avant de les d\u00e9cortiquer<\/figcaption><\/figure>    <figure class=\"wp-block-image size-large\"><img loading=\"lazy\" decoding=\"async\" width=\"720\" height=\"540\" data-id=\"131\" src=\"https:\/\/taizynut.com\/wp-content\/uploads\/2022\/08\/Peanut-shell-removing-machine-1.jpg\" alt=\"Machine \u00e0 enlever les coquilles d&#039;arachide\" class=\"wp-image-131\" title=\"\" srcset=\"https:\/\/taizynut.com\/wp-content\/uploads\/2022\/08\/Peanut-shell-removing-machine-1.jpg 720w, https:\/\/taizynut.com\/wp-content\/uploads\/2022\/08\/Peanut-shell-removing-machine-1-300x225.jpg 300w\" sizes=\"auto, (max-width: 720px) 100vw, 720px\" \/><figcaption class=\"wp-element-caption\">Machine \u00e0 enlever les coquilles d'arachide<\/figcaption><\/figure> <\/figure>    <p>Cette machine \u00e0 enlever les coques d'arachides peut \u00eatre utilis\u00e9e dans les moulins \u00e0 huile. Lorsqu'elles sont utilis\u00e9es, les moulins \u00e0 huile utilisent g\u00e9n\u00e9ralement des d\u00e9cortiqueuses d'arachides pour le traitement, puis placent une presse \u00e0 vis pour presser l'huile d'arachide. Il peut \u00eatre utilis\u00e9 dans les usines d\u2019arachides pour pr\u00e9parer des collations \u00e0 base d\u2019arachides, telles que des cacahu\u00e8tes enrob\u00e9es et des bonbons aux arachides. Peut \u00e9galement \u00eatre utilis\u00e9 dans les exploitations familiales, il est tr\u00e8s simple \u00e0 utiliser et peut \u00eatre d\u00e9plac\u00e9 partout.<\/p>    <h2 class=\"wp-block-heading\">Param\u00e8tres du d\u00e9cortiqueur d'arachide<\/h2>    <figure class=\"wp-block-gallery has-nested-images columns-2 is-cropped wp-block-gallery-3 is-layout-flex wp-block-gallery-is-layout-flex\"> <figure class=\"wp-block-image size-large\"><img loading=\"lazy\" decoding=\"async\" width=\"720\" height=\"540\" data-id=\"134\" src=\"https:\/\/taizynut.com\/wp-content\/uploads\/2022\/08\/Peanut-shell-removing-machine-factory.jpg\" alt=\"Usine de machines pour enlever les coquilles d&#039;arachide\" class=\"wp-image-134\" title=\"\" srcset=\"https:\/\/taizynut.com\/wp-content\/uploads\/2022\/08\/Peanut-shell-removing-machine-factory.jpg 720w, https:\/\/taizynut.com\/wp-content\/uploads\/2022\/08\/Peanut-shell-removing-machine-factory-300x225.jpg 300w\" sizes=\"auto, (max-width: 720px) 100vw, 720px\" \/><figcaption class=\"wp-element-caption\">Usine de machines pour enlever les coquilles d'arachide<\/figcaption><\/figure>    <figure class=\"wp-block-image size-large\"><img loading=\"lazy\" decoding=\"async\" width=\"720\" height=\"540\" data-id=\"141\" src=\"https:\/\/taizynut.com\/wp-content\/uploads\/2022\/08\/Peanut-shell-removing-machine-factory-1.jpg\" alt=\"Usine de machines pour enlever les coquilles d&#039;arachide\" class=\"wp-image-141\" title=\"\" srcset=\"https:\/\/taizynut.com\/wp-content\/uploads\/2022\/08\/Peanut-shell-removing-machine-factory-1.jpg 720w, https:\/\/taizynut.com\/wp-content\/uploads\/2022\/08\/Peanut-shell-removing-machine-factory-1-300x225.jpg 300w\" sizes=\"auto, (max-width: 720px) 100vw, 720px\" \/><figcaption class=\"wp-element-caption\">Usine de machines pour enlever les coquilles d'arachide<\/figcaption><\/figure>    <figure class=\"wp-block-image size-large\"><img loading=\"lazy\" decoding=\"async\" width=\"720\" height=\"540\" data-id=\"142\" src=\"https:\/\/taizynut.com\/wp-content\/uploads\/2022\/08\/Peanut-shell-removing-machine-factory-2.jpg\" alt=\"Usine de machines pour enlever les coquilles d&#039;arachide\" class=\"wp-image-142\" title=\"\" srcset=\"https:\/\/taizynut.com\/wp-content\/uploads\/2022\/08\/Peanut-shell-removing-machine-factory-2.jpg 720w, https:\/\/taizynut.com\/wp-content\/uploads\/2022\/08\/Peanut-shell-removing-machine-factory-2-300x225.jpg 300w\" sizes=\"auto, (max-width: 720px) 100vw, 720px\" \/><figcaption class=\"wp-element-caption\">Usine de machines \u00e0 d\u00e9cortiquer les arachides<\/figcaption><\/figure>    <figure class=\"wp-block-image size-large\"><img loading=\"lazy\" decoding=\"async\" width=\"720\" height=\"540\" data-id=\"144\" src=\"https:\/\/taizynut.com\/wp-content\/uploads\/2022\/08\/Peanut-shell-removing-machine-2.jpg\" alt=\"Usine de machines pour enlever les coquilles d&#039;arachide\" class=\"wp-image-144\" title=\"\" srcset=\"https:\/\/taizynut.com\/wp-content\/uploads\/2022\/08\/Peanut-shell-removing-machine-2.jpg 720w, https:\/\/taizynut.com\/wp-content\/uploads\/2022\/08\/Peanut-shell-removing-machine-2-300x225.jpg 300w\" sizes=\"auto, (max-width: 720px) 100vw, 720px\" \/><figcaption class=\"wp-element-caption\">Usine de machines \u00e0 d\u00e9cortiquer les arachides<\/figcaption><\/figure> <\/figure>    <figure class=\"wp-block-table\"><table><tbody><tr><td>Mod\u00e8le<\/td><td>TBH-800<\/td><\/tr><tr><td>Dimension globale<\/td><td>1330*750*1570mm<\/td><\/tr><tr><td>Poids net<\/td><td>160 kg<\/td><\/tr><tr><td>Productivit\u00e9<\/td><td>600-800 kg\/heure<\/td><\/tr><tr><td>Taux de casse<\/td><td>\u22642,0%<\/td><\/tr><tr><td>Taux de d\u00e9g\u00e2ts<\/td><td>\u22643,0%<\/td><\/tr><tr><td>Taux de pelage<\/td><td>\u226598%<\/td><\/tr><tr><td><a href=\"https:\/\/en.wikipedia.org\/wiki\/Power_(TV_series)\" target=\"_blank\" rel=\"noopener\">Pouvoir<\/a><\/td><td>3kw, 220v, 50hz, moteur en cuivre<\/td><\/tr><tr><td>Fonction<\/td><td>d\u00e9corticage d'arachide <\/td><\/tr><\/tbody><\/table><figcaption class=\"wp-element-caption\">machine \u00e0 d\u00e9cortiquer les arachides <\/figcaption><\/figure>    <h2 class=\"wp-block-heading\">Structure de la machine \u00e0 enlever les coquilles d'arachide<\/h2>    <figure class=\"wp-block-image size-full\"><img loading=\"lazy\" decoding=\"async\" width=\"720\" height=\"540\" src=\"https:\/\/taizynut.com\/wp-content\/uploads\/2022\/08\/peanut-shell-removing-machine.jpg\" alt=\"machine \u00e0 enlever les coquilles d&#039;arachide\" class=\"wp-image-135\" title=\"\" srcset=\"https:\/\/taizynut.com\/wp-content\/uploads\/2022\/08\/peanut-shell-removing-machine.jpg 720w, https:\/\/taizynut.com\/wp-content\/uploads\/2022\/08\/peanut-shell-removing-machine-300x225.jpg 300w\" sizes=\"auto, (max-width: 720px) 100vw, 720px\" \/><figcaption class=\"wp-element-caption\">Machine \u00e0 enlever les coquilles d'arachide<\/figcaption><\/figure>    <p>La d\u00e9cortiqueuse de cacahu\u00e8tes est compos\u00e9e d'un ch\u00e2ssis, d'un ventilateur, d'un rotor, d'un moteur monophas\u00e9, d'un tamis (il existe deux tailles), d'une tr\u00e9mie d'alimentation, d'un tamis vibrant, d'une courroie trap\u00e9zo\u00efdale, et de sa courroie trap\u00e9zo\u00efdale de transmission. . Une fois les cacahu\u00e8tes d\u00e9cortiqu\u00e9es, un ventilateur sera install\u00e9 pour \u00e9liminer les impuret\u00e9s des noyaux de cacahu\u00e8tes afin de garantir un taux de propret\u00e9 apr\u00e8s le d\u00e9corticage.<\/p>    <h2 class=\"wp-block-heading\">Principe de fonctionnement de la machine \u00e0 enlever les coquilles d'arachide<\/h2>    <figure class=\"wp-block-image size-full\"><img loading=\"lazy\" decoding=\"async\" width=\"720\" height=\"540\" src=\"https:\/\/taizynut.com\/wp-content\/uploads\/2022\/08\/peanut-shell-removing-machine-working-1.jpg\" alt=\"machine \u00e0 enlever les coquilles d&#039;arachides qui fonctionne\" class=\"wp-image-137\" title=\"\" srcset=\"https:\/\/taizynut.com\/wp-content\/uploads\/2022\/08\/peanut-shell-removing-machine-working-1.jpg 720w, https:\/\/taizynut.com\/wp-content\/uploads\/2022\/08\/peanut-shell-removing-machine-working-1-300x225.jpg 300w\" sizes=\"auto, (max-width: 720px) 100vw, 720px\" \/><figcaption class=\"wp-element-caption\">Machine \u00e0 d\u00e9cortiquer les arachides en fonctionnement<\/figcaption><\/figure>    <p>Sous la collision du rotor, les cacahu\u00e8tes se brisent dans leur ensemble. Apr\u00e8s avoir travers\u00e9 l'\u00e9cran, ils tombent sur le ventilateur. Sous la force de soufflage du ventilateur, les coques l\u00e9g\u00e8res d'arachide sont souffl\u00e9es hors de la machine \u00e0 d\u00e9cortiquer les arachides et les noyaux d'arachide sont \u00e9vacu\u00e9s de la machine \u00e0 d\u00e9cortiquer les arachides. sortie. Une fois que la machine fonctionne normalement, placez les cacahu\u00e8tes dans la tr\u00e9mie d'alimentation de mani\u00e8re quantitative, uniforme et continue, et les coquilles de cacahu\u00e8tes sont bris\u00e9es sous les coups, frictions et collisions r\u00e9p\u00e9t\u00e9s du rotor. Sous la pression du vent rotatif et le coup du rotor, les granules d'arachide et les coquilles d'arachide cass\u00e9es passent \u00e0 travers le tamis dot\u00e9 d'ouvertures. <\/p>    <p>\u00c0 ce moment, les coquilles et les granul\u00e9s d'arachide sont soumis \u00e0 la force de soufflage du ventilateur rotatif, et les coquilles d'arachide l\u00e9g\u00e8res sont souffl\u00e9es hors du corps de la machine, et les granules d'arachide. L'objectif du nettoyage est atteint gr\u00e2ce au criblage du tamis vibrant.<\/p>    <h2 class=\"wp-block-heading\">Comment am\u00e9liorer le d\u00e9corticage des cacahu\u00e8tes ?<\/h2>    <figure class=\"wp-block-image size-full\"><img loading=\"lazy\" decoding=\"async\" width=\"720\" height=\"540\" src=\"https:\/\/taizynut.com\/wp-content\/uploads\/2022\/08\/peanut-shell-removing.jpg\" alt=\"enlever la coquille d&#039;arachide\" class=\"wp-image-138\" title=\"\" srcset=\"https:\/\/taizynut.com\/wp-content\/uploads\/2022\/08\/peanut-shell-removing.jpg 720w, https:\/\/taizynut.com\/wp-content\/uploads\/2022\/08\/peanut-shell-removing-300x225.jpg 300w\" sizes=\"auto, (max-width: 720px) 100vw, 720px\" \/><figcaption class=\"wp-element-caption\">Enlever la coquille d'arachide<\/figcaption><\/figure>    <p>Afin d'obtenir le meilleur effet du d\u00e9cortiqueur de cacahu\u00e8tes, il est n\u00e9cessaire de bien s\u00e9cher et mouiller les cacahu\u00e8tes. Si les cacahu\u00e8tes sont trop s\u00e8ches, le taux de broyage des cacahu\u00e8tes sera \u00e9lev\u00e9, et si les cacahu\u00e8tes sont trop humides, l'efficacit\u00e9 du d\u00e9corticage des cacahu\u00e8tes sera affect\u00e9e. Vous pouvez utiliser 10 kg d\u2019eau ti\u00e8de pour pulv\u00e9riser 10 heures \u00e0 l\u2019avance sur la surface de 50 kg de cacahu\u00e8tes. Cela am\u00e9liorera l\u2019effet peeling.<\/p>    <h2 class=\"wp-block-heading\">Avantages de la machine \u00e0 casser les arachides<\/h2>    <figure class=\"wp-block-image size-full\"><img loading=\"lazy\" decoding=\"async\" width=\"720\" height=\"540\" src=\"https:\/\/taizynut.com\/wp-content\/uploads\/2022\/08\/groundnut-cracking-machine.jpg\" alt=\" machine \u00e0 casser les arachides\" class=\"wp-image-140\" title=\"\" srcset=\"https:\/\/taizynut.com\/wp-content\/uploads\/2022\/08\/groundnut-cracking-machine.jpg 720w, https:\/\/taizynut.com\/wp-content\/uploads\/2022\/08\/groundnut-cracking-machine-300x225.jpg 300w\" sizes=\"auto, (max-width: 720px) 100vw, 720px\" \/><figcaption class=\"wp-element-caption\"> Machine \u00e0 casser les arachides<\/figcaption><\/figure>    <ul class=\"wp-block-list\"> <li>La machine \u00e0 enlever les coquilles d'arachide a une structure compacte, une op\u00e9ration facile, des performances stables et fiables,<\/li>    <li>Efficacit\u00e9 de d\u00e9corticage \u00e9lev\u00e9e, faible taux de broyage des grains d'arachide, bon tri, faible taux de perte, etc.<\/li>    <li>Impuret\u00e9s propres et taux de d\u00e9corticage inf\u00e9rieur \u00e0 99%, taux de casse d'arachide inf\u00e9rieur \u00e0 1%<\/li>    <li>Faible bruit, facile \u00e0 d\u00e9placer, la machine \u00e0 casser les arachides est \u00e9quip\u00e9e de rouleaux et peut \u00eatre d\u00e9plac\u00e9e n'importe o\u00f9<\/li> <\/ul>    <h2 class=\"wp-block-heading\" id=\"h-how-to-use-a-peanut-shell-removal-machine\">Comment utiliser une machine \u00e0 enlever les coques de cacahu\u00e8tes ?<\/h2>    <figure class=\"wp-block-image size-full\"><img loading=\"lazy\" decoding=\"async\" width=\"720\" height=\"540\" src=\"https:\/\/taizynut.com\/wp-content\/uploads\/2022\/08\/peanut-shell-removing-machine-working.jpg\" alt=\"machine \u00e0 enlever les coquilles d&#039;arachides qui fonctionne\" class=\"wp-image-136\" title=\"\" srcset=\"https:\/\/taizynut.com\/wp-content\/uploads\/2022\/08\/peanut-shell-removing-machine-working.jpg 720w, https:\/\/taizynut.com\/wp-content\/uploads\/2022\/08\/peanut-shell-removing-machine-working-300x225.jpg 300w\" sizes=\"auto, (max-width: 720px) 100vw, 720px\" \/><figcaption class=\"wp-element-caption\">Machine \u00e0 d\u00e9cortiquer les arachides en fonctionnement<\/figcaption><\/figure>    <p>Avant utilisation, v\u00e9rifiez si les fixations sont serr\u00e9es, si les pi\u00e8ces rotatives de la grande machine \u00e0 d\u00e9cortiquer les arachides sont flexibles, s'il y a de l'huile lubrifiante dans chaque roulement et si la machine \u00e0 casser les arachides doit \u00eatre plac\u00e9e sur un sol stable\u00a0; avant utilisation, v\u00e9rifiez l'alimentation \u00e9lectrique et la machine \u00e0 d\u00e9cortiquer les cacahu\u00e8tes. L'interrupteur de la machine \u00e0 casser les arachides doit \u00eatre en position d'arr\u00eat\u00a0; apr\u00e8s le d\u00e9marrage du moteur, la rotation du rotor doit \u00eatre conforme \u00e0 la direction indiqu\u00e9e sur la machine. La petite machine \u00e0 d\u00e9cortiquer les cacahu\u00e8tes doit tourner au ralenti pendant quelques minutes pour observer s'il y a un bruit anormal. Nourrissez des cacahu\u00e8tes.<\/p>    <figure class=\"wp-block-embed is-type-video is-provider-youtube wp-block-embed-youtube wp-embed-aspect-16-9 wp-has-aspect-ratio\"><div class=\"wp-block-embed__wrapper\"> <iframe loading=\"lazy\" title=\"Machine \u00e0 casser les arachides | machine \u00e0 enlever les coquilles d&#039;arachide | d\u00e9cortiqueuse d&#039;arachide | d\u00e9corticage d&#039;arachide\" width=\"500\" height=\"281\" src=\"https:\/\/www.youtube.com\/embed\/MW-IpI_4U9M?start=66&#038;feature=oembed\" frameborder=\"0\" allow=\"accelerometer; autoplay; clipboard-write; encrypted-media; gyroscope; picture-in-picture; web-share\" referrerpolicy=\"strict-origin-when-cross-origin\" allowfullscreen><\/iframe> <\/div><figcaption class=\"wp-element-caption\">Machine \u00e0 enlever les coquilles d'arachide<\/figcaption><\/figure>","protected":false},"excerpt":{"rendered":"<p>Une machine \u00e0 retirer les coques d'arachides est une machine permettant de d\u00e9cortiquer les arachides. Une fois les cacahu\u00e8tes cueillies et s\u00e9ch\u00e9es, la coque des cacahu\u00e8tes doit \u00eatre retir\u00e9e.<\/p>","protected":false},"author":1,"featured_media":149,"parent":0,"template":"","tags":[20,10,47],"product-type":[14],"class_list":["post-66","product","type-product","status-publish","has-post-thumbnail","hentry","tag-peanut-creacking-machine","tag-peanut-shell-removing-machine","tag-peanut-shelling","product-type-peanut-sheller"],"_links":{"self":[{"href":"https:\/\/taizynut.com\/fr\/wp-json\/wp\/v2\/product\/66","targetHints":{"allow":["GET"]}}],"collection":[{"href":"https:\/\/taizynut.com\/fr\/wp-json\/wp\/v2\/product"}],"about":[{"href":"https:\/\/taizynut.com\/fr\/wp-json\/wp\/v2\/types\/product"}],"author":[{"embeddable":true,"href":"https:\/\/taizynut.com\/fr\/wp-json\/wp\/v2\/users\/1"}],"wp:featuredmedia":[{"embeddable":true,"href":"https:\/\/taizynut.com\/fr\/wp-json\/wp\/v2\/media\/149"}],"wp:attachment":[{"href":"https:\/\/taizynut.com\/fr\/wp-json\/wp\/v2\/media?parent=66"}],"wp:term":[{"taxonomy":"post_tag","embeddable":true,"href":"https:\/\/taizynut.com\/fr\/wp-json\/wp\/v2\/tags?post=66"},{"taxonomy":"product-type","embeddable":true,"href":"https:\/\/taizynut.com\/fr\/wp-json\/wp\/v2\/product-type?post=66"}],"curies":[{"name":"wp","href":"https:\/\/api.w.org\/{rel}","templated":true}]}}