{"id":661,"date":"2024-10-30T17:57:26","date_gmt":"2024-10-30T09:57:26","guid":{"rendered":"https:\/\/taizynut.com\/?post_type=product&#038;p=661"},"modified":"2025-03-11T13:57:45","modified_gmt":"2025-03-11T05:57:45","slug":"peanut-butter-grinder-machine","status":"publish","type":"product","link":"https:\/\/taizynut.com\/fr\/product\/peanut-butter-grinder-machine\/","title":{"rendered":"Machine commerciale de broyeur de beurre de cacahu\u00e8te"},"content":{"rendered":"<p class=\"translation-block\">La <strong>machine moulins \u00e0 beurre d\u2019arachide Taizy<\/strong> est utilis\u00e9e pour moudre les arachides, piment, s\u00e9same, etc. en beurre ou p\u00e2te par une forte cisaille et friction. Elle a une capacit\u00e9 de traitement de 50-1000kg\/h. Sa mati\u00e8re premi\u00e8re peut \u00eatre des graines d'arachide enti\u00e8res.<\/p>    <p>Cette machine est en acier inoxydable. La force motrice est le moteur \u00e9lectrique. Le moteur entra\u00eene les engrenages fixes et mobiles \u00e0 une vitesse relativement \u00e9lev\u00e9e.<\/p>    <p>Avec la technologie am\u00e9lior\u00e9e, nous disposons d\u00e9sormais de 2 types de machines de fabrication de beurre de cacahu\u00e8te. Vous voulez conna\u00eetre les d\u00e9tails ? Contactez-nous pour plus d'informations!<\/p>    <figure class=\"wp-block-embed is-type-video is-provider-youtube wp-block-embed-youtube wp-embed-aspect-16-9 wp-has-aspect-ratio\"><div class=\"wp-block-embed__wrapper\"> <iframe loading=\"lazy\" title=\"Processus passionnant de production de beurre de cacahu\u00e8te par moulin collo\u00efdal de cacahu\u00e8te\u00a0! Machine \u00e0 broyer le beurre de cacahu\u00e8te\" width=\"500\" height=\"281\" src=\"https:\/\/www.youtube.com\/embed\/FqrRdQCApMc?feature=oembed\" frameborder=\"0\" allow=\"accelerometer; autoplay; clipboard-write; encrypted-media; gyroscope; picture-in-picture; web-share\" referrerpolicy=\"strict-origin-when-cross-origin\" allowfullscreen><\/iframe> <\/div><figcaption class=\"wp-element-caption\">vid\u00e9o de travail de la machine \u00e0 broyer le beurre de cacahu\u00e8te<\/figcaption><\/figure>    <h2 class=\"wp-block-heading\"><strong>Types de machines \u00e0 beurre de cacahu\u00e8te \u00e0 vendre<\/strong><\/h2>    <div class=\"wp-block-columns is-layout-flex wp-container-core-columns-is-layout-9d6595d7 wp-block-columns-is-layout-flex\"> <div class=\"wp-block-column is-layout-flow wp-block-column-is-layout-flow\"> <figure class=\"wp-block-image size-full\"><img loading=\"lazy\" decoding=\"async\" width=\"720\" height=\"540\" src=\"https:\/\/taizynut.com\/wp-content\/uploads\/2024\/10\/peanut-butter-grinding-machine.webp\" alt=\"broyeur de beurre de cacahu\u00e8te\" class=\"wp-image-663\" title=\"\" srcset=\"https:\/\/taizynut.com\/wp-content\/uploads\/2024\/10\/peanut-butter-grinding-machine.webp 720w, https:\/\/taizynut.com\/wp-content\/uploads\/2024\/10\/peanut-butter-grinding-machine-300x225.webp 300w, https:\/\/taizynut.com\/wp-content\/uploads\/2024\/10\/peanut-butter-grinding-machine-16x12.webp 16w\" sizes=\"auto, (max-width: 720px) 100vw, 720px\" \/><figcaption class=\"wp-element-caption\">Broyeur de beurre de cacahu\u00e8te<\/figcaption><\/figure> <\/div>    <div class=\"wp-block-column is-vertically-aligned-center is-layout-flow wp-block-column-is-layout-flow\"> <p class=\"has-text-align-center translation-block\"><strong>Machine \u00e0 beurre d\u2019arachide tr\u00e8s vendue<\/strong><\/p>    <p>Ce type de machine \u00e0 beurre de cacahu\u00e8te est populaire sur le march\u00e9 en raison de son fonctionnement simple et de sa rentabilit\u00e9.<\/p>    <p>Il poss\u00e8de un seul moteur avec un couvercle. <\/p> <\/div> <\/div>    <div class=\"wp-block-columns is-layout-flex wp-container-core-columns-is-layout-9d6595d7 wp-block-columns-is-layout-flex\"> <div class=\"wp-block-column is-layout-flow wp-block-column-is-layout-flow\"> <figure class=\"wp-block-image size-full\"><img loading=\"lazy\" decoding=\"async\" width=\"720\" height=\"540\" src=\"https:\/\/taizynut.com\/wp-content\/uploads\/2024\/10\/electric-peanut-grinder.webp\" alt=\"broyeur de cacahu\u00e8tes \u00e9lectrique\" class=\"wp-image-665\" title=\"\" srcset=\"https:\/\/taizynut.com\/wp-content\/uploads\/2024\/10\/electric-peanut-grinder.webp 720w, https:\/\/taizynut.com\/wp-content\/uploads\/2024\/10\/electric-peanut-grinder-300x225.webp 300w, https:\/\/taizynut.com\/wp-content\/uploads\/2024\/10\/electric-peanut-grinder-16x12.webp 16w\" sizes=\"auto, (max-width: 720px) 100vw, 720px\" \/><figcaption class=\"wp-element-caption\">Broyeur d'arachides \u00e9lectrique<\/figcaption><\/figure> <\/div>    <div class=\"wp-block-column is-vertically-aligned-center is-layout-flow wp-block-column-is-layout-flow\"> <p class=\"has-text-align-center translation-block\"><strong>Machine commerciale pour beurre d\u2019arachide<\/strong><\/p>    <p>Par rapport \u00e0 celle ci-dessus, la plus grande diff\u00e9rence est que cette machine moud deux fois et produit du beurre de cacahu\u00e8te beaucoup plus fin.<\/p>    <p>Deux moteurs et deux chambres de broyage sont disponibles.<\/p> <\/div> <\/div>    <figure class=\"wp-block-table\"><table><tbody><tr><td>Mod\u00e8le<\/td><td>TZ-70<\/td><td>TZ-85<\/td><td>TZ-130<\/td><td>TZ-180<\/td><td>TZ-200<\/td><\/tr><tr><td>Sortir<\/td><td>20-70\u00a0micros<\/td><td>20-70\u00a0micros<\/td><td>20-70\u00a0micros<\/td><td>20-70\u00a0micros<\/td><td>20-70\u00a0micros<\/td><\/tr><tr><td>Capacit\u00e9<\/td><td>50-80kg\/heure<\/td><td>100-150kg\/h<\/td><td>200-300kg\/heure<\/td><td>500-800kg\/heure<\/td><td>800-1000kg\/heure<\/td><\/tr><tr><td>Pouvoir<\/td><td>2,2 kW<\/td><td>5,5 kW<\/td><td>11kw<\/td><td>30kw<\/td><td>37kw<\/td><\/tr><tr><td>Poids<\/td><td>70 kg<\/td><td>180 kg<\/td><td>240 kg<\/td><td>300 kg<\/td><td>550 kg<\/td><\/tr><tr><td>Taille<\/td><td>650*320*650mm<\/td><td>900*350*900mm<\/td><td>1000*350*1000mm<\/td><td>1200*450*1200mm<\/td><td>1200*500*1200mm<\/td><\/tr><\/tbody><\/table><figcaption class=\"wp-element-caption\">donn\u00e9es techniques de la machine \u00e0 broyer le beurre de cacahu\u00e8te<\/figcaption><\/figure>    <h2 class=\"wp-block-heading\"><strong>Avantages de la rectifieuse de beurre de cacahu\u00e8te<\/strong><\/h2>    <ul class=\"wp-block-list\"> <li>Il a un <strong>capacit\u00e9 de 50-1000kg\/h<\/strong>, ce qui est tr\u00e8s efficace.<\/li>    <li>La machine est durable et a une longue dur\u00e9e de vie car elle est <strong>en acier inoxydable<\/strong>.<\/li>    <li>Machine \u00e0 fabriquer du beurre de cacahu\u00e8te Taizy <strong>peut moudre des cacahu\u00e8tes, du soja, du piment, des amandes, des tomates<\/strong>, etc.<\/li>    <li>Tout le contact avec les mat\u00e9riaux est en acier inoxydable, et le <strong>le produit final est propre et hygi\u00e9nique<\/strong>, r\u00e9pondant aux normes de qualit\u00e9 alimentaire.<\/li>    <li>Vous pouvez contr\u00f4ler et <strong>assurer la qualit\u00e9 du produit en ajustant la bague de r\u00e9glage (avec le cadran)<\/strong>.<\/li>    <li>Structure simple, installation et fonctionnement faciles.<\/li> <\/ul>   <div class=\"wp-block-image\"> <figure class=\"aligncenter size-full\"><img loading=\"lazy\" decoding=\"async\" width=\"720\" height=\"540\" src=\"https:\/\/taizynut.com\/wp-content\/uploads\/2024\/10\/machine-for-peanut-butter.webp\" alt=\"machine \u00e0 beurre de cacahu\u00e8te\" class=\"wp-image-669\" title=\"\" srcset=\"https:\/\/taizynut.com\/wp-content\/uploads\/2024\/10\/machine-for-peanut-butter.webp 720w, https:\/\/taizynut.com\/wp-content\/uploads\/2024\/10\/machine-for-peanut-butter-300x225.webp 300w, https:\/\/taizynut.com\/wp-content\/uploads\/2024\/10\/machine-for-peanut-butter-16x12.webp 16w\" sizes=\"auto, (max-width: 720px) 100vw, 720px\" \/><figcaption class=\"wp-element-caption\">machine \u00e0 beurre de cacahu\u00e8te<\/figcaption><\/figure> <\/div>   <h2 class=\"wp-block-heading\"><strong>Applications du moulin collo\u00efdal de beurre de cacahu\u00e8te<\/strong><\/h2>    <p>Comme mentionn\u00e9 ci-dessus, notre machine \u00e0 beurre de cacahu\u00e8te a un large \u00e9ventail d'applications et peut moudre toutes sortes de beurre de noix. Les mati\u00e8res premi\u00e8res pouvant \u00eatre broy\u00e9es sont :<\/p>    <p class=\"translation-block\"><strong>Arachides, noix, haricots, piments, tomates, graines de s\u00e9same, f\u00e8ves de cacao, amandes, <a href=\"https:\/\/en.wikipedia.org\/wiki\/Pork_rind\" target=\"_blank\" rel=\"noopener\">peau de porc<\/a>, farine d\u2019os, aloe vera, ananas, th\u00e9 aux fruits, garniture de lune, cr\u00e8me, confiture, dattes rouges, boue de dattes rouges, sauce de rose,<\/strong> etc.<\/p>   <div class=\"wp-block-image\"> <figure class=\"aligncenter size-full\"><img loading=\"lazy\" decoding=\"async\" width=\"750\" height=\"440\" src=\"https:\/\/taizynut.com\/wp-content\/uploads\/2024\/10\/applications-of-peanut-butter-machine.webp\" alt=\"applications de la machine \u00e0 beurre de cacahu\u00e8te\" class=\"wp-image-678\" title=\"\" srcset=\"https:\/\/taizynut.com\/wp-content\/uploads\/2024\/10\/applications-of-peanut-butter-machine.webp 750w, https:\/\/taizynut.com\/wp-content\/uploads\/2024\/10\/applications-of-peanut-butter-machine-300x176.webp 300w, https:\/\/taizynut.com\/wp-content\/uploads\/2024\/10\/applications-of-peanut-butter-machine-18x12.webp 18w\" sizes=\"auto, (max-width: 750px) 100vw, 750px\" \/><figcaption class=\"wp-element-caption\">applications de la machine \u00e0 beurre de cacahu\u00e8te<\/figcaption><\/figure> <\/div>   <p class=\"translation-block\">Notre machine moulins \u00e0 beurre d\u2019arachide est populaire dans <strong>les entreprises alimentaires, pharmaceutiques, chimiques, de transformation de p\u00e2tisserie, maisons de g\u00e2teaux, boutiques de desserts<\/strong> et d\u2019autres.<\/p>    <p>Ce qui pr\u00e9c\u00e8de n'est qu'une liste partielle. Si vous souhaitez savoir si votre mat\u00e9riau peut \u00eatre utilis\u00e9 dans notre broyeur collo\u00efdal, vous pouvez nous contacter pour plus de d\u00e9tails.<\/p>    <h2 class=\"wp-block-heading\"><strong>Structure de la machine commerciale de broyeur de beurre de cacahu\u00e8te<\/strong><\/h2>    <p>La structure d\u2019une machine commerciale \u00e0 beurre de cacahu\u00e8te est tr\u00e8s simple. Il se compose d'une entr\u00e9e d'alimentation, d'une chambre de broyage, d'une sortie de d\u00e9charge et d'un moteur. L'\u00e9quipement est con\u00e7u dans un souci de facilit\u00e9 de nettoyage et d'entretien afin de garantir un processus de production hygi\u00e9nique et efficace.<\/p>    <figure class=\"wp-block-gallery has-nested-images columns-default is-cropped wp-block-gallery-2 is-layout-flex wp-block-gallery-is-layout-flex\"> <figure class=\"wp-block-image size-large\"><img loading=\"lazy\" decoding=\"async\" width=\"540\" height=\"720\" data-id=\"672\" src=\"https:\/\/taizynut.com\/wp-content\/uploads\/2024\/10\/commercial-peanut-butter-making-machine.webp\" alt=\"machine commerciale de fabrication de beurre de cacahu\u00e8te\" class=\"wp-image-672\" title=\"\" srcset=\"https:\/\/taizynut.com\/wp-content\/uploads\/2024\/10\/commercial-peanut-butter-making-machine.webp 540w, https:\/\/taizynut.com\/wp-content\/uploads\/2024\/10\/commercial-peanut-butter-making-machine-225x300.webp 225w, https:\/\/taizynut.com\/wp-content\/uploads\/2024\/10\/commercial-peanut-butter-making-machine-9x12.webp 9w\" sizes=\"auto, (max-width: 540px) 100vw, 540px\" \/><figcaption class=\"wp-element-caption\">Machine commerciale de fabrication de beurre de cacahu\u00e8te<\/figcaption><\/figure>    <figure class=\"wp-block-image size-large\"><img loading=\"lazy\" decoding=\"async\" width=\"540\" height=\"720\" data-id=\"671\" src=\"https:\/\/taizynut.com\/wp-content\/uploads\/2024\/10\/home-peanut-butter-machine.webp\" alt=\"machine \u00e0 beurre de cacahu\u00e8te maison\" class=\"wp-image-671\" title=\"\" srcset=\"https:\/\/taizynut.com\/wp-content\/uploads\/2024\/10\/home-peanut-butter-machine.webp 540w, https:\/\/taizynut.com\/wp-content\/uploads\/2024\/10\/home-peanut-butter-machine-225x300.webp 225w, https:\/\/taizynut.com\/wp-content\/uploads\/2024\/10\/home-peanut-butter-machine-9x12.webp 9w\" sizes=\"auto, (max-width: 540px) 100vw, 540px\" \/><figcaption class=\"wp-element-caption\">Machine \u00e0 beurre de cacahu\u00e8te maison<\/figcaption><\/figure> <\/figure>    <h2 class=\"wp-block-heading\"><strong>Comment fonctionne la machine de fabrication de beurre de cacahu\u00e8te Taizy ?<\/strong><\/h2>    <p>La machine \u00e0 broyer le beurre de cacahu\u00e8te de Taizy presse, coupe et broie en continu la mati\u00e8re premi\u00e8re d'arachide entre les disques de broyage gr\u00e2ce \u00e0 une force de cisaillement et une friction \u00e9lev\u00e9es.<\/p>    <p>Une fois que la mati\u00e8re premi\u00e8re entre dans la chambre de broyage, elle passe \u00e0 travers le disque de broyage rotatif \u00e0 grande vitesse et est instantan\u00e9ment transform\u00e9e en beurre de cacahu\u00e8te fin. <\/p>   <div class=\"wp-block-image\"> <figure class=\"aligncenter size-full\"><img loading=\"lazy\" decoding=\"async\" width=\"735\" height=\"187\" src=\"https:\/\/taizynut.com\/wp-content\/uploads\/2024\/10\/core-part-of-peanut-grinder-machine.webp\" alt=\"partie centrale de la machine \u00e0 broyer les cacahu\u00e8tes\" class=\"wp-image-673\" title=\"\" srcset=\"https:\/\/taizynut.com\/wp-content\/uploads\/2024\/10\/core-part-of-peanut-grinder-machine.webp 735w, https:\/\/taizynut.com\/wp-content\/uploads\/2024\/10\/core-part-of-peanut-grinder-machine-300x76.webp 300w, https:\/\/taizynut.com\/wp-content\/uploads\/2024\/10\/core-part-of-peanut-grinder-machine-18x5.webp 18w\" sizes=\"auto, (max-width: 735px) 100vw, 735px\" \/><figcaption class=\"wp-element-caption\">partie centrale de la machine \u00e0 broyer les cacahu\u00e8tes<\/figcaption><\/figure> <\/div>   <p>Dans ce processus, vous devez faire attention \u00e0 la temp\u00e9rature. La temp\u00e9rature du beurre de cacahu\u00e8te fini est de 80 \u00e0 85 \u2103. Si vous souhaitez faire passer le beurre de cacahu\u00e8te \u00e0 l'\u00e9tape suivante du traitement, comme le remplissage, vous devez le refroidir \u00e0 50-60 \u2103 avant de le faire.<\/p>    <h2 class=\"wp-block-heading\"><strong>Quel est le prix de la rectifieuse d'arachides\u00a0?<\/strong><\/h2>    <p>Le prix de notre machine \u00e0 beurre de cacahu\u00e8te varie en fonction du mod\u00e8le, de la configuration et de la capacit\u00e9 de production. De mani\u00e8re g\u00e9n\u00e9rale, les petits \u00e9quipements sont plus abordables sur le march\u00e9, tandis que les gros \u00e9quipements commerciaux sont plus chers.<\/p>    <p>Le prix de notre broyeur d'arachides varie de quelques milliers \u00e0 des dizaines de milliers de dollars. Si vous souhaitez des informations plus d\u00e9taill\u00e9es sur nos machines, contactez-nous \u00e0 tout moment.<\/p>   <div class=\"wp-block-image\"> <figure class=\"aligncenter size-full\"><img loading=\"lazy\" decoding=\"async\" width=\"720\" height=\"540\" src=\"https:\/\/taizynut.com\/wp-content\/uploads\/2024\/10\/peanut-grinder-machine-for-peanut-butter.webp\" alt=\"broyeur d&#039;arachide pour le beurre d&#039;arachide\" class=\"wp-image-677\" title=\"\" srcset=\"https:\/\/taizynut.com\/wp-content\/uploads\/2024\/10\/peanut-grinder-machine-for-peanut-butter.webp 720w, https:\/\/taizynut.com\/wp-content\/uploads\/2024\/10\/peanut-grinder-machine-for-peanut-butter-300x225.webp 300w, https:\/\/taizynut.com\/wp-content\/uploads\/2024\/10\/peanut-grinder-machine-for-peanut-butter-16x12.webp 16w\" sizes=\"auto, (max-width: 720px) 100vw, 720px\" \/><figcaption class=\"wp-element-caption\">broyeur d'arachide pour le beurre d'arachide<\/figcaption><\/figure> <\/div>   <h2 class=\"wp-block-heading\"><strong>Pourquoi choisir Taizy comme fabricant de broyeur de beurre de cacahu\u00e8te\u00a0?<\/strong><\/h2>    <p>Il existe de nombreuses raisons de choisir Taizy comme fabricant de moulin collo\u00efdal de beurre de cacahu\u00e8te. <\/p>    <ul class=\"wp-block-list\"> <li>Taizy poss\u00e8de une riche exp\u00e9rience industrielle et produit des \u00e9quipements fiables et de haute qualit\u00e9.<\/li>    <li>Nous fabriquons et vendons des machines nous-m\u00eames, l'\u00e9quipement est donc rentable.<\/li>    <li>Nous fournissons un excellent service apr\u00e8s-vente pour garantir que les clients n'ont aucun souci lors du processus d'utilisation.<\/li>    <li>Il existe diff\u00e9rents mod\u00e8les de broyeurs collo\u00efdaux en usine, ainsi que <a href=\"https:\/\/taizynut.com\/fr\/product\/semi-automatic-peanut-butter-processing-line\/\">ligne de production de beurre de cacahu\u00e8te<\/a>, etc. Vous pouvez acheter tout l\u2019\u00e9quipement en m\u00eame temps dans notre usine.<\/li> <\/ul>    <figure class=\"wp-block-gallery has-nested-images columns-default is-cropped wp-block-gallery-3 is-layout-flex wp-block-gallery-is-layout-flex\"> <figure class=\"wp-block-image size-large\"><img loading=\"lazy\" decoding=\"async\" width=\"720\" height=\"540\" data-id=\"675\" src=\"https:\/\/taizynut.com\/wp-content\/uploads\/2024\/10\/peanut-butter-grinder-machine-manufacturer.webp\" alt=\"fabricant de machine \u00e0 broyer le beurre de cacahu\u00e8te\" class=\"wp-image-675\" title=\"\" srcset=\"https:\/\/taizynut.com\/wp-content\/uploads\/2024\/10\/peanut-butter-grinder-machine-manufacturer.webp 720w, https:\/\/taizynut.com\/wp-content\/uploads\/2024\/10\/peanut-butter-grinder-machine-manufacturer-300x225.webp 300w, https:\/\/taizynut.com\/wp-content\/uploads\/2024\/10\/peanut-butter-grinder-machine-manufacturer-16x12.webp 16w\" sizes=\"auto, (max-width: 720px) 100vw, 720px\" \/><figcaption class=\"wp-element-caption\">Fabricant de machine \u00e0 broyer le beurre de cacahu\u00e8te<\/figcaption><\/figure>    <figure class=\"wp-block-image size-large\"><img loading=\"lazy\" decoding=\"async\" width=\"720\" height=\"540\" data-id=\"676\" src=\"https:\/\/taizynut.com\/wp-content\/uploads\/2024\/10\/peanut-butter-maker-machine-in-stock.webp\" alt=\"machine \u00e0 fabriquer du beurre de cacahu\u00e8te en stock\" class=\"wp-image-676\" title=\"\" srcset=\"https:\/\/taizynut.com\/wp-content\/uploads\/2024\/10\/peanut-butter-maker-machine-in-stock.webp 720w, https:\/\/taizynut.com\/wp-content\/uploads\/2024\/10\/peanut-butter-maker-machine-in-stock-300x225.webp 300w, https:\/\/taizynut.com\/wp-content\/uploads\/2024\/10\/peanut-butter-maker-machine-in-stock-16x12.webp 16w\" sizes=\"auto, (max-width: 720px) 100vw, 720px\" \/><figcaption class=\"wp-element-caption\">Machine \u00e0 fabriquer du beurre de cacahu\u00e8te en stock<\/figcaption><\/figure> <\/figure>    <h2 class=\"wp-block-heading\"><strong>R\u00e9troaction sur la machine \u00e0 moulin \u00e0 beurre d'arachide de clients mondiaux<\/strong><\/h2>    <p class=\"translation-block\"><strong>retour d\u2019information sur la machine \u00e0 arachide en Tanzanie<\/strong><\/p>    <figure class=\"wp-block-embed is-type-video is-provider-youtube wp-block-embed-youtube wp-embed-aspect-16-9 wp-has-aspect-ratio\"><div class=\"wp-block-embed__wrapper\"> <iframe loading=\"lazy\" title=\"Les commentaires de la machine \u00e0 beurre d&#039;arachide d&#039;un client tanzanien utilisent | Fournisseur de broyeur d&#039;arachide de Chine\" width=\"500\" height=\"281\" src=\"https:\/\/www.youtube.com\/embed\/jkpZTYi5r74?feature=oembed\" frameborder=\"0\" allow=\"accelerometer; autoplay; clipboard-write; encrypted-media; gyroscope; picture-in-picture; web-share\" referrerpolicy=\"strict-origin-when-cross-origin\" allowfullscreen><\/iframe> <\/div><figcaption class=\"wp-element-caption\">machine \u00e0 beurre de cacahu\u00e8te<\/figcaption><\/figure>    <h2 class=\"wp-block-heading\"><strong>Contactez-nous maintenant pour un achat!<\/strong><\/h2>    <p>Si vous \u00eates int\u00e9ress\u00e9 par la machine \u00e0 broyer le beurre de cacahu\u00e8te Taizy, n'h\u00e9sitez pas \u00e0 nous contacter. Notre \u00e9quipe de professionnels vous fournira des informations d\u00e9taill\u00e9es et des devis en fonction de vos besoins et vous aidera \u00e0 choisir l'\u00e9quipement le plus adapt\u00e9.<\/p>","protected":false},"excerpt":{"rendered":"<p>La machine \u00e0 broyer le beurre de cacahu\u00e8te Taizy est utilis\u00e9e pour broyer les cacahu\u00e8tes, le piment, le s\u00e9same, etc. en beurre ou en p\u00e2te par une force de cisaillement et une friction \u00e9lev\u00e9es. Sa capacit\u00e9 est de 50 \u00e0 1000 kg\/h.<\/p>","protected":false},"author":1,"featured_media":666,"parent":0,"template":"","tags":[45,49],"product-type":[27],"class_list":["post-661","product","type-product","status-publish","has-post-thumbnail","hentry","tag-peanut","tag-peanut-butter","product-type-peanut-kernel-processing"],"_links":{"self":[{"href":"https:\/\/taizynut.com\/fr\/wp-json\/wp\/v2\/product\/661","targetHints":{"allow":["GET"]}}],"collection":[{"href":"https:\/\/taizynut.com\/fr\/wp-json\/wp\/v2\/product"}],"about":[{"href":"https:\/\/taizynut.com\/fr\/wp-json\/wp\/v2\/types\/product"}],"author":[{"embeddable":true,"href":"https:\/\/taizynut.com\/fr\/wp-json\/wp\/v2\/users\/1"}],"wp:featuredmedia":[{"embeddable":true,"href":"https:\/\/taizynut.com\/fr\/wp-json\/wp\/v2\/media\/666"}],"wp:attachment":[{"href":"https:\/\/taizynut.com\/fr\/wp-json\/wp\/v2\/media?parent=661"}],"wp:term":[{"taxonomy":"post_tag","embeddable":true,"href":"https:\/\/taizynut.com\/fr\/wp-json\/wp\/v2\/tags?post=661"},{"taxonomy":"product-type","embeddable":true,"href":"https:\/\/taizynut.com\/fr\/wp-json\/wp\/v2\/product-type?post=661"}],"curies":[{"name":"wp","href":"https:\/\/api.w.org\/{rel}","templated":true}]}}