{"id":680,"date":"2024-11-06T16:20:05","date_gmt":"2024-11-06T08:20:05","guid":{"rendered":"https:\/\/taizynut.com\/?post_type=product&#038;p=680"},"modified":"2026-01-23T08:43:58","modified_gmt":"2026-01-23T00:43:58","slug":"peanut-butter-filling-machine","status":"publish","type":"product","link":"https:\/\/taizynut.com\/fr\/product\/peanut-butter-filling-machine\/","title":{"rendered":"Machine de remplissage de beurre de cacahu\u00e8te"},"content":{"rendered":"<p class=\"translation-block\">La <strong>machine de remplissage de beurre de cacahu\u00e8te Taizy<\/strong> est con\u00e7ue pour remplir avec pr\u00e9cision le beurre de cacahu\u00e8te et d'autres mat\u00e9riaux p\u00e2teux dans des bocaux ou d'autres contenants. Son volume de remplissage est de 0-3000g, et peut \u00eatre encore plus grand.<\/p>    <p>Cet \u00e9quipement de remplissage de beurre a une erreur de pr\u00e9cision de remplissage de \u2264\u00b11%. Il est souvent utilis\u00e9 dans la ligne de machines \u00e0 beurre de cacahu\u00e8te.<\/p>    <p>Nous avons plusieurs types de machines de remplissage de beurre de cacahu\u00e8te \u00e0 vendre. Si vous souhaitez en savoir plus, n'h\u00e9sitez pas \u00e0 nous contacter \u00e0 tout moment\u00a0!<\/p>    <figure class=\"wp-block-embed is-type-video is-provider-youtube wp-block-embed-youtube wp-embed-aspect-16-9 wp-has-aspect-ratio\"><div class=\"wp-block-embed__wrapper\"> <iframe loading=\"lazy\" title=\"Machine de remplissage de beurre de cacahu\u00e8te fonctionnant efficacement\u00a0! Machine d&#039;emballage semi-automatique et enti\u00e8rement automatique\" width=\"500\" height=\"281\" src=\"https:\/\/www.youtube.com\/embed\/Hv8eG1omAw4?feature=oembed\" frameborder=\"0\" allow=\"accelerometer; autoplay; clipboard-write; encrypted-media; gyroscope; picture-in-picture; web-share\" referrerpolicy=\"strict-origin-when-cross-origin\" allowfullscreen><\/iframe> <\/div><figcaption class=\"wp-element-caption\">machine de remplissage et de scellage de beurre de cacahu\u00e8te semi-automatique et enti\u00e8rement automatique<\/figcaption><\/figure>    <h2 class=\"wp-block-heading\"><strong>Type 1\u00a0: machine de remplissage manuelle de beurre de cacahu\u00e8te<\/strong><\/h2>    <div class=\"wp-block-columns is-layout-flex wp-container-core-columns-is-layout-9d6595d7 wp-block-columns-is-layout-flex\"> <div class=\"wp-block-column is-layout-flow wp-block-column-is-layout-flow\"> <figure class=\"wp-block-image size-full\"><img loading=\"lazy\" decoding=\"async\" width=\"720\" height=\"540\" src=\"https:\/\/taizynut.com\/wp-content\/uploads\/2024\/11\/semi-automatic-butter-filling-machine.webp\" alt=\"remplisseuse de beurre semi-automatique\" class=\"wp-image-694\" title=\"\" srcset=\"https:\/\/taizynut.com\/wp-content\/uploads\/2024\/11\/semi-automatic-butter-filling-machine.webp 720w, https:\/\/taizynut.com\/wp-content\/uploads\/2024\/11\/semi-automatic-butter-filling-machine-300x225.webp 300w, https:\/\/taizynut.com\/wp-content\/uploads\/2024\/11\/semi-automatic-butter-filling-machine-16x12.webp 16w\" sizes=\"auto, (max-width: 720px) 100vw, 720px\" \/><figcaption class=\"wp-element-caption\">Machine de remplissage de beurre semi-automatique<\/figcaption><\/figure> <\/div>    <div class=\"wp-block-column is-vertically-aligned-center is-layout-flow wp-block-column-is-layout-flow\"> <p class=\"has-text-align-center translation-block\"><strong>Remplisseuse manuelle de beurre de cacahu\u00e8te<\/strong><\/p>    <p>Cette machine a un remplisseur \u00e0 t\u00eate unique et \u00e0 double t\u00eate. Elle est \u00e9conomique et n\u00e9cessite une intervention manuelle. <\/p>    <p>Elle est adapt\u00e9e aux petites entreprises ou aux besoins de production \u00e0 faible volume.<\/p>    <ul class=\"wp-block-list\"> <li>Versez du beurre de cacahu\u00e8te dans des bocaux<\/li>    <li>Contr\u00f4ler manuellement le volume de remplissage et la vitesse de remplissage <\/li>    <li>Co\u00fbt r\u00e9duit et utilisation flexible<\/li>    <li>Id\u00e9al pour emballer toutes tailles et types de contenants<\/li>    <li>Convient aux start-ups ou aux petites et moyennes entreprises<\/li> <\/ul> <\/div> <\/div>    <ul class=\"wp-block-list\"> <li><strong>Mod\u00e8le<\/strong>: TZ-G1<\/li>    <li><strong>Pouvoir<\/strong>: 20w<\/li>    <li><strong>Source de courant<\/strong>: 220\/110V \u00a050\/60Hz (selon vos besoins)<\/li>    <li><strong>Plage de remplissage<\/strong>: 100-1000ml<\/li>    <li><strong>Pression atmosph\u00e9rique<\/strong>: 0,4-0,6Mpa<\/li>    <li><strong>Vitesse d'emballage<\/strong>: 8-25 bouteilles\/min<\/li>    <li><strong>Poids<\/strong>: 20kg<\/li> <\/ul>    <p>Ci-dessus se trouve le param\u00e8tre de notre machine de remplissage de cr\u00e8me \u00e0 une t\u00eate. La machine de remplissage \u00e0 t\u00eate unique peut remplir 100 \u00e0 1 000 ml par bouteille et a un d\u00e9bit de 8 \u00e0 25 bouteilles par minute. Nous pouvons \u00e9galement personnaliser la puissance et la tension en fonction de vos besoins.<\/p>    <p>En outre, nous avons diff\u00e9rentes apparences de machines de remplissage manuelles de beurre de cacahu\u00e8te pour votre choix.<\/p>   <div class=\"wp-block-image\"> <figure class=\"aligncenter size-full\"><img loading=\"lazy\" decoding=\"async\" width=\"720\" height=\"540\" src=\"https:\/\/taizynut.com\/wp-content\/uploads\/2024\/11\/crunchy-peanut-butter-filling-machine.webp\" alt=\"machine de remplissage de beurre de cacahu\u00e8te croquant\" class=\"wp-image-710\" title=\"\" srcset=\"https:\/\/taizynut.com\/wp-content\/uploads\/2024\/11\/crunchy-peanut-butter-filling-machine.webp 720w, https:\/\/taizynut.com\/wp-content\/uploads\/2024\/11\/crunchy-peanut-butter-filling-machine-300x225.webp 300w, https:\/\/taizynut.com\/wp-content\/uploads\/2024\/11\/crunchy-peanut-butter-filling-machine-16x12.webp 16w\" sizes=\"auto, (max-width: 720px) 100vw, 720px\" \/><figcaption class=\"wp-element-caption\">machine de remplissage de beurre de cacahu\u00e8te croquant<\/figcaption><\/figure> <\/div>   <h2 class=\"wp-block-heading\"><strong>Type 2\u00a0: machine de conditionnement de beurre de cacahu\u00e8te enti\u00e8rement automatique<\/strong><\/h2>    <div class=\"wp-block-columns is-layout-flex wp-container-core-columns-is-layout-9d6595d7 wp-block-columns-is-layout-flex\"> <div class=\"wp-block-column is-layout-flow wp-block-column-is-layout-flow\"> <figure class=\"wp-block-image size-full\"><img loading=\"lazy\" decoding=\"async\" width=\"720\" height=\"540\" src=\"https:\/\/taizynut.com\/wp-content\/uploads\/2024\/11\/4-head-peanut-butter-filling-machine.webp\" alt=\"Machine de remplissage de beurre de cacahu\u00e8te \u00e0 4 t\u00eates\" class=\"wp-image-697\" title=\"\" srcset=\"https:\/\/taizynut.com\/wp-content\/uploads\/2024\/11\/4-head-peanut-butter-filling-machine.webp 720w, https:\/\/taizynut.com\/wp-content\/uploads\/2024\/11\/4-head-peanut-butter-filling-machine-300x225.webp 300w, https:\/\/taizynut.com\/wp-content\/uploads\/2024\/11\/4-head-peanut-butter-filling-machine-16x12.webp 16w\" sizes=\"auto, (max-width: 720px) 100vw, 720px\" \/><figcaption class=\"wp-element-caption\">Machine de remplissage de beurre de cacahu\u00e8te \u00e0 4 t\u00eates<\/figcaption><\/figure> <\/div>    <div class=\"wp-block-column is-vertically-aligned-center is-layout-flow wp-block-column-is-layout-flow\"> <p class=\"has-text-align-center translation-block\"><strong>Machine d'emballage du beurre de cacahu\u00e8te \u00e0 4 t\u00eates<\/strong><\/p>    <p>La machine d'emballage automatique de beurre de cacahu\u00e8te peut terminer automatiquement l'ensemble du processus de remplissage, de scellage et d'\u00e9tiquetage du beurre de cacahu\u00e8te.<\/p>    <ul class=\"wp-block-list\"> <li>Processus enti\u00e8rement automatique\u00a0: tri des bouteilles \u2192 remplissage \u2192 capsulage \u2192 \u00e9tiquetage \u2192 scellage<\/li>    <li>Applicable pour les semi-liquides, les p\u00e2tes, le miel, le sirop, la confiture, le beurre de cacahu\u00e8te, la sauce s\u00e9same, la sauce tomate, la sauce chili et toutes sortes de p\u00e2tes<\/li>    <li>Conception compacte et utilisation facile<\/li>    <li>Convient \u00e0 la production de masse et aux entreprises ayant des exigences \u00e9lev\u00e9es en mati\u00e8re de rendement et d'efficacit\u00e9<\/li> <\/ul> <\/div> <\/div>    <ul class=\"wp-block-list\"> <li><strong>Nom du produit<\/strong>: Machine de remplissage de p\u00e2te \u00e0 piston enti\u00e8rement automatique \u00e0 4 t\u00eates<\/li>    <li><strong>Mod\u00e8le<\/strong>: TZ-4<\/li>    <li><strong>Vitesse de remplissage<\/strong>: 2-3 groupes\/minute<\/li>    <li><strong>Erreur de pr\u00e9cision de remplissage<\/strong>: \u2264 \u00b1 1%<\/li>    <li><strong>\u00c9lectricit\u00e9<\/strong>: 220\/50 Hz<\/li>    <li><strong>Pression atmosph\u00e9rique<\/strong>: 0,5-0,7MPa<\/li>    <li><strong>Actuel<\/strong>: 3A<\/li>    <li><strong>Consommation d'\u00e9nergie<\/strong>: 600W<\/li> <\/ul>    <p>Ci-dessus se trouvent les param\u00e8tres de la machine d\u2019emballage automatique couramment utilis\u00e9e pour le remplissage du beurre de cacahu\u00e8te pour votre r\u00e9f\u00e9rence.<\/p>    <p>Cette machine de remplissage de beurre de cacahu\u00e8te peut fonctionner avec la machine de capsulage, la machine d'\u00e9tiquetage, la machine de scellage et la machine de codage, illustr\u00e9es comme ci-dessous\u00a0:<\/p>   <div class=\"wp-block-image\"> <figure class=\"aligncenter size-full\"><img loading=\"lazy\" decoding=\"async\" width=\"837\" height=\"213\" src=\"https:\/\/taizynut.com\/wp-content\/uploads\/2024\/11\/fully-automatic-peanut-butter-packing-machine-line.webp\" alt=\"Ligne de machines d&#039;emballage de beurre de cacahu\u00e8te enti\u00e8rement automatique\" class=\"wp-image-700\" title=\"\" srcset=\"https:\/\/taizynut.com\/wp-content\/uploads\/2024\/11\/fully-automatic-peanut-butter-packing-machine-line.webp 837w, https:\/\/taizynut.com\/wp-content\/uploads\/2024\/11\/fully-automatic-peanut-butter-packing-machine-line-300x76.webp 300w, https:\/\/taizynut.com\/wp-content\/uploads\/2024\/11\/fully-automatic-peanut-butter-packing-machine-line-768x195.webp 768w, https:\/\/taizynut.com\/wp-content\/uploads\/2024\/11\/fully-automatic-peanut-butter-packing-machine-line-18x5.webp 18w\" sizes=\"auto, (max-width: 837px) 100vw, 837px\" \/><figcaption class=\"wp-element-caption\">Ligne de machines d'emballage de beurre de cacahu\u00e8te enti\u00e8rement automatique<\/figcaption><\/figure> <\/div>   <p>Bas\u00e9 sur la machine de remplissage de p\u00e2te \u00e0 4 t\u00eates pour l'appariement, l'appariement de la machine de conditionnement automatique de beurre de cacahu\u00e8te est la suivante\u00a0:<\/p>    <figure class=\"wp-block-table\"><table><tbody><tr><td>Machine<\/td><td>Nom<\/td><\/tr><tr><td>Machine de capsulage<\/td><td>Mod\u00e8le : TZZH-1<br>Taille du capuchon\u00a0: 20-120\u00a0mm<br>Air comprim\u00e9\u00a0: 0,4\u00a0Mpa<br>Source d'alimentation : 220 V<br>Vitesse de capsulage\u00a0: 2000 bouteilles\/heure<br>T\u00eate de bouchage\u00a0: 1 pi\u00e8ce<\/td><\/tr><tr><td>\u00c9tiqueteuse<\/td><td>Mod\u00e8le\u00a0: TZMT200<br>Sp\u00e9cification de tension\u00a0: AC220V 50\/60HZ monophas\u00e9<br>Consommation \u00e9lectrique\u00a0: 2,5\u00a0KW<br>Vitesse d'\u00e9tiquetage : 300 bouteilles\/min<br>Pr\u00e9cision de l'\u00e9tiquetage\u00a0: \u00b1 1\u00a0mm (sauf pour l'erreur de l'objet \u00e9tiquet\u00e9 et de l'\u00e9tiquette elle-m\u00eame)<br>Source d'air pour machine d'impression\u00a0: 5 kg\/centim\u00e8tre carr\u00e9<br>Gamme de conteneurs applicables : diam\u00e8tre ext\u00e9rieur 16-80 mm, hauteur 35-90 mm<br>Plage d'\u00e9tiquettes applicable : hauteur 15-90 mm, longueur 23-300 mm<\/td><\/tr><tr><td>Machine \u00e0 sceller<\/td><td>Mod\u00e8le\u00a0: TZ-2800<br>Alimentation : 220V\/15A<br>Puissance\u00a0: 3,6\u00a0KW<br>Puissance de travail: 80KHZ<br>Diam\u00e8tre d'\u00e9tanch\u00e9it\u00e9 : 5-150 mm<br>Capacit\u00e9 de production : 20-60 bouteilles\/min<br>Volume\u00a0: 600*945*1150mm<\/td><\/tr><tr><td>Machine \u00e0 coder<\/td><td>Mod\u00e8le de produit: TZPM-28<br>Hauteur d'impression : 2-17 mm<br>Lignes d'impression\u00a0: 1-3<br>Caract\u00e8res d'impression par seconde\u00a0: 3600<br>Vitesse d'impression (5\u00d77, ligne unique) : 1,8 m\/s<br>Couleur de l'encre : noir<br>Temps de s\u00e9chage : 1 seconde<br>Tension d'entr\u00e9e\u00a0: 220 V \u00b1 35<br>Puissance : 100 VA<br>Plage de temp\u00e9rature : -5-45 \u2103<br>Temps sans entretien : 2000 heures<\/td><\/tr><\/tbody><\/table><figcaption class=\"wp-element-caption\">Informations sur les donn\u00e9es de la machine d'emballage compl\u00e8te de beurre de cacahu\u00e8te<\/figcaption><\/figure>    <p>Ce qui pr\u00e9c\u00e8de est la ligne compl\u00e8te pour le remplissage et l'emballage de beurre de cacahu\u00e8te. Si vous avez besoin d'aide, dites-nous vos exigences et nous vous fournirons une configuration adapt\u00e9e pour b\u00e9n\u00e9ficier \u00e0 votre entreprise.<\/p>   <div class=\"wp-block-image\"> <figure class=\"aligncenter size-full\"><img loading=\"lazy\" decoding=\"async\" width=\"720\" height=\"540\" src=\"https:\/\/taizynut.com\/wp-content\/uploads\/2024\/11\/fully-automatic-peanut-butter-packaging-machine.webp\" alt=\"machine de conditionnement de beurre de cacahu\u00e8te enti\u00e8rement automatique\" class=\"wp-image-715\" title=\"\" srcset=\"https:\/\/taizynut.com\/wp-content\/uploads\/2024\/11\/fully-automatic-peanut-butter-packaging-machine.webp 720w, https:\/\/taizynut.com\/wp-content\/uploads\/2024\/11\/fully-automatic-peanut-butter-packaging-machine-300x225.webp 300w, https:\/\/taizynut.com\/wp-content\/uploads\/2024\/11\/fully-automatic-peanut-butter-packaging-machine-16x12.webp 16w\" sizes=\"auto, (max-width: 720px) 100vw, 720px\" \/><figcaption class=\"wp-element-caption\">machine de conditionnement de beurre de cacahu\u00e8te enti\u00e8rement automatique<\/figcaption><\/figure> <\/div>   <h2 class=\"wp-block-heading\"><strong>Type 3\u00a0: machine d'emballage de p\u00e2te verticale<\/strong><\/h2>    <div class=\"wp-block-columns is-layout-flex wp-container-core-columns-is-layout-9d6595d7 wp-block-columns-is-layout-flex\"> <div class=\"wp-block-column is-layout-flow wp-block-column-is-layout-flow\"> <figure class=\"wp-block-image size-full\"><img loading=\"lazy\" decoding=\"async\" width=\"720\" height=\"540\" src=\"https:\/\/taizynut.com\/wp-content\/uploads\/2024\/11\/paste-packing-machine-for-peanut-butter.webp\" alt=\"machine d&#039;emballage de p\u00e2te pour le beurre de cacahu\u00e8te\" class=\"wp-image-696\" title=\"\" srcset=\"https:\/\/taizynut.com\/wp-content\/uploads\/2024\/11\/paste-packing-machine-for-peanut-butter.webp 720w, https:\/\/taizynut.com\/wp-content\/uploads\/2024\/11\/paste-packing-machine-for-peanut-butter-300x225.webp 300w, https:\/\/taizynut.com\/wp-content\/uploads\/2024\/11\/paste-packing-machine-for-peanut-butter-16x12.webp 16w\" sizes=\"auto, (max-width: 720px) 100vw, 720px\" \/><figcaption class=\"wp-element-caption\">Machine d'emballage de p\u00e2te pour le beurre de cacahu\u00e8te<\/figcaption><\/figure> <\/div>    <div class=\"wp-block-column is-vertically-aligned-center is-layout-flow wp-block-column-is-layout-flow\"> <p class=\"has-text-align-center translation-block\"><strong>Machine d'emballage en pouch pour beurre de cacahu\u00e8te<\/strong><\/p>    <p>La machine doit remplir et sceller le beurre de cacahu\u00e8te dans des sachets\/sachets\/sacs. <\/p>    <p>Il peut effectuer automatiquement les op\u00e9rations d\u2019ensachage, de scellage et de dosage, rendant le processus d\u2019emballage rapide et efficace.<\/p>    <ul class=\"wp-block-list\"> <li>Applicable \u00e0 toutes sortes de mat\u00e9riaux en p\u00e2te, comme le beurre de cacahu\u00e8te, la p\u00e2te de s\u00e9same et autres<\/li>    <li>Conception verticale avec un faible encombrement<\/li>    <li>Haute efficacit\u00e9 et mesure pr\u00e9cise<\/li> <\/ul> <\/div> <\/div>    <ul class=\"wp-block-list\"> <li><strong>Mod\u00e8le<\/strong>: TZ-320<\/li>    <li><strong>Vitesse d'emballage<\/strong>: 30-80 sacs\/min<\/li>    <li><strong>Pouvoir<\/strong>: 1,8 kW<\/li>    <li><strong>Taille<\/strong>: 750*1150*1950mm<\/li>    <li><strong>Poids<\/strong>: 250kg<\/li>    <li><strong>Tension<\/strong>: 220v 50hz,1 phase<\/li> <\/ul>    <p>Vous pouvez vous r\u00e9f\u00e9rer \u00e0 ce type de machine si vous souhaitez mettre du beurre de cacahu\u00e8te en sachets. Si vous souhaitez plus de d\u00e9tails, n'h\u00e9sitez pas \u00e0 nous contacter \u00e0 tout moment\u00a0!<\/p>    <h2 class=\"wp-block-heading\"><strong>Quel est le prix de la machine de remplissage de beurre de cacahu\u00e8te ?<\/strong><\/h2>    <p>Le prix de notre machine de remplissage de beurre de cacahu\u00e8te varie en fonction du type d'\u00e9quipement, de la capacit\u00e9 de production, du degr\u00e9 d'automatisation et d'autres facteurs. <\/p>    <p>Le prix des \u00e9quipements manuels est relativement bas, tandis que celui des machines d\u2019emballage enti\u00e8rement automatiques est \u00e9lev\u00e9. Vous pouvez choisir le bon \u00e9quipement en fonction de vos besoins et de votre budget. <\/p>    <p>Taizy propose une large gamme de mod\u00e8les de machines de remplissage et d'emballage de beurre de cacahu\u00e8te pour r\u00e9pondre aux besoins des diff\u00e9rentes \u00e9chelles de production. Si vous souhaitez conna\u00eetre les prix sp\u00e9cifiques, n'h\u00e9sitez pas \u00e0 nous contacter pour en savoir plus\u00a0!<\/p>    <figure class=\"wp-block-gallery has-nested-images columns-default is-cropped wp-block-gallery-2 is-layout-flex wp-block-gallery-is-layout-flex\"> <figure class=\"wp-block-image size-large\"><img loading=\"lazy\" decoding=\"async\" width=\"607\" height=\"405\" data-id=\"719\" src=\"https:\/\/taizynut.com\/wp-content\/uploads\/2024\/11\/bottled-peanut-butter.webp\" alt=\"beurre de cacahu\u00e8te en bouteille\" class=\"wp-image-719\" title=\"\" srcset=\"https:\/\/taizynut.com\/wp-content\/uploads\/2024\/11\/bottled-peanut-butter.webp 607w, https:\/\/taizynut.com\/wp-content\/uploads\/2024\/11\/bottled-peanut-butter-300x200.webp 300w, https:\/\/taizynut.com\/wp-content\/uploads\/2024\/11\/bottled-peanut-butter-18x12.webp 18w\" sizes=\"auto, (max-width: 607px) 100vw, 607px\" \/><figcaption class=\"wp-element-caption\">Beurre de cacahu\u00e8te en bouteille<\/figcaption><\/figure>    <figure class=\"wp-block-image size-large\"><img loading=\"lazy\" decoding=\"async\" width=\"350\" height=\"350\" data-id=\"718\" src=\"https:\/\/taizynut.com\/wp-content\/uploads\/2024\/11\/bagged-peanut-butter.webp\" alt=\"beurre de cacahu\u00e8te en sachet\" class=\"wp-image-718\" title=\"\" srcset=\"https:\/\/taizynut.com\/wp-content\/uploads\/2024\/11\/bagged-peanut-butter.webp 350w, https:\/\/taizynut.com\/wp-content\/uploads\/2024\/11\/bagged-peanut-butter-300x300.webp 300w, https:\/\/taizynut.com\/wp-content\/uploads\/2024\/11\/bagged-peanut-butter-150x150.webp 150w, https:\/\/taizynut.com\/wp-content\/uploads\/2024\/11\/bagged-peanut-butter-12x12.webp 12w\" sizes=\"auto, (max-width: 350px) 100vw, 350px\" \/><figcaption class=\"wp-element-caption\">Beurre de cacahu\u00e8te en sachet<\/figcaption><\/figure> <\/figure>    <h2 class=\"wp-block-heading\"><strong>Pourquoi choisir Taizy comme fabricant de machines de conditionnement de beurre de cacahu\u00e8te\u00a0?<\/strong><\/h2>    <p>Il existe de nombreuses raisons de choisir Taizy comme fabricant d\u2019\u00e9quipement d\u2019emballage de beurre de cacahu\u00e8te.<\/p>    <ul class=\"wp-block-list\"> <li><strong>Exp\u00e9rience de production riche et force technique<\/strong> <ul class=\"wp-block-list\"> <li>Nous sommes en mesure de produire et de fournir des \u00e9quipements de haute qualit\u00e9 et performants.<\/li> <\/ul> <\/li>    <li><strong>Haute automatisation et intelligence<\/strong> <ul class=\"wp-block-list\"> <li>La machine de remplissage de beurre de cacahu\u00e8te de Taizy peut grandement am\u00e9liorer l'efficacit\u00e9 de production et r\u00e9duire les co\u00fbts de production.<\/li> <\/ul> <\/li>    <li><strong>Service \u00e0 guichet unique<\/strong> <ul class=\"wp-block-list\"> <li>Notre usine dispose d'une gamme compl\u00e8te de machines \u00e0 arachides, de la plantation \u00e0 la fabrication de produits \u00e0 base d'arachide, tels que <a href=\"https:\/\/taizynut.com\/fr\/product\/semi-automatic-peanut-butter-processing-line\/\">ligne de production de beurre de cacahu\u00e8te<\/a> et une unit\u00e9 de d\u00e9corticage d'arachides. Vous pouvez acheter chez nous tout l\u2019\u00e9quipement de transformation des arachides dont vous avez besoin en une seule fois.<\/li> <\/ul> <\/li>    <li><strong>Service apr\u00e8s-vente complet<\/strong> <ul class=\"wp-block-list\"> <li>Ce service apr\u00e8s-vente garantit que tout probl\u00e8me que vous pourriez rencontrer lors de l'utilisation de votre \u00e9quipement sera r\u00e9solu dans les meilleurs d\u00e9lais.<\/li> <\/ul> <\/li> <\/ul>    <h2 class=\"wp-block-heading\"><strong>Obtenez un devis maintenant !<\/strong><\/h2>    <p class=\"translation-block\">Si vous devez acheter une machine de remplissage de beurre de cacahu\u00e8te, n'h\u00e9sitez pas \u00e0 nous contacter. Nous fournirons des devis d\u00e9taill\u00e9s et des recommandations d'\u00e9quipement. En vous r\u00e9f\u00e9rant \u00e0 ceux-ci, vous pouvez choisir la solution d\u2019emballage <a href=\"https:\/\/en.wikipedia.org\/wiki\/Peanut_butter\" target=\"_blank\" rel=\"noopener\">de beurre de cacahu\u00e8te<\/a> la plus adapt\u00e9e et am\u00e9liorer votre efficacit\u00e9 de production.<\/p>","protected":false},"excerpt":{"rendered":"<p>La machine de remplissage de beurre de cacahu\u00e8te Taizy est con\u00e7ue pour remplir avec pr\u00e9cision du beurre de cacahu\u00e8te et d'autres mat\u00e9riaux p\u00e2teux dans des pots. Son volume de remplissage est de 0 \u00e0 3000 g.<\/p>","protected":false},"author":1,"featured_media":693,"parent":0,"template":"","tags":[49],"product-type":[78],"class_list":["post-680","product","type-product","status-publish","has-post-thumbnail","hentry","tag-peanut-butter","product-type-nut-packaing-machine"],"_links":{"self":[{"href":"https:\/\/taizynut.com\/fr\/wp-json\/wp\/v2\/product\/680","targetHints":{"allow":["GET"]}}],"collection":[{"href":"https:\/\/taizynut.com\/fr\/wp-json\/wp\/v2\/product"}],"about":[{"href":"https:\/\/taizynut.com\/fr\/wp-json\/wp\/v2\/types\/product"}],"author":[{"embeddable":true,"href":"https:\/\/taizynut.com\/fr\/wp-json\/wp\/v2\/users\/1"}],"wp:featuredmedia":[{"embeddable":true,"href":"https:\/\/taizynut.com\/fr\/wp-json\/wp\/v2\/media\/693"}],"wp:attachment":[{"href":"https:\/\/taizynut.com\/fr\/wp-json\/wp\/v2\/media?parent=680"}],"wp:term":[{"taxonomy":"post_tag","embeddable":true,"href":"https:\/\/taizynut.com\/fr\/wp-json\/wp\/v2\/tags?post=680"},{"taxonomy":"product-type","embeddable":true,"href":"https:\/\/taizynut.com\/fr\/wp-json\/wp\/v2\/product-type?post=680"}],"curies":[{"name":"wp","href":"https:\/\/api.w.org\/{rel}","templated":true}]}}