{"id":70,"date":"2022-08-26T07:37:17","date_gmt":"2022-08-26T07:37:17","guid":{"rendered":"https:\/\/taizynut.com\/?post_type=product&#038;p=70"},"modified":"2024-12-23T11:31:38","modified_gmt":"2024-12-23T03:31:38","slug":"peanut-sheller-groundnut-shelling-and-stone-removing-machine","status":"publish","type":"product","link":"https:\/\/taizynut.com\/fr\/product\/peanut-sheller-groundnut-shelling-and-stone-removing-machine\/","title":{"rendered":"D\u00e9cortiqueur d'arachide | machine \u00e0 d\u00e9cortiquer et \u00e0 d\u00e9noyauter les arachides"},"content":{"rendered":"<p class=\"translation-block\">Une d\u00e9cortiqueuse d'arachides est un appareil destin\u00e9 \u00e0 peler les arachides apr\u00e8s \u00e9limination des impuret\u00e9s. En raison de l'environnement de plantation, certaines arachides contiennent des mauvaises herbes et des pierres apr\u00e8s avoir \u00e9t\u00e9 cueillies et s\u00e9ch\u00e9es, de sorte que la machine qui n'a qu'une fonction de d\u00e9corticage est directement utilis\u00e9e. Pour le d\u00e9corticage des arachides, les dommages caus\u00e9s par la machine sont plus importants. Ainsi, cette machine dot\u00e9e de deux fonctions simultan\u00e9ment est la bienvenue. Elle est particuli\u00e8rement adapt\u00e9e au traitement de pelage des arachides dans les zones de plantation d'arachides situ\u00e9es dans des sols vallonn\u00e9s, montagneux et argilo-sableux. Si vous avez un rendement plus faible, vous pouvez \u00e9galement utiliser une <a href=\"https:\/\/taizynut.com\/fr\/product\/peanut-shell-removing-machine\/\" data-type=\"URL\" data-id=\"https:\/\/taizynut.com\/product\/peanut-shell-removing-machine\/\">d\u00e9cortiqueuse d'arachides domestique<\/a>.<\/p>    <figure class=\"wp-block-image size-full\"><img loading=\"lazy\" decoding=\"async\" width=\"720\" height=\"540\" src=\"https:\/\/taizynut.com\/wp-content\/uploads\/2022\/08\/Peanut-sheller.webp\" alt=\"D\u00e9cortiqueuse d&#039;arachide\" class=\"wp-image-150\" title=\"\" srcset=\"https:\/\/taizynut.com\/wp-content\/uploads\/2022\/08\/Peanut-sheller.webp 720w, https:\/\/taizynut.com\/wp-content\/uploads\/2022\/08\/Peanut-sheller-300x225.webp 300w\" sizes=\"auto, (max-width: 720px) 100vw, 720px\" \/><figcaption class=\"wp-element-caption\">D\u00e9cortiqueur d'arachide<\/figcaption><\/figure>    <h2 class=\"wp-block-heading\">Mati\u00e8re premi\u00e8re d\u00e9cortiqueuse d'arachide<\/h2>    <figure class=\"wp-block-gallery has-nested-images columns-2 is-cropped wp-block-gallery-2 is-layout-flex wp-block-gallery-is-layout-flex\"> <figure class=\"wp-block-image size-large\"><img loading=\"lazy\" decoding=\"async\" width=\"720\" height=\"540\" data-id=\"151\" src=\"https:\/\/taizynut.com\/wp-content\/uploads\/2022\/08\/peanuts-mixed-with-leaves.webp\" alt=\"cacahu\u00e8tes m\u00e9lang\u00e9es \u00e0 des feuilles\" class=\"wp-image-151\" title=\"\" srcset=\"https:\/\/taizynut.com\/wp-content\/uploads\/2022\/08\/peanuts-mixed-with-leaves.webp 720w, https:\/\/taizynut.com\/wp-content\/uploads\/2022\/08\/peanuts-mixed-with-leaves-300x225.webp 300w\" sizes=\"auto, (max-width: 720px) 100vw, 720px\" \/><figcaption class=\"wp-element-caption\">Cacahu\u00e8tes m\u00e9lang\u00e9es \u00e0 des feuilles<\/figcaption><\/figure>    <figure class=\"wp-block-image size-large\"><img loading=\"lazy\" decoding=\"async\" width=\"720\" height=\"540\" data-id=\"153\" src=\"https:\/\/taizynut.com\/wp-content\/uploads\/2022\/08\/peanut-kernel.webp\" alt=\"noyau d&#039;arachide\" class=\"wp-image-153\" title=\"\" srcset=\"https:\/\/taizynut.com\/wp-content\/uploads\/2022\/08\/peanut-kernel.webp 720w, https:\/\/taizynut.com\/wp-content\/uploads\/2022\/08\/peanut-kernel-300x225.webp 300w\" sizes=\"auto, (max-width: 720px) 100vw, 720px\" \/><figcaption class=\"wp-element-caption\">Noyau d'arachide<\/figcaption><\/figure> <\/figure>    <p class=\"translation-block\">&nbsp;La mati\u00e8re premi\u00e8re de l'unit\u00e9 de d\u00e9corticage d'arachides est constitu\u00e9e d'arachides s\u00e9ch\u00e9es. La teneur en <a href=\"https:\/\/en.wikipedia.org\/wiki\/Moisture\" data-type=\"URL\" data-id=\"https:\/\/en.wikipedia.org\/wiki\/Moisture\" target=\"_blank\" rel=\"noopener\">humidit\u00e9<\/a> des arachides doit \u00eatre de 13 % \u00e0 14 %. Plus les arachides sont s\u00e8ches, plus le taux de casse est faible. G\u00e9n\u00e9ralement, apr\u00e8s la r\u00e9colte et le ramassage des arachides, elles peuvent \u00eatre s\u00e9ch\u00e9es au soleil pendant environ trois jours pour obtenir cet effet.<\/p>    <h2 class=\"wp-block-heading\">Avantages du nettoyage des d\u00e9cortiqueuses d'arachides<\/h2>    <figure class=\"wp-block-gallery has-nested-images columns-default is-cropped wp-block-gallery-3 is-layout-flex wp-block-gallery-is-layout-flex\"> <figure class=\"wp-block-image size-large\"><img loading=\"lazy\" decoding=\"async\" width=\"720\" height=\"540\" data-id=\"154\" src=\"https:\/\/taizynut.com\/wp-content\/uploads\/2022\/08\/peanut-shelling-machine.webp\" alt=\"d\u00e9cortiqueuse d&#039;arachide\" class=\"wp-image-154\" title=\"\" srcset=\"https:\/\/taizynut.com\/wp-content\/uploads\/2022\/08\/peanut-shelling-machine.webp 720w, https:\/\/taizynut.com\/wp-content\/uploads\/2022\/08\/peanut-shelling-machine-300x225.webp 300w\" sizes=\"auto, (max-width: 720px) 100vw, 720px\" \/><figcaption class=\"wp-element-caption\">Machine \u00e0 d\u00e9cortiquer les arachides<\/figcaption><\/figure>    <figure class=\"wp-block-image size-large\"><img loading=\"lazy\" decoding=\"async\" width=\"720\" height=\"540\" data-id=\"152\" src=\"https:\/\/taizynut.com\/wp-content\/uploads\/2022\/08\/peanuts.webp\" alt=\"cacahu\u00e8tes\" class=\"wp-image-152\" title=\"\" srcset=\"https:\/\/taizynut.com\/wp-content\/uploads\/2022\/08\/peanuts.webp 720w, https:\/\/taizynut.com\/wp-content\/uploads\/2022\/08\/peanuts-300x225.webp 300w\" sizes=\"auto, (max-width: 720px) 100vw, 720px\" \/><figcaption class=\"wp-element-caption\">Cacahu\u00e8tes <\/figcaption><\/figure> <\/figure>    <p>La fonction principale du nettoyage est d\u2019\u00e9liminer les impuret\u00e9s telles que les mauvaises herbes, les cailloux et le sable pr\u00e9sents dans les cacahu\u00e8tes. Apr\u00e8s retrait, les cacahu\u00e8tes sont relativement propres apr\u00e8s \u00e9pluchage, ce qui facilite l'utilisation des noyaux d'arachide. Si les impuret\u00e9s ne sont pas \u00e9limin\u00e9es, l'\u00e9limination directe entra\u00eenera des blessures au travail relativement importantes. L\u2019ajout d\u2019un syst\u00e8me de nettoyage peut am\u00e9liorer l\u2019efficacit\u00e9 du d\u00e9corticage des arachides.<\/p>    <h2 class=\"wp-block-heading\">Structure du d\u00e9cortiqueur d'arachide<\/h2>    <figure class=\"wp-block-embed is-type-video is-provider-youtube wp-block-embed-youtube wp-embed-aspect-16-9 wp-has-aspect-ratio\"><div class=\"wp-block-embed__wrapper\"> <iframe loading=\"lazy\" title=\"Comment les cacahu\u00e8tes sont-elles automatiquement d\u00e9cortiqu\u00e9es ? | d\u00e9cortiqueuse d&#039;arachide | machine \u00e0 craquer les arachides \u00e0 vendre\" width=\"500\" height=\"281\" src=\"https:\/\/www.youtube.com\/embed\/8uQLrmhKmj0?start=55&#038;feature=oembed\" frameborder=\"0\" allow=\"accelerometer; autoplay; clipboard-write; encrypted-media; gyroscope; picture-in-picture; web-share\" referrerpolicy=\"strict-origin-when-cross-origin\" allowfullscreen><\/iframe> <\/div><figcaption class=\"wp-element-caption\">d\u00e9cortiqueuse d'arachide <\/figcaption><\/figure>    <h3 class=\"wp-block-heading\">La partie nettoyage de la machine \u00e0 \u00e9plucher les cacahu\u00e8tes<\/h3>    <figure class=\"wp-block-image size-full\"><img loading=\"lazy\" decoding=\"async\" width=\"720\" height=\"540\" src=\"https:\/\/taizynut.com\/wp-content\/uploads\/2022\/08\/peanut-shelling-machine-1.webp\" alt=\"d\u00e9cortiqueuse d&#039;arachide\" class=\"wp-image-155\" title=\"\" srcset=\"https:\/\/taizynut.com\/wp-content\/uploads\/2022\/08\/peanut-shelling-machine-1.webp 720w, https:\/\/taizynut.com\/wp-content\/uploads\/2022\/08\/peanut-shelling-machine-1-300x225.webp 300w\" sizes=\"auto, (max-width: 720px) 100vw, 720px\" \/><figcaption class=\"wp-element-caption\">Machine \u00e0 d\u00e9cortiquer les arachides<\/figcaption><\/figure>    <p>Une partie de nettoyage est une machine qui pr\u00e9traite les cacahu\u00e8tes avant de les d\u00e9cortiquer et qui \u00e9limine d'abord les mauvaises herbes, le sable et les d\u00e9bris des cacahu\u00e8tes. La partie de nettoyage des arachides se compose d'un moteur, d'une tr\u00e9mie d'alimentation, d'un tamis de tri, d'un vilebrequin, d'un ventilateur d'aspiration et d'un dispositif de transport a\u00e9rien. Versez les diverses cacahu\u00e8tes dans la tr\u00e9mie et versez-les dans le tamis de tri. <\/p>    <p>Sous l'action du ventilateur d'aspiration et du vilebrequin, le tamis de tri aspire les feuilles cass\u00e9es et la poussi\u00e8re flottante dans les cacahu\u00e8tes hors de la machine. Les pierres) sont tri\u00e9es par un tamis de tri, remontent de la surface du tamis jusqu'\u00e0 l'orifice de d\u00e9charge divers et s'\u00e9coulent hors de la machine. Apr\u00e8s avoir \u00e9limin\u00e9 les impuret\u00e9s, les cacahu\u00e8tes descendent de la surface du tamis \u00e0 travers l'orifice de d\u00e9charge et s'\u00e9coulent dans le dispositif de transport d'air, et le vent transporte les cacahu\u00e8tes vers la tr\u00e9mie du syst\u00e8me de d\u00e9corticage.<\/p>    <h3 class=\"wp-block-heading\">partie d'\u00e9pluchage de la d\u00e9cortiqueuse d'arachide <\/h3>    <figure class=\"wp-block-image size-full\"><img loading=\"lazy\" decoding=\"async\" width=\"720\" height=\"540\" src=\"https:\/\/taizynut.com\/wp-content\/uploads\/2022\/08\/peanut-sheller-machine-1.webp\" alt=\"d\u00e9cortiqueuse d&#039;arachide\" class=\"wp-image-156\" title=\"\" srcset=\"https:\/\/taizynut.com\/wp-content\/uploads\/2022\/08\/peanut-sheller-machine-1.webp 720w, https:\/\/taizynut.com\/wp-content\/uploads\/2022\/08\/peanut-sheller-machine-1-300x225.webp 300w\" sizes=\"auto, (max-width: 720px) 100vw, 720px\" \/><figcaption class=\"wp-element-caption\">Machine \u00e0 d\u00e9cortiquer les cacahu\u00e8tes<\/figcaption><\/figure>    <p>Le d\u00e9corticage des cacahu\u00e8tes sera effectu\u00e9 une fois les cacahu\u00e8tes nettoy\u00e9es. Une fois les cacahu\u00e8tes nettoy\u00e9es, elles entreront automatiquement dans l\u2019\u00e9tape de d\u00e9corticage des cacahu\u00e8tes. etc. composition. Les cacahu\u00e8tes dans la tr\u00e9mie d'alimentation s'\u00e9coulent dans le tambour de d\u00e9corticage correspondant et les cacahu\u00e8tes sont pel\u00e9es gr\u00e2ce \u00e0 la force de frottement r\u00e9p\u00e9t\u00e9e de la bande d'acier et de la cage.<\/p>    <h2 class=\"wp-block-heading\">Param\u00e8tres du d\u00e9cortiqueur d'arachide<\/h2>    <figure class=\"wp-block-image size-full\"><img loading=\"lazy\" decoding=\"async\" width=\"720\" height=\"540\" src=\"https:\/\/taizynut.com\/wp-content\/uploads\/2022\/08\/peanut-sheller-machine-factory.webp\" alt=\"usine de d\u00e9cortiqueuse d&#039;arachide\" class=\"wp-image-157\" title=\"\" srcset=\"https:\/\/taizynut.com\/wp-content\/uploads\/2022\/08\/peanut-sheller-machine-factory.webp 720w, https:\/\/taizynut.com\/wp-content\/uploads\/2022\/08\/peanut-sheller-machine-factory-300x225.webp 300w\" sizes=\"auto, (max-width: 720px) 100vw, 720px\" \/><figcaption class=\"wp-element-caption\">Usine de machines \u00e0 d\u00e9cortiquer les arachides<\/figcaption><\/figure>    <figure class=\"wp-block-table\"><table><tbody><tr><td>Mod\u00e8le<\/td><td>Extracteur d'arachides de type 6BX-3500 (d\u00e9cortiqueur d'arachides transport\u00e9 par le vent)<\/td><\/tr><tr><td>Norme ex\u00e9cutive<\/td><td>Question\/RJ025-2016<\/td><\/tr><tr><td>Dimensions (mm)<\/td><td>2500*1200*2450<\/td><\/tr><tr><td>poids (kg)<\/td><td>1200<\/td><\/tr><tr><td>Puissance triphas\u00e9e (kW) pour le syst\u00e8me d'\u00e9limination des impuret\u00e9s<\/td><td>4-3\u00a0KW \u00a0\u00a0\u00a0\u00a0\u00a02-3\u00a0KW<\/td><\/tr><tr><td>Syst\u00e8me de bombardement prenant en charge la puissance triphas\u00e9e (kW)<\/td><td>6-5,5\u00a0KW \u00a0\u00a0\u00a02-4\u00a0KW<\/td><\/tr><tr><td>Production (kg\/h)<\/td><td>\u22652000<\/td><\/tr><tr><td>Le pourcentage de fruits dans les grains (signe pourcentage)<\/td><td>\u22640,6<\/td><\/tr><tr><td>Le pourcentage de fruits dans les grains (signe pourcentage)<\/td><td>\u22640,4<\/td><\/tr><tr><td>Taux cass\u00e9 (%)<\/td><td>\u22643<\/td><\/tr><tr><td>Taux de d\u00e9g\u00e2ts (%)<\/td><td>\u22642,8<\/td><\/tr><tr><td>Taux de d\u00e9g\u00e2ts (%)<\/td><td>\u22640,5<\/td><\/tr><tr><td>Efficacit\u00e9 (%)<\/td><td>\u226598<\/td><\/tr><tr><td>Nombre d'op\u00e9rateurs<\/td><td>Taux de d\u00e9g\u00e2ts (%)<\/td><\/tr><\/tbody><\/table><figcaption class=\"wp-element-caption\">d\u00e9cortiqueuse d'arachide<\/figcaption><\/figure>    <h2 class=\"wp-block-heading\" id=\"h-peanut-shelling-unit-shipped-to-brazil\">Unit\u00e9 de d\u00e9corticage d'arachide exp\u00e9di\u00e9e au Br\u00e9sil<\/h2>    <figure class=\"wp-block-image size-full\"><img loading=\"lazy\" decoding=\"async\" width=\"720\" height=\"540\" src=\"https:\/\/taizynut.com\/wp-content\/uploads\/2022\/08\/peanut-sheller-machine-2.webp\" alt=\"d\u00e9cortiqueuse d&#039;arachide\" class=\"wp-image-158\" title=\"\" srcset=\"https:\/\/taizynut.com\/wp-content\/uploads\/2022\/08\/peanut-sheller-machine-2.webp 720w, https:\/\/taizynut.com\/wp-content\/uploads\/2022\/08\/peanut-sheller-machine-2-300x225.webp 300w\" sizes=\"auto, (max-width: 720px) 100vw, 720px\" \/><figcaption class=\"wp-element-caption\">Machine \u00e0 d\u00e9cortiquer les cacahu\u00e8tes<\/figcaption><\/figure>    <p>Notre d\u00e9cortiqueuse de cacahu\u00e8tes est tr\u00e8s populaire au Br\u00e9sil. L'un de nos clients est une entreprise agricole locale. Il ach\u00e8te des machines chez Hungry depuis huit ann\u00e9es cons\u00e9cutives. Nous ach\u00e8terons des machines de mani\u00e8re centralis\u00e9e de juin \u00e0 ao\u00fbt de chaque ann\u00e9e. Une bonne relation de coop\u00e9ration s'est form\u00e9e. Le favori du client br\u00e9silien est l\u2019unit\u00e9 de d\u00e9corticage d\u2019arachides. Il a d\u00e9clar\u00e9 que lorsqu'ils vendent et utilisent la machine, la fonction de nettoyage de la machine est tr\u00e8s adapt\u00e9e \u00e0 leur production de transformation.<\/p>","protected":false},"excerpt":{"rendered":"<p>Une unit\u00e9 de d\u00e9corticage d'arachides est un dispositif permettant d'\u00e9plucher les cacahu\u00e8tes apr\u00e8s avoir \u00e9limin\u00e9 les impuret\u00e9s. En raison de l'environnement de plantation, certaines cacahu\u00e8tes ont des mauvaises herbes et des pierres apr\u00e8s avoir \u00e9t\u00e9 cueillies et s\u00e9ch\u00e9es, de sorte que la machine qui n'a qu'une fonction de d\u00e9corticage est directement utilis\u00e9e.<\/p>","protected":false},"author":1,"featured_media":164,"parent":0,"template":"","tags":[20,41,47],"product-type":[14],"class_list":["post-70","product","type-product","status-publish","has-post-thumbnail","hentry","tag-peanut-creacking-machine","tag-peanut-sheller","tag-peanut-shelling","product-type-peanut-sheller"],"_links":{"self":[{"href":"https:\/\/taizynut.com\/fr\/wp-json\/wp\/v2\/product\/70","targetHints":{"allow":["GET"]}}],"collection":[{"href":"https:\/\/taizynut.com\/fr\/wp-json\/wp\/v2\/product"}],"about":[{"href":"https:\/\/taizynut.com\/fr\/wp-json\/wp\/v2\/types\/product"}],"author":[{"embeddable":true,"href":"https:\/\/taizynut.com\/fr\/wp-json\/wp\/v2\/users\/1"}],"wp:featuredmedia":[{"embeddable":true,"href":"https:\/\/taizynut.com\/fr\/wp-json\/wp\/v2\/media\/164"}],"wp:attachment":[{"href":"https:\/\/taizynut.com\/fr\/wp-json\/wp\/v2\/media?parent=70"}],"wp:term":[{"taxonomy":"post_tag","embeddable":true,"href":"https:\/\/taizynut.com\/fr\/wp-json\/wp\/v2\/tags?post=70"},{"taxonomy":"product-type","embeddable":true,"href":"https:\/\/taizynut.com\/fr\/wp-json\/wp\/v2\/product-type?post=70"}],"curies":[{"name":"wp","href":"https:\/\/api.w.org\/{rel}","templated":true}]}}