{"id":72,"date":"2022-08-26T06:50:37","date_gmt":"2022-08-26T06:50:37","guid":{"rendered":"https:\/\/taizynut.com\/?post_type=product&#038;p=72"},"modified":"2026-01-21T08:51:49","modified_gmt":"2026-01-21T00:51:49","slug":"dry-peanut-peeling-machine","status":"publish","type":"product","link":"https:\/\/taizynut.com\/fr\/product\/dry-peanut-peeling-machine\/","title":{"rendered":"Machine \u00e0 \u00e9plucher les arachides s\u00e8ches pour enlever la peau des arachides grill\u00e9es"},"content":{"rendered":"<p class=\"translation-block\"><strong>Machine de pelage des arachides<\/strong> est con\u00e7ue pour enlever la coque rouge des arachides torr\u00e9fi\u00e9es, g\u00e9n\u00e9ralement utilis\u00e9 dans la ligne de fabrication de barres de beurre d'arachide ou dans la ligne de traitement du beurre d'arachide. Il est pr\u00e9f\u00e9rable d'utiliser cette machine lorsque le taux d\u2019humidit\u00e9 est &lt;5%.<\/p>    <p>Cet \u00e9plucheur de cacahu\u00e8tes grill\u00e9es a une capacit\u00e9 de 200 \u00e0 1 000 kg\/h et un taux de pelage de 98%. Dot\u00e9 d'une m\u00e9thode de pelage \u00e0 haute efficacit\u00e9 et \u00e0 sec, cet \u00e9quipement est populaire dans l'industrie de transformation des arachides.<\/p>    <p>Les cacahu\u00e8tes seront d\u00e9cortiqu\u00e9es apr\u00e8s la cueillette des fruits et pourront \u00eatre utilis\u00e9es pour les graines et \u00e0 d'autres fins apr\u00e8s le d\u00e9corticage, mais la peau rouge de l'arachide doit \u00eatre retir\u00e9e lors du traitement g\u00e9n\u00e9ral des arachides. L'\u00e9plucheur d'arachides aura un meilleur effet d'\u00e9pluchage apr\u00e8s la torr\u00e9faction.<\/p>   <div class=\"wp-block-image\"> <figure class=\"aligncenter size-full\"><img loading=\"lazy\" decoding=\"async\" width=\"720\" height=\"540\" src=\"https:\/\/taizynut.com\/wp-content\/uploads\/2022\/08\/peanuts-skin-remover-equipment-2.webp\" alt=\"\u00e9quipement pour enlever la peau des cacahu\u00e8tes\" class=\"wp-image-128\" title=\"\" srcset=\"https:\/\/taizynut.com\/wp-content\/uploads\/2022\/08\/peanuts-skin-remover-equipment-2.webp 720w, https:\/\/taizynut.com\/wp-content\/uploads\/2022\/08\/peanuts-skin-remover-equipment-2-300x225.webp 300w\" sizes=\"auto, (max-width: 720px) 100vw, 720px\" \/><figcaption class=\"wp-element-caption\">\u00e9quipement pour enlever la peau des cacahu\u00e8tes<\/figcaption><\/figure> <\/div>   <h2 class=\"wp-block-heading\">Points forts attrayants de la machine \u00e0 \u00e9plucher les arachides<\/h2>   <div class=\"wp-block-image\"> <figure class=\"aligncenter size-full\"><img loading=\"lazy\" decoding=\"async\" width=\"720\" height=\"540\" src=\"https:\/\/taizynut.com\/wp-content\/uploads\/2022\/08\/peanut-peeling-machine.webp\" alt=\"machine \u00e0 \u00e9plucher les cacahu\u00e8tes\" class=\"wp-image-119\" title=\"\" srcset=\"https:\/\/taizynut.com\/wp-content\/uploads\/2022\/08\/peanut-peeling-machine.webp 720w, https:\/\/taizynut.com\/wp-content\/uploads\/2022\/08\/peanut-peeling-machine-300x225.webp 300w\" sizes=\"auto, (max-width: 720px) 100vw, 720px\" \/><figcaption class=\"wp-element-caption\">machine \u00e0 \u00e9plucher les cacahu\u00e8tes<\/figcaption><\/figure> <\/div>   <ul class=\"wp-block-list\"> <li><strong>S\u00e9paration automatique<\/strong>. Les peaux de cacahu\u00e8tes et les cacahu\u00e8tes sont automatiquement s\u00e9par\u00e9es.<\/li>    <li><strong>Petit et facile \u00e0 d\u00e9placer<\/strong>. Des instructions en anglais et un enseignement vid\u00e9o seront envoy\u00e9s.<\/li>    <li><strong>Taux de pelage \u00e9lev\u00e9<\/strong>. Apr\u00e8s avoir pel\u00e9 les cacahu\u00e8tes, le taux de pelage des cacahu\u00e8tes atteint 99%.<\/li>    <li><strong>Bon effet peeling aux arachides<\/strong>. Les cacahu\u00e8tes sont encore intactes apr\u00e8s avoir \u00e9t\u00e9 pel\u00e9es et leur forme ne sera pas endommag\u00e9e.<\/li> <\/ul>    <h2 class=\"wp-block-heading\">Param\u00e8tres de la machine \u00e0 \u00e9plucher les arachides<\/h2>   <div class=\"wp-block-image\"> <figure class=\"aligncenter size-full\"><img loading=\"lazy\" decoding=\"async\" width=\"720\" height=\"540\" src=\"https:\/\/taizynut.com\/wp-content\/uploads\/2022\/08\/peanuts-skin-remover-equipment.webp\" alt=\"\u00e9quipement pour enlever la peau des cacahu\u00e8tes\" class=\"wp-image-125\" title=\"\" srcset=\"https:\/\/taizynut.com\/wp-content\/uploads\/2022\/08\/peanuts-skin-remover-equipment.webp 720w, https:\/\/taizynut.com\/wp-content\/uploads\/2022\/08\/peanuts-skin-remover-equipment-300x225.webp 300w\" sizes=\"auto, (max-width: 720px) 100vw, 720px\" \/><figcaption class=\"wp-element-caption\">\u00e9quipement pour enlever la peau des cacahu\u00e8tes<\/figcaption><\/figure> <\/div>   <figure class=\"wp-block-table\"><table><tbody><tr><td>Sortir<\/td><td>Puissance du moteur<\/td><td>Puissance du ventilateur<\/td><td>Tension<\/td><td>Fr\u00e9quence<\/td><td>Taux de suppression<\/td><td>Dimensions<\/td><\/tr><tr><td>200-300kg\/heure<\/td><td>0,55 kW<\/td><td>0,37 kW&nbsp;<\/td><td>380V\/220V&nbsp;<\/td><td>50HZ&nbsp;<\/td><td>98%<\/td><td>1100*400*1100MM<\/td><\/tr><tr><td>400-500 kg\/heure<\/td><td>0,55 kW*2<\/td><td>0,37 kW&nbsp;<\/td><td>380V\/220V<\/td><td>50HZ&nbsp;<\/td><td>98%&nbsp;<\/td><td>1100*700*1100MM<\/td><\/tr><tr><td>600-800 kg\/heure<\/td><td>0,55 kW*3&nbsp;<\/td><td>0,37 kW<\/td><td>380V\/220V&nbsp;<\/td><td>50HZ&nbsp;<\/td><td>98%&nbsp;<\/td><td>1100*1000*1100MM<\/td><\/tr><tr><td>800-1000kg\/heure<\/td><td>0,55 kW*4<\/td><td>0,37 kW<\/td><td>380V\/220V&nbsp;<\/td><td>50HZ&nbsp;<\/td><td>98%&nbsp;<\/td><td>1100*1400*1100MM<\/td><\/tr><\/tbody><\/table><figcaption class=\"wp-element-caption\">Param\u00e8tres de l'\u00e9plucheur de cacahu\u00e8tes grill\u00e9es<\/figcaption><\/figure>    <p>Comme le montre le tableau des param\u00e8tres ci-dessus, notre machine \u00e0 \u00e9plucher les arachides peut r\u00e9pondre \u00e0 une large gamme de production, qui est principalement d\u00e9termin\u00e9e par vos besoins sp\u00e9cifiques. Si vous souhaitez produire de grandes quantit\u00e9s de bonbons aux arachides, l\u2019\u00e9quipement dont vous avez besoin doit \u00eatre volumineux. Alors le mod\u00e8le 600-1000kg\/h vous convient le mieux.<\/p>    <p>Si vous avez des questions sur le mod\u00e8le \u00e0 choisir ou sur l'\u00e9quipement, contactez-nous et nous y r\u00e9pondrons pour vous.<\/p>    <h2 class=\"wp-block-heading\" id=\"h-the-use-of-peanut-roaster\">L'utilisation d'une machine \u00e0 \u00e9plucher les cacahu\u00e8tes grill\u00e9es<\/h2>   <div class=\"wp-block-image\"> <figure class=\"aligncenter size-full\"><img loading=\"lazy\" decoding=\"async\" width=\"599\" height=\"342\" src=\"https:\/\/taizynut.com\/wp-content\/uploads\/2022\/08\/peannut-peeliing-mahcine.webp\" alt=\"Machine \u00e0 \u00e9plucher les arachides\" class=\"wp-image-122\" title=\"\" srcset=\"https:\/\/taizynut.com\/wp-content\/uploads\/2022\/08\/peannut-peeliing-mahcine.webp 599w, https:\/\/taizynut.com\/wp-content\/uploads\/2022\/08\/peannut-peeliing-mahcine-300x171.webp 300w\" sizes=\"auto, (max-width: 599px) 100vw, 599px\" \/><figcaption class=\"wp-element-caption\">Machine \u00e0 \u00e9plucher les arachides<\/figcaption><\/figure> <\/div>   <p>La teneur en humidit\u00e9 de la cuisson est de pr\u00e9f\u00e9rence inf\u00e9rieure \u00e0 5%. Plus la teneur en humidit\u00e9 est faible, meilleur est l'effet de pelage des arachides, ce qui est compl\u00e8tement oppos\u00e9 \u00e0 la m\u00e9thode d'utilisation de la machine \u00e0 \u00e9plucher les arachides humides. <\/p>    <p>Lors de l'achat de la machine, vous pouvez choisir de peler les cacahu\u00e8tes \u00e0 sec ou humides en fonction de l'humidit\u00e9 des cacahu\u00e8tes.<\/p>    <h2 class=\"wp-block-heading\">Structure de la machine \u00e0 \u00e9plucher les arachides<\/h2>   <div class=\"wp-block-image\"> <figure class=\"aligncenter size-full\"><img loading=\"lazy\" decoding=\"async\" width=\"720\" height=\"540\" src=\"https:\/\/taizynut.com\/wp-content\/uploads\/2022\/08\/peanut-peeling-machine-1.webp\" alt=\"machine \u00e0 \u00e9plucher les cacahu\u00e8tes\" class=\"wp-image-123\" title=\"\" srcset=\"https:\/\/taizynut.com\/wp-content\/uploads\/2022\/08\/peanut-peeling-machine-1.webp 720w, https:\/\/taizynut.com\/wp-content\/uploads\/2022\/08\/peanut-peeling-machine-1-300x225.webp 300w\" sizes=\"auto, (max-width: 720px) 100vw, 720px\" \/><figcaption class=\"wp-element-caption\">machine \u00e0 \u00e9plucher les cacahu\u00e8tes<\/figcaption><\/figure> <\/div>   <p>La machine \u00e0 \u00e9plucher les arachides est compos\u00e9e d'un dispositif \u00e9lectrique (y compris moteur, poulie, courroie, roulement, etc.), d'un cadre, d'une tr\u00e9mie d'alimentation, d'un rouleau d'\u00e9pluchage (rouleau en acier ou rouleau de sable), d'un ventilateur d'aspiration, etc.<\/p>    <h2 class=\"wp-block-heading\">Domaines d'application de la machine \u00e0 \u00e9plucher les arachides<\/h2>    <figure class=\"wp-block-gallery has-nested-images columns-default is-cropped wp-block-gallery-2 is-layout-flex wp-block-gallery-is-layout-flex\"> <figure class=\"wp-block-image size-large\"><img loading=\"lazy\" decoding=\"async\" width=\"720\" height=\"540\" data-id=\"120\" src=\"https:\/\/taizynut.com\/wp-content\/uploads\/2022\/08\/peannut.webp\" alt=\"cacahu\u00e8te\" class=\"wp-image-120\" title=\"\" srcset=\"https:\/\/taizynut.com\/wp-content\/uploads\/2022\/08\/peannut.webp 720w, https:\/\/taizynut.com\/wp-content\/uploads\/2022\/08\/peannut-300x225.webp 300w\" sizes=\"auto, (max-width: 720px) 100vw, 720px\" \/><figcaption class=\"wp-element-caption\">Arachide<\/figcaption><\/figure>    <figure class=\"wp-block-image size-large\"><img loading=\"lazy\" decoding=\"async\" width=\"720\" height=\"540\" data-id=\"121\" src=\"https:\/\/taizynut.com\/wp-content\/uploads\/2022\/08\/peanut-peeling.webp\" alt=\"pelage d&#039;arachide \" class=\"wp-image-121\" title=\"\" srcset=\"https:\/\/taizynut.com\/wp-content\/uploads\/2022\/08\/peanut-peeling.webp 720w, https:\/\/taizynut.com\/wp-content\/uploads\/2022\/08\/peanut-peeling-300x225.webp 300w\" sizes=\"auto, (max-width: 720px) 100vw, 720px\" \/><figcaption class=\"wp-element-caption\">\u00c9pluchage d'arachide <\/figcaption><\/figure> <\/figure>    <p>Il est utilis\u00e9 dans le traitement de pr\u00e9-pelage pour la production d'arachides frites, d'arachides aromatis\u00e9es, de g\u00e2teaux aux arachides, de bonbons aux arachides, de lait d'arachide, de poudre de prot\u00e9ines d'arachide, de bouillie aux huit tr\u00e9sors, de sauce aux arachides et de produits en conserve.<\/p>    <h2 class=\"wp-block-heading\">Le principe de l'\u00e9quipement pour enlever la peau des cacahu\u00e8tes<\/h2>   <div class=\"wp-block-image\"> <figure class=\"aligncenter size-full\"><img loading=\"lazy\" decoding=\"async\" width=\"720\" height=\"540\" src=\"https:\/\/taizynut.com\/wp-content\/uploads\/2022\/08\/roasted-peanuts-skin-remover-equipment.webp\" alt=\"\u00e9quipement pour enlever la peau des cacahu\u00e8tes grill\u00e9es\" class=\"wp-image-124\" title=\"\" srcset=\"https:\/\/taizynut.com\/wp-content\/uploads\/2022\/08\/roasted-peanuts-skin-remover-equipment.webp 720w, https:\/\/taizynut.com\/wp-content\/uploads\/2022\/08\/roasted-peanuts-skin-remover-equipment-300x225.webp 300w\" sizes=\"auto, (max-width: 720px) 100vw, 720px\" \/><figcaption class=\"wp-element-caption\">\u00e9quipement pour enlever la peau des cacahu\u00e8tes grill\u00e9es<\/figcaption><\/figure> <\/div>   <p>Une fois que l'\u00e9plucheur d'arachides fonctionne normalement, les cacahu\u00e8tes peuvent \u00eatre plac\u00e9es dans la tr\u00e9mie de mani\u00e8re uniforme et continue, et la peau d'arachide et les cacahu\u00e8tes seront s\u00e9par\u00e9es sous la friction r\u00e9p\u00e9t\u00e9e du rotor. Ensuite, le ventilateur de la machine soufflera les peaux d'arachide les plus l\u00e9g\u00e8res pour atteindre l'objectif de s\u00e9paration.<\/p>    <h2 class=\"wp-block-heading\">Pourquoi les cacahu\u00e8tes doivent-elles enlever la peau rouge ?<\/h2>   <div class=\"wp-block-image\"> <figure class=\"aligncenter size-full\"><img loading=\"lazy\" decoding=\"async\" width=\"720\" height=\"540\" src=\"https:\/\/taizynut.com\/wp-content\/uploads\/2022\/08\/peanuts-skin-remover-equipment-1.webp\" alt=\"\u00e9quipement pour enlever la peau des cacahu\u00e8tes\" class=\"wp-image-127\" title=\"\" srcset=\"https:\/\/taizynut.com\/wp-content\/uploads\/2022\/08\/peanuts-skin-remover-equipment-1.webp 720w, https:\/\/taizynut.com\/wp-content\/uploads\/2022\/08\/peanuts-skin-remover-equipment-1-300x225.webp 300w\" sizes=\"auto, (max-width: 720px) 100vw, 720px\" \/><figcaption class=\"wp-element-caption\">\u00e9quipement pour enlever la peau des cacahu\u00e8tes<\/figcaption><\/figure> <\/div>   <p class=\"translation-block\">Les cacahu\u00e8tes ont une couche de peau rouge, qui doit g\u00e9n\u00e9ralement \u00eatre enlev\u00e9e lors de la fabrication de barres de cacahu\u00e8te ou de <a href=\"https:\/\/taizynut.com\/fr\/product\/semi-automatic-peanut-butter-processing-line\/\">l'usine de traitement du beurre de cacahu\u00e8te<\/a>, car la peau rouge des cacahu\u00e8tes est relativement am\u00e8re, et cela affectera le go\u00fbt lors de leur transformation en nourriture. <\/p>    <p>La peau des arachides est \u00e9galement retir\u00e9e lorsqu'elle est utilis\u00e9e comme noix dans les biscuits et les g\u00e2teaux. Les cacahu\u00e8tes doivent \u00e9galement \u00eatre pel\u00e9es pour fabriquer du beurre de cacahu\u00e8te, c'est pourquoi les machines \u00e0 \u00e9plucher les cacahu\u00e8tes sont des machines importantes dans l'industrie de transformation des cacahu\u00e8tes.<\/p>    <h2 class=\"wp-block-heading\"><strong>Obtenez un devis maintenant !<\/strong><\/h2>    <p class=\"translation-block\">Dans le processus de cacahu\u00e8te, si vous \u00eates int\u00e9ress\u00e9 par <a href=\"https:\/\/en.wikipedia.org\/wiki\/Peanut\" target=\"_blank\" rel=\"noopener\">l'\u00e9pluchage de cacahu\u00e8tes<\/a>, contactez-nous et dites-nous vos besoins (comme la production, le budget, l'humidit\u00e9 des cacahu\u00e8tes, etc.), et nous vous recommanderons la solution la plus adapt\u00e9e et fournirons le meilleur prix pour vous en fonction de cela.<\/p>","protected":false},"excerpt":{"rendered":"<p>La machine \u00e0 \u00e9plucher les cacahu\u00e8tes est con\u00e7ue pour enlever la couche rouge des cacahu\u00e8tes grill\u00e9es, g\u00e9n\u00e9ralement utilis\u00e9es dans la cha\u00eene de traitement des barres cassantes aux cacahu\u00e8tes ou du beurre de cacahu\u00e8te, avec une capacit\u00e9 de 200 \u00e0 1 000 kg\/h.<\/p>","protected":false},"author":1,"featured_media":129,"parent":0,"template":"","tags":[45,50],"product-type":[27],"class_list":["post-72","product","type-product","status-publish","has-post-thumbnail","hentry","tag-peanut","tag-peanut-peeling","product-type-peanut-kernel-processing"],"_links":{"self":[{"href":"https:\/\/taizynut.com\/fr\/wp-json\/wp\/v2\/product\/72","targetHints":{"allow":["GET"]}}],"collection":[{"href":"https:\/\/taizynut.com\/fr\/wp-json\/wp\/v2\/product"}],"about":[{"href":"https:\/\/taizynut.com\/fr\/wp-json\/wp\/v2\/types\/product"}],"author":[{"embeddable":true,"href":"https:\/\/taizynut.com\/fr\/wp-json\/wp\/v2\/users\/1"}],"wp:featuredmedia":[{"embeddable":true,"href":"https:\/\/taizynut.com\/fr\/wp-json\/wp\/v2\/media\/129"}],"wp:attachment":[{"href":"https:\/\/taizynut.com\/fr\/wp-json\/wp\/v2\/media?parent=72"}],"wp:term":[{"taxonomy":"post_tag","embeddable":true,"href":"https:\/\/taizynut.com\/fr\/wp-json\/wp\/v2\/tags?post=72"},{"taxonomy":"product-type","embeddable":true,"href":"https:\/\/taizynut.com\/fr\/wp-json\/wp\/v2\/product-type?post=72"}],"curies":[{"name":"wp","href":"https:\/\/api.w.org\/{rel}","templated":true}]}}