{"id":721,"date":"2024-11-21T14:37:01","date_gmt":"2024-11-21T06:37:01","guid":{"rendered":"https:\/\/taizynut.com\/?post_type=product&#038;p=721"},"modified":"2026-01-23T08:44:52","modified_gmt":"2026-01-23T00:44:52","slug":"peanut-chikki-packing-machine","status":"publish","type":"product","link":"https:\/\/taizynut.com\/fr\/product\/peanut-chikki-packing-machine\/","title":{"rendered":"Machine d'emballage de chikki aux cacahu\u00e8tes"},"content":{"rendered":"<p class=\"translation-block\">La machine d'emballage de chikki d'arachide Taizy est con\u00e7ue pour emballer les bonbons aux arachides et autres produits alimentaires dans des sachets de la ligne de production de barres de nougat d'arachide.<\/p>    <p>Il peut emballer 50 \u00e0 200 sacs de barres cassantes aux noix par minute. De plus, le syst\u00e8me de rin\u00e7age \u00e0 l'azote et la fonction d'impression de la date peuvent \u00eatre \u00e9quip\u00e9s pour r\u00e9pondre \u00e0 vos besoins.<\/p>    <p>Avec une grande efficacit\u00e9 et de bonnes performances, notre machine d'emballage de bonbons aux cacahu\u00e8tes a \u00e9t\u00e9 export\u00e9e au Liban, au Zimbabwe, en Birmanie, etc. C'est un bon assistant dans la ligne de fabrication de barres de caramel aux cacahu\u00e8tes.<\/p>    <figure class=\"wp-block-embed is-type-video is-provider-youtube wp-block-embed-youtube wp-embed-aspect-16-9 wp-has-aspect-ratio\"><div class=\"wp-block-embed__wrapper\"> <iframe loading=\"lazy\" title=\"Machine d&#039;emballage d&#039;oreillers efficace pour bonbons aux arachides | Machine d&#039;emballage de bonbons aux barres cassantes aux arachides\" width=\"500\" height=\"281\" src=\"https:\/\/www.youtube.com\/embed\/mPSBWvfLS0A?feature=oembed\" frameborder=\"0\" allow=\"accelerometer; autoplay; clipboard-write; encrypted-media; gyroscope; picture-in-picture; web-share\" referrerpolicy=\"strict-origin-when-cross-origin\" allowfullscreen><\/iframe> <\/div><figcaption class=\"wp-element-caption\">vid\u00e9o de la machine d'emballage de barres cassantes aux arachides<\/figcaption><\/figure>    <h2 class=\"wp-block-heading\"><strong>Avantages de la machine d'emballage de chikki d'arachide et d'arachide<\/strong><\/h2>    <ul class=\"wp-block-list\"> <li><strong>Haute efficacit\u00e9<\/strong>: la machine d'emballage sous flux de barres cassantes pour noix fonctionne rapidement et peut emballer 5 \u00e0 300 sacs\/min.<\/li>    <li><strong>Forte \u00e9tanch\u00e9it\u00e9<\/strong>: le bonbon aux arachides emball\u00e9 a un bon effet d'\u00e9tanch\u00e9it\u00e9, prolongeant sa dur\u00e9e de conservation.<\/li>    <li><strong>Op\u00e9ration facile<\/strong>: conception humanis\u00e9e, processus de fonctionnement simple, \u00e9conomie de co\u00fbts de main-d'\u0153uvre.<\/li>    <li><strong>Emballage esth\u00e9tique<\/strong>: packaging soign\u00e9, renfor\u00e7ant l\u2019attractivit\u00e9 commerciale du produit.<\/li> <\/ul>   <div class=\"wp-block-image\"> <figure class=\"aligncenter size-full\"><img loading=\"lazy\" decoding=\"async\" width=\"720\" height=\"450\" src=\"https:\/\/taizynut.com\/wp-content\/uploads\/2024\/11\/flow-wrap-machine-for-peanut-candy-brittle-bar.webp\" alt=\"Machine d&#039;emballage fluide pour barres cassantes de bonbons aux arachides\" class=\"wp-image-746\" title=\"\" srcset=\"https:\/\/taizynut.com\/wp-content\/uploads\/2024\/11\/flow-wrap-machine-for-peanut-candy-brittle-bar.webp 720w, https:\/\/taizynut.com\/wp-content\/uploads\/2024\/11\/flow-wrap-machine-for-peanut-candy-brittle-bar-300x188.webp 300w, https:\/\/taizynut.com\/wp-content\/uploads\/2024\/11\/flow-wrap-machine-for-peanut-candy-brittle-bar-18x12.webp 18w\" sizes=\"auto, (max-width: 720px) 100vw, 720px\" \/><figcaption class=\"wp-element-caption\">Machine d'emballage fluide pour barres cassantes de bonbons aux arachides<\/figcaption><\/figure> <\/div>   <h2 class=\"wp-block-heading\"><strong>Param\u00e8tres techniques de la machine d'emballage de bonbons aux arachides<\/strong><\/h2>    <ul class=\"wp-block-list\"> <li><strong>Mod\u00e8le<\/strong>: TZ-250<\/li>    <li><strong>Tension<\/strong>: 415 V, 50 Hz, 3 phrases (personnalis\u00e9es)<\/li>    <li><strong>Pouvoir<\/strong>: 2,5 kW<\/li>    <li><strong>Vitesse d'emballage<\/strong>: 50-200 pi\u00e8ces\/min<\/li>    <li><strong>Hauteur du produit<\/strong>: 5-40mm<\/li>    <li><strong>Largeur du film<\/strong>: \u2264250 mm<\/li>    <li><strong>Hauteur d'emballage<\/strong>: 5-60mm<\/li>    <li><strong>Taille<\/strong>: 3770*670*1450mm<\/li>    <li><strong>Poids<\/strong>: 800kg<\/li> <\/ul>    <p>Il s\u2019agit du param\u00e8tre de mod\u00e8le le plus populaire dans la cha\u00eene de production de bonbons aux arachides. Cette machine est le mod\u00e8le TZ-250, la vitesse d'emballage est de 50 \u00e0 200 paquets\/minute et la tension peut \u00eatre personnalis\u00e9e. Le mat\u00e9riau de la partie contact alimentaire de la machine est en acier inoxydable pour garantir le respect des normes d'hygi\u00e8ne alimentaire.<\/p>    <p>Si vous souhaitez plus de d\u00e9tails sur la machine, vous pouvez nous contacter \u00e0 tout moment ! Nous fournirons les param\u00e8tres d\u00e9taill\u00e9s pour votre r\u00e9f\u00e9rence. <\/p>    <h2 class=\"wp-block-heading\"><strong>Applications de la machine d'emballage fluide pour les bonbons aux arachides<\/strong><\/h2>    <p>Cette machine d'emballage de chikki aux cacahu\u00e8tes a une large gamme d'applications, telles que\u00a0:<\/p>    <ul class=\"wp-block-list\"> <li><strong>Bonbons aux cacahu\u00e8tes<\/strong>: y compris les morceaux de bonbons aux arachides traditionnels, les cassants aux arachides, les bonbons au s\u00e9same, les barres de collation, les barres prot\u00e9in\u00e9es, les chikki, les barres \u00e9nerg\u00e9tiques, les barres de c\u00e9r\u00e9ales, etc.<\/li>    <li><strong>Autres denr\u00e9es alimentaires<\/strong>: convient pour emballer des bonbons, du chocolat, des g\u00e2teaux et d'autres produits.<\/li>    <li><strong>Espace non alimentaire<\/strong>: \u00e9galement utilis\u00e9 pour les petites pi\u00e8ces, les emballages de n\u00e9cessit\u00e9s quotidiennes.<\/li> <\/ul>    <p>La machine convient aux usines alimentaires, aux usines de transformation de snacks et aux lignes de production par lots.<\/p>    <figure class=\"wp-block-gallery has-nested-images columns-default is-cropped wp-block-gallery-2 is-layout-flex wp-block-gallery-is-layout-flex\"> <figure class=\"wp-block-image size-large\"><img loading=\"lazy\" decoding=\"async\" width=\"720\" height=\"540\" data-id=\"492\" src=\"https:\/\/taizynut.com\/wp-content\/uploads\/2023\/12\/tasty-peanut-brittle-bar.webp\" alt=\"savoureuse barre cassante aux arachides\" class=\"wp-image-492\" title=\"\" srcset=\"https:\/\/taizynut.com\/wp-content\/uploads\/2023\/12\/tasty-peanut-brittle-bar.webp 720w, https:\/\/taizynut.com\/wp-content\/uploads\/2023\/12\/tasty-peanut-brittle-bar-300x225.webp 300w\" sizes=\"auto, (max-width: 720px) 100vw, 720px\" \/><figcaption class=\"wp-element-caption\">Savoureuse barre cassante aux arachides<\/figcaption><\/figure>    <figure class=\"wp-block-image size-large\"><img loading=\"lazy\" decoding=\"async\" width=\"720\" height=\"540\" data-id=\"491\" src=\"https:\/\/taizynut.com\/wp-content\/uploads\/2023\/12\/small-peanut-brittle-business.webp\" alt=\"petite entreprise cassante aux arachides\" class=\"wp-image-491\" title=\"\" srcset=\"https:\/\/taizynut.com\/wp-content\/uploads\/2023\/12\/small-peanut-brittle-business.webp 720w, https:\/\/taizynut.com\/wp-content\/uploads\/2023\/12\/small-peanut-brittle-business-300x225.webp 300w\" sizes=\"auto, (max-width: 720px) 100vw, 720px\" \/><figcaption class=\"wp-element-caption\">Petite entreprise de cassants aux arachides<\/figcaption><\/figure>    <figure class=\"wp-block-image size-large\"><img loading=\"lazy\" decoding=\"async\" width=\"720\" height=\"540\" data-id=\"462\" src=\"https:\/\/taizynut.com\/wp-content\/uploads\/2023\/08\/peanut-brittle.webp\" alt=\"pot de beurre de cacahuete\" class=\"wp-image-462\" title=\"\" srcset=\"https:\/\/taizynut.com\/wp-content\/uploads\/2023\/08\/peanut-brittle.webp 720w, https:\/\/taizynut.com\/wp-content\/uploads\/2023\/08\/peanut-brittle-300x225.webp 300w\" sizes=\"auto, (max-width: 720px) 100vw, 720px\" \/><figcaption class=\"wp-element-caption\">pot de beurre de cacahuete<\/figcaption><\/figure> <\/figure>    <h2 class=\"wp-block-heading\"><strong>Quel est le prix de la machine d'emballage de chikki aux cacahu\u00e8tes ?<\/strong><\/h2>    <p class=\"translation-block\">Dans le processus de production de bonbons aux arachides, la partie emballage est cruciale. Par cons\u00e9quent, conna\u00eetre le prix d'une machine d'emballage de barres de nougat est n\u00e9cessaire. Le prix de notre machine d'emballage de bonbons aux arachides est affect\u00e9 par le mod\u00e8le de la machine, les caract\u00e9ristiques de la machine et le moment de l'achat de la <a href=\"https:\/\/taizynut.com\/fr\/product\/peanut-brittle-bar-production-line\/\">ligne de production de barres de nougat d'arachide<\/a>.<\/p>    <p>D'une mani\u00e8re g\u00e9n\u00e9rale, si vous achetez notre machine de conditionnement de chikki aux cacahu\u00e8tes, avec l'ensemble de la ligne, cela est plus rentable que de l'acheter s\u00e9par\u00e9ment.<\/p>    <p>Si vous souhaitez conna\u00eetre le prix sp\u00e9cifique de la machine, contactez-nous ! Nous vous fournirons un devis bas\u00e9 sur vos besoins globaux.<\/p>   <div class=\"wp-block-image\"> <figure class=\"aligncenter size-full\"><img loading=\"lazy\" decoding=\"async\" width=\"720\" height=\"540\" src=\"https:\/\/taizynut.com\/wp-content\/uploads\/2024\/11\/peanut-chikki-candy-pillow-packing-machine.webp\" alt=\"machine \u00e0 emballer d&#039;oreiller de bonbons de chikki d&#039;arachide\" class=\"wp-image-750\" title=\"\" srcset=\"https:\/\/taizynut.com\/wp-content\/uploads\/2024\/11\/peanut-chikki-candy-pillow-packing-machine.webp 720w, https:\/\/taizynut.com\/wp-content\/uploads\/2024\/11\/peanut-chikki-candy-pillow-packing-machine-300x225.webp 300w, https:\/\/taizynut.com\/wp-content\/uploads\/2024\/11\/peanut-chikki-candy-pillow-packing-machine-16x12.webp 16w\" sizes=\"auto, (max-width: 720px) 100vw, 720px\" \/><figcaption class=\"wp-element-caption\">machine \u00e0 emballer d'oreiller de bonbons de chikki d'arachide<\/figcaption><\/figure> <\/div>   <h2 class=\"wp-block-heading\"><strong>Comment en choisir un utilis\u00e9 dans la cha\u00eene de production de barres cassantes aux arachides\u00a0?<\/strong><\/h2>    <p>Cette machine d'emballage de chikki aux cacahu\u00e8tes est utilis\u00e9e pour toute la ligne de production, alors comment choisir la bonne\u00a0? Voici quelques suggestions pour votre r\u00e9f\u00e9rence.<\/p>    <p class=\"translation-block\"><strong>\u00c9chelle de production<\/strong><\/p>    <p>Elle est principalement adapt\u00e9e \u00e0 votre ligne de production de bonbons aux cacahu\u00e8tes.<\/p>    <ul class=\"wp-block-list\"> <li><strong>Production \u00e0 petite \u00e9chelle<\/strong>Si vous \u00eates de petites usines ou des ateliers familiaux avec une faible production quotidienne, l'emballeuse de barres de nougat aux cacahu\u00e8tes la plus petite est adapt\u00e9e. <\/li>    <li><strong>Production \u00e0 grande \u00e9chelle<\/strong>: si votre usine souhaite une production quotidienne \u00e9lev\u00e9e, la machine d'emballage de bonbons aux arachides \u00e0 haut rendement est bonne pour vous. <\/li> <\/ul>    <p class=\"translation-block\"><strong>Besoins d'emballage<\/strong><\/p>    <ul class=\"wp-block-list\"> <li>Besoin d'un emballage joli et soign\u00e9, comme des sacs en plastique ou des sacs en papier ?<\/li>    <li>Avez-vous besoin d'imprimer des dates de production ou des num\u00e9ros de lots ?<\/li> <\/ul>    <p class=\"translation-block\"><strong>Compatibilit\u00e9 et adaptabilit\u00e9<\/strong><\/p>    <p>La machine de conditionnement de bonbons aux cacahu\u00e8tes correspond-elle \u00e0 la cha\u00eene de production\u00a0?<\/p>    <p>Notre machine d'emballage de chikki aux arachides est hautement compatible avec les lignes de production de bonbons aux arachides. Il peut se connecter de mani\u00e8re transparente \u00e0 d\u2019autres \u00e9quipements, tels que des machines de moulage et des machines de refroidissement, pour former une cha\u00eene d\u2019assemblage efficace.<\/p>    <figure class=\"wp-block-gallery has-nested-images columns-default is-cropped wp-block-gallery-3 is-layout-flex wp-block-gallery-is-layout-flex\"> <figure class=\"wp-block-image size-full\"><img loading=\"lazy\" decoding=\"async\" width=\"720\" height=\"540\" data-id=\"748\" src=\"https:\/\/taizynut.com\/wp-content\/uploads\/2024\/11\/pillow-packing-machine-for-sale.jpg\" alt=\"machine d&#039;emballage d&#039;oreillers \u00e0 vendre\" class=\"wp-image-748\" title=\"\" srcset=\"https:\/\/taizynut.com\/wp-content\/uploads\/2024\/11\/pillow-packing-machine-for-sale.jpg 720w, https:\/\/taizynut.com\/wp-content\/uploads\/2024\/11\/pillow-packing-machine-for-sale-300x225.jpg 300w, https:\/\/taizynut.com\/wp-content\/uploads\/2024\/11\/pillow-packing-machine-for-sale-16x12.jpg 16w\" sizes=\"auto, (max-width: 720px) 100vw, 720px\" \/><figcaption class=\"wp-element-caption\">Machine d'emballage d'oreillers \u00e0 vendre<\/figcaption><\/figure>    <figure class=\"wp-block-image size-large\"><img loading=\"lazy\" decoding=\"async\" width=\"720\" height=\"540\" data-id=\"463\" src=\"https:\/\/taizynut.com\/wp-content\/uploads\/2023\/08\/commercial-peanut-brittle-production-line.webp\" alt=\"ligne de production commerciale de cassants d&#039;arachide\" class=\"wp-image-463\" title=\"\" srcset=\"https:\/\/taizynut.com\/wp-content\/uploads\/2023\/08\/commercial-peanut-brittle-production-line.webp 720w, https:\/\/taizynut.com\/wp-content\/uploads\/2023\/08\/commercial-peanut-brittle-production-line-300x225.webp 300w\" sizes=\"auto, (max-width: 720px) 100vw, 720px\" \/><figcaption class=\"wp-element-caption\">Ligne de production commerciale de produits cassants aux arachides<\/figcaption><\/figure> <\/figure>    <p class=\"translation-block\"><strong>Service apr\u00e8s-vente<\/strong><\/p>    <p>Taizy fournit des services d'installation et de mise en service d'\u00e9quipements, de support technique et de maintenance pour garantir que les lignes de production des clients soient mises en service rapidement.<\/p>    <h2 class=\"wp-block-heading\"><strong>Contactez-nous d\u00e8s maintenant pour un devis !<\/strong><\/h2>    <p class=\"translation-block\">Vous recherchez une machine d'emballage pour <a href=\"https:\/\/en.wikipedia.org\/wiki\/Brittle_(food)\" target=\"_blank\" rel=\"noopener\">barres de nougat<\/a>\u00a0? Si oui, contactez-nous \u00e0 tout moment\u00a0! Nous vous proposerons la meilleure solution pour votre entreprise de production de bonbons aux arachides\u00a0!<\/p>   <div class=\"wp-block-image\"> <figure class=\"aligncenter size-full\"><img loading=\"lazy\" decoding=\"async\" width=\"720\" height=\"450\" src=\"https:\/\/taizynut.com\/wp-content\/uploads\/2024\/11\/peanut-chikki-packaging-machine-for-candy-brittle-bar.webp\" alt=\"Machine d&#039;emballage de chikki d&#039;arachide pour barre fragile de bonbons\" class=\"wp-image-747\" title=\"\" srcset=\"https:\/\/taizynut.com\/wp-content\/uploads\/2024\/11\/peanut-chikki-packaging-machine-for-candy-brittle-bar.webp 720w, https:\/\/taizynut.com\/wp-content\/uploads\/2024\/11\/peanut-chikki-packaging-machine-for-candy-brittle-bar-300x188.webp 300w, https:\/\/taizynut.com\/wp-content\/uploads\/2024\/11\/peanut-chikki-packaging-machine-for-candy-brittle-bar-18x12.webp 18w\" sizes=\"auto, (max-width: 720px) 100vw, 720px\" \/><figcaption class=\"wp-element-caption\">Machine d'emballage de chikki d'arachide pour barre fragile de bonbons<\/figcaption><\/figure> <\/div>","protected":false},"excerpt":{"rendered":"<p>La machine d'emballage de chikki aux arachides Taizy est con\u00e7ue pour emballer des bonbons aux arachides et d'autres produits alimentaires dans des sacs dans la cha\u00eene de production de barres cassantes aux arachides.<\/p>","protected":false},"author":1,"featured_media":722,"parent":0,"template":"","tags":[55,45,44],"product-type":[78],"class_list":["post-721","product","type-product","status-publish","has-post-thumbnail","hentry","tag-packing","tag-peanut","tag-peanut-brittle","product-type-nut-packaing-machine"],"_links":{"self":[{"href":"https:\/\/taizynut.com\/fr\/wp-json\/wp\/v2\/product\/721","targetHints":{"allow":["GET"]}}],"collection":[{"href":"https:\/\/taizynut.com\/fr\/wp-json\/wp\/v2\/product"}],"about":[{"href":"https:\/\/taizynut.com\/fr\/wp-json\/wp\/v2\/types\/product"}],"author":[{"embeddable":true,"href":"https:\/\/taizynut.com\/fr\/wp-json\/wp\/v2\/users\/1"}],"wp:featuredmedia":[{"embeddable":true,"href":"https:\/\/taizynut.com\/fr\/wp-json\/wp\/v2\/media\/722"}],"wp:attachment":[{"href":"https:\/\/taizynut.com\/fr\/wp-json\/wp\/v2\/media?parent=721"}],"wp:term":[{"taxonomy":"post_tag","embeddable":true,"href":"https:\/\/taizynut.com\/fr\/wp-json\/wp\/v2\/tags?post=721"},{"taxonomy":"product-type","embeddable":true,"href":"https:\/\/taizynut.com\/fr\/wp-json\/wp\/v2\/product-type?post=721"}],"curies":[{"name":"wp","href":"https:\/\/api.w.org\/{rel}","templated":true}]}}