{"id":74,"date":"2022-08-26T02:12:09","date_gmt":"2022-08-26T02:12:09","guid":{"rendered":"https:\/\/taizynut.com\/?post_type=product&#038;p=74"},"modified":"2026-02-04T14:27:30","modified_gmt":"2026-02-04T06:27:30","slug":"wet-peanut-peeler-machine","status":"publish","type":"product","link":"https:\/\/taizynut.com\/fr\/product\/wet-peanut-peeler-machine\/","title":{"rendered":"Machine \u00e0 \u00e9plucher les arachides humides pour \u00e9plucher les noyaux d'arachides"},"content":{"rendered":"<p class=\"translation-block\">La <strong>machine \u00e0 \u00e9plucher les arachides humides<\/strong> traite les arachides tremp\u00e9es dans l'eau puis les \u00e9pluche, avec une capacit\u00e9 de 100-250kg\/h. La machine a un taux d'\u00e9pluchage de 92%-95%, un taux de casse de 2-3% et un taux d'int\u00e9grit\u00e9 de 85-90%.<\/p>    <p>Cette m\u00e9thode peut garantir que les cacahu\u00e8tes sont toujours pures et parfum\u00e9es apr\u00e8s le pelage, et que les noyaux de cacahu\u00e8tes sont toujours intacts et blancs. <\/p>    <p>En plus de la machine \u00e0 \u00e9plucher les cacahu\u00e8tes humides, il existe \u00e9galement une machine \u00e0 \u00e9plucher les cacahu\u00e8tes s\u00e8ches, qui constituent deux mani\u00e8res compl\u00e8tement diff\u00e9rentes d'\u00e9plucher les noyaux de cacahu\u00e8tes.<\/p>   <div class=\"wp-block-image\"> <figure class=\"aligncenter size-full\"><img loading=\"lazy\" decoding=\"async\" width=\"720\" height=\"540\" src=\"https:\/\/taizynut.com\/wp-content\/uploads\/2022\/08\/Wet-peanut-peeler-machine.webp\" alt=\"Machine \u00e0 \u00e9plucher les cacahu\u00e8tes humides\" class=\"wp-image-76\" title=\"\" srcset=\"https:\/\/taizynut.com\/wp-content\/uploads\/2022\/08\/Wet-peanut-peeler-machine.webp 720w, https:\/\/taizynut.com\/wp-content\/uploads\/2022\/08\/Wet-peanut-peeler-machine-300x225.webp 300w\" sizes=\"auto, (max-width: 720px) 100vw, 720px\" \/><figcaption class=\"wp-element-caption\">machine \u00e0 \u00e9plucher les arachides humides<\/figcaption><\/figure> <\/div>   <h2 class=\"wp-block-heading\">Avantages de la machine \u00e0 \u00e9plucher les cacahu\u00e8tes<\/h2>   <div class=\"wp-block-image\"> <figure class=\"aligncenter size-full\"><img loading=\"lazy\" decoding=\"async\" width=\"720\" height=\"540\" src=\"https:\/\/taizynut.com\/wp-content\/uploads\/2022\/08\/Wet-peanut-peeler-machine-1.webp\" alt=\"Machine \u00e0 \u00e9plucher les cacahu\u00e8tes humides\" class=\"wp-image-82\" title=\"\" srcset=\"https:\/\/taizynut.com\/wp-content\/uploads\/2022\/08\/Wet-peanut-peeler-machine-1.webp 720w, https:\/\/taizynut.com\/wp-content\/uploads\/2022\/08\/Wet-peanut-peeler-machine-1-300x225.webp 300w\" sizes=\"auto, (max-width: 720px) 100vw, 720px\" \/><figcaption class=\"wp-element-caption\">machine \u00e0 \u00e9plucher les arachides humides<\/figcaption><\/figure> <\/div>   <ul class=\"wp-block-list\"> <li>La machine \u00e0 \u00e9plucher la peau d'arachide Taizy adopte le processus de pelage humide, le taux de casse est faible et la qualit\u00e9 des arachides apr\u00e8s \u00e9pluchage est bonne.<\/li>    <li>Une fois les cacahu\u00e8tes pel\u00e9es, la couleur de la surface des amandes ne changera pas et les prot\u00e9ines ne seront pas perdues.<\/li>    <li>Pendant le processus d'\u00e9pluchage des cacahu\u00e8tes, la peau et la noix peuvent \u00eatre automatiquement s\u00e9par\u00e9es et \u00e9vacu\u00e9es.<\/li>    <li>La machine pr\u00e9sente les avantages d'une petite taille, d'une faible consommation d'\u00e9nergie, d'un rendement \u00e9lev\u00e9 et d'un fonctionnement pratique.<\/li>    <li>Cette machine \u00e0 \u00e9plucher les cacahu\u00e8tes humides pr\u00e9sente les avantages d'une performance stable, d'une s\u00e9curit\u00e9 et d'une fiabilit\u00e9 \u00e9lev\u00e9es, d'une productivit\u00e9 \u00e9lev\u00e9e, d'un bon effet de pelage et d'un faible taux de demi-grain.<\/li> <\/ul>    <h2 class=\"wp-block-heading\">Param\u00e8tres de la machine \u00e0 \u00e9plucher les arachides<\/h2>   <div class=\"wp-block-image\"> <figure class=\"aligncenter size-full\"><img loading=\"lazy\" decoding=\"async\" width=\"750\" height=\"467\" src=\"https:\/\/taizynut.com\/wp-content\/uploads\/2022\/08\/Different-Models-of-Peanut-Peeling-Machines.jpg\" alt=\"Diff\u00e9rents mod\u00e8les de machines \u00e0 \u00e9plucher les cacahu\u00e8tes\" class=\"wp-image-81\" title=\"\" srcset=\"https:\/\/taizynut.com\/wp-content\/uploads\/2022\/08\/Different-Models-of-Peanut-Peeling-Machines.jpg 750w, https:\/\/taizynut.com\/wp-content\/uploads\/2022\/08\/Different-Models-of-Peanut-Peeling-Machines-300x187.jpg 300w\" sizes=\"auto, (max-width: 750px) 100vw, 750px\" \/><figcaption class=\"wp-element-caption\">Diff\u00e9rents mod\u00e8les de machines \u00e0 \u00e9plucher les cacahu\u00e8tes<\/figcaption><\/figure> <\/div>   <figure class=\"wp-block-table\"><table><tbody><tr><td>&nbsp;Mod\u00e8le<\/td><td>TZ-100<\/td><td>TZ-180<\/td><\/tr><tr><td>&nbsp;Pouvoir<\/td><td>0,75 kW 380 V 1,1 kW\u00a0220 V<\/td><td>0,75 kW 380 V 1,1 kW\u00a0220 V<\/td><\/tr><tr><td>&nbsp;Taux de pelage<\/td><td>92%-95%<\/td><td>92%-95%<\/td><\/tr><tr><td>Rendement<\/td><td>100-150kg\/h<\/td><td>200-250kg\/heure<\/td><\/tr><tr><td>Taux de compl\u00e9tude<\/td><td>85-90%<\/td><td>85-90%<\/td><\/tr><tr><td>Taux de casse<\/td><td>2-3%<\/td><td>2-3%<\/td><\/tr><tr><td>Taille<\/td><td>1180\u00d7720\u00d71100mm<\/td><td>1180\u00d7850\u00d71100mm<\/td><\/tr><\/tbody><\/table><figcaption class=\"wp-element-caption\">Param\u00e8tres de l'\u00e9plucheur d'arachide<\/figcaption><\/figure>    <p>Faites-nous part de vos besoins, puis combin\u00e9s au tableau des param\u00e8tres de la machine, nous vous proposerons la meilleure solution.<\/p>    <h2 class=\"wp-block-heading\">Champ d'application de la machine \u00e0 \u00e9plucher les arachides humides<\/h2>   <div class=\"wp-block-image\"> <figure class=\"aligncenter size-full\"><img loading=\"lazy\" decoding=\"async\" width=\"720\" height=\"540\" src=\"https:\/\/taizynut.com\/wp-content\/uploads\/2022\/08\/Peanut-Soak.webp\" alt=\"Trempage aux arachides\" class=\"wp-image-77\" title=\"\" srcset=\"https:\/\/taizynut.com\/wp-content\/uploads\/2022\/08\/Peanut-Soak.webp 720w, https:\/\/taizynut.com\/wp-content\/uploads\/2022\/08\/Peanut-Soak-300x225.webp 300w\" sizes=\"auto, (max-width: 720px) 100vw, 720px\" \/><figcaption class=\"wp-element-caption\">Trempage aux arachides<\/figcaption><\/figure> <\/div>   <p>Cette machine \u00e0 \u00e9plucher les cacahu\u00e8tes peut non seulement traiter les cacahu\u00e8tes, mais peut \u00e9galement \u00eatre utilis\u00e9e pour \u00e9plucher d'autres noix telles que le soja, les amandes, les pois chiches, etc. Elle doit \u00eatre tremp\u00e9e pendant 3 \u00e0 5 minutes avant de la peler. <\/p>    <p>De cette fa\u00e7on, la peau rouge et les noyaux d'arachide ne sont pas ainsi ajust\u00e9s, laissant un certain espace entre eux, de sorte que la machine \u00e0 \u00e9plucher les arachides humide n'endommagera pas et n'endommagera pas les arachides lorsque le d\u00e9cortiqueur d'arachide est pel\u00e9, et l'efficacit\u00e9 du pelage apr\u00e8s trempage sera \u00e9galement am\u00e9lior\u00e9. promouvoir.<\/p>    <h2 class=\"wp-block-heading\" id=\"h-how-to-use-a-peanut-peeling-machine\">Comment utiliser une \u00e9plucheuse de cacahu\u00e8tes ?<\/h2>   <div class=\"wp-block-image\"> <figure class=\"aligncenter size-full\"><img loading=\"lazy\" decoding=\"async\" width=\"720\" height=\"540\" src=\"https:\/\/taizynut.com\/wp-content\/uploads\/2022\/08\/Test-before-delivery-of-peanut-peeling-machine.webp\" alt=\"Test avant la livraison de la machine \u00e0 \u00e9plucher les arachides\" class=\"wp-image-78\" title=\"\" srcset=\"https:\/\/taizynut.com\/wp-content\/uploads\/2022\/08\/Test-before-delivery-of-peanut-peeling-machine.webp 720w, https:\/\/taizynut.com\/wp-content\/uploads\/2022\/08\/Test-before-delivery-of-peanut-peeling-machine-300x225.webp 300w\" sizes=\"auto, (max-width: 720px) 100vw, 720px\" \/><figcaption class=\"wp-element-caption\">Test avant la livraison de la machine \u00e0 \u00e9plucher les arachides<\/figcaption><\/figure> <\/div>   <p>Le pelage humide consiste principalement \u00e0 tremper les cacahu\u00e8tes dans de l\u2019eau ti\u00e8de pendant 3 \u00e0 5 minutes, puis \u00e0 les verser dans la tr\u00e9mie. En secouant les cacahu\u00e8tes, elles entrent dans le rouleau en caoutchouc rotatif. <\/p>    <p>Une fois l'anneau en caoutchouc frott\u00e9, la peau rouge de l'arachide est retir\u00e9e et \u00e9vacu\u00e9e par diff\u00e9rents points de vente, et la peau et le noyau peuvent \u00eatre automatiquement s\u00e9par\u00e9s. <\/p>    <p>Ses principaux param\u00e8tres techniques sont le taux de pelage : 98%\u00b12, le taux de cassure : inf\u00e9rieur \u00e0 3% et le taux de grains entiers : 90%\u00b15.<\/p>    <h2 class=\"wp-block-heading\">Le principe de la machine \u00e0 \u00e9plucher les cacahu\u00e8tes<\/h2>    <figure class=\"wp-block-gallery has-nested-images columns-default is-cropped wp-block-gallery-2 is-layout-flex wp-block-gallery-is-layout-flex\"> <figure class=\"wp-block-image size-large\"><img loading=\"lazy\" decoding=\"async\" width=\"720\" height=\"540\" data-id=\"79\" src=\"https:\/\/taizynut.com\/wp-content\/uploads\/2022\/08\/peanut-peeler-machine-details.webp\" alt=\"D\u00e9tails de la machine \u00e0 \u00e9plucher les cacahu\u00e8tes\" class=\"wp-image-79\" title=\"\" srcset=\"https:\/\/taizynut.com\/wp-content\/uploads\/2022\/08\/peanut-peeler-machine-details.webp 720w, https:\/\/taizynut.com\/wp-content\/uploads\/2022\/08\/peanut-peeler-machine-details-300x225.webp 300w\" sizes=\"auto, (max-width: 720px) 100vw, 720px\" \/><figcaption class=\"wp-element-caption\">D\u00e9tails de la machine \u00e0 \u00e9plucher les cacahu\u00e8tes<\/figcaption><\/figure>    <figure class=\"wp-block-image size-large\"><img loading=\"lazy\" decoding=\"async\" width=\"720\" height=\"540\" data-id=\"80\" src=\"https:\/\/taizynut.com\/wp-content\/uploads\/2022\/08\/peanut-peeler-machine-details-1.webp\" alt=\"D\u00e9tails de la machine \u00e0 \u00e9plucher les cacahu\u00e8tes\" class=\"wp-image-80\" title=\"\" srcset=\"https:\/\/taizynut.com\/wp-content\/uploads\/2022\/08\/peanut-peeler-machine-details-1.webp 720w, https:\/\/taizynut.com\/wp-content\/uploads\/2022\/08\/peanut-peeler-machine-details-1-300x225.webp 300w\" sizes=\"auto, (max-width: 720px) 100vw, 720px\" \/><figcaption class=\"wp-element-caption\">D\u00e9tails de la machine \u00e0 \u00e9plucher les cacahu\u00e8tes<\/figcaption><\/figure> <\/figure>    <p>La machine \u00e0 \u00e9plucher les cacahu\u00e8tes humides doit envoyer les cacahu\u00e8tes tremp\u00e9es dans l'espace entre deux anneaux de friction en caoutchouc adjacents \u00e0 travers le m\u00e9canisme d'alimentation. Le frottement progresse dans l\u2019espace annulaire. <\/p>    <p>Lorsque le frottement avance vers la roue de pressage et la barre lumineuse limite, les cacahu\u00e8tes pel\u00e9es tombent dans la goulotte de d\u00e9charge en spirale et les cacahu\u00e8tes pel\u00e9es sont envoy\u00e9es vers le mat\u00e9riau inverse par l'arbre \u00e0 vis pour \u00eatre \u00e9vacu\u00e9es de l'orifice de d\u00e9charge. <\/p>    <p>Les cacahu\u00e8tes pel\u00e9es Sous l'action du rin\u00e7age \u00e0 l'eau, la peau rouge est transf\u00e9r\u00e9e de la roue d'extraction de peau rouge au plateau de sortie de peau rouge derri\u00e8re la roue de mat\u00e9riau et la barre lumineuse limite pour \u00eatre d\u00e9charg\u00e9e.<\/p>    <h2 class=\"wp-block-heading\">Pr\u00e9sentation de la soci\u00e9t\u00e9 Shuliy<\/h2>    <p class=\"translation-block\">Shuliy est engag\u00e9e dans les machines de traitement des arachides depuis plus de 20 ans. L'entreprise dispose de nombreuses machines de production agricole pour le traitement des arachides, notamment des <a href=\"https:\/\/taizynut.com\/fr\/product\/six-row-peanut-seeder\/\" data-type=\"URL\" data-id=\"https:\/\/taizynut.com\/product\/six-row-peanut-seeder\/\">machines de plantation d'arachides<\/a>, des <a href=\"https:\/\/taizynut.com\/fr\/product\/peanut-harvesting-machine\/\" data-type=\"URL\" data-id=\"https:\/\/taizynut.com\/product\/peanut-harvesting-machine\/\">r\u00e9colteuses d'arachides<\/a>, des d\u00e9cortiqueuses d'arachides, des presses \u00e0 huile d'arachide et d'autres \u00e9quipements. Parmi eux, la <a href=\"https:\/\/taizynut.com\/fr\/product\/peanut-sheller-groundnut-shelling-and-stone-removing-machine\/\" data-type=\"URL\" data-id=\"https:\/\/taizynut.com\/product\/peanut-sheller-groundnut-shelling-and-stone-removing-machine\/\">d\u00e9cortiqueuse d'arachides<\/a> est tr\u00e8s populaire.<\/p>    <p class=\"translation-block\">Si vous souhaitez des machines \u00e0 <a href=\"https:\/\/en.wikipedia.org\/wiki\/Peanut\" target=\"_blank\" rel=\"noopener\">arachides<\/a> associ\u00e9es, n'h\u00e9sitez pas \u00e0 nous contacter pour plus de d\u00e9tails sur les machines !<\/p>","protected":false},"excerpt":{"rendered":"<p>La machine \u00e0 \u00e9plucher les cacahu\u00e8tes humides consiste \u00e0 tremper les cacahu\u00e8tes dans l'eau puis \u00e0 les \u00e9plucher, avec une capacit\u00e9 de 100 \u00e0 250 kg\/h. Cliquez ici pour en savoir plus\u00a0!<\/p>","protected":false},"author":1,"featured_media":87,"parent":0,"template":"","tags":[50],"product-type":[27],"class_list":["post-74","product","type-product","status-publish","has-post-thumbnail","hentry","tag-peanut-peeling","product-type-peanut-kernel-processing"],"_links":{"self":[{"href":"https:\/\/taizynut.com\/fr\/wp-json\/wp\/v2\/product\/74","targetHints":{"allow":["GET"]}}],"collection":[{"href":"https:\/\/taizynut.com\/fr\/wp-json\/wp\/v2\/product"}],"about":[{"href":"https:\/\/taizynut.com\/fr\/wp-json\/wp\/v2\/types\/product"}],"author":[{"embeddable":true,"href":"https:\/\/taizynut.com\/fr\/wp-json\/wp\/v2\/users\/1"}],"wp:featuredmedia":[{"embeddable":true,"href":"https:\/\/taizynut.com\/fr\/wp-json\/wp\/v2\/media\/87"}],"wp:attachment":[{"href":"https:\/\/taizynut.com\/fr\/wp-json\/wp\/v2\/media?parent=74"}],"wp:term":[{"taxonomy":"post_tag","embeddable":true,"href":"https:\/\/taizynut.com\/fr\/wp-json\/wp\/v2\/tags?post=74"},{"taxonomy":"product-type","embeddable":true,"href":"https:\/\/taizynut.com\/fr\/wp-json\/wp\/v2\/product-type?post=74"}],"curies":[{"name":"wp","href":"https:\/\/api.w.org\/{rel}","templated":true}]}}