{"id":895,"date":"2024-12-19T17:22:00","date_gmt":"2024-12-19T09:22:00","guid":{"rendered":"https:\/\/taizynut.com\/?post_type=product&#038;p=895"},"modified":"2024-12-20T17:42:01","modified_gmt":"2024-12-20T09:42:01","slug":"automatic-peanut-oil-production-line","status":"publish","type":"product","link":"https:\/\/taizynut.com\/fr\/product\/automatic-peanut-oil-production-line\/","title":{"rendered":"Ligne de production automatique d'huile d'arachide"},"content":{"rendered":"<p class=\"translation-block\">Taizy <strong>peanut oil production line<\/strong> is a complete solution that turns groundnuts with shells into edible groundnut oil. It contains key equipment such as peanut sheller and oil press, which can efficiently complete the production process from peanut to high-quality peanut oil.<\/p>    <p>C'est tr\u00e8s automatique, id\u00e9al pour les agriculteurs, les presses \u00e0 huile et les petites et moyennes entreprises.<\/p>    <figure class=\"wp-block-embed is-type-video is-provider-youtube wp-block-embed-youtube wp-embed-aspect-16-9 wp-has-aspect-ratio\"><div class=\"wp-block-embed__wrapper\"> <iframe loading=\"lazy\" title=\"Usine de pressage d&#039;huile d&#039;arachide de qualit\u00e9\u00a0: du d\u00e9corticage des arachides, de la torr\u00e9faction, de l&#039;extraction de l&#039;huile au remplissage d&#039;huile\" width=\"500\" height=\"281\" src=\"https:\/\/www.youtube.com\/embed\/YI0XWXUCLrk?feature=oembed\" frameborder=\"0\" allow=\"accelerometer; autoplay; clipboard-write; encrypted-media; gyroscope; picture-in-picture; web-share\" referrerpolicy=\"strict-origin-when-cross-origin\" allowfullscreen><\/iframe> <\/div><figcaption class=\"wp-element-caption\">usine de pressage automatique d'huile d'arachide<\/figcaption><\/figure>    <h2 class=\"wp-block-heading\"><strong>Quel est le processus de fabrication de l'huile d'arachide ?<\/strong><\/h2>    <p class=\"translation-block\">The steps of a peanut oil processing plant include <strong>peanut shelling\u2192roasting\u2192oil pressing\u2192filling<\/strong>. Please read on to see the detailed introduction.<\/p>    <h3 class=\"wp-block-heading\"><strong>\u00c9tape 1 : d\u00e9cortiqueuse de cacahu\u00e8tes<\/strong><\/h3>    <p>La d\u00e9cortiqueuse d'arachide est la premi\u00e8re \u00e9tape de la cha\u00eene de production d'huile d'arachide et est utilis\u00e9e pour retirer rapidement les coques d'arachide et garantir l'int\u00e9grit\u00e9 du noyau d'arachide. Avec une efficacit\u00e9 de d\u00e9corticage \u00e9lev\u00e9e et un faible taux de concassage, il fournit des mati\u00e8res premi\u00e8res de haute qualit\u00e9 pour les processus ult\u00e9rieurs.<\/p>    <p class=\"translation-block\">You can choose the following peanut shelling equipment(small peanut sheller and <a href=\"https:\/\/taizynut.com\/fr\/product\/peanut-sheller-groundnut-shelling-and-stone-removing-machine\/\">combined peanut shelling and cleaning machine<\/a>) for your commercial uses.<\/p>    <figure class=\"wp-block-gallery has-nested-images columns-default is-cropped wp-block-gallery-2 is-layout-flex wp-block-gallery-is-layout-flex\"> <figure class=\"wp-block-image size-large\"><img loading=\"lazy\" decoding=\"async\" width=\"720\" height=\"540\" data-id=\"401\" src=\"https:\/\/taizynut.com\/wp-content\/uploads\/2023\/05\/peanut-shelling-machine.webp\" alt=\"d\u00e9cortiqueuse d&#039;arachide\" class=\"wp-image-401\" title=\"\" srcset=\"https:\/\/taizynut.com\/wp-content\/uploads\/2023\/05\/peanut-shelling-machine.webp 720w, https:\/\/taizynut.com\/wp-content\/uploads\/2023\/05\/peanut-shelling-machine-300x225.webp 300w\" sizes=\"auto, (max-width: 720px) 100vw, 720px\" \/><figcaption class=\"wp-element-caption\">Machine \u00e0 d\u00e9cortiquer les arachides<\/figcaption><\/figure>    <figure class=\"wp-block-image size-large\"><img loading=\"lazy\" decoding=\"async\" width=\"720\" height=\"540\" data-id=\"488\" src=\"https:\/\/taizynut.com\/wp-content\/uploads\/2023\/12\/combiend-groundnut-sheller.webp\" alt=\"d\u00e9cortiqueuse d&#039;arachides en valeur\" class=\"wp-image-488\" title=\"\" srcset=\"https:\/\/taizynut.com\/wp-content\/uploads\/2023\/12\/combiend-groundnut-sheller.webp 720w, https:\/\/taizynut.com\/wp-content\/uploads\/2023\/12\/combiend-groundnut-sheller-300x225.webp 300w\" sizes=\"auto, (max-width: 720px) 100vw, 720px\" \/><figcaption class=\"wp-element-caption\">D\u00e9cortiqueuse d'arachides Combiend<\/figcaption><\/figure> <\/figure>    <h3 class=\"wp-block-heading\"><strong>\u00c9tape 2 : r\u00f4tissoire<\/strong><\/h3>    <p>La machine \u00e0 r\u00f4tir chauffe les cacahu\u00e8tes uniform\u00e9ment pour r\u00e9duire leur teneur en eau tout en stimulant la saveur naturelle des cacahu\u00e8tes afin de fournir la meilleure mati\u00e8re premi\u00e8re pour l'extraction de l'huile. L'\u00e9quipement chauffe uniform\u00e9ment et est facile \u00e0 utiliser, ce qui permet de gagner du temps et d'am\u00e9liorer la qualit\u00e9 de l'huile.<\/p>   <div class=\"wp-block-image\"> <figure class=\"aligncenter size-full\"><img loading=\"lazy\" decoding=\"async\" width=\"720\" height=\"540\" src=\"https:\/\/taizynut.com\/wp-content\/uploads\/2024\/12\/roaster-machine-for-peanut-oil-production.webp\" alt=\"torr\u00e9facteur pour la production d&#039;huile d&#039;arachide\" class=\"wp-image-897\" title=\"\" srcset=\"https:\/\/taizynut.com\/wp-content\/uploads\/2024\/12\/roaster-machine-for-peanut-oil-production.webp 720w, https:\/\/taizynut.com\/wp-content\/uploads\/2024\/12\/roaster-machine-for-peanut-oil-production-300x225.webp 300w, https:\/\/taizynut.com\/wp-content\/uploads\/2024\/12\/roaster-machine-for-peanut-oil-production-16x12.webp 16w\" sizes=\"auto, (max-width: 720px) 100vw, 720px\" \/><figcaption class=\"wp-element-caption\">torr\u00e9facteur pour la production d'huile d'arachide<\/figcaption><\/figure> <\/div>   <h3 class=\"wp-block-heading\"><strong>\u00c9tape 3\u00a0: machine de fabrication d\u2019huile d\u2019arachide<\/strong><\/h3>    <p class=\"translation-block\">L'extracteur d'huile est le c\u0153ur de l'ensemble de l'installation de production d'huile d'arachide, extrayant l'huile d'arachide des amandes d'arachide par pression m\u00e9canique. La <a href=\"https:\/\/taizynut.com\/fr\/product\/screw-peanut-oil-press-machine\/\">machine d'extraction d'huile d'arachide<\/a> de Taizy est scientifiquement con\u00e7ue avec un rendement d'huile \u00e9lev\u00e9, ce qui peut r\u00e9duire les d\u00e9chets et garantir la puret\u00e9 de l'huile.<\/p>   <div class=\"wp-block-image\"> <figure class=\"aligncenter size-full\"><img loading=\"lazy\" decoding=\"async\" width=\"720\" height=\"540\" src=\"https:\/\/taizynut.com\/wp-content\/uploads\/2024\/12\/peanut-oil-press-machine-for-groundnut-oil.webp\" alt=\"presse \u00e0 huile d&#039;arachide pour l&#039;huile d&#039;arachide\" class=\"wp-image-898\" title=\"\" srcset=\"https:\/\/taizynut.com\/wp-content\/uploads\/2024\/12\/peanut-oil-press-machine-for-groundnut-oil.webp 720w, https:\/\/taizynut.com\/wp-content\/uploads\/2024\/12\/peanut-oil-press-machine-for-groundnut-oil-300x225.webp 300w, https:\/\/taizynut.com\/wp-content\/uploads\/2024\/12\/peanut-oil-press-machine-for-groundnut-oil-16x12.webp 16w\" sizes=\"auto, (max-width: 720px) 100vw, 720px\" \/><figcaption class=\"wp-element-caption\">presse \u00e0 huile d'arachide pour l'huile d'arachide<\/figcaption><\/figure> <\/div>   <h3 class=\"wp-block-heading\"><strong>\u00c9tape 3\u00a0: machine de remplissage d\u2019huile<\/strong><\/h3>    <p>La machine de remplissage remplit l'huile d'arachide avec pr\u00e9cision, garantissant une qualit\u00e9 constante dans chaque bouteille. Gr\u00e2ce \u00e0 l'automatisation et \u00e0 la flexibilit\u00e9, l'\u00e9quipement est adapt\u00e9 aux besoins d'emballage de diff\u00e9rentes sp\u00e9cifications et am\u00e9liore la comp\u00e9titivit\u00e9 des produits sur le march\u00e9.<\/p>   <div class=\"wp-block-image\"> <figure class=\"aligncenter size-full\"><img loading=\"lazy\" decoding=\"async\" width=\"720\" height=\"540\" src=\"https:\/\/taizynut.com\/wp-content\/uploads\/2024\/12\/filling-machine-for-peanut-oil.webp\" alt=\"machine de remplissage pour l&#039;huile d&#039;arachide\" class=\"wp-image-899\" title=\"\" srcset=\"https:\/\/taizynut.com\/wp-content\/uploads\/2024\/12\/filling-machine-for-peanut-oil.webp 720w, https:\/\/taizynut.com\/wp-content\/uploads\/2024\/12\/filling-machine-for-peanut-oil-300x225.webp 300w, https:\/\/taizynut.com\/wp-content\/uploads\/2024\/12\/filling-machine-for-peanut-oil-16x12.webp 16w\" sizes=\"auto, (max-width: 720px) 100vw, 720px\" \/><figcaption class=\"wp-element-caption\">machine de remplissage pour l'huile d'arachide<\/figcaption><\/figure> <\/div>   <h2 class=\"wp-block-heading\"><strong>Avantages de la ligne de production d'huile d'arachide Taizy<\/strong><\/h2>    <ul class=\"wp-block-list\"> <li>Haute efficacit\u00e9 et \u00e9conomie de co\u00fbts <ul class=\"wp-block-list\"> <li>La ligne r\u00e9alise un fonctionnement enti\u00e8rement automatique depuis le traitement des mati\u00e8res premi\u00e8res jusqu'\u00e0 l'emballage du produit fini, ce qui r\u00e9duit consid\u00e9rablement la main-d'\u0153uvre et le co\u00fbt du temps. <\/li>    <li>Chaque pi\u00e8ce d'\u00e9quipement est optimis\u00e9e et con\u00e7ue pour garantir que le processus d'extraction d'huile de haute qualit\u00e9 soit termin\u00e9 dans les plus brefs d\u00e9lais.<\/li> <\/ul> <\/li>    <li>Rendement en huile stable et \u00e9lev\u00e9 <ul class=\"wp-block-list\"> <li>Gr\u00e2ce \u00e0 la combinaison d'une technologie avanc\u00e9e de pressage de l'huile et d'un \u00e9quipement efficace, l'usine d'huile d'arachide peut maximiser le rendement en huile des arachides, r\u00e9duire les d\u00e9chets et g\u00e9n\u00e9rer des rendements \u00e9conomiques plus \u00e9lev\u00e9s. <\/li>    <li>Dans le m\u00eame temps, la qualit\u00e9 de l\u2019huile press\u00e9e est pure et la couleur et l\u2019ar\u00f4me sont plus comp\u00e9titifs sur le march\u00e9.<\/li> <\/ul> <\/li>    <li>Flexibilit\u00e9 multifonctionnelle <ul class=\"wp-block-list\"> <li>Cette ligne d'extraction d'huile peut \u00eatre personnalis\u00e9e en fonction de diff\u00e9rents besoins, s'adaptant \u00e0 une vari\u00e9t\u00e9 de cultures ol\u00e9agineuses, telles que les arachides, le s\u00e9same, le soja, etc.<\/li> <\/ul> <\/li>    <li>Assurance qualit\u00e9 de l'huile <ul class=\"wp-block-list\"> <li>L'huile d'arachide produite par cette machine de fabrication d'huile d'arachide a une saveur forte et ne contient aucun additif chimique. Il est sain, pur et plus populaire sur le march\u00e9.<\/li> <\/ul> <\/li> <\/ul>    <figure class=\"wp-block-gallery has-nested-images columns-default is-cropped wp-block-gallery-3 is-layout-flex wp-block-gallery-is-layout-flex\"> <figure class=\"wp-block-image size-large\"><img loading=\"lazy\" decoding=\"async\" width=\"750\" height=\"500\" data-id=\"900\" src=\"https:\/\/taizynut.com\/wp-content\/uploads\/2024\/12\/quality-peanut-oil.webp\" alt=\"huile d&#039;arachide de qualit\u00e9\" class=\"wp-image-900\" title=\"\" srcset=\"https:\/\/taizynut.com\/wp-content\/uploads\/2024\/12\/quality-peanut-oil.webp 750w, https:\/\/taizynut.com\/wp-content\/uploads\/2024\/12\/quality-peanut-oil-300x200.webp 300w, https:\/\/taizynut.com\/wp-content\/uploads\/2024\/12\/quality-peanut-oil-18x12.webp 18w\" sizes=\"auto, (max-width: 750px) 100vw, 750px\" \/><figcaption class=\"wp-element-caption\">Huile d'arachide de qualit\u00e9<\/figcaption><\/figure>    <figure class=\"wp-block-image size-large\"><img loading=\"lazy\" decoding=\"async\" width=\"600\" height=\"600\" data-id=\"901\" src=\"https:\/\/taizynut.com\/wp-content\/uploads\/2024\/12\/good-ground-nut-oil.webp\" alt=\"bonne huile d&#039;arachide\" class=\"wp-image-901\" title=\"\" srcset=\"https:\/\/taizynut.com\/wp-content\/uploads\/2024\/12\/good-ground-nut-oil.webp 600w, https:\/\/taizynut.com\/wp-content\/uploads\/2024\/12\/good-ground-nut-oil-300x300.webp 300w, https:\/\/taizynut.com\/wp-content\/uploads\/2024\/12\/good-ground-nut-oil-150x150.webp 150w, https:\/\/taizynut.com\/wp-content\/uploads\/2024\/12\/good-ground-nut-oil-12x12.webp 12w\" sizes=\"auto, (max-width: 600px) 100vw, 600px\" \/><figcaption class=\"wp-element-caption\">Bonne huile de noix moulue<\/figcaption><\/figure> <\/figure>    <h2 class=\"wp-block-heading\"><strong>Quel est le prix d'une usine de traitement de l'huile d'arachide ?<\/strong><\/h2>    <p>Le prix de la ligne de production d'huile d'arachide sera affect\u00e9 par divers facteurs, notamment la taille de la ligne, la configuration, le degr\u00e9 d'automatisation, le mat\u00e9riel de l'\u00e9quipement, le service apr\u00e8s-vente, etc.<\/p>    <p>Pour conna\u00eetre le prix sp\u00e9cifique de la ligne de presse \u00e0 huile d'arachide, nous vous recommandons de nous contacter directement. Nous, Taizy, pouvons personnaliser le plan de fabrication d'huile d'arachide en fonction de vos besoins, fournir un devis raisonnable et garantir une solution rentable.<\/p>    <figure class=\"wp-block-gallery has-nested-images columns-default is-cropped wp-block-gallery-4 is-layout-flex wp-block-gallery-is-layout-flex\"> <figure class=\"wp-block-image size-large\"><img loading=\"lazy\" decoding=\"async\" width=\"720\" height=\"540\" data-id=\"109\" src=\"https:\/\/taizynut.com\/wp-content\/uploads\/2022\/08\/peanut-oil-press-machine-1.webp\" alt=\"fabricant de presse \u00e0 huile d&#039;arachide\" class=\"wp-image-109\" title=\"\" srcset=\"https:\/\/taizynut.com\/wp-content\/uploads\/2022\/08\/peanut-oil-press-machine-1.webp 720w, https:\/\/taizynut.com\/wp-content\/uploads\/2022\/08\/peanut-oil-press-machine-1-300x225.webp 300w\" sizes=\"auto, (max-width: 720px) 100vw, 720px\" \/><figcaption class=\"wp-element-caption\">Fabricant de presse \u00e0 huile d'arachide<\/figcaption><\/figure>    <figure class=\"wp-block-image size-large\"><img loading=\"lazy\" decoding=\"async\" width=\"720\" height=\"540\" data-id=\"104\" src=\"https:\/\/taizynut.com\/wp-content\/uploads\/2022\/08\/Structure-of-peanut-oil-press-factory.webp\" alt=\"usine de machines d&#039;extraction d&#039;huile d&#039;arachide\" class=\"wp-image-104\" title=\"\" srcset=\"https:\/\/taizynut.com\/wp-content\/uploads\/2022\/08\/Structure-of-peanut-oil-press-factory.webp 720w, https:\/\/taizynut.com\/wp-content\/uploads\/2022\/08\/Structure-of-peanut-oil-press-factory-300x225.webp 300w\" sizes=\"auto, (max-width: 720px) 100vw, 720px\" \/><figcaption class=\"wp-element-caption\">Usine de machines d\u2019extraction d\u2019huile d\u2019arachide<\/figcaption><\/figure> <\/figure>    <h2 class=\"wp-block-heading\"><strong>Que pouvez-vous obtenir en achetant cette ligne de production d\u2019huile d\u2019arachide\u00a0?<\/strong><\/h2>    <ul class=\"wp-block-list\"> <li>Am\u00e9liorer la comp\u00e9titivit\u00e9 des entreprises <ul class=\"wp-block-list\"> <li>Cette ligne de traitement automatique de l'huile d'arachide peut garantir la coh\u00e9rence de la qualit\u00e9 du produit, ce qui aide l'entreprise \u00e0 entrer rapidement sur le march\u00e9 et \u00e0 \u00e9tablir une bonne image de marque. Haute qualit\u00e9 <a href=\"https:\/\/en.wikipedia.org\/wiki\/Peanut_oil\" target=\"_blank\" rel=\"noopener\">huile d'arachide<\/a> les produits peuvent attirer plus de clients et apporter une part de march\u00e9 stable.<\/li> <\/ul> <\/li>    <li>Ouvrir des canaux de revenus diversifi\u00e9s <ul class=\"wp-block-list\"> <li>Gr\u00e2ce \u00e0 une ligne de presse \u00e0 huile d'arachide, vous pouvez non seulement traiter les arachides, mais \u00e9galement vous \u00e9tendre \u00e0 d'autres cultures ol\u00e9agineuses (comme le tournesol et le soja), d\u00e9velopper une gamme de produits diversifi\u00e9e et augmenter les sources de revenus.<\/li> <\/ul> <\/li>    <li>Des avantages \u00e9conomiques \u00e0 long terme <ul class=\"wp-block-list\"> <li>Bien que le co\u00fbt d'investissement initial soit \u00e9lev\u00e9, le rendement \u00e9lev\u00e9 et le faible co\u00fbt de maintenance de la ligne de production peuvent r\u00e9cup\u00e9rer l'investissement en peu de temps. Cela peut fournir des revenus \u00e9lev\u00e9s \u00e0 long terme.<\/li> <\/ul> <\/li> <\/ul>   <div class=\"wp-block-image\"> <figure class=\"aligncenter size-large\"><img loading=\"lazy\" decoding=\"async\" width=\"1024\" height=\"682\" src=\"https:\/\/taizynut.com\/wp-content\/uploads\/2024\/12\/peanut-oil-and-sunflower-seed-oil-1024x682.webp\" alt=\"huile d&#039;arachide et huile de tournesol\" class=\"wp-image-902\" title=\"\" srcset=\"https:\/\/taizynut.com\/wp-content\/uploads\/2024\/12\/peanut-oil-and-sunflower-seed-oil-1024x682.webp 1024w, https:\/\/taizynut.com\/wp-content\/uploads\/2024\/12\/peanut-oil-and-sunflower-seed-oil-300x200.webp 300w, https:\/\/taizynut.com\/wp-content\/uploads\/2024\/12\/peanut-oil-and-sunflower-seed-oil-768x511.webp 768w, https:\/\/taizynut.com\/wp-content\/uploads\/2024\/12\/peanut-oil-and-sunflower-seed-oil-18x12.webp 18w, https:\/\/taizynut.com\/wp-content\/uploads\/2024\/12\/peanut-oil-and-sunflower-seed-oil.webp 1200w\" sizes=\"auto, (max-width: 1024px) 100vw, 1024px\" \/><figcaption class=\"wp-element-caption\">huile d'arachide et huile de tournesol<\/figcaption><\/figure> <\/div>   <h2 class=\"wp-block-heading\"><strong>Contactez-nous pour d\u00e9marrer votre entreprise d\u2019huile d\u2019arachide\u00a0!<\/strong><\/h2>    <p>Si vous envisagez de d\u00e9marrer une entreprise de pressage d'huile d'arachide, la ligne de production d'huile d'arachide de Taizy sera votre choix id\u00e9al ! N'h\u00e9sitez pas \u00e0 nous contacter pour plus d'informations d\u00e9taill\u00e9es et un service personnalis\u00e9.<\/p>","protected":false},"excerpt":{"rendered":"<p>La ligne de production d'huile d'arachide Taizy est une solution compl\u00e8te qui transforme les arachides avec coque en huile d'arachide comestible par d\u00e9corticage, pressage de l'huile et remplissage.<\/p>","protected":false},"author":1,"featured_media":896,"parent":0,"template":"","tags":[45,54],"product-type":[29],"class_list":["post-895","product","type-product","status-publish","has-post-thumbnail","hentry","tag-peanut","tag-peanut-oil","product-type-product-line"],"_links":{"self":[{"href":"https:\/\/taizynut.com\/fr\/wp-json\/wp\/v2\/product\/895","targetHints":{"allow":["GET"]}}],"collection":[{"href":"https:\/\/taizynut.com\/fr\/wp-json\/wp\/v2\/product"}],"about":[{"href":"https:\/\/taizynut.com\/fr\/wp-json\/wp\/v2\/types\/product"}],"author":[{"embeddable":true,"href":"https:\/\/taizynut.com\/fr\/wp-json\/wp\/v2\/users\/1"}],"wp:featuredmedia":[{"embeddable":true,"href":"https:\/\/taizynut.com\/fr\/wp-json\/wp\/v2\/media\/896"}],"wp:attachment":[{"href":"https:\/\/taizynut.com\/fr\/wp-json\/wp\/v2\/media?parent=895"}],"wp:term":[{"taxonomy":"post_tag","embeddable":true,"href":"https:\/\/taizynut.com\/fr\/wp-json\/wp\/v2\/tags?post=895"},{"taxonomy":"product-type","embeddable":true,"href":"https:\/\/taizynut.com\/fr\/wp-json\/wp\/v2\/product-type?post=895"}],"curies":[{"name":"wp","href":"https:\/\/api.w.org\/{rel}","templated":true}]}}