{"id":917,"date":"2025-01-09T17:59:14","date_gmt":"2025-01-09T09:59:14","guid":{"rendered":"https:\/\/taizynut.com\/?post_type=product&#038;p=917"},"modified":"2025-01-10T14:33:22","modified_gmt":"2025-01-10T06:33:22","slug":"commercial-jacketed-kettle-with-agitator","status":"publish","type":"product","link":"https:\/\/taizynut.com\/fr\/product\/commercial-jacketed-kettle-with-agitator\/","title":{"rendered":"Bouilloire commerciale \u00e0 double enveloppe avec agitateur"},"content":{"rendered":"<p class=\"translation-block\">Ce <strong>r\u00e9cipient \u00e0 manteau<\/strong> est un \u00e9quipement de traitement thermique courant, pour chauffer et remuer diverses mati\u00e8res, comme p\u00e2te, confiture, sirop, etc. Sa capacit\u00e9 varie de 100L \u00e0 1000L.<\/p>    <p>La marmite peut utiliser de l'\u00e9lectricit\u00e9, du gaz (gaz naturel, gaz de p\u00e9trole liqu\u00e9fi\u00e9, biogaz) ou de la vapeur comme m\u00e9thode de chauffage. Il peut utiliser le m\u00e9langeur pour remuer les mat\u00e9riaux. En outre, cette machine est de type inclin\u00e9 et de type vertical. Vous pouvez choisir ce que vous pr\u00e9f\u00e9rez.<\/p>    <p>Si vous souhaitez plus de d\u00e9tails, n'h\u00e9sitez pas \u00e0 nous contacter maintenant et nous vous fournirons la meilleure solution pour r\u00e9pondre \u00e0 vos besoins commerciaux.<\/p>    <figure class=\"wp-block-embed is-type-video is-provider-youtube wp-block-embed-youtube wp-embed-aspect-16-9 wp-has-aspect-ratio\"><div class=\"wp-block-embed__wrapper\"> <iframe loading=\"lazy\" title=\"Bouilloire \u00e0 enveloppe pour un m\u00e9lange de cuisson efficace pour la production alimentaire | Marmite industrielle pour confiture\" width=\"500\" height=\"281\" src=\"https:\/\/www.youtube.com\/embed\/byW5Lb7ifJ0?feature=oembed\" frameborder=\"0\" allow=\"accelerometer; autoplay; clipboard-write; encrypted-media; gyroscope; picture-in-picture; web-share\" referrerpolicy=\"strict-origin-when-cross-origin\" allowfullscreen><\/iframe> <\/div><figcaption class=\"wp-element-caption\">marmite en acier inoxydable avec agitateur<\/figcaption><\/figure>    <h2 class=\"wp-block-heading\"><strong>Avantages de la bouilloire commerciale \u00e0 enveloppe avec m\u00e9langeur<\/strong><\/h2>    <ul class=\"wp-block-list\"> <li>C'est <strong>en acier inoxydable<\/strong>, dur\u00e9e de vie durable et longue.<\/li>    <li>La conception du fondoir \u00e0 sucre garantit <strong>chauffage uniforme<\/strong> du mat\u00e9riau, en \u00e9vitant les surchauffes localis\u00e9es et en garantissant la qualit\u00e9 de l'aliment ou de la substance chimique.<\/li>    <li>Le dispositif d'agitation aide les mat\u00e9riaux \u00e0 <strong>m\u00e9langer uniform\u00e9ment<\/strong> pendant le processus de chauffage, \u00e9vitant le ph\u00e9nom\u00e8ne de collage, de grumeaux ou de fond boueux. Cela am\u00e9liore l\u2019efficacit\u00e9 de la production et la qualit\u00e9 du produit.<\/li>    <li>Il y a <strong>machines \u00e0 confiture basculantes et verticales avec ou sans agitateur<\/strong> \u00e0 votre disposition pour choisir celui qui vous convient.<\/li> <\/ul>   <div class=\"wp-block-image\"> <figure class=\"aligncenter size-full\"><img loading=\"lazy\" decoding=\"async\" width=\"688\" height=\"596\" src=\"https:\/\/taizynut.com\/wp-content\/uploads\/2025\/01\/jacketed-kettle-for-sale.webp\" alt=\"bouilloire \u00e0 double enveloppe \u00e0 vendre\" class=\"wp-image-924\" title=\"\" srcset=\"https:\/\/taizynut.com\/wp-content\/uploads\/2025\/01\/jacketed-kettle-for-sale.webp 688w, https:\/\/taizynut.com\/wp-content\/uploads\/2025\/01\/jacketed-kettle-for-sale-300x260.webp 300w, https:\/\/taizynut.com\/wp-content\/uploads\/2025\/01\/jacketed-kettle-for-sale-14x12.webp 14w\" sizes=\"auto, (max-width: 688px) 100vw, 688px\" \/><figcaption class=\"wp-element-caption\">bouilloire \u00e0 double enveloppe \u00e0 vendre<\/figcaption><\/figure> <\/div>   <h2 class=\"wp-block-heading\"><strong>Param\u00e8tres techniques de la bouilloire de m\u00e9lange \u00e0 enveloppe<\/strong><\/h2>    <p>Nos marmites commerciales sont disponibles en diff\u00e9rents types avec des capacit\u00e9s allant de 100 \u00e0 1000L. Diff\u00e9rentes capacit\u00e9s correspondent \u00e0 diff\u00e9rents diam\u00e8tres de pot. De plus, l'\u00e9quipement est disponible avec et sans agitation, vertical et inclin\u00e9. Veuillez vous r\u00e9f\u00e9rer \u00e0 ce qui suit pour des param\u00e8tres sp\u00e9cifiques. Vous pouvez \u00e9galement nous contacter directement pour plus d'informations.<\/p>    <figure class=\"wp-block-table\"><table class=\"has-fixed-layout\"><tbody><tr><td>Mod\u00e8le<\/td><td>200L<\/td><td>600L<\/td><\/tr><tr><td>Pouvoir<\/td><td>18kw<\/td><td>\/<\/td><\/tr><tr><td>Tension<\/td><td>440 V, 50 Hz, triphas\u00e9<\/td><td>\/<\/td><\/tr><tr><td>Diam\u00e8tre du pot<\/td><td>800mm<\/td><td>1200mm<\/td><\/tr><tr><td>M\u00e9thode de chauffage<\/td><td>\u00c9lectricit\u00e9<\/td><td>Gaz<\/td><\/tr><tr><td>Mat\u00e9riel de machine<\/td><td>Acier inoxydable 304<\/td><td>Acier inoxydable 304<\/td><\/tr><tr><td>Type de machine<\/td><td>Inclin\u00e9<\/td><td>Verticale<\/td><\/tr><tr><td>Taille<\/td><td>1400*1100*1300mm<\/td><td>1800*1500*1200mm<\/td><\/tr><tr><td>Poids<\/td><td>175 kg<\/td><td>350 kg<\/td><\/tr><\/tbody><\/table><figcaption class=\"wp-element-caption\">sp\u00e9cifications de la bouilloire de cuisson \u00e0 gaine industrielle<\/figcaption><\/figure>    <figure class=\"wp-block-gallery has-nested-images columns-default is-cropped wp-block-gallery-2 is-layout-flex wp-block-gallery-is-layout-flex\"> <figure class=\"wp-block-image size-full\"><img loading=\"lazy\" decoding=\"async\" width=\"720\" height=\"540\" data-id=\"931\" src=\"https:\/\/taizynut.com\/wp-content\/uploads\/2025\/01\/inclined-cooking-kettle-with-mixer.webp\" alt=\"bouilloire de cuisson inclin\u00e9e avec m\u00e9langeur\" class=\"wp-image-931\" title=\"\" srcset=\"https:\/\/taizynut.com\/wp-content\/uploads\/2025\/01\/inclined-cooking-kettle-with-mixer.webp 720w, https:\/\/taizynut.com\/wp-content\/uploads\/2025\/01\/inclined-cooking-kettle-with-mixer-300x225.webp 300w, https:\/\/taizynut.com\/wp-content\/uploads\/2025\/01\/inclined-cooking-kettle-with-mixer-16x12.webp 16w\" sizes=\"auto, (max-width: 720px) 100vw, 720px\" \/><figcaption class=\"wp-element-caption\">Bouilloire de cuisson inclin\u00e9e avec m\u00e9langeur<\/figcaption><\/figure>    <figure class=\"wp-block-image size-full\"><img loading=\"lazy\" decoding=\"async\" width=\"720\" height=\"540\" data-id=\"932\" src=\"https:\/\/taizynut.com\/wp-content\/uploads\/2025\/01\/vertical-sugar-melting-pot.webp\" alt=\"fondoir \u00e0 sucre vertical\" class=\"wp-image-932\" title=\"\" srcset=\"https:\/\/taizynut.com\/wp-content\/uploads\/2025\/01\/vertical-sugar-melting-pot.webp 720w, https:\/\/taizynut.com\/wp-content\/uploads\/2025\/01\/vertical-sugar-melting-pot-300x225.webp 300w, https:\/\/taizynut.com\/wp-content\/uploads\/2025\/01\/vertical-sugar-melting-pot-16x12.webp 16w\" sizes=\"auto, (max-width: 720px) 100vw, 720px\" \/><figcaption class=\"wp-element-caption\">Pot \u00e0 sucre vertical<\/figcaption><\/figure> <\/figure>    <p class=\"translation-block\"><strong>Sp\u00e9cifications du r\u00e9chaud \u00e0 manteau \u00e0 vapeur<\/strong><\/p>    <figure class=\"wp-block-table\"><table class=\"has-fixed-layout\"><tbody><tr><td>Mod\u00e8le<\/td><td>diam\u00e8tre<\/td><\/tr><tr><td>100L<\/td><td>700mm<\/td><\/tr><tr><td>200L<\/td><td>800mm<\/td><\/tr><tr><td>300L<\/td><td>900mm<\/td><\/tr><tr><td>400L<\/td><td>1000mm<\/td><\/tr><tr><td>500L<\/td><td>1100mm<\/td><\/tr><tr><td>600L<\/td><td>1200mm<\/td><\/tr><tr><td>800L<\/td><td>1300mm<\/td><\/tr><tr><td>1000L<\/td><td>1400mm<\/td><\/tr><\/tbody><\/table><figcaption class=\"wp-element-caption\">donn\u00e9es de la bouilloire \u00e0 vapeur<\/figcaption><\/figure>    <h2 class=\"wp-block-heading\"><strong>Quels mat\u00e9riaux sont applicables pour la bouilloire \u00e0 vapeur ?<\/strong><\/h2>    <p>Cet \u00e9quipement est largement utilis\u00e9 dans les confiseries, les produits pharmaceutiques, les produits laitiers, l'alcool, la p\u00e2tisserie, les conserves, les boissons, les aliments en conserve, les marinades et autres transformations alimentaires. Il peut \u00e9galement \u00eatre utilis\u00e9 dans les grands restaurants ou les cantines pour r\u00e9aliser des soupes, des plats de cuisson, des rago\u00fbts, du porridge, etc.<\/p>    <p>Il est utilis\u00e9 dans la transformation des aliments tels que : <\/p>    <p class=\"translation-block\">Base de pot chaud, sauce piquante, huile rouge, poudre de g\u00e9latine, confiserie, graine de lotus, p\u00e2te de haricot, confiture, g\u00e2teau, boisson, fruits confits, graine de lotus, bouillon de fruits, farce de haricot, <a href=\"https:\/\/en.wikipedia.org\/wiki\/Jujube\" target=\"_blank\" rel=\"noopener\">jujube<\/a>, sauce, curry, et d\u2019autres transformations alimentaires et industries telles que la brasserie, la pharmacie, l\u2019industrie chimique domestique, etc.<\/p>   <div class=\"wp-block-image\"> <figure class=\"aligncenter size-full\"><img loading=\"lazy\" decoding=\"async\" width=\"859\" height=\"568\" src=\"https:\/\/taizynut.com\/wp-content\/uploads\/2025\/01\/applications-of-stainless-steel-cooking-kettle.webp\" alt=\"applications de la bouilloire de cuisson en acier inoxydable\" class=\"wp-image-927\" title=\"\" srcset=\"https:\/\/taizynut.com\/wp-content\/uploads\/2025\/01\/applications-of-stainless-steel-cooking-kettle.webp 859w, https:\/\/taizynut.com\/wp-content\/uploads\/2025\/01\/applications-of-stainless-steel-cooking-kettle-300x198.webp 300w, https:\/\/taizynut.com\/wp-content\/uploads\/2025\/01\/applications-of-stainless-steel-cooking-kettle-768x508.webp 768w, https:\/\/taizynut.com\/wp-content\/uploads\/2025\/01\/applications-of-stainless-steel-cooking-kettle-18x12.webp 18w\" sizes=\"auto, (max-width: 859px) 100vw, 859px\" \/><figcaption class=\"wp-element-caption\">applications de la bouilloire de cuisson en acier inoxydable<\/figcaption><\/figure> <\/div>   <h2 class=\"wp-block-heading\"><strong>Structure d'une bouilloire \u00e0 double enveloppe<\/strong><\/h2>    <p>Cette bouilloire \u00e0 enveloppe en acier inoxydable comprend principalement un moteur, une plaque de support, un dispositif de limite, un cadre, un corps de casserole, un volant, une vanne hydrophobe, etc.<\/p>   <div class=\"wp-block-image\"> <figure class=\"aligncenter size-full\"><img loading=\"lazy\" decoding=\"async\" width=\"720\" height=\"540\" src=\"https:\/\/taizynut.com\/wp-content\/uploads\/2025\/01\/structure-of-electric-cooking-pot-with-mixer.webp\" alt=\"structure de marmite \u00e9lectrique avec mixeur\" class=\"wp-image-919\" title=\"\" srcset=\"https:\/\/taizynut.com\/wp-content\/uploads\/2025\/01\/structure-of-electric-cooking-pot-with-mixer.webp 720w, https:\/\/taizynut.com\/wp-content\/uploads\/2025\/01\/structure-of-electric-cooking-pot-with-mixer-300x225.webp 300w, https:\/\/taizynut.com\/wp-content\/uploads\/2025\/01\/structure-of-electric-cooking-pot-with-mixer-16x12.webp 16w\" sizes=\"auto, (max-width: 720px) 100vw, 720px\" \/><figcaption class=\"wp-element-caption\">structure de marmite \u00e9lectrique avec mixeur<\/figcaption><\/figure> <\/div>   <h2 class=\"wp-block-heading\"><strong>Quel est le prix de la casserole \u00e0 vapeur avec manteau ?<\/strong><\/h2>    <p>Le prix d'une machine \u00e0 fabriquer des confitures de fruits varie en fonction de la marque, de la capacit\u00e9, de la configuration fonctionnelle et d'autres facteurs.<\/p>    <p>De mani\u00e8re g\u00e9n\u00e9rale, le prix r\u00e9el fluctue en fonction de la m\u00e9thode de chauffage (par exemple chauffage \u00e0 vapeur, chauffage \u00e9lectrique, etc.), de la m\u00e9thode d'agitation (par exemple automatique ou manuelle) et du fabricant que vous choisissez.<\/p>    <p>Si vous souhaitez conna\u00eetre le prix exact, venez nous contacter. Nous vous fournirons un devis d\u00e9taill\u00e9 en fonction de vos besoins.<\/p>   <div class=\"wp-block-image\"> <figure class=\"aligncenter size-full\"><img loading=\"lazy\" decoding=\"async\" width=\"720\" height=\"540\" src=\"https:\/\/taizynut.com\/wp-content\/uploads\/2025\/01\/commercial-cooking-pots.webp\" alt=\"marmites commerciales\" class=\"wp-image-936\" title=\"\" srcset=\"https:\/\/taizynut.com\/wp-content\/uploads\/2025\/01\/commercial-cooking-pots.webp 720w, https:\/\/taizynut.com\/wp-content\/uploads\/2025\/01\/commercial-cooking-pots-300x225.webp 300w, https:\/\/taizynut.com\/wp-content\/uploads\/2025\/01\/commercial-cooking-pots-16x12.webp 16w\" sizes=\"auto, (max-width: 720px) 100vw, 720px\" \/><figcaption class=\"wp-element-caption\">marmites commerciales<\/figcaption><\/figure> <\/div>   <h2 class=\"wp-block-heading\"><strong>Savez-vous quand utiliser une marmite industrielle ?<\/strong><\/h2>    <p class=\"translation-block\">Le chaudron industriel est principalement utilis\u00e9 dans les proc\u00e9d\u00e9s de transformation alimentaire tels que <a href=\"https:\/\/taizynut.com\/fr\/product\/peanut-brittle-bar-production-line\/\">ligne de production de confiserie aux arachides<\/a>, l\u2019industrie pharmaceutique et l\u2019industrie chimique pour des processus n\u00e9cessitant chauffage et agitation. Il est adapt\u00e9 aux sc\u00e9narios suivants :<\/p>    <ul class=\"wp-block-list\"> <li><strong>Transformation des aliments<\/strong>: comme la transformation de la confiture, du beurre de cacahu\u00e8te, des bonbons, etc.<\/li>    <li><strong>Production chimique<\/strong>: par ex. chauffage de peintures, cosm\u00e9tiques, r\u00e9actifs chimiques.<\/li>    <li><strong>Fabrication pharmaceutique<\/strong>: comme le chauffage, le m\u00e9lange et la concentration de pommades et de liquides m\u00e9dicinaux.<\/li> <\/ul>    <p>Lorsque la production implique le chauffage et le m\u00e9lange de grandes quantit\u00e9s de mati\u00e8res liquides ou visqueuses, cette bouilloire \u00e0 double enveloppe est un \u00e9quipement indispensable.<\/p>   <div class=\"wp-block-image\"> <figure class=\"aligncenter size-full\"><img loading=\"lazy\" decoding=\"async\" width=\"720\" height=\"540\" src=\"https:\/\/taizynut.com\/wp-content\/uploads\/2023\/03\/automatic-sesame-peanut-candy-bar-making-machine.webp\" alt=\"Machine automatique de fabrication de barres chocolat\u00e9es au s\u00e9same et aux arachides\" class=\"wp-image-821\" title=\"\" srcset=\"https:\/\/taizynut.com\/wp-content\/uploads\/2023\/03\/automatic-sesame-peanut-candy-bar-making-machine.webp 720w, https:\/\/taizynut.com\/wp-content\/uploads\/2023\/03\/automatic-sesame-peanut-candy-bar-making-machine-300x225.webp 300w, https:\/\/taizynut.com\/wp-content\/uploads\/2023\/03\/automatic-sesame-peanut-candy-bar-making-machine-16x12.webp 16w\" sizes=\"auto, (max-width: 720px) 100vw, 720px\" \/><figcaption class=\"wp-element-caption\">Machine automatique de fabrication de barres chocolat\u00e9es au s\u00e9same et aux arachides<\/figcaption><\/figure> <\/div>   <h2 class=\"wp-block-heading\"><strong>Comment commander une bouilloire mixeur de cuisine ?<\/strong><\/h2>    <p>Si vous avez besoin de commander des marmites industrielles, vous pouvez suivre les \u00e9tapes ci-dessous :<\/p>    <ol class=\"wp-block-list\"> <li>Contactez-nous et dites-nous vos requiemnets.<\/li>    <li>Notre responsable commercial vous recommandera une machine \u00e0 confiture adapt\u00e9e ou personnalisera la machine pour r\u00e9pondre \u00e0 vos besoins.<\/li>    <li>Payez la caution et nous commen\u00e7ons \u00e0 fabriquer la machine.<\/li>    <li>Pendant la fabrication, nous enverrons des vid\u00e9os et des photos de la machine pour votre v\u00e9rification.<\/li>    <li>Une fois termin\u00e9, montrez les vid\u00e9os de test de la machine pour votre confirmation.<\/li>    <li>Payez le solde et exp\u00e9diez les marchandises chez vous.<\/li> <\/ol>    <p>Choisir un fabricant exp\u00e9riment\u00e9 et r\u00e9put\u00e9 vous garantira de recevoir une bouilloire de haute qualit\u00e9 avec une garantie de service apr\u00e8s-vente.<\/p>   <div class=\"wp-block-image\"> <figure class=\"aligncenter size-full\"><img loading=\"lazy\" decoding=\"async\" width=\"720\" height=\"540\" src=\"https:\/\/taizynut.com\/wp-content\/uploads\/2025\/01\/cooking-kettle-with-mixer-manufacturer.webp\" alt=\"bouilloire de cuisson avec fabricant de m\u00e9langeur\" class=\"wp-image-934\" title=\"\" srcset=\"https:\/\/taizynut.com\/wp-content\/uploads\/2025\/01\/cooking-kettle-with-mixer-manufacturer.webp 720w, https:\/\/taizynut.com\/wp-content\/uploads\/2025\/01\/cooking-kettle-with-mixer-manufacturer-300x225.webp 300w, https:\/\/taizynut.com\/wp-content\/uploads\/2025\/01\/cooking-kettle-with-mixer-manufacturer-16x12.webp 16w\" sizes=\"auto, (max-width: 720px) 100vw, 720px\" \/><figcaption class=\"wp-element-caption\">bouilloire de cuisson avec fabricant de m\u00e9langeur<\/figcaption><\/figure> <\/div>","protected":false},"excerpt":{"rendered":"<p>Cette bouilloire \u00e0 enveloppe chauffe et remue divers mat\u00e9riaux, comme la p\u00e2te, la confiture, le sirop, etc. avec de l'\u00e9lectricit\u00e9, du gaz ou de la vapeur. Sa capacit\u00e9 varie de 100L \u00e0 1000L.<\/p>","protected":false},"author":1,"featured_media":918,"parent":0,"template":"","tags":[44],"product-type":[],"class_list":["post-917","product","type-product","status-publish","has-post-thumbnail","hentry","tag-peanut-brittle"],"_links":{"self":[{"href":"https:\/\/taizynut.com\/fr\/wp-json\/wp\/v2\/product\/917","targetHints":{"allow":["GET"]}}],"collection":[{"href":"https:\/\/taizynut.com\/fr\/wp-json\/wp\/v2\/product"}],"about":[{"href":"https:\/\/taizynut.com\/fr\/wp-json\/wp\/v2\/types\/product"}],"author":[{"embeddable":true,"href":"https:\/\/taizynut.com\/fr\/wp-json\/wp\/v2\/users\/1"}],"wp:featuredmedia":[{"embeddable":true,"href":"https:\/\/taizynut.com\/fr\/wp-json\/wp\/v2\/media\/918"}],"wp:attachment":[{"href":"https:\/\/taizynut.com\/fr\/wp-json\/wp\/v2\/media?parent=917"}],"wp:term":[{"taxonomy":"post_tag","embeddable":true,"href":"https:\/\/taizynut.com\/fr\/wp-json\/wp\/v2\/tags?post=917"},{"taxonomy":"product-type","embeddable":true,"href":"https:\/\/taizynut.com\/fr\/wp-json\/wp\/v2\/product-type?post=917"}],"curies":[{"name":"wp","href":"https:\/\/api.w.org\/{rel}","templated":true}]}}