{"id":995,"date":"2025-10-10T13:28:15","date_gmt":"2025-10-10T05:28:15","guid":{"rendered":"https:\/\/taizynut.com\/?post_type=product&#038;p=995"},"modified":"2025-10-11T15:53:56","modified_gmt":"2025-10-11T07:53:56","slug":"peanut-powder-making-machine","status":"publish","type":"product","link":"https:\/\/taizynut.com\/fr\/product\/peanut-powder-making-machine\/","title":{"rendered":"Machine \u00e0 poudre d'arachide"},"content":{"rendered":"<p>La machine \u00e0 fabriquer de poudre d\u2019arachide est une machine con\u00e7ue sp\u00e9cifiquement pour les mat\u00e9riaux gras. Elle est largement utilis\u00e9e dans le traitement des noix telles que les arachides, les noix de cajou et les amandes. Elle permet un broyage efficace et uniforme. <\/p>    <p>La machine de moulinage de poudre d\u2019arachide Taizy est tr\u00e8s efficace, avec une vitesse de traitement de 200-600 kg\/h. Notre machine offre des avantages tels que facilit\u00e9 d\u2019utilisation, haut d\u00e9bit, broyage instantan\u00e9 et sensation graisseuse. Si vous avez besoin de cette machine, contactez-nous d\u00e8s aujourd\u2019hui !<\/p>    <figure class=\"wp-block-embed is-type-video is-provider-youtube wp-block-embed-youtube wp-embed-aspect-16-9 wp-has-aspect-ratio\"><div class=\"wp-block-embed__wrapper\"> <iframe loading=\"lazy\" title=\"Machine de broyage de poudre d\u2019arachide | Machine de fabrication de poudre d\u2019arachide pour le broyage des cacahu\u00e8tes, noix de cajou\" width=\"500\" height=\"281\" src=\"https:\/\/www.youtube.com\/embed\/z8CU2YA5evs?feature=oembed\" frameborder=\"0\" allow=\"accelerometer; autoplay; clipboard-write; encrypted-media; gyroscope; picture-in-picture; web-share\" referrerpolicy=\"strict-origin-when-cross-origin\" allowfullscreen><\/iframe> <\/div><figcaption class=\"wp-element-caption\">processus de travail du moulin \u00e0 poudre d\u2019arachide<\/figcaption><\/figure>    <h2 class=\"wp-block-heading\"><strong>Avantages de la machine \u00e0 poudre de cacahu\u00e8te<\/strong><\/h2>    <ul class=\"wp-block-list\"> <li>Notre machine de broyage de poudre d'arachide est con\u00e7ue sp\u00e9cifiquement pour les mat\u00e9riaux gras. Sa vitesse de broyage faible permet efficacement <strong>d'\u00e9viter la chaleur et la lib\u00e9ration d'huile<\/strong>, en pr\u00e9servant l'ar\u00f4me naturel des noix.<\/li>    <li>L'\u00e9quipement de broyage de la poudre de Taizy offre d'excellentes performances de broyage, avec un syst\u00e8me de broyage en trois \u00e9tapes assurant une r\u00e9duction uniforme des noix. <strong>jusqu'\u00e0 30 mesh<\/strong>.<\/li>    <li>This machine&#8217;s <strong>structure flexible<\/strong> permettant \u00e0 la fois le broyage et la pelletisation, r\u00e9pondant \u00e0 divers besoins de production.<\/li>    <li>La machine est faite de <strong>Acier inoxydable 201<\/strong> (peut \u00eatre personnalis\u00e9 en acier inoxydable 304), garantissant la r\u00e9sistance \u00e0 la corrosion, la r\u00e9sistance \u00e0 l'usure et la conformit\u00e9 aux normes de s\u00e9curit\u00e9 alimentaire.<\/li>    <li>Notre machine est <strong>facile \u00e0 utiliser et \u00e0 entretenir<\/strong>, avec un design simple et un nettoyage facile, la rendant adapt\u00e9e \u00e0 une utilisation \u00e0 long terme dans les petites et moyennes unit\u00e9s de transformation.<\/li> <\/ul>   <div class=\"wp-block-image\"> <figure class=\"aligncenter size-full\"><img loading=\"lazy\" decoding=\"async\" width=\"720\" height=\"540\" src=\"https:\/\/taizynut.com\/wp-content\/uploads\/2025\/10\/peanut-powder-making-machine-1.webp\" alt=\"machine \u00e0 poudre d\u2019arachide\" class=\"wp-image-1034\" title=\"\" srcset=\"https:\/\/taizynut.com\/wp-content\/uploads\/2025\/10\/peanut-powder-making-machine-1.webp 720w, https:\/\/taizynut.com\/wp-content\/uploads\/2025\/10\/peanut-powder-making-machine-1-300x225.webp 300w, https:\/\/taizynut.com\/wp-content\/uploads\/2025\/10\/peanut-powder-making-machine-1-16x12.webp 16w\" sizes=\"auto, (max-width: 720px) 100vw, 720px\" \/><figcaption class=\"wp-element-caption\">machine \u00e0 poudre d\u2019arachide<\/figcaption><\/figure> <\/div>   <h2 class=\"wp-block-heading\">W<strong>Principe de fonctionnement de la machine \u00e0 poudre d'arachide<\/strong><\/h2>    <p>La machine de mouture de poudre de cacahu\u00e8te pr\u00e9sente un design en trois \u00e9tapes : les deux premi\u00e8res \u00e9tapes utilisent des rouleaux pour le broyage initial ; la troisi\u00e8me \u00e9tape est un rouleau qui r\u00e9alise un broyage fin par friction et compression. <\/p>    <figure class=\"wp-block-gallery has-nested-images columns-default is-cropped wp-block-gallery-2 is-layout-flex wp-block-gallery-is-layout-flex\"> <figure class=\"wp-block-image size-full\"><img loading=\"lazy\" decoding=\"async\" width=\"540\" height=\"720\" data-id=\"1035\" src=\"https:\/\/taizynut.com\/wp-content\/uploads\/2025\/10\/groundnut-powder-grinding-equipment-1.webp\" alt=\"\u00e9quipement de broyage de poudre d\u2019arachide\" class=\"wp-image-1035\" title=\"\" srcset=\"https:\/\/taizynut.com\/wp-content\/uploads\/2025\/10\/groundnut-powder-grinding-equipment-1.webp 540w, https:\/\/taizynut.com\/wp-content\/uploads\/2025\/10\/groundnut-powder-grinding-equipment-1-225x300.webp 225w, https:\/\/taizynut.com\/wp-content\/uploads\/2025\/10\/groundnut-powder-grinding-equipment-1-9x12.webp 9w\" sizes=\"auto, (max-width: 540px) 100vw, 540px\" \/><figcaption class=\"wp-element-caption\">\u00c9quipement de broyage de poudre d\u2019arachide<\/figcaption><\/figure>    <figure class=\"wp-block-image size-full\"><img loading=\"lazy\" decoding=\"async\" width=\"540\" height=\"720\" data-id=\"1036\" src=\"https:\/\/taizynut.com\/wp-content\/uploads\/2025\/10\/803c4a60abee99a2cc7c5b458082d10-tuya_\u7ed3\u679c.webp\" alt=\"machine de broyage de poudre d\u2019arachide\" class=\"wp-image-1036\" title=\"\" srcset=\"https:\/\/taizynut.com\/wp-content\/uploads\/2025\/10\/803c4a60abee99a2cc7c5b458082d10-tuya_\u7ed3\u679c.webp 540w, https:\/\/taizynut.com\/wp-content\/uploads\/2025\/10\/803c4a60abee99a2cc7c5b458082d10-tuya_\u7ed3\u679c-225x300.webp 225w, https:\/\/taizynut.com\/wp-content\/uploads\/2025\/10\/803c4a60abee99a2cc7c5b458082d10-tuya_\u7ed3\u679c-9x12.webp 9w\" sizes=\"auto, (max-width: 540px) 100vw, 540px\" \/><figcaption class=\"wp-element-caption\">Machine de broyage de poudre de cacahu\u00e8te<\/figcaption><\/figure>    <figure class=\"wp-block-image size-full\"><img loading=\"lazy\" decoding=\"async\" width=\"540\" height=\"720\" data-id=\"1037\" src=\"https:\/\/taizynut.com\/wp-content\/uploads\/2025\/10\/roller-shaft-of-groundnut-powder-grinding-machine-1.webp\" alt=\"arbre du rouleau de la machine de broyage de poudre d\u2019arachide\" class=\"wp-image-1037\" title=\"\" srcset=\"https:\/\/taizynut.com\/wp-content\/uploads\/2025\/10\/roller-shaft-of-groundnut-powder-grinding-machine-1.webp 540w, https:\/\/taizynut.com\/wp-content\/uploads\/2025\/10\/roller-shaft-of-groundnut-powder-grinding-machine-1-225x300.webp 225w, https:\/\/taizynut.com\/wp-content\/uploads\/2025\/10\/roller-shaft-of-groundnut-powder-grinding-machine-1-9x12.webp 9w\" sizes=\"auto, (max-width: 540px) 100vw, 540px\" \/><figcaption class=\"wp-element-caption\">Arbre de rouleau de la machine de broyage de poudre de cacahu\u00e8te<\/figcaption><\/figure> <\/figure>    <p>Typiquement, le moulin \u00e0 poudre d\u2019arachide peut r\u00e9duire le mat\u00e9riau \u00e0 environ 30 mesh. Pour les miettes ou granules d\u2019arachide, seules les deux premi\u00e8res \u00e9tapes peuvent \u00eatre utilis\u00e9es. Les particules r\u00e9sultantes mesurent environ 2 mm ou plus, avec une forme carr\u00e9\/angulaire.<\/p>    <h2 class=\"wp-block-heading\"><strong>Structure de la machine de mouture de poudre d\u2019arachide<\/strong><\/h2>    <p>La machine de broyage de poudre d\u2019arachide a une structure globale compacte et un agencement raisonnable. Elle est compos\u00e9e principalement d\u2019un port d\u2019entr\u00e9e, d\u2019un syst\u00e8me de broyage, d\u2019un port de sortie, d\u2019une poign\u00e9e r\u00e9glable et d\u2019un cadre en acier inoxydable.<\/p>   <div class=\"wp-block-image\"> <figure class=\"aligncenter size-full\"><img loading=\"lazy\" decoding=\"async\" width=\"720\" height=\"540\" src=\"https:\/\/taizynut.com\/wp-content\/uploads\/2025\/10\/groundnut-powder-grinding-machine-1.webp\" alt=\"structure de la machine de broyage de poudre d\u2019arachide\" class=\"wp-image-1032\" title=\"\" srcset=\"https:\/\/taizynut.com\/wp-content\/uploads\/2025\/10\/groundnut-powder-grinding-machine-1.webp 720w, https:\/\/taizynut.com\/wp-content\/uploads\/2025\/10\/groundnut-powder-grinding-machine-1-300x225.webp 300w, https:\/\/taizynut.com\/wp-content\/uploads\/2025\/10\/groundnut-powder-grinding-machine-1-16x12.webp 16w\" sizes=\"auto, (max-width: 720px) 100vw, 720px\" \/><figcaption class=\"wp-element-caption\">structure de la machine de broyage de poudre d\u2019arachide<\/figcaption><\/figure> <\/div>   <h2 class=\"wp-block-heading\"><strong>Application de la machine de broyage de poudre de noix<\/strong><\/h2>    <p>La machine \u00e0 fabriquer de poudre d\u2019arachide convient au broyage d\u2019un vari\u00e9t\u00e9 de noix et graines ol\u00e9agineuses, telles que cacahu\u00e8tes, noix de cajou, amandes, noix, noisettes, pignons et pistaches.<\/p>   <div class=\"wp-block-image\"> <figure class=\"aligncenter size-full\"><img loading=\"lazy\" decoding=\"async\" width=\"720\" height=\"540\" src=\"https:\/\/taizynut.com\/wp-content\/uploads\/2025\/10\/application-of-groundnut-powder-grinder-1.webp\" alt=\"application de la poudre d\u2019arachide broy\u00e9e\" class=\"wp-image-1038\" title=\"\" srcset=\"https:\/\/taizynut.com\/wp-content\/uploads\/2025\/10\/application-of-groundnut-powder-grinder-1.webp 720w, https:\/\/taizynut.com\/wp-content\/uploads\/2025\/10\/application-of-groundnut-powder-grinder-1-300x225.webp 300w, https:\/\/taizynut.com\/wp-content\/uploads\/2025\/10\/application-of-groundnut-powder-grinder-1-16x12.webp 16w\" sizes=\"auto, (max-width: 720px) 100vw, 720px\" \/><figcaption class=\"wp-element-caption\">application de la poudre d\u2019arachide broy\u00e9e<\/figcaption><\/figure> <\/div>   <p>Cet \u00e9quipement peut produire des poudres ou des granules de diff\u00e9rentes finitions et est largement utilis\u00e9 dans les usines de transformation alimentaire, les usines de produits \u00e0 base de noix, les fabricants de beurre d\u2019arachide, les fabricants d\u2019en-cas et les industries de transformation d\u2019assaisonnements.<\/p>    <figure class=\"wp-block-gallery has-nested-images columns-default is-cropped wp-block-gallery-3 is-layout-flex wp-block-gallery-is-layout-flex\"> <figure class=\"wp-block-image size-full\"><img loading=\"lazy\" decoding=\"async\" width=\"720\" height=\"540\" data-id=\"1039\" src=\"https:\/\/taizynut.com\/wp-content\/uploads\/2025\/10\/finished-product-of-the-peanut-powder-grinder-1.webp\" alt=\"produit fini du broyeur de poudre d\u2019arachide\" class=\"wp-image-1039\" title=\"\" srcset=\"https:\/\/taizynut.com\/wp-content\/uploads\/2025\/10\/finished-product-of-the-peanut-powder-grinder-1.webp 720w, https:\/\/taizynut.com\/wp-content\/uploads\/2025\/10\/finished-product-of-the-peanut-powder-grinder-1-300x225.webp 300w, https:\/\/taizynut.com\/wp-content\/uploads\/2025\/10\/finished-product-of-the-peanut-powder-grinder-1-16x12.webp 16w\" sizes=\"auto, (max-width: 720px) 100vw, 720px\" \/><figcaption class=\"wp-element-caption\">Produit fini du moulin \u00e0 poudre d\u2019arachide<\/figcaption><\/figure>    <figure class=\"wp-block-image size-full\"><img loading=\"lazy\" decoding=\"async\" width=\"720\" height=\"540\" data-id=\"1040\" src=\"https:\/\/taizynut.com\/wp-content\/uploads\/2025\/10\/finished-product-of-the-peanut-powder-grinding-machiner-1.webp\" alt=\"produit fini de la machine de broyage de poudre d\u2019arachide\" class=\"wp-image-1040\" title=\"\" srcset=\"https:\/\/taizynut.com\/wp-content\/uploads\/2025\/10\/finished-product-of-the-peanut-powder-grinding-machiner-1.webp 720w, https:\/\/taizynut.com\/wp-content\/uploads\/2025\/10\/finished-product-of-the-peanut-powder-grinding-machiner-1-300x225.webp 300w, https:\/\/taizynut.com\/wp-content\/uploads\/2025\/10\/finished-product-of-the-peanut-powder-grinding-machiner-1-16x12.webp 16w\" sizes=\"auto, (max-width: 720px) 100vw, 720px\" \/><figcaption class=\"wp-element-caption\">Produit fini de la machine de broyage de poudre d\u2019arachide<\/figcaption><\/figure> <\/figure>    <h2 class=\"wp-block-heading\"><strong>Param\u00e8tres de la machine de fabrication de poudre de cacahu\u00e8te<\/strong><\/h2>    <p>Les param\u00e8tres sp\u00e9cifiques de la machine de fabrication de poudre d\u2019arachide sont les suivants :<\/p>    <figure class=\"wp-block-table\"><table><tbody><tr><td>Band<\/td><td>Taizy<\/td><\/tr><tr><td>Capacit\u00e9<\/td><td>200-600 kg\/h<\/td><\/tr><tr><td>Application<\/td><td>arachides, noix de cajou, amandes, noix, etc.<\/td><\/tr><tr><td>Pouvoir<\/td><td>3 kW<\/td><\/tr><tr><td>Tension<\/td><td>380V<\/td><\/tr><tr><td>Fr\u00e9quence<\/td><td>50HZ<\/td><\/tr><tr><td>Taille de la machine<\/td><td>1200*1050*1400mm<\/td><\/tr><tr><td>Mat\u00e9riel de machine<\/td><td>Acier inoxydable 201 (peut \u00eatre personnalis\u00e9 en acier inoxydable 304)<\/td><\/tr><\/tbody><\/table><figcaption class=\"wp-element-caption\">param\u00e8tres de la machine \u00e0 poudre de cacahu\u00e8te<\/figcaption><\/figure>    <h2 class=\"wp-block-heading\"><strong>Prix de la machine \u00e0 grinder commerciale pour cacahu\u00e8tes<\/strong><\/h2>    <p>Le prix de la machine \u00e0 fabriquer de poudre d\u2019arachide est principalement influenc\u00e9 par une vari\u00e9t\u00e9 de facteurs, y compris la taille de la machine, l\u2019efficacit\u00e9 de production, la configuration \u00e9lectrique, le choix des mat\u00e9riaux et la n\u00e9cessit\u00e9 de fonctionnalit\u00e9s personnalis\u00e9es.<\/p>    <figure class=\"wp-block-gallery has-nested-images columns-default is-cropped wp-block-gallery-4 is-layout-flex wp-block-gallery-is-layout-flex\"> <figure class=\"wp-block-image size-full\"><img loading=\"lazy\" decoding=\"async\" width=\"540\" height=\"720\" data-id=\"1041\" src=\"https:\/\/taizynut.com\/wp-content\/uploads\/2025\/10\/groundnut-powder-making-machine-1.webp\" alt=\"machine de fabrication de poudre de cacahu\u00e8te\" class=\"wp-image-1041\" title=\"\" srcset=\"https:\/\/taizynut.com\/wp-content\/uploads\/2025\/10\/groundnut-powder-making-machine-1.webp 540w, https:\/\/taizynut.com\/wp-content\/uploads\/2025\/10\/groundnut-powder-making-machine-1-225x300.webp 225w, https:\/\/taizynut.com\/wp-content\/uploads\/2025\/10\/groundnut-powder-making-machine-1-9x12.webp 9w\" sizes=\"auto, (max-width: 540px) 100vw, 540px\" \/><figcaption class=\"wp-element-caption\">Machine de fabrication de poudre d\u2019arachide<\/figcaption><\/figure>    <figure class=\"wp-block-image size-full\"><img loading=\"lazy\" decoding=\"async\" width=\"540\" height=\"720\" data-id=\"1042\" src=\"https:\/\/taizynut.com\/wp-content\/uploads\/2025\/10\/peanut-powder-grinding-equipment_\u7ed3\u679c.webp\" alt=\"\u00e9quipement de broyage de poudre d\u2019arachide\" class=\"wp-image-1042\" title=\"\" srcset=\"https:\/\/taizynut.com\/wp-content\/uploads\/2025\/10\/peanut-powder-grinding-equipment_\u7ed3\u679c.webp 540w, https:\/\/taizynut.com\/wp-content\/uploads\/2025\/10\/peanut-powder-grinding-equipment_\u7ed3\u679c-225x300.webp 225w, https:\/\/taizynut.com\/wp-content\/uploads\/2025\/10\/peanut-powder-grinding-equipment_\u7ed3\u679c-9x12.webp 9w\" sizes=\"auto, (max-width: 540px) 100vw, 540px\" \/><figcaption class=\"wp-element-caption\">\u00c9quipement de broyage de poudre d\u2019arachide<\/figcaption><\/figure>    <figure class=\"wp-block-image size-full\"><img loading=\"lazy\" decoding=\"async\" width=\"540\" height=\"720\" data-id=\"1043\" src=\"https:\/\/taizynut.com\/wp-content\/uploads\/2025\/10\/groundnut-powder-milling-machine-1.webp\" alt=\"machine de broyage de poudre d\u2019arachide\" class=\"wp-image-1043\" title=\"\" srcset=\"https:\/\/taizynut.com\/wp-content\/uploads\/2025\/10\/groundnut-powder-milling-machine-1.webp 540w, https:\/\/taizynut.com\/wp-content\/uploads\/2025\/10\/groundnut-powder-milling-machine-1-225x300.webp 225w, https:\/\/taizynut.com\/wp-content\/uploads\/2025\/10\/groundnut-powder-milling-machine-1-9x12.webp 9w\" sizes=\"auto, (max-width: 540px) 100vw, 540px\" \/><figcaption class=\"wp-element-caption\">Machine de mouture de poudre d\u2019arachide<\/figcaption><\/figure> <\/figure>    <p>Diff\u00e9rentes configurations affectent directement le co\u00fbt global et les performances de la machine de mouture de poudre de noix. Si vous avez besoin d\u2019une machine de broyage de poudre d\u2019arachide, contactez-nous d\u00e8s aujourd\u2019hui. Taizy peut vous fournir la meilleure machine de qualit\u00e9 au prix le plus raisonnable en fonction de vos besoins de production et de votre budget.<\/p>    <h2 class=\"wp-block-heading\"><strong>Pourquoi choisir Taizy comme fournisseur ?<\/strong><\/h2>    <ul class=\"wp-block-list\"> <li><strong>Exp\u00e9rience professionnelle riche<\/strong>: Taizy poss\u00e8de de nombreuses ann\u00e9es d'exp\u00e9rience dans la recherche et d\u00e9veloppement ainsi que la fabrication de machines de transformation alimentaire, offrant aux clients des solutions d'\u00e9quipement professionnelles et \u00e9prouv\u00e9es.<\/li>    <li><strong>Qualit\u00e9 de produit fiable<\/strong>: Chaque broyeur d'arachide est fabriqu\u00e9 selon des processus de haute norme et subit plusieurs tests avant exp\u00e9dition pour garantir un fonctionnement stable.<\/li>    <li><strong>Diversification de la personnalisation<\/strong>: Nous pouvons personnaliser divers mat\u00e9riaux et configurations fonctionnelles pour r\u00e9pondre aux besoins des clients, couvrant une vari\u00e9t\u00e9 de sc\u00e9narios d'application, des petits ateliers aux grandes usines.<\/li>    <li><strong>Vari\u00e9t\u00e9 diversifi\u00e9e de machines<\/strong>: En plus de la machine \u00e0 poudre d'arachide, nous proposons \u00e9galement <a href=\"https:\/\/taizynut.com\/fr\/product\/small-peanut-roasting-machine-groundnut-roaster-machine\/\">torr\u00e9facteur d'arachide<\/a>, <a href=\"https:\/\/taizynut.com\/fr\/product\/dry-peanut-peeling-machine\/\">machine \u00e0 \u00e9plucher les cacahu\u00e8tes<\/a>, <a href=\"https:\/\/taizynut.com\/fr\/product\/screw-peanut-oil-press-machine\/\">presse \u00e0 huile d'arachide<\/a>, et plus.<\/li>    <li><strong>Support apr\u00e8s-vente complet<\/strong>: Taizy fournit des services techniques complets, y compris l'installation, la formation des op\u00e9rateurs et le support technique \u00e0 distance, pour aider les clients \u00e0 d\u00e9marrer rapidement la production et r\u00e9duire les co\u00fbts de maintenance.<\/li>    <li><strong>Solutions \u00e9conomiques<\/strong>: Taizy peut fournir la combinaison et la configuration d'\u00e9quipements les plus rentables en fonction du budget du client, aidant ainsi \u00e0 maximiser leur retour sur investissement.<\/li> <\/ul>    <figure class=\"wp-block-gallery has-nested-images columns-default is-cropped wp-block-gallery-5 is-layout-flex wp-block-gallery-is-layout-flex\"> <figure class=\"wp-block-image size-full\"><img loading=\"lazy\" decoding=\"async\" width=\"720\" height=\"540\" data-id=\"1044\" src=\"https:\/\/taizynut.com\/wp-content\/uploads\/2025\/10\/our-company-2.webp\" alt=\"notre entreprise\" class=\"wp-image-1044\" title=\"\" srcset=\"https:\/\/taizynut.com\/wp-content\/uploads\/2025\/10\/our-company-2.webp 720w, https:\/\/taizynut.com\/wp-content\/uploads\/2025\/10\/our-company-2-300x225.webp 300w, https:\/\/taizynut.com\/wp-content\/uploads\/2025\/10\/our-company-2-16x12.webp 16w\" sizes=\"auto, (max-width: 720px) 100vw, 720px\" \/><figcaption class=\"wp-element-caption\">Notre Entreprise<\/figcaption><\/figure>    <figure class=\"wp-block-image size-full\"><img loading=\"lazy\" decoding=\"async\" width=\"720\" height=\"540\" data-id=\"1045\" src=\"https:\/\/taizynut.com\/wp-content\/uploads\/2025\/10\/our-customer.webp\" alt=\"notre client\" class=\"wp-image-1045\" title=\"\" srcset=\"https:\/\/taizynut.com\/wp-content\/uploads\/2025\/10\/our-customer.webp 720w, https:\/\/taizynut.com\/wp-content\/uploads\/2025\/10\/our-customer-300x225.webp 300w, https:\/\/taizynut.com\/wp-content\/uploads\/2025\/10\/our-customer-16x12.webp 16w\" sizes=\"auto, (max-width: 720px) 100vw, 720px\" \/><figcaption class=\"wp-element-caption\">Notre Client<\/figcaption><\/figure> <\/figure>    <h2 class=\"wp-block-heading\"><strong>Conclusion<\/strong><\/h2>    <p>La machine de broyage de poudre d\u2019arachide, avec ses performances de broyage exceptionnelles et sa conception structurelle robuste, est devenue un \u00e9quipement de production essentiel dans l\u2019industrie du traitement des noix. Elle aide non seulement les entreprises \u00e0 atteindre un broyage efficace et fin, mais garantit \u00e9galement le go\u00fbt et la qualit\u00e9 de leurs produits.<\/p>    <p>Choisir Taizy, c\u2019est choisir un \u00e9quipement de haute qualit\u00e9 et des solutions compl\u00e8tes, de la s\u00e9lection d\u2019\u00e9quipement au service apr\u00e8s-vente. Nous d\u00e9fendons toujours le concept de professionnalisme et d\u2019int\u00e9grit\u00e9 pour cr\u00e9er une plus grande valeur pour nos clients.<\/p>","protected":false},"excerpt":{"rendered":"<p>Cet article d\u00e9crit la structure, le principe de fonctionnement, le champ d\u2019application et les avantages significatifs de la machine \u00e0 poudre d\u2019arachide. Cet \u00e9quipement utilise un m\u00e9canisme de broyage \u00e0 trois \u00e9tages pour broyer efficacement des mati\u00e8res ol\u00e9agineuses telles que les arachides, les noix de cajou et les amandes, produisant une poudre fine et uniforme. Sa production est de 200-600 kg\/h. La machine est construite en acier inox 201, et l\u2019acier inox 304 peut \u00eatre personnalis\u00e9 sur demande.<\/p>","protected":false},"author":1,"featured_media":1033,"parent":0,"template":"","tags":[61,45],"product-type":[27],"class_list":["post-995","product","type-product","status-publish","has-post-thumbnail","hentry","tag-nut","tag-peanut","product-type-peanut-kernel-processing"],"_links":{"self":[{"href":"https:\/\/taizynut.com\/fr\/wp-json\/wp\/v2\/product\/995","targetHints":{"allow":["GET"]}}],"collection":[{"href":"https:\/\/taizynut.com\/fr\/wp-json\/wp\/v2\/product"}],"about":[{"href":"https:\/\/taizynut.com\/fr\/wp-json\/wp\/v2\/types\/product"}],"author":[{"embeddable":true,"href":"https:\/\/taizynut.com\/fr\/wp-json\/wp\/v2\/users\/1"}],"wp:featuredmedia":[{"embeddable":true,"href":"https:\/\/taizynut.com\/fr\/wp-json\/wp\/v2\/media\/1033"}],"wp:attachment":[{"href":"https:\/\/taizynut.com\/fr\/wp-json\/wp\/v2\/media?parent=995"}],"wp:term":[{"taxonomy":"post_tag","embeddable":true,"href":"https:\/\/taizynut.com\/fr\/wp-json\/wp\/v2\/tags?post=995"},{"taxonomy":"product-type","embeddable":true,"href":"https:\/\/taizynut.com\/fr\/wp-json\/wp\/v2\/product-type?post=995"}],"curies":[{"name":"wp","href":"https:\/\/api.w.org\/{rel}","templated":true}]}}