{"id":1105,"date":"2025-10-24T14:46:39","date_gmt":"2025-10-24T06:46:39","guid":{"rendered":"https:\/\/taizynut.com\/?post_type=product&#038;p=1105"},"modified":"2025-10-24T14:59:35","modified_gmt":"2025-10-24T06:59:35","slug":"pistachio-paste-machine","status":"publish","type":"product","link":"https:\/\/taizynut.com\/sw\/product\/pistachio-paste-machine\/","title":{"rendered":"Mashine ya mchuzi wa karanga za pistachio"},"content":{"rendered":"<p class=\"translation-block\">Taizy<strong>mashine ya mchuzi wa pistachio<\/strong>ni mashine yenye ufanisi mkubwa ya kutengeneza siagi iliyoundwa mahsusi kwa usindikaji wa karanga. Stator na rotor wake wa kasi ya juu huchovya kwa kina malighafi, haraka kubadilisha karanga za pistachio kuwa mchuzi wa pistachio.<\/p>    <p>Mashine yetu ya kutengeneza mchuzi wa pistachio ina uwezo wa uzalishaji wa 400-500 kg\/h na inafaa si tu kwa pistachio, bali pia kwa karanga za maharagwe, almonds, na bidhaa nyingine. Zaidi ya hayo, kifuniko chake cha chuma cha pua cha kudumu cha 304 kinakidhi viwango vya usafi vya chakula.<\/p>    <figure class=\"wp-block-embed is-type-video is-provider-youtube wp-block-embed-youtube wp-embed-aspect-16-9 wp-has-aspect-ratio\"><div class=\"wp-block-embed__wrapper\"> <iframe loading=\"lazy\" title=\"Mashine ya kiotomatiki ya siagi ya pistachio | Mashine ya kutengeneza mchuzi wa pistachio kwa usindikaji wa siagi ya pistachio\" width=\"500\" height=\"281\" src=\"https:\/\/www.youtube.com\/embed\/XbCviXYNBGk?feature=oembed\" frameborder=\"0\" allow=\"accelerometer; autoplay; clipboard-write; encrypted-media; gyroscope; picture-in-picture; web-share\" referrerpolicy=\"strict-origin-when-cross-origin\" allowfullscreen><\/iframe> <\/div><figcaption class=\"wp-element-caption\">Video ya kazi ya mashine ya kutengeneza mchuzi wa pistachio<\/figcaption><\/figure>    <h2 class=\"wp-block-heading\"><strong>Manufaa ya mashine ya kutengeneza siagi ya pistachio<\/strong><\/h2>    <ul class=\"wp-block-list\"> <li>Mashine ya mchuzi wa pistachio ya Taizy <strong>inachukua muundo wa stator na rotor wa hali ya juu<\/strong>, ambayo inaweza kusaga pistachios kuwa mchuzi wa sehemu za sawasawa na ladha nyembamba.<\/li>    <li>The machine&#8217;s shell is constructed of <strong>304 chuma cha pua<\/strong>, inayotoa upinzani wa kutu na urahisi wa kusafisha, ikizingatia viwango vya usafi vya kiwango cha chakula.<\/li>    <li>Sehemu kuu, stator na rotor, zinatengenezwa kwa<strong> Chuma cha mchanganyiko wa 9CR18<\/strong>, ambayo ni sugu wa kuvaa na sugu wa joto, kuhakikisha maisha marefu na uendeshaji thabiti.<\/li>    <li>Vifaa vyetu vya kutengeneza mchuzi wa pistachio vinaendeshwa na injini yenye ufanisi wa 18.5kW, ambayo inaweza kufanikisha pato la <strong>400-500kg \/ h<\/strong>, inaruhusu uzalishaji wa kuendelea na uendeshaji thabiti.<\/li>    <li>Mashine nzima inachukua muundo wa kuunganisha wa wima na mpangilio wa busara, nafasi ndogo, na usakinishaji rahisi, na kufanya <strong>nyeti kwa mazingira mbalimbali ya uzalishaji<\/strong>.<\/li>    <li>Mashine ya kusaga pistachio siyo tu inafaa kwa usindikaji wa mchuzi wa pistachio, bali pia inaweza kutumika kusaga siagi ya karanga, siagi ya almond, siagi ya hazelnut, n.k., ambayo inaweza kufanikisha <strong>matumizi mengi ya mashine moja<\/strong> na kuboresha matumizi ya vifaa.<\/li> <\/ul>   <div class=\"wp-block-image\"> <figure class=\"aligncenter size-full\"><img loading=\"lazy\" decoding=\"async\" width=\"720\" height=\"540\" src=\"https:\/\/taizynut.com\/wp-content\/uploads\/2025\/10\/pistachio-butter-making-machine.webp\" alt=\"Mashine ya kutengeneza siagi ya pistachio\" class=\"wp-image-1106\" title=\"\" srcset=\"https:\/\/taizynut.com\/wp-content\/uploads\/2025\/10\/pistachio-butter-making-machine.webp 720w, https:\/\/taizynut.com\/wp-content\/uploads\/2025\/10\/pistachio-butter-making-machine-300x225.webp 300w, https:\/\/taizynut.com\/wp-content\/uploads\/2025\/10\/pistachio-butter-making-machine-16x12.webp 16w\" sizes=\"auto, (max-width: 720px) 100vw, 720px\" \/><figcaption class=\"wp-element-caption\">Mashine ya kutengeneza siagi ya pistachio<\/figcaption><\/figure> <\/div>   <h2 class=\"wp-block-heading\"><strong>Muundo wa mashine ya kutengeneza mchuzi wa pistachio<\/strong><\/h2>    <p>Taizy mashine ya mchuzi wa pistachio ina muundo wa wima, uliounganishwa, unaojumuisha kuingiza, kusaga, kutoa, na mfumo wa ulinzi wa injini.<\/p>    <ul class=\"wp-block-list\"> <li><strong>Kipakizi cha kuingizia<\/strong>: Mlango wa kuingiza ni wa koni na umefanywa kwa chuma cha pua cha kiwango cha chakula cha 304, kinachostahimili kutu na kudumu. Muundo wa kipenyo kikubwa hufanya kuingiza kuwa rahisi.<\/li>    <li><strong>Chumba cha kusaga<\/strong>: Hii ni sehemu kuu ya mashine, inayojumuisha stator na rotor. Imetengenezwa kwa chuma cha mchanganyiko cha 9CR18, stator na rotor hutoa ugumu wa juu na upinzani wa kuvaa, kuhakikisha utendaji wa kusaga thabiti hata chini ya msuguano wa kasi ya juu.<\/li>    <li><strong>Bandari ya kutolea<\/strong>: Bandari ya kutolea ni muundo wa bomba la chuma cha pua la moja kwa moja, na mchuzi hutolewa kwa mvuto. Watumiaji wanaweza kuunganisha tanki la nyenzo au bomba la kusafirisha kwenye bandari ya kutolea ili kufanikisha uzalishaji wa kuendelea.<\/li>    <li><strong>Kifaa cha injini<\/strong>: Injini iko ndani ya kifaa cha chuma cha pua chenye pande mbili na mashimo ya hewa ili kulinda injini dhidi ya vumbi na maji.<\/li> <\/ul>    <figure class=\"wp-block-gallery has-nested-images columns-default is-cropped wp-block-gallery-2 is-layout-flex wp-block-gallery-is-layout-flex\"> <figure class=\"wp-block-image size-large\"><img loading=\"lazy\" decoding=\"async\" width=\"720\" height=\"540\" data-id=\"1107\" src=\"https:\/\/taizynut.com\/wp-content\/uploads\/2025\/10\/pistachip-paste-machine.webp\" alt=\"Mashine ya mchuzi wa pistachio\" class=\"wp-image-1107\" title=\"\" srcset=\"https:\/\/taizynut.com\/wp-content\/uploads\/2025\/10\/pistachip-paste-machine.webp 720w, https:\/\/taizynut.com\/wp-content\/uploads\/2025\/10\/pistachip-paste-machine-300x225.webp 300w, https:\/\/taizynut.com\/wp-content\/uploads\/2025\/10\/pistachip-paste-machine-16x12.webp 16w\" sizes=\"auto, (max-width: 720px) 100vw, 720px\" \/><figcaption class=\"wp-element-caption\">Mashine ya Mchuzi wa Pistachio<\/figcaption><\/figure>    <figure class=\"wp-block-image size-large\"><img loading=\"lazy\" decoding=\"async\" width=\"720\" height=\"540\" data-id=\"1108\" src=\"https:\/\/taizynut.com\/wp-content\/uploads\/2025\/10\/stator-and-rotor-of-pistachio-paste-making-machine.webp\" alt=\"Stator na rotor ya mashine ya kutengeneza mchuzi wa pistachio\" class=\"wp-image-1108\" title=\"\" srcset=\"https:\/\/taizynut.com\/wp-content\/uploads\/2025\/10\/stator-and-rotor-of-pistachio-paste-making-machine.webp 720w, https:\/\/taizynut.com\/wp-content\/uploads\/2025\/10\/stator-and-rotor-of-pistachio-paste-making-machine-300x225.webp 300w, https:\/\/taizynut.com\/wp-content\/uploads\/2025\/10\/stator-and-rotor-of-pistachio-paste-making-machine-16x12.webp 16w\" sizes=\"auto, (max-width: 720px) 100vw, 720px\" \/><figcaption class=\"wp-element-caption\">Stator na rotor ya mashine ya kutengeneza mchuzi wa pistachio<\/figcaption><\/figure>    <figure class=\"wp-block-image size-large\"><img loading=\"lazy\" decoding=\"async\" width=\"720\" height=\"540\" data-id=\"1109\" src=\"https:\/\/taizynut.com\/wp-content\/uploads\/2025\/10\/hopper-of-pistachip-grinder.webp\" alt=\"Hopper ya mashine ya kusaga pistachio\" class=\"wp-image-1109\" title=\"\" srcset=\"https:\/\/taizynut.com\/wp-content\/uploads\/2025\/10\/hopper-of-pistachip-grinder.webp 720w, https:\/\/taizynut.com\/wp-content\/uploads\/2025\/10\/hopper-of-pistachip-grinder-300x225.webp 300w, https:\/\/taizynut.com\/wp-content\/uploads\/2025\/10\/hopper-of-pistachip-grinder-16x12.webp 16w\" sizes=\"auto, (max-width: 720px) 100vw, 720px\" \/><figcaption class=\"wp-element-caption\">Hopper ya mashine ya kusaga pistachio<\/figcaption><\/figure> <\/figure>    <h2 class=\"wp-block-heading\"><strong>Maombi ya mashine ya mchuzi wa pistachio<\/strong><\/h2>    <p>Maombi ya mashine hii ya kutengeneza mchuzi wa pistachio ni pana sana. Mbali na usindikaji wa pistachio, pia inaweza kutumika kusaga siagi, karanga za maharagwe, karanga za mlozi, hazelnuts, walnuts, n.k., hivyo inatumika sana katika sekta mbalimbali.<\/p>    <ul class=\"wp-block-list\"> <li><strong>Viwanda vya usindikaji wa vyakula<\/strong>: Mashine hii inafaa kwa utengenezaji wa viungo mbalimbali vya chakula, ikiwa ni pamoja na maziwa ya karanga, mchuzi, kujaza pipi, kujaza biskuti, mipako, na zaidi.<\/li>    <li><strong>Sekta za kuoka na dessert<\/strong>: Maziwa ya karanga yanayozalishwa na mashine hii yanaweza kutumika katika kujaza mkate, kujaza keki, mapambo ya barafu, na zaidi.<\/li>    <li><strong>Sekta za vinywaji<\/strong>: Maziwa ya karanga yanayozalishwa na mashine hii yanaweza kuongezwa kwenye maziwa ya barafu, smoothies, vinywaji, biskuti za nishati, na bidhaa nyingine ili kuboresha thamani ya lishe na ladha.<\/li>    <li><strong>Vituo vya chakula na minyororo<\/strong>: Mashine yetu ya kutengeneza mchuzi wa pistachio pia inafaa kwa vituo vya chakula vya kati hadi vikubwa, minyororo ya dessert, chapa za kahawa, na biashara nyingine zinazotafuta kuunda maziwa ya karanga ya nyumbani.<\/li> <\/ul>    <figure class=\"wp-block-gallery has-nested-images columns-default is-cropped wp-block-gallery-3 is-layout-flex wp-block-gallery-is-layout-flex\"> <figure class=\"wp-block-image size-large\"><img loading=\"lazy\" decoding=\"async\" width=\"720\" height=\"540\" data-id=\"1110\" src=\"https:\/\/taizynut.com\/wp-content\/uploads\/2025\/10\/application-of-pistachio-buttre-making-machine.webp\" alt=\"Maombi ya mashine ya kutengeneza siagi ya pistachio\" class=\"wp-image-1110\" title=\"\" srcset=\"https:\/\/taizynut.com\/wp-content\/uploads\/2025\/10\/application-of-pistachio-buttre-making-machine.webp 720w, https:\/\/taizynut.com\/wp-content\/uploads\/2025\/10\/application-of-pistachio-buttre-making-machine-300x225.webp 300w, https:\/\/taizynut.com\/wp-content\/uploads\/2025\/10\/application-of-pistachio-buttre-making-machine-16x12.webp 16w\" sizes=\"auto, (max-width: 720px) 100vw, 720px\" \/><figcaption class=\"wp-element-caption\">Maombi ya Mashine ya Kutengeneza Siagi ya Pistachio<\/figcaption><\/figure>    <figure class=\"wp-block-image size-large\"><img loading=\"lazy\" decoding=\"async\" width=\"720\" height=\"540\" data-id=\"1111\" src=\"https:\/\/taizynut.com\/wp-content\/uploads\/2025\/10\/application-ofpistachio-buttre-machine.webp\" alt=\"Maombi ya mashine ya siagi ya pistachio\" class=\"wp-image-1111\" title=\"\" srcset=\"https:\/\/taizynut.com\/wp-content\/uploads\/2025\/10\/application-ofpistachio-buttre-machine.webp 720w, https:\/\/taizynut.com\/wp-content\/uploads\/2025\/10\/application-ofpistachio-buttre-machine-300x225.webp 300w, https:\/\/taizynut.com\/wp-content\/uploads\/2025\/10\/application-ofpistachio-buttre-machine-16x12.webp 16w\" sizes=\"auto, (max-width: 720px) 100vw, 720px\" \/><figcaption class=\"wp-element-caption\">Maombi ya Mashine ya Siagi ya Pistachio<\/figcaption><\/figure>    <figure class=\"wp-block-image size-large\"><img loading=\"lazy\" decoding=\"async\" width=\"720\" height=\"540\" data-id=\"1112\" src=\"https:\/\/taizynut.com\/wp-content\/uploads\/2025\/10\/application-ofpistachio-paste-making-machine.webp\" alt=\"Maombi ya mashine ya paste ya pistachio\" class=\"wp-image-1112\" title=\"\" srcset=\"https:\/\/taizynut.com\/wp-content\/uploads\/2025\/10\/application-ofpistachio-paste-making-machine.webp 720w, https:\/\/taizynut.com\/wp-content\/uploads\/2025\/10\/application-ofpistachio-paste-making-machine-300x225.webp 300w, https:\/\/taizynut.com\/wp-content\/uploads\/2025\/10\/application-ofpistachio-paste-making-machine-16x12.webp 16w\" sizes=\"auto, (max-width: 720px) 100vw, 720px\" \/><figcaption class=\"wp-element-caption\">Maombi ya Mashine ya Kutengeneza Mchuzi wa Pistachio<\/figcaption><\/figure> <\/figure>    <h2 class=\"wp-block-heading\"><strong>Kitaaluma<\/strong> <strong>vigezo vya mashine ya kusaga pistachio <\/strong><\/h2>    <p>Mashine ya mchuzi wa pistachio ya Taizy ina muundo mfupi na utendaji thabiti, inayofaa kwa kusaga kwa ufanisi wa juu aina mbalimbali za karanga. Hapa chini ni vigezo vikuu vya kiufundi vya vifaa ili kukusaidia kuelewa kikamilifu usanidi na utendaji wake.<\/p>    <figure class=\"wp-block-table\"><table class=\"has-fixed-layout\"><tbody><tr><td>Mfano<\/td><td>TZ-180<\/td><\/tr><tr><td>Uwezo<\/td><td>400-500kg \/ h<\/td><\/tr><tr><td>Nguvu<\/td><td>18.5kw<\/td><\/tr><tr><td>Kasi<\/td><td>2950r\/min<\/td><\/tr><tr><td>Uzito<\/td><td>350kg<\/td><\/tr><tr><td>Ukubwa<\/td><td>960*500*1150mm<\/td><\/tr><tr><td>Kiasi cha hopper<\/td><td>30L<\/td><\/tr><\/tbody><\/table><figcaption class=\"wp-element-caption\">Vigezo vya kiufundi vya mashine ya siagi ya pistachio<\/figcaption><\/figure>    <h2 class=\"wp-block-heading\"><strong>Mashine ya kusaga pistachio inagharimu kiasi gani?<\/strong><\/h2>    <p>Bei ya mashine ya mchuzi wa pistachio inategemea zaidi na mambo kama mfano wa mashine, usanidi wa pato, na uteuzi wa nyenzo. Kwa ujumla, mifano yenye miili ya chuma cha pua na injini zenye nguvu zaidi ni ghali zaidi, lakini hutoa utendaji thabiti na matokeo ya kusaga kwa ufanisi zaidi.<\/p>    <figure class=\"wp-block-gallery has-nested-images columns-default is-cropped wp-block-gallery-4 is-layout-flex wp-block-gallery-is-layout-flex\"> <figure class=\"wp-block-image size-large\"><img loading=\"lazy\" decoding=\"async\" width=\"720\" height=\"540\" data-id=\"1113\" src=\"https:\/\/taizynut.com\/wp-content\/uploads\/2025\/10\/pistachio-paste-making-machine.webp\" alt=\"Mashine ya kutengeneza mchuzi wa pistachio\" class=\"wp-image-1113\" title=\"\" srcset=\"https:\/\/taizynut.com\/wp-content\/uploads\/2025\/10\/pistachio-paste-making-machine.webp 720w, https:\/\/taizynut.com\/wp-content\/uploads\/2025\/10\/pistachio-paste-making-machine-300x225.webp 300w, https:\/\/taizynut.com\/wp-content\/uploads\/2025\/10\/pistachio-paste-making-machine-16x12.webp 16w\" sizes=\"auto, (max-width: 720px) 100vw, 720px\" \/><figcaption class=\"wp-element-caption\">Mashine ya Kutengeneza Mchuzi wa Pistachio<\/figcaption><\/figure>    <figure class=\"wp-block-image size-large\"><img loading=\"lazy\" decoding=\"async\" width=\"720\" height=\"540\" data-id=\"1114\" src=\"https:\/\/taizynut.com\/wp-content\/uploads\/2025\/10\/pistachip-grinder-machine.webp\" alt=\"Mashine ya kusaga pistachio\" class=\"wp-image-1114\" title=\"\" srcset=\"https:\/\/taizynut.com\/wp-content\/uploads\/2025\/10\/pistachip-grinder-machine.webp 720w, https:\/\/taizynut.com\/wp-content\/uploads\/2025\/10\/pistachip-grinder-machine-300x225.webp 300w, https:\/\/taizynut.com\/wp-content\/uploads\/2025\/10\/pistachip-grinder-machine-16x12.webp 16w\" sizes=\"auto, (max-width: 720px) 100vw, 720px\" \/><figcaption class=\"wp-element-caption\">Mashine ya kusaga pistachio<\/figcaption><\/figure> <\/figure>    <p>Wateja wanaweza kuchagua usanidi unaofaa kulingana na kiwango cha uzalishaji wao na mahitaji ya usindikaji. Wateja wanaweza kuchagua usanidi unaofaa kulingana na kiwango cha uzalishaji wao na mahitaji ya usindikaji. <\/p>    <h2 class=\"wp-block-heading\"><strong>Varf\u00f6r v\u00e4lja Taizy som din leverant\u00f6r?<\/strong><\/h2>    <ul class=\"wp-block-list\"> <li>Taizy ina <strong>muda mrefu wa uzoefu katika utengenezaji wa mashine za usindikaji chakula<\/strong> na imejikita katika utafiti na maendeleo, na utengenezaji wa vifaa vya maziwa ya karanga, siagi ya karanga, ufuta, n.k.<\/li>    <li>Tuna ufahamu mzuri kwamba wateja tofauti wana mahitaji tofauti ya uzalishaji, kwa hivyo sisi <strong>toa huduma za kubadilika na zilizobinafsishwa<\/strong>. Ikiwa ni uwezo wa uzalishaji, usafi wa kusaga, muundo wa muonekano, au mpangilio wa mstari wa uzalishaji, Taizy inaweza kuibuni kulingana na mahitaji yako.<\/li>    <li>Taizy inatoa safu kamili ya bidhaa. Mbali na mashine ya mchuzi wa pistachio, pia tunatoa vifaa mbalimbali vya usindikaji wa karanga, ikiwa ni pamoja na <a href=\"https:\/\/taizynut.com\/sw\/product\/peanut-powder-making-machine\/\">Mashine ya kusaga unga wa karanga<\/a>, <a href=\"https:\/\/taizynut.com\/sw\/product\/peanut-butter-grinder-machine\/\">mashine ya siagi ya karanga<\/a>, na <a href=\"https:\/\/taizynut.com\/sw\/product\/small-peanut-roasting-machine-groundnut-roaster-machine\/\">mchoma karanga<\/a>.<\/li>    <li>Sisi <strong>toa msaada kamili wa kiufundi<\/strong>ikiwa ni pamoja na uchaguzi wa vifaa, usakinishaji na uendeshaji, mafunzo ya uendeshaji, na mwongozo wa huduma baada ya mauzo kwa mbali.<\/li> <\/ul>    <h2 class=\"wp-block-heading\"><strong>Wasiliana nasi leo!<\/strong><\/h2>    <p>Ikiwa unakusudia kuanzisha biashara ya usindikaji wa siagi za karanga au kuongeza kiwango cha uzalishaji, tunaweza kukupatia mashine bora ya mchuzi wa pistachio na suluhisho zilizobinafsishwa kulingana na mahitaji yako. Ikiwa una mahitaji yoyote, tafadhali wasiliana nasi mara moja!<\/p>","protected":false},"excerpt":{"rendered":"<p>Mashine ya paste ya pistachio ni kifaa cha usindikaji wa karanga kiotomatiki kabisa kilichoundwa mahsusi kwa usindikaji wa paste ya karanga. Kasi yake ni 400-500kg\/h. Mbali na usindikaji wa pistachios, inaweza pia kutumika kusindika cashews, almonds, hazelnuts, n.k.<\/p>","protected":false},"author":1,"featured_media":1115,"parent":0,"template":"","tags":[61,66,65],"product-type":[27],"class_list":["post-1105","product","type-product","status-publish","has-post-thumbnail","hentry","tag-nut","tag-pistachio","tag-pistachio-paste","product-type-peanut-kernel-processing"],"_links":{"self":[{"href":"https:\/\/taizynut.com\/sw\/wp-json\/wp\/v2\/product\/1105","targetHints":{"allow":["GET"]}}],"collection":[{"href":"https:\/\/taizynut.com\/sw\/wp-json\/wp\/v2\/product"}],"about":[{"href":"https:\/\/taizynut.com\/sw\/wp-json\/wp\/v2\/types\/product"}],"author":[{"embeddable":true,"href":"https:\/\/taizynut.com\/sw\/wp-json\/wp\/v2\/users\/1"}],"wp:featuredmedia":[{"embeddable":true,"href":"https:\/\/taizynut.com\/sw\/wp-json\/wp\/v2\/media\/1115"}],"wp:attachment":[{"href":"https:\/\/taizynut.com\/sw\/wp-json\/wp\/v2\/media?parent=1105"}],"wp:term":[{"taxonomy":"post_tag","embeddable":true,"href":"https:\/\/taizynut.com\/sw\/wp-json\/wp\/v2\/tags?post=1105"},{"taxonomy":"product-type","embeddable":true,"href":"https:\/\/taizynut.com\/sw\/wp-json\/wp\/v2\/product-type?post=1105"}],"curies":[{"name":"wp","href":"https:\/\/api.w.org\/{rel}","templated":true}]}}