{"id":1251,"date":"2026-01-16T14:21:49","date_gmt":"2026-01-16T06:21:49","guid":{"rendered":"https:\/\/taizynut.com\/?post_type=product&#038;p=1251"},"modified":"2026-01-27T16:34:42","modified_gmt":"2026-01-27T08:34:42","slug":"hydraulic-oil-press-machine","status":"publish","type":"product","link":"https:\/\/taizynut.com\/sw\/product\/hydraulic-oil-press-machine\/","title":{"rendered":"Mashine ya shinikizo la mafuta ya majimaji"},"content":{"rendered":"<p class=\"translation-block\">Taizy <strong> mashine ya kusukuma mafuta ya maji <\/strong> ni kifaa cha kuchimba mafuta kinachotumika kwa kusukuma malighafi mbalimbali za mafuta. Mashine hii inaweza kutumika kwa mchakato wa kusukuma moto na baridi, na inafaa kwa mazao ya mafuta ya kawaida kama sesame, karanga, na germ ya ngano, pamoja na mazao ya mafuta ya thamani kubwa kama walnuts, almonds, mbegu za alizeti, na zabibu.<\/p>    <p>Our oil extraction machine is easy to operate, highly efficient, and has a processing capacity of approximately 12-180 kg\/hour. Its oil yield varies depending on the material. For example, sesame seeds yield 43%-47% oil. If you&#8217;d like more information, feel free to contact us anytime!<\/p>    <figure class=\"wp-block-embed is-type-video is-provider-youtube wp-block-embed-youtube wp-embed-aspect-16-9 wp-has-aspect-ratio\"><div class=\"wp-block-embed__wrapper\"> <iframe loading=\"lazy\" title=\"Mashine ya kusukuma mafuta ya maji inayouzwa sana kwa karanga, mbegu za sesame, soya, walnuts, zabibu.\" width=\"500\" height=\"281\" src=\"https:\/\/www.youtube.com\/embed\/tWoxfeqRpSY?feature=oembed\" frameborder=\"0\" allow=\"accelerometer; autoplay; clipboard-write; encrypted-media; gyroscope; picture-in-picture; web-share\" referrerpolicy=\"strict-origin-when-cross-origin\" allowfullscreen><\/iframe> <\/div><figcaption class=\"wp-element-caption\">Video ya kazi ya mashine ya kuchimba mafuta ya maji<\/figcaption><\/figure>    <h2 class=\"wp-block-heading\"><strong>Sifa za mashine ya kusukuma mafuta ya maji<\/strong><\/h2>    <ol class=\"wp-block-list\"> <li><strong>Inasaidia kusukuma moto na baridi, matumizi makubwa ya programu<\/strong> <ul class=\"wp-block-list\"> <li>Mashine yetu ya kuchimba mafuta inaweza kutumia mchakato wa kusukuma moto au baridi, kulingana na sifa za malighafi. Zinafaa kwa malighafi mbalimbali kama mbegu za sesame, karanga, walnuts, karanga za pine, n.k.<\/li> <\/ul> <\/li>    <li><strong>Mavuno makubwa ya mafuta na keki nzuri ya mafuta.<\/strong> <ul class=\"wp-block-list\"> <li>B chini ya hali ya shinikizo la juu thabiti, mafuta yanachukuliwa kikamilifu. Kwa mfano, mavuno ya mafuta kwa mbegu za sesame yanaweza kufikia 43%\u201347%. Keki ya mafuta iliyoshinikwa ni nzuri na ina kiwango cha chini cha mafuta yaliyobaki.<\/li> <\/ul> <\/li>    <li><strong>Operesheni rahisi na kiwango cha juu cha automatiseringi<\/strong> <ul class=\"wp-block-list\"> <li>Mashine ya kusukuma mafuta ya maji ya Taizy ina muundo wa umeme na umeme, rahisi kutumia. Kwa kawaida, mtu mmoja anaweza kuendesha mashine na kusimamia vifaa vingi kwa wakati mmoja, kupunguza utegemezi kwa kazi ya mikono.<\/li> <\/ul> <\/li>    <li><strong>Modeli nyingi zinazopatikana ili kukidhi mahitaji tofauti ya uzalishaji<\/strong> <ul class=\"wp-block-list\"> <li>Tunatoa modeli kadhaa za mashine za kusukuma mafuta ya maji zenye uwezo wa kusindika kati ya 12\u2013180 kg\/h, zinazofaa kwa viwango tofauti vya uzalishaji.<\/li> <\/ul> <\/li> <\/ol>    <figure class=\"wp-block-gallery has-nested-images columns-default is-cropped wp-block-gallery-2 is-layout-flex wp-block-gallery-is-layout-flex\"> <figure class=\"wp-block-image size-large\"><img loading=\"lazy\" decoding=\"async\" width=\"720\" height=\"540\" data-id=\"1255\" src=\"https:\/\/taizynut.com\/wp-content\/uploads\/2026\/01\/hydraulic-oil-press-machine.webp\" alt=\"Mashine ya kusukuma mafuta ya maji ya Taizy ni inayofaa kwa mbegu mbalimbali za mafuta kama karanga, mbegu za sesame, mbegu za alizeti, na zabibu na uwezo wa 12-180kg\/h.\" class=\"wp-image-1255\" title=\"\" srcset=\"https:\/\/taizynut.com\/wp-content\/uploads\/2026\/01\/hydraulic-oil-press-machine.webp 720w, https:\/\/taizynut.com\/wp-content\/uploads\/2026\/01\/hydraulic-oil-press-machine-300x225.webp 300w, https:\/\/taizynut.com\/wp-content\/uploads\/2026\/01\/hydraulic-oil-press-machine-16x12.webp 16w\" sizes=\"auto, (max-width: 720px) 100vw, 720px\" \/><figcaption class=\"wp-element-caption\">Mashine ya Kusukuma Mafuta ya Maji<\/figcaption><\/figure>    <figure class=\"wp-block-image size-large\"><img loading=\"lazy\" decoding=\"async\" width=\"720\" height=\"540\" data-id=\"1253\" src=\"https:\/\/taizynut.com\/wp-content\/uploads\/2026\/01\/hydraulic-oil-pressing-machine.webp\" alt=\"Kifurushi cha mashine ya kusukuma mafuta ya maji\" class=\"wp-image-1253\" title=\"\" srcset=\"https:\/\/taizynut.com\/wp-content\/uploads\/2026\/01\/hydraulic-oil-pressing-machine.webp 720w, https:\/\/taizynut.com\/wp-content\/uploads\/2026\/01\/hydraulic-oil-pressing-machine-300x225.webp 300w, https:\/\/taizynut.com\/wp-content\/uploads\/2026\/01\/hydraulic-oil-pressing-machine-16x12.webp 16w\" sizes=\"auto, (max-width: 720px) 100vw, 720px\" \/><figcaption class=\"wp-element-caption\">Mashine ya Kusukuma Mafuta ya Maji<\/figcaption><\/figure> <\/figure>    <h2 class=\"wp-block-heading\"><strong>Matumizi ya mashine ya kusukuma mafuta ya maji<\/strong><\/h2>    <p>Mashine yetu ya kusukuma mafuta ya maji ni inayoweza kubadilika sana na inaweza kutumika kusukuma malighafi mbalimbali, kwa kutumia njia zinazofaa kwa malighafi tofauti:<\/p>    <ul class=\"wp-block-list\"> <li>Malighafi za moto: Karanga, mbegu za sesame, mbegu za flax, germ ya ngano, germ ya mahindi, n.k.<\/li>    <li>Malighafi za baridi: Zabibu, karanga za pine, walnuts, mbegu za alizeti, almonds, mbegu za camellia, n.k.<\/li>    <li>Viungo na malighafi za tiba za jadi: Sichuan peppercorns, mbegu za haradali, mbegu za perilla, n.k.<\/li> <\/ul>   <div class=\"wp-block-image\"> <figure class=\"aligncenter size-full\"><img loading=\"lazy\" decoding=\"async\" width=\"720\" height=\"540\" src=\"https:\/\/taizynut.com\/wp-content\/uploads\/2026\/01\/application-of-oil-extraction-machine.webp\" alt=\"Matumizi ya mashine ya kuchimba mafuta\" class=\"wp-image-1254\" title=\"\" srcset=\"https:\/\/taizynut.com\/wp-content\/uploads\/2026\/01\/application-of-oil-extraction-machine.webp 720w, https:\/\/taizynut.com\/wp-content\/uploads\/2026\/01\/application-of-oil-extraction-machine-300x225.webp 300w, https:\/\/taizynut.com\/wp-content\/uploads\/2026\/01\/application-of-oil-extraction-machine-16x12.webp 16w\" sizes=\"auto, (max-width: 720px) 100vw, 720px\" \/><figcaption class=\"wp-element-caption\">Matumizi ya mashine ya kuchimba mafuta<\/figcaption><\/figure> <\/div>   <h2 class=\"wp-block-heading\"> <strong>Mashine ya kusukuma mafuta ya maji inafanya kazi vipi?<\/strong><\/h2>    <p>Mashine yetu ya kusukuma mafuta ya maji inatumia njia ya kusukuma ya kiasili, ikisukuma sawasawa mbegu za mafuta kwa shinikizo la juu, kuruhusu mafuta kuyeyuka kwa asili na kukusanywa.<\/p>    <p> Katika hali ya kusukuma baridi, mchakato wa kusukuma hauzalishi joto la ziada, na kuhifadhi virutubisho vya mbegu za mafuta; katika hali ya kusukuma moto, udhibiti sahihi wa joto huongeza ufanisi wa kuchimba mafuta kwa baadhi ya mbegu za mafuta.<\/p>    <figure class=\"wp-block-gallery has-nested-images columns-default is-cropped wp-block-gallery-3 is-layout-flex wp-block-gallery-is-layout-flex\"> <figure class=\"wp-block-image size-large\"><img loading=\"lazy\" decoding=\"async\" width=\"540\" height=\"720\" data-id=\"1256\" src=\"https:\/\/taizynut.com\/wp-content\/uploads\/2026\/01\/hydraulic-oil-extraction-machine.webp\" alt=\"hydraulic oil extraction machine\" class=\"wp-image-1256\" title=\"\" srcset=\"https:\/\/taizynut.com\/wp-content\/uploads\/2026\/01\/hydraulic-oil-extraction-machine.webp 540w, https:\/\/taizynut.com\/wp-content\/uploads\/2026\/01\/hydraulic-oil-extraction-machine-225x300.webp 225w, https:\/\/taizynut.com\/wp-content\/uploads\/2026\/01\/hydraulic-oil-extraction-machine-9x12.webp 9w\" sizes=\"auto, (max-width: 540px) 100vw, 540px\" \/><figcaption class=\"wp-element-caption\">Mashine ya Kuchimba Mafuta ya Maji<\/figcaption><\/figure>    <figure class=\"wp-block-image size-large\"><img loading=\"lazy\" decoding=\"async\" width=\"540\" height=\"720\" data-id=\"1257\" src=\"https:\/\/taizynut.com\/wp-content\/uploads\/2026\/01\/hydraulic-peanut-oil-pressing-machine.webp\" alt=\"hydraulic peanut oil pressing machine\" class=\"wp-image-1257\" title=\"\" srcset=\"https:\/\/taizynut.com\/wp-content\/uploads\/2026\/01\/hydraulic-peanut-oil-pressing-machine.webp 540w, https:\/\/taizynut.com\/wp-content\/uploads\/2026\/01\/hydraulic-peanut-oil-pressing-machine-225x300.webp 225w, https:\/\/taizynut.com\/wp-content\/uploads\/2026\/01\/hydraulic-peanut-oil-pressing-machine-9x12.webp 9w\" sizes=\"auto, (max-width: 540px) 100vw, 540px\" \/><figcaption class=\"wp-element-caption\">Mashine ya Kusukuma Mafuta ya Karanga<\/figcaption><\/figure>    <figure class=\"wp-block-image size-large\"><img loading=\"lazy\" decoding=\"async\" width=\"540\" height=\"720\" data-id=\"1258\" src=\"https:\/\/taizynut.com\/wp-content\/uploads\/2026\/01\/hydraulic-groundnut-oil-extractor-machine.webp\" alt=\"hydraulic groundnut oil extractor machine\" class=\"wp-image-1258\" title=\"\" srcset=\"https:\/\/taizynut.com\/wp-content\/uploads\/2026\/01\/hydraulic-groundnut-oil-extractor-machine.webp 540w, https:\/\/taizynut.com\/wp-content\/uploads\/2026\/01\/hydraulic-groundnut-oil-extractor-machine-225x300.webp 225w, https:\/\/taizynut.com\/wp-content\/uploads\/2026\/01\/hydraulic-groundnut-oil-extractor-machine-9x12.webp 9w\" sizes=\"auto, (max-width: 540px) 100vw, 540px\" \/><figcaption class=\"wp-element-caption\">Mashine ya Kuchimba Mafuta ya Maji ya Groundnut<\/figcaption><\/figure> <\/figure>    <h2 class=\"wp-block-heading\"><strong>Modeli na specifications za mashine ya kuchimba mafuta ya maji<\/strong><\/h2>    <p>Tunatoa modeli mbalimbali za mashine za kusukuma mafuta ya maji zenye uwezo wa uzalishaji hadi 180 kg\/h. Maelezo kamili ni kama ifuatavyo:<\/p>    <figure class=\"wp-block-table\"><table><tbody><tr><td>Mfano<\/td><td>TZ-150<\/td><td>TZ-180<\/td><td>TZ-230<\/td><td>TZ-260<\/td><td>TZ-320<\/td><td>TZ-360<\/td><td>TZ-415<\/td><td>TZ-460<\/td><\/tr><tr><td>Ukubwa wa Ufungaji (mm)<\/td><td>700*800*780<\/td><td>800*900*1050<\/td><td>900*1000*1400<\/td><td>1050*1100*1550<\/td><td>1120*1200*1650<\/td><td>1200*1200*1680<\/td><td>1250*1250*1700<\/td><td>1500*1500*2150<\/td><\/tr><tr><td>Uzito\uff08kg\uff09<\/td><td>240kg<\/td><td>550kg<\/td><td>950Kg<\/td><td>1200Kg<\/td><td>1700Kg<\/td><td>2000kg<\/td><td>2200kg<\/td><td>3000kg<\/td><\/tr><tr><td>Shinikizo la kazi (Mpa)<\/td><td>55-60<\/td><td>55-60<\/td><td>55-60<\/td><td>55-60<\/td><td>55-60<\/td><td>55-60<\/td><td>55-60<\/td><td>55-60<\/td><\/tr><tr><td>Joto la kupasha (\u2103)<\/td><td>70-90<\/td><td>70-90<\/td><td>70-90<\/td><td>70-90<\/td><td>70-90<\/td><td>70-90<\/td><td>70-90<\/td><td>70-90<\/td><\/tr><tr><td>Mavuno ya Mafuta ya Sesame<\/td><td>43%-47%<\/td><td>43%-47%<\/td><td>43%-47%<\/td><td>43%-47%<\/td><td>43%-47%<\/td><td>43%-47%<\/td><td>43%-47%<\/td><td>43%-47%<\/td><\/tr><tr><td>Uwezo wa ndoo (kg)<\/td><td>2<\/td><td>4<\/td><td>8<\/td><td>12<\/td><td>17.5<\/td><td>22.5<\/td><td>30<\/td><td>45<\/td><\/tr><tr><td>Upeo wa keki ya mafuta (mm)<\/td><td>155<\/td><td>192<\/td><td>242<\/td><td>268<\/td><td>323<\/td><td>370<\/td><td>415<\/td><td>460<\/td><\/tr><tr><td>Uwezo (kg\/h)<\/td><td>12<\/td><td>20<\/td><td>40<\/td><td>60<\/td><td>70<\/td><td>90<\/td><td>120<\/td><td>180<\/td><\/tr><tr><td>Nguvu ya injini (kw)<\/td><td>0.75<\/td><td>1.5<\/td><td>1.5<\/td><td>1.5<\/td><td>2.2<\/td><td>2.2<\/td><td>2.2<\/td><td>3<\/td><\/tr><\/tbody><\/table><figcaption class=\"wp-element-caption\">Vigezo vya mashine ya kusukuma mafuta ya maji<\/figcaption><\/figure>    <p>Mavuno ya mafuta hutegemea aina ya malighafi. Hapa chini ni mavuno ya kawaida kwa malighafi za kawaida:<\/p>    <figure class=\"wp-block-table\"><table><tbody><tr><td>Mfano<\/td><td>TZ-150<\/td><td>TZ-180<\/td><td>TZ-230<\/td><td>TZ-260<\/td><td>TZ-320<\/td><td>TZ-360<\/td><td>TZ-415<\/td><td>TZ-460<\/td><\/tr><tr><td>Mavuno ya Mafuta (sesame)<\/td><td>43%-47%<\/td><td>43%-47%<\/td><td>43%-47%<\/td><td>43%-47%<\/td><td>43%-47%<\/td><td>43%-47%<\/td><td>43%-47%<\/td><td>43%-47%<\/td><\/tr><tr><td>Mavuno ya Mafuta (kanda za walnuts)<\/td><td>50%-60%<\/td><td>50%-60%<\/td><td>50%-60%<\/td><td>50%-60%<\/td><td>50%-60%<\/td><td>50%-60%<\/td><td>50%-60%<\/td><td>50%-60%<\/td><\/tr><tr><td>Mavuno ya Mafuta (mbegu za pilipili Sichuan)<\/td><td>18%-22%<\/td><td>18%-22%<\/td><td>18%-22%<\/td><td>18%-22%<\/td><td>18%-22%<\/td><td>18%-22%<\/td><td>18%-22%<\/td><td>18%-22%<\/td><\/tr><tr><td>Mavuno ya Mafuta (mbegu za chai)<\/td><td>25%-29%<\/td><td>18%-22%<\/td><td>18%-22%<\/td><td>18%-22%<\/td><td>18%-22%<\/td><td>18%-22%<\/td><td>18%-22%<\/td><td>18%-22%<\/td><\/tr><\/tbody><\/table><figcaption class=\"wp-element-caption\">Mavuno ya mafuta kwa malighafi za kawaida<\/figcaption><\/figure>    <h2 class=\"wp-block-heading\"><strong>Maswali Yanayoulizwa Mara kwa Mara kuhusu mashine ya kusukuma mafuta ya maji<\/strong><\/h2>   <div id=\"rank-math-faq\" class=\"rank-math-block\"> <div class=\"rank-math-list\"> <div id=\"faq-question-1768532084834\" class=\"rank-math-list-item\"> <h3 class=\"rank-math-question\">Ni aina gani za malighafi zinazofaa zaidi kuchakatwa?<\/h3> <div class=\"rank-math-answer\">  <p>Mbegu za sesame, karanga, germ ya ngano, karanga za walnuts, mbegu za alizeti, zabibu, n.k.<\/p>  <\/div> <\/div> <div id=\"faq-question-1768532128504\" class=\"rank-math-list-item\"> <h3 class=\"rank-math-question\">Je, inaweza kusukumwa kwa baridi?<\/h3> <div class=\"rank-math-answer\">  <p>Ndiyo. Mashine ya kusukuma mafuta ya maji inaunga mkono njia zote mbili za kusukuma baridi na moto.<\/p>  <\/div> <\/div> <div id=\"faq-question-1768532213774\" class=\"rank-math-list-item\"> <h3 class=\"rank-math-question\">Ni watu wangapi wanahitajika kuendesha mashine hii?<\/h3> <div class=\"rank-math-answer\">  <p>Vifaa vinaotumia automatiseringi ya hali ya juu na vinaweza kuendeshwa na mtu mmoja tu.<\/p>  <\/div> <\/div> <div id=\"faq-question-1768532262867\" class=\"rank-math-list-item\"> <h3 class=\"rank-math-question\">Mavuno ya mafuta ya mashine ya kusukuma mafuta ya maji ni yapi?<\/h3> <div class=\"rank-math-answer\">  <p>Mavuno ya mafuta ya mbegu za sesame ni 43%\u201347%, na mavuno maalum yanategemea malighafi.<\/p>  <\/div> <\/div> <div id=\"faq-question-1768532393213\" class=\"rank-math-list-item\"> <h3 class=\"rank-math-question\">Inachukua muda gani kuanzia kupakia malighafi hadi kuzalisha bidhaa kamili?<\/h3> <div class=\"rank-math-answer\">  <p>Kila mzunguko wa kusukuma huchukua takriban dakika 8\u201312.<\/p>  <\/div> <\/div> <\/div> <\/div>   <h2 class=\"wp-block-heading\"><strong>Varf\u00f6r v\u00e4lja Taizy som din leverant\u00f6r?<\/strong><\/h2>    <ul class=\"wp-block-list\"> <li>Mashine yetu ya kusukuma mafuta ya maji inatoa utendaji thabiti, muundo uliofikia umri, na maisha marefu ya huduma, na kuifanya iwe na manufaa kwa matumizi ya muda mrefu.<\/li>    <li>Mbali na mashine ya kuchimba mafuta ya maji, Kampuni ya Taize pia hutoa <a href=\"https:\/\/taizynut.com\/sw\/product\/screw-peanut-oil-press-machine\/\">Mashine ya kusukuma mafuta ya screw<\/a> kukidhi mahitaji tofauti ya malighafi na uwezo wa uzalishaji.<\/li>    <li>Mashine ya kusukuma mafuta ya Taizy imesafirishwa kwa nchi na mikoa mingi, na tunajua kuhusu voltage, ufungaji, na mahitaji ya nyaraka za kiufundi za masoko tofauti.<\/li>    <li>We can provide targeted model recommendations and configuration adjustments based on the customer&#8217;s processing materials and site conditions, and offer operational guidance and after-sales support to help customers successfully start production.<\/li> <\/ul>   <div class=\"wp-block-image\"> <figure class=\"aligncenter size-full\"><img loading=\"lazy\" decoding=\"async\" width=\"720\" height=\"540\" src=\"https:\/\/taizynut.com\/wp-content\/uploads\/2026\/01\/oil-expeller-machine.webp\" alt=\"Mashine ya kusukuma mafuta\" class=\"wp-image-1263\" title=\"\" srcset=\"https:\/\/taizynut.com\/wp-content\/uploads\/2026\/01\/oil-expeller-machine.webp 720w, https:\/\/taizynut.com\/wp-content\/uploads\/2026\/01\/oil-expeller-machine-300x225.webp 300w, https:\/\/taizynut.com\/wp-content\/uploads\/2026\/01\/oil-expeller-machine-16x12.webp 16w\" sizes=\"auto, (max-width: 720px) 100vw, 720px\" \/><figcaption class=\"wp-element-caption\">Mashine ya kusukuma mafuta<\/figcaption><\/figure> <\/div>   <h2 class=\"wp-block-heading\"><strong>Kesi ya uagizaji wa mashine ya kuchimba mafuta ya maji ya Taizy<\/strong><\/h2>    <p class=\"translation-block\"><strong>TZ-415 mashine ya kusukuma mafuta ya maji iliyosafirishwa Oman<\/strong><\/p>    <p>Mashine yetu ya kuchimba mafuta ya maji hivi karibuni imefanikiwa kusafirishwa Oman. Mteja ni kiwanda kidogo cha mafuta kinachoshughulikia usindikaji wa mafuta ya sesame. Mashine ya kusukuma mafuta iko kazini kwa sasa.<\/p>    <p>Mteja aliripoti kuwa, ikilinganishwa na vifaa vyake vya awali, kifaa cha kuchimba mafuta ya maji kinaonyesha maboresho makubwa katika mavuno ya mafuta, urahisi wa operesheni, na ubora wa mafuta yaliyomalizika.<\/p>    <figure class=\"wp-block-gallery has-nested-images columns-default is-cropped wp-block-gallery-4 is-layout-flex wp-block-gallery-is-layout-flex\"> <figure class=\"wp-block-image size-large\"><img loading=\"lazy\" decoding=\"async\" width=\"540\" height=\"720\" data-id=\"1260\" src=\"https:\/\/taizynut.com\/wp-content\/uploads\/2026\/01\/hydraulic-oil-extractor.webp\" alt=\"hydraulic oil extractor\" class=\"wp-image-1260\" title=\"\" srcset=\"https:\/\/taizynut.com\/wp-content\/uploads\/2026\/01\/hydraulic-oil-extractor.webp 540w, https:\/\/taizynut.com\/wp-content\/uploads\/2026\/01\/hydraulic-oil-extractor-225x300.webp 225w, https:\/\/taizynut.com\/wp-content\/uploads\/2026\/01\/hydraulic-oil-extractor-9x12.webp 9w\" sizes=\"auto, (max-width: 540px) 100vw, 540px\" \/><figcaption class=\"wp-element-caption\">Kifaa cha Kusukuma Mafuta ya Maji<\/figcaption><\/figure>    <figure class=\"wp-block-image size-large\"><img loading=\"lazy\" decoding=\"async\" width=\"540\" height=\"720\" data-id=\"1259\" src=\"https:\/\/taizynut.com\/wp-content\/uploads\/2026\/01\/hydraulic-oil-extractor-machine.webp\" alt=\"hydraulic oil extractor machine\" class=\"wp-image-1259\" title=\"\" srcset=\"https:\/\/taizynut.com\/wp-content\/uploads\/2026\/01\/hydraulic-oil-extractor-machine.webp 540w, https:\/\/taizynut.com\/wp-content\/uploads\/2026\/01\/hydraulic-oil-extractor-machine-225x300.webp 225w, https:\/\/taizynut.com\/wp-content\/uploads\/2026\/01\/hydraulic-oil-extractor-machine-9x12.webp 9w\" sizes=\"auto, (max-width: 540px) 100vw, 540px\" \/><figcaption class=\"wp-element-caption\">Mashine ya Kuzalisha Mafuta ya Maji<\/figcaption><\/figure>    <figure class=\"wp-block-image size-large\"><img loading=\"lazy\" decoding=\"async\" width=\"540\" height=\"720\" data-id=\"1261\" src=\"https:\/\/taizynut.com\/wp-content\/uploads\/2026\/01\/hydraulic-oil-press-machine-package.webp\" alt=\"hydraulic oil press machine package\" class=\"wp-image-1261\" title=\"\" srcset=\"https:\/\/taizynut.com\/wp-content\/uploads\/2026\/01\/hydraulic-oil-press-machine-package.webp 540w, https:\/\/taizynut.com\/wp-content\/uploads\/2026\/01\/hydraulic-oil-press-machine-package-225x300.webp 225w, https:\/\/taizynut.com\/wp-content\/uploads\/2026\/01\/hydraulic-oil-press-machine-package-9x12.webp 9w\" sizes=\"auto, (max-width: 540px) 100vw, 540px\" \/><figcaption class=\"wp-element-caption\">Kifurushi cha Mashine ya Kusukuma Mafuta ya Maji<\/figcaption><\/figure> <\/figure>    <h2 class=\"wp-block-heading\"><strong>Kontakta oss omedelbart!<\/strong><\/h2>    <p>Ikiwa unapanga kujenga au kuboresha mradi wa kuchimba mafuta, tafadhali wasiliana nasi kwa hiari. Tutapendekeza modeli zinazofaa za vifaa, kutoa maelezo ya kina, bei, na suluhisho za uagizaji ili kukusaidia kufanya uzalishaji wa mafuta kwa ufanisi zaidi.<\/p>","protected":false},"excerpt":{"rendered":"<p>This article introduces the hydraulic oil press machine, including its functions, output, and applications. Taizy hydraulic oil presses have an output of 12-180 kg\/h. It is suitable for various oilseeds such as peanuts, sesame seeds, soybeans, sunflower seeds, and olives.<\/p>","protected":false},"author":1,"featured_media":1264,"parent":0,"template":"","tags":[61,45],"product-type":[16],"class_list":["post-1251","product","type-product","status-publish","has-post-thumbnail","hentry","tag-nut","tag-peanut","product-type-peanut-oil-press"],"_links":{"self":[{"href":"https:\/\/taizynut.com\/sw\/wp-json\/wp\/v2\/product\/1251","targetHints":{"allow":["GET"]}}],"collection":[{"href":"https:\/\/taizynut.com\/sw\/wp-json\/wp\/v2\/product"}],"about":[{"href":"https:\/\/taizynut.com\/sw\/wp-json\/wp\/v2\/types\/product"}],"author":[{"embeddable":true,"href":"https:\/\/taizynut.com\/sw\/wp-json\/wp\/v2\/users\/1"}],"wp:featuredmedia":[{"embeddable":true,"href":"https:\/\/taizynut.com\/sw\/wp-json\/wp\/v2\/media\/1264"}],"wp:attachment":[{"href":"https:\/\/taizynut.com\/sw\/wp-json\/wp\/v2\/media?parent=1251"}],"wp:term":[{"taxonomy":"post_tag","embeddable":true,"href":"https:\/\/taizynut.com\/sw\/wp-json\/wp\/v2\/tags?post=1251"},{"taxonomy":"product-type","embeddable":true,"href":"https:\/\/taizynut.com\/sw\/wp-json\/wp\/v2\/product-type?post=1251"}],"curies":[{"name":"wp","href":"https:\/\/api.w.org\/{rel}","templated":true}]}}