{"id":1273,"date":"2026-01-19T14:23:03","date_gmt":"2026-01-19T06:23:03","guid":{"rendered":"https:\/\/taizynut.com\/?post_type=product&#038;p=1273"},"modified":"2026-01-19T16:23:46","modified_gmt":"2026-01-19T08:23:46","slug":"peanut-strip-cutting-machine","status":"publish","type":"product","link":"https:\/\/taizynut.com\/sw\/product\/peanut-strip-cutting-machine\/","title":{"rendered":"Mashine ya kukata vipande vya karanga"},"content":{"rendered":"<p class=\"translation-block\">Taizy <strong> mashine ya kukata vipande vya karanga <\/strong> ni vifaa maalum vya usindikaji kwa ajili ya kutengeneza vipande vya karanga. Inaweza kukata karanga, pistachios, alizeti, hazelnuts, na karanga nyingine kuwa vipande. Mashine yetu ina muundo wa busara na uendeshaji thabiti, na ufanisi wa kukata unaweza kufikia kilo 100\/h. Ikiwa unahitaji mashine hii, tafadhali wasiliana nasi kwa uhuru!<\/p>    <figure class=\"wp-block-embed is-type-video is-provider-youtube wp-block-embed-youtube wp-embed-aspect-16-9 wp-has-aspect-ratio\"><div class=\"wp-block-embed__wrapper\"> <iframe loading=\"lazy\" title=\"Mashine ya kukata nyuzi za karanga yenye ufanisi mkubwa | Mchakato wa kazi wa mashine ya kukata karanga#karanga\" width=\"500\" height=\"281\" src=\"https:\/\/www.youtube.com\/embed\/APCo48IVOkU?feature=oembed\" frameborder=\"0\" allow=\"accelerometer; autoplay; clipboard-write; encrypted-media; gyroscope; picture-in-picture; web-share\" referrerpolicy=\"strict-origin-when-cross-origin\" allowfullscreen><\/iframe> <\/div><figcaption class=\"wp-element-caption\">Video ya kazi ya mashine ya kukata nyuzi za karanga<\/figcaption><\/figure>    <h2 class=\"wp-block-heading\"><strong>Manufaa ya mashine ya kukata karanga<\/strong><\/h2>    <p>Mashine ya kukata mstari wa karanga ya Taizy inatoa faida kubwa za vitendo katika usindikaji wa vipande vya karanga, ikikidhi mahitaji ya kampuni za usindikaji chakula kwa ufanisi, utulivu, na utengenezaji wa bidhaa:<\/p>    <ul class=\"wp-block-list\"> <li><strong>Kukata kwa usawa na utendaji wa bidhaa wa hali ya juu<\/strong> <ul class=\"wp-block-list\"> <li>Kupitia ufyonzaji wa mpangilio na muundo thabiti wa kukata, vipande vilivyokatwa ni vya ukubwa sawa, jambo ambalo ni muhimu kwa mchakato wa kuoka, kuweka viungo, na kufunga bidhaa zinazofuata.<\/li> <\/ul> <\/li>    <li><strong>Kiwango cha chini cha kuvunjika na matumizi makubwa ya malighafi<\/strong> <ul class=\"wp-block-list\"> <li>Njia ya kuingiza na muundo wa blade unaoeleweka huongeza kiwango cha kupasua na kuvunjika, kusaidia kuboresha mavuno na kupunguza hasara ya malighafi.<\/li> <\/ul> <\/li>    <li><strong>Inayoweza kubadilika kwa malighafi mbalimbali za karanga<\/strong> <ul class=\"wp-block-list\"> <li>Mashine yetu ya kukata karanga siyo tu kwa karanga bali pia inaweza kusindika malighafi mbalimbali za karanga zenye umbo na ugumu unaofanana, ikitoa matumizi ya kubadilika.<\/li> <\/ul> <\/li>    <li><strong>Uendeshaji thabiti, unaofaa kwa uzalishaji wa mfululizo<\/strong> <ul class=\"wp-block-list\"> <li>Mashine ya kukata karanga ina muundo uliojaa, na mifumo ya kuingiza na kukata hufanya kazi kwa ustawi, ikifanya iwe rahisi kwa matumizi ya muda mrefu wa mfululizo.<\/li> <\/ul> <\/li>    <li><strong>Uendeshaji na matengenezo rahisi<\/strong> <ul class=\"wp-block-list\"> <li>Mashine ya kukata karanga ya Taizy ina muundo wazi, kufanya usafi wa kila siku na matengenezo kuwa rahisi, hivyo kupunguza gharama za uendeshaji na usimamizi.<\/li> <\/ul> <\/li> <\/ul>   <div class=\"wp-block-image\"> <figure class=\"aligncenter size-full\"><img loading=\"lazy\" decoding=\"async\" width=\"720\" height=\"540\" src=\"https:\/\/taizynut.com\/wp-content\/uploads\/2026\/01\/peanut-cutter-machine.webp\" alt=\"Mashine ya kukata karanga\" class=\"wp-image-1277\" title=\"\" srcset=\"https:\/\/taizynut.com\/wp-content\/uploads\/2026\/01\/peanut-cutter-machine.webp 720w, https:\/\/taizynut.com\/wp-content\/uploads\/2026\/01\/peanut-cutter-machine-300x225.webp 300w, https:\/\/taizynut.com\/wp-content\/uploads\/2026\/01\/peanut-cutter-machine-16x12.webp 16w\" sizes=\"auto, (max-width: 720px) 100vw, 720px\" \/><figcaption class=\"wp-element-caption\">Mashine ya kukata karanga<\/figcaption><\/figure> <\/div>   <h2 class=\"wp-block-heading\"><strong>Matumizi ya mashine ya kukata mstari wa karanga<\/strong><\/h2>    <p>Mashine ya kukata karanga inatumiwa hasa kwa kukata na kuandaa malighafi za karanga. Inafaa si tu kwa usindikaji wa karanga bali pia kwa alizeti, karanga za mawe, na karanga nyingine. Sekta zinazotumika ni:<\/p>    <ul class=\"wp-block-list\"> <li>Sekta ya usindikaji wa karanga<\/li>    <li>Viwanda vya vyakula vya vitafunwa na usindikaji wa karanga<\/li>    <li>Uchambuzi wa awali wa malighafi kwa tasnia ya kuoka<\/li>    <li>Usindikaji wa viungo vya vyakula vya sukari, chokoleti, na vyakula vya nishati<\/li>    <li>Viwanda vya viungo vya vyakula na jikoni kuu<\/li> <\/ul>    <figure class=\"wp-block-gallery has-nested-images columns-default is-cropped wp-block-gallery-2 is-layout-flex wp-block-gallery-is-layout-flex\"> <figure class=\"wp-block-image size-large\"><img loading=\"lazy\" decoding=\"async\" width=\"474\" height=\"355\" data-id=\"1280\" src=\"https:\/\/taizynut.com\/wp-content\/uploads\/2026\/01\/peanut-kernel.webp\" alt=\"punje ya karanga\" class=\"wp-image-1280\" title=\"\" srcset=\"https:\/\/taizynut.com\/wp-content\/uploads\/2026\/01\/peanut-kernel.webp 474w, https:\/\/taizynut.com\/wp-content\/uploads\/2026\/01\/peanut-kernel-300x225.webp 300w, https:\/\/taizynut.com\/wp-content\/uploads\/2026\/01\/peanut-kernel-16x12.webp 16w\" sizes=\"auto, (max-width: 474px) 100vw, 474px\" \/><figcaption class=\"wp-element-caption\">Kernel ya Karanga<\/figcaption><\/figure>    <figure class=\"wp-block-image size-large\"><img loading=\"lazy\" decoding=\"async\" width=\"720\" height=\"540\" data-id=\"1278\" src=\"https:\/\/taizynut.com\/wp-content\/uploads\/2026\/01\/peanut-strip-cutting-machine.webp\" alt=\"Mashine ya kukata nyuzi za karanga\" class=\"wp-image-1278\" title=\"\" srcset=\"https:\/\/taizynut.com\/wp-content\/uploads\/2026\/01\/peanut-strip-cutting-machine.webp 720w, https:\/\/taizynut.com\/wp-content\/uploads\/2026\/01\/peanut-strip-cutting-machine-300x225.webp 300w, https:\/\/taizynut.com\/wp-content\/uploads\/2026\/01\/peanut-strip-cutting-machine-16x12.webp 16w\" sizes=\"auto, (max-width: 720px) 100vw, 720px\" \/><figcaption class=\"wp-element-caption\">Mashine ya Kukata Mstari wa Karanga<\/figcaption><\/figure>    <figure class=\"wp-block-image size-large\"><img loading=\"lazy\" decoding=\"async\" width=\"720\" height=\"540\" data-id=\"1279\" src=\"https:\/\/taizynut.com\/wp-content\/uploads\/2026\/01\/peanut-strips.webp\" alt=\"Nyuzi za karanga\" class=\"wp-image-1279\" title=\"\" srcset=\"https:\/\/taizynut.com\/wp-content\/uploads\/2026\/01\/peanut-strips.webp 720w, https:\/\/taizynut.com\/wp-content\/uploads\/2026\/01\/peanut-strips-300x225.webp 300w, https:\/\/taizynut.com\/wp-content\/uploads\/2026\/01\/peanut-strips-16x12.webp 16w\" sizes=\"auto, (max-width: 720px) 100vw, 720px\" \/><figcaption class=\"wp-element-caption\">Vipande vya karanga<\/figcaption><\/figure> <\/figure>    <h2 class=\"wp-block-heading\"><strong>Muundo mkuu wa mashine ya kukata karanga<\/strong><\/h2>    <p>Mashine yetu ya kukata mstari wa karanga inaundwa kwa msingi wa hopper, kifaa cha kuingiza kwa kelele, blade ya kukata, na gurudumu la kukata. Mashine ina muundo mfupi na wa busara, inachukua nafasi ndogo, na ni rahisi kuitumia.<\/p>    <h2 class=\"wp-block-heading\"><strong>Kanuni ya kazi ya mashine ya kukata karanga<\/strong><\/h2>    <p>Mashine ya kukata mstari wa karanga hutumia njia ya kuingiza na kukata kwa mfululizo. Baada ya nusu za karanga kuingizwa kwenye mfumo, huzalishwa na mkanda wa kusafirisha hadi eneo la kukata, ambapo blade za kukata huchakata karanga kuunda vipande vya karanga vya ukubwa sawa.<\/p>    <figure class=\"wp-block-gallery has-nested-images columns-default is-cropped wp-block-gallery-3 is-layout-flex wp-block-gallery-is-layout-flex\"> <figure class=\"wp-block-image size-large\"><img loading=\"lazy\" decoding=\"async\" width=\"540\" height=\"720\" data-id=\"1281\" src=\"https:\/\/taizynut.com\/wp-content\/uploads\/2026\/01\/peanut-cutter.webp\" alt=\"Mashine ya kukata karanga\" class=\"wp-image-1281\" title=\"\" srcset=\"https:\/\/taizynut.com\/wp-content\/uploads\/2026\/01\/peanut-cutter.webp 540w, https:\/\/taizynut.com\/wp-content\/uploads\/2026\/01\/peanut-cutter-225x300.webp 225w, https:\/\/taizynut.com\/wp-content\/uploads\/2026\/01\/peanut-cutter-9x12.webp 9w\" sizes=\"auto, (max-width: 540px) 100vw, 540px\" \/><figcaption class=\"wp-element-caption\">Kata Karanga<\/figcaption><\/figure>    <figure class=\"wp-block-image size-large\"><img loading=\"lazy\" decoding=\"async\" width=\"540\" height=\"720\" data-id=\"1282\" src=\"https:\/\/taizynut.com\/wp-content\/uploads\/2026\/01\/peanut-cutting-machine.webp\" alt=\"mashine ya kukata karanga\" class=\"wp-image-1282\" title=\"\" srcset=\"https:\/\/taizynut.com\/wp-content\/uploads\/2026\/01\/peanut-cutting-machine.webp 540w, https:\/\/taizynut.com\/wp-content\/uploads\/2026\/01\/peanut-cutting-machine-225x300.webp 225w, https:\/\/taizynut.com\/wp-content\/uploads\/2026\/01\/peanut-cutting-machine-9x12.webp 9w\" sizes=\"auto, (max-width: 540px) 100vw, 540px\" \/><figcaption class=\"wp-element-caption\">M\u00e1quina cortadora de man\u00ed<\/figcaption><\/figure> <\/figure>    <h2 class=\"wp-block-heading\"><strong>Vigezo vya mashine ya kukata mstari wa karanga<\/strong><\/h2>    <p>Baada ya kufafanua muundo na kanuni ya kazi ya vifaa vya kukata karanga, vigezo vikuu vya kiufundi vya mashine ya kukata karanga vimeorodheshwa hapa chini:<\/p>    <figure class=\"wp-block-table\"><table class=\"has-fixed-layout\"><tbody><tr><td>Mfano<\/td><td>TZ-100<\/td><\/tr><tr><td>Uwezo<\/td><td>100kg\/h<\/td><\/tr><tr><td>Nguvu<\/td><td>1kw<\/td><\/tr><tr><td>Uzito wa mashine<\/td><td>200kg<\/td><\/tr><tr><td>Ukubwa wa mashine<\/td><td>1300*750*1400mm<\/td><\/tr><\/tbody><\/table><figcaption class=\"wp-element-caption\">Vipimo vya mashine ya kukata mstari wa karanga<\/figcaption><\/figure>    <h2 class=\"wp-block-heading\"><strong>Tahadhari za uendeshaji na matumizi<\/strong><\/h2>    <p>Ili kuhakikisha matokeo bora ya kukata na uendeshaji wa muda mrefu wa mashine ya kukata mstari wa karanga, tafadhali zingatia yafuatayo:<\/p>    <ol class=\"wp-block-list\"> <li>Kabla ya kuanza, hakikisha sehemu za usafirishaji na za kuunganisha zimefungwa kwa usalama.<\/li>    <li>Hakikisha nyaya za umeme ni salama na hazina miale ya umeme.<\/li>    <li>Mfuatano wa kuanza: anza blade ya kukata kwanza, kisha mfumo wa kuingiza.<\/li>    <li>Karanga lazima zipasuliwe katikati kabla ya kukata.<\/li>    <li>Inapendekezwa kudhibiti unyevu wa malighafi kuwa karibu 15% ili kupunguza kuvunjika.<\/li>    <li>Panga karanga kabla ya kukata ili kuzuia vitu vya kigeni kuingia kwenye vifaa.<\/li>    <li>Safisha mara kwa mara mfumo wa kuingiza na sehemu za blade za kukata ili kuhakikisha ubora wa kukata unaoendelea.<\/li> <\/ol>   <div class=\"wp-block-image\"> <figure class=\"aligncenter size-full\"><img loading=\"lazy\" decoding=\"async\" width=\"720\" height=\"540\" src=\"https:\/\/taizynut.com\/wp-content\/uploads\/2026\/01\/peanut-strip-cutter-machine.webp\" alt=\"Mashine ya kukata vipande vya karanga\" class=\"wp-image-1283\" title=\"\" srcset=\"https:\/\/taizynut.com\/wp-content\/uploads\/2026\/01\/peanut-strip-cutter-machine.webp 720w, https:\/\/taizynut.com\/wp-content\/uploads\/2026\/01\/peanut-strip-cutter-machine-300x225.webp 300w, https:\/\/taizynut.com\/wp-content\/uploads\/2026\/01\/peanut-strip-cutter-machine-16x12.webp 16w\" sizes=\"auto, (max-width: 720px) 100vw, 720px\" \/><figcaption class=\"wp-element-caption\">Mashine ya kukata vipande vya karanga<\/figcaption><\/figure> <\/div>   <h2 class=\"wp-block-heading\"><strong>Mashine nyingine ya kukata karanga<\/strong><\/h2>    <p>Mbali na mashine ya kukata mstari wa karanga, pia tunatoa mashine ya kukata karanga, mashine ya kukata vipande vya karanga, na mashine ya kusaga unga wa karanga.<\/p>    <div class=\"wp-block-columns is-layout-flex wp-container-core-columns-is-layout-9d6595d7 wp-block-columns-is-layout-flex\"> <div class=\"wp-block-column is-layout-flow wp-block-column-is-layout-flow\"> <blockquote class=\"wp-block-quote is-layout-flow wp-block-quote-is-layout-flow\"> <p><strong><a href=\"https:\/\/taizynut.com\/sw\/product\/peanut-kernel-cutting-machine\/\">Mashine ya kukata karanga<\/a><\/strong><\/p>    <p>Mashine hii imeundwa kukata karanga kama karanga za mawe, hazelnuts, na alizeti kuwa vipande vidogo.<\/p>    <figure class=\"wp-block-image size-full\"><img loading=\"lazy\" decoding=\"async\" width=\"720\" height=\"540\" src=\"https:\/\/taizynut.com\/wp-content\/uploads\/2026\/01\/peanut-chopping-machine.webp\" alt=\"Mashine ya kukata karanga\" class=\"wp-image-1274\" title=\"\" srcset=\"https:\/\/taizynut.com\/wp-content\/uploads\/2026\/01\/peanut-chopping-machine.webp 720w, https:\/\/taizynut.com\/wp-content\/uploads\/2026\/01\/peanut-chopping-machine-300x225.webp 300w, https:\/\/taizynut.com\/wp-content\/uploads\/2026\/01\/peanut-chopping-machine-16x12.webp 16w\" sizes=\"auto, (max-width: 720px) 100vw, 720px\" \/><figcaption class=\"wp-element-caption\">Mashine ya Kukata Karanga za Karanga<\/figcaption><\/figure> <\/blockquote> <\/div>    <div class=\"wp-block-column is-layout-flow wp-block-column-is-layout-flow\"> <blockquote class=\"wp-block-quote is-layout-flow wp-block-quote-is-layout-flow\"> <p><strong><a href=\"https:\/\/taizynut.com\/sw\/product\/peanut-slicing-machine\/\">Mashine ya kukatia karanga<\/a><\/strong><\/p>    <p>Kazi kuu ya mashine hii ya kukata karanga ni kukata karanga kuwa vipande nyembamba kwa haraka.<\/p>    <figure class=\"wp-block-image size-full\"><img loading=\"lazy\" decoding=\"async\" width=\"720\" height=\"540\" src=\"https:\/\/taizynut.com\/wp-content\/uploads\/2026\/01\/peanut-slicing-machine.webp\" alt=\"Mashine ya kukata karanga\" class=\"wp-image-1275\" title=\"\" srcset=\"https:\/\/taizynut.com\/wp-content\/uploads\/2026\/01\/peanut-slicing-machine.webp 720w, https:\/\/taizynut.com\/wp-content\/uploads\/2026\/01\/peanut-slicing-machine-300x225.webp 300w, https:\/\/taizynut.com\/wp-content\/uploads\/2026\/01\/peanut-slicing-machine-16x12.webp 16w\" sizes=\"auto, (max-width: 720px) 100vw, 720px\" \/><figcaption class=\"wp-element-caption\">Mashine ya Kukata Karanga<\/figcaption><\/figure> <\/blockquote> <\/div>    <div class=\"wp-block-column is-layout-flow wp-block-column-is-layout-flow\"> <blockquote class=\"wp-block-quote is-layout-flow wp-block-quote-is-layout-flow\"> <p><strong><a href=\"https:\/\/taizynut.com\/sw\/product\/peanut-powder-making-machine\/\">Mashine ya kusaga unga wa karanga<\/a><\/strong><\/p>    <p>Mashine ya kusaga unga wa karanga inaweza kusaga karanga, alizeti, hazelnuts, na karanga za mawe kuwa unga.<\/p>    <figure class=\"wp-block-image size-full\"><img loading=\"lazy\" decoding=\"async\" width=\"720\" height=\"540\" src=\"https:\/\/taizynut.com\/wp-content\/uploads\/2025\/10\/\u753b\u677f-2-tuya_\u7ed3\u679c.webp\" alt=\"jordn\u00f6tspulver Tillverkare\" class=\"wp-image-1033\" title=\"\" srcset=\"https:\/\/taizynut.com\/wp-content\/uploads\/2025\/10\/\u753b\u677f-2-tuya_\u7ed3\u679c.webp 720w, https:\/\/taizynut.com\/wp-content\/uploads\/2025\/10\/\u753b\u677f-2-tuya_\u7ed3\u679c-300x225.webp 300w, https:\/\/taizynut.com\/wp-content\/uploads\/2025\/10\/\u753b\u677f-2-tuya_\u7ed3\u679c-16x12.webp 16w\" sizes=\"auto, (max-width: 720px) 100vw, 720px\" \/><figcaption class=\"wp-element-caption\">Mashine Ya Kutengeneza Unga Wa Karanga<\/figcaption><\/figure> <\/blockquote> <\/div> <\/div>    <h2 class=\"wp-block-heading\"><strong>\u00a1Cont\u00e1ctanos para m\u00e1s informaci\u00f3n!<\/strong><\/h2>    <p>Ikiwa unapanga au kuboresha mradi wa kukata na kusindika karanga na ungependa kujua zaidi kuhusu chaguzi za usanidi na suluhisho zinazofaa kwa mashine ya kukata mstari wa karanga, tafadhali wasiliana nasi. Tutakupatia mapendekezo ya vifaa bora na taarifa za kiufundi ili kukusaidia kusindika karanga kwa ufanisi zaidi.<\/p>","protected":false},"excerpt":{"rendered":"<p>Taizy strip peanut cutting machine can cut nuts such as peanuts, cashews, and almonds into strips, with a cutting speed of up to 100 kg\/hour. This article introduces the advantages, structure, and parameters of this equipment.<\/p>","protected":false},"author":1,"featured_media":1284,"parent":0,"template":"","tags":[68,61,45],"product-type":[27],"class_list":["post-1273","product","type-product","status-publish","has-post-thumbnail","hentry","tag-almond","tag-nut","tag-peanut","product-type-peanut-kernel-processing"],"_links":{"self":[{"href":"https:\/\/taizynut.com\/sw\/wp-json\/wp\/v2\/product\/1273","targetHints":{"allow":["GET"]}}],"collection":[{"href":"https:\/\/taizynut.com\/sw\/wp-json\/wp\/v2\/product"}],"about":[{"href":"https:\/\/taizynut.com\/sw\/wp-json\/wp\/v2\/types\/product"}],"author":[{"embeddable":true,"href":"https:\/\/taizynut.com\/sw\/wp-json\/wp\/v2\/users\/1"}],"wp:featuredmedia":[{"embeddable":true,"href":"https:\/\/taizynut.com\/sw\/wp-json\/wp\/v2\/media\/1284"}],"wp:attachment":[{"href":"https:\/\/taizynut.com\/sw\/wp-json\/wp\/v2\/media?parent=1273"}],"wp:term":[{"taxonomy":"post_tag","embeddable":true,"href":"https:\/\/taizynut.com\/sw\/wp-json\/wp\/v2\/tags?post=1273"},{"taxonomy":"product-type","embeddable":true,"href":"https:\/\/taizynut.com\/sw\/wp-json\/wp\/v2\/product-type?post=1273"}],"curies":[{"name":"wp","href":"https:\/\/api.w.org\/{rel}","templated":true}]}}