{"id":1299,"date":"2026-01-21T16:04:00","date_gmt":"2026-01-21T08:04:00","guid":{"rendered":"https:\/\/taizynut.com\/?post_type=product&#038;p=1299"},"modified":"2026-01-21T17:01:18","modified_gmt":"2026-01-21T09:01:18","slug":"almond-shell-and-kernel-separator","status":"publish","type":"product","link":"https:\/\/taizynut.com\/sw\/product\/almond-shell-and-kernel-separator\/","title":{"rendered":"Mashine ya kutenganisha maganda na mbegu za almond"},"content":{"rendered":"<p class=\"translation-block\">Taizy <strong> mashine ya kutenganisha maganda na mbegu za almond <\/strong> ni kifaa maalum kinachotumika kwa ufanisi kutenganisha mbegu za almond kutoka kwa mchanganyiko wa maganda na mbegu zilizovunjika. Mashine hii inafaa kwa almonds, karanga, pistachios, hazelnuts, macadamia, na karanga nyingine zinazofanana.<\/p>    <p>Mashine yetu ya kutenganisha maganda na mbegu za almond imetengenezwa kwa chuma cha kaboni. Ina rahisi kuendesha, huduma ya maisha marefu, na ufanisi wa juu, ikiwa na uwezo wa uzalishaji wa kg 400\/h, ikikidhi mahitaji ya uzalishaji wa kuendelea katika viwanda vidogo na vya kati.<\/p>    <figure class=\"wp-block-embed is-type-video is-provider-youtube wp-block-embed-youtube wp-embed-aspect-16-9 wp-has-aspect-ratio\"><div class=\"wp-block-embed__wrapper\"> <iframe loading=\"lazy\" title=\"Mashine ya kutenganisha maganda na kernel za mlozi ikifanya kazi: Kutenganisha kwa ufanisi kernel za mlozi kutoka kwa maganda\" width=\"500\" height=\"281\" src=\"https:\/\/www.youtube.com\/embed\/3V1TJk1Y0VA?feature=oembed\" frameborder=\"0\" allow=\"accelerometer; autoplay; clipboard-write; encrypted-media; gyroscope; picture-in-picture; web-share\" referrerpolicy=\"strict-origin-when-cross-origin\" allowfullscreen><\/iframe> <\/div><figcaption class=\"wp-element-caption\">Video ya kazi ya mashine ya kutenganisha maganda na kernel za mlozi<\/figcaption><\/figure>    <h2 class=\"wp-block-heading\"><strong>Manufaa ya mashine ya kutenganisha maganda na mbegu za almond<\/strong><\/h2>    <ol class=\"wp-block-list\"> <li><strong>Uendeshaji rahisi<\/strong>: Mashine yetu ya kutenganisha mbegu na maganda za almond inahitaji mtu mmoja tu kuendesha, ikihifadhi muda na juhudi.<\/li>    <li><strong>Ufanisi wa uzalishaji wa juu<\/strong>: Mashine ya kutenganisha mbegu na maganda za apricot ya Taizy ina uwezo wa hadi kg 400\/h.<\/li>    <li><strong>Kiwango cha kutenganisha cha juu<\/strong>: Inaweza kutenganisha haraka na kwa usafi mbegu za apricot kutoka kwa maganda, kufikia kiwango cha kutenganisha hadi 90%.<\/li>    <li><strong>Huduma ya maisha marefu<\/strong>: Mashine yetu ya kutenganisha mbegu na maganda za apricot imetengenezwa kwa chuma cha kaboni kinachostahimili kuvaa, kuhakikisha huduma ya maisha marefu.<\/li> <\/ol>    <figure class=\"wp-block-gallery has-nested-images columns-default is-cropped wp-block-gallery-2 is-layout-flex wp-block-gallery-is-layout-flex\"> <figure class=\"wp-block-image size-large\"><img loading=\"lazy\" decoding=\"async\" width=\"720\" height=\"540\" data-id=\"1303\" src=\"https:\/\/taizynut.com\/wp-content\/uploads\/2026\/01\/almond-shell-and-kernel-separator-machine.webp\" alt=\"Mashine ya kutenganisha maganda na kernel za mlozi\" class=\"wp-image-1303\" title=\"\" srcset=\"https:\/\/taizynut.com\/wp-content\/uploads\/2026\/01\/almond-shell-and-kernel-separator-machine.webp 720w, https:\/\/taizynut.com\/wp-content\/uploads\/2026\/01\/almond-shell-and-kernel-separator-machine-300x225.webp 300w, https:\/\/taizynut.com\/wp-content\/uploads\/2026\/01\/almond-shell-and-kernel-separator-machine-16x12.webp 16w\" sizes=\"auto, (max-width: 720px) 100vw, 720px\" \/><figcaption class=\"wp-element-caption\">Mashine ya kutenganisha maganda na mbegu za almond<\/figcaption><\/figure>    <figure class=\"wp-block-image size-large\"><img loading=\"lazy\" decoding=\"async\" width=\"1024\" height=\"683\" data-id=\"1300\" src=\"https:\/\/taizynut.com\/wp-content\/uploads\/2026\/01\/almond-shell-kernel-separating-equipment-1024x683.webp\" alt=\"Mashine ya kutenganisha maganda na mbegu za almond kwa apricot, karanga\" class=\"wp-image-1300\" title=\"\" srcset=\"https:\/\/taizynut.com\/wp-content\/uploads\/2026\/01\/almond-shell-kernel-separating-equipment-1024x683.webp 1024w, https:\/\/taizynut.com\/wp-content\/uploads\/2026\/01\/almond-shell-kernel-separating-equipment-300x200.webp 300w, https:\/\/taizynut.com\/wp-content\/uploads\/2026\/01\/almond-shell-kernel-separating-equipment-768x513.webp 768w, https:\/\/taizynut.com\/wp-content\/uploads\/2026\/01\/almond-shell-kernel-separating-equipment-18x12.webp 18w, https:\/\/taizynut.com\/wp-content\/uploads\/2026\/01\/almond-shell-kernel-separating-equipment-1536x1025.webp 1536w, https:\/\/taizynut.com\/wp-content\/uploads\/2026\/01\/almond-shell-kernel-separating-equipment-2048x1367.webp 2048w\" sizes=\"auto, (max-width: 1024px) 100vw, 1024px\" \/><figcaption class=\"wp-element-caption\">Almond Shell &Amp; Kernel Separating Equipment<\/figcaption><\/figure> <\/figure>    <h2 class=\"wp-block-heading\"><strong>Matumizi ya kutenganisha maganda na mbegu za apricot<\/strong><\/h2>    <p>Mashine yetu ya kutenganisha maganda na mbegu za almond ina matumizi mengi na inaweza kutumika kwa kutenganisha aina mbalimbali za karanga zilizo na maganda, ikiwa ni pamoja na lakini siyo tu kwa almonds, karanga, hazelnuts, pecans, na macadamia.<\/p>   <div class=\"wp-block-image\"> <figure class=\"aligncenter size-full\"><img loading=\"lazy\" decoding=\"async\" width=\"720\" height=\"540\" src=\"https:\/\/taizynut.com\/wp-content\/uploads\/2026\/01\/application-of-almond-shell-and-kernel-separator.webp\" alt=\"Matumizi ya mashine ya kutenganisha maganda na mbegu za almond\" class=\"wp-image-1301\" title=\"\" srcset=\"https:\/\/taizynut.com\/wp-content\/uploads\/2026\/01\/application-of-almond-shell-and-kernel-separator.webp 720w, https:\/\/taizynut.com\/wp-content\/uploads\/2026\/01\/application-of-almond-shell-and-kernel-separator-300x225.webp 300w, https:\/\/taizynut.com\/wp-content\/uploads\/2026\/01\/application-of-almond-shell-and-kernel-separator-16x12.webp 16w\" sizes=\"auto, (max-width: 720px) 100vw, 720px\" \/><figcaption class=\"wp-element-caption\">Matumizi ya mashine ya kutenganisha maganda na mbegu za almond<\/figcaption><\/figure> <\/div>   <h2 class=\"wp-block-heading\"><strong>Vigezo vya mashine ya kutenganisha maganda za almond<\/strong><\/h2>    <p>To help users fully understand the equipment&#8217;s performance, the main technical parameters of the almond shell and kernel separator machine are listed below:<\/p>    <figure class=\"wp-block-table\"><table class=\"has-fixed-layout\"><tbody><tr><td>Jina la mashine<\/td><td>Mashine ya kutenganisha maganda na mbegu za almond<\/td><\/tr><tr><td>Uwezo<\/td><td>400kg\/saa<\/td><\/tr><tr><td>Nguvu<\/td><td>3kw<\/td><\/tr><tr><td>Voltage<\/td><td>380v\/50hz<\/td><\/tr><tr><td>Vifaa vya mashine<\/td><td>Chuma cha kaboni<\/td><\/tr><tr><td>Ukubwa<\/td><td>2.2*0.8*1.6m<\/td><\/tr><\/tbody><\/table><figcaption class=\"wp-element-caption\">Vigezo vya mashine ya kutenganisha maganda na mbegu za almond<\/figcaption><\/figure>    <h2 class=\"wp-block-heading\"><strong>Mashine ya kutenganisha maganda na mbegu za almond inafanya kazi vipi?<\/strong><\/h2>    <p>Mashine ya kutenganisha maganda na mbegu za almond inafanya kazi kwa kanuni ya kutenganisha kwa uzito. Baada ya kusindika na mashine ya kuondoa maganda ya almond, maganda ya almond huvunjika kuwa vipande vidogo na nyepesi, wakati mbegu za almond zikiendelea kuwa kubwa na nzito zaidi.<\/p>    <p>Wakati wa uendeshaji, sieve huunda athari ya tabaka chini ya mtetemo. Maganda mazito ya almond huenda polepole juu wakati wa mchakato wa mtetemo na yanatolewa, wakati maganda nyepesi ya almond yanayenda chini na kutenganishwa na kutolewa.<\/p>   <div class=\"wp-block-image\"> <figure class=\"aligncenter size-full\"><img loading=\"lazy\" decoding=\"async\" width=\"720\" height=\"540\" src=\"https:\/\/taizynut.com\/wp-content\/uploads\/2026\/01\/almond-kernel-and-shell-separating-equipment.webp\" alt=\"Vifaa vya kutenganisha mbegu na maganda za almond\" class=\"wp-image-1302\" title=\"\" srcset=\"https:\/\/taizynut.com\/wp-content\/uploads\/2026\/01\/almond-kernel-and-shell-separating-equipment.webp 720w, https:\/\/taizynut.com\/wp-content\/uploads\/2026\/01\/almond-kernel-and-shell-separating-equipment-300x225.webp 300w, https:\/\/taizynut.com\/wp-content\/uploads\/2026\/01\/almond-kernel-and-shell-separating-equipment-16x12.webp 16w\" sizes=\"auto, (max-width: 720px) 100vw, 720px\" \/><figcaption class=\"wp-element-caption\">Vifaa vya kutenganisha mbegu na maganda za almond<\/figcaption><\/figure> <\/div>   <h2 class=\"wp-block-heading\"><strong>Mstari wa uzalishaji wa mashine ya kutenganisha mbegu za almond<\/strong><\/h2>    <p><strong><a href=\"https:\/\/taizynut.com\/sw\/product\/almond-shelling-production-line\/\">Mstari wa maganda ya mlozi<\/a><\/strong><\/p>    <p>Mashine ya kutenganisha maganda na mbegu za almond mara nyingi hutumika katika mistari ya kuondoa maganda ya almond. Mstari huu wa uzalishaji unajumuisha vifaa vifuatavyo:<\/p>    <ol class=\"wp-block-list\"> <li>Mashine ya kupima ubora wa almond<\/li>    <li>Mashine ya kuondoa maganda ya mlozi<\/li>    <li>Mashine ya kutenganisha maganda na mbegu za almond<\/li>    <li>Mashine ya kupima kernel<\/li> <\/ol>    <figure class=\"wp-block-gallery has-nested-images columns-default is-cropped wp-block-gallery-3 is-layout-flex wp-block-gallery-is-layout-flex\"> <figure class=\"wp-block-image size-large\"><img loading=\"lazy\" decoding=\"async\" width=\"720\" height=\"540\" data-id=\"1248\" src=\"https:\/\/taizynut.com\/wp-content\/uploads\/2025\/12\/almond-shelling-line-1.webp\" alt=\"mstari wa maganda ya mlozi\" class=\"wp-image-1248\" title=\"\" srcset=\"https:\/\/taizynut.com\/wp-content\/uploads\/2025\/12\/almond-shelling-line-1.webp 720w, https:\/\/taizynut.com\/wp-content\/uploads\/2025\/12\/almond-shelling-line-1-300x225.webp 300w, https:\/\/taizynut.com\/wp-content\/uploads\/2025\/12\/almond-shelling-line-1-16x12.webp 16w\" sizes=\"auto, (max-width: 720px) 100vw, 720px\" \/><figcaption class=\"wp-element-caption\">Mstari wa Kupasua Badamu<\/figcaption><\/figure>    <figure class=\"wp-block-image size-large\"><img loading=\"lazy\" decoding=\"async\" width=\"720\" height=\"540\" data-id=\"1161\" src=\"https:\/\/taizynut.com\/wp-content\/uploads\/2025\/12\/almond-shelling-line.webp\" alt=\"mstari wa maganda ya mlozi\" class=\"wp-image-1161\" title=\"\" srcset=\"https:\/\/taizynut.com\/wp-content\/uploads\/2025\/12\/almond-shelling-line.webp 720w, https:\/\/taizynut.com\/wp-content\/uploads\/2025\/12\/almond-shelling-line-300x225.webp 300w, https:\/\/taizynut.com\/wp-content\/uploads\/2025\/12\/almond-shelling-line-16x12.webp 16w\" sizes=\"auto, (max-width: 720px) 100vw, 720px\" \/><figcaption class=\"wp-element-caption\">Mstari wa uzalishaji wa maganda ya almond<\/figcaption><\/figure> <\/figure>    <p>Mstari huu wa uzalishaji wa maganda ya almond unajumuisha kazi kama kupima, kuondoa maganda, kutenganisha maganda na mbegu, na kupima mbegu. Inaendeshwa kwa mfululizo, ikihifadhi kazi na nguvu, na ina uwezo wa hadi kg 1000\/h, na inaweza kubadilishwa kulingana na mahitaji ya mteja.<\/p>    <h2 class=\"wp-block-heading\"><strong>Varf\u00f6r v\u00e4lja Taizy som din leverant\u00f6r?<\/strong><\/h2>    <p>Kama muuzaji mtaalamu wa vifaa vya usindikaji chakula, Taizy ina mfumo wa uzalishaji ulioendelea na mchakato mkali wa usimamizi wa ubora.<\/p>    <p>Vifaa vyetu vya kutenganisha maganda na mbegu za almond na vifaa vingine vinatoka nchi na mikoa mingi, na tunafahamu viwango vya kiufundi, mahitaji ya voltage, na specifications za ufungaji wa masoko tofauti. Hii inahakikisha usafirishaji mzuri na uendeshaji wa vifaa vyetu.<\/p>    <p>Zaidi ya hayo, tunatoa suluhisho za kiufundi, ushauri wa uteuzi wa vigezo, na mwongozo wa usakinishaji wa mbali kulingana na mahitaji ya mteja. Kuchagua Taizy siyo tu kuchagua kifaa, bali pia ni kuchagua muuzaji wa kuaminika na wa kudumu mwenye uwezo wa ushirikiano wa muda mrefu.<\/p>    <figure class=\"wp-block-gallery has-nested-images columns-default is-cropped wp-block-gallery-4 is-layout-flex wp-block-gallery-is-layout-flex\"> <figure class=\"wp-block-image size-large\"><img loading=\"lazy\" decoding=\"async\" width=\"720\" height=\"540\" data-id=\"1304\" src=\"https:\/\/taizynut.com\/wp-content\/uploads\/2026\/01\/almond-shell-kernel-separating-machine.webp\" alt=\"Efter separation\" class=\"wp-image-1304\" title=\"\" srcset=\"https:\/\/taizynut.com\/wp-content\/uploads\/2026\/01\/almond-shell-kernel-separating-machine.webp 720w, https:\/\/taizynut.com\/wp-content\/uploads\/2026\/01\/almond-shell-kernel-separating-machine-300x225.webp 300w, https:\/\/taizynut.com\/wp-content\/uploads\/2026\/01\/almond-shell-kernel-separating-machine-16x12.webp 16w\" sizes=\"auto, (max-width: 720px) 100vw, 720px\" \/><figcaption class=\"wp-element-caption\">Almond Shell &Amp; Kernel Separating Machine<\/figcaption><\/figure>    <figure class=\"wp-block-image size-large\"><img loading=\"lazy\" decoding=\"async\" width=\"1024\" height=\"683\" data-id=\"1305\" src=\"https:\/\/taizynut.com\/wp-content\/uploads\/2026\/01\/almond-shell-and-kernel-separator-1024x683.webp\" alt=\"Mashine ya kutenganisha maganda na mbegu za almond ya Taizy inatumiwa kwa kutenganisha mbegu za almond kutoka kwa mchanganyiko wa maganda zilizovunjika na mbegu, yenye uwezo wa kg 400\/h.\" class=\"wp-image-1305\" title=\"\" srcset=\"https:\/\/taizynut.com\/wp-content\/uploads\/2026\/01\/almond-shell-and-kernel-separator-1024x683.webp 1024w, https:\/\/taizynut.com\/wp-content\/uploads\/2026\/01\/almond-shell-and-kernel-separator-300x200.webp 300w, https:\/\/taizynut.com\/wp-content\/uploads\/2026\/01\/almond-shell-and-kernel-separator-768x513.webp 768w, https:\/\/taizynut.com\/wp-content\/uploads\/2026\/01\/almond-shell-and-kernel-separator-18x12.webp 18w, https:\/\/taizynut.com\/wp-content\/uploads\/2026\/01\/almond-shell-and-kernel-separator-1536x1025.webp 1536w, https:\/\/taizynut.com\/wp-content\/uploads\/2026\/01\/almond-shell-and-kernel-separator-2048x1367.webp 2048w\" sizes=\"auto, (max-width: 1024px) 100vw, 1024px\" \/><figcaption class=\"wp-element-caption\">Kipangilio cha kutenganisha maganda na mbegu za almond<\/figcaption><\/figure> <\/figure>    <h2 class=\"wp-block-heading\"><strong>Kontakta oss omedelbart!<\/strong><\/h2>    <p>Ikiwa wewe ni warsha mpya ya usindikaji wa almond au kampuni iliyo na mstari wa uzalishaji wa maganda ya karanga ulioendelea, Taizy inaweza kukupatia mashine bora ya kutenganisha maganda na mbegu za almond na suluhisho kamili za kuondoa maganda. Ikiwa una mahitaji yoyote, tafadhali jisikie huru kuwasiliana nasi!<\/p>","protected":false},"excerpt":{"rendered":"<p>This article mainly introduces the almond shell and kernel separator machine. It covers its advantages, specifications, and applications. It is suitable for nuts such as almonds, walnuts, and pecans. Its production capacity is 400 kg\/h.<\/p>","protected":false},"author":1,"featured_media":1316,"parent":0,"template":"","tags":[68,61],"product-type":[74],"class_list":["post-1299","product","type-product","status-publish","has-post-thumbnail","hentry","tag-almond","tag-nut","product-type-almond-processing"],"_links":{"self":[{"href":"https:\/\/taizynut.com\/sw\/wp-json\/wp\/v2\/product\/1299","targetHints":{"allow":["GET"]}}],"collection":[{"href":"https:\/\/taizynut.com\/sw\/wp-json\/wp\/v2\/product"}],"about":[{"href":"https:\/\/taizynut.com\/sw\/wp-json\/wp\/v2\/types\/product"}],"author":[{"embeddable":true,"href":"https:\/\/taizynut.com\/sw\/wp-json\/wp\/v2\/users\/1"}],"wp:featuredmedia":[{"embeddable":true,"href":"https:\/\/taizynut.com\/sw\/wp-json\/wp\/v2\/media\/1316"}],"wp:attachment":[{"href":"https:\/\/taizynut.com\/sw\/wp-json\/wp\/v2\/media?parent=1299"}],"wp:term":[{"taxonomy":"post_tag","embeddable":true,"href":"https:\/\/taizynut.com\/sw\/wp-json\/wp\/v2\/tags?post=1299"},{"taxonomy":"product-type","embeddable":true,"href":"https:\/\/taizynut.com\/sw\/wp-json\/wp\/v2\/product-type?post=1299"}],"curies":[{"name":"wp","href":"https:\/\/api.w.org\/{rel}","templated":true}]}}