{"id":1322,"date":"2026-01-22T13:25:24","date_gmt":"2026-01-22T05:25:24","guid":{"rendered":"https:\/\/taizynut.com\/?post_type=product&#038;p=1322"},"modified":"2026-01-22T13:49:47","modified_gmt":"2026-01-22T05:49:47","slug":"walnut-shelling-machine","status":"publish","type":"product","link":"https:\/\/taizynut.com\/sw\/product\/walnut-shelling-machine\/","title":{"rendered":"Mashine ya kupasua korosho"},"content":{"rendered":"<p class=\"translation-block\">The <strong>Mashine ya kubomoa karanga<\/strong> ni chombo cha kipekee kilichoundwa kwa kuvunja majivu ya karanga, kuwezesha kutenganisha kulia kwa ufinyu kutoka ganda. Mashine yetu ya kubomoa karanga inafaa kwa karanga za kawaida, porini, karanga za hickory, na karanga za macadamia.<\/p>    <p>Mashine ya kuondoa karanga ya Taizy ina uwezo wa uzalishaji wa kg 200-400 kwa saa, inafanya kazi kwa utulivu, na ni rahisi kutumia, hivyo ni chagua bora kwa biashara za usindikaji karanga. Ukitaka mashine ya kuvunja karanga, tafadhali wasiliana nasi!<\/p>    <h2 class=\"wp-block-heading\"><strong>Vipengele vya mashine ya kubainisha karanga<\/strong><\/h2>    <ol class=\"wp-block-list\"> <li><strong>Uendeshaji rahisi<\/strong>: Mashine yetu ya kuboma karanga ina muundo wazi na ni rahisi kuendesha, kuruhusu mtu mmoja kukamilisha shughuli zote na matengenezo ya kila siku.<\/li>    <li><strong>Utendaji thabiti<\/strong>: Hii mashine ya kuondoa karanga inatumia muundo wa kiufundi kilichokomaa, inahakikishia uendeshaji thabiti na kiwango cha kushindwa kidogo, kutoa utendaji wa kudumu na wa kuaminika.<\/li>    <li><strong>Utulivu wa kelele<\/strong>: Mashine ya kuvunja karanga ya Taizy ina kelele ndogo, inaboresha sana faraja ya kufanya kazi katika semina.<\/li>    <li><strong>Huduma ya maisha marefu<\/strong>: Ze uto mzinga wote unaotengenezwa kwa chuma cha kaboni kilicho na nguvu sana, kinachosimama kwa kuvaa na kushikilia msukumo, kinastahili kwa usindikaji wa muda mrefu wa karanga ngumu na nyenzo nyingine.<\/li> <\/ol>    <figure class=\"wp-block-gallery has-nested-images columns-default is-cropped wp-block-gallery-2 is-layout-flex wp-block-gallery-is-layout-flex\"> <figure class=\"wp-block-image size-large\"><img loading=\"lazy\" decoding=\"async\" width=\"720\" height=\"540\" data-id=\"1325\" src=\"https:\/\/taizynut.com\/wp-content\/uploads\/2026\/01\/walnut-cracking-machine.webp\" alt=\"Mashine ya kuvunja karanga\" class=\"wp-image-1325\" title=\"\" srcset=\"https:\/\/taizynut.com\/wp-content\/uploads\/2026\/01\/walnut-cracking-machine.webp 720w, https:\/\/taizynut.com\/wp-content\/uploads\/2026\/01\/walnut-cracking-machine-300x225.webp 300w, https:\/\/taizynut.com\/wp-content\/uploads\/2026\/01\/walnut-cracking-machine-16x12.webp 16w\" sizes=\"auto, (max-width: 720px) 100vw, 720px\" \/><figcaption class=\"wp-element-caption\">Mashine ya Kuvunja Karanga<\/figcaption><\/figure>    <figure class=\"wp-block-image size-large\"><img loading=\"lazy\" decoding=\"async\" width=\"720\" height=\"540\" data-id=\"1326\" src=\"https:\/\/taizynut.com\/wp-content\/uploads\/2026\/01\/walnut-shell-removal-machine.webp\" alt=\"Mashine ya kuondoa karanga ya karanga\" class=\"wp-image-1326\" title=\"\" srcset=\"https:\/\/taizynut.com\/wp-content\/uploads\/2026\/01\/walnut-shell-removal-machine.webp 720w, https:\/\/taizynut.com\/wp-content\/uploads\/2026\/01\/walnut-shell-removal-machine-300x225.webp 300w, https:\/\/taizynut.com\/wp-content\/uploads\/2026\/01\/walnut-shell-removal-machine-16x12.webp 16w\" sizes=\"auto, (max-width: 720px) 100vw, 720px\" \/><figcaption class=\"wp-element-caption\">Mashine ya kuondoa karanga kwa karanga<\/figcaption><\/figure> <\/figure>    <h2 class=\"wp-block-heading\"><strong>Matumizi ya mashine ya kubomoa karanga<\/strong><\/h2>    <p>Mashine ya kubomoa karanga, kupitia muundo wa kusukuma na kuvunja kwa mitambo, inaweza kuendana na nyenzo mbalimbali za karanga za namna na ugumu tofauti.<\/p>    <p class=\"translation-block\"><strong>Malighafi zinakubalika:<\/strong><\/p>    <ul class=\"wp-block-list\"> <li>Karanga za kawaida<\/li>    <li>Karanga za porini<\/li>    <li>Karanga ya Hickory<\/li>    <li>Karanga za Macadamia<\/li> <\/ul>   <div class=\"wp-block-image\"> <figure class=\"aligncenter size-full\"><img loading=\"lazy\" decoding=\"async\" width=\"720\" height=\"540\" src=\"https:\/\/taizynut.com\/wp-content\/uploads\/2026\/01\/application-of-walnut-sheller.webp\" alt=\"utendaji wa kubomoa karanga\" class=\"wp-image-1327\" title=\"\" srcset=\"https:\/\/taizynut.com\/wp-content\/uploads\/2026\/01\/application-of-walnut-sheller.webp 720w, https:\/\/taizynut.com\/wp-content\/uploads\/2026\/01\/application-of-walnut-sheller-300x225.webp 300w, https:\/\/taizynut.com\/wp-content\/uploads\/2026\/01\/application-of-walnut-sheller-16x12.webp 16w\" sizes=\"auto, (max-width: 720px) 100vw, 720px\" \/><figcaption class=\"wp-element-caption\">utendaji wa kubomoa karanga<\/figcaption><\/figure> <\/div>   <p class=\"translation-block\"><strong>Mazingira ya matumizi:<\/strong><\/p>    <ul class=\"wp-block-list\"> <li>Sekta ya usindikaji karanga na matunda kavu<\/li>    <li>Sekta ya usindikaji chakula ya awali<\/li>    <li>Sekta ya biashara, nunua, na usambazaji wa karanga<\/li> <\/ul>    <h2 class=\"wp-block-heading\"><strong>Vipimo vya mashine ya kuvunja karanga<\/strong><\/h2>    <figure class=\"wp-block-table\"><table class=\"has-fixed-layout\"><tbody><tr><td>Uwezo<\/td><td>200-400kg\/h<\/td><\/tr><tr><td>Nguvu<\/td><td>1.5kw<\/td><\/tr><tr><td>Voltage<\/td><td>380v<\/td><\/tr><tr><td>Kiwango cha kukamilisha kazi<\/td><td>70%<\/td><\/tr><tr><td>Nyenzo za mashine<\/td><td>Chuma cha kaboni<\/td><\/tr><tr><td>Uzito wa mashine<\/td><td>160kg<\/td><\/tr><tr><td>Ukubwa wa mashine<\/td><td>1.15*0.75*1.2m<\/td><\/tr><\/tbody><\/table><figcaption class=\"wp-element-caption\">vipimo vya mashine ya kubomoa karanga<\/figcaption><\/figure>    <h2 class=\"wp-block-heading\"><strong>Jinsi mashine ya kuvunja karanga inavyofanya kazi?<\/strong><\/h2>    <p>The walnut shelling machine primarily relies on mechanical compression and fracturing mechanisms to apply pressure to the nut&#8217;s outer shell, causing the hard shell to crack and break. It can be used in conjunction with the shell and kernel separating machine.<\/p>    <figure class=\"wp-block-gallery has-nested-images columns-default is-cropped wp-block-gallery-3 is-layout-flex wp-block-gallery-is-layout-flex\"> <figure class=\"wp-block-image size-large\"><img loading=\"lazy\" decoding=\"async\" width=\"720\" height=\"540\" data-id=\"1328\" src=\"https:\/\/taizynut.com\/wp-content\/uploads\/2026\/01\/walnut-shell-remover.webp\" alt=\"Kutoa karoti ya karanga yenye chombo cha kuondoa karanga\" class=\"wp-image-1328\" title=\"\" srcset=\"https:\/\/taizynut.com\/wp-content\/uploads\/2026\/01\/walnut-shell-remover.webp 720w, https:\/\/taizynut.com\/wp-content\/uploads\/2026\/01\/walnut-shell-remover-300x225.webp 300w, https:\/\/taizynut.com\/wp-content\/uploads\/2026\/01\/walnut-shell-remover-16x12.webp 16w\" sizes=\"auto, (max-width: 720px) 100vw, 720px\" \/><figcaption class=\"wp-element-caption\">Kuwaondoa Karanga<\/figcaption><\/figure>    <figure class=\"wp-block-image size-large\"><img loading=\"lazy\" decoding=\"async\" width=\"720\" height=\"540\" data-id=\"1329\" src=\"https:\/\/taizynut.com\/wp-content\/uploads\/2026\/01\/walnut-shell-removing-machine.webp\" alt=\"Mashine ya kuondoa karanga ya karanga\" class=\"wp-image-1329\" title=\"\" srcset=\"https:\/\/taizynut.com\/wp-content\/uploads\/2026\/01\/walnut-shell-removing-machine.webp 720w, https:\/\/taizynut.com\/wp-content\/uploads\/2026\/01\/walnut-shell-removing-machine-300x225.webp 300w, https:\/\/taizynut.com\/wp-content\/uploads\/2026\/01\/walnut-shell-removing-machine-16x12.webp 16w\" sizes=\"auto, (max-width: 720px) 100vw, 720px\" \/><figcaption class=\"wp-element-caption\">Mashine ya Kuondoa Karanga<\/figcaption><\/figure> <\/figure>    <h2 class=\"wp-block-heading\"><strong>Bei ya mashine ya kuondoa karanga<\/strong><\/h2>    <p>The price of the walnut shelling machine is not fixed but varies depending on the customer&#8217;s specific needs, mainly influenced by the following factors:<\/p>    <ol class=\"wp-block-list\"> <li><strong>Mahitaji ya urekebishaji (voltage)<\/strong>: Ili kulingana na hali za umeme za eneo, usanidi uliobinafsishwa unaweza kuhitajika, kama vile voltage, frequency, au aina ya motor, ambayo yatathiri jumla ya gharama ya mashine.<\/li>    <li><strong>Usanidi wa vifaa ziada<\/strong>: Iwapo kifaa kingine, kama mashine ya kuchuja au chafuta karanga na ganda, kinakihitajika, gharama jumla itakua kubwa.<\/li>    <li><strong>Mahitaji ya usafirishaji na ufungaji wa nje<\/strong>: Usafirishaji wa nje unaweza kuhitaji ufungaji maalum, nyaraka, au ufuatiliaji wa viwango maalum, vyote vimweza kusababisha tofauti katika bei ya mwisho.<\/li> <\/ol>   <div class=\"wp-block-image\"> <figure class=\"aligncenter size-full\"><img loading=\"lazy\" decoding=\"async\" width=\"720\" height=\"540\" src=\"https:\/\/taizynut.com\/wp-content\/uploads\/2026\/01\/walnut-shelling-machine.webp\" alt=\"mashine ya kubomoa karanga\" class=\"wp-image-1330\" title=\"\" srcset=\"https:\/\/taizynut.com\/wp-content\/uploads\/2026\/01\/walnut-shelling-machine.webp 720w, https:\/\/taizynut.com\/wp-content\/uploads\/2026\/01\/walnut-shelling-machine-300x225.webp 300w, https:\/\/taizynut.com\/wp-content\/uploads\/2026\/01\/walnut-shelling-machine-16x12.webp 16w\" sizes=\"auto, (max-width: 720px) 100vw, 720px\" \/><figcaption class=\"wp-element-caption\">mashine ya kubomoa karanga<\/figcaption><\/figure> <\/div>   <h2 class=\"wp-block-heading\"><strong>Varf\u00f6r v\u00e4lja Taizy som din leverant\u00f6r?<\/strong><\/h2>    <ol class=\"wp-block-list\"> <li><strong>Huduma ya kitaalamu<\/strong>: Taizy ina mfumo thabiti wa huduma ya kabla ya kuuza na baada ya kuuza, ikitoa suluhisho wazi na za kiufundi za vifaa kulingana na nyenzo za mteja, uwezo wa uzalishaji, na matumizi ya mazingira.<\/li>    <li><strong>Bei inayoendelea kuwa ya ushindani zaidi<\/strong>: Vifaa vyote hutengenezwa katika kiwanda chetu, bila ya ya kati na kuwapa wateja bei ya ushindani zaidi huku kuhakikisha ubora.<\/li>    <li><strong>Msururu mkubwa wa vifaa<\/strong>: Mbali na mashine ya kubandika karanga, Taizy pia hutoa vifaa mbalimbali vya usindikaji karanga na karanga za aina mbalimbali, kama vile <a href=\"https:\/\/taizynut.com\/sw\/product\/almond-shelling-machine\/\">Mashine ya kuvunjavunjwa kwa almond<\/a> na <a href=\"https:\/\/taizynut.com\/sw\/product\/peanut-sheller-groundnut-shelling-and-stone-removing-machine\/\">mashine ya kukoboa karanga<\/a>.<\/li>    <li><strong>Uzoefu mkubwa wa usafirishaji nje ya nchi<\/strong>: Taizy imekuwa katika biashara ya usafirishaji vifaa kwa muda mrefu, ikijua viwango vya kiufundi na mchakato wa usambazaji wa nchi tofauti.<\/li> <\/ol>    <h2 class=\"wp-block-heading\"><strong>\u00a1Cont\u00e1ctanos para m\u00e1s informaci\u00f3n!<\/strong><\/h2>    <p>Una tafuta taarifa juu ya usanidi wa mashine ya kubomoa karanga, bei, au suluhisho zilizobinafsishwa? Taizy inaweza kutoa ushauri wa kitaalamu na suluhisho kamili kukusaidia kuchagua vifaa vinavyofaa zaidi. Tafadhali wasiliana nasi kwa taarifa ya bidhaa na usaidizi wa suluhisho za usindikaji.<\/p>","protected":false},"excerpt":{"rendered":"<p>This article mainly introduces the functions, advantages, and price of the walnut shelling machine. Our walnut sheller machine is used to remove the shells of walnuts and macadamia nuts. Its production capacity can reach 200-400 kilograms per hour.<\/p>","protected":false},"author":1,"featured_media":1331,"parent":0,"template":"","tags":[61,76],"product-type":[77],"class_list":["post-1322","product","type-product","status-publish","has-post-thumbnail","hentry","tag-nut","tag-walnut","product-type-walnut-processing"],"_links":{"self":[{"href":"https:\/\/taizynut.com\/sw\/wp-json\/wp\/v2\/product\/1322","targetHints":{"allow":["GET"]}}],"collection":[{"href":"https:\/\/taizynut.com\/sw\/wp-json\/wp\/v2\/product"}],"about":[{"href":"https:\/\/taizynut.com\/sw\/wp-json\/wp\/v2\/types\/product"}],"author":[{"embeddable":true,"href":"https:\/\/taizynut.com\/sw\/wp-json\/wp\/v2\/users\/1"}],"wp:featuredmedia":[{"embeddable":true,"href":"https:\/\/taizynut.com\/sw\/wp-json\/wp\/v2\/media\/1331"}],"wp:attachment":[{"href":"https:\/\/taizynut.com\/sw\/wp-json\/wp\/v2\/media?parent=1322"}],"wp:term":[{"taxonomy":"post_tag","embeddable":true,"href":"https:\/\/taizynut.com\/sw\/wp-json\/wp\/v2\/tags?post=1322"},{"taxonomy":"product-type","embeddable":true,"href":"https:\/\/taizynut.com\/sw\/wp-json\/wp\/v2\/product-type?post=1322"}],"curies":[{"name":"wp","href":"https:\/\/api.w.org\/{rel}","templated":true}]}}