{"id":1340,"date":"2026-01-27T16:22:29","date_gmt":"2026-01-27T08:22:29","guid":{"rendered":"https:\/\/taizynut.com\/?post_type=product&#038;p=1340"},"modified":"2026-01-27T17:04:37","modified_gmt":"2026-01-27T09:04:37","slug":"walnut-shell-and-kernel-separator","status":"publish","type":"product","link":"https:\/\/taizynut.com\/sw\/product\/walnut-shell-and-kernel-separator\/","title":{"rendered":"Sehemu ya maganda na mbegu za walnut"},"content":{"rendered":"<p class=\"translation-block\">Valn\u00f6tsskal och k\u00e4rnseparator  anv\u00e4nds f\u00f6r att snabbt separera krossade valn\u00f6tter i rena k\u00e4rnor och skal. Denna skal- och k\u00e4rnseparatormaskin \u00e4r inte bara l\u00e4mplig f\u00f6r valn\u00f6tter utan anv\u00e4nds ocks\u00e5 i stor utstr\u00e4ckning f\u00f6r att separera skalen och k\u00e4rnorna av andra n\u00f6tter som mandlar, hasseln\u00f6tter och pekann\u00f6tter.<\/p>    <p>V\u00e5r valn\u00f6tsskal och k\u00e4rnseparatormaskin \u00e4r tillverkad av h\u00f6gkvalitativt kolst\u00e5l, vilket g\u00f6r den robust, slitstark och h\u00e5llbar med l\u00e5ng livsl\u00e4ngd. Dessutom har den h\u00f6g bearbetningseffektivitet, med en kapacitet p\u00e5 400 kg\/h. Det \u00e4r en nyckelmaskin i b\u00e5de prim\u00e4ra och avancerade bearbetningslinjer f\u00f6r n\u00f6tter.<\/p>    <figure class=\"wp-block-embed is-type-video is-provider-youtube wp-block-embed-youtube wp-embed-aspect-16-9 wp-has-aspect-ratio\"><div class=\"wp-block-embed__wrapper\"> <iframe loading=\"lazy\" title=\"Automatic walnut shell kernel separating machine | How does walnut shell &amp; kernel separator work?\" width=\"500\" height=\"281\" src=\"https:\/\/www.youtube.com\/embed\/zU41kX0cjK8?feature=oembed\" frameborder=\"0\" allow=\"accelerometer; autoplay; clipboard-write; encrypted-media; gyroscope; picture-in-picture; web-share\" referrerpolicy=\"strict-origin-when-cross-origin\" allowfullscreen><\/iframe> <\/div><figcaption class=\"wp-element-caption\">arbetsvideo av valn\u00f6tsskal &amp; k\u00e4rnseparator<\/figcaption><\/figure>    <h2 class=\"wp-block-heading\"><strong>Huvudf\u00f6rdelar med valn\u00f6tsskal &amp; k\u00e4rnseparator<\/strong><\/h2>    <ul class=\"wp-block-list\"> <li>Utrustningen <strong>utnyttjar viktsskillnaden<\/strong> mellan valn\u00f6tsskal och k\u00e4rnor f\u00f6r separation. Separationsprocessen \u00e4r kontinuerlig, vilket resulterar i en l\u00e5g procentandel av kvarvarande skal i den f\u00e4rdiga produkten.<\/li>    <li>Hela separationsprocessen f\u00f6rlitar sig inte p\u00e5 starka st\u00f6tar, effektivt <strong>skydda integriteten hos valn\u00f6tsk\u00e4rnorna<\/strong> och g\u00f6ra dem l\u00e4mpliga f\u00f6r efterf\u00f6ljande gradering och f\u00f6rpackning.<\/li>    <li>V\u00e5r valn\u00f6tsskal och k\u00e4rnseparatormaskin har en rimlig layout, <strong>upptar en liten yta och fungerar stabilt<\/strong>, som uppfyller behoven f\u00f6r l\u00e5ngsiktig bearbetning.<\/li>    <li>V\u00e5r n\u00f6t skal och k\u00e4rnseparatormaskin har en <strong>bred anv\u00e4ndning<\/strong>. Den \u00e4r l\u00e4mplig f\u00f6r olika n\u00f6tter som valn\u00f6tter, mandlar, hasseln\u00f6tter och pekann\u00f6tter.<\/li>    <li>Den kan kombineras med en valn\u00f6tsskalningsmaskin, screeningsmaskin och k\u00e4rngraderingsmaskin f\u00f6r att bilda en produktionslinje, vilket uppn\u00e5r <strong>kontinuerlig produktion av valn\u00f6tsskalning, separation och gradering<\/strong>.<\/li> <\/ul>    <figure class=\"wp-block-gallery has-nested-images columns-default is-cropped wp-block-gallery-2 is-layout-flex wp-block-gallery-is-layout-flex\"> <figure class=\"wp-block-image size-large\"><img loading=\"lazy\" decoding=\"async\" width=\"720\" height=\"540\" data-id=\"1303\" src=\"https:\/\/taizynut.com\/wp-content\/uploads\/2026\/01\/almond-shell-and-kernel-separator-machine.webp\" alt=\"Innan separation\" class=\"wp-image-1303\" title=\"\" srcset=\"https:\/\/taizynut.com\/wp-content\/uploads\/2026\/01\/almond-shell-and-kernel-separator-machine.webp 720w, https:\/\/taizynut.com\/wp-content\/uploads\/2026\/01\/almond-shell-and-kernel-separator-machine-300x225.webp 300w, https:\/\/taizynut.com\/wp-content\/uploads\/2026\/01\/almond-shell-and-kernel-separator-machine-16x12.webp 16w\" sizes=\"auto, (max-width: 720px) 100vw, 720px\" \/><figcaption class=\"wp-element-caption\">Valn\u00f6tsskal och k\u00e4rnseparator<\/figcaption><\/figure>    <figure class=\"wp-block-image size-large\"><img loading=\"lazy\" decoding=\"async\" width=\"1024\" height=\"683\" data-id=\"1305\" src=\"https:\/\/taizynut.com\/wp-content\/uploads\/2026\/01\/almond-shell-and-kernel-separator-1024x683.webp\" alt=\"Valn\u00f6tsskal &amp; k\u00e4rnseparatormaskin\" class=\"wp-image-1305\" title=\"\" srcset=\"https:\/\/taizynut.com\/wp-content\/uploads\/2026\/01\/almond-shell-and-kernel-separator-1024x683.webp 1024w, https:\/\/taizynut.com\/wp-content\/uploads\/2026\/01\/almond-shell-and-kernel-separator-300x200.webp 300w, https:\/\/taizynut.com\/wp-content\/uploads\/2026\/01\/almond-shell-and-kernel-separator-768x513.webp 768w, https:\/\/taizynut.com\/wp-content\/uploads\/2026\/01\/almond-shell-and-kernel-separator-18x12.webp 18w, https:\/\/taizynut.com\/wp-content\/uploads\/2026\/01\/almond-shell-and-kernel-separator-1536x1025.webp 1536w, https:\/\/taizynut.com\/wp-content\/uploads\/2026\/01\/almond-shell-and-kernel-separator-2048x1367.webp 2048w\" sizes=\"auto, (max-width: 1024px) 100vw, 1024px\" \/><figcaption class=\"wp-element-caption\">Valn\u00f6tsskal och k\u00e4rnseparatormaskin<\/figcaption><\/figure> <\/figure>    <h2 class=\"wp-block-heading\"><strong>Till\u00e4mpning av valn\u00f6tsskal och k\u00e4rnseparatormaskin<\/strong><\/h2>    <p>V\u00e5r valn\u00f6tsskal och k\u00e4rnseparatormaskin \u00e4r inte begr\u00e4nsad till valn\u00f6tsbearbetning; den kan ocks\u00e5 anv\u00e4ndas f\u00f6r olika n\u00f6t r\u00e5material, inklusive men inte begr\u00e4nsat till: valn\u00f6tter, mandlar, hasseln\u00f6tter, pekann\u00f6tter och andra skalade n\u00f6tter. Med enkla justeringar baserat p\u00e5 materialegenskaper kan utm\u00e4rkta separationsresultat uppn\u00e5s.<\/p>   <div class=\"wp-block-image\"> <figure class=\"aligncenter size-full\"><img loading=\"lazy\" decoding=\"async\" width=\"720\" height=\"540\" src=\"https:\/\/taizynut.com\/wp-content\/uploads\/2026\/01\/aapplication-of-nut-shell-and-kernel-separator.webp\" alt=\"till\u00e4mpning av n\u00f6t skal och k\u00e4rnseparator\" class=\"wp-image-1362\" title=\"\" srcset=\"https:\/\/taizynut.com\/wp-content\/uploads\/2026\/01\/aapplication-of-nut-shell-and-kernel-separator.webp 720w, https:\/\/taizynut.com\/wp-content\/uploads\/2026\/01\/aapplication-of-nut-shell-and-kernel-separator-300x225.webp 300w, https:\/\/taizynut.com\/wp-content\/uploads\/2026\/01\/aapplication-of-nut-shell-and-kernel-separator-16x12.webp 16w\" sizes=\"auto, (max-width: 720px) 100vw, 720px\" \/><figcaption class=\"wp-element-caption\">till\u00e4mpning av n\u00f6t skal och k\u00e4rnseparator<\/figcaption><\/figure> <\/div>   <h2 class=\"wp-block-heading\"><strong>Parametrar f\u00f6r valn\u00f6tsskal och k\u00e4rnseparator<\/strong><\/h2>    <p>F\u00f6r att hj\u00e4lpa kunder att b\u00e4ttre f\u00f6rst\u00e5 prestandan hos valn\u00f6tsskal och k\u00e4rnseparatormaskinen, listas de viktigaste tekniska parametrarna f\u00f6r utrustningen nedan:<\/p>    <figure class=\"wp-block-table\"><table class=\"has-fixed-layout\"><tbody><tr><td>Uwezo<\/td><td>400kg\/saa<\/td><\/tr><tr><td>Nguvu<\/td><td>3kw<\/td><\/tr><tr><td>Voltage<\/td><td>380v\/50hz<\/td><\/tr><tr><td>Maskinmaterial<\/td><td>Chuma cha kaboni<\/td><\/tr><tr><td>Ukubwa wa mashine<\/td><td>2.2*0.8*1.6m<\/td><\/tr><\/tbody><\/table><figcaption class=\"wp-element-caption\">Parametrar f\u00f6r valn\u00f6tsskal och k\u00e4rnseparatormaskin<\/figcaption><\/figure>    <h2 class=\"wp-block-heading\"><strong>Hur fungerar n\u00f6t skal och k\u00e4rnseparator?<\/strong><\/h2>    <p>Valn\u00f6tsskal &amp; k\u00e4rnseparatorn utnyttjar principen f\u00f6r viktseparation f\u00f6r att separera skalen fr\u00e5n k\u00e4rnorna. Under drift g\u00e5r blandningen av skal och k\u00e4rnor in i en vibrationssk\u00e4rm. Under p\u00e5verkan av vibration stratifieras blandningen, de tyngre valn\u00f6tsk\u00e4rnorna r\u00f6r sig upp\u00e5t och avl\u00e4gsnas, medan de l\u00e4ttare valn\u00f6tsskal r\u00f6r sig ned\u00e5t och separeras och avl\u00e4gsnas.<\/p>    <figure class=\"wp-block-gallery has-nested-images columns-default is-cropped wp-block-gallery-3 is-layout-flex wp-block-gallery-is-layout-flex\"> <figure class=\"wp-block-image size-large\"><img loading=\"lazy\" decoding=\"async\" width=\"720\" height=\"540\" data-id=\"1341\" src=\"https:\/\/taizynut.com\/wp-content\/uploads\/2026\/01\/before-separation.webp\" alt=\"Taizy valn\u00f6tsskal och k\u00e4rnseparator kan separera krossat valn\u00f6tsskal fr\u00e5n k\u00e4rnan. Dess kapacitet \u00e4r 400 kg\/h och \u00e4r l\u00e4mplig f\u00f6r valn\u00f6t, mandel och hasseln\u00f6t.\" class=\"wp-image-1341\" title=\"\" srcset=\"https:\/\/taizynut.com\/wp-content\/uploads\/2026\/01\/before-separation.webp 720w, https:\/\/taizynut.com\/wp-content\/uploads\/2026\/01\/before-separation-300x225.webp 300w, https:\/\/taizynut.com\/wp-content\/uploads\/2026\/01\/before-separation-16x12.webp 16w\" sizes=\"auto, (max-width: 720px) 100vw, 720px\" \/><figcaption class=\"wp-element-caption\">Innan separation<\/figcaption><\/figure>    <figure class=\"wp-block-image size-large\"><img loading=\"lazy\" decoding=\"async\" width=\"1024\" height=\"683\" data-id=\"1300\" src=\"https:\/\/taizynut.com\/wp-content\/uploads\/2026\/01\/almond-shell-kernel-separating-equipment-1024x683.webp\" alt=\"Mashine ya kutenganisha ganda la karanga na maganda\" class=\"wp-image-1300\" title=\"\" srcset=\"https:\/\/taizynut.com\/wp-content\/uploads\/2026\/01\/almond-shell-kernel-separating-equipment-1024x683.webp 1024w, https:\/\/taizynut.com\/wp-content\/uploads\/2026\/01\/almond-shell-kernel-separating-equipment-300x200.webp 300w, https:\/\/taizynut.com\/wp-content\/uploads\/2026\/01\/almond-shell-kernel-separating-equipment-768x513.webp 768w, https:\/\/taizynut.com\/wp-content\/uploads\/2026\/01\/almond-shell-kernel-separating-equipment-18x12.webp 18w, https:\/\/taizynut.com\/wp-content\/uploads\/2026\/01\/almond-shell-kernel-separating-equipment-1536x1025.webp 1536w, https:\/\/taizynut.com\/wp-content\/uploads\/2026\/01\/almond-shell-kernel-separating-equipment-2048x1367.webp 2048w\" sizes=\"auto, (max-width: 1024px) 100vw, 1024px\" \/><figcaption class=\"wp-element-caption\">Walnut Shell &Amp; Kernel Separating Machine<\/figcaption><\/figure>    <figure class=\"wp-block-image size-large\"><img loading=\"lazy\" decoding=\"async\" width=\"720\" height=\"540\" data-id=\"1342\" src=\"https:\/\/taizynut.com\/wp-content\/uploads\/2026\/01\/after-separation.webp\" alt=\"Mashine ya kutenganisha maganda na mbegu za walnut ya Taizy inaweza kutenganisha maganda yaliyovunjika kutoka kwa mbegu. Uwezo wake ni kilo 400\/h na inafaa kwa walnuts, almonds, na hazelnuts.\" class=\"wp-image-1342\" title=\"\" srcset=\"https:\/\/taizynut.com\/wp-content\/uploads\/2026\/01\/after-separation.webp 720w, https:\/\/taizynut.com\/wp-content\/uploads\/2026\/01\/after-separation-300x225.webp 300w, https:\/\/taizynut.com\/wp-content\/uploads\/2026\/01\/after-separation-16x12.webp 16w\" sizes=\"auto, (max-width: 720px) 100vw, 720px\" \/><figcaption class=\"wp-element-caption\">Efter separation<\/figcaption><\/figure> <\/figure>    <h2 class=\"wp-block-heading\"><strong>Relaterad produktionslinje f\u00f6r valn\u00f6tsskal &amp; k\u00e4rnseparator<\/strong><\/h2>    <p>F\u00f6rutom att anv\u00e4ndas oberoende, integreras valn\u00f6tsskal och k\u00e4rnseparator ofta med f\u00f6ljande utrustning f\u00f6r att bilda en komplett valn\u00f6tsskalningsproduktionslinje:<\/p>    <ul class=\"wp-block-list\"> <li>Valn\u00f6tsgraderingsmaskin<\/li>    <li><a href=\"https:\/\/taizynut.com\/sw\/product\/walnut-shelling-machine\/\">Mashine ya kupasua korosho<\/a><\/li>    <li>Valn\u00f6tsskal &amp; k\u00e4rnseparator<\/li>    <li>Valn\u00f6tsk\u00e4rnsgraderingsmaskin<\/li> <\/ul>    <p>Hela produktionslinjen kan uppn\u00e5 kontinuerlig drift fr\u00e5n gradering och skalning till separation och k\u00e4rngradering, vilket avsev\u00e4rt f\u00f6rb\u00e4ttrar den \u00f6vergripande bearbetningseffektiviteten.<\/p>    <h2 class=\"wp-block-heading\"><strong>FAQ f\u00f6r valn\u00f6tsskal och k\u00e4rnseparatormaskin<\/strong><\/h2>   <div id=\"rank-math-faq\" class=\"rank-math-block\"> <div class=\"rank-math-list\"> <div id=\"faq-question-1769136321058\" class=\"rank-math-list-item\"> <h3 class=\"rank-math-question\">Vilka material kan bearbetas?<\/h3> <div class=\"rank-math-answer\">  <p>L\u00e4mplig f\u00f6r olika skalade n\u00f6tter som valn\u00f6tter, mandlar, hasseln\u00f6tter och pekann\u00f6tter.<\/p>  <\/div> <\/div> <div id=\"faq-question-1769136394177\" class=\"rank-math-list-item\"> <h3 class=\"rank-math-question\">\u00c4r brottsfrekvensen f\u00f6r valn\u00f6tsk\u00e4rnor h\u00f6g?<\/h3> <div class=\"rank-math-answer\">  <p>Den skonsamma separationsmetoden resulterar i en l\u00e5g skada p\u00e5 valn\u00f6tsk\u00e4rnorna.<\/p>  <\/div> <\/div> <div id=\"faq-question-1769136470144\" class=\"rank-math-list-item\"> <h3 class=\"rank-math-question\">Kan sp\u00e4nningen anpassas?<\/h3> <div class=\"rank-math-answer\">  <p>Anpassad sp\u00e4nning \u00e4r tillg\u00e4nglig.<\/p>  <\/div> <\/div> <div id=\"faq-question-1769136507280\" class=\"rank-math-list-item\"> <h3 class=\"rank-math-question\">Erbjuds en komplett valn\u00f6tsskalningslinje?<\/h3> <div class=\"rank-math-answer\">  <p>Vi erbjuder kompletta produktionslinjer och anpassningsbara alternativ.<\/p>  <\/div> <\/div> <\/div> <\/div>   <h2 class=\"wp-block-heading\"><strong>Kontakta oss nu f\u00f6r att komma ig\u00e5ng!<\/strong><\/h2>    <p>Om du letar efter en effektiv valn\u00f6tsskal och k\u00e4rnseparator eller \u00f6nskar s\u00e4tta upp en komplett valn\u00f6tsskalningsproduktionslinje, kontakta oss. Vi kan ge dig l\u00e4mpliga l\u00f6sningar och teknisk support baserat p\u00e5 dina r\u00e5varor, produktionskapacitetskrav och till\u00e4mpningsscenarier.<\/p>","protected":false},"excerpt":{"rendered":"<p>This article mainly introduces the walnut shell and kernel separator. Taizy walnut shell and kernel separation machine can separate broken walnut shells from the kernels. This machine has a capacity of 400 kg\/hour and is suitable for nuts such as walnuts, almonds, and hazelnuts.<\/p>","protected":false},"author":1,"featured_media":1361,"parent":0,"template":"","tags":[61,76],"product-type":[77],"class_list":["post-1340","product","type-product","status-publish","has-post-thumbnail","hentry","tag-nut","tag-walnut","product-type-walnut-processing"],"_links":{"self":[{"href":"https:\/\/taizynut.com\/sw\/wp-json\/wp\/v2\/product\/1340","targetHints":{"allow":["GET"]}}],"collection":[{"href":"https:\/\/taizynut.com\/sw\/wp-json\/wp\/v2\/product"}],"about":[{"href":"https:\/\/taizynut.com\/sw\/wp-json\/wp\/v2\/types\/product"}],"author":[{"embeddable":true,"href":"https:\/\/taizynut.com\/sw\/wp-json\/wp\/v2\/users\/1"}],"wp:featuredmedia":[{"embeddable":true,"href":"https:\/\/taizynut.com\/sw\/wp-json\/wp\/v2\/media\/1361"}],"wp:attachment":[{"href":"https:\/\/taizynut.com\/sw\/wp-json\/wp\/v2\/media?parent=1340"}],"wp:term":[{"taxonomy":"post_tag","embeddable":true,"href":"https:\/\/taizynut.com\/sw\/wp-json\/wp\/v2\/tags?post=1340"},{"taxonomy":"product-type","embeddable":true,"href":"https:\/\/taizynut.com\/sw\/wp-json\/wp\/v2\/product-type?post=1340"}],"curies":[{"name":"wp","href":"https:\/\/api.w.org\/{rel}","templated":true}]}}