{"id":1343,"date":"2026-01-27T16:19:23","date_gmt":"2026-01-27T08:19:23","guid":{"rendered":"https:\/\/taizynut.com\/?post_type=product&#038;p=1343"},"modified":"2026-01-29T14:42:49","modified_gmt":"2026-01-29T06:42:49","slug":"1000kg-walnut-shelling-line","status":"publish","type":"product","link":"https:\/\/taizynut.com\/sw\/product\/1000kg-walnut-shelling-line\/","title":{"rendered":"Mstari wa maganda ya walnut wa kg 1000\/h"},"content":{"rendered":"<p class=\"translation-block\">Taizy <strong>laini ya kuvunja maganda ya walnut<\/strong> ni laini ya uzalishaji ya usindikaji wa karanga iliyojitegemea inayounganisha kugawa, kuvunja maganda, kutenganisha maganda &amp; kiini, na kugawa kiini. Laini yote ya uzalishaji ina uwezo thabiti wa hadi 1000kg\/h. Mbali na walnuts, laini hii pia inafaa kwa usindikaji wa karanga za macadamia.<\/p>    <figure class=\"wp-block-embed is-type-video is-provider-youtube wp-block-embed-youtube wp-embed-aspect-16-9 wp-has-aspect-ratio\"><div class=\"wp-block-embed__wrapper\"> <iframe loading=\"lazy\" title=\"Onyesho la Laini ya Huduma ya Kujitegemea ya Kuvunja Maganda ya Walnut | Vifaa vya Ufanisi vya Usindikaji wa Walnut#walnut\" width=\"500\" height=\"281\" src=\"https:\/\/www.youtube.com\/embed\/eRGeQ0J158M?feature=oembed\" frameborder=\"0\" allow=\"accelerometer; autoplay; clipboard-write; encrypted-media; gyroscope; picture-in-picture; web-share\" referrerpolicy=\"strict-origin-when-cross-origin\" allowfullscreen><\/iframe> <\/div><figcaption class=\"wp-element-caption\">video ya kazi ya laini ya kuvunja maganda ya walnut<\/figcaption><\/figure>    <h2 class=\"wp-block-heading\"><strong>Faida za laini ya usindikaji wa walnut<\/strong><\/h2>    <ul class=\"wp-block-list\"> <li><strong>Kiwango cha juu cha automatisering<\/strong>: Laini nzima ya kuvunja maganda ya walnut inaweza kufikia kila kitu kutoka kwa kulisha hadi kugawa viini vya walnut, kupunguza kazi ya mkono na kuboresha ufanisi wa usindikaji.<\/li>    <li><strong>Utoaji thabiti<\/strong>: Laini yetu ya usindikaji wa walnut ina uzalishaji thabiti, ikiwa na uwezo wa usindikaji wa hadi tani 1\/saa.<\/li>    <li><strong>Kiwango cha chini cha kuvunjika kwa kiini<\/strong>: Muundo wa kuvunja maganda na kutenganisha kiini wa laini hii umeundwa vizuri, kwa ufanisi kupunguza kiwango cha kuvunjika kwa kiini.<\/li>    <li><strong>Utegemezi mpana wa matumizi<\/strong>: Laini yetu ya kuondoa maganda ya walnut siyo tu inayofaa kwa walnuts bali pia kwa usindikaji wa karanga za macadamia.<\/li>    <li><strong>Ubinafsishaji unapatikana<\/strong>: Tunaweza kutoa miundo iliyobinafsishwa kulingana na ukubwa wa malighafi, voltage, na mpangilio wa eneo.<\/li> <\/ul>   <div class=\"wp-block-image\"> <figure class=\"aligncenter size-full\"><img loading=\"lazy\" decoding=\"async\" width=\"720\" height=\"540\" src=\"https:\/\/taizynut.com\/wp-content\/uploads\/2026\/01\/walnut-shelling-line.webp\" alt=\"laini ya kuvunja maganda ya walnut\" class=\"wp-image-1344\" title=\"\" srcset=\"https:\/\/taizynut.com\/wp-content\/uploads\/2026\/01\/walnut-shelling-line.webp 720w, https:\/\/taizynut.com\/wp-content\/uploads\/2026\/01\/walnut-shelling-line-300x225.webp 300w, https:\/\/taizynut.com\/wp-content\/uploads\/2026\/01\/walnut-shelling-line-16x12.webp 16w\" sizes=\"auto, (max-width: 720px) 100vw, 720px\" \/><figcaption class=\"wp-element-caption\">laini ya kuvunja maganda ya walnut<\/figcaption><\/figure> <\/div>   <h2 class=\"wp-block-heading\"><strong>Vifaa vya msingi kwa laini ya usindikaji wa walnut<\/strong><\/h2>    <p>Vifaa vya laini yetu ya kuvunja maganda ya walnut vinaweza kusanidiwa kulingana na mahitaji ya mteja. Usaidizi wa kawaida ni kama ifuatavyo:<\/p>    <ul class=\"wp-block-list\"> <li>Valn\u00f6tsgraderingsmaskin<\/li>    <li>Mashine ya kupasua korosho<\/li>    <li>Sehemu ya maganda na mbegu za walnut<\/li>    <li>Mashine ya kugawa kiini cha Waknut<\/li> <\/ul>    <h2 class=\"wp-block-heading\"><strong>Kuu<\/strong> <strong>hatua za kuvunja maganda ya walnut<\/strong><\/h2>    <p>Katika mchakato wa usindikaji wa walnut, mtiririko wa mchakato unaofaa ni muhimu ili kuhakikisha ufanisi wa kuvunja maganda na ubora wa bidhaa. Laini ya kuvunja maganda ya Taizy inakubali muundo endelevu na otomatiki, ikiwa na uendeshaji thabiti katika kila hatua kutoka kuingiza malighafi hadi uzalishaji wa bidhaa za mwisho. Hatua za laini ya uzalishaji ya kuvunja maganda ya walnut ni kama ifuatavyo:<\/p>    <p class=\"translation-block\"><strong>Kugawa walnut \u2192 kuvunja maganda \u2192 kutenganisha maganda na kiini \u2192 kugawa kiini cha walnut.<\/strong><\/p>   <div class=\"wp-block-image\"> <figure class=\"aligncenter size-full\"><img loading=\"lazy\" decoding=\"async\" width=\"720\" height=\"540\" src=\"https:\/\/taizynut.com\/wp-content\/uploads\/2026\/01\/walnut-processing-line.webp\" alt=\"laini ya usindikaji wa walnut\" class=\"wp-image-1345\" title=\"\" srcset=\"https:\/\/taizynut.com\/wp-content\/uploads\/2026\/01\/walnut-processing-line.webp 720w, https:\/\/taizynut.com\/wp-content\/uploads\/2026\/01\/walnut-processing-line-300x225.webp 300w, https:\/\/taizynut.com\/wp-content\/uploads\/2026\/01\/walnut-processing-line-16x12.webp 16w\" sizes=\"auto, (max-width: 720px) 100vw, 720px\" \/><figcaption class=\"wp-element-caption\">laini ya usindikaji wa walnut<\/figcaption><\/figure> <\/div>   <h3 class=\"wp-block-heading\"><strong>Hatua 1: Kugawa walnut<\/strong><\/h3>    <p>Walnuts mbichi zinaingizwa kwanza katika mashine ya kugawa walnuts kupitia lifti ya kuingiza, ambapo zinapangwa kwa mduara. Mchakato huu wa kugawa unahakikisha mgawanyiko wa nguvu sawa wakati wa kuvunja maganda, kwa ufanisi kupunguza kiwango cha kuvunjika kwa kiini.<\/p>    <p>Vifaa vinavyotumika katika hatua hii ni mashine ya kugawa walnut. Vigezo vyake ni kama ifuatavyo:<\/p>    <div class=\"wp-block-media-text is-stacked-on-mobile\"><figure class=\"wp-block-media-text__media\"><img loading=\"lazy\" decoding=\"async\" width=\"720\" height=\"540\" src=\"https:\/\/taizynut.com\/wp-content\/uploads\/2025\/12\/alomond-grading-machine.webp\" alt=\"walnut grading machine\" class=\"wp-image-1151 size-full\" title=\"\" srcset=\"https:\/\/taizynut.com\/wp-content\/uploads\/2025\/12\/alomond-grading-machine.webp 720w, https:\/\/taizynut.com\/wp-content\/uploads\/2025\/12\/alomond-grading-machine-300x225.webp 300w, https:\/\/taizynut.com\/wp-content\/uploads\/2025\/12\/alomond-grading-machine-16x12.webp 16w\" sizes=\"auto, (max-width: 720px) 100vw, 720px\" \/><\/figure><div class=\"wp-block-media-text__content\"> <p class=\"translation-block\"><strong>Mashine ya kugawa walnut<\/strong><\/p>    <p>Uwezo wa uzalishaji: 1000kg\/h<br>Vipimo: 5.5*1.1*2.5m<br>Uzito: 2300kg<br>Nyenzo: Chuma cha kaboni<br>Nguvu ya injini: 2.2kw<br>Voltage: 380V\/50Hz<br>Nyenzo: Chuma cha kaboni<br>Ps: Imegawanywa katika ngazi nne<\/p> <\/div><\/div>    <h3 class=\"wp-block-heading\"><strong>Hatua 2: Kuvunja maganda ya walnut<\/strong><\/h3>    <p class=\"translation-block\">Walnuts zilizogawanywa zinaingizwa katika <a href=\"https:\/\/taizynut.com\/sw\/product\/walnut-shelling-machine\/\">mashine za kuvunja maganda ya walnut<\/a> zinazolingana. Mashine tofauti za kuvunja maganda zimeundwa kushughulikia walnuts za ukubwa tofauti, zikifanikisha uwiano kati ya kiwango cha juu cha kuvunja maganda na kiwango cha chini cha kuvunjika kwa kiini.<\/p>    <p>Mashine yetu ya kuondoa maganda ya walnut inajulikana kwa kasi na ufanisi wake. Mbali na kusindika walnuts, pia inaweza kutumika kusindika karanga za macadamia. Maelezo yake ni kama ifuatavyo:<\/p>    <div class=\"wp-block-media-text is-stacked-on-mobile\"><figure class=\"wp-block-media-text__media\"><img loading=\"lazy\" decoding=\"async\" width=\"720\" height=\"540\" src=\"https:\/\/taizynut.com\/wp-content\/uploads\/2026\/01\/walnut-shelling-machine.webp\" alt=\"mashine ya kubomoa karanga\" class=\"wp-image-1330 size-full\" title=\"\" srcset=\"https:\/\/taizynut.com\/wp-content\/uploads\/2026\/01\/walnut-shelling-machine.webp 720w, https:\/\/taizynut.com\/wp-content\/uploads\/2026\/01\/walnut-shelling-machine-300x225.webp 300w, https:\/\/taizynut.com\/wp-content\/uploads\/2026\/01\/walnut-shelling-machine-16x12.webp 16w\" sizes=\"auto, (max-width: 720px) 100vw, 720px\" \/><\/figure><div class=\"wp-block-media-text__content\"> <p class=\"translation-block\"><strong>Mashine ya kuvunja maganda ya walnut<\/strong><\/p>    <p>Uwezo wa uzalishaji: 400kg\/h<br>Vipimo: 2.2*0.8*1.6m<br>Nguvu: 3kw<br>Voltage: 380V\/50Hz<br>Nyenzo: Chuma cha kaboni<br>PS: Kiasi kinaweza kuchaguliwa kulingana na mahitaji.<\/p> <\/div><\/div>    <h3 class=\"wp-block-heading\"><strong>Hatua 3: Kutenganisha maganda na kiini ya walnut<\/strong><\/h3>    <p>Mchanganyiko wa maganda na kiini, baada ya kuvunjwa, unaingia kwenye mashine ya kutenganisha maganda &amp; kiini. Mashine hii inatumia tofauti za uzito na eneo la uso kati ya maganda na kiini za walnut kutenganisha kwa ufanisi, ikitoa kiini cha walnut kilicho chenye usafi wa kutosha.<\/p>    <p>Separator hii ya maganda na kiini ya karanga ina matumizi mengi na inafaa kwa walnuts, almondi, pecans, karanga za macadamia, n.k. Maelezo ya kina ni kama ifuatavyo:<\/p>    <div class=\"wp-block-media-text is-stacked-on-mobile\"><figure class=\"wp-block-media-text__media\"><img loading=\"lazy\" decoding=\"async\" width=\"720\" height=\"540\" src=\"https:\/\/taizynut.com\/wp-content\/uploads\/2026\/01\/almond-shell-and-kernel-separator-machine.webp\" alt=\"Innan separation\" class=\"wp-image-1303 size-full\" title=\"\" srcset=\"https:\/\/taizynut.com\/wp-content\/uploads\/2026\/01\/almond-shell-and-kernel-separator-machine.webp 720w, https:\/\/taizynut.com\/wp-content\/uploads\/2026\/01\/almond-shell-and-kernel-separator-machine-300x225.webp 300w, https:\/\/taizynut.com\/wp-content\/uploads\/2026\/01\/almond-shell-and-kernel-separator-machine-16x12.webp 16w\" sizes=\"auto, (max-width: 720px) 100vw, 720px\" \/><\/figure><div class=\"wp-block-media-text__content\"> <p class=\"translation-block\"><strong>Separator ya maganda na kiini ya walnut<\/strong><\/p>    <p>Vipimo: 2.6*1.1*1.6m<br>Nguvu: 1.5 kw<br>Voltage: 380V\/50Hz<br>Nyenzo: Chuma cha kaboni<\/p> <\/div><\/div>    <h3 class=\"wp-block-heading\"><strong>Hatua 4: Kugawa kiini cha walnut<\/strong><\/h3>    <p>Kiini zilizotenganishwa za walnut zinasafirishwa kwenda kwenye mashine ya kugawa kiini cha walnut. Mashine ya kugawa kiini inaweza kugawa viini kulingana na ukubwa wao tofauti. Viini vilivyogawanywa vinaweza kukidhi vizuri mahitaji ya masoko na mahitaji ya usindikaji tofauti.<\/p>    <div class=\"wp-block-media-text is-stacked-on-mobile\"><figure class=\"wp-block-media-text__media\"><img loading=\"lazy\" decoding=\"async\" width=\"720\" height=\"540\" src=\"https:\/\/taizynut.com\/wp-content\/uploads\/2025\/12\/kernel-grading-machine.webp\" alt=\"Mashine ya kupima ubora wa kernel\" class=\"wp-image-1155 size-full\" title=\"\" srcset=\"https:\/\/taizynut.com\/wp-content\/uploads\/2025\/12\/kernel-grading-machine.webp 720w, https:\/\/taizynut.com\/wp-content\/uploads\/2025\/12\/kernel-grading-machine-300x225.webp 300w, https:\/\/taizynut.com\/wp-content\/uploads\/2025\/12\/kernel-grading-machine-16x12.webp 16w\" sizes=\"auto, (max-width: 720px) 100vw, 720px\" \/><\/figure><div class=\"wp-block-media-text__content\"> <p class=\"translation-block\"><strong>Mashine ya kugawa kiini cha walnut<\/strong><\/p>    <p>Vipimo: 1500*800*1250 mm<br>Nguvu: 0.75 kw<br>Ngazi za upangaji: 5<\/p> <\/div><\/div>    <h2 class=\"wp-block-heading\"><strong>Matumizi ya laini ya kuvunja maganda ya walnut<\/strong><\/h2>    <p>Laini ya kuvunja maganda ya walnut inaweza kutumika kusindika walnuts na karanga za macadamia. Inatumika sana katika sekta mbalimbali za usindikaji wa karanga, inafaa kwa usindikaji wa awali na kukidhi mahitaji ya usambazaji thabiti wa biashara za usindikaji kwa kina. Sekta zinazofaa ni pamoja na:<\/p>    <ul class=\"wp-block-list\"> <li>Sekta ya kuoka<\/li>    <li>Sekta ya usindikaji wa karanga kwa kina<\/li>    <li>Usindikaji wa vyakula vya vitafunwa<\/li> <\/ul>    <figure class=\"wp-block-gallery has-nested-images columns-default is-cropped wp-block-gallery-2 is-layout-flex wp-block-gallery-is-layout-flex\"> <figure class=\"wp-block-image size-large\"><img loading=\"lazy\" decoding=\"async\" width=\"720\" height=\"540\" data-id=\"1346\" src=\"https:\/\/taizynut.com\/wp-content\/uploads\/2026\/01\/application-of-walnut-pocessing-line.webp\" alt=\"matumizi ya laini ya usindikaji wa walnut\" class=\"wp-image-1346\" title=\"\" srcset=\"https:\/\/taizynut.com\/wp-content\/uploads\/2026\/01\/application-of-walnut-pocessing-line.webp 720w, https:\/\/taizynut.com\/wp-content\/uploads\/2026\/01\/application-of-walnut-pocessing-line-300x225.webp 300w, https:\/\/taizynut.com\/wp-content\/uploads\/2026\/01\/application-of-walnut-pocessing-line-16x12.webp 16w\" sizes=\"auto, (max-width: 720px) 100vw, 720px\" \/><figcaption class=\"wp-element-caption\">Matumizi ya Laini ya Usindikaji wa Walnut<\/figcaption><\/figure>    <figure class=\"wp-block-image size-large\"><img loading=\"lazy\" decoding=\"async\" width=\"720\" height=\"540\" data-id=\"1347\" src=\"https:\/\/taizynut.com\/wp-content\/uploads\/2026\/01\/application-of-walnut-shelling-line.webp\" alt=\"matumizi ya laini ya kuvunja maganda ya walnut\" class=\"wp-image-1347\" title=\"\" srcset=\"https:\/\/taizynut.com\/wp-content\/uploads\/2026\/01\/application-of-walnut-shelling-line.webp 720w, https:\/\/taizynut.com\/wp-content\/uploads\/2026\/01\/application-of-walnut-shelling-line-300x225.webp 300w, https:\/\/taizynut.com\/wp-content\/uploads\/2026\/01\/application-of-walnut-shelling-line-16x12.webp 16w\" sizes=\"auto, (max-width: 720px) 100vw, 720px\" \/><figcaption class=\"wp-element-caption\">Matumizi ya Laini ya Kuvunja Maganda ya Walnut<\/figcaption><\/figure> <\/figure>    <h2 class=\"wp-block-heading\"><strong>Bei ya laini ya usindikaji wa walnut<\/strong><\/h2>    <p>Bei ya laini ya kuvunja maganda ya walnut hairuhusiwi kuwa thabiti lakini huamuliwa na mchanganyiko wa sababu, hasa zifuatazo:<\/p>    <ul class=\"wp-block-list\"> <li><strong>Uwezo wa uzalishaji na uwezo wa usindikaji<\/strong>: Wateja tofauti wana mahitaji tofauti ya uzalishaji, na usanidi wa vifaa pamoja na mzigo wa kazi vitawekwa ipasavyo. Uwezo mkubwa wa uzalishaji unasababisha usanidi wa laini na bei ya juu kwa ujumla.<\/li>    <li><strong>Mchanganyiko wa usanidi wa mashine<\/strong>: Usaidizi wa vifaa wa laini ya usindikaji wa walnut hubadilika kulingana na mahitaji ya mteja, ambayo pia huathiri bei.<\/li>    <li><strong>Mahitaji ya ubinafsishaji<\/strong>: Hii inajumuisha voltage na mzunguko vilivyoamilishwa, nyenzo za vifaa, na uwezo wa kuendana na walnuts pamoja na macadamia. Kadri daraja la ubinafsishaji lilivyo juu, ndivyo gharama itakavyokuwa kubwa zaidi.<\/li>    <li><strong>Sera za usafirishaji na mahali pa kutuma<\/strong>: Nchi na mikoa tofauti zina njia tofauti za usafirishaji, mahitaji ya vifungashio, ushuru wa forodha, na sera za ukaguzi, zikisababisha gharama za mwisho za utoaji kutofautiana.<\/li> <\/ul>    <h2 class=\"wp-block-heading\"><strong>Maswali Yanayoulizwa Mara kwa Mara kuhusu laini ya uzalishaji ya kuvunja maganda ya walnut<\/strong><\/h2>   <div id=\"rank-math-faq\" class=\"rank-math-block\"> <div class=\"rank-math-list\"> <div id=\"faq-question-1769397818050\" class=\"rank-math-list-item\"> <h3 class=\"rank-math-question\">Vilka material kan bearbetas?<\/h3> <div class=\"rank-math-answer\">  <p>Walnuts na karanga za macadamia.<\/p>  <\/div> <\/div> <div id=\"faq-question-1769397913797\" class=\"rank-math-list-item\"> <h3 class=\"rank-math-question\">Uwezo wa uzalishaji ni gani?<\/h3> <div class=\"rank-math-answer\">  <p>1000 kg\/h (inaweza kubinafsishwa kulingana na mahitaji).<\/p>  <\/div> <\/div> <div id=\"faq-question-1769397972384\" class=\"rank-math-list-item\"> <h3 class=\"rank-math-question\">Je, huduma za ubinafsishaji wa voltage zinapatikana?<\/h3> <div class=\"rank-math-answer\">  <p>Voltage inaweza kubinafsishwa kulingana na eneo.<\/p>  <\/div> <\/div> <div id=\"faq-question-1769398125998\" class=\"rank-math-list-item\"> <h3 class=\"rank-math-question\">Je, inawezekana kurekebisha upangaji wa laini ya uzalishaji?<\/h3> <div class=\"rank-math-answer\">  <p>Laini nzima ya kuvunja maganda ya walnut inatumia muundo wa moduli, ikiruhusu upangaji unaobadilika kulingana na nafasi iliyopo.<\/p>  <\/div> <\/div> <\/div> <\/div>   <h2 class=\"wp-block-heading\"><strong>Varf\u00f6r v\u00e4lja Taizy som din leverant\u00f6r?<\/strong><\/h2>    <ul class=\"wp-block-list\"> <li>Tunatengeneza na kuuza bidhaa zetu moja kwa moja, ikitoa bei za ushindani zaidi.<\/li>    <li>Tunatoa anuwai kamili ya vifaa vya usindikaji wa karanga na tuna uzoefu mkubwa.<\/li>    <li>Operesheni zetu za kuuza nje zimeimarika vizuri, zikisaidia voltage na viwango mbalimbali vya kitaifa.<\/li>    <li>Tunatoa muundo kamili wa laini ya uzalishaji na msaada wa baada ya mauzo.<\/li> <\/ul>    <h2 class=\"wp-block-heading\"><strong>Kontakta oss omedelbart!<\/strong><\/h2>    <p>Ikiwa unatafuta laini ya ufanisi ya kuvunja maganda ya walnut au laini nyingine za usindikaji wa karanga, tafadhali jisikie huru kuwasiliana nasi. Tunaweza kubinafsisha suluhisho linalofaa la usindikaji kwa msingi wa sifa za malighafi zako, mahitaji ya uzalishaji, na bajeti.<\/p>","protected":false},"excerpt":{"rendered":"<p>This article describes a 1000 kg\/h walnut shelling line, mainly composed of walnut grading machine, walnut shelling machine, shell-kernel separation machine, and walnut kernel grading machine. This production line is suitable for processing walnuts and macadamia nuts.<\/p>","protected":false},"author":1,"featured_media":1359,"parent":0,"template":"","tags":[61,76],"product-type":[29,77],"class_list":["post-1343","product","type-product","status-publish","has-post-thumbnail","hentry","tag-nut","tag-walnut","product-type-product-line","product-type-walnut-processing"],"_links":{"self":[{"href":"https:\/\/taizynut.com\/sw\/wp-json\/wp\/v2\/product\/1343","targetHints":{"allow":["GET"]}}],"collection":[{"href":"https:\/\/taizynut.com\/sw\/wp-json\/wp\/v2\/product"}],"about":[{"href":"https:\/\/taizynut.com\/sw\/wp-json\/wp\/v2\/types\/product"}],"author":[{"embeddable":true,"href":"https:\/\/taizynut.com\/sw\/wp-json\/wp\/v2\/users\/1"}],"wp:featuredmedia":[{"embeddable":true,"href":"https:\/\/taizynut.com\/sw\/wp-json\/wp\/v2\/media\/1359"}],"wp:attachment":[{"href":"https:\/\/taizynut.com\/sw\/wp-json\/wp\/v2\/media?parent=1343"}],"wp:term":[{"taxonomy":"post_tag","embeddable":true,"href":"https:\/\/taizynut.com\/sw\/wp-json\/wp\/v2\/tags?post=1343"},{"taxonomy":"product-type","embeddable":true,"href":"https:\/\/taizynut.com\/sw\/wp-json\/wp\/v2\/product-type?post=1343"}],"curies":[{"name":"wp","href":"https:\/\/api.w.org\/{rel}","templated":true}]}}