{"id":1542,"date":"2026-02-27T14:19:54","date_gmt":"2026-02-27T06:19:54","guid":{"rendered":"https:\/\/taizynut.com\/?post_type=product&#038;p=1542"},"modified":"2026-02-27T14:19:55","modified_gmt":"2026-02-27T06:19:55","slug":"almond-slicing-machine","status":"publish","type":"product","link":"https:\/\/taizynut.com\/sw\/product\/almond-slicing-machine\/","title":{"rendered":"Mandelskivningsmaskin"},"content":{"rendered":"<p class=\"translation-block\"><strong>Mashine ya kukata mlozi<\/strong> ni mashine ya usindikaji wa chakula iliyoundwa mahsusi kwa kukata mlozi kwa unene mdogo. Inapata kukata sawasawa na kuendelea. Mashine yetu ya kukata mlozi inafanya kazi kwa utulivu, na unene wa kukata unaweza kubadilishwa (0.05-1.2mm). Pia ina ufanisi wa juu (200-300kg\/h).<\/p>    <p>Mashine ya kukata mlozi ya Taizy inafaa kwa malighafi mbalimbali za mlozi kama mlozi, karanga, na kashew. Inatumika sana katika viwanda vya usindikaji wa vyakula, viwanda vya kuoka, na mashirika ya usindikaji wa mlozi wa kina. Ikiwa una mahitaji yoyote, tafadhali wasiliana nasi kwa habari zaidi!<\/p>    <h2 class=\"wp-block-heading\"><strong>Manufaa ya mashine ya kukata mlozi<\/strong><\/h2>    <ul class=\"wp-block-list\"> <li>Unene wa kukata unaoweza kubadilishwa <ul class=\"wp-block-list\"> <li>Mkoa wa kukata ni 0.05\u20131.2mm, unaoweza kubadilishwa kwa urahisi kulingana na mahitaji tofauti ya bidhaa.<\/li> <\/ul> <\/li>    <li>Kukata sawasawa <ul class=\"wp-block-list\"> <li>Kikundi cha blade kilichopangwa kwa mantiki kinahakikisha unene wa kukata unaoendelea, kiwango cha chini cha kuvunjika, na ubora wa muonekano wa bidhaa.<\/li> <\/ul> <\/li>    <li>Utoaji thabiti <ul class=\"wp-block-list\"> <li>Mashine yetu ya kukata mlozi inaweza kushughulikia kilo 200\u2013300 za malighafi kwa saa, ikikidhi mahitaji ya uzalishaji mkubwa.<\/li> <\/ul> <\/li>    <li>Uendeshaji rahisi <ul class=\"wp-block-list\"> <li>Muundo wa kina wa muundo unahakikisha uendeshaji thabiti na matengenezo rahisi, kupunguza ugumu wa uendeshaji wa mikono.<\/li> <\/ul> <\/li>    <li>Inafaa kwa mlozi mbalimbali <ul class=\"wp-block-list\"> <li>Mbali na mlozi, mashine ya kukata mlozi pia inaweza kutumika kwa kukata karanga, kashew, na mlozi wengine, na kufanya kuwa mashine ya matumizi mengi.<\/li> <\/ul> <\/li> <\/ul>    <figure class=\"wp-block-gallery has-nested-images columns-default is-cropped wp-block-gallery-2 is-layout-flex wp-block-gallery-is-layout-flex\"> <figure class=\"wp-block-image size-large\"><img loading=\"lazy\" decoding=\"async\" width=\"540\" height=\"720\" data-id=\"1545\" src=\"https:\/\/taizynut.com\/wp-content\/uploads\/2026\/02\/almond-slice-cutting-machine.webp\" alt=\"almond slice cutting machine\" class=\"wp-image-1545\" title=\"\" srcset=\"https:\/\/taizynut.com\/wp-content\/uploads\/2026\/02\/almond-slice-cutting-machine.webp 540w, https:\/\/taizynut.com\/wp-content\/uploads\/2026\/02\/almond-slice-cutting-machine-225x300.webp 225w, https:\/\/taizynut.com\/wp-content\/uploads\/2026\/02\/almond-slice-cutting-machine-9x12.webp 9w\" sizes=\"auto, (max-width: 540px) 100vw, 540px\" \/><figcaption class=\"wp-element-caption\">Mashine ya Kukata Mlozi<\/figcaption><\/figure>    <figure class=\"wp-block-image size-large\"><img loading=\"lazy\" decoding=\"async\" width=\"540\" height=\"720\" data-id=\"1546\" src=\"https:\/\/taizynut.com\/wp-content\/uploads\/2026\/02\/almond-slicing-equipment.webp\" alt=\"almond slicing equipment\" class=\"wp-image-1546\" title=\"\" srcset=\"https:\/\/taizynut.com\/wp-content\/uploads\/2026\/02\/almond-slicing-equipment.webp 540w, https:\/\/taizynut.com\/wp-content\/uploads\/2026\/02\/almond-slicing-equipment-225x300.webp 225w, https:\/\/taizynut.com\/wp-content\/uploads\/2026\/02\/almond-slicing-equipment-9x12.webp 9w\" sizes=\"auto, (max-width: 540px) 100vw, 540px\" \/><figcaption class=\"wp-element-caption\">Vifaa vya Kukata Mlozi<\/figcaption><\/figure> <\/figure>    <h2 class=\"wp-block-heading\"><strong>Maombi ya mashine ya kukata mlozi<\/strong><\/h2>    <p>Mashine ya kukata mlozi ya Taizy inaweza kushughulikia si tu mlozi, bali pia karanga, kashew, na mlozi wengine. Mashine hii ya kukata mlozi hutumika sana katika hali zifuatazo:<\/p>    <ul class=\"wp-block-list\"> <li>Viwanda vya usindikaji wa mlozi<\/li>    <li>Wauzaji wa viungo vya kukaanga<\/li>    <li>Mashirika ya usindikaji wa vyakula<\/li>    <li>Mstari wa uzalishaji wa usindikaji wa kina wa mlozi<\/li> <\/ul>    <p class=\"translation-block\">Mashine hii ya kukata mlozi pia inaweza kutumika pamoja na <a href=\"https:\/\/taizynut.com\/sw\/product\/almond-shelling-machine\/\">kifaa cha kuondoa mlozi<\/a> na <a href=\"https:\/\/taizynut.com\/sw\/product\/wet-almond-peeling-machine\/\">kifaa cha kuondoa ngozi ya mlozi<\/a> ili kuunda mchakato kamili wa usindikaji wa mlozi.<\/p>   <div class=\"wp-block-image\"> <figure class=\"aligncenter size-full\"><img loading=\"lazy\" decoding=\"async\" width=\"720\" height=\"540\" src=\"https:\/\/taizynut.com\/wp-content\/uploads\/2026\/02\/application-of-almond-nut-slicing-machine.webp\" alt=\"maombi ya mashine ya kukata mlozi\" class=\"wp-image-1547\" title=\"\" srcset=\"https:\/\/taizynut.com\/wp-content\/uploads\/2026\/02\/application-of-almond-nut-slicing-machine.webp 720w, https:\/\/taizynut.com\/wp-content\/uploads\/2026\/02\/application-of-almond-nut-slicing-machine-300x225.webp 300w, https:\/\/taizynut.com\/wp-content\/uploads\/2026\/02\/application-of-almond-nut-slicing-machine-16x12.webp 16w\" sizes=\"auto, (max-width: 720px) 100vw, 720px\" \/><figcaption class=\"wp-element-caption\">maombi ya mashine ya kukata mlozi<\/figcaption><\/figure> <\/div>   <h2 class=\"wp-block-heading\"><strong>Vigezo vya mashine ya kukata mlozi<\/strong><\/h2>    <figure class=\"wp-block-table\"><table class=\"has-fixed-layout\"><tbody><tr><td>Ukubwa wa mashine<\/td><td>650*600*1100mm<\/td><\/tr><tr><td>Voltage<\/td><td>220v\/380v<\/td><\/tr><tr><td>Nguvu<\/td><td>2.2kw<\/td><\/tr><tr><td>Unene wa kukata<\/td><td>0.05-1.2mm<\/td><\/tr><tr><td>Uwezo<\/td><td>200-300kg \/ h<\/td><\/tr><tr><td>Uzito<\/td><td>170kg<\/td><\/tr><\/tbody><\/table><figcaption class=\"wp-element-caption\">maelezo ya mashine ya kukata mlozi<\/figcaption><\/figure>    <ul class=\"wp-block-list\"> <li>Mashine yetu ya kukata mlozi imetengenezwa kwa chuma cha pua.<\/li>    <li>The machine&#8217;s voltage can be customized according to customer requirements.<\/li>    <li>Mazao halisi yatatofautiana kulingana na ukubwa wa malighafi, unyevu, na unene wa kukata.<\/li> <\/ul>    <h2 class=\"wp-block-heading\"><strong>Ni mambo gani yanapaswa kuzingatiwa wakati wa kuchagua mlozi?<\/strong><\/h2>    <p>Wakati wa kuchagua mashine ya kukata mlozi, inashauriwa kuzingatia mambo yafuatayo:<\/p>    <ul class=\"wp-block-list\"> <li>Mkoa wa marekebisho ya unene wa kukata<\/li>    <li>Mahitaji halisi ya uzalishaji<\/li>    <li>Kulinganisha Voltage<\/li>    <li>Uimara na uthabiti wa vifaa<\/li>    <li>Rahisi kusafisha na matengenezo<\/li> <\/ul>    <p>Kuchagua mashine ya kukata mlozi inayofaa kunaweza kusaidia kuboresha ufanisi wa uzalishaji na kupunguza gharama kwa ujumla.<\/p>   <div class=\"wp-block-image\"> <figure class=\"aligncenter size-full\"><img loading=\"lazy\" decoding=\"async\" width=\"720\" height=\"540\" src=\"https:\/\/taizynut.com\/wp-content\/uploads\/2026\/02\/almond-cutting-machine.webp\" alt=\"mashine ya kukata mlozi\" class=\"wp-image-1551\" title=\"\" srcset=\"https:\/\/taizynut.com\/wp-content\/uploads\/2026\/02\/almond-cutting-machine.webp 720w, https:\/\/taizynut.com\/wp-content\/uploads\/2026\/02\/almond-cutting-machine-300x225.webp 300w, https:\/\/taizynut.com\/wp-content\/uploads\/2026\/02\/almond-cutting-machine-16x12.webp 16w\" sizes=\"auto, (max-width: 720px) 100vw, 720px\" \/><figcaption class=\"wp-element-caption\">mashine ya kukata mlozi<\/figcaption><\/figure> <\/div>   <h2 class=\"wp-block-heading\"><strong>Vitu vinavyosababisha bei ya mashine ya kukata mlozi<\/strong><\/h2>    <p>Bei ya mashine ya kukata mlozi kwa ujumla inahusiana na mambo mbalimbali, na usanidi tofauti na mahitaji yanavyoathiri moja kwa moja gharama ya jumla ya uwekezaji. Hizi ni pamoja na:<\/p>    <ol class=\"wp-block-list\"> <li>Mipangilio ya vifaa na vifaa <ul class=\"wp-block-list\"> <li>Mahitaji ya vifaa vya kiwango cha chakula, ubora wa blade, na chapa ya motor yote yanathiri gharama ya vifaa.<\/li> <\/ul> <\/li>    <li>Uzalishaji na muundo wa muundo <ul class=\"wp-block-list\"> <li>Mahitaji tofauti ya uzalishaji yanahitaji nguvu tofauti za muundo na usanidi wa motor.<\/li> <\/ul> <\/li>    <li>Voltage na mahitaji ya kubinafsisha <ul class=\"wp-block-list\"> <li>Mahitaji ya voltage maalum au kazi zilizobinafsishwa pia yataathiri bei ya mwisho.<\/li> <\/ul> <\/li>    <li>Usafiri na huduma baada ya mauzo <ul class=\"wp-block-list\"> <li>Njia za usafirishaji wa usafirishaji wa nje, mahitaji ya ufungaji, na wigo wa msaada wa baada ya mauzo pia yataathiri gharama jumla.<\/li> <\/ul> <\/li> <\/ol>    <p>Kwa hivyo, wakati wa kuchagua mashine ya kukata mlozi, bei, ubora, na ufanisi wa uzalishaji vinapaswa kuzingatiwa kwa ujumla.<\/p>    <figure class=\"wp-block-gallery has-nested-images columns-default is-cropped wp-block-gallery-3 is-layout-flex wp-block-gallery-is-layout-flex\"> <figure class=\"wp-block-image size-large\"><img loading=\"lazy\" decoding=\"async\" width=\"540\" height=\"720\" data-id=\"1552\" src=\"https:\/\/taizynut.com\/wp-content\/uploads\/2026\/02\/almond-slicing-machine.webp\" alt=\"Kifurushi cha mashine ya kukata mlozi\" class=\"wp-image-1552\" title=\"\" srcset=\"https:\/\/taizynut.com\/wp-content\/uploads\/2026\/02\/almond-slicing-machine.webp 540w, https:\/\/taizynut.com\/wp-content\/uploads\/2026\/02\/almond-slicing-machine-225x300.webp 225w, https:\/\/taizynut.com\/wp-content\/uploads\/2026\/02\/almond-slicing-machine-9x12.webp 9w\" sizes=\"auto, (max-width: 540px) 100vw, 540px\" \/><figcaption class=\"wp-element-caption\">Mashine ya Kukata Mlozi<\/figcaption><\/figure>    <figure class=\"wp-block-image size-large\"><img loading=\"lazy\" decoding=\"async\" width=\"540\" height=\"720\" data-id=\"1553\" src=\"https:\/\/taizynut.com\/wp-content\/uploads\/2026\/02\/almond-slicer.webp\" alt=\"almond slicer\" class=\"wp-image-1553\" title=\"\" srcset=\"https:\/\/taizynut.com\/wp-content\/uploads\/2026\/02\/almond-slicer.webp 540w, https:\/\/taizynut.com\/wp-content\/uploads\/2026\/02\/almond-slicer-225x300.webp 225w, https:\/\/taizynut.com\/wp-content\/uploads\/2026\/02\/almond-slicer-9x12.webp 9w\" sizes=\"auto, (max-width: 540px) 100vw, 540px\" \/><figcaption class=\"wp-element-caption\">Kata mlozi<\/figcaption><\/figure> <\/figure>    <h2 class=\"wp-block-heading\"><strong>Varf\u00f6r v\u00e4lja Taizy som din leverant\u00f6r?<\/strong><\/h2>    <p>Kuchagua muuzaji wa mashine ya kukata mlozi wa kitaalamu ni muhimu kuhakikisha utendaji wa vifaa na uendeshaji wa kudumu wa muda mrefu. Kwa kuchagua Taizy, utapata:<\/p>    <ol class=\"wp-block-list\"> <li>Ubora wa vifaa unaotegemewa na thabiti<\/li>    <li>Uzoefu mkubwa wa usafirishaji nje ya nchi<\/li>    <li>Msaada wa kiufundi wa kitaalamu<\/li>    <li>Suluhisho zilizobinafsishwa<\/li> <\/ol>   <div class=\"wp-block-image\"> <figure class=\"aligncenter size-full\"><img loading=\"lazy\" decoding=\"async\" width=\"720\" height=\"540\" src=\"https:\/\/taizynut.com\/wp-content\/uploads\/2026\/02\/almond-nut-slicing-machine.webp\" alt=\"Mashine ya kukata mlozi\" class=\"wp-image-1548\" title=\"\" srcset=\"https:\/\/taizynut.com\/wp-content\/uploads\/2026\/02\/almond-nut-slicing-machine.webp 720w, https:\/\/taizynut.com\/wp-content\/uploads\/2026\/02\/almond-nut-slicing-machine-300x225.webp 300w, https:\/\/taizynut.com\/wp-content\/uploads\/2026\/02\/almond-nut-slicing-machine-16x12.webp 16w\" sizes=\"auto, (max-width: 720px) 100vw, 720px\" \/><figcaption class=\"wp-element-caption\">Mashine ya kukata mlozi<\/figcaption><\/figure> <\/div>   <h2 class=\"wp-block-heading\"><strong>Kesi ya usafirishaji wa mashine ya kukata mlozi ya Taizy<\/strong><\/h2>    <p>Hivi karibuni tumeweza kuuza mashine yetu ya kukata mlozi hadi Austria. Mashine hii inatumika katika mradi wa usambazaji wa viungo vya kukaanga kwa kampuni ya usindikaji wa mlozi ya eneo hilo.<\/p>    <p>After the equipment was put into operation, the client&#8217;s feedback was as follows:<\/p>    <ul class=\"wp-block-list\"> <li>Unene wa kukata sawasawa.<\/li>    <li>Uzalishaji wa saa wa thabiti wa takriban kilo 250.<\/li>    <li>Kupunguzwa kwa kiwango kikubwa cha kuvunjika kwa malighafi.<\/li>    <li>Gharama za kazi zimepunguzwa kwa takriban asilimia 35.<\/li> <\/ul>    <figure class=\"wp-block-gallery has-nested-images columns-default is-cropped wp-block-gallery-4 is-layout-flex wp-block-gallery-is-layout-flex\"> <figure class=\"wp-block-image size-large\"><img loading=\"lazy\" decoding=\"async\" width=\"540\" height=\"720\" data-id=\"1549\" src=\"https:\/\/taizynut.com\/wp-content\/uploads\/2026\/02\/almond-nut-slicer.webp\" alt=\"almond nut slicer\" class=\"wp-image-1549\" title=\"\" srcset=\"https:\/\/taizynut.com\/wp-content\/uploads\/2026\/02\/almond-nut-slicer.webp 540w, https:\/\/taizynut.com\/wp-content\/uploads\/2026\/02\/almond-nut-slicer-225x300.webp 225w, https:\/\/taizynut.com\/wp-content\/uploads\/2026\/02\/almond-nut-slicer-9x12.webp 9w\" sizes=\"auto, (max-width: 540px) 100vw, 540px\" \/><figcaption class=\"wp-element-caption\">Kata mlozi<\/figcaption><\/figure>    <figure class=\"wp-block-image size-large\"><img loading=\"lazy\" decoding=\"async\" width=\"540\" height=\"720\" data-id=\"1550\" src=\"https:\/\/taizynut.com\/wp-content\/uploads\/2026\/02\/almond-slicing-machine-package.webp\" alt=\"almond slicing machine package\" class=\"wp-image-1550\" title=\"\" srcset=\"https:\/\/taizynut.com\/wp-content\/uploads\/2026\/02\/almond-slicing-machine-package.webp 540w, https:\/\/taizynut.com\/wp-content\/uploads\/2026\/02\/almond-slicing-machine-package-225x300.webp 225w, https:\/\/taizynut.com\/wp-content\/uploads\/2026\/02\/almond-slicing-machine-package-9x12.webp 9w\" sizes=\"auto, (max-width: 540px) 100vw, 540px\" \/><figcaption class=\"wp-element-caption\">Kifaa cha Kukata Mlozi wa Mlozi<\/figcaption><\/figure> <\/figure>    <h2 class=\"wp-block-heading\"><strong>\u00a1Cont\u00e1ctanos para m\u00e1s informaci\u00f3n!<\/strong><\/h2>    <p>Mashine ya kukata mlozi ni vifaa muhimu katika usindikaji wa kina wa mlozi. Vifaa hivi vina sifa ya kukata sawasawa, uzalishaji thabiti, na unene unaoweza kubadilishwa, kuboresha ubora wa bidhaa na ufanisi wa uzalishaji kwa ufanisi.<\/p>    <p>Ikiwa unatafuta suluhisho la kukata mlozi lenye ufanisi wa juu na utulivu, tafadhali wasiliana nasi kwa habari zaidi!<\/p>","protected":false},"excerpt":{"rendered":"<p>This article mainly introduces the Taizy almond slicing machine. This equipment can slice peanuts, almonds, and cashews into thin slices of 0.05-1.2 mm, with a processing speed of 200-300 kg\/hour.<\/p>","protected":false},"author":1,"featured_media":1544,"parent":0,"template":"","tags":[68],"product-type":[74],"class_list":["post-1542","product","type-product","status-publish","has-post-thumbnail","hentry","tag-almond","product-type-almond-processing"],"_links":{"self":[{"href":"https:\/\/taizynut.com\/sw\/wp-json\/wp\/v2\/product\/1542","targetHints":{"allow":["GET"]}}],"collection":[{"href":"https:\/\/taizynut.com\/sw\/wp-json\/wp\/v2\/product"}],"about":[{"href":"https:\/\/taizynut.com\/sw\/wp-json\/wp\/v2\/types\/product"}],"author":[{"embeddable":true,"href":"https:\/\/taizynut.com\/sw\/wp-json\/wp\/v2\/users\/1"}],"wp:featuredmedia":[{"embeddable":true,"href":"https:\/\/taizynut.com\/sw\/wp-json\/wp\/v2\/media\/1544"}],"wp:attachment":[{"href":"https:\/\/taizynut.com\/sw\/wp-json\/wp\/v2\/media?parent=1542"}],"wp:term":[{"taxonomy":"post_tag","embeddable":true,"href":"https:\/\/taizynut.com\/sw\/wp-json\/wp\/v2\/tags?post=1542"},{"taxonomy":"product-type","embeddable":true,"href":"https:\/\/taizynut.com\/sw\/wp-json\/wp\/v2\/product-type?post=1542"}],"curies":[{"name":"wp","href":"https:\/\/api.w.org\/{rel}","templated":true}]}}