{"id":167,"date":"2022-08-26T08:13:15","date_gmt":"2022-08-26T08:13:15","guid":{"rendered":"https:\/\/taizynut.com\/?post_type=product&#038;p=167"},"modified":"2024-12-23T11:32:14","modified_gmt":"2024-12-23T03:32:14","slug":"six-row-peanut-seeder","status":"publish","type":"product","link":"https:\/\/taizynut.com\/sw\/product\/six-row-peanut-seeder\/","title":{"rendered":"Mche wa mbegu za karanga za safu sita | kuchimba mbegu za karanga"},"content":{"rendered":"<p class=\"translation-block\">Sehemu sita za kupanda njugu ni mashine ya kupanda njugu. Kipengele kikubwa zaidi ni kwamba inaweza kufikia upandaji wa safu sita kwa wakati mmoja, ambayo inaboresha ufanisi wa upandaji wa njugu. Inafaa sana kwa upandaji wa kiwango kikubwa. Wakati wa kupanda kwenye kipanda njugu, inaweza kufunika udongo, kufunika filamu, na kurutubisha. Inafaa kwa mchanga mchanga\/udongo laini (hakuna mawe), na ni faida kwa matokeo ya vertebrae ya pili na njugu, kuongeza mavuno kwa karibu 10%. Kuna <a href=\"https:\/\/taizynut.com\/sw\/product\/peanut-planting-machine\/\" data-type=\"URL\" data-id=\"https:\/\/taizynut.com\/product\/peanut-planting-machine\/\">mifano tofauti za vipanda njugu<\/a>, hii ni mfano mkubwa zaidi.<\/p>    <h2 class=\"wp-block-heading\" id=\"h-how-to-set-the-seeding-depth\">Jinsi ya kuweka kina cha mbegu za karanga?<\/h2>   <div class=\"wp-block-image\"> <figure class=\"aligncenter size-full\"><img loading=\"lazy\" decoding=\"async\" width=\"720\" height=\"540\" src=\"https:\/\/taizynut.com\/wp-content\/uploads\/2022\/08\/Six-row-peanut-seeder-working.webp\" alt=\"Chombo cha mbegu za karanga cha safu sita kinafanya kazi\" class=\"wp-image-170\" title=\"\" srcset=\"https:\/\/taizynut.com\/wp-content\/uploads\/2022\/08\/Six-row-peanut-seeder-working.webp 720w, https:\/\/taizynut.com\/wp-content\/uploads\/2022\/08\/Six-row-peanut-seeder-working-300x225.webp 300w\" sizes=\"auto, (max-width: 720px) 100vw, 720px\" \/><figcaption>Chombo cha mbegu za karanga cha safu sita kinafanya kazi<\/figcaption><\/figure> <\/div>   <p class=\"translation-block\">Kina cha kupanda njugu katika kila eneo ni tofauti. Baada ya kununua kipanda njugu, kina cha kupanda kinaweza kurekebishwa. Kina cha jumla cha kupanda ni 30mm-0mm. <a href=\"https:\/\/en.wikipedia.org\/wiki\/Sowing\" data-type=\"URL\" data-id=\"https:\/\/en.wikipedia.org\/wiki\/Sowing\" target=\"_blank\" rel=\"noopener\">Kupanda<\/a> sana sio faida kwa kuota kwa njugu, na kupanda kwa kina kidogo sio faida kwa matokeo ya njugu kuchukua mizizi. Kipanda mbegu cha njugu kinachoweza kurekebishwa huhakikisha kuwa kiwango cha kuota kwa njugu kinafikia 95%, ambacho kinafaa zaidi kwa maeneo na udongo mbalimbali magumu.<\/p>    <h2 class=\"wp-block-heading\">Muundo wa mbegu za karanga<\/h2>   <div class=\"wp-block-image\"> <figure class=\"aligncenter size-full\"><img loading=\"lazy\" decoding=\"async\" width=\"720\" height=\"540\" src=\"https:\/\/taizynut.com\/wp-content\/uploads\/2022\/08\/groundnut-seed-drill.webp\" alt=\"kuchimba mbegu za karanga\" class=\"wp-image-171\" title=\"\" srcset=\"https:\/\/taizynut.com\/wp-content\/uploads\/2022\/08\/groundnut-seed-drill.webp 720w, https:\/\/taizynut.com\/wp-content\/uploads\/2022\/08\/groundnut-seed-drill-300x225.webp 300w\" sizes=\"auto, (max-width: 720px) 100vw, 720px\" \/><figcaption>kuchimba mbegu za karanga<\/figcaption><\/figure> <\/div>   <p>Kipanzi cha karanga kinaundwa na magurudumu ya mpira yanayohamishika, vifunguzi vya mbegu vya gia, masanduku ya mbegu ya mbolea, mikono ya kuhimili maji, n.k. Kuna masanduku sita ya mbegu kwa kipanzi cha karanga chenye safu sita. Kwa aina tofauti za wapanda karanga, magurudumu ya mpira na masanduku ya mbegu ni tofauti. Mfano mkubwa, mashine pana. Safu sita zinaweza kupandwa kwa wakati mmoja, na ufanisi wa kazi ya kupanda karanga katika eneo kubwa ni kubwa zaidi.<\/p>    <h2 class=\"wp-block-heading\">Vigezo vya mbegu za karanga <\/h2>   <div class=\"wp-block-image\"> <figure class=\"aligncenter size-full\"><img loading=\"lazy\" decoding=\"async\" width=\"720\" height=\"540\" src=\"https:\/\/taizynut.com\/wp-content\/uploads\/2022\/08\/groundnut-seed-drill-machine.webp\" alt=\"mashine ya kuchimba mbegu za karanga\" class=\"wp-image-172\" title=\"\" srcset=\"https:\/\/taizynut.com\/wp-content\/uploads\/2022\/08\/groundnut-seed-drill-machine.webp 720w, https:\/\/taizynut.com\/wp-content\/uploads\/2022\/08\/groundnut-seed-drill-machine-300x225.webp 300w\" sizes=\"auto, (max-width: 720px) 100vw, 720px\" \/><figcaption>mashine ya kuchimba mbegu za karanga<\/figcaption><\/figure> <\/div>   <p>Vipimo: urefu 2010 \u00d7 upana 1600 \u00d7 urefu 980mm<br>Nafasi ya mstari: 30-35 (inaweza kurekebishwa)<br>Upana wa kufanya kazi: 1400mm<br>Kazi: mbolea, kupanda.<br>Kusaidia nguvu: 33.5-45kw trekta<br>Maombi: Kupanda kwenye ardhi tambarare<br>Vipengele: Kupanda kwa safu sita<\/p>    <h2 class=\"wp-block-heading\">Faida za kuchimba mbegu za karanga<\/h2>   <div class=\"wp-block-image\"> <figure class=\"aligncenter size-full\"><img loading=\"lazy\" decoding=\"async\" width=\"720\" height=\"540\" src=\"https:\/\/taizynut.com\/wp-content\/uploads\/2022\/08\/groundnut-seed-drill-machine-1.webp\" alt=\"mashine ya kuchimba mbegu za karanga\" class=\"wp-image-173\" title=\"\" srcset=\"https:\/\/taizynut.com\/wp-content\/uploads\/2022\/08\/groundnut-seed-drill-machine-1.webp 720w, https:\/\/taizynut.com\/wp-content\/uploads\/2022\/08\/groundnut-seed-drill-machine-1-300x225.webp 300w\" sizes=\"auto, (max-width: 720px) 100vw, 720px\" \/><figcaption>mashine ya kuchimba mbegu za karanga<\/figcaption><\/figure> <\/div>   <ul class=\"wp-block-list\"><li>Mashine ya kusia mbegu za karanga inalishwa sawasawa. Miche ya karanga hukua zaidi sawasawa, ambayo ni nzuri kwa ukuaji wa karanga<\/li><li>Muundo rahisi. Kipanzi cha karanga kina muundo rahisi, utendakazi wenye nguvu, mapungufu machache, na utatuzi rahisi.<\/li><li>Mashine moja ina matumizi mengi, inaweza kupanda karanga, na inaweza pia kupanda nafaka zingine kama mahindi.<\/li><\/ul>    <h2 class=\"wp-block-heading\">Jinsi ya kutumia mashine ya mbegu za karanga?<\/h2>    <figure class=\"wp-block-gallery has-nested-images columns-default is-cropped wp-block-gallery-2 is-layout-flex wp-block-gallery-is-layout-flex\"> <figure class=\"wp-block-image size-large\"><img loading=\"lazy\" decoding=\"async\" width=\"720\" height=\"540\" data-id=\"174\" src=\"https:\/\/taizynut.com\/wp-content\/uploads\/2022\/08\/groundnut-seed-drill-machine-2.webp\" alt=\"mashine ya kuchimba mbegu za karanga\" class=\"wp-image-174\" title=\"\" srcset=\"https:\/\/taizynut.com\/wp-content\/uploads\/2022\/08\/groundnut-seed-drill-machine-2.webp 720w, https:\/\/taizynut.com\/wp-content\/uploads\/2022\/08\/groundnut-seed-drill-machine-2-300x225.webp 300w\" sizes=\"auto, (max-width: 720px) 100vw, 720px\" \/><figcaption>Mashine ya Kuchimba Mbegu za Karanga<\/figcaption><\/figure>    <figure class=\"wp-block-image size-large\"><img loading=\"lazy\" decoding=\"async\" width=\"470\" height=\"290\" data-id=\"175\" src=\"https:\/\/taizynut.com\/wp-content\/uploads\/2022\/08\/groundnut-seed-drill-1.webp\" alt=\"kuchimba mbegu za karanga\" class=\"wp-image-175\" title=\"\" srcset=\"https:\/\/taizynut.com\/wp-content\/uploads\/2022\/08\/groundnut-seed-drill-1.webp 470w, https:\/\/taizynut.com\/wp-content\/uploads\/2022\/08\/groundnut-seed-drill-1-300x185.webp 300w\" sizes=\"auto, (max-width: 470px) 100vw, 470px\" \/><figcaption>Uchimbaji wa Mbegu za Karanga<\/figcaption><\/figure> <\/figure>    <ol class=\"wp-block-list\"><li>Kabla ya operesheni, mashine za mbegu za karanga sehemu zote zinapaswa kurekebishwa kulingana na mahitaji ya operesheni, na utangazaji wa majaribio ufanyike. Wafunguaji wa kushoto na wa kulia na diski wanapaswa kuzingatia usawa wa upinzani ili kuepuka kukabiliana na kushoto na kulia.<\/li><li>Kabla ya kuwekewa filamu, filamu inahitaji kuvutwa nyuma kwa sehemu. Magurudumu ya kushinikiza ya filamu pande zote mbili yanapaswa kushinikizwa pande zote mbili za filamu. Mwanzo wa filamu inapaswa kuunganishwa na udongo. Wakati wa kufikia chini, filamu inapaswa kukatwa kwa mikono na terminal inapaswa kuzikwa.<\/li><li>Wakati wa operesheni, msambazaji wa majimaji ya trekta anapaswa kusongezwa kwa nafasi ya kuelea, ili kudumisha kasi ya mbele ya trekta, na isiwe haraka au polepole.<\/li><li>Marekebisho ya ubao wa ukungu: Rekebisha safu ya ubao, na urefu wa ubao wa ukungu unafaa kukwangua uso wa udongo kavu.<\/li><li>Marekebisho ya kina cha kupanda: skrubu ya risasi ya kopo la mbegu inaweza kuzungushwa ili kurekebisha kina cha mbegu, na kina cha kupanda kinapaswa kuwa 20-40mm.<\/li><li>Marekebisho ya nafasi ya safu ya mbegu: boriti ya fremu ina kirekebisha nafasi cha safu, ambacho kinaweza kusogezwa kushoto na kulia, na nafasi ya safu inaweza kubadilishwa kuwa 280 ~ 1000mm.<\/li><li>Marekebisho ya nafasi ya mbegu: Gurudumu la ardhini limeundwa kama vitelezi sita vya duara vya ukubwa sawa. Sliders hutolewa na mashimo ya sliding longitudinal. Kupanua mduara wa gurudumu la ardhi nje itaongeza nafasi ya mimea, vinginevyo itapungua.<\/li><\/ol>","protected":false},"excerpt":{"rendered":"<p>En sex-radig jordn\u00f6ts s\u00e5maskin \u00e4r en maskin f\u00f6r att s\u00e5 jordn\u00f6tter. Den st\u00f6rsta funktionen \u00e4r att den kan uppn\u00e5 sex-radig s\u00e5dd samtidigt, vilket f\u00f6rb\u00e4ttrar effektiviteten vid s\u00e5dd av jordn\u00f6tter.<\/p>","protected":false},"author":1,"featured_media":169,"parent":0,"template":"","tags":[51,21,11],"product-type":[5],"class_list":["post-167","product","type-product","status-publish","has-post-thumbnail","hentry","tag-peanut-planting","tag-peanut-planting-mahcine","tag-peanut-seeder","product-type-peanut-planter"],"_links":{"self":[{"href":"https:\/\/taizynut.com\/sw\/wp-json\/wp\/v2\/product\/167","targetHints":{"allow":["GET"]}}],"collection":[{"href":"https:\/\/taizynut.com\/sw\/wp-json\/wp\/v2\/product"}],"about":[{"href":"https:\/\/taizynut.com\/sw\/wp-json\/wp\/v2\/types\/product"}],"author":[{"embeddable":true,"href":"https:\/\/taizynut.com\/sw\/wp-json\/wp\/v2\/users\/1"}],"wp:featuredmedia":[{"embeddable":true,"href":"https:\/\/taizynut.com\/sw\/wp-json\/wp\/v2\/media\/169"}],"wp:attachment":[{"href":"https:\/\/taizynut.com\/sw\/wp-json\/wp\/v2\/media?parent=167"}],"wp:term":[{"taxonomy":"post_tag","embeddable":true,"href":"https:\/\/taizynut.com\/sw\/wp-json\/wp\/v2\/tags?post=167"},{"taxonomy":"product-type","embeddable":true,"href":"https:\/\/taizynut.com\/sw\/wp-json\/wp\/v2\/product-type?post=167"}],"curies":[{"name":"wp","href":"https:\/\/api.w.org\/{rel}","templated":true}]}}