{"id":25,"date":"2022-08-24T10:04:55","date_gmt":"2022-08-24T10:04:55","guid":{"rendered":"https:\/\/taizynut.com\/?post_type=product&#038;p=25"},"modified":"2024-06-06T11:44:20","modified_gmt":"2024-06-06T03:44:20","slug":"peanut-planting-machine","status":"publish","type":"product","link":"https:\/\/taizynut.com\/sw\/product\/peanut-planting-machine\/","title":{"rendered":"Mashine ya kupanda karanga inayoendeshwa na trekta kwa ajili ya kupanda mbegu za karanga"},"content":{"rendered":"<p class=\"translation-block\"><strong>Mesin penanaman kacang tanah<\/strong> digunakan untuk penanaman kacang tanah di ladang yang digerakkan oleh traktor 4 roda, dengan kapasitas 0.5-3.2 ekar\/jam. Dengan menggabungkan terowong, pembajaan, penyemaian dan penutupan tanah, mesin ini dapat menyelesaikan pembajaan dan penyemaian dalam satu masa.<\/p>    <p>Mashine hii ina kiwango cha juu cha mbegu cha &gt;98%, na inapatikana katika miundo kadhaa kwa chaguo lako, kama vile safu 2, safu 4, safu 6, safu 8 au hata safumlalo zaidi, kulingana na mahitaji yako.<\/p>   <div class=\"wp-block-image\"> <figure class=\"aligncenter size-full\"><img loading=\"lazy\" decoding=\"async\" width=\"720\" height=\"540\" src=\"https:\/\/taizynut.com\/wp-content\/uploads\/2022\/08\/Peanut-Planting-Machine.webp\" alt=\"Mashine ya Kupanda Karanga\" class=\"wp-image-34\" title=\"\" srcset=\"https:\/\/taizynut.com\/wp-content\/uploads\/2022\/08\/Peanut-Planting-Machine.webp 720w, https:\/\/taizynut.com\/wp-content\/uploads\/2022\/08\/Peanut-Planting-Machine-300x225.webp 300w\" sizes=\"auto, (max-width: 720px) 100vw, 720px\" \/><figcaption class=\"wp-element-caption\">Mashine ya Kupanda Karanga<\/figcaption><\/figure> <\/div>   <p> Inaangazia ufanisi wa hali ya juu, ubinafsishaji na usanidi unaonyumbulika, kipanda njugu kinasaidia sana mashamba ambayo yanakuza karanga zenye mavuno mengi. <\/p>    <figure class=\"wp-block-embed is-type-video is-provider-youtube wp-block-embed-youtube wp-embed-aspect-16-9 wp-has-aspect-ratio\"><div class=\"wp-block-embed__wrapper\"> <iframe loading=\"lazy\" title=\"Kipanzi cha karanga hufanyaje kazi? Mashine ya kupandia njugu yenye matandazo, kuweka matuta\" width=\"500\" height=\"281\" src=\"https:\/\/www.youtube.com\/embed\/UREj8R5QF4A?feature=oembed\" frameborder=\"0\" allow=\"accelerometer; autoplay; clipboard-write; encrypted-media; gyroscope; picture-in-picture; web-share\" referrerpolicy=\"strict-origin-when-cross-origin\" allowfullscreen><\/iframe> <\/div><figcaption class=\"wp-element-caption\">video ya kazi ya vifaa vya kupanda karanga vinavyoendeshwa na trekta <\/figcaption><\/figure>    <h2 class=\"wp-block-heading\"><strong>Faida za vifaa vya kupanda karanga<\/strong><\/h2>    <ul class=\"wp-block-list\"> <li><strong>Uwezo wa ekari 0.5-3.2 kwa saa<\/strong>: Mpanzi wetu wa karanga anaweza kupanda mashamba zaidi ndani ya saa moja, na kukusaidia kuboresha ufanisi wa kilimo.<\/li>    <li><strong>Kuongeza kasi ya kuibuka kwa 10%<\/strong>: Ikilinganishwa na njia zingine za upanzi, kwa kutumia kipanzi chetu cha karanga kunaweza kuboresha kiwango cha kuota na inafaa kwako.<\/li>    <li><strong>Kazi mbalimbali:<\/strong> Mashine hiyo inaweza kufanya kazi mbalimbali kama vile kurutubisha, kuweka matandazo ya filamu, kuweka matandazo na kuweka matandazo kwenye udongo.<\/li>    <li><strong>Nafasi ya mimea inayoweza kurekebishwa<\/strong>: Kwa kurekebisha mpini, unaweza kurekebisha nafasi ya mimea unayotaka.<\/li> <\/ul>   <div class=\"wp-block-image\"> <figure class=\"aligncenter size-full\"><img loading=\"lazy\" decoding=\"async\" width=\"720\" height=\"540\" src=\"https:\/\/taizynut.com\/wp-content\/uploads\/2022\/08\/Corn-field-peanut-sowing.webp\" alt=\"shamba la mahindi kupanda karanga\" class=\"wp-image-32\" title=\"\" srcset=\"https:\/\/taizynut.com\/wp-content\/uploads\/2022\/08\/Corn-field-peanut-sowing.webp 720w, https:\/\/taizynut.com\/wp-content\/uploads\/2022\/08\/Corn-field-peanut-sowing-300x225.webp 300w\" sizes=\"auto, (max-width: 720px) 100vw, 720px\" \/><figcaption class=\"wp-element-caption\">Kupanda karanga za Cornfield<\/figcaption><\/figure> <\/div>   <h2 class=\"wp-block-heading\"><strong>Vigezo vya kupanda karanga kwa ajili ya kuuza<\/strong><\/h2>    <figure class=\"wp-block-table\"><table><tbody><tr><td>Mfano<\/td><td>2BHMF-2<\/td><td>2BHMF-4<\/td><td>2BHMF-6<\/td><\/tr><tr><td>Nguvu inayolingana<\/td><td>20-40 hp<\/td><td>40-70 hp<\/td><td>60-90 hp<\/td><\/tr><tr><td>Ukubwa<\/td><td>2940\u00d71200\u00d71300mm<\/td><td>2940\u00d71600\u00d71300mm<\/td><td>2940\u00d71900\u00d71300mm<\/td><\/tr><tr><td>Uzito<\/td><td>180\u00a0kg<\/td><td>350\u00a0kg<\/td><td>450\u00a0kg<\/td><\/tr><tr><td>Uwezo wa sanduku la mbegu<\/td><td>10kg*2<\/td><td>10kg*4<\/td><td>10kg\u00a0*6<\/td><\/tr><tr><td>Idadi ya safu<\/td><td>2<\/td><td>4<\/td><td>6<\/td><\/tr><tr><td>Nafasi ya safu<\/td><td>300-350\u00a0mm<\/td><td>300-350\u00a0mm<\/td><td>300-350\u00a0mm<\/td><\/tr><tr><td>Nafasi ya mbegu<\/td><td>80-300\u00a0mm<\/td><td>80-300\u00a0mm<\/td><td>80-300\u00a0mm<\/td><\/tr><tr><td>Tija<\/td><td>0.5-0.8 ekari\/saa<\/td><td>Ekari 0.8-1.6 kwa saa<\/td><td>Ekari 1.6-3.2 kwa saa<\/td><\/tr><tr><td>Kiwango cha mbegu\u00a0<\/td><td>&gt;98%<\/td><td>&gt;98%<\/td><td>&gt;98%<\/td><\/tr><\/tbody><\/table><figcaption class=\"wp-element-caption\">Vigezo vya vifaa vya kupanda karanga<\/figcaption><\/figure>    <p>Ukirejelea vigezo vilivyo hapo juu, pamoja na mahitaji yako halisi, unachagua kipanda karanga kinachofaa zaidi kwako.<\/p>    <p>Kwa mfano, ikiwa una bajeti ndogo na unataka kupanda karanga katika makundi, basi kipandikizi cha karanga cha safu 4 ndicho kinachokufaa zaidi.<\/p>   <div class=\"wp-block-image\"> <figure class=\"aligncenter size-full\"><img loading=\"lazy\" decoding=\"async\" width=\"720\" height=\"540\" src=\"https:\/\/taizynut.com\/wp-content\/uploads\/2022\/08\/groundnut-sowing-machine.webp\" alt=\"mashine ya kusia mbegu za karanga\" class=\"wp-image-36\" title=\"\" srcset=\"https:\/\/taizynut.com\/wp-content\/uploads\/2022\/08\/groundnut-sowing-machine.webp 720w, https:\/\/taizynut.com\/wp-content\/uploads\/2022\/08\/groundnut-sowing-machine-300x225.webp 300w\" sizes=\"auto, (max-width: 720px) 100vw, 720px\" \/><figcaption class=\"wp-element-caption\">mashine ya kusia mbegu za karanga<\/figcaption><\/figure> <\/div>   <h2 class=\"wp-block-heading\"><strong>Aina za mbegu za karanga<\/strong><\/h2>    <h3 class=\"wp-block-heading\"><strong>Mashine ya kusia mbegu ya karanga yenye safu mbili<\/strong><\/h3>    <div class=\"wp-block-media-text alignwide is-stacked-on-mobile\"><figure class=\"wp-block-media-text__media\"><img loading=\"lazy\" decoding=\"async\" width=\"720\" height=\"540\" src=\"https:\/\/taizynut.com\/wp-content\/uploads\/2022\/08\/Two-row-groundnut-sowing-machine.webp\" alt=\"Mashine ya kusia mbegu ya karanga yenye safu mbili\" class=\"wp-image-28 size-full\" title=\"\" srcset=\"https:\/\/taizynut.com\/wp-content\/uploads\/2022\/08\/Two-row-groundnut-sowing-machine.webp 720w, https:\/\/taizynut.com\/wp-content\/uploads\/2022\/08\/Two-row-groundnut-sowing-machine-300x225.webp 300w\" sizes=\"auto, (max-width: 720px) 100vw, 720px\" \/><\/figure><div class=\"wp-block-media-text__content\"> <p>Mashine ya kusia mbegu ya karanga yenye mistari miwili ni mashine inayoweza kupanda safu mbili za karanga kwa wakati mmoja. Ufanisi wa kufanya kazi wa mashine ni 0.5-0.8 ekari\/h, na kiwango cha mbegu ni kikubwa kuliko 98%.<\/p> <\/div><\/div>    <h3 class=\"wp-block-heading\"><strong>Mpanda karanga wa safu nne<\/strong><\/h3>    <div class=\"wp-block-media-text alignwide has-media-on-the-right is-stacked-on-mobile\"><div class=\"wp-block-media-text__content\"> <p>Kipanda karanga chenye safu 4 ni mashine inayoweza kupanda safu nne kwa wakati mmoja, na ufanisi wa kazi wa kupanda karanga kwa safu nne ni ekari 0.8-1.6 kwa saa. Kiwango cha mbegu ni zaidi ya 98%<\/p> <\/div><figure class=\"wp-block-media-text__media\"><img loading=\"lazy\" decoding=\"async\" width=\"720\" height=\"540\" src=\"https:\/\/taizynut.com\/wp-content\/uploads\/2022\/08\/Four-row-peanut-planter.webp\" alt=\"Mpanda karanga wa safu nne\" class=\"wp-image-29 size-full\" title=\"\" srcset=\"https:\/\/taizynut.com\/wp-content\/uploads\/2022\/08\/Four-row-peanut-planter.webp 720w, https:\/\/taizynut.com\/wp-content\/uploads\/2022\/08\/Four-row-peanut-planter-300x225.webp 300w\" sizes=\"auto, (max-width: 720px) 100vw, 720px\" \/><\/figure><\/div>    <h3 class=\"wp-block-heading\"><strong>Mashine ya kupanda karanga yenye safu sita<\/strong><\/h3>    <div class=\"wp-block-media-text alignwide is-stacked-on-mobile\"><figure class=\"wp-block-media-text__media\"><img loading=\"lazy\" decoding=\"async\" width=\"720\" height=\"540\" src=\"https:\/\/taizynut.com\/wp-content\/uploads\/2022\/08\/Four-row-peanut-planter.webp\" alt=\"Mpanda karanga wa safu nne\" class=\"wp-image-29 size-full\" title=\"\" srcset=\"https:\/\/taizynut.com\/wp-content\/uploads\/2022\/08\/Four-row-peanut-planter.webp 720w, https:\/\/taizynut.com\/wp-content\/uploads\/2022\/08\/Four-row-peanut-planter-300x225.webp 300w\" sizes=\"auto, (max-width: 720px) 100vw, 720px\" \/><\/figure><div class=\"wp-block-media-text__content\"> <p>En sex-radig jordn\u00f6tsplanterare \u00e4r en maskin som kan s\u00e5 sex rader \u00e5t g\u00e5ngen. Maskinens effektivitet \u00e4r 1,6-3,2 hektar\/tim. Det \u00e4r den st\u00f6rsta modellen av v\u00e5rt f\u00f6retags jordn\u00f6tsplanterare. S\u00e5ningsgraden f\u00f6r jordn\u00f6tter \u00e4r \u00f6ver 98%.<\/p> <\/div><\/div>    <h2 class=\"wp-block-heading\"><strong>Kwa nini utumie mashine ya kupandia karanga?<\/strong><\/h2>    <p>Kwa sasa, nchi nyingi zina sifa za maeneo makubwa ya kupanda na ni busy sana wakati wa kupanda na kuvuna. Hata hivyo, muda wa kupanda karanga kwa ujumla ni kama siku kumi. Kukosa wakati wa kupanda karanga siku hizi kunaweza kusababisha kuchelewa kwa ukuaji na matokeo. <\/p>    <p>Na karanga kwa ujumla zinahitaji kurutubishwa kabla ya kupanda, ambayo inahitaji kazi mbalimbali kwa wakati mmoja. Kazi hizi zinaweza kufanywa haraka na mpanda karanga. Wakati wa kupanda karanga, mashine inaweza kupanda mbegu kwa usahihi na kuokoa mbegu za karanga. Uvunaji wa karanga pia ni sehemu muhimu. <\/p>    <p class=\"translation-block\">Syarikat kami juga mempunyai <a href=\"https:\/\/taizynut.com\/sw\/product\/peanut-harvesting-machine\/\" data-type=\"URL\" data-id=\"https:\/\/taizynut.com\/product\/peanut-harvesting-machine\/\">mesin penuaian kacang tanah<\/a>, yang boleh menarik keluar kacang tanah dari tanah dengan cepat apabila kacang tanah dituai.<\/p>   <div class=\"wp-block-image\"> <figure class=\"aligncenter size-full\"><img loading=\"lazy\" decoding=\"async\" width=\"720\" height=\"540\" src=\"https:\/\/taizynut.com\/wp-content\/uploads\/2022\/08\/Peanut-planter-effect-display.webp\" alt=\"Onyesho la athari ya mpanda karanga\" class=\"wp-image-31\" title=\"\" srcset=\"https:\/\/taizynut.com\/wp-content\/uploads\/2022\/08\/Peanut-planter-effect-display.webp 720w, https:\/\/taizynut.com\/wp-content\/uploads\/2022\/08\/Peanut-planter-effect-display-300x225.webp 300w\" sizes=\"auto, (max-width: 720px) 100vw, 720px\" \/><figcaption class=\"wp-element-caption\">Onyesho la athari ya mpanda karanga<\/figcaption><\/figure> <\/div>   <h2 class=\"wp-block-heading\">Jukumu la mpanda karanga<\/h2>    <p>Kazi kuu ya mashine ya kupanda karanga ni kukamilisha kwa ufanisi kazi ya kupanda karanga, lakini mbegu za karanga pia zina kazi kama vile kurutubisha na kuweka matandazo, na nafasi ya safu ya kupanda karanga inaweza kurekebishwa kwa kujitegemea. <\/p>    <p>Mpangilio wa kawaida ni 300-350mm, ambayo inazingatiwa kikamilifu. tofauti za tabia za kupanda katika mikoa mbalimbali.<\/p>   <div class=\"wp-block-image\"> <figure class=\"aligncenter size-full\"><img loading=\"lazy\" decoding=\"async\" width=\"720\" height=\"540\" src=\"https:\/\/taizynut.com\/wp-content\/uploads\/2022\/08\/Peanut-Planting-Machine-Details.webp\" alt=\"Maelezo ya Mashine ya Kupanda Karanga\" class=\"wp-image-35\" title=\"\" srcset=\"https:\/\/taizynut.com\/wp-content\/uploads\/2022\/08\/Peanut-Planting-Machine-Details.webp 720w, https:\/\/taizynut.com\/wp-content\/uploads\/2022\/08\/Peanut-Planting-Machine-Details-300x225.webp 300w\" sizes=\"auto, (max-width: 720px) 100vw, 720px\" \/><figcaption class=\"wp-element-caption\">Maelezo ya Mashine ya Kupanda Karanga<\/figcaption><\/figure> <\/div>   <h2 class=\"wp-block-heading\" id=\"h-workflow-of-the-peanut-planting-machine\">Mtiririko wa kazi wa mashine ya kupanda karanga<\/h2>    <p>Mchakato wa upandaji wa mbegu za karanga ni kujaza kisanduku cha taka na taka kwanza, koleo la mashine litachimba chini, na mbolea itazikwa kwenye udongo. <\/p>    <p>Kisha mbegu za karanga zitavuja chini kwenye ndoo, na kuanguka kwenye pengo lililochimbwa, na hatimaye kuzikwa. Mashine ya kupandia karanga inahitaji kuwa na trekta yenye uwezo wa 33.5-45kw. Kipanzi kinaweza kubadilika sana na kinaweza kurekebishwa kwa urahisi. Wakati wa kufanya kazi, upana wa mbegu unaweza kubadilishwa, ambayo ni, nafasi ya safu ya mpanda karanga, na kina cha mbegu pia inaweza kubadilishwa. <\/p>    <p>Kina cha upandaji wa karanga kinaweza kubadilishwa kulingana na sifa na uzoefu wa upandaji wa karanga.<\/p>   <div class=\"wp-block-image\"> <figure class=\"aligncenter size-full\"><img loading=\"lazy\" decoding=\"async\" width=\"720\" height=\"540\" src=\"https:\/\/taizynut.com\/wp-content\/uploads\/2022\/08\/Six-Row-Peanut-Planting-Machin-e-Working.webp\" alt=\"Mashine ya Kupanda Karanga kwa Safu Sita na Kufanya Kazi\" class=\"wp-image-33\" title=\"\" srcset=\"https:\/\/taizynut.com\/wp-content\/uploads\/2022\/08\/Six-Row-Peanut-Planting-Machin-e-Working.webp 720w, https:\/\/taizynut.com\/wp-content\/uploads\/2022\/08\/Six-Row-Peanut-Planting-Machin-e-Working-300x225.webp 300w\" sizes=\"auto, (max-width: 720px) 100vw, 720px\" \/><figcaption class=\"wp-element-caption\">mbegu za karanga za safu sita zikifanya kazi<\/figcaption><\/figure> <\/div>   <h2 class=\"wp-block-heading\"><strong>Wasiliana nasi kwa maelezo zaidi ya mashine!<\/strong><\/h2>    <p>Kama unavutiwa na mashine ya kupanda karanga, karibuni kuwasiliana nasi kwa maelezo zaidi ya mashine!<\/p>    <p class=\"translation-block\">Na tutakuongoza jinsi ya kuweka sahihi ya mkulima wa karanga ili kukidhi <a href=\"https:\/\/en.wikipedia.org\/wiki\/Peanut\" target=\"_blank\" rel=\"noopener\">karanga<\/a> yako.<\/p>","protected":false},"excerpt":{"rendered":"<p>Mashine ya kupandia karanga hutumika kwa kupanda mbegu za karanga mashambani, yenye ujazo wa ekari 0.5-3.2 kwa h. Safu 2, safu 4, safu 6, n.k., zinapatikana.<\/p>","protected":false},"author":1,"featured_media":27,"parent":0,"template":"","tags":[45,51],"product-type":[5],"class_list":["post-25","product","type-product","status-publish","has-post-thumbnail","hentry","tag-peanut","tag-peanut-planting","product-type-peanut-planter"],"_links":{"self":[{"href":"https:\/\/taizynut.com\/sw\/wp-json\/wp\/v2\/product\/25","targetHints":{"allow":["GET"]}}],"collection":[{"href":"https:\/\/taizynut.com\/sw\/wp-json\/wp\/v2\/product"}],"about":[{"href":"https:\/\/taizynut.com\/sw\/wp-json\/wp\/v2\/types\/product"}],"author":[{"embeddable":true,"href":"https:\/\/taizynut.com\/sw\/wp-json\/wp\/v2\/users\/1"}],"wp:featuredmedia":[{"embeddable":true,"href":"https:\/\/taizynut.com\/sw\/wp-json\/wp\/v2\/media\/27"}],"wp:attachment":[{"href":"https:\/\/taizynut.com\/sw\/wp-json\/wp\/v2\/media?parent=25"}],"wp:term":[{"taxonomy":"post_tag","embeddable":true,"href":"https:\/\/taizynut.com\/sw\/wp-json\/wp\/v2\/tags?post=25"},{"taxonomy":"product-type","embeddable":true,"href":"https:\/\/taizynut.com\/sw\/wp-json\/wp\/v2\/product-type?post=25"}],"curies":[{"name":"wp","href":"https:\/\/api.w.org\/{rel}","templated":true}]}}