{"id":307,"date":"2023-02-07T16:47:52","date_gmt":"2023-02-07T08:47:52","guid":{"rendered":"https:\/\/taizynut.com\/?post_type=product&#038;p=307"},"modified":"2026-01-14T17:52:26","modified_gmt":"2026-01-14T09:52:26","slug":"peanut-kernel-cutting-machine","status":"publish","type":"product","link":"https:\/\/taizynut.com\/sw\/product\/peanut-kernel-cutting-machine\/","title":{"rendered":"Mashine ya kukata punje za karanga"},"content":{"rendered":"<p>Mashine ya kukata karanga inatumika kusindika karanga kuwa granu. Mbali na karanga, pia inafaa kwa hazelnuts, karanga za mwituni, almonds, na cashews. Tunatoa aina mbili za mashine za kukata karanga: blade moja na aina ya roller mbili. Uwezo wa uzalishaji wake ni kati ya kg 100 hadi 300 kwa saa.<\/p>    <p>La m\u00e1quina cortadora de man\u00ed de Taizy est\u00e1 hecha de acero inoxidable y otros materiales duraderos, garantizando una producci\u00f3n estable y higi\u00e9nica. Tiene alta eficiencia, operaci\u00f3n sencilla y larga vida \u00fatil. Si est\u00e1s interesado en esta m\u00e1quina, \u00a1cont\u00e1ctanos!<\/p>    <figure class=\"wp-block-embed is-type-video is-provider-youtube wp-block-embed-youtube wp-embed-aspect-16-9 wp-has-aspect-ratio\"><div class=\"wp-block-embed__wrapper\"> <iframe loading=\"lazy\" title=\"Mashine ya kukata kiini cha karanga kiotomatiki | Mchakato wa kazi wa mashine ya kukata kiini cha karanga\" width=\"500\" height=\"281\" src=\"https:\/\/www.youtube.com\/embed\/GJOx2BWHC6g?feature=oembed\" frameborder=\"0\" allow=\"accelerometer; autoplay; clipboard-write; encrypted-media; gyroscope; picture-in-picture; web-share\" referrerpolicy=\"strict-origin-when-cross-origin\" allowfullscreen><\/iframe> <\/div><figcaption class=\"wp-element-caption\">Video ya kazi ya mashine ya kukata karanga<\/figcaption><\/figure>    <h2 class=\"wp-block-heading\"><strong>Ventajas de la cortadora de man\u00ed<\/strong><\/h2>    <p>Nuestra m\u00e1quina cortadora de man\u00ed ofrece las siguientes ventajas:<\/p>    <ul class=\"wp-block-list\"> <li><strong>Tama\u00f1o de part\u00edcula controlable<\/strong>: Espacio de corte ajustable para cumplir diferentes especificaciones<\/li>    <li><strong>Corte uniforme<\/strong>: Reduce efectivamente las variaciones en el tama\u00f1o de part\u00edcula<\/li>    <li><strong>Reducci\u00f3n de fugas de aceite<\/strong>: Proceso de corte estable que minimiza la extrusi\u00f3n de aceite<\/li>    <li><strong>Dise\u00f1o de grado alimentario<\/strong>: Las partes clave cumplen con los requisitos de procesamiento de alimentos<\/li>    <li><strong>Uendeshaji rahisi<\/strong>: Estructura razonable, mantenimiento y limpieza convenientes<\/li> <\/ul>    <figure class=\"wp-block-gallery has-nested-images columns-default is-cropped wp-block-gallery-2 is-layout-flex wp-block-gallery-is-layout-flex\"> <figure class=\"wp-block-image size-large\"><img loading=\"lazy\" decoding=\"async\" width=\"720\" height=\"540\" data-id=\"1215\" src=\"https:\/\/taizynut.com\/wp-content\/uploads\/2023\/02\/peanut-kernel-1.webp\" alt=\"punje ya karanga\" class=\"wp-image-1215\" title=\"\" srcset=\"https:\/\/taizynut.com\/wp-content\/uploads\/2023\/02\/peanut-kernel-1.webp 720w, https:\/\/taizynut.com\/wp-content\/uploads\/2023\/02\/peanut-kernel-1-300x225.webp 300w, https:\/\/taizynut.com\/wp-content\/uploads\/2023\/02\/peanut-kernel-1-16x12.webp 16w\" sizes=\"auto, (max-width: 720px) 100vw, 720px\" \/><figcaption class=\"wp-element-caption\">Kernel ya Karanga<\/figcaption><\/figure>    <figure class=\"wp-block-image size-large\"><img loading=\"lazy\" decoding=\"async\" width=\"720\" height=\"540\" data-id=\"1207\" src=\"https:\/\/taizynut.com\/wp-content\/uploads\/2023\/02\/peanut-kernel-cutting-machine-2.webp\" alt=\"mashine ya kukata punje za karanga\" class=\"wp-image-1207\" title=\"\" srcset=\"https:\/\/taizynut.com\/wp-content\/uploads\/2023\/02\/peanut-kernel-cutting-machine-2.webp 720w, https:\/\/taizynut.com\/wp-content\/uploads\/2023\/02\/peanut-kernel-cutting-machine-2-300x225.webp 300w, https:\/\/taizynut.com\/wp-content\/uploads\/2023\/02\/peanut-kernel-cutting-machine-2-16x12.webp 16w\" sizes=\"auto, (max-width: 720px) 100vw, 720px\" \/><figcaption class=\"wp-element-caption\">M\u00e1quina cortadora de c\u00e1scara de man\u00ed<\/figcaption><\/figure>    <figure class=\"wp-block-image size-large\"><img loading=\"lazy\" decoding=\"async\" width=\"720\" height=\"540\" data-id=\"1216\" src=\"https:\/\/taizynut.com\/wp-content\/uploads\/2023\/02\/cut-peanuts.webp\" alt=\"cut peanuts\" class=\"wp-image-1216\" title=\"\" srcset=\"https:\/\/taizynut.com\/wp-content\/uploads\/2023\/02\/cut-peanuts.webp 720w, https:\/\/taizynut.com\/wp-content\/uploads\/2023\/02\/cut-peanuts-300x225.webp 300w, https:\/\/taizynut.com\/wp-content\/uploads\/2023\/02\/cut-peanuts-16x12.webp 16w\" sizes=\"auto, (max-width: 720px) 100vw, 720px\" \/><figcaption class=\"wp-element-caption\">Cortar man\u00edes<\/figcaption><\/figure> <\/figure>    <h2 class=\"wp-block-heading\"><strong>Escenarios de aplicaci\u00f3n de la m\u00e1quina cortadora de c\u00e1scara de man\u00ed<\/strong><\/h2>    <p class=\"translation-block\"><strong>Materias primas procesables<\/strong><\/p>    <p>La m\u00e1quina cortadora de man\u00ed se usa principalmente para cortar nueces con alto contenido de aceite y textura dura. Tiene una amplia gama de aplicaciones y puede procesar materias primas comunes, incluyendo man\u00ed, almendras, anacardos, avellanas, nueces y otros frutos secos similares.<\/p>   <div class=\"wp-block-image\"> <figure class=\"aligncenter size-full\"><img loading=\"lazy\" decoding=\"async\" width=\"720\" height=\"540\" src=\"https:\/\/taizynut.com\/wp-content\/uploads\/2023\/02\/raw-materials-of-peanut-kernel-cutting-machine.webp\" alt=\"Cortar man\u00edes\" class=\"wp-image-1218\" title=\"\" srcset=\"https:\/\/taizynut.com\/wp-content\/uploads\/2023\/02\/raw-materials-of-peanut-kernel-cutting-machine.webp 720w, https:\/\/taizynut.com\/wp-content\/uploads\/2023\/02\/raw-materials-of-peanut-kernel-cutting-machine-300x225.webp 300w, https:\/\/taizynut.com\/wp-content\/uploads\/2023\/02\/raw-materials-of-peanut-kernel-cutting-machine-16x12.webp 16w\" sizes=\"auto, (max-width: 720px) 100vw, 720px\" \/><figcaption class=\"wp-element-caption\">Materias primas de la m\u00e1quina cortadora de c\u00e1scara de man\u00ed<\/figcaption><\/figure> <\/div>   <p class=\"translation-block\"><strong>Escenarios de aplicaci\u00f3n<\/strong><\/p>    <p>La m\u00e1quina cortadora de man\u00ed es adecuada para diversas aplicaciones de procesamiento de alimentos, incluyendo:<\/p>    <ul class=\"wp-block-list\"> <li>Procesamiento de man\u00ed picado y gr\u00e1nulos de man\u00ed<\/li>    <li>Procesamiento de materias primas para caramelos y chocolates<\/li>    <li>Ingredientes para productos horneados<\/li>    <li>Pasos previos al procesamiento de condimentos y mantequilla de man\u00ed<\/li>    <li>Processing of nut mixtures<\/li> <\/ul>   <div class=\"wp-block-image\"> <figure class=\"aligncenter size-full\"><img loading=\"lazy\" decoding=\"async\" width=\"720\" height=\"540\" src=\"https:\/\/taizynut.com\/wp-content\/uploads\/2023\/02\/application-scenarios-of-groundnut-cutter.webp\" alt=\"Escenarios de aplicaci\u00f3n de cortador de man\u00ed\" class=\"wp-image-1219\" title=\"\" srcset=\"https:\/\/taizynut.com\/wp-content\/uploads\/2023\/02\/application-scenarios-of-groundnut-cutter.webp 720w, https:\/\/taizynut.com\/wp-content\/uploads\/2023\/02\/application-scenarios-of-groundnut-cutter-300x225.webp 300w, https:\/\/taizynut.com\/wp-content\/uploads\/2023\/02\/application-scenarios-of-groundnut-cutter-16x12.webp 16w\" sizes=\"auto, (max-width: 720px) 100vw, 720px\" \/><figcaption class=\"wp-element-caption\">Mazingira ya matumizi ya mashine ya kukata karanga<\/figcaption><\/figure> <\/div>   <h2 class=\"wp-block-heading\"><strong>Dos tipos de m\u00e1quinas cortadoras de man\u00ed<\/strong><\/h2>    <p>Taizy ofrece dos tipos de m\u00e1quinas cortadoras de man\u00ed:<\/p>    <ol class=\"wp-block-list\"> <li>M\u00e1quina cortadora de man\u00ed de cuchilla recta<\/li>    <li>Cortadora de man\u00ed de doble rodillo<\/li> <\/ol>    <figure class=\"wp-block-gallery has-nested-images columns-default is-cropped wp-block-gallery-3 is-layout-flex wp-block-gallery-is-layout-flex\"> <figure class=\"wp-block-image size-large\"><img loading=\"lazy\" decoding=\"async\" width=\"720\" height=\"540\" data-id=\"1204\" src=\"https:\/\/taizynut.com\/wp-content\/uploads\/2023\/02\/straight-balde-groundnut-cutter.webp\" alt=\"straight-balde groundnut cutter\" class=\"wp-image-1204\" title=\"\" srcset=\"https:\/\/taizynut.com\/wp-content\/uploads\/2023\/02\/straight-balde-groundnut-cutter.webp 720w, https:\/\/taizynut.com\/wp-content\/uploads\/2023\/02\/straight-balde-groundnut-cutter-300x225.webp 300w, https:\/\/taizynut.com\/wp-content\/uploads\/2023\/02\/straight-balde-groundnut-cutter-16x12.webp 16w\" sizes=\"auto, (max-width: 720px) 100vw, 720px\" \/><figcaption class=\"wp-element-caption\">Cortador de man\u00ed de cuchilla recta<\/figcaption><\/figure>    <figure class=\"wp-block-image size-large\"><img loading=\"lazy\" decoding=\"async\" width=\"720\" height=\"540\" data-id=\"1205\" src=\"https:\/\/taizynut.com\/wp-content\/uploads\/2023\/02\/double-roller-groundnut-kernerl-cutter.webp\" alt=\"Cortadora de man\u00ed de doble rodillo\" class=\"wp-image-1205\" title=\"\" srcset=\"https:\/\/taizynut.com\/wp-content\/uploads\/2023\/02\/double-roller-groundnut-kernerl-cutter.webp 720w, https:\/\/taizynut.com\/wp-content\/uploads\/2023\/02\/double-roller-groundnut-kernerl-cutter-300x225.webp 300w, https:\/\/taizynut.com\/wp-content\/uploads\/2023\/02\/double-roller-groundnut-kernerl-cutter-16x12.webp 16w\" sizes=\"auto, (max-width: 720px) 100vw, 720px\" \/><figcaption class=\"wp-element-caption\">Cortador de man\u00ed de doble rodillo<\/figcaption><\/figure> <\/figure>    <h3 class=\"wp-block-heading\"><strong>Tipo 1: m\u00e1quina cortadora de man\u00ed de cuchilla recta<\/strong><\/h3>    <p class=\"translation-block\"><strong>Principio de funcionamiento<\/strong><\/p>    <p>Despu\u00e9s de ingresar por la tolva, el material se transporta a la zona de corte mediante una cinta transportadora de PVC de grado alimentario dentro de la tolva. Despu\u00e9s de que los man\u00edes son cortados por cuchillas de alta velocidad, las part\u00edculas calificadas se descargan directamente, mientras que el material no calificado pasa por un segundo proceso de corte.<\/p>    <figure class=\"wp-block-gallery has-nested-images columns-default is-cropped wp-block-gallery-4 is-layout-flex wp-block-gallery-is-layout-flex\"> <figure class=\"wp-block-image size-full\"><img loading=\"lazy\" decoding=\"async\" width=\"720\" height=\"540\" data-id=\"1202\" src=\"https:\/\/taizynut.com\/wp-content\/uploads\/2023\/02\/peanut-cutting-machine-1.webp\" alt=\"mashine ya kukata karanga\" class=\"wp-image-1202\" title=\"\" srcset=\"https:\/\/taizynut.com\/wp-content\/uploads\/2023\/02\/peanut-cutting-machine-1.webp 720w, https:\/\/taizynut.com\/wp-content\/uploads\/2023\/02\/peanut-cutting-machine-1-300x225.webp 300w, https:\/\/taizynut.com\/wp-content\/uploads\/2023\/02\/peanut-cutting-machine-1-16x12.webp 16w\" sizes=\"auto, (max-width: 720px) 100vw, 720px\" \/><figcaption class=\"wp-element-caption\">M\u00e1quina cortadora de man\u00ed<\/figcaption><\/figure>    <figure class=\"wp-block-image size-large\"><img loading=\"lazy\" decoding=\"async\" width=\"720\" height=\"540\" data-id=\"1206\" src=\"https:\/\/taizynut.com\/wp-content\/uploads\/2023\/02\/details-of-straight-blade-groundnut-cutter.webp\" alt=\"details of straight-blade groundnut cutter\" class=\"wp-image-1206\" title=\"\" srcset=\"https:\/\/taizynut.com\/wp-content\/uploads\/2023\/02\/details-of-straight-blade-groundnut-cutter.webp 720w, https:\/\/taizynut.com\/wp-content\/uploads\/2023\/02\/details-of-straight-blade-groundnut-cutter-300x225.webp 300w, https:\/\/taizynut.com\/wp-content\/uploads\/2023\/02\/details-of-straight-blade-groundnut-cutter-16x12.webp 16w\" sizes=\"auto, (max-width: 720px) 100vw, 720px\" \/><figcaption class=\"wp-element-caption\">Detalles de la cortadora de man\u00ed de cuchilla recta<\/figcaption><\/figure> <\/figure>    <p class=\"translation-block\"><strong>Caracter\u00edsticas principales<\/strong><\/p>    <ul class=\"wp-block-list\"> <li>La estructura de corte de cuchilla recta garantiza un picado estable.<\/li>    <li>Pengo la kukata linaloweza kubadilishwa, linalofaa kwa ukubwa tofauti wa mchemraba.<\/li>    <li>El espacio de la cuchilla ajustable acomoda varios tama\u00f1os de part\u00edculas.<\/li>    <li>La cinta transportadora de PVC de grado alimentario cumple con los requisitos de procesamiento de alimentos.<\/li> <\/ul>    <p class=\"translation-block\"><strong>Par\u00e1metros t\u00e9cnicos<\/strong><\/p>    <figure class=\"wp-block-table\"><table class=\"has-fixed-layout\"><tbody><tr><td>Uwezo<\/td><td>Voltage<\/td><td>Nguvu<\/td><td>Ukubwa<\/td><td>Uzito<\/td><\/tr><tr><td>200-300kg \/ h<\/td><td>380V\/50HZ<\/td><td>2.25kw<\/td><td>2.25*1.05*1.4m<\/td><td>400kg<\/td><\/tr><\/tbody><\/table><figcaption class=\"wp-element-caption\">Par\u00e1metros de la cortadora de man\u00ed de cuchilla recta<\/figcaption><\/figure>    <h3 class=\"wp-block-heading\"><strong>Tipo 2: cortadora de man\u00ed de doble rodillo<\/strong><\/h3>    <p class=\"translation-block\"><strong>Principios de funcionamiento y caracter\u00edsticas principales<\/strong><\/p>    <p>La cortadora de man\u00ed de doble rodillo consta de dos cuchillas giratorias con espacios ajustables. Corta los man\u00edes en part\u00edculas peque\u00f1as mediante una combinaci\u00f3n de procesos de exprimido y corte. Esta cortadora de man\u00ed est\u00e1 equipada con un mecanismo de raspar, ofreciendo las siguientes ventajas:<\/p>    <ul class=\"wp-block-list\"> <li>Kuzuia nyenzo kushikamana na uso wa blade<\/li>    <li>Punguza mafuta wakati wa usindikaji<\/li>    <li>Boresha utulivu wa uendeshaji wa vifaa<\/li> <\/ul>    <figure class=\"wp-block-gallery has-nested-images columns-default is-cropped wp-block-gallery-5 is-layout-flex wp-block-gallery-is-layout-flex\"> <figure class=\"wp-block-image size-large\"><img loading=\"lazy\" decoding=\"async\" width=\"720\" height=\"540\" data-id=\"1208\" src=\"https:\/\/taizynut.com\/wp-content\/uploads\/2023\/02\/double-roller-grountnut-chopper.webp\" alt=\"double-roller grountnut chopper\" class=\"wp-image-1208\" title=\"\" srcset=\"https:\/\/taizynut.com\/wp-content\/uploads\/2023\/02\/double-roller-grountnut-chopper.webp 720w, https:\/\/taizynut.com\/wp-content\/uploads\/2023\/02\/double-roller-grountnut-chopper-300x225.webp 300w, https:\/\/taizynut.com\/wp-content\/uploads\/2023\/02\/double-roller-grountnut-chopper-16x12.webp 16w\" sizes=\"auto, (max-width: 720px) 100vw, 720px\" \/><figcaption class=\"wp-element-caption\">Cortador de nueces de doble rodillo<\/figcaption><\/figure>    <figure class=\"wp-block-image size-large\"><img loading=\"lazy\" decoding=\"async\" width=\"720\" height=\"540\" data-id=\"1209\" src=\"https:\/\/taizynut.com\/wp-content\/uploads\/2023\/02\/\u5fae\u4fe1\u56fe\u7247_20210419101726-tuya_\u7ed3\u679c.webp\" alt=\"double-roller peanut chopping euqipment\" class=\"wp-image-1209\" title=\"\" srcset=\"https:\/\/taizynut.com\/wp-content\/uploads\/2023\/02\/\u5fae\u4fe1\u56fe\u7247_20210419101726-tuya_\u7ed3\u679c.webp 720w, https:\/\/taizynut.com\/wp-content\/uploads\/2023\/02\/\u5fae\u4fe1\u56fe\u7247_20210419101726-tuya_\u7ed3\u679c-300x225.webp 300w, https:\/\/taizynut.com\/wp-content\/uploads\/2023\/02\/\u5fae\u4fe1\u56fe\u7247_20210419101726-tuya_\u7ed3\u679c-16x12.webp 16w\" sizes=\"auto, (max-width: 720px) 100vw, 720px\" \/><figcaption class=\"wp-element-caption\">Equipo de corte de man\u00ed de doble rodillo<\/figcaption><\/figure> <\/figure>    <p class=\"translation-block\"><strong>Par\u00e1metros t\u00e9cnicos<\/strong><\/p>    <figure class=\"wp-block-table\"><table class=\"has-fixed-layout\"><tbody><tr><td>Mfano<\/td><td>Uwezo&nbsp;<\/td><td>Voltage<\/td><td>Nguvu<\/td><td>Dimension&nbsp;<\/td><td>Uzito&nbsp;<\/td><\/tr><tr><td>TZ-1<\/td><td>100-200kg\/h<\/td><td>380V\/50HZ<\/td><td>0.93kw<\/td><td>1.6*0.8*1.5m<\/td><td>300kg<\/td><\/tr><\/tbody><\/table><figcaption class=\"wp-element-caption\">Par\u00e1metros de la cortadora de man\u00ed de doble rodillo<\/figcaption><\/figure>    <h2 class=\"wp-block-heading\"><strong>\u00bfCu\u00e1nto cuesta la m\u00e1quina cortadora de c\u00e1scara de man\u00ed?<\/strong><\/h2>    <p>El precio de la m\u00e1quina cortadora de c\u00e1scara de man\u00ed no es fijo y est\u00e1 principalmente influenciado por los siguientes factores:<\/p>    <ul class=\"wp-block-list\"> <li>Aina ya kifaa (blade moja\/aina ya roller mbili)<\/li>    <li>Uwezo wa uzalishaji<\/li>    <li>Diferencias de configuraci\u00f3n (n\u00famero de pantallas, material, marca del motor)<\/li>    <li>Requisitos de voltaje y personalizaci\u00f3n<\/li> <\/ul>    <p>En general, la m\u00e1quina cortadora de c\u00e1scara de man\u00ed con mayor capacidad de producci\u00f3n y caracter\u00edsticas m\u00e1s completas tendr\u00e1 un precio m\u00e1s alto, pero tambi\u00e9n traer\u00e1 mayores beneficios.<\/p>    <figure class=\"wp-block-gallery has-nested-images columns-default is-cropped wp-block-gallery-6 is-layout-flex wp-block-gallery-is-layout-flex\"> <figure class=\"wp-block-image size-large\"><img loading=\"lazy\" decoding=\"async\" width=\"720\" height=\"540\" data-id=\"1212\" src=\"https:\/\/taizynut.com\/wp-content\/uploads\/2023\/02\/straight-balde-peanut-kernel-cutting-equiment.webp\" alt=\"straight-balde peanut kernel cutting equiment\" class=\"wp-image-1212\" title=\"\" srcset=\"https:\/\/taizynut.com\/wp-content\/uploads\/2023\/02\/straight-balde-peanut-kernel-cutting-equiment.webp 720w, https:\/\/taizynut.com\/wp-content\/uploads\/2023\/02\/straight-balde-peanut-kernel-cutting-equiment-300x225.webp 300w, https:\/\/taizynut.com\/wp-content\/uploads\/2023\/02\/straight-balde-peanut-kernel-cutting-equiment-16x12.webp 16w\" sizes=\"auto, (max-width: 720px) 100vw, 720px\" \/><figcaption class=\"wp-element-caption\">Equipo de corte de c\u00e1scara de man\u00ed de cuchilla recta<\/figcaption><\/figure>    <figure class=\"wp-block-image size-large\"><img loading=\"lazy\" decoding=\"async\" width=\"720\" height=\"540\" data-id=\"1210\" src=\"https:\/\/taizynut.com\/wp-content\/uploads\/2023\/02\/double-roller-peanut-cutting-machine.webp\" alt=\"Materias primas de la m\u00e1quina cortadora de c\u00e1scara de man\u00ed\" class=\"wp-image-1210\" title=\"\" srcset=\"https:\/\/taizynut.com\/wp-content\/uploads\/2023\/02\/double-roller-peanut-cutting-machine.webp 720w, https:\/\/taizynut.com\/wp-content\/uploads\/2023\/02\/double-roller-peanut-cutting-machine-300x225.webp 300w, https:\/\/taizynut.com\/wp-content\/uploads\/2023\/02\/double-roller-peanut-cutting-machine-16x12.webp 16w\" sizes=\"auto, (max-width: 720px) 100vw, 720px\" \/><figcaption class=\"wp-element-caption\">M\u00e1quina cortadora de man\u00ed de doble rodillo<\/figcaption><\/figure> <\/figure>    <h2 class=\"wp-block-heading\"><strong>Varf\u00f6r v\u00e4lja Taizy som din leverant\u00f6r?<\/strong><\/h2>    <p>When choosing the peanut kernel cutting machine, the equipment itself is important, but the supplier&#8217;s experience and service capabilities are equally crucial. Here&#8217;s why you should choose Taizy as your supplier:<\/p>    <ul class=\"wp-block-list\"> <li>Taizy tiene muchos a\u00f1os de experiencia en exportaci\u00f3n y fabricaci\u00f3n de equipos de procesamiento de nueces, y sus productos han servido a clientes de procesamiento de alimentos en muchos pa\u00edses y regiones.<\/li>    <li>En cuanto al servicio, ofrecemos un proceso completo desde la evaluaci\u00f3n de necesidades hasta el soporte postventa.<\/li>    <li>Para diferentes necesidades de procesamiento, Taizy admite servicios personalizados, como la configuraci\u00f3n de voltaje.<\/li>    <li>Taizy puede proporcionar soluciones completas de equipos de procesamiento de nueces, incluyendo no solo cortadoras de man\u00ed sino tambi\u00e9n <a href=\"https:\/\/taizynut.com\/sw\/product\/small-peanut-roasting-machine-groundnut-roaster-machine\/\">mchoma karanga<\/a>,<a href=\"https:\/\/taizynut.com\/sw\/product\/dry-peanut-peeling-machine\/\"> mashine ya kumenya karanga<\/a>, y otros equipos relacionados.<\/li> <\/ul>    <p>Elegir Taizy significa m\u00e1s que solo comprar una m\u00e1quina; significa obtener una soluci\u00f3n de procesamiento que se adapte mejor a sus necesidades de producci\u00f3n.<\/p>    <h2 class=\"wp-block-heading\"><strong>\u00a1Cont\u00e1ctanos para m\u00e1s informaci\u00f3n!<\/strong><\/h2>    <p>Si buscas una m\u00e1quina cortadora de c\u00e1scara de man\u00ed u otro equipo de procesamiento de nueces, contacta a Taizy para m\u00e1s informaci\u00f3n. Proporcionaremos asesoramiento y soporte claros seg\u00fan tus necesidades espec\u00edficas para ayudarte a mejorar la eficiencia de producci\u00f3n.<\/p>","protected":false},"excerpt":{"rendered":"<p>Taizy peanut kernel cutting machine can process nuts such as peanuts, macadamia nuts, hazelnuts, and cashews into granular form. We offer two types: a straight-blade peanut cutting machine and a roller-type peanut cutting machine. Its production capacity is 100-300 kg\/hour.<\/p>","protected":false},"author":1,"featured_media":308,"parent":0,"template":"","tags":[72,45],"product-type":[27],"class_list":["post-307","product","type-product","status-publish","has-post-thumbnail","hentry","tag-cashews","tag-peanut","product-type-peanut-kernel-processing"],"_links":{"self":[{"href":"https:\/\/taizynut.com\/sw\/wp-json\/wp\/v2\/product\/307","targetHints":{"allow":["GET"]}}],"collection":[{"href":"https:\/\/taizynut.com\/sw\/wp-json\/wp\/v2\/product"}],"about":[{"href":"https:\/\/taizynut.com\/sw\/wp-json\/wp\/v2\/types\/product"}],"author":[{"embeddable":true,"href":"https:\/\/taizynut.com\/sw\/wp-json\/wp\/v2\/users\/1"}],"wp:featuredmedia":[{"embeddable":true,"href":"https:\/\/taizynut.com\/sw\/wp-json\/wp\/v2\/media\/308"}],"wp:attachment":[{"href":"https:\/\/taizynut.com\/sw\/wp-json\/wp\/v2\/media?parent=307"}],"wp:term":[{"taxonomy":"post_tag","embeddable":true,"href":"https:\/\/taizynut.com\/sw\/wp-json\/wp\/v2\/tags?post=307"},{"taxonomy":"product-type","embeddable":true,"href":"https:\/\/taizynut.com\/sw\/wp-json\/wp\/v2\/product-type?post=307"}],"curies":[{"name":"wp","href":"https:\/\/api.w.org\/{rel}","templated":true}]}}