{"id":317,"date":"2023-03-09T10:49:13","date_gmt":"2023-03-09T02:49:13","guid":{"rendered":"https:\/\/taizynut.com\/?post_type=product&#038;p=317"},"modified":"2026-01-12T16:54:15","modified_gmt":"2026-01-12T08:54:15","slug":"semi-automatic-peanut-butter-processing-line","status":"publish","type":"product","link":"https:\/\/taizynut.com\/sw\/product\/semi-automatic-peanut-butter-processing-line\/","title":{"rendered":"Mstari wa usindikaji wa siagi ya karanga"},"content":{"rendered":"<p class=\"translation-block\">Mstari wa usindikaji wa siagi ya karanga wa nusu-moja kwa moja wa Taizy ni seti ya vifaa vilivyobobea katika kutengeneza siagi ya karanga inayoweza kuliwa kwa kuchoma, kumenya, kusaga, n.k. Ina uwezo wa 50-500kg\/h.<\/p>    <p>Laini ya uzalishaji wa siagi ya karanga inaweza kutengeneza siagi ya karanga iliyochafuliwa na umbile la nafaka na siagi laini ya karanga, na pia inaweza kutoa ufuta.<\/p>    <p>Imeundwa kuwa ndogo na yenye ufanisi, inafaa kwa biashara ndogo na za kati hadi viwanda vikubwa.<\/p>    <figure class=\"wp-block-embed is-type-video is-provider-youtube wp-block-embed-youtube wp-embed-aspect-16-9 wp-has-aspect-ratio\"><div class=\"wp-block-embed__wrapper\"> <iframe loading=\"lazy\" title=\"Laini ya moja kwa moja ya uzalishaji wa siagi ya karanga: kutoka kwa kuchoma karanga, kumenya, kusaga, kuchanganya hadi kujaza.\" width=\"500\" height=\"281\" src=\"https:\/\/www.youtube.com\/embed\/K6kLN9MlY-o?feature=oembed\" frameborder=\"0\" allow=\"accelerometer; autoplay; clipboard-write; encrypted-media; gyroscope; picture-in-picture; web-share\" referrerpolicy=\"strict-origin-when-cross-origin\" allowfullscreen><\/iframe> <\/div><figcaption class=\"wp-element-caption\">video ya laini ya mashine ya kusindika siagi ya karanga<\/figcaption><\/figure>    <h2 class=\"wp-block-heading\"><strong>Vad \u00e4r fl\u00f6desschemat f\u00f6r jordn\u00f6tssm\u00f6rsbehandling?<\/strong><\/h2>    <p class=\"translation-block\">Mstari wetu wa usindikaji wa siagi ya karanga unajumuisha <strong>kuchoma\u2192kupoa\u2192kumenya\u2192kusaga\u2192kupoa\u2192kujaza<\/strong>. Mstari mzima wa mashine za kusaga siagi ya karanga ni wa kisasa. Ifuatayo ni utangulizi wa mchakato wa uzalishaji wa mstari wa uzalishaji wa siagi ya karanga wa nusu-moja kwa moja na vifaa vinavyohitajika.<\/p>   <div class=\"wp-block-image\"> <figure class=\"aligncenter size-full\"><img loading=\"lazy\" decoding=\"async\" width=\"1020\" height=\"540\" src=\"https:\/\/taizynut.com\/wp-content\/uploads\/2023\/03\/industrial-peanut-butter-production-line.webp\" alt=\"uzalishaji wa siagi ya karanga viwandani\" class=\"wp-image-857\" title=\"\" srcset=\"https:\/\/taizynut.com\/wp-content\/uploads\/2023\/03\/industrial-peanut-butter-production-line.webp 1020w, https:\/\/taizynut.com\/wp-content\/uploads\/2023\/03\/industrial-peanut-butter-production-line-300x159.webp 300w, https:\/\/taizynut.com\/wp-content\/uploads\/2023\/03\/industrial-peanut-butter-production-line-768x407.webp 768w, https:\/\/taizynut.com\/wp-content\/uploads\/2023\/03\/industrial-peanut-butter-production-line-18x10.webp 18w\" sizes=\"auto, (max-width: 1020px) 100vw, 1020px\" \/><figcaption class=\"wp-element-caption\">uzalishaji wa siagi ya karanga viwandani<\/figcaption><\/figure> <\/div>   <h3 class=\"wp-block-heading\"><strong>Mchomaji wa karanga<\/strong><\/h3>    <p class=\"translation-block\">Aina hii ya <a href=\"https:\/\/taizynut.com\/sw\/product\/small-peanut-roasting-machine-groundnut-roaster-machine\/\">mashine ya kuchoma karanga<\/a> hutumiwa katika mstari wa mashine za kutengeneza siagi ya karanga za nusu-moja kwa moja. Inatumika sana kwa kuchoma karanga, maharage mapana, maharagwe ya kahawa, mbegu za melon, na karanga.<\/p>    <p>Seti moja ya mashine za kukaanga karanga ina uwezo wa 80-120kg\/h. Ikiwa unataka kutekeleza uwezo mkubwa wa uzalishaji, unaweza kuandaa mashine kadhaa zaidi kulingana na mahitaji.<\/p>    <p>Joto la kuoka kawaida ni 180 \u00b0 -200 \u00b0, na wakati wa kuoka unapaswa kuwa angalau dakika 20. Unene wa nyenzo ni 5-6cm, na mashine nzima ina matibabu ya dawa, sugu ya kutu.<\/p>    <figure class=\"wp-block-gallery has-nested-images columns-default is-cropped wp-block-gallery-2 is-layout-flex wp-block-gallery-is-layout-flex\"> <figure class=\"wp-block-image size-large\"><img loading=\"lazy\" decoding=\"async\" width=\"720\" height=\"540\" data-id=\"322\" src=\"https:\/\/taizynut.com\/wp-content\/uploads\/2023\/03\/peanut-roaster.webp\" alt=\"mchoma karanga\" class=\"wp-image-322\" title=\"\" srcset=\"https:\/\/taizynut.com\/wp-content\/uploads\/2023\/03\/peanut-roaster.webp 720w, https:\/\/taizynut.com\/wp-content\/uploads\/2023\/03\/peanut-roaster-300x225.webp 300w\" sizes=\"auto, (max-width: 720px) 100vw, 720px\" \/><figcaption class=\"wp-element-caption\">Mchoma Karanga<\/figcaption><\/figure>    <figure class=\"wp-block-image size-large\"><img loading=\"lazy\" decoding=\"async\" width=\"720\" height=\"540\" data-id=\"323\" src=\"https:\/\/taizynut.com\/wp-content\/uploads\/2023\/03\/roasted-peanuts.webp\" alt=\"karanga za kuchoma\" class=\"wp-image-323\" title=\"\" srcset=\"https:\/\/taizynut.com\/wp-content\/uploads\/2023\/03\/roasted-peanuts.webp 720w, https:\/\/taizynut.com\/wp-content\/uploads\/2023\/03\/roasted-peanuts-300x225.webp 300w\" sizes=\"auto, (max-width: 720px) 100vw, 720px\" \/><figcaption class=\"wp-element-caption\">Karanga za Kuchomwa<\/figcaption><\/figure> <\/figure>    <h3 class=\"wp-block-heading\"><strong>Mashine ya kumenya karanga<\/strong><\/h3>    <p class=\"translation-block\">Baada ya kuchoma, inahitaji kupoa kwa muda. Kisha <a href=\"https:\/\/taizynut.com\/sw\/product\/dry-peanut-peeling-machine\/\">mashine ya kumenya karanga<\/a> ya aina kavu hutumiwa kuondoa ngozi nyekundu.<\/p>    <p>Ina uwezo wa 200-600kg\/h, na kiwango cha peeling cha 98%. Inaweza kutumika pamoja na vitengo vingi, na ubora wa peeling hufikia kiwango cha usafirishaji.<\/p>    <figure class=\"wp-block-gallery has-nested-images columns-default is-cropped wp-block-gallery-3 is-layout-flex wp-block-gallery-is-layout-flex\"> <figure class=\"wp-block-image size-full\"><img loading=\"lazy\" decoding=\"async\" width=\"720\" height=\"540\" data-id=\"324\" src=\"https:\/\/taizynut.com\/wp-content\/uploads\/2023\/03\/peanut-peeling-machine.webp\" alt=\"mashine ya kumenya karanga\" class=\"wp-image-324\" title=\"\" srcset=\"https:\/\/taizynut.com\/wp-content\/uploads\/2023\/03\/peanut-peeling-machine.webp 720w, https:\/\/taizynut.com\/wp-content\/uploads\/2023\/03\/peanut-peeling-machine-300x225.webp 300w\" sizes=\"auto, (max-width: 720px) 100vw, 720px\" \/><figcaption class=\"wp-element-caption\">Mashine ya Kumenya Karanga<\/figcaption><\/figure>    <figure class=\"wp-block-image size-full\"><img loading=\"lazy\" decoding=\"async\" width=\"720\" height=\"540\" data-id=\"325\" src=\"https:\/\/taizynut.com\/wp-content\/uploads\/2023\/03\/peanut-peeling.webp\" alt=\"kumenya karanga\" class=\"wp-image-325\" title=\"\" srcset=\"https:\/\/taizynut.com\/wp-content\/uploads\/2023\/03\/peanut-peeling.webp 720w, https:\/\/taizynut.com\/wp-content\/uploads\/2023\/03\/peanut-peeling-300x225.webp 300w\" sizes=\"auto, (max-width: 720px) 100vw, 720px\" \/><figcaption class=\"wp-element-caption\">Kumenya Karanga<\/figcaption><\/figure> <\/figure>    <h3 class=\"wp-block-heading\"><strong>Kisaga siagi ya karanga<\/strong><\/h3>    <p class=\"translation-block\">Katika mstari wa usindikaji wa siagi ya karanga, <a href=\"https:\/\/taizynut.com\/sw\/product\/peanut-butter-grinder-machine\/\">mashine hii ya siagi ya karanga<\/a> ndiyo kifaa kikuu, kinachotumiwa sana kusaga mbegu za karanga zilizomenywa kuwa siagi. Pato lake ni kati ya 50-1000kg\/h.<\/p>    <p>Kabla ya kusaga, karanga huhitaji unyevu wa 1%. Mashine inaweza kurekebisha unene wa chembechembe za siagi ya karanga kupitia mpini, kuanzia mesh 120-150.<\/p>    <figure class=\"wp-block-gallery has-nested-images columns-default is-cropped wp-block-gallery-4 is-layout-flex wp-block-gallery-is-layout-flex\"> <figure class=\"wp-block-image size-large\"><img loading=\"lazy\" decoding=\"async\" width=\"720\" height=\"540\" data-id=\"327\" src=\"https:\/\/taizynut.com\/wp-content\/uploads\/2023\/03\/peanut-butter-grinder.webp\" alt=\"grinder ya siagi ya karanga\" class=\"wp-image-327\" title=\"\" srcset=\"https:\/\/taizynut.com\/wp-content\/uploads\/2023\/03\/peanut-butter-grinder.webp 720w, https:\/\/taizynut.com\/wp-content\/uploads\/2023\/03\/peanut-butter-grinder-300x225.webp 300w\" sizes=\"auto, (max-width: 720px) 100vw, 720px\" \/><figcaption class=\"wp-element-caption\">Kusaga Siagi ya Karanga<\/figcaption><\/figure>    <figure class=\"wp-block-image size-large\"><img loading=\"lazy\" decoding=\"async\" width=\"720\" height=\"540\" data-id=\"328\" src=\"https:\/\/taizynut.com\/wp-content\/uploads\/2023\/03\/peanut-butter-grind.webp\" alt=\"Kusaga Siagi ya Karanga\" class=\"wp-image-328\" title=\"\" srcset=\"https:\/\/taizynut.com\/wp-content\/uploads\/2023\/03\/peanut-butter-grind.webp 720w, https:\/\/taizynut.com\/wp-content\/uploads\/2023\/03\/peanut-butter-grind-300x225.webp 300w\" sizes=\"auto, (max-width: 720px) 100vw, 720px\" \/><figcaption class=\"wp-element-caption\">Kusaga Siagi ya Karanga<\/figcaption><\/figure> <\/figure>    <h3 class=\"wp-block-heading\"><strong>Mtungi wa mstari wa kusindika siagi ya karanga<\/strong><\/h3>    <p>Mitungi ya mstari wa uzalishaji wa siagi ya karanga ni pamoja na tanki ya kuchanganya, tanki ya utupu, na tanki ya kuhifadhi. <\/p>   <div class=\"wp-block-image\"> <figure class=\"aligncenter size-large\"><img loading=\"lazy\" decoding=\"async\" width=\"720\" height=\"540\" src=\"https:\/\/taizynut.com\/wp-content\/uploads\/2023\/03\/Peanut-butter-processing-line-jar.webp\" alt=\"Mtungi wa mstari wa kusindika siagi ya karanga\" class=\"wp-image-326\" title=\"\" srcset=\"https:\/\/taizynut.com\/wp-content\/uploads\/2023\/03\/Peanut-butter-processing-line-jar.webp 720w, https:\/\/taizynut.com\/wp-content\/uploads\/2023\/03\/Peanut-butter-processing-line-jar-300x225.webp 300w\" sizes=\"auto, (max-width: 720px) 100vw, 720px\" \/><figcaption class=\"wp-element-caption\">Mtungi wa mstari wa kusindika siagi ya karanga<\/figcaption><\/figure> <\/div>   <p>Tangi ya kuchanganya ni kuongeza ladha ya siagi ya karanga ili kuifanya iwe sawa zaidi. Unaweza kuongeza chumvi, sukari na viungo vingine ili kuonja. Wakati wa kuchochea kwa ujumla ni 5-6min, tofauti kulingana na viungo tofauti<\/p>    <p>&nbsp;Tangi ya utupu ni kuondokana na Bubbles ya siagi ya karanga na kuongeza muda wa kuhifadhi.<\/p>    <p>Mtungi wa kuhifadhi hutumika kushikilia siagi ya karanga iliyosagwa.<\/p>   <div class=\"wp-block-image\"> <figure class=\"aligncenter size-full\"><img loading=\"lazy\" decoding=\"async\" width=\"1020\" height=\"540\" src=\"https:\/\/taizynut.com\/wp-content\/uploads\/2023\/03\/tanks-used-in-the-peanut-butter-processing-machine-line.webp\" alt=\"mizinga inayotumika kwenye laini ya mashine ya kusindika siagi ya karanga\" class=\"wp-image-847\" title=\"\" srcset=\"https:\/\/taizynut.com\/wp-content\/uploads\/2023\/03\/tanks-used-in-the-peanut-butter-processing-machine-line.webp 1020w, https:\/\/taizynut.com\/wp-content\/uploads\/2023\/03\/tanks-used-in-the-peanut-butter-processing-machine-line-300x159.webp 300w, https:\/\/taizynut.com\/wp-content\/uploads\/2023\/03\/tanks-used-in-the-peanut-butter-processing-machine-line-768x407.webp 768w, https:\/\/taizynut.com\/wp-content\/uploads\/2023\/03\/tanks-used-in-the-peanut-butter-processing-machine-line-18x10.webp 18w\" sizes=\"auto, (max-width: 1020px) 100vw, 1020px\" \/><figcaption class=\"wp-element-caption\">mizinga inayotumika kwenye laini ya mashine ya kusindika siagi ya karanga<\/figcaption><\/figure> <\/div>   <h3 class=\"wp-block-heading\"><strong>Mashine ya kujaza siagi ya karanga<\/strong><\/h3>    <p class=\"translation-block\">Hatimaye, <a href=\"https:\/\/taizynut.com\/sw\/product\/peanut-butter-filling-machine\/\">mashine ya kujaza siagi ya karanga<\/a> hujaza na kufunga siagi ya karanga kwenye chupa au mifuko. Mashine ya kujaza ina mashine ya kujaza siagi ya nusu-moja kwa moja na laini ya kujaza kiotomatiki kikamilifu (inajumuisha mashine ya kujaza, mashine ya kuziba, mashine ya kuweka lebo na mashine ya kuziba).<\/p>    <p>Ikiwa unataka kupakia siagi ya karanga kwenye mifuko, mashine ya kubandika ni chaguo bora.<\/p>    <figure class=\"wp-block-gallery has-nested-images columns-default is-cropped wp-block-gallery-5 is-layout-flex wp-block-gallery-is-layout-flex\"> <figure class=\"wp-block-image size-large\"><img loading=\"lazy\" decoding=\"async\" width=\"720\" height=\"540\" data-id=\"329\" src=\"https:\/\/taizynut.com\/wp-content\/uploads\/2023\/03\/Peanut-butter-filling-machine.webp\" alt=\"Mashine ya kujaza siagi ya karanga\" class=\"wp-image-329\" title=\"\" srcset=\"https:\/\/taizynut.com\/wp-content\/uploads\/2023\/03\/Peanut-butter-filling-machine.webp 720w, https:\/\/taizynut.com\/wp-content\/uploads\/2023\/03\/Peanut-butter-filling-machine-300x225.webp 300w\" sizes=\"auto, (max-width: 720px) 100vw, 720px\" \/><figcaption class=\"wp-element-caption\">Mashine ya Kujaza Siagi ya Karanga<\/figcaption><\/figure>    <figure class=\"wp-block-image size-large\"><img loading=\"lazy\" decoding=\"async\" width=\"720\" height=\"540\" data-id=\"330\" src=\"https:\/\/taizynut.com\/wp-content\/uploads\/2023\/03\/packaged-peanut-butter.webp\" alt=\"siagi ya karanga iliyopakiwa\" class=\"wp-image-330\" title=\"\" srcset=\"https:\/\/taizynut.com\/wp-content\/uploads\/2023\/03\/packaged-peanut-butter.webp 720w, https:\/\/taizynut.com\/wp-content\/uploads\/2023\/03\/packaged-peanut-butter-300x225.webp 300w\" sizes=\"auto, (max-width: 720px) 100vw, 720px\" \/><figcaption class=\"wp-element-caption\">Siagi ya Karanga Iliyofungwa<\/figcaption><\/figure> <\/figure>    <h2 class=\"wp-block-heading\"><strong>Faida za mstari wa usindikaji wa siagi ya karanga ya Taizy<\/strong><\/h2>    <ul class=\"wp-block-list\"> <li>Laini hii ya mashine ya siagi ya karanga inachukua udhibiti wa hali ya juu wa otomatiki, kuokoa gharama ya wafanyikazi.<\/li>    <li>Vifaa vina matumizi ya chini ya nishati na ufanisi mkubwa wa uzalishaji (50-500kg \/ h).<\/li>    <li>Inafaa kwa kutengeneza ladha na aina tofauti za siagi ya karanga, kama vile asilia, ya punje, tamu na kadhalika.<\/li>    <li>Sehemu zinazogusana na malighafi ni chuma cha pua cha kiwango cha chakula, kulingana na viwango vya uzalishaji wa chakula.<\/li> <\/ul>   <div class=\"wp-block-image\"> <figure class=\"aligncenter size-full\"><img loading=\"lazy\" decoding=\"async\" width=\"720\" height=\"540\" src=\"https:\/\/taizynut.com\/wp-content\/uploads\/2023\/03\/1641792431561-tuya_\u7ed3\u679c.webp\" alt=\"Mstari wa usindikaji wa siagi ya karanga kutoka Taizy\" class=\"wp-image-1193\" title=\"\" srcset=\"https:\/\/taizynut.com\/wp-content\/uploads\/2023\/03\/1641792431561-tuya_\u7ed3\u679c.webp 720w, https:\/\/taizynut.com\/wp-content\/uploads\/2023\/03\/1641792431561-tuya_\u7ed3\u679c-300x225.webp 300w, https:\/\/taizynut.com\/wp-content\/uploads\/2023\/03\/1641792431561-tuya_\u7ed3\u679c-16x12.webp 16w\" sizes=\"auto, (max-width: 720px) 100vw, 720px\" \/><figcaption class=\"wp-element-caption\">Mstari wa usindikaji wa siagi ya karanga kutoka Taizy<\/figcaption><\/figure> <\/div>   <h2 class=\"wp-block-heading\"><strong>Uchaguzi wa mavuno ya uzalishaji wa siagi ya karanga<\/strong><\/h2>    <p>Laini ya usindikaji nusu otomatiki ya siagi ya karanga\u00a0inaweza kuchakata 50-500kg\/h, unaweza kuchagua kulingana na mahitaji yako ya uchakataji, na mafundi wetu watabuni mpango unaolingana.<\/p>    <p>Ifuatayo ni usanidi wa laini ya 200kg\/h ya uzalishaji wa siagi ya karanga kibiashara kwa marejeleo yako.<\/p>    <figure class=\"wp-block-table\"><table><tbody><tr><td>Jina la mashine<\/td><td>Uwezo<\/td><td>Nguvu<\/td><td>Ukubwa<\/td><td>Uzito<\/td><td>Qty<\/td><\/tr><tr><td>Mashine ya kuchoma karanga<\/td><td>200-240kg \/ h<\/td><td>Nguvu ya kupokanzwa: 50kw<br>Nguvu ya injini: 2.2kw<\/td><td>2.8*2.2*1.7m<\/td><td>\/<\/td><td>2 seti<\/td><\/tr><tr><td>Mashine ya kumenya karanga<\/td><td>400kg\/saa<\/td><td>Nguvu ya injini: 0.55kw<br>Nguvu ya shabiki: 0.37kw<\/td><td>1.2*0.75*1.2m<\/td><td>230kg<\/td><td>1 pc<\/td><\/tr><tr><td>Mashine ya kutengeneza siagi ya karanga<\/td><td>200-300kg \/ h<\/td><td>18.5kw<\/td><td>1.1*0.75*1.3m<\/td><td>360kg<\/td><td>1 pc<\/td><\/tr><tr><td>Mashine ya kujaza nusu-otomatiki<\/td><td>Chupa 100-400 \/ h<\/td><td>0.2-2kw<\/td><td>0.6*0.5*1.4m<\/td><td>130kg<\/td><td>1 pc<\/td><\/tr><\/tbody><\/table><figcaption class=\"wp-element-caption\">data ya kiufundi ya laini ya mashine ya kutengeneza siagi ya karanga ya 200kg\/h<\/figcaption><\/figure>    <p>Ikiwa unataka maelezo zaidi, karibu kuwasiliana nasi wakati wowote!<\/p>    <figure class=\"wp-block-gallery aligncenter has-nested-images columns-default is-cropped wp-block-gallery-6 is-layout-flex wp-block-gallery-is-layout-flex\"> <figure class=\"wp-block-image size-full\"><img loading=\"lazy\" decoding=\"async\" width=\"720\" height=\"540\" data-id=\"319\" src=\"https:\/\/taizynut.com\/wp-content\/uploads\/2023\/03\/peanut-butter-processing-line-1.webp\" alt=\"laini ya usindikaji wa siagi ya karanga\" class=\"wp-image-319\" title=\"\" srcset=\"https:\/\/taizynut.com\/wp-content\/uploads\/2023\/03\/peanut-butter-processing-line-1.webp 720w, https:\/\/taizynut.com\/wp-content\/uploads\/2023\/03\/peanut-butter-processing-line-1-300x225.webp 300w\" sizes=\"auto, (max-width: 720px) 100vw, 720px\" \/><figcaption class=\"wp-element-caption\">Mstari wa Uzalishaji wa Siagi ya Karanga Kiotomatiki<\/figcaption><\/figure>    <figure class=\"wp-block-image size-full\"><img loading=\"lazy\" decoding=\"async\" width=\"720\" height=\"540\" data-id=\"858\" src=\"https:\/\/taizynut.com\/wp-content\/uploads\/2023\/03\/peanut-butter-processing-machine-plant.webp\" alt=\"kiwanda cha mashine ya kusindika siagi ya karanga\" class=\"wp-image-858\" title=\"\" srcset=\"https:\/\/taizynut.com\/wp-content\/uploads\/2023\/03\/peanut-butter-processing-machine-plant.webp 720w, https:\/\/taizynut.com\/wp-content\/uploads\/2023\/03\/peanut-butter-processing-machine-plant-300x225.webp 300w, https:\/\/taizynut.com\/wp-content\/uploads\/2023\/03\/peanut-butter-processing-machine-plant-16x12.webp 16w\" sizes=\"auto, (max-width: 720px) 100vw, 720px\" \/><figcaption class=\"wp-element-caption\">Kiwanda cha Mashine ya Kusindika Siagi ya Karanga<\/figcaption><\/figure> <\/figure>    <h2 class=\"wp-block-heading\"><strong><strong>Inapatikana<\/strong> ladha ya siagi ya karanga na fomu za ufungaji<\/strong><\/h2>    <p>Ladha ya siagi ya karanga sio sare. Siagi ya karanga imegawanywa kuwa tamu na safi. Watengenezaji wengine pia wataongeza malighafi fulani katika mchakato wao wa uzalishaji. Hatua hii ya kitoweo ni baada ya siagi ya karanga kusagwa na kupozwa. Hiyo ni kusema, Msimu kabla ya kujaza.<\/p>    <figure class=\"wp-block-gallery has-nested-images columns-default is-cropped wp-block-gallery-7 is-layout-flex wp-block-gallery-is-layout-flex\"> <figure class=\"wp-block-image size-large\"><img loading=\"lazy\" decoding=\"async\" width=\"720\" height=\"540\" data-id=\"320\" src=\"https:\/\/taizynut.com\/wp-content\/uploads\/2023\/03\/peanut-butter.webp\" alt=\"siagi ya karanga punjepunje\" class=\"wp-image-320\" title=\"\" srcset=\"https:\/\/taizynut.com\/wp-content\/uploads\/2023\/03\/peanut-butter.webp 720w, https:\/\/taizynut.com\/wp-content\/uploads\/2023\/03\/peanut-butter-300x225.webp 300w\" sizes=\"auto, (max-width: 720px) 100vw, 720px\" \/><figcaption class=\"wp-element-caption\">Siagi ya Karanga ya Punjepunje<\/figcaption><\/figure>    <figure class=\"wp-block-image size-large\"><img loading=\"lazy\" decoding=\"async\" width=\"720\" height=\"540\" data-id=\"321\" src=\"https:\/\/taizynut.com\/wp-content\/uploads\/2023\/03\/peanut-butter-1.webp\" alt=\"siagi ya karanga maridadi\" class=\"wp-image-321\" title=\"\" srcset=\"https:\/\/taizynut.com\/wp-content\/uploads\/2023\/03\/peanut-butter-1.webp 720w, https:\/\/taizynut.com\/wp-content\/uploads\/2023\/03\/peanut-butter-1-300x225.webp 300w\" sizes=\"auto, (max-width: 720px) 100vw, 720px\" \/><figcaption class=\"wp-element-caption\">Siagi ya Karanga Nyembamba<\/figcaption><\/figure> <\/figure>    <p class=\"translation-block\">Ufungaji wa <a href=\"https:\/\/en.wikipedia.org\/wiki\/Peanut_butter\" target=\"_blank\" rel=\"noopener\">siagi ya karanga<\/a> ni jambo ambalo wazalishaji wanahitaji kuzingatia. Ufungaji wa kipekee unaweza kuvutia watumiaji haraka. Ufungaji wa siagi ya karanga umegawanywa katika chupa na mifuko, ambayo inaweza kubinafsishwa.<\/p>    <figure class=\"wp-block-gallery has-nested-images columns-default is-cropped wp-block-gallery-8 is-layout-flex wp-block-gallery-is-layout-flex\"> <figure class=\"wp-block-image size-full\"><img loading=\"lazy\" decoding=\"async\" width=\"720\" height=\"540\" data-id=\"1190\" src=\"https:\/\/taizynut.com\/wp-content\/uploads\/2023\/03\/peanut-butter-2.webp\" alt=\"siagi ya karanga\" class=\"wp-image-1190\" title=\"\" srcset=\"https:\/\/taizynut.com\/wp-content\/uploads\/2023\/03\/peanut-butter-2.webp 720w, https:\/\/taizynut.com\/wp-content\/uploads\/2023\/03\/peanut-butter-2-300x225.webp 300w, https:\/\/taizynut.com\/wp-content\/uploads\/2023\/03\/peanut-butter-2-16x12.webp 16w\" sizes=\"auto, (max-width: 720px) 100vw, 720px\" \/><figcaption class=\"wp-element-caption\">Siagi ya Karanga<\/figcaption><\/figure>    <figure class=\"wp-block-image size-large\"><img loading=\"lazy\" decoding=\"async\" width=\"607\" height=\"405\" data-id=\"719\" src=\"https:\/\/taizynut.com\/wp-content\/uploads\/2024\/11\/bottled-peanut-butter.webp\" alt=\"siagi ya karanga ya chupa\" class=\"wp-image-719\" title=\"\" srcset=\"https:\/\/taizynut.com\/wp-content\/uploads\/2024\/11\/bottled-peanut-butter.webp 607w, https:\/\/taizynut.com\/wp-content\/uploads\/2024\/11\/bottled-peanut-butter-300x200.webp 300w, https:\/\/taizynut.com\/wp-content\/uploads\/2024\/11\/bottled-peanut-butter-18x12.webp 18w\" sizes=\"auto, (max-width: 607px) 100vw, 607px\" \/><figcaption class=\"wp-element-caption\">Siagi ya Karanga ya Chupa<\/figcaption><\/figure> <\/figure>    <p>Haijalishi ni ladha gani ya siagi ya karanga unayotaka kutoa na ni aina gani ya ufungaji unayotaka kutekeleza, tutakupa laini inayofaa zaidi ya uzalishaji wa siagi ya karanga.<\/p>","protected":false},"excerpt":{"rendered":"<p>Laini ya usindikaji ya siagi ya karanga ya Taizy nusu otomatiki ni seti ya vifaa maalumu vya kutengeneza siagi ya karanga inayoweza kuliwa kwa kuchomwa, kumenya, kusaga n.k.<\/p>","protected":false},"author":1,"featured_media":318,"parent":0,"template":"","tags":[49,30],"product-type":[29],"class_list":["post-317","product","type-product","status-publish","has-post-thumbnail","hentry","tag-peanut-butter","tag-peanut-butter-processing-line","product-type-product-line"],"_links":{"self":[{"href":"https:\/\/taizynut.com\/sw\/wp-json\/wp\/v2\/product\/317","targetHints":{"allow":["GET"]}}],"collection":[{"href":"https:\/\/taizynut.com\/sw\/wp-json\/wp\/v2\/product"}],"about":[{"href":"https:\/\/taizynut.com\/sw\/wp-json\/wp\/v2\/types\/product"}],"author":[{"embeddable":true,"href":"https:\/\/taizynut.com\/sw\/wp-json\/wp\/v2\/users\/1"}],"wp:featuredmedia":[{"embeddable":true,"href":"https:\/\/taizynut.com\/sw\/wp-json\/wp\/v2\/media\/318"}],"wp:attachment":[{"href":"https:\/\/taizynut.com\/sw\/wp-json\/wp\/v2\/media?parent=317"}],"wp:term":[{"taxonomy":"post_tag","embeddable":true,"href":"https:\/\/taizynut.com\/sw\/wp-json\/wp\/v2\/tags?post=317"},{"taxonomy":"product-type","embeddable":true,"href":"https:\/\/taizynut.com\/sw\/wp-json\/wp\/v2\/product-type?post=317"}],"curies":[{"name":"wp","href":"https:\/\/api.w.org\/{rel}","templated":true}]}}