{"id":721,"date":"2024-11-21T14:37:01","date_gmt":"2024-11-21T06:37:01","guid":{"rendered":"https:\/\/taizynut.com\/?post_type=product&#038;p=721"},"modified":"2026-01-23T08:44:52","modified_gmt":"2026-01-23T00:44:52","slug":"peanut-chikki-packing-machine","status":"publish","type":"product","link":"https:\/\/taizynut.com\/sw\/product\/peanut-chikki-packing-machine\/","title":{"rendered":"Mashine ya kufungashia chikki ya karanga"},"content":{"rendered":"<p class=\"translation-block\">Mashine ya kufungia ya Taizy ya peanut chikki imeundwa kufungia pipi za karanga na vyakula vingine kwenye mifuko katika mstari wa uzalishaji wa baa za bapa za karanga.<\/p>    <p>Inaweza kupakia mifuko 50-200 ya baa za nut brittle kwa dakika. Pia, mfumo wa kusafisha nitrojeni na utendaji wa tarehe ya uchapishaji unaweza kutayarishwa kutosheleza mahitaji yako.<\/p>    <p>Med h\u00f6g effektivitet och bra prestanda har v\u00e5r f\u00f6rpackningsmaskin f\u00f6r jordn\u00f6tsgodis exporterats till Libanon, Zimbabwe, Myanmar, etc. Det \u00e4r en bra hj\u00e4lpare i tillverkningslinjen f\u00f6r jordn\u00f6tskn\u00e4ck.<\/p>    <figure class=\"wp-block-embed is-type-video is-provider-youtube wp-block-embed-youtube wp-embed-aspect-16-9 wp-has-aspect-ratio\"><div class=\"wp-block-embed__wrapper\"> <iframe loading=\"lazy\" title=\"Mashine ya ufungaji bora ya mto kwa pipi ya karanga | Mashine ya kufunga pipi ya karanga brittle bar\" width=\"500\" height=\"281\" src=\"https:\/\/www.youtube.com\/embed\/mPSBWvfLS0A?feature=oembed\" frameborder=\"0\" allow=\"accelerometer; autoplay; clipboard-write; encrypted-media; gyroscope; picture-in-picture; web-share\" referrerpolicy=\"strict-origin-when-cross-origin\" allowfullscreen><\/iframe> <\/div><figcaption class=\"wp-element-caption\">video ya mashine ya kupakia karanga brittle bar<\/figcaption><\/figure>    <h2 class=\"wp-block-heading\"><strong>Faida za mashine ya kufungashia njugu chikki<\/strong><\/h2>    <ul class=\"wp-block-list\"> <li><strong>Ufanisi wa juu<\/strong>: Mashine ya kufungia mtiririko wa nut brittle bar huendesha haraka na inaweza kufunga mifuko 5-300 kwa dakika.<\/li>    <li><strong>Kufunga kwa nguvu<\/strong>: pipi ya karanga iliyojaa ina athari nzuri ya kuziba, na kuongeza muda wa maisha yake ya rafu.<\/li>    <li><strong>Uendeshaji rahisi<\/strong>: muundo wa kibinadamu, mchakato rahisi wa operesheni, kuokoa gharama za kazi.<\/li>    <li><strong>Ufungaji wa uzuri<\/strong>: Ufungaji nadhifu, unaoongeza mvuto wa soko wa bidhaa.<\/li> <\/ul>   <div class=\"wp-block-image\"> <figure class=\"aligncenter size-full\"><img loading=\"lazy\" decoding=\"async\" width=\"720\" height=\"450\" src=\"https:\/\/taizynut.com\/wp-content\/uploads\/2024\/11\/flow-wrap-machine-for-peanut-candy-brittle-bar.webp\" alt=\"mashine ya kufunga mtiririko kwa bar ya pipi ya karanga\" class=\"wp-image-746\" title=\"\" srcset=\"https:\/\/taizynut.com\/wp-content\/uploads\/2024\/11\/flow-wrap-machine-for-peanut-candy-brittle-bar.webp 720w, https:\/\/taizynut.com\/wp-content\/uploads\/2024\/11\/flow-wrap-machine-for-peanut-candy-brittle-bar-300x188.webp 300w, https:\/\/taizynut.com\/wp-content\/uploads\/2024\/11\/flow-wrap-machine-for-peanut-candy-brittle-bar-18x12.webp 18w\" sizes=\"auto, (max-width: 720px) 100vw, 720px\" \/><figcaption class=\"wp-element-caption\">mashine ya kufunga mtiririko kwa bar ya pipi ya karanga<\/figcaption><\/figure> <\/div>   <h2 class=\"wp-block-heading\"><strong>Vigezo vya kiufundi vya mashine ya kufunga pipi ya karanga<\/strong><\/h2>    <ul class=\"wp-block-list\"> <li><strong>Mfano<\/strong>: TZ-250<\/li>    <li><strong>Voltage<\/strong>: 415V, 50hz, kauli 3(iliyobinafsishwa)<\/li>    <li><strong>Nguvu<\/strong>2.5kw<\/li>    <li><strong>Kasi ya kufunga<\/strong>: 50-200pcs \/ min<\/li>    <li><strong>Urefu wa bidhaa<\/strong>: 5-40 mm<\/li>    <li><strong>Upana wa filamu<\/strong>: \u2264250mm<\/li>    <li><strong>Urefu wa kufunga<\/strong>: 5-60 mm<\/li>    <li><strong>Ukubwa<\/strong>: 3770*670*1450mm<\/li>    <li><strong>Uzito<\/strong>: 800kg<\/li> <\/ul>    <p>Hii ni parameter ya mfano maarufu zaidi katika mstari wa uzalishaji wa pipi ya karanga. Mashine hii ni mfano wa TZ-250, kasi ya kufunga ni vifurushi 50-200 \/ dakika, na voltage inaweza kubinafsishwa. Nyenzo za sehemu ya mawasiliano ya chakula ya mashine ni chuma cha pua ili kuhakikisha kufuata viwango vya usafi wa chakula.<\/p>    <p>Om du vill ha mer maskindetaljer kan du kontakta oss n\u00e4r som helst! Vi kommer att tillhandah\u00e5lla de detaljerade parametrarna f\u00f6r din referens. <\/p>    <h2 class=\"wp-block-heading\"><strong>Maombi ya mashine ya kufunga mtiririko kwa pipi ya karanga<\/strong><\/h2>    <p>Mashine hii ya kufungashia chikki ya karanga ina anuwai ya matumizi, kama vile:<\/p>    <ul class=\"wp-block-list\"> <li><strong>Pipi ya karanga<\/strong>: ikiwa ni pamoja na vipande vya pipi za jadi za karanga, brittle ya karanga, pipi za ufuta, baa za vitafunio, baa za protini, chikki, baa za nishati, baa za nafaka, na kadhalika.<\/li>    <li><strong>Vyakula vingine<\/strong>: yanafaa kwa ajili ya pipi ya ufungaji, chokoleti, keki na bidhaa nyingine.<\/li>    <li><strong>Eneo lisilo la chakula<\/strong>: pia kutumika kwa ajili ya sehemu ndogo, mahitaji ya kila siku ufungaji.<\/li> <\/ul>    <p>Mashine hiyo inafaa kwa kiwanda cha chakula, kiwanda cha kusindika chakula cha vitafunio, na mstari wa uzalishaji wa kundi.<\/p>    <figure class=\"wp-block-gallery has-nested-images columns-default is-cropped wp-block-gallery-2 is-layout-flex wp-block-gallery-is-layout-flex\"> <figure class=\"wp-block-image size-large\"><img loading=\"lazy\" decoding=\"async\" width=\"720\" height=\"540\" data-id=\"492\" src=\"https:\/\/taizynut.com\/wp-content\/uploads\/2023\/12\/tasty-peanut-brittle-bar.webp\" alt=\"kitamu karanga brittle bar\" class=\"wp-image-492\" title=\"\" srcset=\"https:\/\/taizynut.com\/wp-content\/uploads\/2023\/12\/tasty-peanut-brittle-bar.webp 720w, https:\/\/taizynut.com\/wp-content\/uploads\/2023\/12\/tasty-peanut-brittle-bar-300x225.webp 300w\" sizes=\"auto, (max-width: 720px) 100vw, 720px\" \/><figcaption class=\"wp-element-caption\">Baa ya Kitamu ya Peanut Brittle<\/figcaption><\/figure>    <figure class=\"wp-block-image size-large\"><img loading=\"lazy\" decoding=\"async\" width=\"720\" height=\"540\" data-id=\"491\" src=\"https:\/\/taizynut.com\/wp-content\/uploads\/2023\/12\/small-peanut-brittle-business.webp\" alt=\"biashara ndogo ya karanga\" class=\"wp-image-491\" title=\"\" srcset=\"https:\/\/taizynut.com\/wp-content\/uploads\/2023\/12\/small-peanut-brittle-business.webp 720w, https:\/\/taizynut.com\/wp-content\/uploads\/2023\/12\/small-peanut-brittle-business-300x225.webp 300w\" sizes=\"auto, (max-width: 720px) 100vw, 720px\" \/><figcaption class=\"wp-element-caption\">Biashara Ndogo ya Karanga<\/figcaption><\/figure>    <figure class=\"wp-block-image size-large\"><img loading=\"lazy\" decoding=\"async\" width=\"720\" height=\"540\" data-id=\"462\" src=\"https:\/\/taizynut.com\/wp-content\/uploads\/2023\/08\/peanut-brittle.webp\" alt=\"karanga brittle\" class=\"wp-image-462\" title=\"\" srcset=\"https:\/\/taizynut.com\/wp-content\/uploads\/2023\/08\/peanut-brittle.webp 720w, https:\/\/taizynut.com\/wp-content\/uploads\/2023\/08\/peanut-brittle-300x225.webp 300w\" sizes=\"auto, (max-width: 720px) 100vw, 720px\" \/><figcaption class=\"wp-element-caption\">Peanut Brittle<\/figcaption><\/figure> <\/figure>    <h2 class=\"wp-block-heading\"><strong>Vad kostar maskinen f\u00f6r f\u00f6rpackning av jordn\u00f6tchikki?<\/strong><\/h2>    <p class=\"translation-block\">Katika mchakato wa uzalishaji wa pipi za karanga, sehemu ya ufungashaji ni muhimu. Kwa hiyo, kujua bei ya mashine ya kufungia baa za bapa ni muhimu tu. Bei ya mashine yetu ya kufungia pipi za karanga huathiriwa na mfumo wa mashine, vipengele vya mashine, na wakati wa ununuzi wa <a href=\"https:\/\/taizynut.com\/sw\/product\/peanut-brittle-bar-production-line\/\">mstari wa mashine za bapa za karanga<\/a>.<\/p>    <p>Kwa ujumla, ukinunua mashine yetu ya ufungaji ya chikki ya karanga, pamoja na mstari mzima, ni ya gharama nafuu zaidi kuliko kuinunua tofauti.<\/p>    <p>Ikiwa unataka kujua bei maalum ya mashine, wasiliana nasi! Tutakupa nukuu kulingana na mahitaji yako ya jumla.<\/p>   <div class=\"wp-block-image\"> <figure class=\"aligncenter size-full\"><img loading=\"lazy\" decoding=\"async\" width=\"720\" height=\"540\" src=\"https:\/\/taizynut.com\/wp-content\/uploads\/2024\/11\/peanut-chikki-candy-pillow-packing-machine.webp\" alt=\"mashine ya kufunga mto ya karanga chikki pipi\" class=\"wp-image-750\" title=\"\" srcset=\"https:\/\/taizynut.com\/wp-content\/uploads\/2024\/11\/peanut-chikki-candy-pillow-packing-machine.webp 720w, https:\/\/taizynut.com\/wp-content\/uploads\/2024\/11\/peanut-chikki-candy-pillow-packing-machine-300x225.webp 300w, https:\/\/taizynut.com\/wp-content\/uploads\/2024\/11\/peanut-chikki-candy-pillow-packing-machine-16x12.webp 16w\" sizes=\"auto, (max-width: 720px) 100vw, 720px\" \/><figcaption class=\"wp-element-caption\">mashine ya kufunga mto ya karanga chikki pipi<\/figcaption><\/figure> <\/div>   <h2 class=\"wp-block-heading\"><strong>Jinsi ya kuchagua moja inayotumiwa katika mstari wa uzalishaji wa karanga brittle bar?<\/strong><\/h2>    <p>Mashine hii ya kufunga chikki ya karanga hutumiwa kwa mstari mzima wa matumizi ya uzalishaji, hivyo jinsi ya kuchagua moja sahihi? Hapa kuna baadhi ya mapendekezo kwa marejeleo yako.<\/p>    <p class=\"translation-block\"><strong>Kiwango cha uzalishaji<\/strong><\/p>    <p>Den \u00e4r fr\u00e4mst anpassad till din produktion av jordn\u00f6tter.<\/p>    <ul class=\"wp-block-list\"> <li><strong>Uzalishaji mdogo<\/strong>Om du \u00e4r ett litet f\u00f6retag eller en familjeverkstad med l\u00e5g daglig produktion, \u00e4r den minsta f\u00f6rpackningen f\u00f6r jordn\u00f6tsgodis l\u00e4mplig. <\/li>    <li><strong>Uzalishaji mkubwa<\/strong>: ikiwa kiwanda chako kinataka pato la juu la kila siku, mashine ya kufunga pipi ya karanga yenye pato la juu ni nzuri kwako. <\/li> <\/ul>    <p class=\"translation-block\"><strong>Mahitaji ya ufungashaji<\/strong><\/p>    <ul class=\"wp-block-list\"> <li>Je, unahitaji athari nzuri na nadhifu ya ufungashaji, kama vile mifuko ya plastiki au mifuko ya karatasi?<\/li>    <li>Je, unahitaji kuchapisha tarehe za uzalishaji au nambari za kundi?<\/li> <\/ul>    <p class=\"translation-block\"><strong>Upatanifu na uwezo wa kuzoea<\/strong><\/p>    <p>Je, mashine ya kufungashia pipi ya karanga inalingana na mstari wa uzalishaji?<\/p>    <p>Mashine yetu ya kufungashia chikki ya karanga inaendana sana na mistari ya uzalishaji wa peremende za karanga. Inaweza kuunganishwa bila mshono na vifaa vingine, kama vile mashine za ukingo na mashine za kupoeza, ili kuunda operesheni ya laini ya kusanyiko.<\/p>    <figure class=\"wp-block-gallery has-nested-images columns-default is-cropped wp-block-gallery-3 is-layout-flex wp-block-gallery-is-layout-flex\"> <figure class=\"wp-block-image size-full\"><img loading=\"lazy\" decoding=\"async\" width=\"720\" height=\"540\" data-id=\"748\" src=\"https:\/\/taizynut.com\/wp-content\/uploads\/2024\/11\/pillow-packing-machine-for-sale.jpg\" alt=\"mashine ya kufunga mto inauzwa\" class=\"wp-image-748\" title=\"\" srcset=\"https:\/\/taizynut.com\/wp-content\/uploads\/2024\/11\/pillow-packing-machine-for-sale.jpg 720w, https:\/\/taizynut.com\/wp-content\/uploads\/2024\/11\/pillow-packing-machine-for-sale-300x225.jpg 300w, https:\/\/taizynut.com\/wp-content\/uploads\/2024\/11\/pillow-packing-machine-for-sale-16x12.jpg 16w\" sizes=\"auto, (max-width: 720px) 100vw, 720px\" \/><figcaption class=\"wp-element-caption\">Mashine ya Kufunga Mito Inauzwa<\/figcaption><\/figure>    <figure class=\"wp-block-image size-large\"><img loading=\"lazy\" decoding=\"async\" width=\"720\" height=\"540\" data-id=\"463\" src=\"https:\/\/taizynut.com\/wp-content\/uploads\/2023\/08\/commercial-peanut-brittle-production-line.webp\" alt=\"laini ya uzalishaji wa karanga za kibiashara\" class=\"wp-image-463\" title=\"\" srcset=\"https:\/\/taizynut.com\/wp-content\/uploads\/2023\/08\/commercial-peanut-brittle-production-line.webp 720w, https:\/\/taizynut.com\/wp-content\/uploads\/2023\/08\/commercial-peanut-brittle-production-line-300x225.webp 300w\" sizes=\"auto, (max-width: 720px) 100vw, 720px\" \/><figcaption class=\"wp-element-caption\">Laini ya Uzalishaji wa Peanut Brittle ya Biashara<\/figcaption><\/figure> <\/figure>    <p class=\"translation-block\"><strong>Huduma baada ya mauzo<\/strong><\/p>    <p>Taizy tillhandah\u00e5ller utrustningsinstallation och idrifttagning, teknisk support och underh\u00e5llstj\u00e4nster f\u00f6r att s\u00e4kerst\u00e4lla att kundernas produktionslinjer s\u00e4tts i drift snabbt.<\/p>    <h2 class=\"wp-block-heading\"><strong>Wasiliana nasi sasa kwa nukuu!<\/strong><\/h2>    <p class=\"translation-block\">Je, unatafuta mashine ya kufunga kwa <a href=\"https:\/\/en.wikipedia.org\/wiki\/Brittle_(food)\" target=\"_blank\" rel=\"noopener\">baari za brittle<\/a>? Ikiwa ndio, wasiliana nasi wakati wowote! Tutatoa suluhisho bora ili kukidhi biashara yako ya uzalishaji wa pipi ya njugu!<\/p>   <div class=\"wp-block-image\"> <figure class=\"aligncenter size-full\"><img loading=\"lazy\" decoding=\"async\" width=\"720\" height=\"450\" src=\"https:\/\/taizynut.com\/wp-content\/uploads\/2024\/11\/peanut-chikki-packaging-machine-for-candy-brittle-bar.webp\" alt=\"mashine ya ufungaji ya karanga chikki kwa pipi brittle bar\" class=\"wp-image-747\" title=\"\" srcset=\"https:\/\/taizynut.com\/wp-content\/uploads\/2024\/11\/peanut-chikki-packaging-machine-for-candy-brittle-bar.webp 720w, https:\/\/taizynut.com\/wp-content\/uploads\/2024\/11\/peanut-chikki-packaging-machine-for-candy-brittle-bar-300x188.webp 300w, https:\/\/taizynut.com\/wp-content\/uploads\/2024\/11\/peanut-chikki-packaging-machine-for-candy-brittle-bar-18x12.webp 18w\" sizes=\"auto, (max-width: 720px) 100vw, 720px\" \/><figcaption class=\"wp-element-caption\">mashine ya ufungaji ya karanga chikki kwa pipi brittle bar<\/figcaption><\/figure> <\/div>","protected":false},"excerpt":{"rendered":"<p>Mashine ya kufungashia njugu chikki ya Taizy imeundwa kufunga peremende ya njugu na vyakula vingine kwenye mifuko katika mstari wa uzalishaji wa baa ya karanga.<\/p>","protected":false},"author":1,"featured_media":722,"parent":0,"template":"","tags":[55,45,44],"product-type":[78],"class_list":["post-721","product","type-product","status-publish","has-post-thumbnail","hentry","tag-packing","tag-peanut","tag-peanut-brittle","product-type-nut-packaing-machine"],"_links":{"self":[{"href":"https:\/\/taizynut.com\/sw\/wp-json\/wp\/v2\/product\/721","targetHints":{"allow":["GET"]}}],"collection":[{"href":"https:\/\/taizynut.com\/sw\/wp-json\/wp\/v2\/product"}],"about":[{"href":"https:\/\/taizynut.com\/sw\/wp-json\/wp\/v2\/types\/product"}],"author":[{"embeddable":true,"href":"https:\/\/taizynut.com\/sw\/wp-json\/wp\/v2\/users\/1"}],"wp:featuredmedia":[{"embeddable":true,"href":"https:\/\/taizynut.com\/sw\/wp-json\/wp\/v2\/media\/722"}],"wp:attachment":[{"href":"https:\/\/taizynut.com\/sw\/wp-json\/wp\/v2\/media?parent=721"}],"wp:term":[{"taxonomy":"post_tag","embeddable":true,"href":"https:\/\/taizynut.com\/sw\/wp-json\/wp\/v2\/tags?post=721"},{"taxonomy":"product-type","embeddable":true,"href":"https:\/\/taizynut.com\/sw\/wp-json\/wp\/v2\/product-type?post=721"}],"curies":[{"name":"wp","href":"https:\/\/api.w.org\/{rel}","templated":true}]}}