{"id":895,"date":"2024-12-19T17:22:00","date_gmt":"2024-12-19T09:22:00","guid":{"rendered":"https:\/\/taizynut.com\/?post_type=product&#038;p=895"},"modified":"2024-12-20T17:42:01","modified_gmt":"2024-12-20T09:42:01","slug":"automatic-peanut-oil-production-line","status":"publish","type":"product","link":"https:\/\/taizynut.com\/sw\/product\/automatic-peanut-oil-production-line\/","title":{"rendered":"Mstari wa uzalishaji wa mafuta ya karanga otomatiki"},"content":{"rendered":"<p class=\"translation-block\">Mstari wa uzalishaji wa mafuta ya karanga wa Taizy ni suluhisho kamili ambalo hubadilisha karanga zenye maganda kuwa mafuta ya kula ya karanga. Ina vifaa muhimu kama vile kipukuzi cha karanga na kichomi cha mafuta, ambacho kinaweza kukamilisha mchakato wa uzalishaji kutoka kwa karanga hadi mafuta ya karanga yenye ubora wa juu.<\/p>    <p>Inayoendeshwa kwa kiwango kikubwa, ni bora kwa wakulima, mashine za mafuta, na biashara ndogo na za kati.<\/p>    <figure class=\"wp-block-embed is-type-video is-provider-youtube wp-block-embed-youtube wp-embed-aspect-16-9 wp-has-aspect-ratio\"><div class=\"wp-block-embed__wrapper\"> <iframe loading=\"lazy\" title=\"Ubora wa kupanda mafuta ya karanga: kutoka kwa makombora ya karanga, kuchoma, uchimbaji wa mafuta hadi kujaza mafuta\" width=\"500\" height=\"281\" src=\"https:\/\/www.youtube.com\/embed\/YI0XWXUCLrk?feature=oembed\" frameborder=\"0\" allow=\"accelerometer; autoplay; clipboard-write; encrypted-media; gyroscope; picture-in-picture; web-share\" referrerpolicy=\"strict-origin-when-cross-origin\" allowfullscreen><\/iframe> <\/div><figcaption class=\"wp-element-caption\">kupanda mafuta ya karanga moja kwa moja<\/figcaption><\/figure>    <h2 class=\"wp-block-heading\"><strong>Nini mchakato wa utengenezaji wa mafuta ya karanga?<\/strong><\/h2>    <p class=\"translation-block\">Hatua za kiwanda cha kusindika mafuta ya karanga hujumuisha <strong>kumenya karanga\u2192kuchoma\u2192kusukuma mafuta\u2192kujaza<\/strong>. Tafadhali endelea kusoma ili kuona utangulizi wa kina.<\/p>    <h3 class=\"wp-block-heading\"><strong>Hatua ya 1: ganda la karanga<\/strong><\/h3>    <p>Mashine ya kubangua karanga ni hatua ya kwanza katika uzalishaji wa mafuta ya karanga na hutumika kuondoa maganda ya karanga haraka na kuhakikisha uadilifu wa punje ya karanga. Kwa ufanisi wa juu wa makombora na kiwango cha chini cha kusagwa, hutoa malighafi ya ubora wa juu kwa michakato inayofuata.<\/p>    <p class=\"translation-block\">Unaweza kuchagua vifaa vifuatavyo vya kumenya karanga (kipukuzi kidogo cha karanga na <a href=\"https:\/\/taizynut.com\/sw\/product\/peanut-sheller-groundnut-shelling-and-stone-removing-machine\/\">mashine ya pamoja ya kumenya na kusafisha karanga<\/a>) kwa matumizi yako ya kibiashara.<\/p>    <figure class=\"wp-block-gallery has-nested-images columns-default is-cropped wp-block-gallery-2 is-layout-flex wp-block-gallery-is-layout-flex\"> <figure class=\"wp-block-image size-large\"><img loading=\"lazy\" decoding=\"async\" width=\"720\" height=\"540\" data-id=\"401\" src=\"https:\/\/taizynut.com\/wp-content\/uploads\/2023\/05\/peanut-shelling-machine.webp\" alt=\"mashine ya kukoboa karanga\" class=\"wp-image-401\" title=\"\" srcset=\"https:\/\/taizynut.com\/wp-content\/uploads\/2023\/05\/peanut-shelling-machine.webp 720w, https:\/\/taizynut.com\/wp-content\/uploads\/2023\/05\/peanut-shelling-machine-300x225.webp 300w\" sizes=\"auto, (max-width: 720px) 100vw, 720px\" \/><figcaption class=\"wp-element-caption\">Mashine ya Kukoboa Karanga<\/figcaption><\/figure>    <figure class=\"wp-block-image size-large\"><img loading=\"lazy\" decoding=\"async\" width=\"720\" height=\"540\" data-id=\"488\" src=\"https:\/\/taizynut.com\/wp-content\/uploads\/2023\/12\/combiend-groundnut-sheller.webp\" alt=\"changanya makaa ya njugu\" class=\"wp-image-488\" title=\"\" srcset=\"https:\/\/taizynut.com\/wp-content\/uploads\/2023\/12\/combiend-groundnut-sheller.webp 720w, https:\/\/taizynut.com\/wp-content\/uploads\/2023\/12\/combiend-groundnut-sheller-300x225.webp 300w\" sizes=\"auto, (max-width: 720px) 100vw, 720px\" \/><figcaption class=\"wp-element-caption\">Changanya Groundnut Sheller<\/figcaption><\/figure> <\/figure>    <h3 class=\"wp-block-heading\"><strong>Hatua ya 2: mashine ya kuchoma<\/strong><\/h3>    <p>Mashine ya kuchoma karanga hupasha joto karanga sawasawa ili kupunguza kiwango cha maji huku ikichochea ladha ya asili ya karanga ili kutoa malighafi bora zaidi ya uchimbaji wa mafuta. Vifaa vina joto sawasawa na ni rahisi kufanya kazi, kuokoa muda na kuboresha ubora wa mafuta.<\/p>   <div class=\"wp-block-image\"> <figure class=\"aligncenter size-full\"><img loading=\"lazy\" decoding=\"async\" width=\"720\" height=\"540\" src=\"https:\/\/taizynut.com\/wp-content\/uploads\/2024\/12\/roaster-machine-for-peanut-oil-production.webp\" alt=\"mashine ya kuchoma mafuta ya karanga\" class=\"wp-image-897\" title=\"\" srcset=\"https:\/\/taizynut.com\/wp-content\/uploads\/2024\/12\/roaster-machine-for-peanut-oil-production.webp 720w, https:\/\/taizynut.com\/wp-content\/uploads\/2024\/12\/roaster-machine-for-peanut-oil-production-300x225.webp 300w, https:\/\/taizynut.com\/wp-content\/uploads\/2024\/12\/roaster-machine-for-peanut-oil-production-16x12.webp 16w\" sizes=\"auto, (max-width: 720px) 100vw, 720px\" \/><figcaption class=\"wp-element-caption\">mashine ya kuchoma mafuta ya karanga<\/figcaption><\/figure> <\/div>   <h3 class=\"wp-block-heading\"><strong>Hatua ya 3: Mashine ya kutengeneza mafuta ya karanga<\/strong><\/h3>    <p class=\"translation-block\">Kitoa mafuta ndicho kiini cha kiwanda chote cha mafuta ya karanga, kinachotoa mafuta ya karanga kutoka kwa kokwa za karanga kupitia uchujaji wa kiufundi. <a href=\"https:\/\/taizynut.com\/sw\/product\/screw-peanut-oil-press-machine\/\">Mashine ya kutengeneza mafuta ya karanga<\/a> ya Taizy imeundwa kwa kisayansi na mavuno mengi ya mafuta, ambayo yanaweza kupunguza taka na kuhakikisha ubora safi wa mafuta.<\/p>   <div class=\"wp-block-image\"> <figure class=\"aligncenter size-full\"><img loading=\"lazy\" decoding=\"async\" width=\"720\" height=\"540\" src=\"https:\/\/taizynut.com\/wp-content\/uploads\/2024\/12\/peanut-oil-press-machine-for-groundnut-oil.webp\" alt=\"mashine ya kukamua mafuta ya karanga kwa mafuta ya karanga\" class=\"wp-image-898\" title=\"\" srcset=\"https:\/\/taizynut.com\/wp-content\/uploads\/2024\/12\/peanut-oil-press-machine-for-groundnut-oil.webp 720w, https:\/\/taizynut.com\/wp-content\/uploads\/2024\/12\/peanut-oil-press-machine-for-groundnut-oil-300x225.webp 300w, https:\/\/taizynut.com\/wp-content\/uploads\/2024\/12\/peanut-oil-press-machine-for-groundnut-oil-16x12.webp 16w\" sizes=\"auto, (max-width: 720px) 100vw, 720px\" \/><figcaption class=\"wp-element-caption\">mashine ya kukamua mafuta ya karanga kwa mafuta ya karanga<\/figcaption><\/figure> <\/div>   <h3 class=\"wp-block-heading\"><strong>Hatua ya 3: Mashine ya kujaza mafuta<\/strong><\/h3>    <p>Mashine ya kujaza hujaza mafuta ya karanga kwa usahihi, kuhakikisha ubora thabiti katika kila chupa. Kwa otomatiki na kubadilika, vifaa vinafaa kwa mahitaji ya ufungaji wa vipimo tofauti na huongeza ushindani wa soko wa bidhaa.<\/p>   <div class=\"wp-block-image\"> <figure class=\"aligncenter size-full\"><img loading=\"lazy\" decoding=\"async\" width=\"720\" height=\"540\" src=\"https:\/\/taizynut.com\/wp-content\/uploads\/2024\/12\/filling-machine-for-peanut-oil.webp\" alt=\"mashine ya kujaza mafuta ya karanga\" class=\"wp-image-899\" title=\"\" srcset=\"https:\/\/taizynut.com\/wp-content\/uploads\/2024\/12\/filling-machine-for-peanut-oil.webp 720w, https:\/\/taizynut.com\/wp-content\/uploads\/2024\/12\/filling-machine-for-peanut-oil-300x225.webp 300w, https:\/\/taizynut.com\/wp-content\/uploads\/2024\/12\/filling-machine-for-peanut-oil-16x12.webp 16w\" sizes=\"auto, (max-width: 720px) 100vw, 720px\" \/><figcaption class=\"wp-element-caption\">mashine ya kujaza mafuta ya karanga<\/figcaption><\/figure> <\/div>   <h2 class=\"wp-block-heading\"><strong>Faida za mstari wa uzalishaji wa mafuta ya karanga ya Taizy<\/strong><\/h2>    <ul class=\"wp-block-list\"> <li>Ufanisi wa juu na kuokoa gharama <ul class=\"wp-block-list\"> <li>Mstari hutambua operesheni ya kiotomatiki kutoka kwa usindikaji wa malighafi hadi ufungaji wa bidhaa iliyokamilishwa, ambayo hupunguza sana pembejeo za wafanyikazi na gharama ya wakati. <\/li>    <li>Kila kipande cha kifaa kimeboreshwa na kimeundwa ili kuhakikisha kuwa mchakato wa uchimbaji wa mafuta wa hali ya juu unakamilika kwa muda mfupi iwezekanavyo.<\/li> <\/ul> <\/li>    <li>Mazao thabiti ya juu ya mafuta <ul class=\"wp-block-list\"> <li>Kupitia mchanganyiko wa teknolojia ya hali ya juu ya kusukuma mafuta na vifaa vya ufanisi, kiwanda cha mafuta ya karanga kinaweza kuongeza mavuno ya mafuta ya karanga, kupunguza upotevu, na kuleta faida kubwa kiuchumi. <\/li>    <li>Wakati huo huo, ubora wa mafuta yaliyochapishwa ni safi, na rangi na harufu ni ushindani zaidi kwenye soko.<\/li> <\/ul> <\/li>    <li>Kubadilika kwa kazi nyingi <ul class=\"wp-block-list\"> <li>Laini hii ya kufukuza mafuta inaweza kubinafsishwa kulingana na mahitaji tofauti, kuzoea aina mbalimbali za mazao ya mafuta, kama vile karanga, ufuta, soya, na kadhalika.<\/li> <\/ul> <\/li>    <li>Uhakikisho wa ubora wa mafuta <ul class=\"wp-block-list\"> <li>Mafuta ya karanga yanayotolewa na mashine hii ya kutengeneza mafuta ya karanga yana ladha kali na hayana viambatanisho vyovyote vya kemikali. Ni afya na safi na maarufu zaidi sokoni.<\/li> <\/ul> <\/li> <\/ul>    <figure class=\"wp-block-gallery has-nested-images columns-default is-cropped wp-block-gallery-3 is-layout-flex wp-block-gallery-is-layout-flex\"> <figure class=\"wp-block-image size-large\"><img loading=\"lazy\" decoding=\"async\" width=\"750\" height=\"500\" data-id=\"900\" src=\"https:\/\/taizynut.com\/wp-content\/uploads\/2024\/12\/quality-peanut-oil.webp\" alt=\"mafuta ya karanga yenye ubora\" class=\"wp-image-900\" title=\"\" srcset=\"https:\/\/taizynut.com\/wp-content\/uploads\/2024\/12\/quality-peanut-oil.webp 750w, https:\/\/taizynut.com\/wp-content\/uploads\/2024\/12\/quality-peanut-oil-300x200.webp 300w, https:\/\/taizynut.com\/wp-content\/uploads\/2024\/12\/quality-peanut-oil-18x12.webp 18w\" sizes=\"auto, (max-width: 750px) 100vw, 750px\" \/><figcaption class=\"wp-element-caption\">Mafuta ya Karanga yenye ubora<\/figcaption><\/figure>    <figure class=\"wp-block-image size-large\"><img loading=\"lazy\" decoding=\"async\" width=\"600\" height=\"600\" data-id=\"901\" src=\"https:\/\/taizynut.com\/wp-content\/uploads\/2024\/12\/good-ground-nut-oil.webp\" alt=\"mafuta mazuri ya karanga\" class=\"wp-image-901\" title=\"\" srcset=\"https:\/\/taizynut.com\/wp-content\/uploads\/2024\/12\/good-ground-nut-oil.webp 600w, https:\/\/taizynut.com\/wp-content\/uploads\/2024\/12\/good-ground-nut-oil-300x300.webp 300w, https:\/\/taizynut.com\/wp-content\/uploads\/2024\/12\/good-ground-nut-oil-150x150.webp 150w, https:\/\/taizynut.com\/wp-content\/uploads\/2024\/12\/good-ground-nut-oil-12x12.webp 12w\" sizes=\"auto, (max-width: 600px) 100vw, 600px\" \/><figcaption class=\"wp-element-caption\">Mafuta mazuri ya karanga<\/figcaption><\/figure> <\/figure>    <h2 class=\"wp-block-heading\"><strong>Nini bei ya kiwanda cha kusindika mafuta ya karanga?<\/strong><\/h2>    <p>Bei ya mstari wa uzalishaji wa mafuta ya karanga huathiriwa na mambo mbalimbali, ikiwa ni pamoja na ukubwa wa mstari, usanidi, kiwango cha automatisering, vifaa vya vifaa, huduma ya baada ya mauzo, na kadhalika.<\/p>    <p>Ili kujua bei maalum ya mashine ya kuchapa mafuta ya karanga, tunapendekeza uwasiliane nasi moja kwa moja. Sisi Taizy tunaweza kubinafsisha mpango wa kutengeneza mafuta ya karanga kulingana na mahitaji yako, kutoa nukuu inayofaa, na kuhakikisha suluhisho la gharama nafuu.<\/p>    <figure class=\"wp-block-gallery has-nested-images columns-default is-cropped wp-block-gallery-4 is-layout-flex wp-block-gallery-is-layout-flex\"> <figure class=\"wp-block-image size-large\"><img loading=\"lazy\" decoding=\"async\" width=\"720\" height=\"540\" data-id=\"109\" src=\"https:\/\/taizynut.com\/wp-content\/uploads\/2022\/08\/peanut-oil-press-machine-1.webp\" alt=\"mtengenezaji wa mashine ya kuchapa mafuta ya karanga\" class=\"wp-image-109\" title=\"\" srcset=\"https:\/\/taizynut.com\/wp-content\/uploads\/2022\/08\/peanut-oil-press-machine-1.webp 720w, https:\/\/taizynut.com\/wp-content\/uploads\/2022\/08\/peanut-oil-press-machine-1-300x225.webp 300w\" sizes=\"auto, (max-width: 720px) 100vw, 720px\" \/><figcaption class=\"wp-element-caption\">Mtengenezaji wa Mashine ya Kuchapisha Mafuta ya Karanga<\/figcaption><\/figure>    <figure class=\"wp-block-image size-large\"><img loading=\"lazy\" decoding=\"async\" width=\"720\" height=\"540\" data-id=\"104\" src=\"https:\/\/taizynut.com\/wp-content\/uploads\/2022\/08\/Structure-of-peanut-oil-press-factory.webp\" alt=\"kiwanda cha mashine ya kukamua mafuta ya karanga\" class=\"wp-image-104\" title=\"\" srcset=\"https:\/\/taizynut.com\/wp-content\/uploads\/2022\/08\/Structure-of-peanut-oil-press-factory.webp 720w, https:\/\/taizynut.com\/wp-content\/uploads\/2022\/08\/Structure-of-peanut-oil-press-factory-300x225.webp 300w\" sizes=\"auto, (max-width: 720px) 100vw, 720px\" \/><figcaption class=\"wp-element-caption\">Kiwanda cha Mashine ya Kuchimba Mafuta ya Karanga<\/figcaption><\/figure> <\/figure>    <h2 class=\"wp-block-heading\"><strong>Je, unaweza kupata nini kwa kununua njia hii ya kuzalisha mafuta ya karanga?<\/strong><\/h2>    <ul class=\"wp-block-list\"> <li>Kuongeza ushindani wa biashara <ul class=\"wp-block-list\"> <li>Mstari huu wa kusindika mafuta ya karanga otomatiki unaweza kuhakikisha uwiano wa ubora wa bidhaa, ambao husaidia kampuni kuingia sokoni haraka na kuanzisha taswira nzuri ya chapa. Ubora wa juu <a href=\"https:\/\/en.wikipedia.org\/wiki\/Peanut_oil\" target=\"_blank\" rel=\"noopener\">mafuta ya karanga<\/a> bidhaa zinaweza kuvutia wateja zaidi na kuleta soko thabiti.<\/li> <\/ul> <\/li>    <li>Fungua njia tofauti za mapato <ul class=\"wp-block-list\"> <li>Kupitia njia ya kuchapisha mafuta ya karanga, huwezi kusindika karanga pekee, bali pia kupanua kwenye mazao mengine ya mafuta (kama alizeti, na soya), kutengeneza laini ya bidhaa mbalimbali, na kuongeza vyanzo vya mapato.<\/li> <\/ul> <\/li>    <li>Faida za kiuchumi za muda mrefu <ul class=\"wp-block-list\"> <li>Ingawa gharama ya awali ya uwekezaji ni ya juu, ufanisi wa juu na gharama ya chini ya matengenezo ya laini ya uzalishaji inaweza kurejesha uwekezaji katika muda mfupi. Inaweza kutoa mapato ya juu kwa muda mrefu.<\/li> <\/ul> <\/li> <\/ul>   <div class=\"wp-block-image\"> <figure class=\"aligncenter size-large\"><img loading=\"lazy\" decoding=\"async\" width=\"1024\" height=\"682\" src=\"https:\/\/taizynut.com\/wp-content\/uploads\/2024\/12\/peanut-oil-and-sunflower-seed-oil-1024x682.webp\" alt=\"mafuta ya karanga na mafuta ya alizeti\" class=\"wp-image-902\" title=\"\" srcset=\"https:\/\/taizynut.com\/wp-content\/uploads\/2024\/12\/peanut-oil-and-sunflower-seed-oil-1024x682.webp 1024w, https:\/\/taizynut.com\/wp-content\/uploads\/2024\/12\/peanut-oil-and-sunflower-seed-oil-300x200.webp 300w, https:\/\/taizynut.com\/wp-content\/uploads\/2024\/12\/peanut-oil-and-sunflower-seed-oil-768x511.webp 768w, https:\/\/taizynut.com\/wp-content\/uploads\/2024\/12\/peanut-oil-and-sunflower-seed-oil-18x12.webp 18w, https:\/\/taizynut.com\/wp-content\/uploads\/2024\/12\/peanut-oil-and-sunflower-seed-oil.webp 1200w\" sizes=\"auto, (max-width: 1024px) 100vw, 1024px\" \/><figcaption class=\"wp-element-caption\">mafuta ya karanga na mafuta ya alizeti<\/figcaption><\/figure> <\/div>   <h2 class=\"wp-block-heading\"><strong>Wasiliana nasi ili uanzishe biashara yako ya mafuta ya karanga!<\/strong><\/h2>    <p>Om du planerar att starta en jordn\u00f6tsoljepressningsverksamhet, kommer Taizys produktionslinje f\u00f6r jordn\u00f6tsolja att vara ditt idealiska val! V\u00e4lkommen att kontakta oss f\u00f6r mer detaljerad information och skr\u00e4ddarsydd service.<\/p>","protected":false},"excerpt":{"rendered":"<p>Laini ya uzalishaji wa mafuta ya karanga ya Taizy ni suluhisho kamili ambalo hugeuza njugu zilizo na maganda kuwa mafuta ya karanga yanayoliwa kwa kuganda, kukandamiza mafuta na kujaza.<\/p>","protected":false},"author":1,"featured_media":896,"parent":0,"template":"","tags":[45,54],"product-type":[29],"class_list":["post-895","product","type-product","status-publish","has-post-thumbnail","hentry","tag-peanut","tag-peanut-oil","product-type-product-line"],"_links":{"self":[{"href":"https:\/\/taizynut.com\/sw\/wp-json\/wp\/v2\/product\/895","targetHints":{"allow":["GET"]}}],"collection":[{"href":"https:\/\/taizynut.com\/sw\/wp-json\/wp\/v2\/product"}],"about":[{"href":"https:\/\/taizynut.com\/sw\/wp-json\/wp\/v2\/types\/product"}],"author":[{"embeddable":true,"href":"https:\/\/taizynut.com\/sw\/wp-json\/wp\/v2\/users\/1"}],"wp:featuredmedia":[{"embeddable":true,"href":"https:\/\/taizynut.com\/sw\/wp-json\/wp\/v2\/media\/896"}],"wp:attachment":[{"href":"https:\/\/taizynut.com\/sw\/wp-json\/wp\/v2\/media?parent=895"}],"wp:term":[{"taxonomy":"post_tag","embeddable":true,"href":"https:\/\/taizynut.com\/sw\/wp-json\/wp\/v2\/tags?post=895"},{"taxonomy":"product-type","embeddable":true,"href":"https:\/\/taizynut.com\/sw\/wp-json\/wp\/v2\/product-type?post=895"}],"curies":[{"name":"wp","href":"https:\/\/api.w.org\/{rel}","templated":true}]}}