{"id":917,"date":"2025-01-09T17:59:14","date_gmt":"2025-01-09T09:59:14","guid":{"rendered":"https:\/\/taizynut.com\/?post_type=product&#038;p=917"},"modified":"2025-01-10T14:33:22","modified_gmt":"2025-01-10T06:33:22","slug":"commercial-jacketed-kettle-with-agitator","status":"publish","type":"product","link":"https:\/\/taizynut.com\/sw\/product\/commercial-jacketed-kettle-with-agitator\/","title":{"rendered":"Birika iliyo na koti ya kibiashara yenye kichochezi"},"content":{"rendered":"<p class=\"translation-block\">This <strong>jacketed kettle<\/strong> is a common thermal processing equipment, for heating and stirring various materials, like paste, jam, syrup, etc. Its capacity ranges from 100L-1000L.<\/p>    <p>Sufuria ya kupikia inaweza kutumia umeme, gesi (gesi asilia, gesi ya kimiminika ya petroli, biogas), au mvuke kama njia za kupasha joto. Inaweza kutumia mchanganyiko kwa vifaa vya kuchochea. Pia, mashine hii ina aina ya kutega na aina ya wima. Unaweza kuchagua unachopendelea.<\/p>    <p>Om du vill ha mer information, tveka inte att kontakta oss nu s\u00e5 ger vi den b\u00e4sta l\u00f6sningen f\u00f6r att m\u00f6ta dina aff\u00e4rsbehov.<\/p>    <figure class=\"wp-block-embed is-type-video is-provider-youtube wp-block-embed-youtube wp-embed-aspect-16-9 wp-has-aspect-ratio\"><div class=\"wp-block-embed__wrapper\"> <iframe loading=\"lazy\" title=\"Bia yenye koti kwa ajili ya kuchanganya kupikia kwa ufanisi kwa ajili ya uzalishaji wa chakula | Sufuria ya kupikia ya viwandani kwa jam\" width=\"500\" height=\"281\" src=\"https:\/\/www.youtube.com\/embed\/byW5Lb7ifJ0?feature=oembed\" frameborder=\"0\" allow=\"accelerometer; autoplay; clipboard-write; encrypted-media; gyroscope; picture-in-picture; web-share\" referrerpolicy=\"strict-origin-when-cross-origin\" allowfullscreen><\/iframe> <\/div><figcaption class=\"wp-element-caption\">chungu cha kupikia cha chuma cha pua na kichochezi<\/figcaption><\/figure>    <h2 class=\"wp-block-heading\"><strong>Manufaa ya aaaa ya kibiashara yenye koti yenye mchanganyiko<\/strong><\/h2>    <ul class=\"wp-block-list\"> <li>Det \u00e4r <strong>iliyotengenezwa kwa chuma cha pua<\/strong>, maisha ya kudumu na ya muda mrefu ya huduma.<\/li>    <li>Muundo wa sufuria ya kuyeyuka sukari huhakikisha <strong>inapokanzwa sare<\/strong> ya nyenzo, kuzuia kuongezeka kwa joto ndani na kuhakikisha ubora wa chakula au dutu ya kemikali.<\/li>    <li>Kifaa cha kuchochea husaidia vifaa kwa <strong>changanya kwa usawa<\/strong> wakati wa mchakato wa kupokanzwa, kuepuka uzushi wa kushikamana, kupiga au chini ya matope. Hii inaboresha ufanisi wa uzalishaji na ubora wa bidhaa.<\/li>    <li>Wapo <strong>mashine za kutengenezea msongamano wa juu na wima zenye au bila kichochezi<\/strong> inapatikana kwako kuchagua ile inayokufaa.<\/li> <\/ul>   <div class=\"wp-block-image\"> <figure class=\"aligncenter size-full\"><img loading=\"lazy\" decoding=\"async\" width=\"688\" height=\"596\" src=\"https:\/\/taizynut.com\/wp-content\/uploads\/2025\/01\/jacketed-kettle-for-sale.webp\" alt=\"aaaa ya koti inauzwa\" class=\"wp-image-924\" title=\"\" srcset=\"https:\/\/taizynut.com\/wp-content\/uploads\/2025\/01\/jacketed-kettle-for-sale.webp 688w, https:\/\/taizynut.com\/wp-content\/uploads\/2025\/01\/jacketed-kettle-for-sale-300x260.webp 300w, https:\/\/taizynut.com\/wp-content\/uploads\/2025\/01\/jacketed-kettle-for-sale-14x12.webp 14w\" sizes=\"auto, (max-width: 688px) 100vw, 688px\" \/><figcaption class=\"wp-element-caption\">aaaa ya koti inauzwa<\/figcaption><\/figure> <\/div>   <h2 class=\"wp-block-heading\"><strong>Vigezo vya kiufundi vya aaaa ya kuchanganya koti<\/strong><\/h2>    <p>Vyungu vyetu vya kupikia vya kibiashara vinapatikana kwa aina tofauti vyenye uwezo wa kuanzia 100 hadi 1000L. Uwezo tofauti unalingana na kipenyo tofauti cha sufuria. Mbali na hilo, vifaa vinapatikana na bila kuchochea, wima na kutega. Tafadhali rejelea zifuatazo kwa vigezo maalum. Unaweza pia kuwasiliana nasi moja kwa moja kwa habari zaidi.<\/p>    <figure class=\"wp-block-table\"><table class=\"has-fixed-layout\"><tbody><tr><td>Mfano<\/td><td>200L<\/td><td>600L<\/td><\/tr><tr><td>Nguvu<\/td><td>18kw<\/td><td>\/<\/td><\/tr><tr><td>Voltage<\/td><td>440V, 50HZ, awamu 3<\/td><td>\/<\/td><\/tr><tr><td>Kipenyo cha sufuria<\/td><td>800 mm<\/td><td>1200 mm<\/td><\/tr><tr><td>Njia ya kupokanzwa<\/td><td>Umeme<\/td><td>Gesi<\/td><\/tr><tr><td>Nyenzo za mashine<\/td><td>304 chuma cha pua<\/td><td>304 chuma cha pua<\/td><\/tr><tr><td>Aina ya mashine<\/td><td>Imeelekezwa<\/td><td>Wima<\/td><\/tr><tr><td>Ukubwa<\/td><td>1400*1100*1300mm<\/td><td>1800*1500*1200mm<\/td><\/tr><tr><td>Uzito<\/td><td>175kg<\/td><td>350kg<\/td><\/tr><\/tbody><\/table><figcaption class=\"wp-element-caption\">vipimo vya aaaa ya kupikia yenye koti ya viwandani<\/figcaption><\/figure>    <figure class=\"wp-block-gallery has-nested-images columns-default is-cropped wp-block-gallery-2 is-layout-flex wp-block-gallery-is-layout-flex\"> <figure class=\"wp-block-image size-full\"><img loading=\"lazy\" decoding=\"async\" width=\"720\" height=\"540\" data-id=\"931\" src=\"https:\/\/taizynut.com\/wp-content\/uploads\/2025\/01\/inclined-cooking-kettle-with-mixer.webp\" alt=\"aaaa ya kupikia iliyopendekezwa na mchanganyiko\" class=\"wp-image-931\" title=\"\" srcset=\"https:\/\/taizynut.com\/wp-content\/uploads\/2025\/01\/inclined-cooking-kettle-with-mixer.webp 720w, https:\/\/taizynut.com\/wp-content\/uploads\/2025\/01\/inclined-cooking-kettle-with-mixer-300x225.webp 300w, https:\/\/taizynut.com\/wp-content\/uploads\/2025\/01\/inclined-cooking-kettle-with-mixer-16x12.webp 16w\" sizes=\"auto, (max-width: 720px) 100vw, 720px\" \/><figcaption class=\"wp-element-caption\">Kettle ya Kupikia Iliyowekwa Pamoja na Mchanganyiko<\/figcaption><\/figure>    <figure class=\"wp-block-image size-full\"><img loading=\"lazy\" decoding=\"async\" width=\"720\" height=\"540\" data-id=\"932\" src=\"https:\/\/taizynut.com\/wp-content\/uploads\/2025\/01\/vertical-sugar-melting-pot.webp\" alt=\"sufuria ya kuyeyusha sukari ya wima\" class=\"wp-image-932\" title=\"\" srcset=\"https:\/\/taizynut.com\/wp-content\/uploads\/2025\/01\/vertical-sugar-melting-pot.webp 720w, https:\/\/taizynut.com\/wp-content\/uploads\/2025\/01\/vertical-sugar-melting-pot-300x225.webp 300w, https:\/\/taizynut.com\/wp-content\/uploads\/2025\/01\/vertical-sugar-melting-pot-16x12.webp 16w\" sizes=\"auto, (max-width: 720px) 100vw, 720px\" \/><figcaption class=\"wp-element-caption\">Sufuria Wima ya Kuyeyusha Sukari<\/figcaption><\/figure> <\/figure>    <p class=\"translation-block\"><strong>Steam jacketed kettle specifications<\/strong><\/p>    <figure class=\"wp-block-table\"><table class=\"has-fixed-layout\"><tbody><tr><td>Mfano<\/td><td>kipenyo<\/td><\/tr><tr><td>100L<\/td><td>700 mm<\/td><\/tr><tr><td>200L<\/td><td>800 mm<\/td><\/tr><tr><td>300L<\/td><td>900 mm<\/td><\/tr><tr><td>400L<\/td><td>1000 mm<\/td><\/tr><tr><td>500L<\/td><td>1100 mm<\/td><\/tr><tr><td>600L<\/td><td>1200 mm<\/td><\/tr><tr><td>800L<\/td><td>1300 mm<\/td><\/tr><tr><td>1000L<\/td><td>1400 mm<\/td><\/tr><\/tbody><\/table><figcaption class=\"wp-element-caption\">data ya kettle ya mvuke<\/figcaption><\/figure>    <h2 class=\"wp-block-heading\"><strong>Ni nyenzo gani zinazotumika kwa kettle ya mvuke?<\/strong><\/h2>    <p>Vifaa hivi hutumiwa sana katika pipi, dawa, bidhaa za maziwa, pombe, keki, kuhifadhi, vinywaji, chakula cha makopo, marinade na usindikaji mwingine wa chakula. Inaweza pia kutumika katika migahawa mikubwa au canteens kutengeneza supu, sahani za kupikia, kitoweo, uji, nk.<\/p>    <p>Inatumika katika usindikaji wa chakula kama vile: <\/p>    <p class=\"translation-block\">Hot pot base, chili sauce, red oil tart, jelly powder, candy, lotus seed, bean paste, jam, cake, drink, candied fruit, lotus seed, fruit congee, bean stuffing, <a href=\"https:\/\/en.wikipedia.org\/wiki\/Jujube\" target=\"_blank\" rel=\"noopener\">jujube<\/a>, sauce, curry, and other foodstuffs processing and industries such as brewing, pharmacy, daily-use chemical industry, and so on.<\/p>   <div class=\"wp-block-image\"> <figure class=\"aligncenter size-full\"><img loading=\"lazy\" decoding=\"async\" width=\"859\" height=\"568\" src=\"https:\/\/taizynut.com\/wp-content\/uploads\/2025\/01\/applications-of-stainless-steel-cooking-kettle.webp\" alt=\"matumizi ya kettle ya kupikia ya chuma cha pua\" class=\"wp-image-927\" title=\"\" srcset=\"https:\/\/taizynut.com\/wp-content\/uploads\/2025\/01\/applications-of-stainless-steel-cooking-kettle.webp 859w, https:\/\/taizynut.com\/wp-content\/uploads\/2025\/01\/applications-of-stainless-steel-cooking-kettle-300x198.webp 300w, https:\/\/taizynut.com\/wp-content\/uploads\/2025\/01\/applications-of-stainless-steel-cooking-kettle-768x508.webp 768w, https:\/\/taizynut.com\/wp-content\/uploads\/2025\/01\/applications-of-stainless-steel-cooking-kettle-18x12.webp 18w\" sizes=\"auto, (max-width: 859px) 100vw, 859px\" \/><figcaption class=\"wp-element-caption\">matumizi ya kettle ya kupikia ya chuma cha pua<\/figcaption><\/figure> <\/div>   <h2 class=\"wp-block-heading\"><strong>Muundo wa kettle yenye koti mbili<\/strong><\/h2>    <p>Kettle hii yenye koti ya chuma cha pua hujumuisha hasa injini, sahani ya kuunga mkono, kifaa cha kupunguza, fremu, mwili wa chungu, gurudumu la mkono, vali haidrofobu, n.k.<\/p>   <div class=\"wp-block-image\"> <figure class=\"aligncenter size-full\"><img loading=\"lazy\" decoding=\"async\" width=\"720\" height=\"540\" src=\"https:\/\/taizynut.com\/wp-content\/uploads\/2025\/01\/structure-of-electric-cooking-pot-with-mixer.webp\" alt=\"muundo wa sufuria ya kupikia ya umeme na mchanganyiko\" class=\"wp-image-919\" title=\"\" srcset=\"https:\/\/taizynut.com\/wp-content\/uploads\/2025\/01\/structure-of-electric-cooking-pot-with-mixer.webp 720w, https:\/\/taizynut.com\/wp-content\/uploads\/2025\/01\/structure-of-electric-cooking-pot-with-mixer-300x225.webp 300w, https:\/\/taizynut.com\/wp-content\/uploads\/2025\/01\/structure-of-electric-cooking-pot-with-mixer-16x12.webp 16w\" sizes=\"auto, (max-width: 720px) 100vw, 720px\" \/><figcaption class=\"wp-element-caption\">muundo wa sufuria ya kupikia ya umeme na mchanganyiko<\/figcaption><\/figure> <\/div>   <h2 class=\"wp-block-heading\"><strong>Vad \u00e4r priset p\u00e5 den \u00e5ngisolerade grytan?<\/strong><\/h2>    <p>Bei ya mashine ya kutengeneza jamu ya matunda inatofautiana kulingana na chapa, uwezo, usanidi wa utendaji kazi na mambo mengine.<\/p>    <p>Kwa ujumla, bei halisi itabadilika kulingana na mbinu ya kuongeza joto (k.m. inapokanzwa kwa mvuke, inapokanzwa umeme, n.k.), mbinu ya kukoroga (k.m. otomatiki au ya manual) na mtengenezaji unayemchagua.<\/p>    <p>Ukitaka kujua bei halisi, njoo tuwasiliane. Tutakupa nukuu ya kina kulingana na mahitaji yako.<\/p>   <div class=\"wp-block-image\"> <figure class=\"aligncenter size-full\"><img loading=\"lazy\" decoding=\"async\" width=\"720\" height=\"540\" src=\"https:\/\/taizynut.com\/wp-content\/uploads\/2025\/01\/commercial-cooking-pots.webp\" alt=\"vyungu vya kupikia vya kibiashara\" class=\"wp-image-936\" title=\"\" srcset=\"https:\/\/taizynut.com\/wp-content\/uploads\/2025\/01\/commercial-cooking-pots.webp 720w, https:\/\/taizynut.com\/wp-content\/uploads\/2025\/01\/commercial-cooking-pots-300x225.webp 300w, https:\/\/taizynut.com\/wp-content\/uploads\/2025\/01\/commercial-cooking-pots-16x12.webp 16w\" sizes=\"auto, (max-width: 720px) 100vw, 720px\" \/><figcaption class=\"wp-element-caption\">vyungu vya kupikia vya kibiashara<\/figcaption><\/figure> <\/div>   <h2 class=\"wp-block-heading\"><strong>Je! unajua wakati wa kutumia sufuria ya kupikia ya viwandani?<\/strong><\/h2>    <p class=\"translation-block\">The industrial cooking kettle is mainly used in food processing such as <a href=\"https:\/\/taizynut.com\/sw\/product\/peanut-brittle-bar-production-line\/\">peanut candy produciton line<\/a>, pharmaceutical, and chemical industries for production processes that require heating and stirring. It is suitable for use in the following scenarios:<\/p>    <ul class=\"wp-block-list\"> <li><strong>Usindikaji wa chakula<\/strong>: kama vile usindikaji wa jam, siagi ya karanga, pipi na kadhalika.<\/li>    <li><strong>Uzalishaji wa kemikali<\/strong>: k.m. inapokanzwa kwa rangi, vipodozi, kemikali za kemikali.<\/li>    <li><strong>Utengenezaji wa dawa<\/strong>: kama vile inapokanzwa, kuchanganya na mkusanyiko wa marhamu na vimiminika vya dawa.<\/li> <\/ul>    <p>Wakati uzalishaji unahusisha inapokanzwa na kuchanganya kwa kiasi kikubwa cha vifaa vya kioevu au viscous, kettle hii ya koti ni vifaa vya lazima.<\/p>   <div class=\"wp-block-image\"> <figure class=\"aligncenter size-full\"><img loading=\"lazy\" decoding=\"async\" width=\"720\" height=\"540\" src=\"https:\/\/taizynut.com\/wp-content\/uploads\/2023\/03\/automatic-sesame-peanut-candy-bar-making-machine.webp\" alt=\"mashine ya kutengeneza pipi ya ufuta moja kwa moja\" class=\"wp-image-821\" title=\"\" srcset=\"https:\/\/taizynut.com\/wp-content\/uploads\/2023\/03\/automatic-sesame-peanut-candy-bar-making-machine.webp 720w, https:\/\/taizynut.com\/wp-content\/uploads\/2023\/03\/automatic-sesame-peanut-candy-bar-making-machine-300x225.webp 300w, https:\/\/taizynut.com\/wp-content\/uploads\/2023\/03\/automatic-sesame-peanut-candy-bar-making-machine-16x12.webp 16w\" sizes=\"auto, (max-width: 720px) 100vw, 720px\" \/><figcaption class=\"wp-element-caption\">mashine ya kutengeneza pipi ya ufuta moja kwa moja<\/figcaption><\/figure> <\/div>   <h2 class=\"wp-block-heading\"><strong>Jinsi ya kuagiza kettle moja ya mchanganyiko wa kupikia?<\/strong><\/h2>    <p>Ikiwa unahitaji kuagiza sufuria za kupikia za viwandani, unaweza kufuata hatua zifuatazo:<\/p>    <ol class=\"wp-block-list\"> <li>Wasiliana nasi na utuambie mahitaji yako.<\/li>    <li>Meneja wetu wa mauzo atapendekeza mashine inayofaa ya kutengeneza jam au kubinafsisha mashine ili kukidhi mahitaji yako.<\/li>    <li>Lipa amana na tunaanza kutengeneza mashine.<\/li>    <li>Wakati wa utengenezaji, tutakutumia video za mashine na picha kwa ukaguzi wako.<\/li>    <li>Baada ya kukamilika, onyesha video za majaribio ya mashine kwa uthibitisho wako.<\/li>    <li>Lipa salio na utume bidhaa mahali pako.<\/li> <\/ol>    <p>Kuchagua mtengenezaji mwenye uzoefu na anayeaminika atahakikisha kuwa unapokea kettle ya kupikia yenye ubora wa juu na dhamana ya huduma ya baada ya mauzo.<\/p>   <div class=\"wp-block-image\"> <figure class=\"aligncenter size-full\"><img loading=\"lazy\" decoding=\"async\" width=\"720\" height=\"540\" src=\"https:\/\/taizynut.com\/wp-content\/uploads\/2025\/01\/cooking-kettle-with-mixer-manufacturer.webp\" alt=\"kettle ya kupikia na mtengenezaji wa mchanganyiko\" class=\"wp-image-934\" title=\"\" srcset=\"https:\/\/taizynut.com\/wp-content\/uploads\/2025\/01\/cooking-kettle-with-mixer-manufacturer.webp 720w, https:\/\/taizynut.com\/wp-content\/uploads\/2025\/01\/cooking-kettle-with-mixer-manufacturer-300x225.webp 300w, https:\/\/taizynut.com\/wp-content\/uploads\/2025\/01\/cooking-kettle-with-mixer-manufacturer-16x12.webp 16w\" sizes=\"auto, (max-width: 720px) 100vw, 720px\" \/><figcaption class=\"wp-element-caption\">kettle ya kupikia na mtengenezaji wa mchanganyiko<\/figcaption><\/figure> <\/div>","protected":false},"excerpt":{"rendered":"<p>Bia hii iliyotiwa koti inapasha joto na kuchochea vifaa mbalimbali, kama vile kuweka, jamu, sharubati, n.k. kwa umeme, gesi au mvuke. Uwezo wake ni kati ya 100L-1000L.<\/p>","protected":false},"author":1,"featured_media":918,"parent":0,"template":"","tags":[44],"product-type":[],"class_list":["post-917","product","type-product","status-publish","has-post-thumbnail","hentry","tag-peanut-brittle"],"_links":{"self":[{"href":"https:\/\/taizynut.com\/sw\/wp-json\/wp\/v2\/product\/917","targetHints":{"allow":["GET"]}}],"collection":[{"href":"https:\/\/taizynut.com\/sw\/wp-json\/wp\/v2\/product"}],"about":[{"href":"https:\/\/taizynut.com\/sw\/wp-json\/wp\/v2\/types\/product"}],"author":[{"embeddable":true,"href":"https:\/\/taizynut.com\/sw\/wp-json\/wp\/v2\/users\/1"}],"wp:featuredmedia":[{"embeddable":true,"href":"https:\/\/taizynut.com\/sw\/wp-json\/wp\/v2\/media\/918"}],"wp:attachment":[{"href":"https:\/\/taizynut.com\/sw\/wp-json\/wp\/v2\/media?parent=917"}],"wp:term":[{"taxonomy":"post_tag","embeddable":true,"href":"https:\/\/taizynut.com\/sw\/wp-json\/wp\/v2\/tags?post=917"},{"taxonomy":"product-type","embeddable":true,"href":"https:\/\/taizynut.com\/sw\/wp-json\/wp\/v2\/product-type?post=917"}],"curies":[{"name":"wp","href":"https:\/\/api.w.org\/{rel}","templated":true}]}}