{"id":995,"date":"2025-10-10T13:28:15","date_gmt":"2025-10-10T05:28:15","guid":{"rendered":"https:\/\/taizynut.com\/?post_type=product&#038;p=995"},"modified":"2025-10-11T15:53:56","modified_gmt":"2025-10-11T07:53:56","slug":"peanut-powder-making-machine","status":"publish","type":"product","link":"https:\/\/taizynut.com\/sw\/product\/peanut-powder-making-machine\/","title":{"rendered":"Maskin f\u00f6r att tillverka jordn\u00f6tspulver"},"content":{"rendered":"<p>Jordn\u00f6tspulvermaskinen \u00e4r en maskin speciellt utformad f\u00f6r oljiga material. Den anv\u00e4nds brett vid bearbetning av n\u00f6tter som jordn\u00f6tter, cashewn\u00f6tter och mandlar. Den uppn\u00e5r effektiv och j\u00e4mn malning. <\/p>    <p>Taizy jordn\u00f6tspulvergrinder \u00e4r mycket effektiva, med en bearbetningshastighet p\u00e5 200-600 kg\/h. V\u00e5rt maskin erbjuder f\u00f6rdelar som enkel drift, anv\u00e4ndarv\u00e4nlighet, h\u00f6g produktion, omedelbar malning och en fet k\u00e4nsla. Om du beh\u00f6ver denna maskin, kontakta oss idag!<\/p>    <figure class=\"wp-block-embed is-type-video is-provider-youtube wp-block-embed-youtube wp-embed-aspect-16-9 wp-has-aspect-ratio\"><div class=\"wp-block-embed__wrapper\"> <iframe loading=\"lazy\" title=\"Jordn\u00f6tspulver Fr\u00e5n maskin | Jordn\u00f6tspulver Tillverkare f\u00f6r malning av jordn\u00f6tter, cashewn\u00f6tter\" width=\"500\" height=\"281\" src=\"https:\/\/www.youtube.com\/embed\/z8CU2YA5evs?feature=oembed\" frameborder=\"0\" allow=\"accelerometer; autoplay; clipboard-write; encrypted-media; gyroscope; picture-in-picture; web-share\" referrerpolicy=\"strict-origin-when-cross-origin\" allowfullscreen><\/iframe> <\/div><figcaption class=\"wp-element-caption\">Arbetsprocessen hos jordn\u00f6tspulvergrindmaskinen<\/figcaption><\/figure>    <h2 class=\"wp-block-heading\"><strong>F\u00f6rdelar med jordn\u00f6tsskalspulver Tillverkare<\/strong><\/h2>    <ul class=\"wp-block-list\"> <li>V\u00e5r jordn\u00f6tsmj\u00f6lsmalmaskin \u00e4r speciellt utformad f\u00f6r oljiga material. Dess l\u00e5ga malhastighet g\u00f6r att <strong>undviker v\u00e4rme och oljl\u00e4cka<\/strong>, bevarar den naturliga aromen hos n\u00f6tterna.<\/li>    <li>Taizy n\u00f6tmolsugningsutrustning erbjuder utm\u00e4rkt malningsprestanda, med ett tre-stegs malningssystem som s\u00e4kerst\u00e4ller j\u00e4mn krossning av n\u00f6tter <strong>upp till 30 mesh<\/strong>.<\/li>    <li>This machine&#8217;s <strong>flexibel struktur<\/strong> f\u00e5r b\u00e5de malas och pelletisering, vilket uppfyller olika produktionsbehov.<\/li>    <li>Maskinen \u00e4r tillverkad av <strong>201 rostfritt st\u00e5l<\/strong> (kan anpassas till 304 rostfritt st\u00e5l) som s\u00e4kerst\u00e4ller korrosionsbest\u00e4ndighet, slitagebest\u00e4ndighet och \u00f6verensst\u00e4mmelse med livsmedelss\u00e4kerhetsstandarder.<\/li>    <li>V\u00e5r maskin \u00e4r <strong>l\u00e4tt att anv\u00e4nda och underh\u00e5lla<\/strong>, med en enkel design och l\u00e4tt att reng\u00f6ra, vilket g\u00f6r den l\u00e4mplig f\u00f6r l\u00e5ngsiktig anv\u00e4ndning i sm\u00e5 och medelstora bearbetningsanl\u00e4ggningar.<\/li> <\/ul>   <div class=\"wp-block-image\"> <figure class=\"aligncenter size-full\"><img loading=\"lazy\" decoding=\"async\" width=\"720\" height=\"540\" src=\"https:\/\/taizynut.com\/wp-content\/uploads\/2025\/10\/peanut-powder-making-machine-1.webp\" alt=\"jordn\u00f6tspulver Tillverkare\" class=\"wp-image-1034\" title=\"\" srcset=\"https:\/\/taizynut.com\/wp-content\/uploads\/2025\/10\/peanut-powder-making-machine-1.webp 720w, https:\/\/taizynut.com\/wp-content\/uploads\/2025\/10\/peanut-powder-making-machine-1-300x225.webp 300w, https:\/\/taizynut.com\/wp-content\/uploads\/2025\/10\/peanut-powder-making-machine-1-16x12.webp 16w\" sizes=\"auto, (max-width: 720px) 100vw, 720px\" \/><figcaption class=\"wp-element-caption\">jordn\u00f6tspulver Tillverkare<\/figcaption><\/figure> <\/div>   <h2 class=\"wp-block-heading\">W<strong>Funktion och arbetsprincip f\u00f6r jordn\u00f6tssm\u00f6rstillverkare<\/strong><\/h2>    <p>Jordn\u00f6tsskalspulvermalmaskinen har en treskede design: de tv\u00e5 f\u00f6rsta stegen best\u00e5r av rullare f\u00f6r initial rivning; tredje steget \u00e4r en rullare, uppn\u00e5r finmalning genom friktion och kompression. <\/p>    <figure class=\"wp-block-gallery has-nested-images columns-default is-cropped wp-block-gallery-2 is-layout-flex wp-block-gallery-is-layout-flex\"> <figure class=\"wp-block-image size-full\"><img loading=\"lazy\" decoding=\"async\" width=\"540\" height=\"720\" data-id=\"1035\" src=\"https:\/\/taizynut.com\/wp-content\/uploads\/2025\/10\/groundnut-powder-grinding-equipment-1.webp\" alt=\"jordn\u00f6tspulverkrossningsutrustning\" class=\"wp-image-1035\" title=\"\" srcset=\"https:\/\/taizynut.com\/wp-content\/uploads\/2025\/10\/groundnut-powder-grinding-equipment-1.webp 540w, https:\/\/taizynut.com\/wp-content\/uploads\/2025\/10\/groundnut-powder-grinding-equipment-1-225x300.webp 225w, https:\/\/taizynut.com\/wp-content\/uploads\/2025\/10\/groundnut-powder-grinding-equipment-1-9x12.webp 9w\" sizes=\"auto, (max-width: 540px) 100vw, 540px\" \/><figcaption class=\"wp-element-caption\">Jordn\u00f6tsskalspulver Malutrustning<\/figcaption><\/figure>    <figure class=\"wp-block-image size-full\"><img loading=\"lazy\" decoding=\"async\" width=\"540\" height=\"720\" data-id=\"1036\" src=\"https:\/\/taizynut.com\/wp-content\/uploads\/2025\/10\/803c4a60abee99a2cc7c5b458082d10-tuya_\u7ed3\u679c.webp\" alt=\"jordn\u00f6tspulverkvarn\" class=\"wp-image-1036\" title=\"\" srcset=\"https:\/\/taizynut.com\/wp-content\/uploads\/2025\/10\/803c4a60abee99a2cc7c5b458082d10-tuya_\u7ed3\u679c.webp 540w, https:\/\/taizynut.com\/wp-content\/uploads\/2025\/10\/803c4a60abee99a2cc7c5b458082d10-tuya_\u7ed3\u679c-225x300.webp 225w, https:\/\/taizynut.com\/wp-content\/uploads\/2025\/10\/803c4a60abee99a2cc7c5b458082d10-tuya_\u7ed3\u679c-9x12.webp 9w\" sizes=\"auto, (max-width: 540px) 100vw, 540px\" \/><figcaption class=\"wp-element-caption\">Jordn\u00f6tspulvergrindmaskin<\/figcaption><\/figure>    <figure class=\"wp-block-image size-full\"><img loading=\"lazy\" decoding=\"async\" width=\"540\" height=\"720\" data-id=\"1037\" src=\"https:\/\/taizynut.com\/wp-content\/uploads\/2025\/10\/roller-shaft-of-groundnut-powder-grinding-machine-1.webp\" alt=\"tr\u00e5drulleaxel f\u00f6r jordn\u00f6tspulverkrossningsmaskin\" class=\"wp-image-1037\" title=\"\" srcset=\"https:\/\/taizynut.com\/wp-content\/uploads\/2025\/10\/roller-shaft-of-groundnut-powder-grinding-machine-1.webp 540w, https:\/\/taizynut.com\/wp-content\/uploads\/2025\/10\/roller-shaft-of-groundnut-powder-grinding-machine-1-225x300.webp 225w, https:\/\/taizynut.com\/wp-content\/uploads\/2025\/10\/roller-shaft-of-groundnut-powder-grinding-machine-1-9x12.webp 9w\" sizes=\"auto, (max-width: 540px) 100vw, 540px\" \/><figcaption class=\"wp-element-caption\">Rullaxel Av Jordn\u00f6tspulver Malmaskin<\/figcaption><\/figure> <\/figure>    <p>Vanligtvis kan jordn\u00f6tspulverutmalaren mala materialet till ungef\u00e4r 30 mesh. F\u00f6r jordn\u00f6tssmulor eller korn kan endast de tv\u00e5 f\u00f6rsta stegen anv\u00e4ndas. De resulterande partiklarna \u00e4r ungef\u00e4r 2 mm eller st\u00f6rre, med en fyrkantig, vinkelremsa form.<\/p>    <h2 class=\"wp-block-heading\"><strong>Struktur av jordn\u00f6tspulvermalare<\/strong><\/h2>    <p>Jordn\u00f6tspulvergrindmaskinen har en kompakt \u00f6vergripande struktur och en rimlig layout. Den best\u00e5r huvudsakligen av inmatningsport, malningssystem, utmatningsport, justerbar handtag och en rostfri ram.<\/p>   <div class=\"wp-block-image\"> <figure class=\"aligncenter size-full\"><img loading=\"lazy\" decoding=\"async\" width=\"720\" height=\"540\" src=\"https:\/\/taizynut.com\/wp-content\/uploads\/2025\/10\/groundnut-powder-grinding-machine-1.webp\" alt=\"struktur av jordn\u00f6tspulverkrossningsmaskin\" class=\"wp-image-1032\" title=\"\" srcset=\"https:\/\/taizynut.com\/wp-content\/uploads\/2025\/10\/groundnut-powder-grinding-machine-1.webp 720w, https:\/\/taizynut.com\/wp-content\/uploads\/2025\/10\/groundnut-powder-grinding-machine-1-300x225.webp 300w, https:\/\/taizynut.com\/wp-content\/uploads\/2025\/10\/groundnut-powder-grinding-machine-1-16x12.webp 16w\" sizes=\"auto, (max-width: 720px) 100vw, 720px\" \/><figcaption class=\"wp-element-caption\">struktur av jordn\u00f6tspulverkrossningsmaskin<\/figcaption><\/figure> <\/div>   <h2 class=\"wp-block-heading\"><strong>Anv\u00e4ndning av n\u00f6tpulvergrindmaskin<\/strong><\/h2>    <p>Jordn\u00f6tspulver Tillverkaren \u00e4r l\u00e4mplig f\u00f6r malning av olika oljiga n\u00f6tter och korn, s\u00e5som jordn\u00f6tter, cashewn\u00f6tter, mandlar, valn\u00f6tter, hasseln\u00f6tter, pinje- och pistagen\u00f6tter.<\/p>   <div class=\"wp-block-image\"> <figure class=\"aligncenter size-full\"><img loading=\"lazy\" decoding=\"async\" width=\"720\" height=\"540\" src=\"https:\/\/taizynut.com\/wp-content\/uploads\/2025\/10\/application-of-groundnut-powder-grinder-1.webp\" alt=\"till\u00e4mpning av jordn\u00f6tsskalpudlar\" class=\"wp-image-1038\" title=\"\" srcset=\"https:\/\/taizynut.com\/wp-content\/uploads\/2025\/10\/application-of-groundnut-powder-grinder-1.webp 720w, https:\/\/taizynut.com\/wp-content\/uploads\/2025\/10\/application-of-groundnut-powder-grinder-1-300x225.webp 300w, https:\/\/taizynut.com\/wp-content\/uploads\/2025\/10\/application-of-groundnut-powder-grinder-1-16x12.webp 16w\" sizes=\"auto, (max-width: 720px) 100vw, 720px\" \/><figcaption class=\"wp-element-caption\">till\u00e4mpning av jordn\u00f6tsskalpudlar<\/figcaption><\/figure> <\/div>   <p>Utrustningen kan producera pulver eller korn av varierande finhet och anv\u00e4nds allm\u00e4nt i livsmedelsbearbetningsanl\u00e4ggningar, n\u00f6tproduktfabriker, jordn\u00f6tssm\u00f6rstillverkare, snacksstillverkare och kryddbearbetningsindustrier.<\/p>    <figure class=\"wp-block-gallery has-nested-images columns-default is-cropped wp-block-gallery-3 is-layout-flex wp-block-gallery-is-layout-flex\"> <figure class=\"wp-block-image size-full\"><img loading=\"lazy\" decoding=\"async\" width=\"720\" height=\"540\" data-id=\"1039\" src=\"https:\/\/taizynut.com\/wp-content\/uploads\/2025\/10\/finished-product-of-the-peanut-powder-grinder-1.webp\" alt=\"f\u00e4rdig produkt av jordn\u00f6tspulverkvarnen\" class=\"wp-image-1039\" title=\"\" srcset=\"https:\/\/taizynut.com\/wp-content\/uploads\/2025\/10\/finished-product-of-the-peanut-powder-grinder-1.webp 720w, https:\/\/taizynut.com\/wp-content\/uploads\/2025\/10\/finished-product-of-the-peanut-powder-grinder-1-300x225.webp 300w, https:\/\/taizynut.com\/wp-content\/uploads\/2025\/10\/finished-product-of-the-peanut-powder-grinder-1-16x12.webp 16w\" sizes=\"auto, (max-width: 720px) 100vw, 720px\" \/><figcaption class=\"wp-element-caption\">F\u00e4rdig produkt av jordn\u00f6tspulvergrindaren<\/figcaption><\/figure>    <figure class=\"wp-block-image size-full\"><img loading=\"lazy\" decoding=\"async\" width=\"720\" height=\"540\" data-id=\"1040\" src=\"https:\/\/taizynut.com\/wp-content\/uploads\/2025\/10\/finished-product-of-the-peanut-powder-grinding-machiner-1.webp\" alt=\"f\u00e4rdig produkt av jordn\u00f6tspulverkvarnen\" class=\"wp-image-1040\" title=\"\" srcset=\"https:\/\/taizynut.com\/wp-content\/uploads\/2025\/10\/finished-product-of-the-peanut-powder-grinding-machiner-1.webp 720w, https:\/\/taizynut.com\/wp-content\/uploads\/2025\/10\/finished-product-of-the-peanut-powder-grinding-machiner-1-300x225.webp 300w, https:\/\/taizynut.com\/wp-content\/uploads\/2025\/10\/finished-product-of-the-peanut-powder-grinding-machiner-1-16x12.webp 16w\" sizes=\"auto, (max-width: 720px) 100vw, 720px\" \/><figcaption class=\"wp-element-caption\">F\u00e4rdig produkt av jordn\u00f6tspulvergrindmaskinen<\/figcaption><\/figure> <\/figure>    <h2 class=\"wp-block-heading\"><strong>Parametrar f\u00f6r jordn\u00f6tsskalspulver Tillverkare<\/strong><\/h2>    <p>De specifika parametrarna f\u00f6r jordn\u00f6tspulver Tillverkare \u00e4r f\u00f6ljande:<\/p>    <figure class=\"wp-block-table\"><table><tbody><tr><td>Band<\/td><td>Taizy<\/td><\/tr><tr><td>Uwezo<\/td><td>200-600kg\/h<\/td><\/tr><tr><td>Maombi<\/td><td>Jordn\u00f6tter, cashewn\u00f6tter, mandlar, valn\u00f6tter, etc.<\/td><\/tr><tr><td>Nguvu<\/td><td>3kw<\/td><\/tr><tr><td>Voltage<\/td><td>380V<\/td><\/tr><tr><td>Mzunguko<\/td><td>50HZ<\/td><\/tr><tr><td>Ukubwa wa mashine<\/td><td>1200*1050*1400mm<\/td><\/tr><tr><td>Nyenzo za mashine<\/td><td>201-st\u00e5l (kan anpassas till 304-st\u00e5l)<\/td><\/tr><\/tbody><\/table><figcaption class=\"wp-element-caption\">parametrar f\u00f6r jordn\u00f6tspulvergrindmaskinen<\/figcaption><\/figure>    <h2 class=\"wp-block-heading\"><strong>Pris p\u00e5 kommersiell jordn\u00f6tsslipsmaskin<\/strong><\/h2>    <p>Priset p\u00e5 jordn\u00f6tspulver Tillverkare p\u00e5verkas fr\u00e4mst av en rad faktorer, inklusive maskinens storlek, produktivitet, effektkonfiguration, materialval och behov av anpassade funktioner.<\/p>    <figure class=\"wp-block-gallery has-nested-images columns-default is-cropped wp-block-gallery-4 is-layout-flex wp-block-gallery-is-layout-flex\"> <figure class=\"wp-block-image size-full\"><img loading=\"lazy\" decoding=\"async\" width=\"540\" height=\"720\" data-id=\"1041\" src=\"https:\/\/taizynut.com\/wp-content\/uploads\/2025\/10\/groundnut-powder-making-machine-1.webp\" alt=\"n\u00f6tpulvertillverkningsmaskin\" class=\"wp-image-1041\" title=\"\" srcset=\"https:\/\/taizynut.com\/wp-content\/uploads\/2025\/10\/groundnut-powder-making-machine-1.webp 540w, https:\/\/taizynut.com\/wp-content\/uploads\/2025\/10\/groundnut-powder-making-machine-1-225x300.webp 225w, https:\/\/taizynut.com\/wp-content\/uploads\/2025\/10\/groundnut-powder-making-machine-1-9x12.webp 9w\" sizes=\"auto, (max-width: 540px) 100vw, 540px\" \/><figcaption class=\"wp-element-caption\">Jordn\u00f6tsskalspulver Tillverkare<\/figcaption><\/figure>    <figure class=\"wp-block-image size-full\"><img loading=\"lazy\" decoding=\"async\" width=\"540\" height=\"720\" data-id=\"1042\" src=\"https:\/\/taizynut.com\/wp-content\/uploads\/2025\/10\/peanut-powder-grinding-equipment_\u7ed3\u679c.webp\" alt=\"jordn\u00f6tspulvertillverkningsutrustning\" class=\"wp-image-1042\" title=\"\" srcset=\"https:\/\/taizynut.com\/wp-content\/uploads\/2025\/10\/peanut-powder-grinding-equipment_\u7ed3\u679c.webp 540w, https:\/\/taizynut.com\/wp-content\/uploads\/2025\/10\/peanut-powder-grinding-equipment_\u7ed3\u679c-225x300.webp 225w, https:\/\/taizynut.com\/wp-content\/uploads\/2025\/10\/peanut-powder-grinding-equipment_\u7ed3\u679c-9x12.webp 9w\" sizes=\"auto, (max-width: 540px) 100vw, 540px\" \/><figcaption class=\"wp-element-caption\">Jordn\u00f6tspulverkrossutrustning<\/figcaption><\/figure>    <figure class=\"wp-block-image size-full\"><img loading=\"lazy\" decoding=\"async\" width=\"540\" height=\"720\" data-id=\"1043\" src=\"https:\/\/taizynut.com\/wp-content\/uploads\/2025\/10\/groundnut-powder-milling-machine-1.webp\" alt=\"jordn\u00f6tspulverkrossningsmaskin\" class=\"wp-image-1043\" title=\"\" srcset=\"https:\/\/taizynut.com\/wp-content\/uploads\/2025\/10\/groundnut-powder-milling-machine-1.webp 540w, https:\/\/taizynut.com\/wp-content\/uploads\/2025\/10\/groundnut-powder-milling-machine-1-225x300.webp 225w, https:\/\/taizynut.com\/wp-content\/uploads\/2025\/10\/groundnut-powder-milling-machine-1-9x12.webp 9w\" sizes=\"auto, (max-width: 540px) 100vw, 540px\" \/><figcaption class=\"wp-element-caption\">Jordn\u00f6tsskalspulver Malutrustning<\/figcaption><\/figure> <\/figure>    <p>Olika konfigurationer p\u00e5verkar direkt den totala kostnaden och prestandan hos n\u00f6tpulvermalmaskinen. Om du beh\u00f6ver en jordn\u00f6tspulvertillverkare, kontakta oss idag. Taizy kan tillhandah\u00e5lla dig den b\u00e4sta kvalitetsmaskinen till det mest rimliga pris baserat p\u00e5 dina specifika produktionbehov och budget.<\/p>    <h2 class=\"wp-block-heading\"><strong>Varf\u00f6r v\u00e4lja Taizy som din leverant\u00f6r?<\/strong><\/h2>    <ul class=\"wp-block-list\"> <li><strong>Rik professionell erfarenhet<\/strong>: Taizy har m\u00e5nga \u00e5rs erfarenhet av FoU och tillverkning av livsmedelsbearbetningsmaskiner och erbjuder kunder professionella och bepr\u00f6vade utrustningsl\u00f6sningar.<\/li>    <li><strong>P\u00e5litlig produktkvalitet<\/strong>: Varje jordn\u00f6tsskalare tillverkas med h\u00f6g standard och genomg\u00e5r flera tester f\u00f6re leverans f\u00f6r att s\u00e4kerst\u00e4lla stabil drift.<\/li>    <li><strong>M\u00e5ngsidig anpassning<\/strong>: Vi kan anpassa olika material och funktionella konfigurationer f\u00f6r att m\u00f6ta kundernas behov och uppfylla olika anv\u00e4ndningsscenarier fr\u00e5n sm\u00e5 verkst\u00e4der till stora fabriker.<\/li>    <li><strong>M\u00e5ngsidig maskinvarians<\/strong>: F\u00f6rutom jordn\u00f6tssm\u00f6rstillverkaren erbjuder vi ocks\u00e5 <a href=\"https:\/\/taizynut.com\/sw\/product\/small-peanut-roasting-machine-groundnut-roaster-machine\/\">mchoma karanga<\/a>, <a href=\"https:\/\/taizynut.com\/sw\/product\/dry-peanut-peeling-machine\/\">mashine ya kumenya karanga<\/a>, <a href=\"https:\/\/taizynut.com\/sw\/product\/screw-peanut-oil-press-machine\/\">mashine ya kuchapa mafuta ya karanga<\/a>, och mer.<\/li>    <li><strong>Omfattande eftermarknadsst\u00f6d<\/strong>: Taizy tillhandah\u00e5ller fullst\u00e4ndiga tekniska tj\u00e4nster, inklusive installationsanvisningar, operat\u00f6rstr\u00e4ning och fj\u00e4rrteknisk support, f\u00f6r att hj\u00e4lpa kunder att snabbt komma ig\u00e5ng med produktionen och minska underh\u00e5llskostnaderna.<\/li>    <li><strong>Kostnadseffektiva l\u00f6sningar<\/strong>: Taizy kan tillhandah\u00e5lla de mest kostnadseffektiva utrustningskombinationerna och konfigurationsrekommendationer baserat p\u00e5 kundens budget, vilket hj\u00e4lper kunderna att maximera sin avkastning p\u00e5 investeringen.<\/li> <\/ul>    <figure class=\"wp-block-gallery has-nested-images columns-default is-cropped wp-block-gallery-5 is-layout-flex wp-block-gallery-is-layout-flex\"> <figure class=\"wp-block-image size-full\"><img loading=\"lazy\" decoding=\"async\" width=\"720\" height=\"540\" data-id=\"1044\" src=\"https:\/\/taizynut.com\/wp-content\/uploads\/2025\/10\/our-company-2.webp\" alt=\"v\u00e5rt f\u00f6retag\" class=\"wp-image-1044\" title=\"\" srcset=\"https:\/\/taizynut.com\/wp-content\/uploads\/2025\/10\/our-company-2.webp 720w, https:\/\/taizynut.com\/wp-content\/uploads\/2025\/10\/our-company-2-300x225.webp 300w, https:\/\/taizynut.com\/wp-content\/uploads\/2025\/10\/our-company-2-16x12.webp 16w\" sizes=\"auto, (max-width: 720px) 100vw, 720px\" \/><figcaption class=\"wp-element-caption\">V\u00e5rt f\u00f6retag<\/figcaption><\/figure>    <figure class=\"wp-block-image size-full\"><img loading=\"lazy\" decoding=\"async\" width=\"720\" height=\"540\" data-id=\"1045\" src=\"https:\/\/taizynut.com\/wp-content\/uploads\/2025\/10\/our-customer.webp\" alt=\"v\u00e5ra kunder\" class=\"wp-image-1045\" title=\"\" srcset=\"https:\/\/taizynut.com\/wp-content\/uploads\/2025\/10\/our-customer.webp 720w, https:\/\/taizynut.com\/wp-content\/uploads\/2025\/10\/our-customer-300x225.webp 300w, https:\/\/taizynut.com\/wp-content\/uploads\/2025\/10\/our-customer-16x12.webp 16w\" sizes=\"auto, (max-width: 720px) 100vw, 720px\" \/><figcaption class=\"wp-element-caption\">V\u00e5r Kund<\/figcaption><\/figure> <\/figure>    <h2 class=\"wp-block-heading\"><strong>Hitimisho<\/strong><\/h2>    <p>Jordn\u00f6tspulvergrindare, med sin utm\u00e4rkta malningsprestanda och robusta konstruktion, har blivit en viktig del av produktionsutrustningen i n\u00f6tbearbetningsindustrin. Den hj\u00e4lper f\u00f6retag att uppn\u00e5 effektiv och fin nedmalning och s\u00e4kerst\u00e4ller \u00e4ven smaken och kvaliteten p\u00e5 deras produkter.<\/p>    <p>Att v\u00e4lja Taizy inneb\u00e4r att du v\u00e4ljer utrustning av h\u00f6g kvalitet och kompletta l\u00f6sningar, fr\u00e5n utrustningsval till eftermarknadsservice. Vi uppr\u00e4tth\u00e5ller alltid begreppet professionalitet och integritet f\u00f6r att skapa st\u00f6rre v\u00e4rde f\u00f6r v\u00e5ra kunder.<\/p>","protected":false},"excerpt":{"rendered":"<p>Denna artikel beskriver strukturen, driftsprincipen, till\u00e4mpningsomr\u00e5de och betydande f\u00f6rdelar med jordn\u00f6tspulvertillverkningsmaskinen. Denna utrustning anv\u00e4nder en trestegs malningsmekanism f\u00f6r att effektivt mala oljiga material som jordn\u00f6tter, cashewn\u00f6tter och mandlar till ett fint, enhetligt pulver. Dess utg\u00e5ng \u00e4r 200-600 kg\/h. Maskinen \u00e4r konstruerad av 201 rostfritt st\u00e5l och 304 rostfritt st\u00e5l kan anpassas p\u00e5 beg\u00e4ran.<\/p>","protected":false},"author":1,"featured_media":1033,"parent":0,"template":"","tags":[61,45],"product-type":[27],"class_list":["post-995","product","type-product","status-publish","has-post-thumbnail","hentry","tag-nut","tag-peanut","product-type-peanut-kernel-processing"],"_links":{"self":[{"href":"https:\/\/taizynut.com\/sw\/wp-json\/wp\/v2\/product\/995","targetHints":{"allow":["GET"]}}],"collection":[{"href":"https:\/\/taizynut.com\/sw\/wp-json\/wp\/v2\/product"}],"about":[{"href":"https:\/\/taizynut.com\/sw\/wp-json\/wp\/v2\/types\/product"}],"author":[{"embeddable":true,"href":"https:\/\/taizynut.com\/sw\/wp-json\/wp\/v2\/users\/1"}],"wp:featuredmedia":[{"embeddable":true,"href":"https:\/\/taizynut.com\/sw\/wp-json\/wp\/v2\/media\/1033"}],"wp:attachment":[{"href":"https:\/\/taizynut.com\/sw\/wp-json\/wp\/v2\/media?parent=995"}],"wp:term":[{"taxonomy":"post_tag","embeddable":true,"href":"https:\/\/taizynut.com\/sw\/wp-json\/wp\/v2\/tags?post=995"},{"taxonomy":"product-type","embeddable":true,"href":"https:\/\/taizynut.com\/sw\/wp-json\/wp\/v2\/product-type?post=995"}],"curies":[{"name":"wp","href":"https:\/\/api.w.org\/{rel}","templated":true}]}}